{"id":4226,"date":"2024-09-22T06:41:05","date_gmt":"2024-09-22T06:41:05","guid":{"rendered":"https:\/\/legitgrams.com\/?post_type=product&#038;p=4226"},"modified":"2025-04-03T08:58:31","modified_gmt":"2025-04-03T08:58:31","slug":"metizolam-en-poudre","status":"publish","type":"product","link":"https:\/\/legitgrams.com\/fr\/produit\/metizolam-en-poudre\/","title":{"rendered":"Acheter Metizolam en poudre en ligne"},"content":{"rendered":"<h2>Acheter du M\u00e9tizolam en poudre en ligne<\/h2>\n<p>Dandy Drugs produit et distribue dans le monde entier les principes actifs pharmaceutiques, les principes actifs, les interm\u00e9diaires, le DMF, les dossiers de la FDA et des \u00c9tats-Unis, la documentation et la certification de la poudre d'\u00e9tizolam. Nous proposons l'achat de sources d'approvisionnement de premier ordre, avec les packages techniques correspondants, conform\u00e9ment aux normes de commercialisation ou de RND\/d\u00e9veloppement. Distributeur d'\u00e9tizolam en Chine. Fabricants d'\u00e9tizolam. Achat de poudre d'\u00e9tizolam. Fournisseurs de poudre d'\u00e9tizolam. <a href=\"https:\/\/www.bing.com\/search?q=Acheterdelapoudredemtizolamenligne&amp;qs=n&amp;form=QBRE&amp;sp=-1&amp;lq=0&amp;pq=acheterdelapoudredemtizolamenligne&amp;sc=0-42&amp;sk=&amp;cvid=223472B677FE49CD816100F4B01EC2EC&amp;ghsh=0&amp;ghacc=0&amp;ghpl=\">powdered Metizolam in bulk<\/a>.<\/p>\n<p>Nos produits sont des ingr\u00e9dients pharmaceutiques actifs utilis\u00e9s dans l\u2019industrie pharmaceutique et sont fabriqu\u00e9s dans une usine conforme aux normes cGMP. Pour plus de d\u00e9tails, y compris le statut DMF actuel du produit, veuillez nous contacter. Nous sommes impatients de travailler avec vous sur des projets de recherche et d\u00e9veloppement.<\/p>\n<p><a href=\"https:\/\/www.google.com\/search?q=Acheter+de+la+poudre+de+mtizolam+en+ligne&amp;sca_esv=eddefdb7b92e7545&amp;sxsrf=AHTn8zqqvIwDoHYwzP_f7hvc1ojqsbuJxw1743671548698&amp;ei=_FDuZ_OuKv-r0PEPtqD1yAU&amp;ved=0ahUKEwjznI_awruMAxX_FTQIHTZQHVkQ4dUDCBA&amp;uact=5&amp;oq=Acheter+de+la+poudre+de+mtizolam+en+ligne&amp;gs_lp=Egxnd3Mtd2l6LXNlcnAiK0FjaGV0ZXIgZGUgbGEgcG91ZHJlIGRlIG3DqXRpem9sYW0gZW4gbGlnbmVIzwRQAFgAcAB4AZABAJgBAKABAKoBALgBA8gBAPgBAvgBAZgCAKACAJgDAJIHAKAHALIHALgHAA&amp;sclient=gws-wiz-serp\">M\u00e9tizolam<\/a> est un analogue de benzodiaz\u00e9pine commercialis\u00e9 sous le nom d'\u00e9tizolam, \u00e9galement connu sous le nom de m\u00e9tilaam, m\u00e9tizola, Sedekopan, <a href=\"https:\/\/duckduckgo.com\/?q=Buy+Metizolam+Powder+Online&amp;t=h_&amp;ia=web\">metizest<\/a>Le Pasaden, ou Depas, est un analogue d'une benzodiaz\u00e9pine. Une benzodiaz\u00e9pine n'est pas la m\u00eame chose que cette substance. Le cycle triazole ayant fusionn\u00e9 et le cycle thioph\u00e8ne ayant remplac\u00e9 le cycle benz\u00e9nique, le m\u00e9dicament est d\u00e9sormais une thi\u00e9notriazolodiaz\u00e9pine. Il poss\u00e8de des propri\u00e9t\u00e9s myorelaxantes, hypnotiques, s\u00e9datives, anticonvulsivantes, amn\u00e9siques et anxiolytiques.<\/p>\n<h3>Pourquoi nous?<\/h3>\n<p>Une source fiable Apr\u00e8s la production et les tests visant \u00e0 assurer la tra\u00e7abilit\u00e9 des mesures, les mat\u00e9riaux conformes aux normes ISO17025 et Guide 34 sont examin\u00e9s sur des \u00e9quipements certifi\u00e9s utilisant des m\u00e9thodes d'analyse autoris\u00e9es. produit cr\u00e9\u00e9 pour des applications m\u00e9dico-l\u00e9gales et de recherche.<\/p>\n<p>Dandy Drugs est une soci\u00e9t\u00e9 pharmaceutique indienne qui entretient des relations directes avec des fournisseurs chinois et d\u2019autres soci\u00e9t\u00e9s indiennes. Nous ne fournissons que les meilleurs produits \u00e0 nos clients. La m\u00eame chose \u00e0 laquelle nous sommes habitu\u00e9s lorsque nous faisons un achat.<\/p>\n<p>Chaque produit est de la plus haute qualit\u00e9 et nous demandons \u00e0 tous nos clients de proc\u00e9der \u00e0 un GC\/MS de leurs achats pour garantir l'exactitude et l'authenticit\u00e9. La satisfaction de nos clients et la garantie qu'ils re\u00e7oivent ce qui leur a \u00e9t\u00e9 promis sont nos principales priorit\u00e9s.s<\/p>\n<p>La survie de notre <a href=\"https:\/\/legitgrams.com\/fr\/\">company<\/a> Cela d\u00e9pend de notre capacit\u00e9 \u00e0 finaliser votre transaction dans les d\u00e9lais impartis. Notre objectif est de toujours r\u00e9soudre les probl\u00e8mes et de vous offrir la meilleure qualit\u00e9 au meilleur prix.<\/p>\n<p>La survie de notre entreprise d\u00e9pend de notre capacit\u00e9 \u00e0 mener \u00e0 bien votre transaction dans les d\u00e9lais impartis. Notre objectif est de toujours r\u00e9soudre les probl\u00e8mes et de vous offrir la meilleure qualit\u00e9 au prix le plus abordable.<\/p>\n<p>As soon as your product ships, you will obtain tracking numbers so you can keep tabs on its progress. <a href=\"https:\/\/legitgrams.com\/fr\/produit\/metizolam-en-poudre\/\">Acquire etizolam powder<\/a> Si vous cherchez de la poudre d'\u00e9tizolam en ligne, ainsi que ses analogues, rendez-vous chez Dandy Drugs. La poudre d'\u00e9tizolam peut \u00eatre command\u00e9e par courrier, facilement et en toute s\u00e9curit\u00e9. Nous proposons une plateforme en ligne conviviale o\u00f9 vous pouvez vous procurer de la poudre d'\u00e9tizolam \u00e0 prix de gros aupr\u00e8s de fournisseurs et de fabricants en Chine et en Inde. Nous sommes experts en exp\u00e9ditions discr\u00e8tes et discr\u00e8tes vers les \u00c9tats-Unis, le Canada, le Royaume-Uni, l'Australie et d'autres pays. Veuillez vous assurer de bien comprendre les applications, les effets ind\u00e9sirables et les \u00e9ventuelles cons\u00e9quences juridiques de l'achat d'\u00e9tizolam avant de commander de la poudre en ligne dans votre \u00c9tat sans ordonnance. Nous jouissons d'une solide r\u00e9putation en tant que fournisseur de produits chimiques de recherche. Chat en direct disponible 24h\/24 et 7j\/7. En cas de doute, n'h\u00e9sitez pas \u00e0 nous contacter. De nombreuses options de paiement sont disponibles pour r\u00e9pondre \u00e0 vos besoins.<\/p>\n<h3>Commander du metizolam en poudre en ligne.<\/h3>\n<p>L'\u00e9tizolam, \u00e9galement connu sous le nom de Desm\u00e9thyl\u00e9tizolam, est un m\u00e9dicament d\u00e9pressif et psychoactif de la classe chimique des thi\u00e9no diaz\u00e9pines synth\u00e9tiques. Il est cens\u00e9 produire des effets similaires \u00e0 ceux de l'\u00e9tizolam, tels que la d\u00e9sinhibition, la somnolence, la dissimulation de la m\u00e9moire, la dissimulation des d\u00e9sagr\u00e9ments et le repos musculaire. Par rapport \u00e0 l'\u00e9tizolam, il est deux fois moins intense et sa demi-vie est plus longue de 60%.<\/p>\n<p>Metizolam was granted a prescription by a Japanese organization in 1995 to treat anxiety. Apart from that, no human use is known to have occurred until September 2015, when internet retailers delivered it as an unclear situation study material.<\/p>\n<p>L'\u00e9tizolam est un membre de base de la famille des benzodiaz\u00e9pines. L'\u00e9tizolam, \u00e9galement connu sous le nom de Depas, Etizolam et Etilaam, est un membre de base de la famille des benzodiaz\u00e9pines qui est couramment commercialis\u00e9. Bien que l'on ne sache pas grand-chose sur ce produit de recherche, plusieurs \u00e9tudes sugg\u00e8rent qu'il poss\u00e8de des propri\u00e9t\u00e9s calmantes, relaxantes pour les muscles squelettiques, s\u00e9duisantes, anxiolytiques et anticonvulsivantes.<\/p>\n<p>L'\u00e9tizolam est facilement disponible \u00e0 l'achat en ligne sous forme de comprim\u00e9s, de g\u00e9lules et de poudre. \u00c9tant donn\u00e9 qu'il peut \u00eatre facilement achet\u00e9 en ligne \u00e0 moindre co\u00fbt, il pr\u00e9sente un grand potentiel d'utilisation s\u00e9v\u00e8re \u00e0 la place des benzodiaz\u00e9pines prescrites. \u00c0 l'heure actuelle, la r\u00e9daction logique exige une compr\u00e9hension fondamentale du m\u00e9tizolam, comme sa recherche pr\u00e9cise et la fa\u00e7on dont le m\u00e9dicament se disperse et est m\u00e9tabolis\u00e9 dans l'organisme. Bien que les groupes de trafiquants aient accumul\u00e9 cette substance, elle n'a aujourd'hui de statut l\u00e9gal qu'au Royaume-Uni, en Su\u00e8de et au Canada, o\u00f9 il est ill\u00e9gal de la produire ou de la fournir. <a href=\"https:\/\/legitgrams.com\/fr\/\">LegitGrams<\/a><\/p>\n<p>L'\u00e9tizolam a d'abord \u00e9t\u00e9 pr\u00e9sent\u00e9 par une soci\u00e9t\u00e9 japonaise comme un rival des m\u00e9dicaments anxiolytiques, mais on ne sait pas grand-chose de cette substance de recherche. N\u00e9anmoins, quelques \u00e9tudes cliniques soutiennent l'id\u00e9e que la m\u00e9thamph\u00e9tamine fonctionne comme un relaxant musculaire, un narcotique et un d\u00e9presseur.<\/p>\n<p>Un anneau de thioph\u00e8ne est entrelac\u00e9 avec un anneau de diaz\u00e9pine pour former <a href=\"https:\/\/en.wikipedia.org\/wiki\/Metizolam\">m\u00e9tizolam<\/a>. M\u00eame si son anneau triazole ne contient pas actuellement de base m\u00e9thyle, ce qui le diff\u00e9rencie essentiellement de son compos\u00e9 per\u00e7u, l'\u00e9tizolam, les deux ont une forme de base similaire, ce qui sugg\u00e8re que le m\u00e9tizolam a une capacit\u00e9 similaire \u00e0 influencer les performances intellectuelles en plus d'aider les patients souffrant d'un manque de sommeil. Afin de d\u00e9terminer la r\u00e9ponse pr\u00e9cise, les experts et les chercheurs doivent examiner le r\u00f4le du metizolam dans le manque de l'oppos\u00e9 du sommeil. Les laboratoires d'examen devraient acheter des poudres de prison de haute qualit\u00e9 en ligne sur des sites web consid\u00e9r\u00e9s comme des vendeurs de compos\u00e9s afin d'obtenir leurs substances synth\u00e9tiques ridicules de premi\u00e8re qualit\u00e9, le metizolam et l'etizolam. Cela pourrait les aider \u00e0 d\u00e9terminer l'ad\u00e9quation et \u00e0 comprendre comment les deux m\u00e9langes affectent les personnes priv\u00e9es de sommeil.<\/p>\n<p>Achat de Metizolam en ligne - Achat de poudre, Achat de Metizolam en ligne USA, Achat de Metizolam en ligne USA, Metizolam en poudre \u00e0 vendre, Achat de Metizolam en poudre pr\u00e8s de chez moi, Achat de Metizolam en ligne, Achat de Metizolam en ligne, Achat de Metizolam en ligne, USA, Canada, UK, Achat, en ligne, Fournisseurs, Livraison s\u00e9curis\u00e9e, Il y a encore du Metizolam en poudre de disponible. Le metizolam en poudre est-il autoris\u00e9 aux \u00c9tats-Unis, o\u00f9 acheter du metizolam en poudre, comment passer une commande de metizolam en poudre et s'il est autoris\u00e9 au Canada.<\/p>","protected":false},"excerpt":{"rendered":"<p>Purchase Powdered Metizolam Online API, active pharmaceutical ingredients, intermediates, DMF, FDA, US Drug Master Files, documentation, and certification for etizolam powder are all produced and supplied globally by Dandy Drugs. We offer to purchase top-notch sources with corresponding technical packages in accordance with commercialization or RND\/Development standards. Etizolam distributor from China. manufacturers of etizolam. Purchase &hellip;<\/p>\n<p class=\"read-more\"> <a class=\"\" href=\"https:\/\/legitgrams.com\/fr\/produit\/metizolam-en-poudre\/\"> <span class=\"screen-reader-text\">Acheter Metizolam en poudre en ligne<\/span> Lire la suite \"<\/a><\/p>","protected":false},"featured_media":5291,"comment_status":"open","ping_status":"closed","template":"","meta":{"_uag_custom_page_level_css":"","site-sidebar-layout":"default","site-content-layout":"default","ast-global-header-display":"","ast-main-header-display":"","ast-hfb-above-header-display":"","ast-hfb-below-header-display":"","ast-hfb-mobile-header-display":"","site-post-title":"","ast-breadcrumbs-content":"","ast-featured-img":"","footer-sml-layout":"","theme-transparent-header-meta":"default","adv-header-id-meta":"","stick-header-meta":"default","header-above-stick-meta":"","header-main-stick-meta":"","header-below-stick-meta":"","_joinchat":[]},"product_brand":[],"product_cat":[600],"product_tag":[1819,1809,617,1801,1816,1813,1808,1800,1803,1811,1804,1802,1814,1821,1822,1820,1812,1817,1806,1818,1815,625,1807,1810,1805],"class_list":{"0":"post-4226","1":"product","2":"type-product","3":"status-publish","4":"has-post-thumbnail","6":"product_cat-research-chemicals-and-bath-salt","7":"product_tag-best-cheap-price-metizolam-powder","8":"product_tag-best-place-to-buy-metizolam-powder","9":"product_tag-bulk-online","10":"product_tag-buy-metizolam-powder","11":"product_tag-cheap-metizolam-powder","12":"product_tag-high-quality-metizolam-powder","13":"product_tag-how-to-buy-metizolam-powder","14":"product_tag-metizolam-powder","15":"product_tag-metizolam-powder-for-sale","16":"product_tag-metizolam-powder-legally","17":"product_tag-metizolam-powder-metizolam-powder-supplier","18":"product_tag-metizolam-powder-online","19":"product_tag-metizolam-powder-store","20":"product_tag-metizolam-powder-use","21":"product_tag-metizolam-powder-wiki","22":"product_tag-metizolam-powder-worldwide","23":"product_tag-metizolam-powderprice","24":"product_tag-metizolam-powders","25":"product_tag-order-metizolam-powder","26":"product_tag-purcharse-metizolam-powder","27":"product_tag-shop-metizolam-powder","28":"product_tag-top-quality","29":"product_tag-where-to-buy-metizolam-powder","30":"product_tag-where-to-order-metizolam-powder","31":"product_tag-wholesale-metizolam-powder","32":"desktop-align-left","33":"tablet-align-left","34":"mobile-align-left","35":"ast-product-gallery-layout-horizontal","36":"ast-product-gallery-with-no-image","37":"ast-product-single-variable","38":"ast-product-tabs-layout-horizontal","39":"ast-qv-on-image","41":"first","42":"instock","43":"shipping-taxable","44":"purchasable","45":"product-type-variable"},"yoast_head":"<!-- This site is optimized with the Yoast SEO plugin v25.9 - https:\/\/yoast.com\/wordpress\/plugins\/seo\/ -->\n<title>Metizolam Powder for Sale - Buy Metizolam Powder Online | LG<\/title>\n<meta name=\"description\" content=\"Looking to buy Metizolam Powder online at a reasonable price? Visit our reputable Legitgrams online store and get Metizolam Powder for sale today. Place an order now!\" \/>\n<meta name=\"robots\" content=\"index, follow, max-snippet:-1, max-image-preview:large, max-video-preview:-1\" \/>\n<link rel=\"canonical\" href=\"https:\/\/legitgrams.com\/fr\/produit\/metizolam-en-poudre\/\" \/>\n<meta property=\"og:locale\" content=\"fr_FR\" \/>\n<meta property=\"og:type\" content=\"article\" \/>\n<meta property=\"og:title\" content=\"Metizolam Powder for Sale - Buy Metizolam Powder Online | LG\" \/>\n<meta property=\"og:description\" content=\"Looking to buy Metizolam Powder online at a reasonable price? Visit our reputable Legitgrams online store and get Metizolam Powder for sale today. Place an order now!\" \/>\n<meta property=\"og:url\" content=\"https:\/\/legitgrams.com\/fr\/produit\/metizolam-en-poudre\/\" \/>\n<meta property=\"og:site_name\" content=\"Legit Grams\" \/>\n<meta property=\"article:modified_time\" content=\"2025-04-03T08:58:31+00:00\" \/>\n<meta property=\"og:image\" content=\"https:\/\/legitgrams.com\/wp-content\/uploads\/2024\/09\/buy-metizolam-powder-online-1.jpg\" \/>\n\t<meta property=\"og:image:width\" content=\"600\" \/>\n\t<meta property=\"og:image:height\" content=\"600\" \/>\n\t<meta property=\"og:image:type\" content=\"image\/jpeg\" \/>\n<meta name=\"twitter:card\" content=\"summary_large_image\" \/>\n<meta name=\"twitter:label1\" content=\"Dur\u00e9e de lecture est.\" \/>\n\t<meta name=\"twitter:data1\" content=\"5 minutes\" \/>\n<script type=\"application\/ld+json\" class=\"yoast-schema-graph\">{\"@context\":\"https:\/\/schema.org\",\"@graph\":[{\"@type\":\"WebPage\",\"@id\":\"https:\/\/legitgrams.com\/product\/metizolam-powder\/\",\"url\":\"https:\/\/legitgrams.com\/product\/metizolam-powder\/\",\"name\":\"Metizolam Powder for Sale - Buy Metizolam Powder Online | LG\",\"isPartOf\":{\"@id\":\"https:\/\/legitgrams.com\/#website\"},\"primaryImageOfPage\":{\"@id\":\"https:\/\/legitgrams.com\/product\/metizolam-powder\/#primaryimage\"},\"image\":{\"@id\":\"https:\/\/legitgrams.com\/product\/metizolam-powder\/#primaryimage\"},\"thumbnailUrl\":\"https:\/\/legitgrams.com\/wp-content\/uploads\/2024\/09\/buy-metizolam-powder-online-1.jpg\",\"datePublished\":\"2024-09-22T06:41:05+00:00\",\"dateModified\":\"2025-04-03T08:58:31+00:00\",\"description\":\"Looking to buy Metizolam Powder online at a reasonable price? Visit our reputable Legitgrams online store and get Metizolam Powder for sale today. Place an order now!\",\"breadcrumb\":{\"@id\":\"https:\/\/legitgrams.com\/product\/metizolam-powder\/#breadcrumb\"},\"inLanguage\":\"fr-BE\",\"potentialAction\":[{\"@type\":\"ReadAction\",\"target\":[\"https:\/\/legitgrams.com\/product\/metizolam-powder\/\"]}]},{\"@type\":\"ImageObject\",\"inLanguage\":\"fr-BE\",\"@id\":\"https:\/\/legitgrams.com\/product\/metizolam-powder\/#primaryimage\",\"url\":\"https:\/\/legitgrams.com\/wp-content\/uploads\/2024\/09\/buy-metizolam-powder-online-1.jpg\",\"contentUrl\":\"https:\/\/legitgrams.com\/wp-content\/uploads\/2024\/09\/buy-metizolam-powder-online-1.jpg\",\"width\":600,\"height\":600,\"caption\":\"Metizolam Powder for Sale\"},{\"@type\":\"BreadcrumbList\",\"@id\":\"https:\/\/legitgrams.com\/product\/metizolam-powder\/#breadcrumb\",\"itemListElement\":[{\"@type\":\"ListItem\",\"position\":1,\"name\":\"Home\",\"item\":\"https:\/\/legitgrams.com\/\"},{\"@type\":\"ListItem\",\"position\":2,\"name\":\"Shop\",\"item\":\"https:\/\/legitgrams.com\/shop\/\"},{\"@type\":\"ListItem\",\"position\":3,\"name\":\"Buy Metizolam Powder Online\"}]},{\"@type\":\"WebSite\",\"@id\":\"https:\/\/legitgrams.com\/#website\",\"url\":\"https:\/\/legitgrams.com\/\",\"name\":\"Legit Grams\",\"description\":\"My WordPress Blog\",\"publisher\":{\"@id\":\"https:\/\/legitgrams.com\/#organization\"},\"potentialAction\":[{\"@type\":\"SearchAction\",\"target\":{\"@type\":\"EntryPoint\",\"urlTemplate\":\"https:\/\/legitgrams.com\/?s={search_term_string}\"},\"query-input\":{\"@type\":\"PropertyValueSpecification\",\"valueRequired\":true,\"valueName\":\"search_term_string\"}}],\"inLanguage\":\"fr-BE\"},{\"@type\":\"Organization\",\"@id\":\"https:\/\/legitgrams.com\/#organization\",\"name\":\"Legit Grams\",\"url\":\"https:\/\/legitgrams.com\/\",\"logo\":{\"@type\":\"ImageObject\",\"inLanguage\":\"fr-BE\",\"@id\":\"https:\/\/legitgrams.com\/#\/schema\/logo\/image\/\",\"url\":\"https:\/\/legitgrams.com\/wp-content\/uploads\/2024\/09\/main-logo.png\",\"contentUrl\":\"https:\/\/legitgrams.com\/wp-content\/uploads\/2024\/09\/main-logo.png\",\"width\":270,\"height\":75,\"caption\":\"Legit Grams\"},\"image\":{\"@id\":\"https:\/\/legitgrams.com\/#\/schema\/logo\/image\/\"}}]}<\/script>\n<!-- \/ Yoast SEO plugin. -->","yoast_head_json":{"title":"Metizolam Powder for Sale - Buy Metizolam Powder Online | LG","description":"Vous cherchez \u00e0 acheter Metizolam Powder en ligne \u00e0 un prix raisonnable ? Visitez notre boutique en ligne r\u00e9put\u00e9e Legitgrams et obtenez Metizolam Powder pour la vente aujourd'hui. Passez votre commande maintenant !","robots":{"index":"index","follow":"follow","max-snippet":"max-snippet:-1","max-image-preview":"max-image-preview:large","max-video-preview":"max-video-preview:-1"},"canonical":"https:\/\/legitgrams.com\/fr\/produit\/metizolam-en-poudre\/","og_locale":"fr_FR","og_type":"article","og_title":"Metizolam Powder for Sale - Buy Metizolam Powder Online | LG","og_description":"Looking to buy Metizolam Powder online at a reasonable price? Visit our reputable Legitgrams online store and get Metizolam Powder for sale today. Place an order now!","og_url":"https:\/\/legitgrams.com\/fr\/produit\/metizolam-en-poudre\/","og_site_name":"Legit Grams","article_modified_time":"2025-04-03T08:58:31+00:00","og_image":[{"width":600,"height":600,"url":"https:\/\/legitgrams.com\/wp-content\/uploads\/2024\/09\/buy-metizolam-powder-online-1.jpg","type":"image\/jpeg"}],"twitter_card":"summary_large_image","twitter_misc":{"Dur\u00e9e de lecture est.":"5 minutes"},"schema":{"@context":"https:\/\/schema.org","@graph":[{"@type":"WebPage","@id":"https:\/\/legitgrams.com\/product\/metizolam-powder\/","url":"https:\/\/legitgrams.com\/product\/metizolam-powder\/","name":"Metizolam Powder for Sale - Buy Metizolam Powder Online | LG","isPartOf":{"@id":"https:\/\/legitgrams.com\/#website"},"primaryImageOfPage":{"@id":"https:\/\/legitgrams.com\/product\/metizolam-powder\/#primaryimage"},"image":{"@id":"https:\/\/legitgrams.com\/product\/metizolam-powder\/#primaryimage"},"thumbnailUrl":"https:\/\/legitgrams.com\/wp-content\/uploads\/2024\/09\/buy-metizolam-powder-online-1.jpg","datePublished":"2024-09-22T06:41:05+00:00","dateModified":"2025-04-03T08:58:31+00:00","description":"Vous cherchez \u00e0 acheter Metizolam Powder en ligne \u00e0 un prix raisonnable ? Visitez notre boutique en ligne r\u00e9put\u00e9e Legitgrams et obtenez Metizolam Powder pour la vente aujourd'hui. Passez votre commande maintenant !","breadcrumb":{"@id":"https:\/\/legitgrams.com\/product\/metizolam-powder\/#breadcrumb"},"inLanguage":"fr-BE","potentialAction":[{"@type":"ReadAction","target":["https:\/\/legitgrams.com\/product\/metizolam-powder\/"]}]},{"@type":"ImageObject","inLanguage":"fr-BE","@id":"https:\/\/legitgrams.com\/product\/metizolam-powder\/#primaryimage","url":"https:\/\/legitgrams.com\/wp-content\/uploads\/2024\/09\/buy-metizolam-powder-online-1.jpg","contentUrl":"https:\/\/legitgrams.com\/wp-content\/uploads\/2024\/09\/buy-metizolam-powder-online-1.jpg","width":600,"height":600,"caption":"Metizolam Powder for Sale"},{"@type":"BreadcrumbList","@id":"https:\/\/legitgrams.com\/product\/metizolam-powder\/#breadcrumb","itemListElement":[{"@type":"ListItem","position":1,"name":"Home","item":"https:\/\/legitgrams.com\/"},{"@type":"ListItem","position":2,"name":"Shop","item":"https:\/\/legitgrams.com\/shop\/"},{"@type":"ListItem","position":3,"name":"Buy Metizolam Powder Online"}]},{"@type":"WebSite","@id":"https:\/\/legitgrams.com\/#website","url":"https:\/\/legitgrams.com\/","name":"Les grammes l\u00e9gitimes","description":"Mon blog WordPress","publisher":{"@id":"https:\/\/legitgrams.com\/#organization"},"potentialAction":[{"@type":"SearchAction","target":{"@type":"EntryPoint","urlTemplate":"https:\/\/legitgrams.com\/?s={search_term_string}"},"query-input":{"@type":"PropertyValueSpecification","valueRequired":true,"valueName":"search_term_string"}}],"inLanguage":"fr-BE"},{"@type":"Organization","@id":"https:\/\/legitgrams.com\/#organization","name":"Les grammes l\u00e9gitimes","url":"https:\/\/legitgrams.com\/","logo":{"@type":"ImageObject","inLanguage":"fr-BE","@id":"https:\/\/legitgrams.com\/#\/schema\/logo\/image\/","url":"https:\/\/legitgrams.com\/wp-content\/uploads\/2024\/09\/main-logo.png","contentUrl":"https:\/\/legitgrams.com\/wp-content\/uploads\/2024\/09\/main-logo.png","width":270,"height":75,"caption":"Legit Grams"},"image":{"@id":"https:\/\/legitgrams.com\/#\/schema\/logo\/image\/"}}]}},"uagb_featured_image_src":{"full":["https:\/\/legitgrams.com\/wp-content\/uploads\/2024\/09\/buy-metizolam-powder-online-1.jpg",600,600,false],"thumbnail":["https:\/\/legitgrams.com\/wp-content\/uploads\/2024\/09\/buy-metizolam-powder-online-1-150x150.jpg",150,150,true],"medium":["https:\/\/legitgrams.com\/wp-content\/uploads\/2024\/09\/buy-metizolam-powder-online-1-300x300.jpg",300,300,true],"medium_large":["https:\/\/legitgrams.com\/wp-content\/uploads\/2024\/09\/buy-metizolam-powder-online-1.jpg",600,600,false],"large":["https:\/\/legitgrams.com\/wp-content\/uploads\/2024\/09\/buy-metizolam-powder-online-1.jpg",600,600,false],"1536x1536":["https:\/\/legitgrams.com\/wp-content\/uploads\/2024\/09\/buy-metizolam-powder-online-1.jpg",600,600,false],"2048x2048":["https:\/\/legitgrams.com\/wp-content\/uploads\/2024\/09\/buy-metizolam-powder-online-1.jpg",600,600,false],"trp-custom-language-flag":["https:\/\/legitgrams.com\/wp-content\/uploads\/2024\/09\/buy-metizolam-powder-online-1-12x12.jpg",12,12,true],"woocommerce_thumbnail":["https:\/\/legitgrams.com\/wp-content\/uploads\/2024\/09\/buy-metizolam-powder-online-1-300x300.jpg",300,300,true],"woocommerce_single":["https:\/\/legitgrams.com\/wp-content\/uploads\/2024\/09\/buy-metizolam-powder-online-1.jpg",600,600,false],"woocommerce_gallery_thumbnail":["https:\/\/legitgrams.com\/wp-content\/uploads\/2024\/09\/buy-metizolam-powder-online-1-100x100.jpg",100,100,true]},"uagb_author_info":{"display_name":"cokeblog18","author_link":"https:\/\/legitgrams.com\/fr\/author\/"},"uagb_comment_info":0,"uagb_excerpt":"Purchase Powdered Metizolam Online API, active pharmaceutical ingredients, intermediates, DMF, FDA, US Drug Master Files, documentation, and certification for etizolam powder are all produced and supplied globally by Dandy Drugs. We offer to purchase top-notch sources with corresponding technical packages in accordance with commercialization or RND\/Development standards. Etizolam distributor from China. manufacturers of etizolam. Purchase&hellip;","_links":{"self":[{"href":"https:\/\/legitgrams.com\/fr\/wp-json\/wp\/v2\/product\/4226","targetHints":{"allow":["GET"]}}],"collection":[{"href":"https:\/\/legitgrams.com\/fr\/wp-json\/wp\/v2\/product"}],"about":[{"href":"https:\/\/legitgrams.com\/fr\/wp-json\/wp\/v2\/types\/product"}],"replies":[{"embeddable":true,"href":"https:\/\/legitgrams.com\/fr\/wp-json\/wp\/v2\/comments?post=4226"}],"wp:featuredmedia":[{"embeddable":true,"href":"https:\/\/legitgrams.com\/fr\/wp-json\/wp\/v2\/media\/5291"}],"wp:attachment":[{"href":"https:\/\/legitgrams.com\/fr\/wp-json\/wp\/v2\/media?parent=4226"}],"wp:term":[{"taxonomy":"product_brand","embeddable":true,"href":"https:\/\/legitgrams.com\/fr\/wp-json\/wp\/v2\/product_brand?post=4226"},{"taxonomy":"product_cat","embeddable":true,"href":"https:\/\/legitgrams.com\/fr\/wp-json\/wp\/v2\/product_cat?post=4226"},{"taxonomy":"product_tag","embeddable":true,"href":"https:\/\/legitgrams.com\/fr\/wp-json\/wp\/v2\/product_tag?post=4226"}],"curies":[{"name":"wp","href":"https:\/\/api.w.org\/{rel}","templated":true}]}}