{"id":4229,"date":"2024-09-22T06:39:57","date_gmt":"2024-09-22T06:39:57","guid":{"rendered":"https:\/\/legitgrams.com\/?post_type=product&#038;p=4229"},"modified":"2025-04-03T09:21:55","modified_gmt":"2025-04-03T09:21:55","slug":"mpa-poudre-de-methiopropamine","status":"publish","type":"product","link":"https:\/\/legitgrams.com\/fr\/produit\/mpa-poudre-de-methiopropamine\/","title":{"rendered":"Acheter MPA Methiopropamine Powder en ligne"},"content":{"rendered":"<h2>Acheter de la poudre de m\u00e9thiopropamine MPA en ligne : Dosage recommand\u00e9 : 100\u2013200 mg<\/h2>\n<p><a href=\"https:\/\/www.bing.com\/search?q=Buy+MPA+Methiopropamine+Powder+Online&amp;qs=n&amp;form=QBRE&amp;sp=-1&amp;lq=0&amp;pq=buy+mpa+methiopropamine+powder+online&amp;sc=0-37&amp;sk=&amp;cvid=891999D506124B479CF955D4BA32468C&amp;ghsh=0&amp;ghacc=0&amp;ghpl=\">M\u00e9thamph\u00e9tamine<\/a> \u00e9quivalent structurel, <a href=\"https:\/\/legitgrams.com\/fr\/produit\/mpa-poudre-de-methiopropamine\/\">m\u00e9thiopropamine (MPA)<\/a>Il a \u00e9t\u00e9 identifi\u00e9 pour la premi\u00e8re fois en 1942 et est bas\u00e9 sur un anneau de thioph\u00e8ne.<\/p>\n<p>Puisqu\u2019il ne s\u2019agit ni d\u2019une amph\u00e9tamine ni d\u2019une ph\u00e9n\u00e9thylamine, ni d\u2019un \u00e9quivalent fonctionnel, il est tout \u00e0 fait l\u00e9gal.<\/p>\n<p>\u00e9chapper compl\u00e8tement \u00e0 l\u2019interdiction des m\u00e9dicaments analogues. En d\u00e9cembre 2010, l\u2019\u00ab \u00e9tude \u00bb britannique a \u00e9t\u00e9 mise \u00e0 disposition du grand public pour la premi\u00e8re fois.s<\/p>\n<p>R\u00e9cemment, la \u00ab chimie \u00bb ou \u00ab drogue l\u00e9gale \u00bb a \u00e9t\u00e9 critiqu\u00e9e. Malgr\u00e9 sa production continue, elle n\u2019est pas largement utilis\u00e9e comme stimulant \u00e0 des fins r\u00e9cr\u00e9atives. <a href=\"https:\/\/legitgrams.com\/fr\/\">LegitGrams<\/a><\/p>\n<h3>effets similaires \u00e0 ceux de la m\u00e9thamph\u00e9tamine.<\/h3>\n<p>Le meilleur site Web pour acheter des produits chimiques de recherche est Buy<a href=\"https:\/\/www.google.com\/search?q=Buy+MPA+Methiopropamine+Powder+Online&amp;num=10&amp;sca_esv=1a2a07081c7891bb&amp;rlz=1C1RXQR_enIN1098IN1098&amp;sxsrf=AHTn8zpfveWQ17g1cCZITNsWX1Fu5SEREQ%3A1741686354846&amp;ei=UgbQZ8CtM8vL1e8P6bjduQM&amp;ved=0ahUKEwjAnvaj34GMAxXLZfUHHWlcNzcQ4dUDCBA&amp;uact=5&amp;oq=Buy+MPA+Methiopropamine+Powder+Online&amp;gs_lp=Egxnd3Mtd2l6LXNlcnAiJUJ1eSBNUEEgTWV0aGlvcHJvcGFtaW5lIFBvd2RlciBPbmxpbmUyBRAhGKABMgUQIRigATIFECEYoAEyBRAhGKABSO0GUIIFWIIFcAJ4AJABAJgB3wGgAd8BqgEDMi0xuAEDyAEA-AEC-AEBmAIBoALoAZgDAIgGAZIHAzItMaAH-wM&amp;sclient=gws-wiz-serp\"> MPA M\u00e9thiopropamine en poudre pour la vente<\/a>Fournisseurs de produits chimiques de recherche, achetez des produits chimiques de recherche en Chine.<\/p>\n<p>produits chimiques, produits chimiques de recherche pour le bodybuilding, produits chimiques de recherche bon march\u00e9, produits chimiques de recherche Reddit, substances, USA,<\/p>\n<h3>Acheter des produits chimiques de recherche en ligne en Europe<\/h3>\n<p>achat <a href=\"https:\/\/en.wikipedia.org\/wiki\/Methiopropamine\">MPA m\u00e9thiopropamine<\/a> poudre en ligne \u2013 acheter de la poudre de m\u00e9thiopropamine MPA, acheter de la poudre de m\u00e9thiopropamine MPA aux \u00c9tats-Unis, acheter de la poudre de m\u00e9thiopropamine MPA en ligne aux \u00c9tats-Unis, o\u00f9 acheter de la poudre de m\u00e9thiopropamine MPA, <a href=\"https:\/\/duckduckgo.com\/?q=Acheter+de+la+poudre+de+mthiopropamine+MPA+en+ligne&amp;t=h_\">Poudre de m\u00e9thiopropamine MPA \u00e0 vendre<\/a>Poudre de m\u00e9thiopropamine MPA en vente pr\u00e8s de chez moi, achat en ligne pr\u00e8s de chez moi, o\u00f9 acheter de la poudre de m\u00e9thiopropamine MPA en ligne, poudre de m\u00e9thiopropamine MPA en vente aux \u00c9tats-Unis, au Canada et au Royaume-Uni, achat en ligne, fournisseurs, livraison s\u00e9curis\u00e9e. La poudre de m\u00e9thiopropamine MPA est toujours disponible. Est-il l\u00e9gal d'acheter de la poudre de m\u00e9thiopropamine MPA en ligne aux \u00c9tats-Unis\u00a0? Comment commander de la poudre de m\u00e9thiopropamine MPA\u00a0? La poudre de m\u00e9thiopropamine MPA est-elle l\u00e9gale au Canada\u00a0?<\/p>","protected":false},"excerpt":{"rendered":"<p>Purchase MPA Methiopropamine Powder Online : Recommended dosage: 100\u2013200 mg Methamphetamine&#8217;s structural equivalent, methiopropamine (MPA), was first identified in 1942 and is based on a thiophene ring. Since it is neither an amphetamine nor phenethylamine, nor is it a functional equivalent, it is entirely legal. evade the ban on analog drugs altogether. In December 2010, &hellip;<\/p>\n<p class=\"read-more\"> <a class=\"\" href=\"https:\/\/legitgrams.com\/fr\/produit\/mpa-poudre-de-methiopropamine\/\"> <span class=\"screen-reader-text\">Acheter MPA Methiopropamine Powder en ligne<\/span> Lire la suite \"<\/a><\/p>","protected":false},"featured_media":5293,"comment_status":"open","ping_status":"closed","template":"","meta":{"_uag_custom_page_level_css":"","site-sidebar-layout":"default","site-content-layout":"default","ast-global-header-display":"","ast-main-header-display":"","ast-hfb-above-header-display":"","ast-hfb-below-header-display":"","ast-hfb-mobile-header-display":"","site-post-title":"","ast-breadcrumbs-content":"","ast-featured-img":"","footer-sml-layout":"","theme-transparent-header-meta":"default","adv-header-id-meta":"","stick-header-meta":"default","header-above-stick-meta":"","header-main-stick-meta":"","header-below-stick-meta":"","_joinchat":[]},"product_brand":[],"product_cat":[600],"product_tag":[1888,1878,617,1870,1885,1882,1877,1869,1872,1880,1873,1871,1883,1890,1891,1889,1881,1886,1875,1887,1884,625,1876,1879,1874],"class_list":{"0":"post-4229","1":"product","2":"type-product","3":"status-publish","4":"has-post-thumbnail","6":"product_cat-research-chemicals-and-bath-salt","7":"product_tag-best-cheap-price-mpa-methiopropamine-powder","8":"product_tag-best-place-to-buy-mpa-methiopropamine-powder","9":"product_tag-bulk-online","10":"product_tag-buy-mpa-methiopropamine-powder","11":"product_tag-cheap-mpa-methiopropamine-powder","12":"product_tag-high-quality-mpa-methiopropamine-powder","13":"product_tag-how-to-buy-mpa-methiopropamine-powder","14":"product_tag-mpa-methiopropamine-powder","15":"product_tag-mpa-methiopropamine-powder-for-sale","16":"product_tag-mpa-methiopropamine-powder-legally","17":"product_tag-mpa-methiopropamine-powder-mpa-methiopropamine-powder-supplier","18":"product_tag-mpa-methiopropamine-powder-online","19":"product_tag-mpa-methiopropamine-powder-store","20":"product_tag-mpa-methiopropamine-powder-use","21":"product_tag-mpa-methiopropamine-powder-wiki","22":"product_tag-mpa-methiopropamine-powder-worldwide","23":"product_tag-mpa-methiopropamine-powderprice","24":"product_tag-mpa-methiopropamine-powders","25":"product_tag-order-mpa-methiopropamine-powder","26":"product_tag-purcharse-mpa-methiopropamine-powder","27":"product_tag-shop-mpa-methiopropamine-powder","28":"product_tag-top-quality","29":"product_tag-where-to-buy-mpa-methiopropamine-powder","30":"product_tag-where-to-order-mpa-methiopropamine-powder","31":"product_tag-wholesale-mpa-methiopropamine-powder","32":"desktop-align-left","33":"tablet-align-left","34":"mobile-align-left","35":"ast-product-gallery-layout-horizontal","36":"ast-product-gallery-with-no-image","37":"ast-product-single-variable","38":"ast-product-tabs-layout-horizontal","39":"ast-qv-on-image","41":"first","42":"instock","43":"shipping-taxable","44":"purchasable","45":"product-type-variable"},"yoast_head":"<!-- This site is optimized with the Yoast SEO plugin v25.9 - https:\/\/yoast.com\/wordpress\/plugins\/seo\/ -->\n<title>MPA Methiopropamine Powder for Sale | LegitGrams<\/title>\n<meta name=\"description\" content=\"Explore our online store for mpa methiopropamine Powder for sale, offering high-quality mpa methiopropamine Powder online securely and embark on your research journey with confidence.\" \/>\n<meta name=\"robots\" content=\"index, follow, max-snippet:-1, max-image-preview:large, max-video-preview:-1\" \/>\n<link rel=\"canonical\" href=\"https:\/\/legitgrams.com\/fr\/produit\/mpa-poudre-de-methiopropamine\/\" \/>\n<meta property=\"og:locale\" content=\"fr_FR\" \/>\n<meta property=\"og:type\" content=\"article\" \/>\n<meta property=\"og:title\" content=\"MPA Methiopropamine Powder for Sale | LegitGrams\" \/>\n<meta property=\"og:description\" content=\"Explore our online store for mpa methiopropamine Powder for sale, offering high-quality mpa methiopropamine Powder online securely and embark on your research journey with confidence.\" \/>\n<meta property=\"og:url\" content=\"https:\/\/legitgrams.com\/fr\/produit\/mpa-poudre-de-methiopropamine\/\" \/>\n<meta property=\"og:site_name\" content=\"Legit Grams\" \/>\n<meta property=\"article:modified_time\" content=\"2025-04-03T09:21:55+00:00\" \/>\n<meta property=\"og:image\" content=\"https:\/\/legitgrams.com\/wp-content\/uploads\/2024\/09\/buy-mpa-methiopropamine-powder-online.jpg\" \/>\n\t<meta property=\"og:image:width\" content=\"600\" \/>\n\t<meta property=\"og:image:height\" content=\"600\" \/>\n\t<meta property=\"og:image:type\" content=\"image\/jpeg\" \/>\n<meta name=\"twitter:card\" content=\"summary_large_image\" \/>\n<meta name=\"twitter:label1\" content=\"Dur\u00e9e de lecture est.\" \/>\n\t<meta name=\"twitter:data1\" content=\"2 minutes\" \/>\n<script type=\"application\/ld+json\" class=\"yoast-schema-graph\">{\"@context\":\"https:\/\/schema.org\",\"@graph\":[{\"@type\":\"WebPage\",\"@id\":\"https:\/\/legitgrams.com\/product\/mpa-methiopropamine-powder\/\",\"url\":\"https:\/\/legitgrams.com\/product\/mpa-methiopropamine-powder\/\",\"name\":\"MPA Methiopropamine Powder for Sale | LegitGrams\",\"isPartOf\":{\"@id\":\"https:\/\/legitgrams.com\/#website\"},\"primaryImageOfPage\":{\"@id\":\"https:\/\/legitgrams.com\/product\/mpa-methiopropamine-powder\/#primaryimage\"},\"image\":{\"@id\":\"https:\/\/legitgrams.com\/product\/mpa-methiopropamine-powder\/#primaryimage\"},\"thumbnailUrl\":\"https:\/\/legitgrams.com\/wp-content\/uploads\/2024\/09\/buy-mpa-methiopropamine-powder-online.jpg\",\"datePublished\":\"2024-09-22T06:39:57+00:00\",\"dateModified\":\"2025-04-03T09:21:55+00:00\",\"description\":\"Explore our online store for mpa methiopropamine Powder for sale, offering high-quality mpa methiopropamine Powder online securely and embark on your research journey with confidence.\",\"breadcrumb\":{\"@id\":\"https:\/\/legitgrams.com\/product\/mpa-methiopropamine-powder\/#breadcrumb\"},\"inLanguage\":\"fr-BE\",\"potentialAction\":[{\"@type\":\"ReadAction\",\"target\":[\"https:\/\/legitgrams.com\/product\/mpa-methiopropamine-powder\/\"]}]},{\"@type\":\"ImageObject\",\"inLanguage\":\"fr-BE\",\"@id\":\"https:\/\/legitgrams.com\/product\/mpa-methiopropamine-powder\/#primaryimage\",\"url\":\"https:\/\/legitgrams.com\/wp-content\/uploads\/2024\/09\/buy-mpa-methiopropamine-powder-online.jpg\",\"contentUrl\":\"https:\/\/legitgrams.com\/wp-content\/uploads\/2024\/09\/buy-mpa-methiopropamine-powder-online.jpg\",\"width\":600,\"height\":600,\"caption\":\"MPA Methiopropamine Powder for Sale\"},{\"@type\":\"BreadcrumbList\",\"@id\":\"https:\/\/legitgrams.com\/product\/mpa-methiopropamine-powder\/#breadcrumb\",\"itemListElement\":[{\"@type\":\"ListItem\",\"position\":1,\"name\":\"Home\",\"item\":\"https:\/\/legitgrams.com\/\"},{\"@type\":\"ListItem\",\"position\":2,\"name\":\"Shop\",\"item\":\"https:\/\/legitgrams.com\/shop\/\"},{\"@type\":\"ListItem\",\"position\":3,\"name\":\"Buy MPA Methiopropamine Powder Online\"}]},{\"@type\":\"WebSite\",\"@id\":\"https:\/\/legitgrams.com\/#website\",\"url\":\"https:\/\/legitgrams.com\/\",\"name\":\"Legit Grams\",\"description\":\"My WordPress Blog\",\"publisher\":{\"@id\":\"https:\/\/legitgrams.com\/#organization\"},\"potentialAction\":[{\"@type\":\"SearchAction\",\"target\":{\"@type\":\"EntryPoint\",\"urlTemplate\":\"https:\/\/legitgrams.com\/?s={search_term_string}\"},\"query-input\":{\"@type\":\"PropertyValueSpecification\",\"valueRequired\":true,\"valueName\":\"search_term_string\"}}],\"inLanguage\":\"fr-BE\"},{\"@type\":\"Organization\",\"@id\":\"https:\/\/legitgrams.com\/#organization\",\"name\":\"Legit Grams\",\"url\":\"https:\/\/legitgrams.com\/\",\"logo\":{\"@type\":\"ImageObject\",\"inLanguage\":\"fr-BE\",\"@id\":\"https:\/\/legitgrams.com\/#\/schema\/logo\/image\/\",\"url\":\"https:\/\/legitgrams.com\/wp-content\/uploads\/2024\/09\/main-logo.png\",\"contentUrl\":\"https:\/\/legitgrams.com\/wp-content\/uploads\/2024\/09\/main-logo.png\",\"width\":270,\"height\":75,\"caption\":\"Legit Grams\"},\"image\":{\"@id\":\"https:\/\/legitgrams.com\/#\/schema\/logo\/image\/\"}}]}<\/script>\n<!-- \/ Yoast SEO plugin. -->","yoast_head_json":{"title":"Poudre de m\u00e9thiopropamine MPA \u00e0 vendre | LegitGrams","description":"Explorez notre boutique en ligne de poudre de mpa m\u00e9thiopropamine \u00e0 vendre, proposant de la poudre de mpa m\u00e9thiopropamine de haute qualit\u00e9 en ligne en toute s\u00e9curit\u00e9 et lancez-vous dans votre voyage de recherche en toute confiance.","robots":{"index":"index","follow":"follow","max-snippet":"max-snippet:-1","max-image-preview":"max-image-preview:large","max-video-preview":"max-video-preview:-1"},"canonical":"https:\/\/legitgrams.com\/fr\/produit\/mpa-poudre-de-methiopropamine\/","og_locale":"fr_FR","og_type":"article","og_title":"MPA Methiopropamine Powder for Sale | LegitGrams","og_description":"Explore our online store for mpa methiopropamine Powder for sale, offering high-quality mpa methiopropamine Powder online securely and embark on your research journey with confidence.","og_url":"https:\/\/legitgrams.com\/fr\/produit\/mpa-poudre-de-methiopropamine\/","og_site_name":"Legit Grams","article_modified_time":"2025-04-03T09:21:55+00:00","og_image":[{"width":600,"height":600,"url":"https:\/\/legitgrams.com\/wp-content\/uploads\/2024\/09\/buy-mpa-methiopropamine-powder-online.jpg","type":"image\/jpeg"}],"twitter_card":"summary_large_image","twitter_misc":{"Dur\u00e9e de lecture est.":"2 minutes"},"schema":{"@context":"https:\/\/schema.org","@graph":[{"@type":"WebPage","@id":"https:\/\/legitgrams.com\/product\/mpa-methiopropamine-powder\/","url":"https:\/\/legitgrams.com\/product\/mpa-methiopropamine-powder\/","name":"Poudre de m\u00e9thiopropamine MPA \u00e0 vendre | LegitGrams","isPartOf":{"@id":"https:\/\/legitgrams.com\/#website"},"primaryImageOfPage":{"@id":"https:\/\/legitgrams.com\/product\/mpa-methiopropamine-powder\/#primaryimage"},"image":{"@id":"https:\/\/legitgrams.com\/product\/mpa-methiopropamine-powder\/#primaryimage"},"thumbnailUrl":"https:\/\/legitgrams.com\/wp-content\/uploads\/2024\/09\/buy-mpa-methiopropamine-powder-online.jpg","datePublished":"2024-09-22T06:39:57+00:00","dateModified":"2025-04-03T09:21:55+00:00","description":"Explorez notre boutique en ligne de poudre de mpa m\u00e9thiopropamine \u00e0 vendre, proposant de la poudre de mpa m\u00e9thiopropamine de haute qualit\u00e9 en ligne en toute s\u00e9curit\u00e9 et lancez-vous dans votre voyage de recherche en toute confiance.","breadcrumb":{"@id":"https:\/\/legitgrams.com\/product\/mpa-methiopropamine-powder\/#breadcrumb"},"inLanguage":"fr-BE","potentialAction":[{"@type":"ReadAction","target":["https:\/\/legitgrams.com\/product\/mpa-methiopropamine-powder\/"]}]},{"@type":"ImageObject","inLanguage":"fr-BE","@id":"https:\/\/legitgrams.com\/product\/mpa-methiopropamine-powder\/#primaryimage","url":"https:\/\/legitgrams.com\/wp-content\/uploads\/2024\/09\/buy-mpa-methiopropamine-powder-online.jpg","contentUrl":"https:\/\/legitgrams.com\/wp-content\/uploads\/2024\/09\/buy-mpa-methiopropamine-powder-online.jpg","width":600,"height":600,"caption":"MPA Methiopropamine Powder for Sale"},{"@type":"BreadcrumbList","@id":"https:\/\/legitgrams.com\/product\/mpa-methiopropamine-powder\/#breadcrumb","itemListElement":[{"@type":"ListItem","position":1,"name":"Home","item":"https:\/\/legitgrams.com\/"},{"@type":"ListItem","position":2,"name":"Shop","item":"https:\/\/legitgrams.com\/shop\/"},{"@type":"ListItem","position":3,"name":"Buy MPA Methiopropamine Powder Online"}]},{"@type":"WebSite","@id":"https:\/\/legitgrams.com\/#website","url":"https:\/\/legitgrams.com\/","name":"Les grammes l\u00e9gitimes","description":"Mon blog WordPress","publisher":{"@id":"https:\/\/legitgrams.com\/#organization"},"potentialAction":[{"@type":"SearchAction","target":{"@type":"EntryPoint","urlTemplate":"https:\/\/legitgrams.com\/?s={search_term_string}"},"query-input":{"@type":"PropertyValueSpecification","valueRequired":true,"valueName":"search_term_string"}}],"inLanguage":"fr-BE"},{"@type":"Organization","@id":"https:\/\/legitgrams.com\/#organization","name":"Les grammes l\u00e9gitimes","url":"https:\/\/legitgrams.com\/","logo":{"@type":"ImageObject","inLanguage":"fr-BE","@id":"https:\/\/legitgrams.com\/#\/schema\/logo\/image\/","url":"https:\/\/legitgrams.com\/wp-content\/uploads\/2024\/09\/main-logo.png","contentUrl":"https:\/\/legitgrams.com\/wp-content\/uploads\/2024\/09\/main-logo.png","width":270,"height":75,"caption":"Legit Grams"},"image":{"@id":"https:\/\/legitgrams.com\/#\/schema\/logo\/image\/"}}]}},"uagb_featured_image_src":{"full":["https:\/\/legitgrams.com\/wp-content\/uploads\/2024\/09\/buy-mpa-methiopropamine-powder-online.jpg",600,600,false],"thumbnail":["https:\/\/legitgrams.com\/wp-content\/uploads\/2024\/09\/buy-mpa-methiopropamine-powder-online-150x150.jpg",150,150,true],"medium":["https:\/\/legitgrams.com\/wp-content\/uploads\/2024\/09\/buy-mpa-methiopropamine-powder-online-300x300.jpg",300,300,true],"medium_large":["https:\/\/legitgrams.com\/wp-content\/uploads\/2024\/09\/buy-mpa-methiopropamine-powder-online.jpg",600,600,false],"large":["https:\/\/legitgrams.com\/wp-content\/uploads\/2024\/09\/buy-mpa-methiopropamine-powder-online.jpg",600,600,false],"1536x1536":["https:\/\/legitgrams.com\/wp-content\/uploads\/2024\/09\/buy-mpa-methiopropamine-powder-online.jpg",600,600,false],"2048x2048":["https:\/\/legitgrams.com\/wp-content\/uploads\/2024\/09\/buy-mpa-methiopropamine-powder-online.jpg",600,600,false],"trp-custom-language-flag":["https:\/\/legitgrams.com\/wp-content\/uploads\/2024\/09\/buy-mpa-methiopropamine-powder-online-12x12.jpg",12,12,true],"woocommerce_thumbnail":["https:\/\/legitgrams.com\/wp-content\/uploads\/2024\/09\/buy-mpa-methiopropamine-powder-online-300x300.jpg",300,300,true],"woocommerce_single":["https:\/\/legitgrams.com\/wp-content\/uploads\/2024\/09\/buy-mpa-methiopropamine-powder-online.jpg",600,600,false],"woocommerce_gallery_thumbnail":["https:\/\/legitgrams.com\/wp-content\/uploads\/2024\/09\/buy-mpa-methiopropamine-powder-online-100x100.jpg",100,100,true]},"uagb_author_info":{"display_name":"cokeblog18","author_link":"https:\/\/legitgrams.com\/fr\/author\/"},"uagb_comment_info":0,"uagb_excerpt":"Purchase MPA Methiopropamine Powder Online : Recommended dosage: 100\u2013200 mg Methamphetamine&#8217;s structural equivalent, methiopropamine (MPA), was first identified in 1942 and is based on a thiophene ring. Since it is neither an amphetamine nor phenethylamine, nor is it a functional equivalent, it is entirely legal. evade the ban on analog drugs altogether. In December 2010,&hellip;","_links":{"self":[{"href":"https:\/\/legitgrams.com\/fr\/wp-json\/wp\/v2\/product\/4229","targetHints":{"allow":["GET"]}}],"collection":[{"href":"https:\/\/legitgrams.com\/fr\/wp-json\/wp\/v2\/product"}],"about":[{"href":"https:\/\/legitgrams.com\/fr\/wp-json\/wp\/v2\/types\/product"}],"replies":[{"embeddable":true,"href":"https:\/\/legitgrams.com\/fr\/wp-json\/wp\/v2\/comments?post=4229"}],"wp:featuredmedia":[{"embeddable":true,"href":"https:\/\/legitgrams.com\/fr\/wp-json\/wp\/v2\/media\/5293"}],"wp:attachment":[{"href":"https:\/\/legitgrams.com\/fr\/wp-json\/wp\/v2\/media?parent=4229"}],"wp:term":[{"taxonomy":"product_brand","embeddable":true,"href":"https:\/\/legitgrams.com\/fr\/wp-json\/wp\/v2\/product_brand?post=4229"},{"taxonomy":"product_cat","embeddable":true,"href":"https:\/\/legitgrams.com\/fr\/wp-json\/wp\/v2\/product_cat?post=4229"},{"taxonomy":"product_tag","embeddable":true,"href":"https:\/\/legitgrams.com\/fr\/wp-json\/wp\/v2\/product_tag?post=4229"}],"curies":[{"name":"wp","href":"https:\/\/api.w.org\/{rel}","templated":true}]}}