{"id":4230,"date":"2024-09-22T06:38:57","date_gmt":"2024-09-22T06:38:57","guid":{"rendered":"https:\/\/legitgrams.com\/?post_type=product&#038;p=4230"},"modified":"2025-04-03T10:05:20","modified_gmt":"2025-04-03T10:05:20","slug":"dimethyltryptamine-pure-dmt","status":"publish","type":"product","link":"https:\/\/legitgrams.com\/fr\/produit\/dimethyltryptamine-pure-dmt\/","title":{"rendered":"Acheter de la dim\u00e9thyltryptamine DMT pure en ligne"},"content":{"rendered":"<h2>Achat de dim\u00e9thyltryptamine DMT pure DMT (dim\u00e9thyltryptamine pure) en ligne<\/h2>\n<p>Les graines et les feuilles de Piptadenia peregrina (Mimosac\u00e9es) sont utilis\u00e9es pour fabriquer la plante hallucinog\u00e8ne Emphysema cohoba. La dim\u00e9thyltryptamine est le principe actif de plusieurs mati\u00e8res v\u00e9g\u00e9tales. Elle provient \u00e9galement de plantes d'Am\u00e9rique du Sud. On rapporte qu'elle est pr\u00e9sente dans la l\u00e9gumineuse tropicale Mucuna Pruriens. <a style=\"font-size: 16px; background-color: #ffffff;\" href=\"https:\/\/legitgrams.com\/fr\/\">LegitGrams<\/a><\/p>\n<p><a href=\"https:\/\/duckduckgo.com\/?q=Acheter+de+la+dimthyltryptamine+DMT+pure+en+ligne&amp;t=h_&amp;ia=web\">Emphys\u00e8me cohoba<\/a>, une plante hallucinog\u00e8ne, est fabriqu\u00e9e \u00e0 partir des graines et des feuilles de <a href=\"https:\/\/www.bing.com\/search?q=AcheterdeladimthyltryptamineDMTpureenligne&amp;qs=n&amp;form=QBRE&amp;sp=-1&amp;lq=0&amp;pq=acheterdeladimthyltryptaminedmtpureenligne&amp;sc=0-50&amp;sk=&amp;cvid=651C9A4593174AEB8687A368D442CF97&amp;ghsh=0&amp;ghacc=0&amp;ghpl=\">Piptadenia peregrina<\/a> (Mimosac\u00e9es). L'\u00e9l\u00e9ment actif de ces mati\u00e8res v\u00e9g\u00e9tales est <a href=\"https:\/\/legitgrams.com\/fr\/produit\/dimethyltryptamine-pure-dmt\/\">dim\u00e9thyltryptamine<\/a>. Il est \u00e9galement d\u00e9riv\u00e9 de plantes d'Am\u00e9rique du Sud, que l'on retrouve suppos\u00e9ment dans le Mucuna Pruriens, une l\u00e9gumineuse tropicale.<\/p>\n<p>Purchase Pure DMT Online: Purchase Pure DMT online, purchase <a href=\"https:\/\/www.google.com\/search?q=Acheter+de+la+dimthyltryptamine+DMT+pure+en+ligne&amp;sca_esv=eddefdb7b92e7545&amp;sxsrf=AHTn8zr4cBEgmZBe_N_FNczQ4KfY9dRf2Q1743675228789&amp;ei=XF_uZ8z4L6HK0PEPn_XosQ0&amp;ved=0ahUKEwjMlva00LuMAxUhJTQIHZ86OtYQ4dUDCBA&amp;uact=5&amp;oq=Acheter+de+la+dimthyltryptamine+DMT+pure+en+ligne&amp;gs_lp=Egxnd3Mtd2l6LXNlcnAiM0FjaGV0ZXIgZGUgbGEgZGltw6l0aHlsdHJ5cHRhbWluZSBETVQgcHVyZSBlbiBsaWduZUjvBFAAWABwAHgAkAEAmAGBA6ABgQOqAQMzLTG4AQPIAQD4AQL4AQGYAgCgAgCYAwCSBwCgB2eyBwC4BwA&amp;sclient=gws-wiz-serp\">Dim\u00e9thyltryptamine pure DMT<\/a> Aux \u00c9tats-Unis, o\u00f9 acheter de la dim\u00e9thyltryptamine DMT pure\u00a0? \u00c0 vendre\u00a0? \u00c0 proximit\u00e9\u00a0? O\u00f9 se procurer de la dim\u00e9thyltryptamine DMT pure en ligne\u00a0? O\u00f9 l'acheter localement\u00a0? Quel est son prix aux \u00c9tats-Unis, au Canada et au Royaume-Uni\u00a0? La dim\u00e9thyltryptamine DMT pure est toujours disponible. Vous pouvez vous la procurer en ligne. La dim\u00e9thyltryptamine DMT pure est l\u00e9gale au Canada. <a href=\"https:\/\/en.wikipedia.org\/wiki\/N,N-Dimethyltryptamine\">dim\u00e9thyltryptamine DMT<\/a> approuv\u00e9e aux \u00c9tats-Unis ?<\/p>","protected":false},"excerpt":{"rendered":"<p>Purchase of Pure Dimethyltryptamine DMT DMT (pure dimethyltryptamine) Online The seeds and leaves of Piptadenia peregrina (Mimosaceae) are used to make the hallucinogenic plant Emphysema cohoba. Dimethyltryptamine is the active ingredient in several plant materials. It also comes from South American plants. Reportedly present in the tropical legume Mucuna Pruriens. LegitGrams Emphysema cohoba, a hallucinogenic &hellip;<\/p>\n<p class=\"read-more\"> <a class=\"\" href=\"https:\/\/legitgrams.com\/fr\/produit\/dimethyltryptamine-pure-dmt\/\"> <span class=\"screen-reader-text\">Acheter de la dim\u00e9thyltryptamine DMT pure en ligne<\/span> Lire la suite \"<\/a><\/p>","protected":false},"featured_media":5299,"comment_status":"open","ping_status":"closed","template":"","meta":{"_uag_custom_page_level_css":"","site-sidebar-layout":"default","site-content-layout":"default","ast-global-header-display":"","ast-main-header-display":"","ast-hfb-above-header-display":"","ast-hfb-below-header-display":"","ast-hfb-mobile-header-display":"","site-post-title":"","ast-breadcrumbs-content":"","ast-featured-img":"","footer-sml-layout":"","theme-transparent-header-meta":"default","adv-header-id-meta":"","stick-header-meta":"default","header-above-stick-meta":"","header-main-stick-meta":"","header-below-stick-meta":"","_joinchat":[]},"product_brand":[],"product_cat":[600],"product_tag":[1911,1901,617,1893,1908,1905,1900,1898,1910,1892,1895,1903,1894,1896,1906,1913,1914,1912,1904,1909,1907,625,1899,1902,1897],"class_list":{"0":"post-4230","1":"product","2":"type-product","3":"status-publish","4":"has-post-thumbnail","6":"product_cat-research-chemicals-and-bath-salt","7":"product_tag-best-cheap-price-pure-dimethyltryptamine-dmt","8":"product_tag-best-place-to-buy-pure-dimethyltryptamine-dmt","9":"product_tag-bulk-online","10":"product_tag-buy-pure-dimethyltryptamine-dmt","11":"product_tag-cheap-pure-dimethyltryptamine-dmt","12":"product_tag-high-quality-pure-dimethyltryptamine-dmt","13":"product_tag-how-to-buy-pure-dimethyltryptamine-dmt","14":"product_tag-order-pure-dimethyltryptamine-dmt","15":"product_tag-purcharse-pure-dimethyltryptamine-dmt","16":"product_tag-pure-dimethyltryptamine-dmt","17":"product_tag-pure-dimethyltryptamine-dmt-for-sale","18":"product_tag-pure-dimethyltryptamine-dmt-legally","19":"product_tag-pure-dimethyltryptamine-dmt-online","20":"product_tag-pure-dimethyltryptamine-dmt-pure-dimethyltryptamine-dmt-supplier","21":"product_tag-pure-dimethyltryptamine-dmt-store","22":"product_tag-pure-dimethyltryptamine-dmt-use","23":"product_tag-pure-dimethyltryptamine-dmt-wiki","24":"product_tag-pure-dimethyltryptamine-dmt-worldwide","25":"product_tag-pure-dimethyltryptamine-dmtprice","26":"product_tag-pure-dimethyltryptamine-dmts","27":"product_tag-shop-pure-dimethyltryptamine-dmt","28":"product_tag-top-quality","29":"product_tag-where-to-buy-pure-dimethyltryptamine-dmt","30":"product_tag-where-to-order-pure-dimethyltryptamine-dmt","31":"product_tag-wholesale-pure-dimethyltryptamine-dmt","32":"desktop-align-left","33":"tablet-align-left","34":"mobile-align-left","35":"ast-product-gallery-layout-horizontal","36":"ast-product-gallery-with-no-image","37":"ast-product-single-variable","38":"ast-product-tabs-layout-horizontal","39":"ast-qv-on-image","41":"first","42":"instock","43":"shipping-taxable","44":"purchasable","45":"product-type-variable"},"yoast_head":"<!-- This site is optimized with the Yoast SEO plugin v25.9 - https:\/\/yoast.com\/wordpress\/plugins\/seo\/ -->\n<title>Dimethyltryptamine DMT for Sale - Buy DMT Online | LegitGrams<\/title>\n<meta name=\"description\" content=\"If you want to buy dimethyltryptamine dmt online and looking for a reliable online shop, then buy here. We offer only high-quality pure dimethyltryptamine dmt for sale at an affordable price. Order Now!\" \/>\n<meta name=\"robots\" content=\"index, follow, max-snippet:-1, max-image-preview:large, max-video-preview:-1\" \/>\n<link rel=\"canonical\" href=\"https:\/\/legitgrams.com\/fr\/produit\/dimethyltryptamine-pure-dmt\/\" \/>\n<meta property=\"og:locale\" content=\"fr_FR\" \/>\n<meta property=\"og:type\" content=\"article\" \/>\n<meta property=\"og:title\" content=\"Dimethyltryptamine DMT for Sale - Buy DMT Online | LegitGrams\" \/>\n<meta property=\"og:description\" content=\"If you want to buy dimethyltryptamine dmt online and looking for a reliable online shop, then buy here. We offer only high-quality pure dimethyltryptamine dmt for sale at an affordable price. Order Now!\" \/>\n<meta property=\"og:url\" content=\"https:\/\/legitgrams.com\/fr\/produit\/dimethyltryptamine-pure-dmt\/\" \/>\n<meta property=\"og:site_name\" content=\"Legit Grams\" \/>\n<meta property=\"article:modified_time\" content=\"2025-04-03T10:05:20+00:00\" \/>\n<meta property=\"og:image\" content=\"https:\/\/legitgrams.com\/wp-content\/uploads\/2024\/09\/Buy-Pure-Dimethyltryptamine-DMT-Online.jpg\" \/>\n\t<meta property=\"og:image:width\" content=\"600\" \/>\n\t<meta property=\"og:image:height\" content=\"600\" \/>\n\t<meta property=\"og:image:type\" content=\"image\/jpeg\" \/>\n<meta name=\"twitter:card\" content=\"summary_large_image\" \/>\n<meta name=\"twitter:label1\" content=\"Dur\u00e9e de lecture est.\" \/>\n\t<meta name=\"twitter:data1\" content=\"2 minutes\" \/>\n<script type=\"application\/ld+json\" class=\"yoast-schema-graph\">{\"@context\":\"https:\/\/schema.org\",\"@graph\":[{\"@type\":\"WebPage\",\"@id\":\"https:\/\/legitgrams.com\/product\/pure-dimethyltryptamine-dmt\/\",\"url\":\"https:\/\/legitgrams.com\/product\/pure-dimethyltryptamine-dmt\/\",\"name\":\"Dimethyltryptamine DMT for Sale - Buy DMT Online | LegitGrams\",\"isPartOf\":{\"@id\":\"https:\/\/legitgrams.com\/#website\"},\"primaryImageOfPage\":{\"@id\":\"https:\/\/legitgrams.com\/product\/pure-dimethyltryptamine-dmt\/#primaryimage\"},\"image\":{\"@id\":\"https:\/\/legitgrams.com\/product\/pure-dimethyltryptamine-dmt\/#primaryimage\"},\"thumbnailUrl\":\"https:\/\/legitgrams.com\/wp-content\/uploads\/2024\/09\/Buy-Pure-Dimethyltryptamine-DMT-Online.jpg\",\"datePublished\":\"2024-09-22T06:38:57+00:00\",\"dateModified\":\"2025-04-03T10:05:20+00:00\",\"description\":\"If you want to buy dimethyltryptamine dmt online and looking for a reliable online shop, then buy here. We offer only high-quality pure dimethyltryptamine dmt for sale at an affordable price. Order Now!\",\"breadcrumb\":{\"@id\":\"https:\/\/legitgrams.com\/product\/pure-dimethyltryptamine-dmt\/#breadcrumb\"},\"inLanguage\":\"fr-BE\",\"potentialAction\":[{\"@type\":\"ReadAction\",\"target\":[\"https:\/\/legitgrams.com\/product\/pure-dimethyltryptamine-dmt\/\"]}]},{\"@type\":\"ImageObject\",\"inLanguage\":\"fr-BE\",\"@id\":\"https:\/\/legitgrams.com\/product\/pure-dimethyltryptamine-dmt\/#primaryimage\",\"url\":\"https:\/\/legitgrams.com\/wp-content\/uploads\/2024\/09\/Buy-Pure-Dimethyltryptamine-DMT-Online.jpg\",\"contentUrl\":\"https:\/\/legitgrams.com\/wp-content\/uploads\/2024\/09\/Buy-Pure-Dimethyltryptamine-DMT-Online.jpg\",\"width\":600,\"height\":600,\"caption\":\"Pure Dimethyltryptamine DMT for Sale\"},{\"@type\":\"BreadcrumbList\",\"@id\":\"https:\/\/legitgrams.com\/product\/pure-dimethyltryptamine-dmt\/#breadcrumb\",\"itemListElement\":[{\"@type\":\"ListItem\",\"position\":1,\"name\":\"Home\",\"item\":\"https:\/\/legitgrams.com\/\"},{\"@type\":\"ListItem\",\"position\":2,\"name\":\"Shop\",\"item\":\"https:\/\/legitgrams.com\/shop\/\"},{\"@type\":\"ListItem\",\"position\":3,\"name\":\"Buy Pure Dimethyltryptamine DMT Online\"}]},{\"@type\":\"WebSite\",\"@id\":\"https:\/\/legitgrams.com\/#website\",\"url\":\"https:\/\/legitgrams.com\/\",\"name\":\"Legit Grams\",\"description\":\"My WordPress Blog\",\"publisher\":{\"@id\":\"https:\/\/legitgrams.com\/#organization\"},\"potentialAction\":[{\"@type\":\"SearchAction\",\"target\":{\"@type\":\"EntryPoint\",\"urlTemplate\":\"https:\/\/legitgrams.com\/?s={search_term_string}\"},\"query-input\":{\"@type\":\"PropertyValueSpecification\",\"valueRequired\":true,\"valueName\":\"search_term_string\"}}],\"inLanguage\":\"fr-BE\"},{\"@type\":\"Organization\",\"@id\":\"https:\/\/legitgrams.com\/#organization\",\"name\":\"Legit Grams\",\"url\":\"https:\/\/legitgrams.com\/\",\"logo\":{\"@type\":\"ImageObject\",\"inLanguage\":\"fr-BE\",\"@id\":\"https:\/\/legitgrams.com\/#\/schema\/logo\/image\/\",\"url\":\"https:\/\/legitgrams.com\/wp-content\/uploads\/2024\/09\/main-logo.png\",\"contentUrl\":\"https:\/\/legitgrams.com\/wp-content\/uploads\/2024\/09\/main-logo.png\",\"width\":270,\"height\":75,\"caption\":\"Legit Grams\"},\"image\":{\"@id\":\"https:\/\/legitgrams.com\/#\/schema\/logo\/image\/\"}}]}<\/script>\n<!-- \/ Yoast SEO plugin. -->","yoast_head_json":{"title":"Dim\u00e9thyltryptamine DMT \u00e0 vendre \u2013 Acheter DMT en ligne | LegitGrams","description":"Si vous voulez acheter du dim\u00e9thyltryptamine dmt en ligne et que vous cherchez une boutique en ligne fiable, achetez ici. Nous proposons uniquement de la dim\u00e9thyltryptamine dmt pure de haute qualit\u00e9 \u00e0 la vente \u00e0 un prix abordable. Commandez maintenant !","robots":{"index":"index","follow":"follow","max-snippet":"max-snippet:-1","max-image-preview":"max-image-preview:large","max-video-preview":"max-video-preview:-1"},"canonical":"https:\/\/legitgrams.com\/fr\/produit\/dimethyltryptamine-pure-dmt\/","og_locale":"fr_FR","og_type":"article","og_title":"Dimethyltryptamine DMT for Sale - Buy DMT Online | LegitGrams","og_description":"If you want to buy dimethyltryptamine dmt online and looking for a reliable online shop, then buy here. We offer only high-quality pure dimethyltryptamine dmt for sale at an affordable price. Order Now!","og_url":"https:\/\/legitgrams.com\/fr\/produit\/dimethyltryptamine-pure-dmt\/","og_site_name":"Legit Grams","article_modified_time":"2025-04-03T10:05:20+00:00","og_image":[{"width":600,"height":600,"url":"https:\/\/legitgrams.com\/wp-content\/uploads\/2024\/09\/Buy-Pure-Dimethyltryptamine-DMT-Online.jpg","type":"image\/jpeg"}],"twitter_card":"summary_large_image","twitter_misc":{"Dur\u00e9e de lecture est.":"2 minutes"},"schema":{"@context":"https:\/\/schema.org","@graph":[{"@type":"WebPage","@id":"https:\/\/legitgrams.com\/product\/pure-dimethyltryptamine-dmt\/","url":"https:\/\/legitgrams.com\/product\/pure-dimethyltryptamine-dmt\/","name":"Dim\u00e9thyltryptamine DMT \u00e0 vendre \u2013 Acheter DMT en ligne | LegitGrams","isPartOf":{"@id":"https:\/\/legitgrams.com\/#website"},"primaryImageOfPage":{"@id":"https:\/\/legitgrams.com\/product\/pure-dimethyltryptamine-dmt\/#primaryimage"},"image":{"@id":"https:\/\/legitgrams.com\/product\/pure-dimethyltryptamine-dmt\/#primaryimage"},"thumbnailUrl":"https:\/\/legitgrams.com\/wp-content\/uploads\/2024\/09\/Buy-Pure-Dimethyltryptamine-DMT-Online.jpg","datePublished":"2024-09-22T06:38:57+00:00","dateModified":"2025-04-03T10:05:20+00:00","description":"Si vous voulez acheter du dim\u00e9thyltryptamine dmt en ligne et que vous cherchez une boutique en ligne fiable, achetez ici. Nous proposons uniquement de la dim\u00e9thyltryptamine dmt pure de haute qualit\u00e9 \u00e0 la vente \u00e0 un prix abordable. Commandez maintenant !","breadcrumb":{"@id":"https:\/\/legitgrams.com\/product\/pure-dimethyltryptamine-dmt\/#breadcrumb"},"inLanguage":"fr-BE","potentialAction":[{"@type":"ReadAction","target":["https:\/\/legitgrams.com\/product\/pure-dimethyltryptamine-dmt\/"]}]},{"@type":"ImageObject","inLanguage":"fr-BE","@id":"https:\/\/legitgrams.com\/product\/pure-dimethyltryptamine-dmt\/#primaryimage","url":"https:\/\/legitgrams.com\/wp-content\/uploads\/2024\/09\/Buy-Pure-Dimethyltryptamine-DMT-Online.jpg","contentUrl":"https:\/\/legitgrams.com\/wp-content\/uploads\/2024\/09\/Buy-Pure-Dimethyltryptamine-DMT-Online.jpg","width":600,"height":600,"caption":"Pure Dimethyltryptamine DMT for Sale"},{"@type":"BreadcrumbList","@id":"https:\/\/legitgrams.com\/product\/pure-dimethyltryptamine-dmt\/#breadcrumb","itemListElement":[{"@type":"ListItem","position":1,"name":"Home","item":"https:\/\/legitgrams.com\/"},{"@type":"ListItem","position":2,"name":"Shop","item":"https:\/\/legitgrams.com\/shop\/"},{"@type":"ListItem","position":3,"name":"Buy Pure Dimethyltryptamine DMT Online"}]},{"@type":"WebSite","@id":"https:\/\/legitgrams.com\/#website","url":"https:\/\/legitgrams.com\/","name":"Les grammes l\u00e9gitimes","description":"Mon blog WordPress","publisher":{"@id":"https:\/\/legitgrams.com\/#organization"},"potentialAction":[{"@type":"SearchAction","target":{"@type":"EntryPoint","urlTemplate":"https:\/\/legitgrams.com\/?s={search_term_string}"},"query-input":{"@type":"PropertyValueSpecification","valueRequired":true,"valueName":"search_term_string"}}],"inLanguage":"fr-BE"},{"@type":"Organization","@id":"https:\/\/legitgrams.com\/#organization","name":"Les grammes l\u00e9gitimes","url":"https:\/\/legitgrams.com\/","logo":{"@type":"ImageObject","inLanguage":"fr-BE","@id":"https:\/\/legitgrams.com\/#\/schema\/logo\/image\/","url":"https:\/\/legitgrams.com\/wp-content\/uploads\/2024\/09\/main-logo.png","contentUrl":"https:\/\/legitgrams.com\/wp-content\/uploads\/2024\/09\/main-logo.png","width":270,"height":75,"caption":"Legit Grams"},"image":{"@id":"https:\/\/legitgrams.com\/#\/schema\/logo\/image\/"}}]}},"uagb_featured_image_src":{"full":["https:\/\/legitgrams.com\/wp-content\/uploads\/2024\/09\/Buy-Pure-Dimethyltryptamine-DMT-Online.jpg",600,600,false],"thumbnail":["https:\/\/legitgrams.com\/wp-content\/uploads\/2024\/09\/Buy-Pure-Dimethyltryptamine-DMT-Online-150x150.jpg",150,150,true],"medium":["https:\/\/legitgrams.com\/wp-content\/uploads\/2024\/09\/Buy-Pure-Dimethyltryptamine-DMT-Online-300x300.jpg",300,300,true],"medium_large":["https:\/\/legitgrams.com\/wp-content\/uploads\/2024\/09\/Buy-Pure-Dimethyltryptamine-DMT-Online.jpg",600,600,false],"large":["https:\/\/legitgrams.com\/wp-content\/uploads\/2024\/09\/Buy-Pure-Dimethyltryptamine-DMT-Online.jpg",600,600,false],"1536x1536":["https:\/\/legitgrams.com\/wp-content\/uploads\/2024\/09\/Buy-Pure-Dimethyltryptamine-DMT-Online.jpg",600,600,false],"2048x2048":["https:\/\/legitgrams.com\/wp-content\/uploads\/2024\/09\/Buy-Pure-Dimethyltryptamine-DMT-Online.jpg",600,600,false],"trp-custom-language-flag":["https:\/\/legitgrams.com\/wp-content\/uploads\/2024\/09\/Buy-Pure-Dimethyltryptamine-DMT-Online-12x12.jpg",12,12,true],"woocommerce_thumbnail":["https:\/\/legitgrams.com\/wp-content\/uploads\/2024\/09\/Buy-Pure-Dimethyltryptamine-DMT-Online-300x300.jpg",300,300,true],"woocommerce_single":["https:\/\/legitgrams.com\/wp-content\/uploads\/2024\/09\/Buy-Pure-Dimethyltryptamine-DMT-Online.jpg",600,600,false],"woocommerce_gallery_thumbnail":["https:\/\/legitgrams.com\/wp-content\/uploads\/2024\/09\/Buy-Pure-Dimethyltryptamine-DMT-Online-100x100.jpg",100,100,true]},"uagb_author_info":{"display_name":"cokeblog18","author_link":"https:\/\/legitgrams.com\/fr\/author\/"},"uagb_comment_info":0,"uagb_excerpt":"Purchase of Pure Dimethyltryptamine DMT DMT (pure dimethyltryptamine) Online The seeds and leaves of Piptadenia peregrina (Mimosaceae) are used to make the hallucinogenic plant Emphysema cohoba. Dimethyltryptamine is the active ingredient in several plant materials. It also comes from South American plants. Reportedly present in the tropical legume Mucuna Pruriens. LegitGrams Emphysema cohoba, a hallucinogenic&hellip;","_links":{"self":[{"href":"https:\/\/legitgrams.com\/fr\/wp-json\/wp\/v2\/product\/4230","targetHints":{"allow":["GET"]}}],"collection":[{"href":"https:\/\/legitgrams.com\/fr\/wp-json\/wp\/v2\/product"}],"about":[{"href":"https:\/\/legitgrams.com\/fr\/wp-json\/wp\/v2\/types\/product"}],"replies":[{"embeddable":true,"href":"https:\/\/legitgrams.com\/fr\/wp-json\/wp\/v2\/comments?post=4230"}],"wp:featuredmedia":[{"embeddable":true,"href":"https:\/\/legitgrams.com\/fr\/wp-json\/wp\/v2\/media\/5299"}],"wp:attachment":[{"href":"https:\/\/legitgrams.com\/fr\/wp-json\/wp\/v2\/media?parent=4230"}],"wp:term":[{"taxonomy":"product_brand","embeddable":true,"href":"https:\/\/legitgrams.com\/fr\/wp-json\/wp\/v2\/product_brand?post=4230"},{"taxonomy":"product_cat","embeddable":true,"href":"https:\/\/legitgrams.com\/fr\/wp-json\/wp\/v2\/product_cat?post=4230"},{"taxonomy":"product_tag","embeddable":true,"href":"https:\/\/legitgrams.com\/fr\/wp-json\/wp\/v2\/product_tag?post=4230"}],"curies":[{"name":"wp","href":"https:\/\/api.w.org\/{rel}","templated":true}]}}