{"id":4233,"date":"2024-09-22T06:43:20","date_gmt":"2024-09-22T06:43:20","guid":{"rendered":"https:\/\/legitgrams.com\/?post_type=product&#038;p=4233"},"modified":"2025-04-03T08:12:13","modified_gmt":"2025-04-03T08:12:13","slug":"metho-methadone-hcl-poudre","status":"publish","type":"product","link":"https:\/\/legitgrams.com\/fr\/produit\/metho-methadone-hcl-poudre\/","title":{"rendered":"Acheter Metho Methadone HCL en poudre Online"},"content":{"rendered":"<h2>Achetez de la poudre de m\u00e9thadone HCL pure \u00e0 99,8 % en ligne \u00e0 des prix de gros.<\/h2>\n<p>La douleur mod\u00e9r\u00e9e \u00e0 s\u00e9v\u00e8re est trait\u00e9e par <a href=\"https:\/\/legitgrams.com\/fr\/produit\/metho-methadone-hcl-poudre\/\">m\u00e9tho (m\u00e9thadone HCL<\/a>).<\/p>\n<p>En compl\u00e9ment d'une surveillance et d'une assistance m\u00e9dicale, il est \u00e9galement utilis\u00e9 pour traiter la toxicomanie ou contr\u00f4ler les sympt\u00f4mes de sevrage chez les personnes suivant une th\u00e9rapie. Ce m\u00e9dicament agit comme un narcotique pour r\u00e9duire la douleur.<\/p>\n<h3>Comment les colis sont-ils exp\u00e9di\u00e9s ?<\/h3>\n<p>Nous chargeons m\u00e9ticuleusement l'objet avec du papier carbone et du tungst\u00e8ne pour le faire passer \u00e0 travers l'\u00e9quipement \u00e0 rayons X des douanes de l'a\u00e9roport. Les colis sont m\u00e9ticuleusement emball\u00e9s dans du papier d'emballage \u00e0 l'ext\u00e9rieur.<\/p>\n<p><a href=\"https:\/\/www.bing.com\/search?q=Acheterdelapoudredechlorhydratedemthadoneenligne&amp;qs=n&amp;form=QBRE&amp;sp=-1&amp;lq=0&amp;pq=acheterdelapoudredechlorhydratedemthadoneenligne&amp;sc=0-58&amp;sk=&amp;cvid=1A6D2462867B488FA4DE1B6C86091192&amp;ghsh=0&amp;ghacc=0&amp;ghpl=\">Poudre de m\u00e9thadone (chlorhydrate de m\u00e9thadone)<\/a> ou Sel\u00a0: Le chlorhydrate de m\u00e9thadone (Metho) est utilis\u00e9 pour soulager les douleurs mod\u00e9r\u00e9es \u00e0 intenses. Ce m\u00e9dicament est id\u00e9al pour le traitement de la toxicomanie et le suivi m\u00e9dical. Il aide les personnes \u00e0 g\u00e9rer leurs sympt\u00f4mes de sevrage.<\/p>\n<p><a href=\"https:\/\/www.google.com\/search?q=Acheter+de+la+poudre+de+chlorhydrate+de+mthadone+en+ligne&amp;sca_esv=eddefdb7b92e7545&amp;sxsrf=AHTn8zql25VLBO87sxsjh2mXpWsZEjJI-g1743668018974&amp;ei=MkPuZ9yfO5TY0PEPjYuP8A4&amp;ved=0ahUKEwjcgILHtbuMAxUULDQIHY3FA-4Q4dUDCBA&amp;uact=5&amp;oq=Acheter+de+la+poudre+de+chlorhydrate+de+mthadone+en+ligne&amp;gs_lp=Egxnd3Mtd2l6LXNlcnAiO0FjaGV0ZXIgZGUgbGEgcG91ZHJlIGRlIGNobG9yaHlkcmF0ZSBkZSBtw6l0aGFkb25lIGVuIGxpZ25lMgUQIRigATIFECEYoAEyBRAhGKABMgUQIRigAUiKBVAAWABwAHgAkAEAmAGCA6ABggOqAQMzLTG4AQPIAQD4AQL4AQGYAgGgAocDmAMAkgcDMy0xoAeaBbIHAzMtMbgHhwM&amp;sclient=gws-wiz-serp\">Acheter Metho Methadone HCL en poudre Online<\/a>: Achetez de la m\u00e9thadone en ligne aux \u00c9tats-Unis, ainsi que de la poudre de chlorhydrate de m\u00e9thadone. O\u00f9 puis-je acheter de la poudre de chlorhydrate de m\u00e9thadone\u00a0? O\u00f9 puis-je l'acheter\u00a0? <a href=\"https:\/\/en.wikipedia.org\/wiki\/Methadone\">m\u00e9thadone HCL<\/a> Poudre en ligne\u00a0? O\u00f9 puis-je acheter de la poudre de chlorhydrate de m\u00e9thadone en ligne\u00a0? O\u00f9 puis-je acheter de la poudre de chlorhydrate de m\u00e9thadone en ligne\u00a0? O\u00f9 puis-je acheter de la poudre de chlorhydrate de m\u00e9thadone en ligne\u00a0? O\u00f9 puis-je acheter de la poudre de chlorhydrate de m\u00e9thadone en ligne\u00a0? \u00c9tats-Unis, Canada, Royaume-Uni, acheter, en ligne, fournisseurs, livraison s\u00e9curis\u00e9e. La poudre de chlorhydrate de m\u00e9thadone est toujours disponible. Est-il l\u00e9gal d'acheter de la poudre de chlorhydrate de m\u00e9thadone aux \u00c9tats-Unis\u00a0? Comment commander en ligne\u00a0? <a href=\"https:\/\/duckduckgo.com\/?q=Acheter+de+la+poudre+de+chlorhydrate+de+mthadone+en+ligne&amp;t=h_\">poudre de chlorhydrate de m\u00e9thadone<\/a>? Est-il l\u00e9gal d\u2019utiliser de la poudre de chlorhydrate de m\u00e9thadone au Canada ? <a href=\"https:\/\/legitgrams.com\/fr\/\">LegitGrams<\/a><\/p>","protected":false},"excerpt":{"rendered":"<p>Purchase 99.8% Pure Metho Methadone HCL Powder Online at Wholesale Prices. Moderate to severe pain is treated with metho (methadone HCL). Along with medical supervision and assistance, it is also used to treat drug addiction or control withdrawal symptoms in individuals undergoing therapy. This drug acts as a narcotic to reduce pain. How do packages &hellip;<\/p>\n<p class=\"read-more\"> <a class=\"\" href=\"https:\/\/legitgrams.com\/fr\/produit\/metho-methadone-hcl-poudre\/\"> <span class=\"screen-reader-text\">Acheter Metho Methadone HCL en poudre Online<\/span> Lire la suite \"<\/a><\/p>","protected":false},"featured_media":5288,"comment_status":"open","ping_status":"closed","template":"","meta":{"_uag_custom_page_level_css":"","site-sidebar-layout":"default","site-content-layout":"default","ast-global-header-display":"","ast-main-header-display":"","ast-hfb-above-header-display":"","ast-hfb-below-header-display":"","ast-hfb-mobile-header-display":"","site-post-title":"","ast-breadcrumbs-content":"","ast-featured-img":"","footer-sml-layout":"","theme-transparent-header-meta":"default","adv-header-id-meta":"","stick-header-meta":"default","header-above-stick-meta":"","header-main-stick-meta":"","header-below-stick-meta":"","_joinchat":[]},"product_brand":[],"product_cat":[600],"product_tag":[1750,1740,617,1732,1747,1744,1739,1731,1734,1742,1735,1733,1745,1752,1753,1751,1743,1748,1737,1749,1746,625,1738,1741,1736],"class_list":{"0":"post-4233","1":"product","2":"type-product","3":"status-publish","4":"has-post-thumbnail","6":"product_cat-research-chemicals-and-bath-salt","7":"product_tag-best-cheap-price-metho-methadone-hcl-powder","8":"product_tag-best-place-to-buy-metho-methadone-hcl-powder","9":"product_tag-bulk-online","10":"product_tag-buy-metho-methadone-hcl-powder","11":"product_tag-cheap-metho-methadone-hcl-powder","12":"product_tag-high-quality-metho-methadone-hcl-powder","13":"product_tag-how-to-buy-metho-methadone-hcl-powder","14":"product_tag-metho-methadone-hcl-powder","15":"product_tag-metho-methadone-hcl-powder-for-sale","16":"product_tag-metho-methadone-hcl-powder-legally","17":"product_tag-metho-methadone-hcl-powder-metho-methadone-hcl-powder-supplier","18":"product_tag-metho-methadone-hcl-powder-online","19":"product_tag-metho-methadone-hcl-powder-store","20":"product_tag-metho-methadone-hcl-powder-use","21":"product_tag-metho-methadone-hcl-powder-wiki","22":"product_tag-metho-methadone-hcl-powder-worldwide","23":"product_tag-metho-methadone-hcl-powderprice","24":"product_tag-metho-methadone-hcl-powders","25":"product_tag-order-metho-methadone-hcl-powder","26":"product_tag-purcharse-metho-methadone-hcl-powder","27":"product_tag-shop-metho-methadone-hcl-powder","28":"product_tag-top-quality","29":"product_tag-where-to-buy-metho-methadone-hcl-powder","30":"product_tag-where-to-order-metho-methadone-hcl-powder","31":"product_tag-wholesale-metho-methadone-hcl-powder","32":"desktop-align-left","33":"tablet-align-left","34":"mobile-align-left","35":"ast-product-gallery-layout-horizontal","36":"ast-product-gallery-with-no-image","37":"ast-product-single-variable","38":"ast-product-tabs-layout-horizontal","39":"ast-qv-on-image","41":"first","42":"instock","43":"shipping-taxable","44":"purchasable","45":"product-type-variable"},"yoast_head":"<!-- This site is optimized with the Yoast SEO plugin v25.9 - https:\/\/yoast.com\/wordpress\/plugins\/seo\/ -->\n<title>Metho Methadone HCL Powder for Sale - Buy Metho Methadone<\/title>\n<meta name=\"description\" content=\"If you have not tried Metho Methadone HCL powder from our store, then you are missing a lot. We will help you buy Metho Methadone HCL powder online at cheap rates. Get Metho Methadone HCL powder for sale today!\" \/>\n<meta name=\"robots\" content=\"index, follow, max-snippet:-1, max-image-preview:large, max-video-preview:-1\" \/>\n<link rel=\"canonical\" href=\"https:\/\/legitgrams.com\/fr\/produit\/metho-methadone-hcl-poudre\/\" \/>\n<meta property=\"og:locale\" content=\"fr_FR\" \/>\n<meta property=\"og:type\" content=\"article\" \/>\n<meta property=\"og:title\" content=\"Metho Methadone HCL Powder for Sale - Buy Metho Methadone\" \/>\n<meta property=\"og:description\" content=\"If you have not tried Metho Methadone HCL powder from our store, then you are missing a lot. We will help you buy Metho Methadone HCL powder online at cheap rates. Get Metho Methadone HCL powder for sale today!\" \/>\n<meta property=\"og:url\" content=\"https:\/\/legitgrams.com\/fr\/produit\/metho-methadone-hcl-poudre\/\" \/>\n<meta property=\"og:site_name\" content=\"Legit Grams\" \/>\n<meta property=\"article:modified_time\" content=\"2025-04-03T08:12:13+00:00\" \/>\n<meta property=\"og:image\" content=\"https:\/\/legitgrams.com\/wp-content\/uploads\/2024\/09\/buy-metho-methadone-hcl-powder-online.jpg\" \/>\n\t<meta property=\"og:image:width\" content=\"600\" \/>\n\t<meta property=\"og:image:height\" content=\"600\" \/>\n\t<meta property=\"og:image:type\" content=\"image\/jpeg\" \/>\n<meta name=\"twitter:card\" content=\"summary_large_image\" \/>\n<meta name=\"twitter:label1\" content=\"Dur\u00e9e de lecture est.\" \/>\n\t<meta name=\"twitter:data1\" content=\"2 minutes\" \/>\n<script type=\"application\/ld+json\" class=\"yoast-schema-graph\">{\"@context\":\"https:\/\/schema.org\",\"@graph\":[{\"@type\":\"WebPage\",\"@id\":\"https:\/\/legitgrams.com\/product\/metho-methadone-hcl-powder\/\",\"url\":\"https:\/\/legitgrams.com\/product\/metho-methadone-hcl-powder\/\",\"name\":\"Metho Methadone HCL Powder for Sale - Buy Metho Methadone\",\"isPartOf\":{\"@id\":\"https:\/\/legitgrams.com\/#website\"},\"primaryImageOfPage\":{\"@id\":\"https:\/\/legitgrams.com\/product\/metho-methadone-hcl-powder\/#primaryimage\"},\"image\":{\"@id\":\"https:\/\/legitgrams.com\/product\/metho-methadone-hcl-powder\/#primaryimage\"},\"thumbnailUrl\":\"https:\/\/legitgrams.com\/wp-content\/uploads\/2024\/09\/buy-metho-methadone-hcl-powder-online.jpg\",\"datePublished\":\"2024-09-22T06:43:20+00:00\",\"dateModified\":\"2025-04-03T08:12:13+00:00\",\"description\":\"If you have not tried Metho Methadone HCL powder from our store, then you are missing a lot. We will help you buy Metho Methadone HCL powder online at cheap rates. Get Metho Methadone HCL powder for sale today!\",\"breadcrumb\":{\"@id\":\"https:\/\/legitgrams.com\/product\/metho-methadone-hcl-powder\/#breadcrumb\"},\"inLanguage\":\"fr-BE\",\"potentialAction\":[{\"@type\":\"ReadAction\",\"target\":[\"https:\/\/legitgrams.com\/product\/metho-methadone-hcl-powder\/\"]}]},{\"@type\":\"ImageObject\",\"inLanguage\":\"fr-BE\",\"@id\":\"https:\/\/legitgrams.com\/product\/metho-methadone-hcl-powder\/#primaryimage\",\"url\":\"https:\/\/legitgrams.com\/wp-content\/uploads\/2024\/09\/buy-metho-methadone-hcl-powder-online.jpg\",\"contentUrl\":\"https:\/\/legitgrams.com\/wp-content\/uploads\/2024\/09\/buy-metho-methadone-hcl-powder-online.jpg\",\"width\":600,\"height\":600,\"caption\":\"Metho Methadone HCL Powder for Sale\"},{\"@type\":\"BreadcrumbList\",\"@id\":\"https:\/\/legitgrams.com\/product\/metho-methadone-hcl-powder\/#breadcrumb\",\"itemListElement\":[{\"@type\":\"ListItem\",\"position\":1,\"name\":\"Home\",\"item\":\"https:\/\/legitgrams.com\/\"},{\"@type\":\"ListItem\",\"position\":2,\"name\":\"Shop\",\"item\":\"https:\/\/legitgrams.com\/shop\/\"},{\"@type\":\"ListItem\",\"position\":3,\"name\":\"Buy Metho Methadone HCL powder Online\"}]},{\"@type\":\"WebSite\",\"@id\":\"https:\/\/legitgrams.com\/#website\",\"url\":\"https:\/\/legitgrams.com\/\",\"name\":\"Legit Grams\",\"description\":\"My WordPress Blog\",\"publisher\":{\"@id\":\"https:\/\/legitgrams.com\/#organization\"},\"potentialAction\":[{\"@type\":\"SearchAction\",\"target\":{\"@type\":\"EntryPoint\",\"urlTemplate\":\"https:\/\/legitgrams.com\/?s={search_term_string}\"},\"query-input\":{\"@type\":\"PropertyValueSpecification\",\"valueRequired\":true,\"valueName\":\"search_term_string\"}}],\"inLanguage\":\"fr-BE\"},{\"@type\":\"Organization\",\"@id\":\"https:\/\/legitgrams.com\/#organization\",\"name\":\"Legit Grams\",\"url\":\"https:\/\/legitgrams.com\/\",\"logo\":{\"@type\":\"ImageObject\",\"inLanguage\":\"fr-BE\",\"@id\":\"https:\/\/legitgrams.com\/#\/schema\/logo\/image\/\",\"url\":\"https:\/\/legitgrams.com\/wp-content\/uploads\/2024\/09\/main-logo.png\",\"contentUrl\":\"https:\/\/legitgrams.com\/wp-content\/uploads\/2024\/09\/main-logo.png\",\"width\":270,\"height\":75,\"caption\":\"Legit Grams\"},\"image\":{\"@id\":\"https:\/\/legitgrams.com\/#\/schema\/logo\/image\/\"}}]}<\/script>\n<!-- \/ Yoast SEO plugin. -->","yoast_head_json":{"title":"Poudre de m\u00e9thadone chlorhydrate de m\u00e9thadone \u00e0 vendre - Acheter de la m\u00e9thadone chlorhydrate de m\u00e9thadone","description":"Si vous n'avez pas encore essay\u00e9 Metho Methadone HCL powder de notre magasin, alors vous manquez beaucoup de choses. Nous vous aiderons \u00e0 acheter de la poudre de Metho Methadone HCL en ligne \u00e0 des prix bon march\u00e9. Obtenez de la Metho Methadone HCL en poudre \u00e0 vendre aujourd'hui !","robots":{"index":"index","follow":"follow","max-snippet":"max-snippet:-1","max-image-preview":"max-image-preview:large","max-video-preview":"max-video-preview:-1"},"canonical":"https:\/\/legitgrams.com\/fr\/produit\/metho-methadone-hcl-poudre\/","og_locale":"fr_FR","og_type":"article","og_title":"Metho Methadone HCL Powder for Sale - Buy Metho Methadone","og_description":"If you have not tried Metho Methadone HCL powder from our store, then you are missing a lot. We will help you buy Metho Methadone HCL powder online at cheap rates. Get Metho Methadone HCL powder for sale today!","og_url":"https:\/\/legitgrams.com\/fr\/produit\/metho-methadone-hcl-poudre\/","og_site_name":"Legit Grams","article_modified_time":"2025-04-03T08:12:13+00:00","og_image":[{"width":600,"height":600,"url":"https:\/\/legitgrams.com\/wp-content\/uploads\/2024\/09\/buy-metho-methadone-hcl-powder-online.jpg","type":"image\/jpeg"}],"twitter_card":"summary_large_image","twitter_misc":{"Dur\u00e9e de lecture est.":"2 minutes"},"schema":{"@context":"https:\/\/schema.org","@graph":[{"@type":"WebPage","@id":"https:\/\/legitgrams.com\/product\/metho-methadone-hcl-powder\/","url":"https:\/\/legitgrams.com\/product\/metho-methadone-hcl-powder\/","name":"Poudre de m\u00e9thadone chlorhydrate de m\u00e9thadone \u00e0 vendre - Acheter de la m\u00e9thadone chlorhydrate de m\u00e9thadone","isPartOf":{"@id":"https:\/\/legitgrams.com\/#website"},"primaryImageOfPage":{"@id":"https:\/\/legitgrams.com\/product\/metho-methadone-hcl-powder\/#primaryimage"},"image":{"@id":"https:\/\/legitgrams.com\/product\/metho-methadone-hcl-powder\/#primaryimage"},"thumbnailUrl":"https:\/\/legitgrams.com\/wp-content\/uploads\/2024\/09\/buy-metho-methadone-hcl-powder-online.jpg","datePublished":"2024-09-22T06:43:20+00:00","dateModified":"2025-04-03T08:12:13+00:00","description":"Si vous n'avez pas encore essay\u00e9 Metho Methadone HCL powder de notre magasin, alors vous manquez beaucoup de choses. Nous vous aiderons \u00e0 acheter de la poudre de Metho Methadone HCL en ligne \u00e0 des prix bon march\u00e9. Obtenez de la Metho Methadone HCL en poudre \u00e0 vendre aujourd'hui !","breadcrumb":{"@id":"https:\/\/legitgrams.com\/product\/metho-methadone-hcl-powder\/#breadcrumb"},"inLanguage":"fr-BE","potentialAction":[{"@type":"ReadAction","target":["https:\/\/legitgrams.com\/product\/metho-methadone-hcl-powder\/"]}]},{"@type":"ImageObject","inLanguage":"fr-BE","@id":"https:\/\/legitgrams.com\/product\/metho-methadone-hcl-powder\/#primaryimage","url":"https:\/\/legitgrams.com\/wp-content\/uploads\/2024\/09\/buy-metho-methadone-hcl-powder-online.jpg","contentUrl":"https:\/\/legitgrams.com\/wp-content\/uploads\/2024\/09\/buy-metho-methadone-hcl-powder-online.jpg","width":600,"height":600,"caption":"Metho Methadone HCL Powder for Sale"},{"@type":"BreadcrumbList","@id":"https:\/\/legitgrams.com\/product\/metho-methadone-hcl-powder\/#breadcrumb","itemListElement":[{"@type":"ListItem","position":1,"name":"Home","item":"https:\/\/legitgrams.com\/"},{"@type":"ListItem","position":2,"name":"Shop","item":"https:\/\/legitgrams.com\/shop\/"},{"@type":"ListItem","position":3,"name":"Buy Metho Methadone HCL powder Online"}]},{"@type":"WebSite","@id":"https:\/\/legitgrams.com\/#website","url":"https:\/\/legitgrams.com\/","name":"Les grammes l\u00e9gitimes","description":"Mon blog WordPress","publisher":{"@id":"https:\/\/legitgrams.com\/#organization"},"potentialAction":[{"@type":"SearchAction","target":{"@type":"EntryPoint","urlTemplate":"https:\/\/legitgrams.com\/?s={search_term_string}"},"query-input":{"@type":"PropertyValueSpecification","valueRequired":true,"valueName":"search_term_string"}}],"inLanguage":"fr-BE"},{"@type":"Organization","@id":"https:\/\/legitgrams.com\/#organization","name":"Les grammes l\u00e9gitimes","url":"https:\/\/legitgrams.com\/","logo":{"@type":"ImageObject","inLanguage":"fr-BE","@id":"https:\/\/legitgrams.com\/#\/schema\/logo\/image\/","url":"https:\/\/legitgrams.com\/wp-content\/uploads\/2024\/09\/main-logo.png","contentUrl":"https:\/\/legitgrams.com\/wp-content\/uploads\/2024\/09\/main-logo.png","width":270,"height":75,"caption":"Legit Grams"},"image":{"@id":"https:\/\/legitgrams.com\/#\/schema\/logo\/image\/"}}]}},"uagb_featured_image_src":{"full":["https:\/\/legitgrams.com\/wp-content\/uploads\/2024\/09\/buy-metho-methadone-hcl-powder-online.jpg",600,600,false],"thumbnail":["https:\/\/legitgrams.com\/wp-content\/uploads\/2024\/09\/buy-metho-methadone-hcl-powder-online-150x150.jpg",150,150,true],"medium":["https:\/\/legitgrams.com\/wp-content\/uploads\/2024\/09\/buy-metho-methadone-hcl-powder-online-300x300.jpg",300,300,true],"medium_large":["https:\/\/legitgrams.com\/wp-content\/uploads\/2024\/09\/buy-metho-methadone-hcl-powder-online.jpg",600,600,false],"large":["https:\/\/legitgrams.com\/wp-content\/uploads\/2024\/09\/buy-metho-methadone-hcl-powder-online.jpg",600,600,false],"1536x1536":["https:\/\/legitgrams.com\/wp-content\/uploads\/2024\/09\/buy-metho-methadone-hcl-powder-online.jpg",600,600,false],"2048x2048":["https:\/\/legitgrams.com\/wp-content\/uploads\/2024\/09\/buy-metho-methadone-hcl-powder-online.jpg",600,600,false],"trp-custom-language-flag":["https:\/\/legitgrams.com\/wp-content\/uploads\/2024\/09\/buy-metho-methadone-hcl-powder-online-12x12.jpg",12,12,true],"woocommerce_thumbnail":["https:\/\/legitgrams.com\/wp-content\/uploads\/2024\/09\/buy-metho-methadone-hcl-powder-online-300x300.jpg",300,300,true],"woocommerce_single":["https:\/\/legitgrams.com\/wp-content\/uploads\/2024\/09\/buy-metho-methadone-hcl-powder-online.jpg",600,600,false],"woocommerce_gallery_thumbnail":["https:\/\/legitgrams.com\/wp-content\/uploads\/2024\/09\/buy-metho-methadone-hcl-powder-online-100x100.jpg",100,100,true]},"uagb_author_info":{"display_name":"cokeblog18","author_link":"https:\/\/legitgrams.com\/fr\/author\/"},"uagb_comment_info":0,"uagb_excerpt":"Purchase 99.8% Pure Metho Methadone HCL Powder Online at Wholesale Prices. Moderate to severe pain is treated with metho (methadone HCL). Along with medical supervision and assistance, it is also used to treat drug addiction or control withdrawal symptoms in individuals undergoing therapy. This drug acts as a narcotic to reduce pain. How do packages&hellip;","_links":{"self":[{"href":"https:\/\/legitgrams.com\/fr\/wp-json\/wp\/v2\/product\/4233","targetHints":{"allow":["GET"]}}],"collection":[{"href":"https:\/\/legitgrams.com\/fr\/wp-json\/wp\/v2\/product"}],"about":[{"href":"https:\/\/legitgrams.com\/fr\/wp-json\/wp\/v2\/types\/product"}],"replies":[{"embeddable":true,"href":"https:\/\/legitgrams.com\/fr\/wp-json\/wp\/v2\/comments?post=4233"}],"wp:featuredmedia":[{"embeddable":true,"href":"https:\/\/legitgrams.com\/fr\/wp-json\/wp\/v2\/media\/5288"}],"wp:attachment":[{"href":"https:\/\/legitgrams.com\/fr\/wp-json\/wp\/v2\/media?parent=4233"}],"wp:term":[{"taxonomy":"product_brand","embeddable":true,"href":"https:\/\/legitgrams.com\/fr\/wp-json\/wp\/v2\/product_brand?post=4233"},{"taxonomy":"product_cat","embeddable":true,"href":"https:\/\/legitgrams.com\/fr\/wp-json\/wp\/v2\/product_cat?post=4233"},{"taxonomy":"product_tag","embeddable":true,"href":"https:\/\/legitgrams.com\/fr\/wp-json\/wp\/v2\/product_tag?post=4233"}],"curies":[{"name":"wp","href":"https:\/\/api.w.org\/{rel}","templated":true}]}}