{"id":4246,"date":"2024-09-22T06:58:30","date_gmt":"2024-09-22T06:58:30","guid":{"rendered":"https:\/\/legitgrams.com\/?post_type=product&#038;p=4246"},"modified":"2025-01-14T07:53:53","modified_gmt":"2025-01-14T07:53:53","slug":"lsd-liquide-200ug-goutte","status":"publish","type":"product","link":"https:\/\/legitgrams.com\/fr\/produit\/lsd-liquide-200ug-goutte\/","title":{"rendered":"LSD liquide 200ug Drop"},"content":{"rendered":"<h2>Achetez une goutte de 200 ug de LSD liquide en ligne.<\/h2>\n<p>Obtenez l<a href=\"https:\/\/legitgrams.com\/fr\/produit\/lsd-liquide-200ug-goutte\/\">iquid lsd 200ug<\/a> en ligne et d\u00e9posez-le \u00e0 un prix raisonnable.<\/p>\n<h3>Qu'est-ce que le LSD liquide ?<\/h3>\n<p>Les champignons de seigle contiennent un produit chimique utilis\u00e9 pour fabriquer une drogue hallucinog\u00e8ne appel\u00e9e LSD, ou acide lysergique di\u00e9thylamide. Son utilisation la plus connue remonte \u00e0 la contre-culture des ann\u00e9es 1960, et l'interdiction qui a suivi a port\u00e9 atteinte \u00e0 sa r\u00e9putation.<\/p>\n<p>Le LSD a \u00e9t\u00e9 produit en 1938 par le scientifique suisse Albert Hofmann dans son laboratoire de Zurich. Il a d\u00e9couvert par hasard ses propri\u00e9t\u00e9s hallucinog\u00e8nes en 1943 apr\u00e8s qu'une petite quantit\u00e9 de LSD se soit d\u00e9pos\u00e9e sur sa peau. <a href=\"https:\/\/legitgrams.com\/fr\/\">LegitGrams<\/a><\/p>\n<p>Procurez-vous du LSD. Le LSD, l\u2019un des hallucinog\u00e8nes les plus puissants du march\u00e9, poss\u00e8de un large \u00e9ventail d\u2019utilisations culturelles, spirituelles et th\u00e9rapeutiques.<\/p>\n<h3>Pharmacologie : Achetez 200 ug de LSD liquide et des gouttes en ligne \u00e0 bas prix<\/h3>\n<p>Lorsqu'il est pris en interne, le LSD agit comme un activateur du r\u00e9cepteur 5-HT (s\u00e9rotonine) et d\u00e9sactive les syst\u00e8mes qui r\u00e9gulent les niveaux de s\u00e9rotonine dans le cerveau, provoquant une augmentation notable des niveaux de s\u00e9rotonine. Obtenez 200 ug de LSD liquide \u00e0 prix r\u00e9duit en ligne. Le prix de 200 ug de LSD liquide<\/p>\n<p>Parmi les 15 r\u00e9cepteurs de s\u00e9rotonine pr\u00e9sents dans le cerveau, le LSD pr\u00e9f\u00e8re en premier lieu le sous-type 2A (5-HT2A). Le r\u00e9cepteur 5-HT2A est impliqu\u00e9 dans les processus cognitifs du cortex pr\u00e9frontal. \u00c9tant donn\u00e9 que de nombreux avantages du LSD proviennent du cortex pr\u00e9frontal, il s'agit d'un aspect important.<\/p>\n<h3>Comment le LSD est-il produit ?<\/h3>\n<p>Excellente connaissance pratique de la chimie organique, laboratoire enti\u00e8rement op\u00e9rationnel (avec chambre noire et capacit\u00e9 de st\u00e9rilisation des \u00e9quipements) et la Drug Enforcement Agency (DEA) surveille ou limite actuellement de mani\u00e8re agressive la vente de nombreux produits chimiques n\u00e9cessaires \u00e0 la fabrication du LSD. Contrairement aux ingr\u00e9dients n\u00e9cessaires \u00e0 la production de m\u00e9thamph\u00e9tamine, ces ingr\u00e9dients sont absents de la majorit\u00e9 des articles m\u00e9nagers courants.<\/p>\n<p>On pense que le cortex pr\u00e9frontal est impliqu\u00e9 dans la prise de d\u00e9cision, la planification du comportement cognitif complexe, la r\u00e9gulation du comportement social et l'expression de la personnalit\u00e9. Obtenez 200 ug de LSD liquide \u00e0 prix r\u00e9duit en ligne. La capacit\u00e9 de recevoir des informations des autres syst\u00e8mes c\u00e9r\u00e9braux et de les appliquer pour prendre des d\u00e9cisions ax\u00e9es sur des objectifs est tout aussi cruciale.<\/p>\n<p>Effets du LSD ? Les effets du LSD comprennent les suivants : Di\u00e9thylamide de l'acide lysergique, ou <a href=\"https:\/\/en.wikipedia.org\/wiki\/LSD\">LSD<\/a>, est une drogue ill\u00e9gale qui provoque des hallucinations et des alt\u00e9rations sensorielles.<\/p>\n<h2><\/h2>\n<h2><\/h2>\n<h2><\/h2>\n<h2><\/h2>\n<p>&nbsp;<\/p>","protected":false},"excerpt":{"rendered":"<p>Purchase a 200ug drop of liquid LSD online. Get liquid lsd 200ug online and drop it at a reasonable price. What is LSD Liquid? Rye mushrooms contain a chemical that is used to make the hallucinogenic drug known as LSD, or lysergic acid diethylamide. Its most well-known use was during the counterculture of the 1960s, &hellip;<\/p>\n<p class=\"read-more\"> <a class=\"\" href=\"https:\/\/legitgrams.com\/fr\/produit\/lsd-liquide-200ug-goutte\/\"> <span class=\"screen-reader-text\">LSD liquide 200ug Drop<\/span> Lire la suite \"<\/a><\/p>","protected":false},"featured_media":5285,"comment_status":"open","ping_status":"closed","template":"","meta":{"_uag_custom_page_level_css":"","site-sidebar-layout":"default","site-content-layout":"default","ast-global-header-display":"","ast-main-header-display":"","ast-hfb-above-header-display":"","ast-hfb-below-header-display":"","ast-hfb-mobile-header-display":"","site-post-title":"","ast-breadcrumbs-content":"","ast-featured-img":"","footer-sml-layout":"","theme-transparent-header-meta":"default","adv-header-id-meta":"","stick-header-meta":"default","header-above-stick-meta":"","header-main-stick-meta":"","header-below-stick-meta":"","_joinchat":[]},"product_brand":[],"product_cat":[600],"product_tag":[1704,1694,617,1686,1701,1698,1693,1685,1688,1696,1689,1687,1699,1706,1707,1705,1697,1702,1691,1703,1700,625,1692,1695,1690],"class_list":{"0":"post-4246","1":"product","2":"type-product","3":"status-publish","4":"has-post-thumbnail","6":"product_cat-research-chemicals-and-bath-salt","7":"product_tag-best-cheap-price-liquid-lsd-200ug-drop","8":"product_tag-best-place-to-buy-liquid-lsd-200ug-drop","9":"product_tag-bulk-online","10":"product_tag-buy-liquid-lsd-200ug-drop","11":"product_tag-cheap-liquid-lsd-200ug-drop","12":"product_tag-high-quality-liquid-lsd-200ug-drop","13":"product_tag-how-to-buy-liquid-lsd-200ug-drop","14":"product_tag-liquid-lsd-200ug-drop","15":"product_tag-liquid-lsd-200ug-drop-for-sale","16":"product_tag-liquid-lsd-200ug-drop-legally","17":"product_tag-liquid-lsd-200ug-drop-liquid-lsd-200ug-drop-supplier","18":"product_tag-liquid-lsd-200ug-drop-online","19":"product_tag-liquid-lsd-200ug-drop-store","20":"product_tag-liquid-lsd-200ug-drop-use","21":"product_tag-liquid-lsd-200ug-drop-wiki","22":"product_tag-liquid-lsd-200ug-drop-worldwide","23":"product_tag-liquid-lsd-200ug-dropprice","24":"product_tag-liquid-lsd-200ug-drops","25":"product_tag-order-liquid-lsd-200ug-drop","26":"product_tag-purcharse-liquid-lsd-200ug-drop","27":"product_tag-shop-liquid-lsd-200ug-drop","28":"product_tag-top-quality","29":"product_tag-where-to-buy-liquid-lsd-200ug-drop","30":"product_tag-where-to-order-liquid-lsd-200ug-drop","31":"product_tag-wholesale-liquid-lsd-200ug-drop","32":"desktop-align-left","33":"tablet-align-left","34":"mobile-align-left","35":"ast-product-gallery-layout-horizontal","36":"ast-product-gallery-with-no-image","37":"ast-product-single-variable","38":"ast-product-tabs-layout-horizontal","39":"ast-qv-on-image","41":"first","42":"instock","43":"shipping-taxable","44":"purchasable","45":"product-type-variable"},"yoast_head":"<!-- This site is optimized with the Yoast SEO plugin v25.9 - https:\/\/yoast.com\/wordpress\/plugins\/seo\/ -->\n<title>liquid LSD 200ug Drop for Sale - Buy liquid LSD 200ug Drop Online<\/title>\n<meta name=\"description\" content=\"You can get in touch with our Legitgrams store and buy liquid LSD 200ug Drop online. We have liquid LSD 200ug Drop for sale at cheap prices. Get yours at your place right away!\" \/>\n<meta name=\"robots\" content=\"index, follow, max-snippet:-1, max-image-preview:large, max-video-preview:-1\" \/>\n<link rel=\"canonical\" href=\"https:\/\/legitgrams.com\/fr\/produit\/lsd-liquide-200ug-goutte\/\" \/>\n<meta property=\"og:locale\" content=\"fr_FR\" \/>\n<meta property=\"og:type\" content=\"article\" \/>\n<meta property=\"og:title\" content=\"liquid LSD 200ug Drop for Sale - Buy liquid LSD 200ug Drop Online\" \/>\n<meta property=\"og:description\" content=\"You can get in touch with our Legitgrams store and buy liquid LSD 200ug Drop online. We have liquid LSD 200ug Drop for sale at cheap prices. Get yours at your place right away!\" \/>\n<meta property=\"og:url\" content=\"https:\/\/legitgrams.com\/fr\/produit\/lsd-liquide-200ug-goutte\/\" \/>\n<meta property=\"og:site_name\" content=\"Legit Grams\" \/>\n<meta property=\"article:modified_time\" content=\"2025-01-14T07:53:53+00:00\" \/>\n<meta property=\"og:image\" content=\"https:\/\/legitgrams.com\/wp-content\/uploads\/2024\/09\/buy-liquid-lsd-200ug-drop-online-cheap-1.jpg\" \/>\n\t<meta property=\"og:image:width\" content=\"600\" \/>\n\t<meta property=\"og:image:height\" content=\"600\" \/>\n\t<meta property=\"og:image:type\" content=\"image\/jpeg\" \/>\n<meta name=\"twitter:card\" content=\"summary_large_image\" \/>\n<meta name=\"twitter:label1\" content=\"Dur\u00e9e de lecture est.\" \/>\n\t<meta name=\"twitter:data1\" content=\"2 minutes\" \/>\n<script type=\"application\/ld+json\" class=\"yoast-schema-graph\">{\"@context\":\"https:\/\/schema.org\",\"@graph\":[{\"@type\":\"WebPage\",\"@id\":\"https:\/\/legitgrams.com\/product\/liquid-lsd-200ug-drop\/\",\"url\":\"https:\/\/legitgrams.com\/product\/liquid-lsd-200ug-drop\/\",\"name\":\"liquid LSD 200ug Drop for Sale - Buy liquid LSD 200ug Drop Online\",\"isPartOf\":{\"@id\":\"https:\/\/legitgrams.com\/#website\"},\"primaryImageOfPage\":{\"@id\":\"https:\/\/legitgrams.com\/product\/liquid-lsd-200ug-drop\/#primaryimage\"},\"image\":{\"@id\":\"https:\/\/legitgrams.com\/product\/liquid-lsd-200ug-drop\/#primaryimage\"},\"thumbnailUrl\":\"https:\/\/legitgrams.com\/wp-content\/uploads\/2024\/09\/buy-liquid-lsd-200ug-drop-online-cheap-1.jpg\",\"datePublished\":\"2024-09-22T06:58:30+00:00\",\"dateModified\":\"2025-01-14T07:53:53+00:00\",\"description\":\"You can get in touch with our Legitgrams store and buy liquid LSD 200ug Drop online. We have liquid LSD 200ug Drop for sale at cheap prices. Get yours at your place right away!\",\"breadcrumb\":{\"@id\":\"https:\/\/legitgrams.com\/product\/liquid-lsd-200ug-drop\/#breadcrumb\"},\"inLanguage\":\"fr-BE\",\"potentialAction\":[{\"@type\":\"ReadAction\",\"target\":[\"https:\/\/legitgrams.com\/product\/liquid-lsd-200ug-drop\/\"]}]},{\"@type\":\"ImageObject\",\"inLanguage\":\"fr-BE\",\"@id\":\"https:\/\/legitgrams.com\/product\/liquid-lsd-200ug-drop\/#primaryimage\",\"url\":\"https:\/\/legitgrams.com\/wp-content\/uploads\/2024\/09\/buy-liquid-lsd-200ug-drop-online-cheap-1.jpg\",\"contentUrl\":\"https:\/\/legitgrams.com\/wp-content\/uploads\/2024\/09\/buy-liquid-lsd-200ug-drop-online-cheap-1.jpg\",\"width\":600,\"height\":600,\"caption\":\"liquid LSD 200ug Drop for Sale\"},{\"@type\":\"BreadcrumbList\",\"@id\":\"https:\/\/legitgrams.com\/product\/liquid-lsd-200ug-drop\/#breadcrumb\",\"itemListElement\":[{\"@type\":\"ListItem\",\"position\":1,\"name\":\"Home\",\"item\":\"https:\/\/legitgrams.com\/\"},{\"@type\":\"ListItem\",\"position\":2,\"name\":\"Shop\",\"item\":\"https:\/\/legitgrams.com\/shop\/\"},{\"@type\":\"ListItem\",\"position\":3,\"name\":\"liquid LSD 200ug Drop\"}]},{\"@type\":\"WebSite\",\"@id\":\"https:\/\/legitgrams.com\/#website\",\"url\":\"https:\/\/legitgrams.com\/\",\"name\":\"Legit Grams\",\"description\":\"My WordPress Blog\",\"publisher\":{\"@id\":\"https:\/\/legitgrams.com\/#organization\"},\"potentialAction\":[{\"@type\":\"SearchAction\",\"target\":{\"@type\":\"EntryPoint\",\"urlTemplate\":\"https:\/\/legitgrams.com\/?s={search_term_string}\"},\"query-input\":{\"@type\":\"PropertyValueSpecification\",\"valueRequired\":true,\"valueName\":\"search_term_string\"}}],\"inLanguage\":\"fr-BE\"},{\"@type\":\"Organization\",\"@id\":\"https:\/\/legitgrams.com\/#organization\",\"name\":\"Legit Grams\",\"url\":\"https:\/\/legitgrams.com\/\",\"logo\":{\"@type\":\"ImageObject\",\"inLanguage\":\"fr-BE\",\"@id\":\"https:\/\/legitgrams.com\/#\/schema\/logo\/image\/\",\"url\":\"https:\/\/legitgrams.com\/wp-content\/uploads\/2024\/09\/main-logo.png\",\"contentUrl\":\"https:\/\/legitgrams.com\/wp-content\/uploads\/2024\/09\/main-logo.png\",\"width\":270,\"height\":75,\"caption\":\"Legit Grams\"},\"image\":{\"@id\":\"https:\/\/legitgrams.com\/#\/schema\/logo\/image\/\"}}]}<\/script>\n<!-- \/ Yoast SEO plugin. -->","yoast_head_json":{"title":"LSD liquide 200ug Drop \u00e0 vendre - Acheter LSD liquide 200ug Drop en ligne","description":"Vous pouvez contacter notre magasin Legitgrams et acheter du LSD liquide 200ug Drop en ligne. Nous avons du LSD liquide 200ug Drop \u00e0 vendre \u00e0 des prix bon march\u00e9. Obtenez le v\u00f4tre \u00e0 votre place imm\u00e9diatement !","robots":{"index":"index","follow":"follow","max-snippet":"max-snippet:-1","max-image-preview":"max-image-preview:large","max-video-preview":"max-video-preview:-1"},"canonical":"https:\/\/legitgrams.com\/fr\/produit\/lsd-liquide-200ug-goutte\/","og_locale":"fr_FR","og_type":"article","og_title":"liquid LSD 200ug Drop for Sale - Buy liquid LSD 200ug Drop Online","og_description":"You can get in touch with our Legitgrams store and buy liquid LSD 200ug Drop online. We have liquid LSD 200ug Drop for sale at cheap prices. Get yours at your place right away!","og_url":"https:\/\/legitgrams.com\/fr\/produit\/lsd-liquide-200ug-goutte\/","og_site_name":"Legit Grams","article_modified_time":"2025-01-14T07:53:53+00:00","og_image":[{"width":600,"height":600,"url":"https:\/\/legitgrams.com\/wp-content\/uploads\/2024\/09\/buy-liquid-lsd-200ug-drop-online-cheap-1.jpg","type":"image\/jpeg"}],"twitter_card":"summary_large_image","twitter_misc":{"Dur\u00e9e de lecture est.":"2 minutes"},"schema":{"@context":"https:\/\/schema.org","@graph":[{"@type":"WebPage","@id":"https:\/\/legitgrams.com\/product\/liquid-lsd-200ug-drop\/","url":"https:\/\/legitgrams.com\/product\/liquid-lsd-200ug-drop\/","name":"LSD liquide 200ug Drop \u00e0 vendre - Acheter LSD liquide 200ug Drop en ligne","isPartOf":{"@id":"https:\/\/legitgrams.com\/#website"},"primaryImageOfPage":{"@id":"https:\/\/legitgrams.com\/product\/liquid-lsd-200ug-drop\/#primaryimage"},"image":{"@id":"https:\/\/legitgrams.com\/product\/liquid-lsd-200ug-drop\/#primaryimage"},"thumbnailUrl":"https:\/\/legitgrams.com\/wp-content\/uploads\/2024\/09\/buy-liquid-lsd-200ug-drop-online-cheap-1.jpg","datePublished":"2024-09-22T06:58:30+00:00","dateModified":"2025-01-14T07:53:53+00:00","description":"Vous pouvez contacter notre magasin Legitgrams et acheter du LSD liquide 200ug Drop en ligne. Nous avons du LSD liquide 200ug Drop \u00e0 vendre \u00e0 des prix bon march\u00e9. Obtenez le v\u00f4tre \u00e0 votre place imm\u00e9diatement !","breadcrumb":{"@id":"https:\/\/legitgrams.com\/product\/liquid-lsd-200ug-drop\/#breadcrumb"},"inLanguage":"fr-BE","potentialAction":[{"@type":"ReadAction","target":["https:\/\/legitgrams.com\/product\/liquid-lsd-200ug-drop\/"]}]},{"@type":"ImageObject","inLanguage":"fr-BE","@id":"https:\/\/legitgrams.com\/product\/liquid-lsd-200ug-drop\/#primaryimage","url":"https:\/\/legitgrams.com\/wp-content\/uploads\/2024\/09\/buy-liquid-lsd-200ug-drop-online-cheap-1.jpg","contentUrl":"https:\/\/legitgrams.com\/wp-content\/uploads\/2024\/09\/buy-liquid-lsd-200ug-drop-online-cheap-1.jpg","width":600,"height":600,"caption":"liquid LSD 200ug Drop for Sale"},{"@type":"BreadcrumbList","@id":"https:\/\/legitgrams.com\/product\/liquid-lsd-200ug-drop\/#breadcrumb","itemListElement":[{"@type":"ListItem","position":1,"name":"Home","item":"https:\/\/legitgrams.com\/"},{"@type":"ListItem","position":2,"name":"Shop","item":"https:\/\/legitgrams.com\/shop\/"},{"@type":"ListItem","position":3,"name":"liquid LSD 200ug Drop"}]},{"@type":"WebSite","@id":"https:\/\/legitgrams.com\/#website","url":"https:\/\/legitgrams.com\/","name":"Les grammes l\u00e9gitimes","description":"Mon blog WordPress","publisher":{"@id":"https:\/\/legitgrams.com\/#organization"},"potentialAction":[{"@type":"SearchAction","target":{"@type":"EntryPoint","urlTemplate":"https:\/\/legitgrams.com\/?s={search_term_string}"},"query-input":{"@type":"PropertyValueSpecification","valueRequired":true,"valueName":"search_term_string"}}],"inLanguage":"fr-BE"},{"@type":"Organization","@id":"https:\/\/legitgrams.com\/#organization","name":"Les grammes l\u00e9gitimes","url":"https:\/\/legitgrams.com\/","logo":{"@type":"ImageObject","inLanguage":"fr-BE","@id":"https:\/\/legitgrams.com\/#\/schema\/logo\/image\/","url":"https:\/\/legitgrams.com\/wp-content\/uploads\/2024\/09\/main-logo.png","contentUrl":"https:\/\/legitgrams.com\/wp-content\/uploads\/2024\/09\/main-logo.png","width":270,"height":75,"caption":"Legit Grams"},"image":{"@id":"https:\/\/legitgrams.com\/#\/schema\/logo\/image\/"}}]}},"uagb_featured_image_src":{"full":["https:\/\/legitgrams.com\/wp-content\/uploads\/2024\/09\/buy-liquid-lsd-200ug-drop-online-cheap-1.jpg",600,600,false],"thumbnail":["https:\/\/legitgrams.com\/wp-content\/uploads\/2024\/09\/buy-liquid-lsd-200ug-drop-online-cheap-1-150x150.jpg",150,150,true],"medium":["https:\/\/legitgrams.com\/wp-content\/uploads\/2024\/09\/buy-liquid-lsd-200ug-drop-online-cheap-1-300x300.jpg",300,300,true],"medium_large":["https:\/\/legitgrams.com\/wp-content\/uploads\/2024\/09\/buy-liquid-lsd-200ug-drop-online-cheap-1.jpg",600,600,false],"large":["https:\/\/legitgrams.com\/wp-content\/uploads\/2024\/09\/buy-liquid-lsd-200ug-drop-online-cheap-1.jpg",600,600,false],"1536x1536":["https:\/\/legitgrams.com\/wp-content\/uploads\/2024\/09\/buy-liquid-lsd-200ug-drop-online-cheap-1.jpg",600,600,false],"2048x2048":["https:\/\/legitgrams.com\/wp-content\/uploads\/2024\/09\/buy-liquid-lsd-200ug-drop-online-cheap-1.jpg",600,600,false],"trp-custom-language-flag":["https:\/\/legitgrams.com\/wp-content\/uploads\/2024\/09\/buy-liquid-lsd-200ug-drop-online-cheap-1-12x12.jpg",12,12,true],"woocommerce_thumbnail":["https:\/\/legitgrams.com\/wp-content\/uploads\/2024\/09\/buy-liquid-lsd-200ug-drop-online-cheap-1-300x300.jpg",300,300,true],"woocommerce_single":["https:\/\/legitgrams.com\/wp-content\/uploads\/2024\/09\/buy-liquid-lsd-200ug-drop-online-cheap-1.jpg",600,600,false],"woocommerce_gallery_thumbnail":["https:\/\/legitgrams.com\/wp-content\/uploads\/2024\/09\/buy-liquid-lsd-200ug-drop-online-cheap-1-100x100.jpg",100,100,true]},"uagb_author_info":{"display_name":"cokeblog18","author_link":"https:\/\/legitgrams.com\/fr\/author\/"},"uagb_comment_info":0,"uagb_excerpt":"Purchase a 200ug drop of liquid LSD online. Get liquid lsd 200ug online and drop it at a reasonable price. What is LSD Liquid? Rye mushrooms contain a chemical that is used to make the hallucinogenic drug known as LSD, or lysergic acid diethylamide. Its most well-known use was during the counterculture of the 1960s,&hellip;","_links":{"self":[{"href":"https:\/\/legitgrams.com\/fr\/wp-json\/wp\/v2\/product\/4246","targetHints":{"allow":["GET"]}}],"collection":[{"href":"https:\/\/legitgrams.com\/fr\/wp-json\/wp\/v2\/product"}],"about":[{"href":"https:\/\/legitgrams.com\/fr\/wp-json\/wp\/v2\/types\/product"}],"replies":[{"embeddable":true,"href":"https:\/\/legitgrams.com\/fr\/wp-json\/wp\/v2\/comments?post=4246"}],"wp:featuredmedia":[{"embeddable":true,"href":"https:\/\/legitgrams.com\/fr\/wp-json\/wp\/v2\/media\/5285"}],"wp:attachment":[{"href":"https:\/\/legitgrams.com\/fr\/wp-json\/wp\/v2\/media?parent=4246"}],"wp:term":[{"taxonomy":"product_brand","embeddable":true,"href":"https:\/\/legitgrams.com\/fr\/wp-json\/wp\/v2\/product_brand?post=4246"},{"taxonomy":"product_cat","embeddable":true,"href":"https:\/\/legitgrams.com\/fr\/wp-json\/wp\/v2\/product_cat?post=4246"},{"taxonomy":"product_tag","embeddable":true,"href":"https:\/\/legitgrams.com\/fr\/wp-json\/wp\/v2\/product_tag?post=4246"}],"curies":[{"name":"wp","href":"https:\/\/api.w.org\/{rel}","templated":true}]}}