{"id":4247,"date":"2024-09-22T06:56:40","date_gmt":"2024-09-22T06:56:40","guid":{"rendered":"https:\/\/legitgrams.com\/?post_type=product&#038;p=4247"},"modified":"2025-01-14T10:02:58","modified_gmt":"2025-01-14T10:02:58","slug":"mmb-2201-poudre-pure","status":"publish","type":"product","link":"https:\/\/legitgrams.com\/fr\/produit\/mmb-2201-poudre-pure\/","title":{"rendered":"MMB-2201 Poudre Pure"},"content":{"rendered":"<h2>Achetez la poudre pure MMB-2201 en ligne<\/h2>\n<p><a href=\"https:\/\/legitgrams.com\/fr\/produit\/mmb-2201-poudre-pure\/\">Acheter MMB-2201 en ligne<\/a>Les cannabino\u00efdes sont des compos\u00e9s de recherche de haute qualit\u00e9. MDMB-2201 est propos\u00e9 en ligne par le fournisseur fiable Coinstar Chemical \u00e0 un prix r\u00e9duit.<\/p>\n<p>5f MDMB 2201 \u00e0 vendre sur Reddit MDMB 2201<\/p>\n<p>mmb-fub | mmbfub<\/p>\n<h3>Fub-akb48 | Fub2201<\/h3>\n<p>Le MMB-2201 peut \u00eatre achet\u00e9 en ligne. Ce puissant cannabino\u00efde synth\u00e9tique, \u00e0 base d'indole-3-carboxamide, est \u00e9galement appel\u00e9 5F-MMB-PICA, 5F-AMB-PICA et I-AMB. Il est utilis\u00e9 comme drogue de synth\u00e8se et comme composant actif dans les m\u00e9langes de cannabis synth\u00e9tique. Il a \u00e9t\u00e9 mentionn\u00e9 pour la premi\u00e8re fois en Russie et en Bi\u00e9lorussie en janvier 2014, mais il a depuis \u00e9t\u00e9 vendu dans un certain nombre d'autres pays.<\/p>\n<p>Le 5F-MDMB-2201 est un cannabino\u00efde synth\u00e9tique qui fait partie de la famille des indazoles, tout comme le MMB-2201. Le 5F-MDMB-2201 a un effet (agonismique) significatif sur les r\u00e9cepteurs CB1 et CB2. <a href=\"https:\/\/legitgrams.com\/fr\/\">LegitGrams<\/a><\/p>\n<p>Achat en ligne de poudre pure MMB-2201 Poudre pure MMB-2201, o\u00f9 acheter de la poudre pure MMB-2201, o\u00f9 acheter de la poudre pure MMB-2201 en ligne, o\u00f9 acheter de la poudre pure MMB-2201 pr\u00e8s de chez moi, o\u00f9 acheter de la poudre pure MMB-2201 en ligne, o\u00f9 acheter de la poudre pure MMB-2201 aux \u00c9tats-Unis, au Canada et au Royaume-Uni, acheter en ligne, fournisseurs, livraison s\u00e9curis\u00e9e, En ce moment, la poudre pure MMB-2201 est accessible. Les \u00c9tats-Unis autorisent-ils l'achat des <a href=\"https:\/\/en.wikipedia.org\/wiki\/AKB48\">MMB-2201<\/a> Poudre Pure ? Comment puis-je passer une commande de Poudre Pure MMB-2201 ? La Poudre Pure MMB-2201 est-elle l\u00e9gale au Canada<\/p>\n<h2><\/h2>\n<p>&nbsp;<\/p>","protected":false},"excerpt":{"rendered":"<p>Purchase Pure MMB-2201 Powder Online Purchase MMB-2201 online. Cannabinoids are high-quality research compounds. MDMB-2201 is offered online by reliable supplier Coinstar Chemical at a reduced price. 5f MDMB 2201 for sale on Reddit MDMB 2201 mmb-fub | mmbfub Fub-akb48 | Fub2201 MMB-2201 can be bought online. This potent synthetic cannabinoid, which is based on indole-3-carboxamide, &hellip;<\/p>\n<p class=\"read-more\"> <a class=\"\" href=\"https:\/\/legitgrams.com\/fr\/produit\/mmb-2201-poudre-pure\/\"> <span class=\"screen-reader-text\">MMB-2201 Poudre Pure<\/span> Lire la suite \"<\/a><\/p>","protected":false},"featured_media":5295,"comment_status":"open","ping_status":"closed","template":"","meta":{"_uag_custom_page_level_css":"","site-sidebar-layout":"default","site-content-layout":"default","ast-global-header-display":"","ast-main-header-display":"","ast-hfb-above-header-display":"","ast-hfb-below-header-display":"","ast-hfb-mobile-header-display":"","site-post-title":"","ast-breadcrumbs-content":"","ast-featured-img":"","footer-sml-layout":"","theme-transparent-header-meta":"default","adv-header-id-meta":"","stick-header-meta":"default","header-above-stick-meta":"","header-main-stick-meta":"","header-below-stick-meta":"","_joinchat":[]},"product_brand":[],"product_cat":[600],"product_tag":[1727,1717,617,1709,1724,1721,1716,1708,1711,1719,1712,1710,1722,1729,1730,1728,1720,1725,1714,1726,1723,625,1715,1718,1713],"class_list":{"0":"post-4247","1":"product","2":"type-product","3":"status-publish","4":"has-post-thumbnail","6":"product_cat-research-chemicals-and-bath-salt","7":"product_tag-best-cheap-price-mmb-2201-powder-pure","8":"product_tag-best-place-to-buy-mmb-2201-powder-pure","9":"product_tag-bulk-online","10":"product_tag-buy-mmb-2201-powder-pure","11":"product_tag-cheap-mmb-2201-powder-pure","12":"product_tag-high-quality-mmb-2201-powder-pure","13":"product_tag-how-to-buy-mmb-2201-powder-pure","14":"product_tag-mmb-2201-powder-pure","15":"product_tag-mmb-2201-powder-pure-for-sale","16":"product_tag-mmb-2201-powder-pure-legally","17":"product_tag-mmb-2201-powder-pure-mmb-2201-powder-pure-supplier","18":"product_tag-mmb-2201-powder-pure-online","19":"product_tag-mmb-2201-powder-pure-store","20":"product_tag-mmb-2201-powder-pure-use","21":"product_tag-mmb-2201-powder-pure-wiki","22":"product_tag-mmb-2201-powder-pure-worldwide","23":"product_tag-mmb-2201-powder-pureprice","24":"product_tag-mmb-2201-powder-pures","25":"product_tag-order-mmb-2201-powder-pure","26":"product_tag-purcharse-mmb-2201-powder-pure","27":"product_tag-shop-mmb-2201-powder-pure","28":"product_tag-top-quality","29":"product_tag-where-to-buy-mmb-2201-powder-pure","30":"product_tag-where-to-order-mmb-2201-powder-pure","31":"product_tag-wholesale-mmb-2201-powder-pure","32":"desktop-align-left","33":"tablet-align-left","34":"mobile-align-left","35":"ast-product-gallery-layout-horizontal","36":"ast-product-gallery-with-no-image","37":"ast-product-single-variable","38":"ast-product-tabs-layout-horizontal","39":"ast-qv-on-image","41":"first","42":"instock","43":"shipping-taxable","44":"purchasable","45":"product-type-variable"},"yoast_head":"<!-- This site is optimized with the Yoast SEO plugin v25.9 - https:\/\/yoast.com\/wordpress\/plugins\/seo\/ -->\n<title>MMB-2201 Powder Pure for Sale - Buy MMB-2201 Powder Online<\/title>\n<meta name=\"description\" content=\"If you have not tried MMB-2201 Powder Pure from our store, then you are missing a lot. We will help you buy MMB-2201 Powder Pure online at cheap rates. Get MMB-2201 Powder Pure for sale today!\" \/>\n<meta name=\"robots\" content=\"index, follow, max-snippet:-1, max-image-preview:large, max-video-preview:-1\" \/>\n<link rel=\"canonical\" href=\"https:\/\/legitgrams.com\/fr\/produit\/mmb-2201-poudre-pure\/\" \/>\n<meta property=\"og:locale\" content=\"fr_FR\" \/>\n<meta property=\"og:type\" content=\"article\" \/>\n<meta property=\"og:title\" content=\"MMB-2201 Powder Pure for Sale - Buy MMB-2201 Powder Online\" \/>\n<meta property=\"og:description\" content=\"If you have not tried MMB-2201 Powder Pure from our store, then you are missing a lot. We will help you buy MMB-2201 Powder Pure online at cheap rates. Get MMB-2201 Powder Pure for sale today!\" \/>\n<meta property=\"og:url\" content=\"https:\/\/legitgrams.com\/fr\/produit\/mmb-2201-poudre-pure\/\" \/>\n<meta property=\"og:site_name\" content=\"Legit Grams\" \/>\n<meta property=\"article:modified_time\" content=\"2025-01-14T10:02:58+00:00\" \/>\n<meta property=\"og:image\" content=\"https:\/\/legitgrams.com\/wp-content\/uploads\/2024\/09\/buy-online-mmb-2201-powder-pure-online.jpg\" \/>\n\t<meta property=\"og:image:width\" content=\"600\" \/>\n\t<meta property=\"og:image:height\" content=\"600\" \/>\n\t<meta property=\"og:image:type\" content=\"image\/jpeg\" \/>\n<meta name=\"twitter:card\" content=\"summary_large_image\" \/>\n<meta name=\"twitter:label1\" content=\"Dur\u00e9e de lecture est.\" \/>\n\t<meta name=\"twitter:data1\" content=\"3 minutes\" \/>\n<script type=\"application\/ld+json\" class=\"yoast-schema-graph\">{\"@context\":\"https:\/\/schema.org\",\"@graph\":[{\"@type\":\"WebPage\",\"@id\":\"https:\/\/legitgrams.com\/product\/mmb-2201-powder-pure\/\",\"url\":\"https:\/\/legitgrams.com\/product\/mmb-2201-powder-pure\/\",\"name\":\"MMB-2201 Powder Pure for Sale - Buy MMB-2201 Powder Online\",\"isPartOf\":{\"@id\":\"https:\/\/legitgrams.com\/#website\"},\"primaryImageOfPage\":{\"@id\":\"https:\/\/legitgrams.com\/product\/mmb-2201-powder-pure\/#primaryimage\"},\"image\":{\"@id\":\"https:\/\/legitgrams.com\/product\/mmb-2201-powder-pure\/#primaryimage\"},\"thumbnailUrl\":\"https:\/\/legitgrams.com\/wp-content\/uploads\/2024\/09\/buy-online-mmb-2201-powder-pure-online.jpg\",\"datePublished\":\"2024-09-22T06:56:40+00:00\",\"dateModified\":\"2025-01-14T10:02:58+00:00\",\"description\":\"If you have not tried MMB-2201 Powder Pure from our store, then you are missing a lot. We will help you buy MMB-2201 Powder Pure online at cheap rates. Get MMB-2201 Powder Pure for sale today!\",\"breadcrumb\":{\"@id\":\"https:\/\/legitgrams.com\/product\/mmb-2201-powder-pure\/#breadcrumb\"},\"inLanguage\":\"fr-BE\",\"potentialAction\":[{\"@type\":\"ReadAction\",\"target\":[\"https:\/\/legitgrams.com\/product\/mmb-2201-powder-pure\/\"]}]},{\"@type\":\"ImageObject\",\"inLanguage\":\"fr-BE\",\"@id\":\"https:\/\/legitgrams.com\/product\/mmb-2201-powder-pure\/#primaryimage\",\"url\":\"https:\/\/legitgrams.com\/wp-content\/uploads\/2024\/09\/buy-online-mmb-2201-powder-pure-online.jpg\",\"contentUrl\":\"https:\/\/legitgrams.com\/wp-content\/uploads\/2024\/09\/buy-online-mmb-2201-powder-pure-online.jpg\",\"width\":600,\"height\":600,\"caption\":\"MMB-2201 Powder Pure for Sale\"},{\"@type\":\"BreadcrumbList\",\"@id\":\"https:\/\/legitgrams.com\/product\/mmb-2201-powder-pure\/#breadcrumb\",\"itemListElement\":[{\"@type\":\"ListItem\",\"position\":1,\"name\":\"Home\",\"item\":\"https:\/\/legitgrams.com\/\"},{\"@type\":\"ListItem\",\"position\":2,\"name\":\"Shop\",\"item\":\"https:\/\/legitgrams.com\/shop\/\"},{\"@type\":\"ListItem\",\"position\":3,\"name\":\"MMB-2201 Powder Pure\"}]},{\"@type\":\"WebSite\",\"@id\":\"https:\/\/legitgrams.com\/#website\",\"url\":\"https:\/\/legitgrams.com\/\",\"name\":\"Legit Grams\",\"description\":\"My WordPress Blog\",\"publisher\":{\"@id\":\"https:\/\/legitgrams.com\/#organization\"},\"potentialAction\":[{\"@type\":\"SearchAction\",\"target\":{\"@type\":\"EntryPoint\",\"urlTemplate\":\"https:\/\/legitgrams.com\/?s={search_term_string}\"},\"query-input\":{\"@type\":\"PropertyValueSpecification\",\"valueRequired\":true,\"valueName\":\"search_term_string\"}}],\"inLanguage\":\"fr-BE\"},{\"@type\":\"Organization\",\"@id\":\"https:\/\/legitgrams.com\/#organization\",\"name\":\"Legit Grams\",\"url\":\"https:\/\/legitgrams.com\/\",\"logo\":{\"@type\":\"ImageObject\",\"inLanguage\":\"fr-BE\",\"@id\":\"https:\/\/legitgrams.com\/#\/schema\/logo\/image\/\",\"url\":\"https:\/\/legitgrams.com\/wp-content\/uploads\/2024\/09\/main-logo.png\",\"contentUrl\":\"https:\/\/legitgrams.com\/wp-content\/uploads\/2024\/09\/main-logo.png\",\"width\":270,\"height\":75,\"caption\":\"Legit Grams\"},\"image\":{\"@id\":\"https:\/\/legitgrams.com\/#\/schema\/logo\/image\/\"}}]}<\/script>\n<!-- \/ Yoast SEO plugin. -->","yoast_head_json":{"title":"Poudre pure MMB-2201 \u00e0 vendre - Achetez de la poudre MMB-2201 en ligne","description":"Si vous n'avez pas encore essay\u00e9 MMB-2201 Powder Pure dans notre magasin, alors vous manquez beaucoup de choses. Nous vous aiderons \u00e0 acheter MMB-2201 Powder Pure en ligne \u00e0 des prix avantageux. Obtenez MMB-2201 Powder Pure en vente d\u00e8s aujourd'hui !","robots":{"index":"index","follow":"follow","max-snippet":"max-snippet:-1","max-image-preview":"max-image-preview:large","max-video-preview":"max-video-preview:-1"},"canonical":"https:\/\/legitgrams.com\/fr\/produit\/mmb-2201-poudre-pure\/","og_locale":"fr_FR","og_type":"article","og_title":"MMB-2201 Powder Pure for Sale - Buy MMB-2201 Powder Online","og_description":"If you have not tried MMB-2201 Powder Pure from our store, then you are missing a lot. We will help you buy MMB-2201 Powder Pure online at cheap rates. Get MMB-2201 Powder Pure for sale today!","og_url":"https:\/\/legitgrams.com\/fr\/produit\/mmb-2201-poudre-pure\/","og_site_name":"Legit Grams","article_modified_time":"2025-01-14T10:02:58+00:00","og_image":[{"width":600,"height":600,"url":"https:\/\/legitgrams.com\/wp-content\/uploads\/2024\/09\/buy-online-mmb-2201-powder-pure-online.jpg","type":"image\/jpeg"}],"twitter_card":"summary_large_image","twitter_misc":{"Dur\u00e9e de lecture est.":"3 minutes"},"schema":{"@context":"https:\/\/schema.org","@graph":[{"@type":"WebPage","@id":"https:\/\/legitgrams.com\/product\/mmb-2201-powder-pure\/","url":"https:\/\/legitgrams.com\/product\/mmb-2201-powder-pure\/","name":"Poudre pure MMB-2201 \u00e0 vendre - Achetez de la poudre MMB-2201 en ligne","isPartOf":{"@id":"https:\/\/legitgrams.com\/#website"},"primaryImageOfPage":{"@id":"https:\/\/legitgrams.com\/product\/mmb-2201-powder-pure\/#primaryimage"},"image":{"@id":"https:\/\/legitgrams.com\/product\/mmb-2201-powder-pure\/#primaryimage"},"thumbnailUrl":"https:\/\/legitgrams.com\/wp-content\/uploads\/2024\/09\/buy-online-mmb-2201-powder-pure-online.jpg","datePublished":"2024-09-22T06:56:40+00:00","dateModified":"2025-01-14T10:02:58+00:00","description":"Si vous n'avez pas encore essay\u00e9 MMB-2201 Powder Pure dans notre magasin, alors vous manquez beaucoup de choses. Nous vous aiderons \u00e0 acheter MMB-2201 Powder Pure en ligne \u00e0 des prix avantageux. Obtenez MMB-2201 Powder Pure en vente d\u00e8s aujourd'hui !","breadcrumb":{"@id":"https:\/\/legitgrams.com\/product\/mmb-2201-powder-pure\/#breadcrumb"},"inLanguage":"fr-BE","potentialAction":[{"@type":"ReadAction","target":["https:\/\/legitgrams.com\/product\/mmb-2201-powder-pure\/"]}]},{"@type":"ImageObject","inLanguage":"fr-BE","@id":"https:\/\/legitgrams.com\/product\/mmb-2201-powder-pure\/#primaryimage","url":"https:\/\/legitgrams.com\/wp-content\/uploads\/2024\/09\/buy-online-mmb-2201-powder-pure-online.jpg","contentUrl":"https:\/\/legitgrams.com\/wp-content\/uploads\/2024\/09\/buy-online-mmb-2201-powder-pure-online.jpg","width":600,"height":600,"caption":"MMB-2201 Powder Pure for Sale"},{"@type":"BreadcrumbList","@id":"https:\/\/legitgrams.com\/product\/mmb-2201-powder-pure\/#breadcrumb","itemListElement":[{"@type":"ListItem","position":1,"name":"Home","item":"https:\/\/legitgrams.com\/"},{"@type":"ListItem","position":2,"name":"Shop","item":"https:\/\/legitgrams.com\/shop\/"},{"@type":"ListItem","position":3,"name":"MMB-2201 Powder Pure"}]},{"@type":"WebSite","@id":"https:\/\/legitgrams.com\/#website","url":"https:\/\/legitgrams.com\/","name":"Les grammes l\u00e9gitimes","description":"Mon blog WordPress","publisher":{"@id":"https:\/\/legitgrams.com\/#organization"},"potentialAction":[{"@type":"SearchAction","target":{"@type":"EntryPoint","urlTemplate":"https:\/\/legitgrams.com\/?s={search_term_string}"},"query-input":{"@type":"PropertyValueSpecification","valueRequired":true,"valueName":"search_term_string"}}],"inLanguage":"fr-BE"},{"@type":"Organization","@id":"https:\/\/legitgrams.com\/#organization","name":"Les grammes l\u00e9gitimes","url":"https:\/\/legitgrams.com\/","logo":{"@type":"ImageObject","inLanguage":"fr-BE","@id":"https:\/\/legitgrams.com\/#\/schema\/logo\/image\/","url":"https:\/\/legitgrams.com\/wp-content\/uploads\/2024\/09\/main-logo.png","contentUrl":"https:\/\/legitgrams.com\/wp-content\/uploads\/2024\/09\/main-logo.png","width":270,"height":75,"caption":"Legit Grams"},"image":{"@id":"https:\/\/legitgrams.com\/#\/schema\/logo\/image\/"}}]}},"uagb_featured_image_src":{"full":["https:\/\/legitgrams.com\/wp-content\/uploads\/2024\/09\/buy-online-mmb-2201-powder-pure-online.jpg",600,600,false],"thumbnail":["https:\/\/legitgrams.com\/wp-content\/uploads\/2024\/09\/buy-online-mmb-2201-powder-pure-online-150x150.jpg",150,150,true],"medium":["https:\/\/legitgrams.com\/wp-content\/uploads\/2024\/09\/buy-online-mmb-2201-powder-pure-online-300x300.jpg",300,300,true],"medium_large":["https:\/\/legitgrams.com\/wp-content\/uploads\/2024\/09\/buy-online-mmb-2201-powder-pure-online.jpg",600,600,false],"large":["https:\/\/legitgrams.com\/wp-content\/uploads\/2024\/09\/buy-online-mmb-2201-powder-pure-online.jpg",600,600,false],"1536x1536":["https:\/\/legitgrams.com\/wp-content\/uploads\/2024\/09\/buy-online-mmb-2201-powder-pure-online.jpg",600,600,false],"2048x2048":["https:\/\/legitgrams.com\/wp-content\/uploads\/2024\/09\/buy-online-mmb-2201-powder-pure-online.jpg",600,600,false],"trp-custom-language-flag":["https:\/\/legitgrams.com\/wp-content\/uploads\/2024\/09\/buy-online-mmb-2201-powder-pure-online-12x12.jpg",12,12,true],"woocommerce_thumbnail":["https:\/\/legitgrams.com\/wp-content\/uploads\/2024\/09\/buy-online-mmb-2201-powder-pure-online-300x300.jpg",300,300,true],"woocommerce_single":["https:\/\/legitgrams.com\/wp-content\/uploads\/2024\/09\/buy-online-mmb-2201-powder-pure-online.jpg",600,600,false],"woocommerce_gallery_thumbnail":["https:\/\/legitgrams.com\/wp-content\/uploads\/2024\/09\/buy-online-mmb-2201-powder-pure-online-100x100.jpg",100,100,true]},"uagb_author_info":{"display_name":"cokeblog18","author_link":"https:\/\/legitgrams.com\/fr\/author\/"},"uagb_comment_info":0,"uagb_excerpt":"Purchase Pure MMB-2201 Powder Online Purchase MMB-2201 online. Cannabinoids are high-quality research compounds. MDMB-2201 is offered online by reliable supplier Coinstar Chemical at a reduced price. 5f MDMB 2201 for sale on Reddit MDMB 2201 mmb-fub | mmbfub Fub-akb48 | Fub2201 MMB-2201 can be bought online. This potent synthetic cannabinoid, which is based on indole-3-carboxamide,&hellip;","_links":{"self":[{"href":"https:\/\/legitgrams.com\/fr\/wp-json\/wp\/v2\/product\/4247","targetHints":{"allow":["GET"]}}],"collection":[{"href":"https:\/\/legitgrams.com\/fr\/wp-json\/wp\/v2\/product"}],"about":[{"href":"https:\/\/legitgrams.com\/fr\/wp-json\/wp\/v2\/types\/product"}],"replies":[{"embeddable":true,"href":"https:\/\/legitgrams.com\/fr\/wp-json\/wp\/v2\/comments?post=4247"}],"wp:featuredmedia":[{"embeddable":true,"href":"https:\/\/legitgrams.com\/fr\/wp-json\/wp\/v2\/media\/5295"}],"wp:attachment":[{"href":"https:\/\/legitgrams.com\/fr\/wp-json\/wp\/v2\/media?parent=4247"}],"wp:term":[{"taxonomy":"product_brand","embeddable":true,"href":"https:\/\/legitgrams.com\/fr\/wp-json\/wp\/v2\/product_brand?post=4247"},{"taxonomy":"product_cat","embeddable":true,"href":"https:\/\/legitgrams.com\/fr\/wp-json\/wp\/v2\/product_cat?post=4247"},{"taxonomy":"product_tag","embeddable":true,"href":"https:\/\/legitgrams.com\/fr\/wp-json\/wp\/v2\/product_tag?post=4247"}],"curies":[{"name":"wp","href":"https:\/\/api.w.org\/{rel}","templated":true}]}}