{"id":4248,"date":"2024-09-22T07:01:57","date_gmt":"2024-09-22T07:01:57","guid":{"rendered":"https:\/\/legitgrams.com\/?post_type=product&#038;p=4248"},"modified":"2025-01-14T05:04:49","modified_gmt":"2025-01-14T05:04:49","slug":"fub-akb48-powder-1-oz-pure","status":"publish","type":"product","link":"https:\/\/legitgrams.com\/fr\/produit\/fub-akb48-powder-1-oz-pure\/","title":{"rendered":"Fub Akb48 Powder 1 oz Pure"},"content":{"rendered":"<h2>Achetez 1 oz de poudre pure Fub Akb48 en ligne.<\/h2>\n<p>Online, buy <a href=\"https:\/\/legitgrams.com\/fr\/produit\/fub-akb48-powder-1-oz-pure\/\">FUB-APINACA Pure Powder<\/a>. AFUBINACA, un cannabis synth\u00e9tique fabriqu\u00e9 \u00e0 partir d'indazole, \u00e9galement connu sous le nom de FUB-AKB48, est vendu en ligne comme m\u00e9dicament de synth\u00e8se. On pense qu'il s'agit d'un agoniste puissant du r\u00e9cepteur CB1. Le fluorobenzyle remplace la cha\u00eene du mamelon dans cet analogue du 5F-APINACA et de l'APINACA.<\/p>\n<p>FUB-AKB-48 est un agoniste complet avec des affinit\u00e9s de liaison de 0,174 nM pour le r\u00e9cepteur CB2 et de 1,06 nM pour le r\u00e9cepteur cannabino\u00efde CB1.<\/p>\n<p>Le 10 novembre 2014, l\u2019Autorit\u00e9 sanitaire su\u00e9doise a propos\u00e9 de classer le FUB-APINACA comme substance dangereuse. <a href=\"https:\/\/legitgrams.com\/fr\/\">LegitGrams<\/a><\/p>\n<h3>Acheter de la pur\u00e9e de fub-apinaka<\/h3>\n<p>Achetez une once de pur <a href=\"https:\/\/en.wikipedia.org\/wiki\/AKB48\">Fub Akb48<\/a> poudre en ligne en allant sur le site Web de Fub Akb48 Achetez 1 oz de poudre Fub Akb48 pure en ligne \u2013 Achetez Fub Akb48, achetez 1 oz de poudre Fub Akb48 pure en ligne, achetez 1 oz Pure en ligne O\u00f9 acheter 1 oz de poudre Fub Akb48 pure O\u00f9 acheter 1 oz de poudre Fub Akb48 pure en ligne, Poudre Fub Akb48 1 oz Pure \u00e0 vendre aux \u00c9tats-Unis, au Canada et au Royaume-Uni, achat en ligne, fournisseurs, livraison s\u00e9curis\u00e9e, achat de poudre Fub Akb48, Poudre Fub Akb48 1 oz Pure est toujours possible : Est-il l\u00e9gal d'acheter de la poudre Fub Akb48 1 oz Pure aux \u00c9tats-Unis ? Comment puis-je obtenir 1 oz de poudre Fub Akb48 pure ? Est-ce que Fub Akb48<\/p>","protected":false},"excerpt":{"rendered":"<p>Purchase 1 oz of pure Fub Akb48 powder online. Online, buy FUB-APINACA Pure Powder. A synthetic cannabis made from indazole, AFUBINACA\u2014also known as FUB-AKB48\u2014is sold online as a designer medication. It is believed to be a potent CB1 receptor agonist. Fluorobenzyl is substituted for the nipple chain in this analogue of 5F-APINACA and APINACA. FUB-AKB-48 &hellip;<\/p>\n<p class=\"read-more\"> <a class=\"\" href=\"https:\/\/legitgrams.com\/fr\/produit\/fub-akb48-powder-1-oz-pure\/\"> <span class=\"screen-reader-text\">Fub Akb48 Powder 1 oz Pure<\/span> Lire la suite \"<\/a><\/p>","protected":false},"featured_media":5279,"comment_status":"open","ping_status":"closed","template":"","meta":{"_uag_custom_page_level_css":"","site-sidebar-layout":"default","site-content-layout":"default","ast-global-header-display":"","ast-main-header-display":"","ast-hfb-above-header-display":"","ast-hfb-below-header-display":"","ast-hfb-mobile-header-display":"","site-post-title":"","ast-breadcrumbs-content":"","ast-featured-img":"","footer-sml-layout":"","theme-transparent-header-meta":"default","adv-header-id-meta":"","stick-header-meta":"default","header-above-stick-meta":"","header-main-stick-meta":"","header-below-stick-meta":"","_joinchat":[]},"product_brand":[],"product_cat":[600],"product_tag":[1681,1671,617,1663,1678,1662,1665,1666,1673,1664,1676,1683,1684,1682,1674,1679,1675,1670,1668,1680,1677,625,1669,1672,1667],"class_list":{"0":"post-4248","1":"product","2":"type-product","3":"status-publish","4":"has-post-thumbnail","6":"product_cat-research-chemicals-and-bath-salt","7":"product_tag-best-cheap-price-fub-akb48-powder-1-oz-pure","8":"product_tag-best-place-to-buy-fub-akb48-powder-1-oz-pure","9":"product_tag-bulk-online","10":"product_tag-buy-fub-akb48-powder-1-oz-pure","11":"product_tag-cheap-fub-akb48-powder-1-oz-pure","12":"product_tag-fub-akb48-powder-1-oz-pure","13":"product_tag-fub-akb48-powder-1-oz-pure-for-sale","14":"product_tag-fub-akb48-powder-1-oz-pure-fub-akb48-powder-1-oz-pure-supplier","15":"product_tag-fub-akb48-powder-1-oz-pure-legally","16":"product_tag-fub-akb48-powder-1-oz-pure-online","17":"product_tag-fub-akb48-powder-1-oz-pure-store","18":"product_tag-fub-akb48-powder-1-oz-pure-use","19":"product_tag-fub-akb48-powder-1-oz-pure-wiki","20":"product_tag-fub-akb48-powder-1-oz-pure-worldwide","21":"product_tag-fub-akb48-powder-1-oz-pureprice","22":"product_tag-fub-akb48-powder-1-oz-pures","23":"product_tag-high-quality-fub-akb48-powder-1-oz-pure","24":"product_tag-how-to-buy-fub-akb48-powder-1-oz-pure","25":"product_tag-order-fub-akb48-powder-1-oz-pure","26":"product_tag-purcharse-fub-akb48-powder-1-oz-pure","27":"product_tag-shop-fub-akb48-powder-1-oz-pure","28":"product_tag-top-quality","29":"product_tag-where-to-buy-fub-akb48-powder-1-oz-pure","30":"product_tag-where-to-order-fub-akb48-powder-1-oz-pure","31":"product_tag-wholesale-fub-akb48-powder-1-oz-pure","32":"desktop-align-left","33":"tablet-align-left","34":"mobile-align-left","35":"ast-product-gallery-layout-horizontal","36":"ast-product-gallery-with-no-image","37":"ast-product-single-variable","38":"ast-product-tabs-layout-horizontal","39":"ast-qv-on-image","41":"first","42":"instock","43":"shipping-taxable","44":"purchasable","45":"product-type-variable"},"yoast_head":"<!-- This site is optimized with the Yoast SEO plugin v25.9 - https:\/\/yoast.com\/wordpress\/plugins\/seo\/ -->\n<title>Fub Akb48 Powder for Sale - Order Fub Akb48 Powder Online<\/title>\n<meta name=\"description\" content=\"Buy Fub Akb48 Powder online from our trusted online store for top-quality products. Get Fub Akb48 Powder for sale easily and securely on our platform for ultimate customer satisfaction. Order Now!\" \/>\n<meta name=\"robots\" content=\"index, follow, max-snippet:-1, max-image-preview:large, max-video-preview:-1\" \/>\n<link rel=\"canonical\" href=\"https:\/\/legitgrams.com\/fr\/produit\/fub-akb48-powder-1-oz-pure\/\" \/>\n<meta property=\"og:locale\" content=\"fr_FR\" \/>\n<meta property=\"og:type\" content=\"article\" \/>\n<meta property=\"og:title\" content=\"Fub Akb48 Powder for Sale - Order Fub Akb48 Powder Online\" \/>\n<meta property=\"og:description\" content=\"Buy Fub Akb48 Powder online from our trusted online store for top-quality products. Get Fub Akb48 Powder for sale easily and securely on our platform for ultimate customer satisfaction. Order Now!\" \/>\n<meta property=\"og:url\" content=\"https:\/\/legitgrams.com\/fr\/produit\/fub-akb48-powder-1-oz-pure\/\" \/>\n<meta property=\"og:site_name\" content=\"Legit Grams\" \/>\n<meta property=\"article:modified_time\" content=\"2025-01-14T05:04:49+00:00\" \/>\n<meta property=\"og:image\" content=\"https:\/\/legitgrams.com\/wp-content\/uploads\/2024\/09\/buy-fub-AKB48-powder-1-or-pure.jpg\" \/>\n\t<meta property=\"og:image:width\" content=\"600\" \/>\n\t<meta property=\"og:image:height\" content=\"600\" \/>\n\t<meta property=\"og:image:type\" content=\"image\/jpeg\" \/>\n<meta name=\"twitter:card\" content=\"summary_large_image\" \/>\n<meta name=\"twitter:label1\" content=\"Dur\u00e9e de lecture est.\" \/>\n\t<meta name=\"twitter:data1\" content=\"2 minutes\" \/>\n<script type=\"application\/ld+json\" class=\"yoast-schema-graph\">{\"@context\":\"https:\/\/schema.org\",\"@graph\":[{\"@type\":\"WebPage\",\"@id\":\"https:\/\/legitgrams.com\/product\/fub-akb48-powder-1-oz-pure\/\",\"url\":\"https:\/\/legitgrams.com\/product\/fub-akb48-powder-1-oz-pure\/\",\"name\":\"Fub Akb48 Powder for Sale - Order Fub Akb48 Powder Online\",\"isPartOf\":{\"@id\":\"https:\/\/legitgrams.com\/#website\"},\"primaryImageOfPage\":{\"@id\":\"https:\/\/legitgrams.com\/product\/fub-akb48-powder-1-oz-pure\/#primaryimage\"},\"image\":{\"@id\":\"https:\/\/legitgrams.com\/product\/fub-akb48-powder-1-oz-pure\/#primaryimage\"},\"thumbnailUrl\":\"https:\/\/legitgrams.com\/wp-content\/uploads\/2024\/09\/buy-fub-AKB48-powder-1-or-pure.jpg\",\"datePublished\":\"2024-09-22T07:01:57+00:00\",\"dateModified\":\"2025-01-14T05:04:49+00:00\",\"description\":\"Buy Fub Akb48 Powder online from our trusted online store for top-quality products. Get Fub Akb48 Powder for sale easily and securely on our platform for ultimate customer satisfaction. Order Now!\",\"breadcrumb\":{\"@id\":\"https:\/\/legitgrams.com\/product\/fub-akb48-powder-1-oz-pure\/#breadcrumb\"},\"inLanguage\":\"fr-BE\",\"potentialAction\":[{\"@type\":\"ReadAction\",\"target\":[\"https:\/\/legitgrams.com\/product\/fub-akb48-powder-1-oz-pure\/\"]}]},{\"@type\":\"ImageObject\",\"inLanguage\":\"fr-BE\",\"@id\":\"https:\/\/legitgrams.com\/product\/fub-akb48-powder-1-oz-pure\/#primaryimage\",\"url\":\"https:\/\/legitgrams.com\/wp-content\/uploads\/2024\/09\/buy-fub-AKB48-powder-1-or-pure.jpg\",\"contentUrl\":\"https:\/\/legitgrams.com\/wp-content\/uploads\/2024\/09\/buy-fub-AKB48-powder-1-or-pure.jpg\",\"width\":600,\"height\":600,\"caption\":\"Fub Akb48 Powder for Sale\"},{\"@type\":\"BreadcrumbList\",\"@id\":\"https:\/\/legitgrams.com\/product\/fub-akb48-powder-1-oz-pure\/#breadcrumb\",\"itemListElement\":[{\"@type\":\"ListItem\",\"position\":1,\"name\":\"Home\",\"item\":\"https:\/\/legitgrams.com\/\"},{\"@type\":\"ListItem\",\"position\":2,\"name\":\"Shop\",\"item\":\"https:\/\/legitgrams.com\/shop\/\"},{\"@type\":\"ListItem\",\"position\":3,\"name\":\"Fub Akb48 Powder 1 oz Pure\"}]},{\"@type\":\"WebSite\",\"@id\":\"https:\/\/legitgrams.com\/#website\",\"url\":\"https:\/\/legitgrams.com\/\",\"name\":\"Legit Grams\",\"description\":\"My WordPress Blog\",\"publisher\":{\"@id\":\"https:\/\/legitgrams.com\/#organization\"},\"potentialAction\":[{\"@type\":\"SearchAction\",\"target\":{\"@type\":\"EntryPoint\",\"urlTemplate\":\"https:\/\/legitgrams.com\/?s={search_term_string}\"},\"query-input\":{\"@type\":\"PropertyValueSpecification\",\"valueRequired\":true,\"valueName\":\"search_term_string\"}}],\"inLanguage\":\"fr-BE\"},{\"@type\":\"Organization\",\"@id\":\"https:\/\/legitgrams.com\/#organization\",\"name\":\"Legit Grams\",\"url\":\"https:\/\/legitgrams.com\/\",\"logo\":{\"@type\":\"ImageObject\",\"inLanguage\":\"fr-BE\",\"@id\":\"https:\/\/legitgrams.com\/#\/schema\/logo\/image\/\",\"url\":\"https:\/\/legitgrams.com\/wp-content\/uploads\/2024\/09\/main-logo.png\",\"contentUrl\":\"https:\/\/legitgrams.com\/wp-content\/uploads\/2024\/09\/main-logo.png\",\"width\":270,\"height\":75,\"caption\":\"Legit Grams\"},\"image\":{\"@id\":\"https:\/\/legitgrams.com\/#\/schema\/logo\/image\/\"}}]}<\/script>\n<!-- \/ Yoast SEO plugin. -->","yoast_head_json":{"title":"Fub Akb48 Powder for Sale - Commander Fub Akb48 Powder en ligne","description":"Achetez Fub Akb48 Powder en ligne \u00e0 partir de notre magasin en ligne de confiance pour des produits de qualit\u00e9 sup\u00e9rieure. Obtenez Fub Akb48 Powder en vente facilement et en toute s\u00e9curit\u00e9 sur notre plateforme pour une satisfaction client ultime. Commandez maintenant !","robots":{"index":"index","follow":"follow","max-snippet":"max-snippet:-1","max-image-preview":"max-image-preview:large","max-video-preview":"max-video-preview:-1"},"canonical":"https:\/\/legitgrams.com\/fr\/produit\/fub-akb48-powder-1-oz-pure\/","og_locale":"fr_FR","og_type":"article","og_title":"Fub Akb48 Powder for Sale - Order Fub Akb48 Powder Online","og_description":"Buy Fub Akb48 Powder online from our trusted online store for top-quality products. Get Fub Akb48 Powder for sale easily and securely on our platform for ultimate customer satisfaction. Order Now!","og_url":"https:\/\/legitgrams.com\/fr\/produit\/fub-akb48-powder-1-oz-pure\/","og_site_name":"Legit Grams","article_modified_time":"2025-01-14T05:04:49+00:00","og_image":[{"width":600,"height":600,"url":"https:\/\/legitgrams.com\/wp-content\/uploads\/2024\/09\/buy-fub-AKB48-powder-1-or-pure.jpg","type":"image\/jpeg"}],"twitter_card":"summary_large_image","twitter_misc":{"Dur\u00e9e de lecture est.":"2 minutes"},"schema":{"@context":"https:\/\/schema.org","@graph":[{"@type":"WebPage","@id":"https:\/\/legitgrams.com\/product\/fub-akb48-powder-1-oz-pure\/","url":"https:\/\/legitgrams.com\/product\/fub-akb48-powder-1-oz-pure\/","name":"Fub Akb48 Powder for Sale - Commander Fub Akb48 Powder en ligne","isPartOf":{"@id":"https:\/\/legitgrams.com\/#website"},"primaryImageOfPage":{"@id":"https:\/\/legitgrams.com\/product\/fub-akb48-powder-1-oz-pure\/#primaryimage"},"image":{"@id":"https:\/\/legitgrams.com\/product\/fub-akb48-powder-1-oz-pure\/#primaryimage"},"thumbnailUrl":"https:\/\/legitgrams.com\/wp-content\/uploads\/2024\/09\/buy-fub-AKB48-powder-1-or-pure.jpg","datePublished":"2024-09-22T07:01:57+00:00","dateModified":"2025-01-14T05:04:49+00:00","description":"Achetez Fub Akb48 Powder en ligne \u00e0 partir de notre magasin en ligne de confiance pour des produits de qualit\u00e9 sup\u00e9rieure. Obtenez Fub Akb48 Powder en vente facilement et en toute s\u00e9curit\u00e9 sur notre plateforme pour une satisfaction client ultime. Commandez maintenant !","breadcrumb":{"@id":"https:\/\/legitgrams.com\/product\/fub-akb48-powder-1-oz-pure\/#breadcrumb"},"inLanguage":"fr-BE","potentialAction":[{"@type":"ReadAction","target":["https:\/\/legitgrams.com\/product\/fub-akb48-powder-1-oz-pure\/"]}]},{"@type":"ImageObject","inLanguage":"fr-BE","@id":"https:\/\/legitgrams.com\/product\/fub-akb48-powder-1-oz-pure\/#primaryimage","url":"https:\/\/legitgrams.com\/wp-content\/uploads\/2024\/09\/buy-fub-AKB48-powder-1-or-pure.jpg","contentUrl":"https:\/\/legitgrams.com\/wp-content\/uploads\/2024\/09\/buy-fub-AKB48-powder-1-or-pure.jpg","width":600,"height":600,"caption":"Fub Akb48 Powder for Sale"},{"@type":"BreadcrumbList","@id":"https:\/\/legitgrams.com\/product\/fub-akb48-powder-1-oz-pure\/#breadcrumb","itemListElement":[{"@type":"ListItem","position":1,"name":"Home","item":"https:\/\/legitgrams.com\/"},{"@type":"ListItem","position":2,"name":"Shop","item":"https:\/\/legitgrams.com\/shop\/"},{"@type":"ListItem","position":3,"name":"Fub Akb48 Powder 1 oz Pure"}]},{"@type":"WebSite","@id":"https:\/\/legitgrams.com\/#website","url":"https:\/\/legitgrams.com\/","name":"Les grammes l\u00e9gitimes","description":"Mon blog WordPress","publisher":{"@id":"https:\/\/legitgrams.com\/#organization"},"potentialAction":[{"@type":"SearchAction","target":{"@type":"EntryPoint","urlTemplate":"https:\/\/legitgrams.com\/?s={search_term_string}"},"query-input":{"@type":"PropertyValueSpecification","valueRequired":true,"valueName":"search_term_string"}}],"inLanguage":"fr-BE"},{"@type":"Organization","@id":"https:\/\/legitgrams.com\/#organization","name":"Les grammes l\u00e9gitimes","url":"https:\/\/legitgrams.com\/","logo":{"@type":"ImageObject","inLanguage":"fr-BE","@id":"https:\/\/legitgrams.com\/#\/schema\/logo\/image\/","url":"https:\/\/legitgrams.com\/wp-content\/uploads\/2024\/09\/main-logo.png","contentUrl":"https:\/\/legitgrams.com\/wp-content\/uploads\/2024\/09\/main-logo.png","width":270,"height":75,"caption":"Legit Grams"},"image":{"@id":"https:\/\/legitgrams.com\/#\/schema\/logo\/image\/"}}]}},"uagb_featured_image_src":{"full":["https:\/\/legitgrams.com\/wp-content\/uploads\/2024\/09\/buy-fub-AKB48-powder-1-or-pure.jpg",600,600,false],"thumbnail":["https:\/\/legitgrams.com\/wp-content\/uploads\/2024\/09\/buy-fub-AKB48-powder-1-or-pure-150x150.jpg",150,150,true],"medium":["https:\/\/legitgrams.com\/wp-content\/uploads\/2024\/09\/buy-fub-AKB48-powder-1-or-pure-300x300.jpg",300,300,true],"medium_large":["https:\/\/legitgrams.com\/wp-content\/uploads\/2024\/09\/buy-fub-AKB48-powder-1-or-pure.jpg",600,600,false],"large":["https:\/\/legitgrams.com\/wp-content\/uploads\/2024\/09\/buy-fub-AKB48-powder-1-or-pure.jpg",600,600,false],"1536x1536":["https:\/\/legitgrams.com\/wp-content\/uploads\/2024\/09\/buy-fub-AKB48-powder-1-or-pure.jpg",600,600,false],"2048x2048":["https:\/\/legitgrams.com\/wp-content\/uploads\/2024\/09\/buy-fub-AKB48-powder-1-or-pure.jpg",600,600,false],"trp-custom-language-flag":["https:\/\/legitgrams.com\/wp-content\/uploads\/2024\/09\/buy-fub-AKB48-powder-1-or-pure-12x12.jpg",12,12,true],"woocommerce_thumbnail":["https:\/\/legitgrams.com\/wp-content\/uploads\/2024\/09\/buy-fub-AKB48-powder-1-or-pure-300x300.jpg",300,300,true],"woocommerce_single":["https:\/\/legitgrams.com\/wp-content\/uploads\/2024\/09\/buy-fub-AKB48-powder-1-or-pure.jpg",600,600,false],"woocommerce_gallery_thumbnail":["https:\/\/legitgrams.com\/wp-content\/uploads\/2024\/09\/buy-fub-AKB48-powder-1-or-pure-100x100.jpg",100,100,true]},"uagb_author_info":{"display_name":"cokeblog18","author_link":"https:\/\/legitgrams.com\/fr\/author\/"},"uagb_comment_info":0,"uagb_excerpt":"Purchase 1 oz of pure Fub Akb48 powder online. Online, buy FUB-APINACA Pure Powder. A synthetic cannabis made from indazole, AFUBINACA\u2014also known as FUB-AKB48\u2014is sold online as a designer medication. It is believed to be a potent CB1 receptor agonist. Fluorobenzyl is substituted for the nipple chain in this analogue of 5F-APINACA and APINACA. FUB-AKB-48&hellip;","_links":{"self":[{"href":"https:\/\/legitgrams.com\/fr\/wp-json\/wp\/v2\/product\/4248","targetHints":{"allow":["GET"]}}],"collection":[{"href":"https:\/\/legitgrams.com\/fr\/wp-json\/wp\/v2\/product"}],"about":[{"href":"https:\/\/legitgrams.com\/fr\/wp-json\/wp\/v2\/types\/product"}],"replies":[{"embeddable":true,"href":"https:\/\/legitgrams.com\/fr\/wp-json\/wp\/v2\/comments?post=4248"}],"wp:featuredmedia":[{"embeddable":true,"href":"https:\/\/legitgrams.com\/fr\/wp-json\/wp\/v2\/media\/5279"}],"wp:attachment":[{"href":"https:\/\/legitgrams.com\/fr\/wp-json\/wp\/v2\/media?parent=4248"}],"wp:term":[{"taxonomy":"product_brand","embeddable":true,"href":"https:\/\/legitgrams.com\/fr\/wp-json\/wp\/v2\/product_brand?post=4248"},{"taxonomy":"product_cat","embeddable":true,"href":"https:\/\/legitgrams.com\/fr\/wp-json\/wp\/v2\/product_cat?post=4248"},{"taxonomy":"product_tag","embeddable":true,"href":"https:\/\/legitgrams.com\/fr\/wp-json\/wp\/v2\/product_tag?post=4248"}],"curies":[{"name":"wp","href":"https:\/\/api.w.org\/{rel}","templated":true}]}}