{"id":4250,"date":"2024-09-22T07:10:45","date_gmt":"2024-09-22T07:10:45","guid":{"rendered":"https:\/\/legitgrams.com\/?post_type=product&#038;p=4250"},"modified":"2025-01-14T08:14:53","modified_gmt":"2025-01-14T08:14:53","slug":"goutte-de-lsd-liquide","status":"publish","type":"product","link":"https:\/\/legitgrams.com\/fr\/produit\/goutte-de-lsd-liquide\/","title":{"rendered":"LSD liquide Drop"},"content":{"rendered":"<h2>Acheter du LSD liquide 200ug Drop en ligne : Qu'est-ce que le LSD liquide ?<\/h2>\n<p>Les champignons de seigle contiennent un produit chimique utilis\u00e9 pour fabriquer une drogue hallucinog\u00e8ne appel\u00e9e LSD, ou acide lysergique di\u00e9thylamide. Son utilisation la plus connue remonte \u00e0 la contre-culture des ann\u00e9es 1960, et l'interdiction qui a suivi a port\u00e9 atteinte \u00e0 sa r\u00e9putation.<\/p>\n<p>Le LSD a \u00e9t\u00e9 produit en 1938 par le scientifique suisse Albert Hofmann dans son laboratoire de Zurich. Il a d\u00e9couvert par hasard ses propri\u00e9t\u00e9s hallucinog\u00e8nes en 1943 apr\u00e8s qu'une petite quantit\u00e9 de LSD se soit d\u00e9pos\u00e9e sur sa peau.<\/p>\n<p>Procurez-vous du LSD. Le LSD, l\u2019un des hallucinog\u00e8nes les plus puissants du march\u00e9, poss\u00e8de un large \u00e9ventail d\u2019utilisations culturelles, spirituelles et th\u00e9rapeutiques.<\/p>\n<h3>Pharmacologie : Achetez 200 ug de LSD liquide et des gouttes en ligne \u00e0 bas prix<\/h3>\n<p>Quand <a href=\"https:\/\/legitgrams.com\/fr\/produit\/goutte-de-lsd-liquide\/\">LSD<\/a> est consomm\u00e9, il active le r\u00e9cepteur 5-HT (s\u00e9rotonine), ce qui entra\u00eene une augmentation majeure en inhibant les syst\u00e8mes qui r\u00e9gulent les niveaux de s\u00e9rotonine du cerveau. Obtenez 200 ug de LSD liquide \u00e0 prix r\u00e9duit en ligne. Le prix de 200 ug de LSD liquide Parmi les 15 r\u00e9cepteurs de s\u00e9rotonine diff\u00e9rents du cerveau, le LSD pr\u00e9f\u00e8re principalement le sous-type 2A (5-HT2A). Le r\u00e9cepteur 5-HT2A est impliqu\u00e9 dans les processus cognitifs du cortex pr\u00e9frontal. \u00c9tant donn\u00e9 que de nombreux avantages du LSD proviennent du cortex pr\u00e9frontal, il s\u2019agit d\u2019un aspect important. <a href=\"https:\/\/legitgrams.com\/fr\/\">LegitGrams<\/a><\/p>\n<h3>Comment le LSD est-il produit ?<\/h3>\n<p>Une compr\u00e9hension approfondie de la chimie organique, un laboratoire enti\u00e8rement op\u00e9rationnel (avec acc\u00e8s \u00e0 une chambre noire et la capacit\u00e9 de st\u00e9riliser l'\u00e9quipement) et certains compos\u00e9s qui sont d\u00e9sormais interdits ou dont la vente est strictement r\u00e9glement\u00e9e par la production <a href=\"https:\/\/en.wikipedia.org\/wiki\/LSD\">LSD<\/a>, la Drug Enforcement Agency (DEA) est requise.<\/p>\n<p>Contrairement aux ingr\u00e9dients n\u00e9cessaires \u00e0 la production de m\u00e9thamph\u00e9tamine, ces ingr\u00e9dients sont absents de la majorit\u00e9 des produits m\u00e9nagers courants.<\/p>\n<p>On pense que le cortex pr\u00e9frontal est impliqu\u00e9 dans la prise de d\u00e9cision, la planification du comportement cognitif complexe, la r\u00e9gulation du comportement social et l'expression de la personnalit\u00e9. Obtenez 200 ug de LSD liquide \u00e0 prix r\u00e9duit en ligne. La capacit\u00e9 de recevoir des informations des autres syst\u00e8mes c\u00e9r\u00e9braux et de les appliquer pour prendre des d\u00e9cisions ax\u00e9es sur des objectifs est tout aussi cruciale.<\/p>\n<p>Acheter du LSD liquide 200ug en ligne : Acheter du LSD liquide, acheter du LSD liquide 200ug en ligne, acheter du LSD liquide en ligne, O\u00f9 puis-je acheter du LSD liquide 200ug en ligne ?, Acheter du LSD liquide 200ug en ligne, Acheter du LSD liquide 200ug en ligne, Acheter du LSD liquide 200ug en ligne, Acheter du LSD liquide 200ug en ligne, Acheter du LSD liquide 200ug en ligne, Acheter 200ug de LSD liquide, Acheter 200ug de LSD liquide en ligne aux \u00c9tats-Unis, au Canada et au Royaume-Uni, Acheter en ligne, Fournisseurs, Livraison s\u00e9curis\u00e9e, Il reste encore des gouttes de 200 ug de LSD liquide disponibles. Comment commander une goutte de 200 ug de LSD liquide Puis-je acheter des comprim\u00e9s de LSD liquide 200ug en ligne aux \u00c9tats-Unis ? Est-il l\u00e9gal d'acheter du LSD liquide 200ug en ligne au Canada ?<\/p>\n<h2><\/h2>\n<h2><\/h2>\n<p>&nbsp;<\/p>","protected":false},"excerpt":{"rendered":"<p>Purchase liquid LSD 200ug Drop Online: What is LSD liquid? Rye mushrooms contain a chemical that is used to make the hallucinogenic drug known as LSD, or lysergic acid diethylamide. Its most well-known use was during the counterculture of the 1960s, and the subsequent ban damaged its reputation. LSD was produced in 1938 by Swiss &hellip;<\/p>\n<p class=\"read-more\"> <a class=\"\" href=\"https:\/\/legitgrams.com\/fr\/produit\/goutte-de-lsd-liquide\/\"> <span class=\"screen-reader-text\">LSD liquide Drop<\/span> Lire la suite \"<\/a><\/p>","protected":false},"featured_media":5184,"comment_status":"open","ping_status":"closed","template":"","meta":{"_uag_custom_page_level_css":"","site-sidebar-layout":"default","site-content-layout":"default","ast-global-header-display":"","ast-main-header-display":"","ast-hfb-above-header-display":"","ast-hfb-below-header-display":"","ast-hfb-mobile-header-display":"","site-post-title":"","ast-breadcrumbs-content":"","ast-featured-img":"","footer-sml-layout":"","theme-transparent-header-meta":"default","adv-header-id-meta":"","stick-header-meta":"default","header-above-stick-meta":"","header-main-stick-meta":"","header-below-stick-meta":"","_joinchat":[]},"product_brand":[],"product_cat":[595],"product_tag":[1637,1627,617,1619,1634,1631,1626,1618,1621,1629,1622,1620,1632,1639,1640,1638,1630,1635,1624,1636,1633,625,1625,1628,1623],"class_list":{"0":"post-4250","1":"product","2":"type-product","3":"status-publish","4":"has-post-thumbnail","6":"product_cat-psychedelic-drugs","7":"product_tag-best-cheap-price-liquid-lsd-drop","8":"product_tag-best-place-to-buy-liquid-lsd-drop","9":"product_tag-bulk-online","10":"product_tag-buy-liquid-lsd-drop","11":"product_tag-cheap-liquid-lsd-drop","12":"product_tag-high-quality-liquid-lsd-drop","13":"product_tag-how-to-buy-liquid-lsd-drop","14":"product_tag-liquid-lsd-drop","15":"product_tag-liquid-lsd-drop-for-sale","16":"product_tag-liquid-lsd-drop-legally","17":"product_tag-liquid-lsd-drop-liquid-lsd-drop-supplier","18":"product_tag-liquid-lsd-drop-online","19":"product_tag-liquid-lsd-drop-store","20":"product_tag-liquid-lsd-drop-use","21":"product_tag-liquid-lsd-drop-wiki","22":"product_tag-liquid-lsd-drop-worldwide","23":"product_tag-liquid-lsd-dropprice","24":"product_tag-liquid-lsd-drops","25":"product_tag-order-liquid-lsd-drop","26":"product_tag-purcharse-liquid-lsd-drop","27":"product_tag-shop-liquid-lsd-drop","28":"product_tag-top-quality","29":"product_tag-where-to-buy-liquid-lsd-drop","30":"product_tag-where-to-order-liquid-lsd-drop","31":"product_tag-wholesale-liquid-lsd-drop","32":"desktop-align-left","33":"tablet-align-left","34":"mobile-align-left","35":"ast-product-gallery-layout-horizontal","36":"ast-product-gallery-with-no-image","37":"ast-product-single-variable","38":"ast-product-tabs-layout-horizontal","39":"ast-qv-on-image","41":"first","42":"instock","43":"shipping-taxable","44":"purchasable","45":"product-type-variable"},"yoast_head":"<!-- This site is optimized with the Yoast SEO plugin v25.9 - https:\/\/yoast.com\/wordpress\/plugins\/seo\/ -->\n<title>liquid LSD Drop for Sale - Buy liquid LSD Drop Online | LegitGrams<\/title>\n<meta name=\"description\" content=\"Explore our online store for liquid LSD Drop for sale, offering high-quality liquid LSD Drop. Buy liquid LSD Drop online securely and embark on your research journey with confidence.\" \/>\n<meta name=\"robots\" content=\"index, follow, max-snippet:-1, max-image-preview:large, max-video-preview:-1\" \/>\n<link rel=\"canonical\" href=\"https:\/\/legitgrams.com\/fr\/produit\/goutte-de-lsd-liquide\/\" \/>\n<meta property=\"og:locale\" content=\"fr_FR\" \/>\n<meta property=\"og:type\" content=\"article\" \/>\n<meta property=\"og:title\" content=\"liquid LSD Drop for Sale - Buy liquid LSD Drop Online | LegitGrams\" \/>\n<meta property=\"og:description\" content=\"Explore our online store for liquid LSD Drop for sale, offering high-quality liquid LSD Drop. Buy liquid LSD Drop online securely and embark on your research journey with confidence.\" \/>\n<meta property=\"og:url\" content=\"https:\/\/legitgrams.com\/fr\/produit\/goutte-de-lsd-liquide\/\" \/>\n<meta property=\"og:site_name\" content=\"Legit Grams\" \/>\n<meta property=\"article:modified_time\" content=\"2025-01-14T08:14:53+00:00\" \/>\n<meta property=\"og:image\" content=\"https:\/\/legitgrams.com\/wp-content\/uploads\/2024\/09\/Buy-liquid-lsd-200ug-drop-Online-Cheap.jpg\" \/>\n\t<meta property=\"og:image:width\" content=\"600\" \/>\n\t<meta property=\"og:image:height\" content=\"600\" \/>\n\t<meta property=\"og:image:type\" content=\"image\/jpeg\" \/>\n<meta name=\"twitter:card\" content=\"summary_large_image\" \/>\n<meta name=\"twitter:label1\" content=\"Dur\u00e9e de lecture est.\" \/>\n\t<meta name=\"twitter:data1\" content=\"4 minutes\" \/>\n<script type=\"application\/ld+json\" class=\"yoast-schema-graph\">{\"@context\":\"https:\/\/schema.org\",\"@graph\":[{\"@type\":\"WebPage\",\"@id\":\"https:\/\/legitgrams.com\/product\/liquid-lsd-drop\/\",\"url\":\"https:\/\/legitgrams.com\/product\/liquid-lsd-drop\/\",\"name\":\"liquid LSD Drop for Sale - Buy liquid LSD Drop Online | LegitGrams\",\"isPartOf\":{\"@id\":\"https:\/\/legitgrams.com\/#website\"},\"primaryImageOfPage\":{\"@id\":\"https:\/\/legitgrams.com\/product\/liquid-lsd-drop\/#primaryimage\"},\"image\":{\"@id\":\"https:\/\/legitgrams.com\/product\/liquid-lsd-drop\/#primaryimage\"},\"thumbnailUrl\":\"https:\/\/legitgrams.com\/wp-content\/uploads\/2024\/09\/Buy-liquid-lsd-200ug-drop-Online-Cheap.jpg\",\"datePublished\":\"2024-09-22T07:10:45+00:00\",\"dateModified\":\"2025-01-14T08:14:53+00:00\",\"description\":\"Explore our online store for liquid LSD Drop for sale, offering high-quality liquid LSD Drop. Buy liquid LSD Drop online securely and embark on your research journey with confidence.\",\"breadcrumb\":{\"@id\":\"https:\/\/legitgrams.com\/product\/liquid-lsd-drop\/#breadcrumb\"},\"inLanguage\":\"fr-BE\",\"potentialAction\":[{\"@type\":\"ReadAction\",\"target\":[\"https:\/\/legitgrams.com\/product\/liquid-lsd-drop\/\"]}]},{\"@type\":\"ImageObject\",\"inLanguage\":\"fr-BE\",\"@id\":\"https:\/\/legitgrams.com\/product\/liquid-lsd-drop\/#primaryimage\",\"url\":\"https:\/\/legitgrams.com\/wp-content\/uploads\/2024\/09\/Buy-liquid-lsd-200ug-drop-Online-Cheap.jpg\",\"contentUrl\":\"https:\/\/legitgrams.com\/wp-content\/uploads\/2024\/09\/Buy-liquid-lsd-200ug-drop-Online-Cheap.jpg\",\"width\":600,\"height\":600,\"caption\":\"liquid LSD Drop for Sale\"},{\"@type\":\"BreadcrumbList\",\"@id\":\"https:\/\/legitgrams.com\/product\/liquid-lsd-drop\/#breadcrumb\",\"itemListElement\":[{\"@type\":\"ListItem\",\"position\":1,\"name\":\"Home\",\"item\":\"https:\/\/legitgrams.com\/\"},{\"@type\":\"ListItem\",\"position\":2,\"name\":\"Shop\",\"item\":\"https:\/\/legitgrams.com\/shop\/\"},{\"@type\":\"ListItem\",\"position\":3,\"name\":\"liquid LSD Drop\"}]},{\"@type\":\"WebSite\",\"@id\":\"https:\/\/legitgrams.com\/#website\",\"url\":\"https:\/\/legitgrams.com\/\",\"name\":\"Legit Grams\",\"description\":\"My WordPress Blog\",\"publisher\":{\"@id\":\"https:\/\/legitgrams.com\/#organization\"},\"potentialAction\":[{\"@type\":\"SearchAction\",\"target\":{\"@type\":\"EntryPoint\",\"urlTemplate\":\"https:\/\/legitgrams.com\/?s={search_term_string}\"},\"query-input\":{\"@type\":\"PropertyValueSpecification\",\"valueRequired\":true,\"valueName\":\"search_term_string\"}}],\"inLanguage\":\"fr-BE\"},{\"@type\":\"Organization\",\"@id\":\"https:\/\/legitgrams.com\/#organization\",\"name\":\"Legit Grams\",\"url\":\"https:\/\/legitgrams.com\/\",\"logo\":{\"@type\":\"ImageObject\",\"inLanguage\":\"fr-BE\",\"@id\":\"https:\/\/legitgrams.com\/#\/schema\/logo\/image\/\",\"url\":\"https:\/\/legitgrams.com\/wp-content\/uploads\/2024\/09\/main-logo.png\",\"contentUrl\":\"https:\/\/legitgrams.com\/wp-content\/uploads\/2024\/09\/main-logo.png\",\"width\":270,\"height\":75,\"caption\":\"Legit Grams\"},\"image\":{\"@id\":\"https:\/\/legitgrams.com\/#\/schema\/logo\/image\/\"}}]}<\/script>\n<!-- \/ Yoast SEO plugin. -->","yoast_head_json":{"title":"liquid LSD Drop for Sale - Acheter liquid LSD Drop Online | LegitGrams","description":"Explorez notre boutique en ligne pour la vente de LSD Drop liquide, qui offre du LSD Drop liquide de haute qualit\u00e9. Achetez du LSD Drop liquide en ligne en toute s\u00e9curit\u00e9 et entamez votre recherche en toute confiance.","robots":{"index":"index","follow":"follow","max-snippet":"max-snippet:-1","max-image-preview":"max-image-preview:large","max-video-preview":"max-video-preview:-1"},"canonical":"https:\/\/legitgrams.com\/fr\/produit\/goutte-de-lsd-liquide\/","og_locale":"fr_FR","og_type":"article","og_title":"liquid LSD Drop for Sale - Buy liquid LSD Drop Online | LegitGrams","og_description":"Explore our online store for liquid LSD Drop for sale, offering high-quality liquid LSD Drop. Buy liquid LSD Drop online securely and embark on your research journey with confidence.","og_url":"https:\/\/legitgrams.com\/fr\/produit\/goutte-de-lsd-liquide\/","og_site_name":"Legit Grams","article_modified_time":"2025-01-14T08:14:53+00:00","og_image":[{"width":600,"height":600,"url":"https:\/\/legitgrams.com\/wp-content\/uploads\/2024\/09\/Buy-liquid-lsd-200ug-drop-Online-Cheap.jpg","type":"image\/jpeg"}],"twitter_card":"summary_large_image","twitter_misc":{"Dur\u00e9e de lecture est.":"4 minutes"},"schema":{"@context":"https:\/\/schema.org","@graph":[{"@type":"WebPage","@id":"https:\/\/legitgrams.com\/product\/liquid-lsd-drop\/","url":"https:\/\/legitgrams.com\/product\/liquid-lsd-drop\/","name":"liquid LSD Drop for Sale - Acheter liquid LSD Drop Online | LegitGrams","isPartOf":{"@id":"https:\/\/legitgrams.com\/#website"},"primaryImageOfPage":{"@id":"https:\/\/legitgrams.com\/product\/liquid-lsd-drop\/#primaryimage"},"image":{"@id":"https:\/\/legitgrams.com\/product\/liquid-lsd-drop\/#primaryimage"},"thumbnailUrl":"https:\/\/legitgrams.com\/wp-content\/uploads\/2024\/09\/Buy-liquid-lsd-200ug-drop-Online-Cheap.jpg","datePublished":"2024-09-22T07:10:45+00:00","dateModified":"2025-01-14T08:14:53+00:00","description":"Explorez notre boutique en ligne pour la vente de LSD Drop liquide, qui offre du LSD Drop liquide de haute qualit\u00e9. Achetez du LSD Drop liquide en ligne en toute s\u00e9curit\u00e9 et entamez votre recherche en toute confiance.","breadcrumb":{"@id":"https:\/\/legitgrams.com\/product\/liquid-lsd-drop\/#breadcrumb"},"inLanguage":"fr-BE","potentialAction":[{"@type":"ReadAction","target":["https:\/\/legitgrams.com\/product\/liquid-lsd-drop\/"]}]},{"@type":"ImageObject","inLanguage":"fr-BE","@id":"https:\/\/legitgrams.com\/product\/liquid-lsd-drop\/#primaryimage","url":"https:\/\/legitgrams.com\/wp-content\/uploads\/2024\/09\/Buy-liquid-lsd-200ug-drop-Online-Cheap.jpg","contentUrl":"https:\/\/legitgrams.com\/wp-content\/uploads\/2024\/09\/Buy-liquid-lsd-200ug-drop-Online-Cheap.jpg","width":600,"height":600,"caption":"liquid LSD Drop for Sale"},{"@type":"BreadcrumbList","@id":"https:\/\/legitgrams.com\/product\/liquid-lsd-drop\/#breadcrumb","itemListElement":[{"@type":"ListItem","position":1,"name":"Home","item":"https:\/\/legitgrams.com\/"},{"@type":"ListItem","position":2,"name":"Shop","item":"https:\/\/legitgrams.com\/shop\/"},{"@type":"ListItem","position":3,"name":"liquid LSD Drop"}]},{"@type":"WebSite","@id":"https:\/\/legitgrams.com\/#website","url":"https:\/\/legitgrams.com\/","name":"Les grammes l\u00e9gitimes","description":"Mon blog WordPress","publisher":{"@id":"https:\/\/legitgrams.com\/#organization"},"potentialAction":[{"@type":"SearchAction","target":{"@type":"EntryPoint","urlTemplate":"https:\/\/legitgrams.com\/?s={search_term_string}"},"query-input":{"@type":"PropertyValueSpecification","valueRequired":true,"valueName":"search_term_string"}}],"inLanguage":"fr-BE"},{"@type":"Organization","@id":"https:\/\/legitgrams.com\/#organization","name":"Les grammes l\u00e9gitimes","url":"https:\/\/legitgrams.com\/","logo":{"@type":"ImageObject","inLanguage":"fr-BE","@id":"https:\/\/legitgrams.com\/#\/schema\/logo\/image\/","url":"https:\/\/legitgrams.com\/wp-content\/uploads\/2024\/09\/main-logo.png","contentUrl":"https:\/\/legitgrams.com\/wp-content\/uploads\/2024\/09\/main-logo.png","width":270,"height":75,"caption":"Legit Grams"},"image":{"@id":"https:\/\/legitgrams.com\/#\/schema\/logo\/image\/"}}]}},"uagb_featured_image_src":{"full":["https:\/\/legitgrams.com\/wp-content\/uploads\/2024\/09\/Buy-liquid-lsd-200ug-drop-Online-Cheap.jpg",600,600,false],"thumbnail":["https:\/\/legitgrams.com\/wp-content\/uploads\/2024\/09\/Buy-liquid-lsd-200ug-drop-Online-Cheap-150x150.jpg",150,150,true],"medium":["https:\/\/legitgrams.com\/wp-content\/uploads\/2024\/09\/Buy-liquid-lsd-200ug-drop-Online-Cheap-300x300.jpg",300,300,true],"medium_large":["https:\/\/legitgrams.com\/wp-content\/uploads\/2024\/09\/Buy-liquid-lsd-200ug-drop-Online-Cheap.jpg",600,600,false],"large":["https:\/\/legitgrams.com\/wp-content\/uploads\/2024\/09\/Buy-liquid-lsd-200ug-drop-Online-Cheap.jpg",600,600,false],"1536x1536":["https:\/\/legitgrams.com\/wp-content\/uploads\/2024\/09\/Buy-liquid-lsd-200ug-drop-Online-Cheap.jpg",600,600,false],"2048x2048":["https:\/\/legitgrams.com\/wp-content\/uploads\/2024\/09\/Buy-liquid-lsd-200ug-drop-Online-Cheap.jpg",600,600,false],"trp-custom-language-flag":["https:\/\/legitgrams.com\/wp-content\/uploads\/2024\/09\/Buy-liquid-lsd-200ug-drop-Online-Cheap-12x12.jpg",12,12,true],"woocommerce_thumbnail":["https:\/\/legitgrams.com\/wp-content\/uploads\/2024\/09\/Buy-liquid-lsd-200ug-drop-Online-Cheap-300x300.jpg",300,300,true],"woocommerce_single":["https:\/\/legitgrams.com\/wp-content\/uploads\/2024\/09\/Buy-liquid-lsd-200ug-drop-Online-Cheap.jpg",600,600,false],"woocommerce_gallery_thumbnail":["https:\/\/legitgrams.com\/wp-content\/uploads\/2024\/09\/Buy-liquid-lsd-200ug-drop-Online-Cheap-100x100.jpg",100,100,true]},"uagb_author_info":{"display_name":"cokeblog18","author_link":"https:\/\/legitgrams.com\/fr\/author\/"},"uagb_comment_info":0,"uagb_excerpt":"Purchase liquid LSD 200ug Drop Online: What is LSD liquid? Rye mushrooms contain a chemical that is used to make the hallucinogenic drug known as LSD, or lysergic acid diethylamide. Its most well-known use was during the counterculture of the 1960s, and the subsequent ban damaged its reputation. LSD was produced in 1938 by Swiss&hellip;","_links":{"self":[{"href":"https:\/\/legitgrams.com\/fr\/wp-json\/wp\/v2\/product\/4250","targetHints":{"allow":["GET"]}}],"collection":[{"href":"https:\/\/legitgrams.com\/fr\/wp-json\/wp\/v2\/product"}],"about":[{"href":"https:\/\/legitgrams.com\/fr\/wp-json\/wp\/v2\/types\/product"}],"replies":[{"embeddable":true,"href":"https:\/\/legitgrams.com\/fr\/wp-json\/wp\/v2\/comments?post=4250"}],"wp:featuredmedia":[{"embeddable":true,"href":"https:\/\/legitgrams.com\/fr\/wp-json\/wp\/v2\/media\/5184"}],"wp:attachment":[{"href":"https:\/\/legitgrams.com\/fr\/wp-json\/wp\/v2\/media?parent=4250"}],"wp:term":[{"taxonomy":"product_brand","embeddable":true,"href":"https:\/\/legitgrams.com\/fr\/wp-json\/wp\/v2\/product_brand?post=4250"},{"taxonomy":"product_cat","embeddable":true,"href":"https:\/\/legitgrams.com\/fr\/wp-json\/wp\/v2\/product_cat?post=4250"},{"taxonomy":"product_tag","embeddable":true,"href":"https:\/\/legitgrams.com\/fr\/wp-json\/wp\/v2\/product_tag?post=4250"}],"curies":[{"name":"wp","href":"https:\/\/api.w.org\/{rel}","templated":true}]}}