{"id":4252,"date":"2024-09-22T07:21:15","date_gmt":"2024-09-22T07:21:15","guid":{"rendered":"https:\/\/legitgrams.com\/?post_type=product&#038;p=4252"},"modified":"2025-01-14T08:23:46","modified_gmt":"2025-01-14T08:23:46","slug":"buvards-lsd-100mcg","status":"publish","type":"product","link":"https:\/\/legitgrams.com\/fr\/produit\/buvards-lsd-100mcg\/","title":{"rendered":"Lsd 100mcg Blotters"},"content":{"rendered":"<h2>Achat de buvards LSD 100mcg en ligne<\/h2>\n<p>Acheter <a href=\"https:\/\/legitgrams.com\/fr\/produit\/buvards-lsd-100mcg\/\">LSD 100mcg BLOTTERS<\/a> en ligne. Welaos vend <a href=\"https:\/\/en.wikipedia.org\/wiki\/LSD\">LSD<\/a> comprim\u00e9s. Pour plus d'informations sur le LSD, cliquez ici.<\/p>\n<p>Magasins en ligne vendant des buvards de LSD Au cours de vos voyages m\u00e9di\u00e9vaux, le di\u00e9thylamide de l'acide lysergique, ou LSD, \u00e9tait une drogue couramment utilis\u00e9e. Nous mettons ainsi en \u00e9vidence les effets, les effets secondaires, le m\u00e9canisme d'action et la pharmacologie des r\u00e9cepteurs du LSD. Anxiolytique, activateur suggestif, activateur d'efficacit\u00e9 et activateur cr\u00e9atif sont quelques-unes des utilisations psychiatriques fascinantes de ce m\u00e9dicament. Il a \u00e9galement \u00e9t\u00e9 utilis\u00e9 efficacement dans le cadre d'une th\u00e9rapie psych\u00e9d\u00e9lique haut de gamme pour les maladies en phase terminale et pour traiter la toxicomanie et l'alcoolisme. <a href=\"https:\/\/legitgrams.com\/fr\/\">LegitGrams<\/a><\/p>\n<p>Acheter 100mcg LSD BOTTERS en ligne : Acheter des BLOTTERS, Acheter 100mcg LSD BOTTERS, Acheter LSD 100mcg en ligne, O\u00f9 acheter 100mcg LSD BOTTERS, Acheter LSD 100mcg Bouteilles de LSD 100mcg, acheter des bouteilles de LSD 100mcg en ligne, acheter des bouteilles de LSD 100mcg en ligne, acheter des bouteilles de LSD 100mcg en ligne, acheter des bouteilles de LSD 100mcg en ligne, acheter des bouteilles de LSD 100mcg en ligne, acheter des bouteilles de LSD 100mcg en ligne, acheter des bouteilles de LSD 100mcg en ligne, acheter des bouteilles de LSD 100mcg aux \u00c9tats-Unis, au Canada, au Royaume-Uni, acheter en ligne, fournisseurs, livraison s\u00e9curis\u00e9e, Il existe encore des BLOTTERS de LSD 100mcg disponibles. Comment les commander, s'ils sont l\u00e9gaux au Canada et s'ils sont l\u00e9gaux aux \u00c9tats-Unis, tout cela peut \u00eatre d\u00e9couvert.<\/p>\n<h2><\/h2>\n<h2><\/h2>\n<p>&nbsp;<\/p>","protected":false},"excerpt":{"rendered":"<p>Purchase of LSD 100mcg Blotters Online Buy LSD 100mcg BLOTTERS online. Welaos is selling LSD tablets. For more information about LSD, click here. Online Stores Selling LSD Blotters During your medieval travels, lysergic acid diethylamide, or LSD, was a commonly used drug. We highlight the effects, side effects, mechanism of action, and receptor pharmacology of &hellip;<\/p>\n<p class=\"read-more\"> <a class=\"\" href=\"https:\/\/legitgrams.com\/fr\/produit\/buvards-lsd-100mcg\/\"> <span class=\"screen-reader-text\">Lsd 100mcg Blotters<\/span> Lire la suite \"<\/a><\/p>","protected":false},"featured_media":5185,"comment_status":"open","ping_status":"closed","template":"","meta":{"_uag_custom_page_level_css":"","site-sidebar-layout":"default","site-content-layout":"default","ast-global-header-display":"","ast-main-header-display":"","ast-hfb-above-header-display":"","ast-hfb-below-header-display":"","ast-hfb-mobile-header-display":"","site-post-title":"","ast-breadcrumbs-content":"","ast-featured-img":"","footer-sml-layout":"","theme-transparent-header-meta":"default","adv-header-id-meta":"","stick-header-meta":"default","header-above-stick-meta":"","header-main-stick-meta":"","header-below-stick-meta":"","_joinchat":[]},"product_brand":[],"product_cat":[595],"product_tag":[1591,1581,617,1573,1588,1585,1580,1572,1575,1583,1576,1574,1586,1593,1594,1592,1584,1589,1578,1590,1587,625,1579,1582,1577],"class_list":{"0":"post-4252","1":"product","2":"type-product","3":"status-publish","4":"has-post-thumbnail","6":"product_cat-psychedelic-drugs","7":"product_tag-best-cheap-price-lsd-100mcg-blotters","8":"product_tag-best-place-to-buy-lsd-100mcg-blotters","9":"product_tag-bulk-online","10":"product_tag-buy-lsd-100mcg-blotters","11":"product_tag-cheap-lsd-100mcg-blotters","12":"product_tag-high-quality-lsd-100mcg-blotters","13":"product_tag-how-to-buy-lsd-100mcg-blotters","14":"product_tag-lsd-100mcg-blotters","15":"product_tag-lsd-100mcg-blotters-for-sale","16":"product_tag-lsd-100mcg-blotters-legally","17":"product_tag-lsd-100mcg-blotters-lsd-100mcg-blotters-supplier","18":"product_tag-lsd-100mcg-blotters-online","19":"product_tag-lsd-100mcg-blotters-store","20":"product_tag-lsd-100mcg-blotters-use","21":"product_tag-lsd-100mcg-blotters-wiki","22":"product_tag-lsd-100mcg-blotters-worldwide","23":"product_tag-lsd-100mcg-blottersprice","24":"product_tag-lsd-100mcg-blotterss","25":"product_tag-order-lsd-100mcg-blotters","26":"product_tag-purcharse-lsd-100mcg-blotters","27":"product_tag-shop-lsd-100mcg-blotters","28":"product_tag-top-quality","29":"product_tag-where-to-buy-lsd-100mcg-blotters","30":"product_tag-where-to-order-lsd-100mcg-blotters","31":"product_tag-wholesale-lsd-100mcg-blotters","32":"desktop-align-left","33":"tablet-align-left","34":"mobile-align-left","35":"ast-product-gallery-layout-horizontal","36":"ast-product-gallery-with-no-image","37":"ast-product-single-variable","38":"ast-product-tabs-layout-horizontal","39":"ast-qv-on-image","41":"first","42":"instock","43":"shipping-taxable","44":"purchasable","45":"product-type-variable"},"yoast_head":"<!-- This site is optimized with the Yoast SEO plugin v25.9 - https:\/\/yoast.com\/wordpress\/plugins\/seo\/ -->\n<title>Lsd 100mcg Blotters for Sale - Buy Lsd 100mcg Blotters Online<\/title>\n<meta name=\"description\" content=\"You can buy Lsd 100mcg Blotters online at the best prices from our online store. We have cheap and high-quality Lsd 100mcg Blotters for sale and providing worldwide delivery. You can order from anytime, anywhere.\" \/>\n<meta name=\"robots\" content=\"index, follow, max-snippet:-1, max-image-preview:large, max-video-preview:-1\" \/>\n<link rel=\"canonical\" href=\"https:\/\/legitgrams.com\/fr\/produit\/buvards-lsd-100mcg\/\" \/>\n<meta property=\"og:locale\" content=\"fr_FR\" \/>\n<meta property=\"og:type\" content=\"article\" \/>\n<meta property=\"og:title\" content=\"Lsd 100mcg Blotters for Sale - Buy Lsd 100mcg Blotters Online\" \/>\n<meta property=\"og:description\" content=\"You can buy Lsd 100mcg Blotters online at the best prices from our online store. We have cheap and high-quality Lsd 100mcg Blotters for sale and providing worldwide delivery. You can order from anytime, anywhere.\" \/>\n<meta property=\"og:url\" content=\"https:\/\/legitgrams.com\/fr\/produit\/buvards-lsd-100mcg\/\" \/>\n<meta property=\"og:site_name\" content=\"Legit Grams\" \/>\n<meta property=\"article:modified_time\" content=\"2025-01-14T08:23:46+00:00\" \/>\n<meta property=\"og:image\" content=\"https:\/\/legitgrams.com\/wp-content\/uploads\/2024\/09\/Buy-LSD-100mcg-BLOTTERS.jpg\" \/>\n\t<meta property=\"og:image:width\" content=\"600\" \/>\n\t<meta property=\"og:image:height\" content=\"600\" \/>\n\t<meta property=\"og:image:type\" content=\"image\/jpeg\" \/>\n<meta name=\"twitter:card\" content=\"summary_large_image\" \/>\n<meta name=\"twitter:label1\" content=\"Dur\u00e9e de lecture est.\" \/>\n\t<meta name=\"twitter:data1\" content=\"2 minutes\" \/>\n<script type=\"application\/ld+json\" class=\"yoast-schema-graph\">{\"@context\":\"https:\/\/schema.org\",\"@graph\":[{\"@type\":\"WebPage\",\"@id\":\"https:\/\/legitgrams.com\/product\/lsd-100mcg-blotters\/\",\"url\":\"https:\/\/legitgrams.com\/product\/lsd-100mcg-blotters\/\",\"name\":\"Lsd 100mcg Blotters for Sale - Buy Lsd 100mcg Blotters Online\",\"isPartOf\":{\"@id\":\"https:\/\/legitgrams.com\/#website\"},\"primaryImageOfPage\":{\"@id\":\"https:\/\/legitgrams.com\/product\/lsd-100mcg-blotters\/#primaryimage\"},\"image\":{\"@id\":\"https:\/\/legitgrams.com\/product\/lsd-100mcg-blotters\/#primaryimage\"},\"thumbnailUrl\":\"https:\/\/legitgrams.com\/wp-content\/uploads\/2024\/09\/Buy-LSD-100mcg-BLOTTERS.jpg\",\"datePublished\":\"2024-09-22T07:21:15+00:00\",\"dateModified\":\"2025-01-14T08:23:46+00:00\",\"description\":\"You can buy Lsd 100mcg Blotters online at the best prices from our online store. We have cheap and high-quality Lsd 100mcg Blotters for sale and providing worldwide delivery. You can order from anytime, anywhere.\",\"breadcrumb\":{\"@id\":\"https:\/\/legitgrams.com\/product\/lsd-100mcg-blotters\/#breadcrumb\"},\"inLanguage\":\"fr-BE\",\"potentialAction\":[{\"@type\":\"ReadAction\",\"target\":[\"https:\/\/legitgrams.com\/product\/lsd-100mcg-blotters\/\"]}]},{\"@type\":\"ImageObject\",\"inLanguage\":\"fr-BE\",\"@id\":\"https:\/\/legitgrams.com\/product\/lsd-100mcg-blotters\/#primaryimage\",\"url\":\"https:\/\/legitgrams.com\/wp-content\/uploads\/2024\/09\/Buy-LSD-100mcg-BLOTTERS.jpg\",\"contentUrl\":\"https:\/\/legitgrams.com\/wp-content\/uploads\/2024\/09\/Buy-LSD-100mcg-BLOTTERS.jpg\",\"width\":600,\"height\":600,\"caption\":\"Lsd 100mcg Blotters for Sale\"},{\"@type\":\"BreadcrumbList\",\"@id\":\"https:\/\/legitgrams.com\/product\/lsd-100mcg-blotters\/#breadcrumb\",\"itemListElement\":[{\"@type\":\"ListItem\",\"position\":1,\"name\":\"Home\",\"item\":\"https:\/\/legitgrams.com\/\"},{\"@type\":\"ListItem\",\"position\":2,\"name\":\"Shop\",\"item\":\"https:\/\/legitgrams.com\/shop\/\"},{\"@type\":\"ListItem\",\"position\":3,\"name\":\"Lsd 100mcg Blotters\"}]},{\"@type\":\"WebSite\",\"@id\":\"https:\/\/legitgrams.com\/#website\",\"url\":\"https:\/\/legitgrams.com\/\",\"name\":\"Legit Grams\",\"description\":\"My WordPress Blog\",\"publisher\":{\"@id\":\"https:\/\/legitgrams.com\/#organization\"},\"potentialAction\":[{\"@type\":\"SearchAction\",\"target\":{\"@type\":\"EntryPoint\",\"urlTemplate\":\"https:\/\/legitgrams.com\/?s={search_term_string}\"},\"query-input\":{\"@type\":\"PropertyValueSpecification\",\"valueRequired\":true,\"valueName\":\"search_term_string\"}}],\"inLanguage\":\"fr-BE\"},{\"@type\":\"Organization\",\"@id\":\"https:\/\/legitgrams.com\/#organization\",\"name\":\"Legit Grams\",\"url\":\"https:\/\/legitgrams.com\/\",\"logo\":{\"@type\":\"ImageObject\",\"inLanguage\":\"fr-BE\",\"@id\":\"https:\/\/legitgrams.com\/#\/schema\/logo\/image\/\",\"url\":\"https:\/\/legitgrams.com\/wp-content\/uploads\/2024\/09\/main-logo.png\",\"contentUrl\":\"https:\/\/legitgrams.com\/wp-content\/uploads\/2024\/09\/main-logo.png\",\"width\":270,\"height\":75,\"caption\":\"Legit Grams\"},\"image\":{\"@id\":\"https:\/\/legitgrams.com\/#\/schema\/logo\/image\/\"}}]}<\/script>\n<!-- \/ Yoast SEO plugin. -->","yoast_head_json":{"title":"Lsd 100mcg Blotters for Sale - Acheter des Lsd 100mcg Blotters en ligne","description":"Vous pouvez acheter Lsd 100mcg Blotters en ligne au meilleur prix dans notre magasin en ligne. Nous avons des Lsd 100mcg Blotters bon march\u00e9 et de haute qualit\u00e9 \u00e0 vendre et nous assurons la livraison dans le monde entier. Vous pouvez commander \u00e0 tout moment, n'importe o\u00f9.","robots":{"index":"index","follow":"follow","max-snippet":"max-snippet:-1","max-image-preview":"max-image-preview:large","max-video-preview":"max-video-preview:-1"},"canonical":"https:\/\/legitgrams.com\/fr\/produit\/buvards-lsd-100mcg\/","og_locale":"fr_FR","og_type":"article","og_title":"Lsd 100mcg Blotters for Sale - Buy Lsd 100mcg Blotters Online","og_description":"You can buy Lsd 100mcg Blotters online at the best prices from our online store. We have cheap and high-quality Lsd 100mcg Blotters for sale and providing worldwide delivery. You can order from anytime, anywhere.","og_url":"https:\/\/legitgrams.com\/fr\/produit\/buvards-lsd-100mcg\/","og_site_name":"Legit Grams","article_modified_time":"2025-01-14T08:23:46+00:00","og_image":[{"width":600,"height":600,"url":"https:\/\/legitgrams.com\/wp-content\/uploads\/2024\/09\/Buy-LSD-100mcg-BLOTTERS.jpg","type":"image\/jpeg"}],"twitter_card":"summary_large_image","twitter_misc":{"Dur\u00e9e de lecture est.":"2 minutes"},"schema":{"@context":"https:\/\/schema.org","@graph":[{"@type":"WebPage","@id":"https:\/\/legitgrams.com\/product\/lsd-100mcg-blotters\/","url":"https:\/\/legitgrams.com\/product\/lsd-100mcg-blotters\/","name":"Lsd 100mcg Blotters for Sale - Acheter des Lsd 100mcg Blotters en ligne","isPartOf":{"@id":"https:\/\/legitgrams.com\/#website"},"primaryImageOfPage":{"@id":"https:\/\/legitgrams.com\/product\/lsd-100mcg-blotters\/#primaryimage"},"image":{"@id":"https:\/\/legitgrams.com\/product\/lsd-100mcg-blotters\/#primaryimage"},"thumbnailUrl":"https:\/\/legitgrams.com\/wp-content\/uploads\/2024\/09\/Buy-LSD-100mcg-BLOTTERS.jpg","datePublished":"2024-09-22T07:21:15+00:00","dateModified":"2025-01-14T08:23:46+00:00","description":"Vous pouvez acheter Lsd 100mcg Blotters en ligne au meilleur prix dans notre magasin en ligne. Nous avons des Lsd 100mcg Blotters bon march\u00e9 et de haute qualit\u00e9 \u00e0 vendre et nous assurons la livraison dans le monde entier. Vous pouvez commander \u00e0 tout moment, n'importe o\u00f9.","breadcrumb":{"@id":"https:\/\/legitgrams.com\/product\/lsd-100mcg-blotters\/#breadcrumb"},"inLanguage":"fr-BE","potentialAction":[{"@type":"ReadAction","target":["https:\/\/legitgrams.com\/product\/lsd-100mcg-blotters\/"]}]},{"@type":"ImageObject","inLanguage":"fr-BE","@id":"https:\/\/legitgrams.com\/product\/lsd-100mcg-blotters\/#primaryimage","url":"https:\/\/legitgrams.com\/wp-content\/uploads\/2024\/09\/Buy-LSD-100mcg-BLOTTERS.jpg","contentUrl":"https:\/\/legitgrams.com\/wp-content\/uploads\/2024\/09\/Buy-LSD-100mcg-BLOTTERS.jpg","width":600,"height":600,"caption":"Lsd 100mcg Blotters for Sale"},{"@type":"BreadcrumbList","@id":"https:\/\/legitgrams.com\/product\/lsd-100mcg-blotters\/#breadcrumb","itemListElement":[{"@type":"ListItem","position":1,"name":"Home","item":"https:\/\/legitgrams.com\/"},{"@type":"ListItem","position":2,"name":"Shop","item":"https:\/\/legitgrams.com\/shop\/"},{"@type":"ListItem","position":3,"name":"Lsd 100mcg Blotters"}]},{"@type":"WebSite","@id":"https:\/\/legitgrams.com\/#website","url":"https:\/\/legitgrams.com\/","name":"Les grammes l\u00e9gitimes","description":"Mon blog WordPress","publisher":{"@id":"https:\/\/legitgrams.com\/#organization"},"potentialAction":[{"@type":"SearchAction","target":{"@type":"EntryPoint","urlTemplate":"https:\/\/legitgrams.com\/?s={search_term_string}"},"query-input":{"@type":"PropertyValueSpecification","valueRequired":true,"valueName":"search_term_string"}}],"inLanguage":"fr-BE"},{"@type":"Organization","@id":"https:\/\/legitgrams.com\/#organization","name":"Les grammes l\u00e9gitimes","url":"https:\/\/legitgrams.com\/","logo":{"@type":"ImageObject","inLanguage":"fr-BE","@id":"https:\/\/legitgrams.com\/#\/schema\/logo\/image\/","url":"https:\/\/legitgrams.com\/wp-content\/uploads\/2024\/09\/main-logo.png","contentUrl":"https:\/\/legitgrams.com\/wp-content\/uploads\/2024\/09\/main-logo.png","width":270,"height":75,"caption":"Legit Grams"},"image":{"@id":"https:\/\/legitgrams.com\/#\/schema\/logo\/image\/"}}]}},"uagb_featured_image_src":{"full":["https:\/\/legitgrams.com\/wp-content\/uploads\/2024\/09\/Buy-LSD-100mcg-BLOTTERS.jpg",600,600,false],"thumbnail":["https:\/\/legitgrams.com\/wp-content\/uploads\/2024\/09\/Buy-LSD-100mcg-BLOTTERS-150x150.jpg",150,150,true],"medium":["https:\/\/legitgrams.com\/wp-content\/uploads\/2024\/09\/Buy-LSD-100mcg-BLOTTERS-300x300.jpg",300,300,true],"medium_large":["https:\/\/legitgrams.com\/wp-content\/uploads\/2024\/09\/Buy-LSD-100mcg-BLOTTERS.jpg",600,600,false],"large":["https:\/\/legitgrams.com\/wp-content\/uploads\/2024\/09\/Buy-LSD-100mcg-BLOTTERS.jpg",600,600,false],"1536x1536":["https:\/\/legitgrams.com\/wp-content\/uploads\/2024\/09\/Buy-LSD-100mcg-BLOTTERS.jpg",600,600,false],"2048x2048":["https:\/\/legitgrams.com\/wp-content\/uploads\/2024\/09\/Buy-LSD-100mcg-BLOTTERS.jpg",600,600,false],"trp-custom-language-flag":["https:\/\/legitgrams.com\/wp-content\/uploads\/2024\/09\/Buy-LSD-100mcg-BLOTTERS-12x12.jpg",12,12,true],"woocommerce_thumbnail":["https:\/\/legitgrams.com\/wp-content\/uploads\/2024\/09\/Buy-LSD-100mcg-BLOTTERS-300x300.jpg",300,300,true],"woocommerce_single":["https:\/\/legitgrams.com\/wp-content\/uploads\/2024\/09\/Buy-LSD-100mcg-BLOTTERS.jpg",600,600,false],"woocommerce_gallery_thumbnail":["https:\/\/legitgrams.com\/wp-content\/uploads\/2024\/09\/Buy-LSD-100mcg-BLOTTERS-100x100.jpg",100,100,true]},"uagb_author_info":{"display_name":"cokeblog18","author_link":"https:\/\/legitgrams.com\/fr\/author\/"},"uagb_comment_info":0,"uagb_excerpt":"Purchase of LSD 100mcg Blotters Online Buy LSD 100mcg BLOTTERS online. Welaos is selling LSD tablets. For more information about LSD, click here. Online Stores Selling LSD Blotters During your medieval travels, lysergic acid diethylamide, or LSD, was a commonly used drug. We highlight the effects, side effects, mechanism of action, and receptor pharmacology of&hellip;","_links":{"self":[{"href":"https:\/\/legitgrams.com\/fr\/wp-json\/wp\/v2\/product\/4252","targetHints":{"allow":["GET"]}}],"collection":[{"href":"https:\/\/legitgrams.com\/fr\/wp-json\/wp\/v2\/product"}],"about":[{"href":"https:\/\/legitgrams.com\/fr\/wp-json\/wp\/v2\/types\/product"}],"replies":[{"embeddable":true,"href":"https:\/\/legitgrams.com\/fr\/wp-json\/wp\/v2\/comments?post=4252"}],"wp:featuredmedia":[{"embeddable":true,"href":"https:\/\/legitgrams.com\/fr\/wp-json\/wp\/v2\/media\/5185"}],"wp:attachment":[{"href":"https:\/\/legitgrams.com\/fr\/wp-json\/wp\/v2\/media?parent=4252"}],"wp:term":[{"taxonomy":"product_brand","embeddable":true,"href":"https:\/\/legitgrams.com\/fr\/wp-json\/wp\/v2\/product_brand?post=4252"},{"taxonomy":"product_cat","embeddable":true,"href":"https:\/\/legitgrams.com\/fr\/wp-json\/wp\/v2\/product_cat?post=4252"},{"taxonomy":"product_tag","embeddable":true,"href":"https:\/\/legitgrams.com\/fr\/wp-json\/wp\/v2\/product_tag?post=4252"}],"curies":[{"name":"wp","href":"https:\/\/api.w.org\/{rel}","templated":true}]}}