{"id":4253,"date":"2024-09-22T07:29:14","date_gmt":"2024-09-22T07:29:14","guid":{"rendered":"https:\/\/legitgrams.com\/?post_type=product&#038;p=4253"},"modified":"2025-04-03T07:04:03","modified_gmt":"2025-04-03T07:04:03","slug":"3-fpm","status":"publish","type":"product","link":"https:\/\/legitgrams.com\/fr\/produit\/3-fpm\/","title":{"rendered":"Acheter 3-FPM en ligne"},"content":{"rendered":"<h2>Acheter 3-FPM en ligne : Qu'est-ce que 3-FPM ?<\/h2>\n<p>La 3-fluoroph\u00e9nm\u00e9trazine est abr\u00e9g\u00e9e en 3-FPM. <a href=\"https:\/\/legitgrams.com\/fr\/produit\/3-fpm\/\">3-FPM<\/a> est un produit de recherche chimique aux propri\u00e9t\u00e9s puissantes et stimulantes. Le 3-FPM appartient \u00e0 la classe des ph\u00e9nols morpholiniques. Il est reconnu que les r\u00e9sultats de <a href=\"https:\/\/www.bing.com\/search?q=Achetez3-FPMenligne&amp;qs=n&amp;form=QBRE&amp;sp=-1&amp;lq=0&amp;pq=achetez3-fpmenligne&amp;sc=12-22&amp;sk=&amp;cvid=25982B84418A488FB273A456585CCFD6&amp;ghsh=0&amp;ghacc=0&amp;ghpl=\">3-FPM<\/a> L'exp\u00e9rience et l'exp\u00e9rience sur les amph\u00e9tamines sont presque identiques.<\/p>\n<p><a href=\"https:\/\/www.google.com\/search?q=Achetez+3-FPM+en+ligne&amp;sca_esv=eddefdb7b92e7545&amp;sxsrf=AHTn8zrqtGZBPBasX0dynl7EzAfqsddB0A1743664183965&amp;ei=NzTuZ93WOoO20PEPtre-0Ag&amp;ved=0ahUKEwidzquip7uMAxUDGzQIHbabD4oQ4dUDCBA&amp;uact=5&amp;oq=Achetez+3-FPM+en+ligne&amp;gs_lp=Egxnd3Mtd2l6LXNlcnAiFkFjaGV0ZXogMy1GUE0gZW4gbGlnbmUyBxAhGKABGAoyBxAhGKABGAoyBxAhGKABGAoyBxAhGKABGApIrwRQAFgAcAB4AJABAJgBggOgAYIDqgEDMy0xuAEDyAEA-AEC-AEBmAIBoAKIA5gDAJIHAzMtMaAHwASyBwMzLTG4B4gD&amp;sclient=gws-wiz-serp\">3-FPM<\/a> Les essais cliniques produisent g\u00e9n\u00e9ralement les effets suivants\u00a0: euphorie, acc\u00e9l\u00e9ration de la r\u00e9flexion, motivation et concentration accrues. En revanche, ces effets sont souvent d\u00e9crits comme moins graves que ceux caus\u00e9s par les amph\u00e9tamines ou autres stimulants. Les cons\u00e9quences de l'insomnie et de l'anxi\u00e9t\u00e9 sont g\u00e9n\u00e9ralement moins prononc\u00e9es ou att\u00e9nu\u00e9es avec le 3-FPM.<\/p>\n<h3>Comment puis-je obtenir 3-FPM ?<\/h3>\n<p>Chez Buy Chem Online, nous proposons des produits de tr\u00e8s haute qualit\u00e9, 3 FPM. <a href=\"https:\/\/en.wikipedia.org\/wiki\/3-Fluorophenmetrazine\">3-FPM<\/a> est disponible sous forme de granul\u00e9s et de poudre. Ainsi, quelle que soit la pr\u00e9paration que vous choisirez, vous serez servi.<\/p>\n<p>Le <a href=\"https:\/\/duckduckgo.com\/?q=Acheter+de+l3-FPM+en+ligne&amp;t=h_&amp;ia=web\">3-FPM<\/a> Ce que nous proposons \u00e0 la vente est destin\u00e9 uniquement \u00e0 des fins de recherche. Il n'est pas destin\u00e9 \u00e0 un usage interne. Vous devez \u00e9galement \u00eatre \u00e2g\u00e9 de plus de 18 ans et respecter toutes les exigences nationales pour acheter une maison de 3 pieds par minute. <a href=\"https:\/\/legitgrams.com\/fr\/\">LegitGrams<\/a><\/p>\n<h3>3. La l\u00e9galit\u00e9 du FPM<\/h3>\n<p>Aux \u00c9tats-Unis, en Isra\u00ebl et en Suisse, il est ill\u00e9gal d'acheter, de vendre ou de poss\u00e9der du 3-FPM. Aux Nations Unies, il est consid\u00e9r\u00e9 comme un analogue de la phenm\u00e9trazine, une substance consomm\u00e9e par l'homme et inscrite au tableau II.<\/p>","protected":false},"excerpt":{"rendered":"<p>Purchase 3-FPM Online: What is 3-FPM? 3-Fluorophenmetrazine is abbreviated as 3-FPM. 3-FPM is a chemical research product with potent and stimulating properties. 3-FPM belongs to the class of morpholine phenols. It is well acknowledged that the results of the 3-FPM experiment and the amphetamine experiment are almost identical. 3-FPM trials usually provide the following effects: &hellip;<\/p>\n<p class=\"read-more\"> <a class=\"\" href=\"https:\/\/legitgrams.com\/fr\/produit\/3-fpm\/\"> <span class=\"screen-reader-text\">Acheter 3-FPM en ligne<\/span> Lire la suite \"<\/a><\/p>","protected":false},"featured_media":5250,"comment_status":"open","ping_status":"closed","template":"","meta":{"_uag_custom_page_level_css":"","site-sidebar-layout":"default","site-content-layout":"default","ast-global-header-display":"","ast-main-header-display":"","ast-hfb-above-header-display":"","ast-hfb-below-header-display":"","ast-hfb-mobile-header-display":"","site-post-title":"","ast-breadcrumbs-content":"","ast-featured-img":"","footer-sml-layout":"","theme-transparent-header-meta":"default","adv-header-id-meta":"","stick-header-meta":"default","header-above-stick-meta":"","header-main-stick-meta":"","header-below-stick-meta":"","_joinchat":[]},"product_brand":[],"product_cat":[598],"product_tag":[1549,1553,1552,1560,1551,1563,1570,1571,1569,1561,1566,1568,1558,617,1550,1565,1562,1557,1555,1567,1564,625,1556,1559,1554],"class_list":{"0":"post-4253","1":"product","2":"type-product","3":"status-publish","4":"has-post-thumbnail","6":"product_cat-stimulants","7":"product_tag-3-fpm","8":"product_tag-3-fpm-3-fpm-supplier","9":"product_tag-3-fpm-for-sale","10":"product_tag-3-fpm-legally","11":"product_tag-3-fpm-online","12":"product_tag-3-fpm-store","13":"product_tag-3-fpm-use","14":"product_tag-3-fpm-wiki","15":"product_tag-3-fpm-worldwide","16":"product_tag-3-fpmprice","17":"product_tag-3-fpms","18":"product_tag-best-cheap-price-3-fpm","19":"product_tag-best-place-to-buy-3-fpm","20":"product_tag-bulk-online","21":"product_tag-buy-3-fpm","22":"product_tag-cheap-3-fpm","23":"product_tag-high-quality-3-fpm","24":"product_tag-how-to-buy-3-fpm","25":"product_tag-order-3-fpm","26":"product_tag-purcharse-3-fpm","27":"product_tag-shop-3-fpm","28":"product_tag-top-quality","29":"product_tag-where-to-buy-3-fpm","30":"product_tag-where-to-order-3-fpm","31":"product_tag-wholesale-3-fpm","32":"desktop-align-left","33":"tablet-align-left","34":"mobile-align-left","35":"ast-product-gallery-layout-horizontal","36":"ast-product-gallery-with-no-image","37":"ast-product-single-variable","38":"ast-product-tabs-layout-horizontal","39":"ast-qv-on-image","41":"first","42":"instock","43":"shipping-taxable","44":"purchasable","45":"product-type-variable"},"yoast_head":"<!-- This site is optimized with the Yoast SEO plugin v25.9 - https:\/\/yoast.com\/wordpress\/plugins\/seo\/ -->\n<title>3-FPM Powder for Sale - Order 3-FPM Online @ Best Price<\/title>\n<meta name=\"description\" content=\"Buy 3-FPM powder online from our trusted online store LegitGrams.com. Get 3-FPM for sale easily and securely with special offer. Place Your Order Now!\" \/>\n<meta name=\"robots\" content=\"index, follow, max-snippet:-1, max-image-preview:large, max-video-preview:-1\" \/>\n<link rel=\"canonical\" href=\"https:\/\/legitgrams.com\/fr\/produit\/3-fpm\/\" \/>\n<meta property=\"og:locale\" content=\"fr_FR\" \/>\n<meta property=\"og:type\" content=\"article\" \/>\n<meta property=\"og:title\" content=\"3-FPM Powder for Sale - Order 3-FPM Online @ Best Price\" \/>\n<meta property=\"og:description\" content=\"Buy 3-FPM powder online from our trusted online store LegitGrams.com. Get 3-FPM for sale easily and securely with special offer. Place Your Order Now!\" \/>\n<meta property=\"og:url\" content=\"https:\/\/legitgrams.com\/fr\/produit\/3-fpm\/\" \/>\n<meta property=\"og:site_name\" content=\"Legit Grams\" \/>\n<meta property=\"article:modified_time\" content=\"2025-04-03T07:04:03+00:00\" \/>\n<meta property=\"og:image\" content=\"https:\/\/legitgrams.com\/wp-content\/uploads\/2024\/09\/3-fpm.jpg\" \/>\n\t<meta property=\"og:image:width\" content=\"430\" \/>\n\t<meta property=\"og:image:height\" content=\"430\" \/>\n\t<meta property=\"og:image:type\" content=\"image\/jpeg\" \/>\n<meta name=\"twitter:card\" content=\"summary_large_image\" \/>\n<meta name=\"twitter:label1\" content=\"Dur\u00e9e de lecture est.\" \/>\n\t<meta name=\"twitter:data1\" content=\"2 minutes\" \/>\n<script type=\"application\/ld+json\" class=\"yoast-schema-graph\">{\"@context\":\"https:\/\/schema.org\",\"@graph\":[{\"@type\":\"WebPage\",\"@id\":\"https:\/\/legitgrams.com\/product\/3-fpm\/\",\"url\":\"https:\/\/legitgrams.com\/product\/3-fpm\/\",\"name\":\"3-FPM Powder for Sale - Order 3-FPM Online @ Best Price\",\"isPartOf\":{\"@id\":\"https:\/\/legitgrams.com\/#website\"},\"primaryImageOfPage\":{\"@id\":\"https:\/\/legitgrams.com\/product\/3-fpm\/#primaryimage\"},\"image\":{\"@id\":\"https:\/\/legitgrams.com\/product\/3-fpm\/#primaryimage\"},\"thumbnailUrl\":\"https:\/\/legitgrams.com\/wp-content\/uploads\/2024\/09\/3-fpm.jpg\",\"datePublished\":\"2024-09-22T07:29:14+00:00\",\"dateModified\":\"2025-04-03T07:04:03+00:00\",\"description\":\"Buy 3-FPM powder online from our trusted online store LegitGrams.com. Get 3-FPM for sale easily and securely with special offer. Place Your Order Now!\",\"breadcrumb\":{\"@id\":\"https:\/\/legitgrams.com\/product\/3-fpm\/#breadcrumb\"},\"inLanguage\":\"fr-BE\",\"potentialAction\":[{\"@type\":\"ReadAction\",\"target\":[\"https:\/\/legitgrams.com\/product\/3-fpm\/\"]}]},{\"@type\":\"ImageObject\",\"inLanguage\":\"fr-BE\",\"@id\":\"https:\/\/legitgrams.com\/product\/3-fpm\/#primaryimage\",\"url\":\"https:\/\/legitgrams.com\/wp-content\/uploads\/2024\/09\/3-fpm.jpg\",\"contentUrl\":\"https:\/\/legitgrams.com\/wp-content\/uploads\/2024\/09\/3-fpm.jpg\",\"width\":430,\"height\":430,\"caption\":\"3-fpm for Sale\"},{\"@type\":\"BreadcrumbList\",\"@id\":\"https:\/\/legitgrams.com\/product\/3-fpm\/#breadcrumb\",\"itemListElement\":[{\"@type\":\"ListItem\",\"position\":1,\"name\":\"Home\",\"item\":\"https:\/\/legitgrams.com\/\"},{\"@type\":\"ListItem\",\"position\":2,\"name\":\"Shop\",\"item\":\"https:\/\/legitgrams.com\/shop\/\"},{\"@type\":\"ListItem\",\"position\":3,\"name\":\"Buy 3-FPM Online\"}]},{\"@type\":\"WebSite\",\"@id\":\"https:\/\/legitgrams.com\/#website\",\"url\":\"https:\/\/legitgrams.com\/\",\"name\":\"Legit Grams\",\"description\":\"My WordPress Blog\",\"publisher\":{\"@id\":\"https:\/\/legitgrams.com\/#organization\"},\"potentialAction\":[{\"@type\":\"SearchAction\",\"target\":{\"@type\":\"EntryPoint\",\"urlTemplate\":\"https:\/\/legitgrams.com\/?s={search_term_string}\"},\"query-input\":{\"@type\":\"PropertyValueSpecification\",\"valueRequired\":true,\"valueName\":\"search_term_string\"}}],\"inLanguage\":\"fr-BE\"},{\"@type\":\"Organization\",\"@id\":\"https:\/\/legitgrams.com\/#organization\",\"name\":\"Legit Grams\",\"url\":\"https:\/\/legitgrams.com\/\",\"logo\":{\"@type\":\"ImageObject\",\"inLanguage\":\"fr-BE\",\"@id\":\"https:\/\/legitgrams.com\/#\/schema\/logo\/image\/\",\"url\":\"https:\/\/legitgrams.com\/wp-content\/uploads\/2024\/09\/main-logo.png\",\"contentUrl\":\"https:\/\/legitgrams.com\/wp-content\/uploads\/2024\/09\/main-logo.png\",\"width\":270,\"height\":75,\"caption\":\"Legit Grams\"},\"image\":{\"@id\":\"https:\/\/legitgrams.com\/#\/schema\/logo\/image\/\"}}]}<\/script>\n<!-- \/ Yoast SEO plugin. -->","yoast_head_json":{"title":"3-FPM Powder for Sale - Commander 3-FPM Online @ Best Price","description":"Achetez la poudre 3-FPM en ligne \u00e0 partir de notre magasin en ligne de confiance LegitGrams.com. Obtenez 3-FPM pour la vente facilement et en toute s\u00e9curit\u00e9 avec une offre sp\u00e9ciale. Passez votre commande maintenant !","robots":{"index":"index","follow":"follow","max-snippet":"max-snippet:-1","max-image-preview":"max-image-preview:large","max-video-preview":"max-video-preview:-1"},"canonical":"https:\/\/legitgrams.com\/fr\/produit\/3-fpm\/","og_locale":"fr_FR","og_type":"article","og_title":"3-FPM Powder for Sale - Order 3-FPM Online @ Best Price","og_description":"Buy 3-FPM powder online from our trusted online store LegitGrams.com. Get 3-FPM for sale easily and securely with special offer. Place Your Order Now!","og_url":"https:\/\/legitgrams.com\/fr\/produit\/3-fpm\/","og_site_name":"Legit Grams","article_modified_time":"2025-04-03T07:04:03+00:00","og_image":[{"width":430,"height":430,"url":"https:\/\/legitgrams.com\/wp-content\/uploads\/2024\/09\/3-fpm.jpg","type":"image\/jpeg"}],"twitter_card":"summary_large_image","twitter_misc":{"Dur\u00e9e de lecture est.":"2 minutes"},"schema":{"@context":"https:\/\/schema.org","@graph":[{"@type":"WebPage","@id":"https:\/\/legitgrams.com\/product\/3-fpm\/","url":"https:\/\/legitgrams.com\/product\/3-fpm\/","name":"3-FPM Powder for Sale - Commander 3-FPM Online @ Best Price","isPartOf":{"@id":"https:\/\/legitgrams.com\/#website"},"primaryImageOfPage":{"@id":"https:\/\/legitgrams.com\/product\/3-fpm\/#primaryimage"},"image":{"@id":"https:\/\/legitgrams.com\/product\/3-fpm\/#primaryimage"},"thumbnailUrl":"https:\/\/legitgrams.com\/wp-content\/uploads\/2024\/09\/3-fpm.jpg","datePublished":"2024-09-22T07:29:14+00:00","dateModified":"2025-04-03T07:04:03+00:00","description":"Achetez la poudre 3-FPM en ligne \u00e0 partir de notre magasin en ligne de confiance LegitGrams.com. Obtenez 3-FPM pour la vente facilement et en toute s\u00e9curit\u00e9 avec une offre sp\u00e9ciale. Passez votre commande maintenant !","breadcrumb":{"@id":"https:\/\/legitgrams.com\/product\/3-fpm\/#breadcrumb"},"inLanguage":"fr-BE","potentialAction":[{"@type":"ReadAction","target":["https:\/\/legitgrams.com\/product\/3-fpm\/"]}]},{"@type":"ImageObject","inLanguage":"fr-BE","@id":"https:\/\/legitgrams.com\/product\/3-fpm\/#primaryimage","url":"https:\/\/legitgrams.com\/wp-content\/uploads\/2024\/09\/3-fpm.jpg","contentUrl":"https:\/\/legitgrams.com\/wp-content\/uploads\/2024\/09\/3-fpm.jpg","width":430,"height":430,"caption":"3-fpm for Sale"},{"@type":"BreadcrumbList","@id":"https:\/\/legitgrams.com\/product\/3-fpm\/#breadcrumb","itemListElement":[{"@type":"ListItem","position":1,"name":"Home","item":"https:\/\/legitgrams.com\/"},{"@type":"ListItem","position":2,"name":"Shop","item":"https:\/\/legitgrams.com\/shop\/"},{"@type":"ListItem","position":3,"name":"Buy 3-FPM Online"}]},{"@type":"WebSite","@id":"https:\/\/legitgrams.com\/#website","url":"https:\/\/legitgrams.com\/","name":"Les grammes l\u00e9gitimes","description":"Mon blog WordPress","publisher":{"@id":"https:\/\/legitgrams.com\/#organization"},"potentialAction":[{"@type":"SearchAction","target":{"@type":"EntryPoint","urlTemplate":"https:\/\/legitgrams.com\/?s={search_term_string}"},"query-input":{"@type":"PropertyValueSpecification","valueRequired":true,"valueName":"search_term_string"}}],"inLanguage":"fr-BE"},{"@type":"Organization","@id":"https:\/\/legitgrams.com\/#organization","name":"Les grammes l\u00e9gitimes","url":"https:\/\/legitgrams.com\/","logo":{"@type":"ImageObject","inLanguage":"fr-BE","@id":"https:\/\/legitgrams.com\/#\/schema\/logo\/image\/","url":"https:\/\/legitgrams.com\/wp-content\/uploads\/2024\/09\/main-logo.png","contentUrl":"https:\/\/legitgrams.com\/wp-content\/uploads\/2024\/09\/main-logo.png","width":270,"height":75,"caption":"Legit Grams"},"image":{"@id":"https:\/\/legitgrams.com\/#\/schema\/logo\/image\/"}}]}},"uagb_featured_image_src":{"full":["https:\/\/legitgrams.com\/wp-content\/uploads\/2024\/09\/3-fpm.jpg",430,430,false],"thumbnail":["https:\/\/legitgrams.com\/wp-content\/uploads\/2024\/09\/3-fpm-150x150.jpg",150,150,true],"medium":["https:\/\/legitgrams.com\/wp-content\/uploads\/2024\/09\/3-fpm-300x300.jpg",300,300,true],"medium_large":["https:\/\/legitgrams.com\/wp-content\/uploads\/2024\/09\/3-fpm.jpg",430,430,false],"large":["https:\/\/legitgrams.com\/wp-content\/uploads\/2024\/09\/3-fpm.jpg",430,430,false],"1536x1536":["https:\/\/legitgrams.com\/wp-content\/uploads\/2024\/09\/3-fpm.jpg",430,430,false],"2048x2048":["https:\/\/legitgrams.com\/wp-content\/uploads\/2024\/09\/3-fpm.jpg",430,430,false],"trp-custom-language-flag":["https:\/\/legitgrams.com\/wp-content\/uploads\/2024\/09\/3-fpm-12x12.jpg",12,12,true],"woocommerce_thumbnail":["https:\/\/legitgrams.com\/wp-content\/uploads\/2024\/09\/3-fpm-300x300.jpg",300,300,true],"woocommerce_single":["https:\/\/legitgrams.com\/wp-content\/uploads\/2024\/09\/3-fpm.jpg",430,430,false],"woocommerce_gallery_thumbnail":["https:\/\/legitgrams.com\/wp-content\/uploads\/2024\/09\/3-fpm-100x100.jpg",100,100,true]},"uagb_author_info":{"display_name":"cokeblog18","author_link":"https:\/\/legitgrams.com\/fr\/author\/"},"uagb_comment_info":0,"uagb_excerpt":"Purchase 3-FPM Online: What is 3-FPM? 3-Fluorophenmetrazine is abbreviated as 3-FPM. 3-FPM is a chemical research product with potent and stimulating properties. 3-FPM belongs to the class of morpholine phenols. It is well acknowledged that the results of the 3-FPM experiment and the amphetamine experiment are almost identical. 3-FPM trials usually provide the following effects:&hellip;","_links":{"self":[{"href":"https:\/\/legitgrams.com\/fr\/wp-json\/wp\/v2\/product\/4253","targetHints":{"allow":["GET"]}}],"collection":[{"href":"https:\/\/legitgrams.com\/fr\/wp-json\/wp\/v2\/product"}],"about":[{"href":"https:\/\/legitgrams.com\/fr\/wp-json\/wp\/v2\/types\/product"}],"replies":[{"embeddable":true,"href":"https:\/\/legitgrams.com\/fr\/wp-json\/wp\/v2\/comments?post=4253"}],"wp:featuredmedia":[{"embeddable":true,"href":"https:\/\/legitgrams.com\/fr\/wp-json\/wp\/v2\/media\/5250"}],"wp:attachment":[{"href":"https:\/\/legitgrams.com\/fr\/wp-json\/wp\/v2\/media?parent=4253"}],"wp:term":[{"taxonomy":"product_brand","embeddable":true,"href":"https:\/\/legitgrams.com\/fr\/wp-json\/wp\/v2\/product_brand?post=4253"},{"taxonomy":"product_cat","embeddable":true,"href":"https:\/\/legitgrams.com\/fr\/wp-json\/wp\/v2\/product_cat?post=4253"},{"taxonomy":"product_tag","embeddable":true,"href":"https:\/\/legitgrams.com\/fr\/wp-json\/wp\/v2\/product_tag?post=4253"}],"curies":[{"name":"wp","href":"https:\/\/api.w.org\/{rel}","templated":true}]}}