{"id":4260,"date":"2024-09-22T07:52:39","date_gmt":"2024-09-22T07:52:39","guid":{"rendered":"https:\/\/legitgrams.com\/?post_type=product&#038;p=4260"},"modified":"2025-01-15T05:45:52","modified_gmt":"2025-01-15T05:45:52","slug":"thca-crystals-top-shelf","status":"publish","type":"product","link":"https:\/\/legitgrams.com\/fr\/produit\/thca-crystals-top-shelf\/","title":{"rendered":"THCA Crystals- Top Shelf"},"content":{"rendered":"<h2>Achetez des cristaux de THCA de qualit\u00e9 sup\u00e9rieure en ligne<\/h2>\n<h3>Vente de cristaux de THCA de qualit\u00e9 sup\u00e9rieure<\/h3>\n<p>Le corrosif t\u00e9trahydrocannabinolique, ou THCA, est une mol\u00e9cule du cannabis qui, malgr\u00e9 des recherches pr\u00e9liminaires, commence \u00e0 \u00eatre prometteuse en tant qu'agent th\u00e9rapeutique. Vous connaissez le THC, mais le THCA a des qualit\u00e9s tr\u00e8s diff\u00e9rentes, m\u00eame si elles se ressemblent. Le THCA est un cannabino\u00efde non intoxicant pr\u00e9sent dans le cannabis brut et vivant, contrairement au THC. La plante transforme progressivement le THCA en THC au fur et \u00e0 mesure qu'elle s\u00e8che. Un processus appel\u00e9 d\u00e9carboxylation - un terme fantaisiste qui d\u00e9crit ce qui se produit lorsque vous fumez ou d\u00e9composez la fleur - est facilit\u00e9 par la chaleur.<\/p>\n<p>Dans le cas improbable o\u00f9 vous auriez achet\u00e9 du cannabis ayant fait l'objet de tests en laboratoire, vous pourriez remarquer que le THC ou le THCA - tous deux se situant g\u00e9n\u00e9ralement entre 10 et 20 % - sont les cannabino\u00efdes les plus abondants. Bien que le terme plus pr\u00e9cis pour la fleur qui n'a pas \u00e9t\u00e9 d\u00e9carboxyl\u00e9e soit THCA, les termes signifient essentiellement la m\u00eame chose dans le cas improbable o\u00f9 vous acceptez l'attente de l'acheteur que l'article soit chauff\u00e9, fum\u00e9 ou d\u00e9compos\u00e9 d'une autre mani\u00e8re. <a href=\"https:\/\/legitgrams.com\/fr\/\">LegitGrams<\/a><\/p>\n<p>Les bijoux en THCA, souvent connus sous le nom de \"pierres pr\u00e9cieuses\", ont \u00e9t\u00e9 populaires parmi les consommateurs de concentr\u00e9s de cannabis ces derni\u00e8res ann\u00e9es. R\u00e9cemment, le THCA isol\u00e9 s'est av\u00e9r\u00e9 difficile \u00e0 trouver. De nos jours, vous pouvez les trouver s\u00e9par\u00e9s ou, plus commun\u00e9ment, pulv\u00e9ris\u00e9s avec des terp\u00e8nes dans des r\u00e9cipients \"sauce\". Nous allons vous expliquer tout ce qu'il faut savoir sur le THCA sous forme de verre.<\/p>\n<p><a href=\"https:\/\/en.wikipedia.org\/wiki\/Tetrahydrocannabinolic_acid\">T\u00e9trahydrocannabinolique<\/a> est appel\u00e9 THCA. Les plus grands groupes de cannabis sont ceux qui sont bruts et vivants. Au fur et \u00e0 mesure que la plante s\u00e8che, le THCA se transforme progressivement en THC. Le r\u00e9chauffement du cannabis suit un cycle ascendant.<\/p>\n<p>Depuis <a href=\"https:\/\/legitgrams.com\/fr\/produit\/thca-crystals-top-shelf\/\">THCA<\/a> est un pr\u00e9curseur non psychoactif du THC, il est peu probable qu'il vous rende euphorique. C'est pourquoi la marijuana doit \u00eatre d\u00e9carboxyl\u00e9e dans un four avant d'\u00eatre utilis\u00e9e dans les edibles. Ce cycle garantit que tout le THCA a \u00e9t\u00e9 converti en THC, ce qui vous permet de ressentir toute la gamme des effets euphorisants.<\/p>\n<p>Le THCA \u00e9tant un pr\u00e9curseur non psychoactif du THC, il est peu probable qu'il vous rende euphorique. C'est pourquoi la marijuana doit \u00eatre d\u00e9carboxyl\u00e9e dans un four avant d'\u00eatre utilis\u00e9e dans les edibles. Ce cycle garantit que tout le THCA a \u00e9t\u00e9 converti en THC, ce qui vous permet de ressentir toute la gamme des effets euphorisants.<\/p>\n<p>Le chanvre brut est un superaliment bien connu. Des concentrations plus \u00e9lev\u00e9es de THCA peuvent \u00eatre obtenues en pressant le cannabis. La consommation de niveaux \u00e9lev\u00e9s de THCA peut aider \u00e0 compenser les faibles niveaux d'endocannabino\u00efdes, sans pour autant donner une sensation d'euphorie. Plusieurs maladies d\u00e9bilitantes sont caus\u00e9es par des insuffisances en endocannabino\u00efdes.<\/p>\n<p>acheter thca en ligne, acheter thca cristallin, acheter thca cristallin en ligne, acheter cristaux de thc, acheter thca, Certaines personnes sensibles au THC estiment qu'elles ont besoin d'une quantit\u00e9 excessive de ce compos\u00e9 pour soulager leurs sympt\u00f4mes. Heureusement, elles peuvent maintenant trouver une aide comparable ou m\u00eame sup\u00e9rieure en consommant du cannabis brut.<\/p>\n<p>Depuis pr\u00e8s de dix ans, le Dr William Courtney, un professionnel de la sant\u00e9 de Willits, en Californie, plaide en faveur des avantages de l'extraction du cannabis. C'est dans les nouvelles plantes que l'on trouve le plus de THCA. Par cons\u00e9quent, \u00e0 moins que vous ne sachiez comment cultiver la marijuana ou que vous connaissiez quelqu'un qui le fait, vous \u00eates dans une position privil\u00e9gi\u00e9e pour trouver du THCA transparent.<\/p>\n<h3>Vente de cristaux de THCA de qualit\u00e9 sup\u00e9rieure<\/h3>\n<p>Acheter des cristaux de THCA de Top Shelf - Achat de THCA, Achat de cristaux de THCA, Achat de cristaux de THCA en ligne, O\u00f9 acheter des cristaux de THCA, Vente de cristaux de THCA, Cristaux \u00e0 vendre, Achat de THCA en ligne, Achat de cristaux de THCA aux \u00c9tats-Unis, au Canada, au Royaume-Uni, Achat, en ligne, Fournisseurs, Livraison s\u00e9curis\u00e9e, Les cristaux de THCA sont toujours disponibles. Est-il l\u00e9gal d'acheter des cristaux de THCA aux \u00c9tats-Unis, puis-je acqu\u00e9rir des cristaux de THCA en ligne, et est-il l\u00e9gal d'acheter des cristaux de THCA au Canada ?<\/p>","protected":false},"excerpt":{"rendered":"<p>Purchase THCA Crystals- Top Shelf Online Top Shelf THCA Crystals for Sale Tetrahydrocannabinolic corrosive, or THCA, is a cannabis molecule that, despite preliminary research, is beginning to show promise as a therapeutic agent. You are familiar with THC, but THCA has very different qualities, even though they may sound similar. THCA is a non-inebriating cannabinoid &hellip;<\/p>\n<p class=\"read-more\"> <a class=\"\" href=\"https:\/\/legitgrams.com\/fr\/produit\/thca-crystals-top-shelf\/\"> <span class=\"screen-reader-text\">THCA Crystals- Top Shelf<\/span> Lire la suite \"<\/a><\/p>","protected":false},"featured_media":5392,"comment_status":"open","ping_status":"closed","template":"","meta":{"_uag_custom_page_level_css":"","site-sidebar-layout":"default","site-content-layout":"default","ast-global-header-display":"","ast-main-header-display":"","ast-hfb-above-header-display":"","ast-hfb-below-header-display":"","ast-hfb-mobile-header-display":"","site-post-title":"","ast-breadcrumbs-content":"","ast-featured-img":"","footer-sml-layout":"","theme-transparent-header-meta":"default","adv-header-id-meta":"","stick-header-meta":"default","header-above-stick-meta":"","header-main-stick-meta":"","header-below-stick-meta":"","_joinchat":[]},"product_brand":[],"product_cat":[606],"product_tag":[1430,1420,617,1412,1427,1424,1419,1417,1429,1426,1411,1414,1422,1413,1425,1415,1432,1433,1431,1423,1428,625,1418,1421,1416],"class_list":{"0":"post-4260","1":"product","2":"type-product","3":"status-publish","4":"has-post-thumbnail","6":"product_cat-marijuana-wax","7":"product_tag-best-cheap-price-thca-crystals-top-shelf","8":"product_tag-best-place-to-buy-thca-crystals-top-shelf","9":"product_tag-bulk-online","10":"product_tag-buy-thca-crystals-top-shelf","11":"product_tag-cheap-thca-crystals-top-shelf","12":"product_tag-high-quality-thca-crystals-top-shelf","13":"product_tag-how-to-buy-thca-crystals-top-shelf","14":"product_tag-order-thca-crystals-top-shelf","15":"product_tag-purcharse-thca-crystals-top-shelf","16":"product_tag-shop-thca-crystals-top-shelf","17":"product_tag-thca-crystals-top-shelf","18":"product_tag-thca-crystals-top-shelf-for-sale","19":"product_tag-thca-crystals-top-shelf-legally","20":"product_tag-thca-crystals-top-shelf-online","21":"product_tag-thca-crystals-top-shelf-store","22":"product_tag-thca-crystals-top-shelf-thca-crystals-top-shelf-supplier","23":"product_tag-thca-crystals-top-shelf-use","24":"product_tag-thca-crystals-top-shelf-wiki","25":"product_tag-thca-crystals-top-shelf-worldwide","26":"product_tag-thca-crystals-top-shelfprice","27":"product_tag-thca-crystals-top-shelfs","28":"product_tag-top-quality","29":"product_tag-where-to-buy-thca-crystals-top-shelf","30":"product_tag-where-to-order-thca-crystals-top-shelf","31":"product_tag-wholesale-thca-crystals-top-shelf","32":"desktop-align-left","33":"tablet-align-left","34":"mobile-align-left","35":"ast-product-gallery-layout-horizontal","36":"ast-product-gallery-with-no-image","37":"ast-product-single-variable","38":"ast-product-tabs-layout-horizontal","39":"ast-qv-on-image","41":"first","42":"instock","43":"shipping-taxable","44":"purchasable","45":"product-type-variable"},"yoast_head":"<!-- This site is optimized with the Yoast SEO plugin v25.9 - https:\/\/yoast.com\/wordpress\/plugins\/seo\/ -->\n<title>THCA Crystals for Sale - Order THCA Crystals Online<\/title>\n<meta name=\"description\" content=\"Explore our online store for thca crystals for sale, offering high-quality thca crystals . Buy thca crystals online securely and embark on your research journey with confidence. Order Now!\" \/>\n<meta name=\"robots\" content=\"index, follow, max-snippet:-1, max-image-preview:large, max-video-preview:-1\" \/>\n<link rel=\"canonical\" href=\"https:\/\/legitgrams.com\/fr\/produit\/thca-crystals-top-shelf\/\" \/>\n<meta property=\"og:locale\" content=\"fr_FR\" \/>\n<meta property=\"og:type\" content=\"article\" \/>\n<meta property=\"og:title\" content=\"THCA Crystals for Sale - Order THCA Crystals Online\" \/>\n<meta property=\"og:description\" content=\"Explore our online store for thca crystals for sale, offering high-quality thca crystals . Buy thca crystals online securely and embark on your research journey with confidence. Order Now!\" \/>\n<meta property=\"og:url\" content=\"https:\/\/legitgrams.com\/fr\/produit\/thca-crystals-top-shelf\/\" \/>\n<meta property=\"og:site_name\" content=\"Legit Grams\" \/>\n<meta property=\"article:modified_time\" content=\"2025-01-15T05:45:52+00:00\" \/>\n<meta property=\"og:image\" content=\"https:\/\/legitgrams.com\/wp-content\/uploads\/2024\/09\/Buy-THCA-Crystals-Top-Shelf.jpg\" \/>\n\t<meta property=\"og:image:width\" content=\"600\" \/>\n\t<meta property=\"og:image:height\" content=\"600\" \/>\n\t<meta property=\"og:image:type\" content=\"image\/jpeg\" \/>\n<meta name=\"twitter:card\" content=\"summary_large_image\" \/>\n<meta name=\"twitter:label1\" content=\"Dur\u00e9e de lecture est.\" \/>\n\t<meta name=\"twitter:data1\" content=\"3 minutes\" \/>\n<script type=\"application\/ld+json\" class=\"yoast-schema-graph\">{\"@context\":\"https:\/\/schema.org\",\"@graph\":[{\"@type\":\"WebPage\",\"@id\":\"https:\/\/legitgrams.com\/product\/thca-crystals-top-shelf\/\",\"url\":\"https:\/\/legitgrams.com\/product\/thca-crystals-top-shelf\/\",\"name\":\"THCA Crystals for Sale - Order THCA Crystals Online\",\"isPartOf\":{\"@id\":\"https:\/\/legitgrams.com\/#website\"},\"primaryImageOfPage\":{\"@id\":\"https:\/\/legitgrams.com\/product\/thca-crystals-top-shelf\/#primaryimage\"},\"image\":{\"@id\":\"https:\/\/legitgrams.com\/product\/thca-crystals-top-shelf\/#primaryimage\"},\"thumbnailUrl\":\"https:\/\/legitgrams.com\/wp-content\/uploads\/2024\/09\/Buy-THCA-Crystals-Top-Shelf.jpg\",\"datePublished\":\"2024-09-22T07:52:39+00:00\",\"dateModified\":\"2025-01-15T05:45:52+00:00\",\"description\":\"Explore our online store for thca crystals for sale, offering high-quality thca crystals . Buy thca crystals online securely and embark on your research journey with confidence. Order Now!\",\"breadcrumb\":{\"@id\":\"https:\/\/legitgrams.com\/product\/thca-crystals-top-shelf\/#breadcrumb\"},\"inLanguage\":\"fr-BE\",\"potentialAction\":[{\"@type\":\"ReadAction\",\"target\":[\"https:\/\/legitgrams.com\/product\/thca-crystals-top-shelf\/\"]}]},{\"@type\":\"ImageObject\",\"inLanguage\":\"fr-BE\",\"@id\":\"https:\/\/legitgrams.com\/product\/thca-crystals-top-shelf\/#primaryimage\",\"url\":\"https:\/\/legitgrams.com\/wp-content\/uploads\/2024\/09\/Buy-THCA-Crystals-Top-Shelf.jpg\",\"contentUrl\":\"https:\/\/legitgrams.com\/wp-content\/uploads\/2024\/09\/Buy-THCA-Crystals-Top-Shelf.jpg\",\"width\":600,\"height\":600,\"caption\":\"THCA Crystals for Sale\"},{\"@type\":\"BreadcrumbList\",\"@id\":\"https:\/\/legitgrams.com\/product\/thca-crystals-top-shelf\/#breadcrumb\",\"itemListElement\":[{\"@type\":\"ListItem\",\"position\":1,\"name\":\"Home\",\"item\":\"https:\/\/legitgrams.com\/\"},{\"@type\":\"ListItem\",\"position\":2,\"name\":\"Shop\",\"item\":\"https:\/\/legitgrams.com\/shop\/\"},{\"@type\":\"ListItem\",\"position\":3,\"name\":\"THCA Crystals- Top Shelf\"}]},{\"@type\":\"WebSite\",\"@id\":\"https:\/\/legitgrams.com\/#website\",\"url\":\"https:\/\/legitgrams.com\/\",\"name\":\"Legit Grams\",\"description\":\"My WordPress Blog\",\"publisher\":{\"@id\":\"https:\/\/legitgrams.com\/#organization\"},\"potentialAction\":[{\"@type\":\"SearchAction\",\"target\":{\"@type\":\"EntryPoint\",\"urlTemplate\":\"https:\/\/legitgrams.com\/?s={search_term_string}\"},\"query-input\":{\"@type\":\"PropertyValueSpecification\",\"valueRequired\":true,\"valueName\":\"search_term_string\"}}],\"inLanguage\":\"fr-BE\"},{\"@type\":\"Organization\",\"@id\":\"https:\/\/legitgrams.com\/#organization\",\"name\":\"Legit Grams\",\"url\":\"https:\/\/legitgrams.com\/\",\"logo\":{\"@type\":\"ImageObject\",\"inLanguage\":\"fr-BE\",\"@id\":\"https:\/\/legitgrams.com\/#\/schema\/logo\/image\/\",\"url\":\"https:\/\/legitgrams.com\/wp-content\/uploads\/2024\/09\/main-logo.png\",\"contentUrl\":\"https:\/\/legitgrams.com\/wp-content\/uploads\/2024\/09\/main-logo.png\",\"width\":270,\"height\":75,\"caption\":\"Legit Grams\"},\"image\":{\"@id\":\"https:\/\/legitgrams.com\/#\/schema\/logo\/image\/\"}}]}<\/script>\n<!-- \/ Yoast SEO plugin. -->","yoast_head_json":{"title":"Cristaux de THCA \u00e0 vendre - Commander des cristaux de THCA en ligne","description":"D\u00e9couvrez notre boutique en ligne de vente de cristaux thca, offrant des cristaux thca de haute qualit\u00e9. Achetez des cristaux thca en ligne en toute s\u00e9curit\u00e9 et embarquez pour votre voyage de recherche en toute confiance. Commandez maintenant !","robots":{"index":"index","follow":"follow","max-snippet":"max-snippet:-1","max-image-preview":"max-image-preview:large","max-video-preview":"max-video-preview:-1"},"canonical":"https:\/\/legitgrams.com\/fr\/produit\/thca-crystals-top-shelf\/","og_locale":"fr_FR","og_type":"article","og_title":"THCA Crystals for Sale - Order THCA Crystals Online","og_description":"Explore our online store for thca crystals for sale, offering high-quality thca crystals . Buy thca crystals online securely and embark on your research journey with confidence. Order Now!","og_url":"https:\/\/legitgrams.com\/fr\/produit\/thca-crystals-top-shelf\/","og_site_name":"Legit Grams","article_modified_time":"2025-01-15T05:45:52+00:00","og_image":[{"width":600,"height":600,"url":"https:\/\/legitgrams.com\/wp-content\/uploads\/2024\/09\/Buy-THCA-Crystals-Top-Shelf.jpg","type":"image\/jpeg"}],"twitter_card":"summary_large_image","twitter_misc":{"Dur\u00e9e de lecture est.":"3 minutes"},"schema":{"@context":"https:\/\/schema.org","@graph":[{"@type":"WebPage","@id":"https:\/\/legitgrams.com\/product\/thca-crystals-top-shelf\/","url":"https:\/\/legitgrams.com\/product\/thca-crystals-top-shelf\/","name":"Cristaux de THCA \u00e0 vendre - Commander des cristaux de THCA en ligne","isPartOf":{"@id":"https:\/\/legitgrams.com\/#website"},"primaryImageOfPage":{"@id":"https:\/\/legitgrams.com\/product\/thca-crystals-top-shelf\/#primaryimage"},"image":{"@id":"https:\/\/legitgrams.com\/product\/thca-crystals-top-shelf\/#primaryimage"},"thumbnailUrl":"https:\/\/legitgrams.com\/wp-content\/uploads\/2024\/09\/Buy-THCA-Crystals-Top-Shelf.jpg","datePublished":"2024-09-22T07:52:39+00:00","dateModified":"2025-01-15T05:45:52+00:00","description":"D\u00e9couvrez notre boutique en ligne de vente de cristaux thca, offrant des cristaux thca de haute qualit\u00e9. Achetez des cristaux thca en ligne en toute s\u00e9curit\u00e9 et embarquez pour votre voyage de recherche en toute confiance. Commandez maintenant !","breadcrumb":{"@id":"https:\/\/legitgrams.com\/product\/thca-crystals-top-shelf\/#breadcrumb"},"inLanguage":"fr-BE","potentialAction":[{"@type":"ReadAction","target":["https:\/\/legitgrams.com\/product\/thca-crystals-top-shelf\/"]}]},{"@type":"ImageObject","inLanguage":"fr-BE","@id":"https:\/\/legitgrams.com\/product\/thca-crystals-top-shelf\/#primaryimage","url":"https:\/\/legitgrams.com\/wp-content\/uploads\/2024\/09\/Buy-THCA-Crystals-Top-Shelf.jpg","contentUrl":"https:\/\/legitgrams.com\/wp-content\/uploads\/2024\/09\/Buy-THCA-Crystals-Top-Shelf.jpg","width":600,"height":600,"caption":"THCA Crystals for Sale"},{"@type":"BreadcrumbList","@id":"https:\/\/legitgrams.com\/product\/thca-crystals-top-shelf\/#breadcrumb","itemListElement":[{"@type":"ListItem","position":1,"name":"Home","item":"https:\/\/legitgrams.com\/"},{"@type":"ListItem","position":2,"name":"Shop","item":"https:\/\/legitgrams.com\/shop\/"},{"@type":"ListItem","position":3,"name":"THCA Crystals- Top Shelf"}]},{"@type":"WebSite","@id":"https:\/\/legitgrams.com\/#website","url":"https:\/\/legitgrams.com\/","name":"Les grammes l\u00e9gitimes","description":"Mon blog WordPress","publisher":{"@id":"https:\/\/legitgrams.com\/#organization"},"potentialAction":[{"@type":"SearchAction","target":{"@type":"EntryPoint","urlTemplate":"https:\/\/legitgrams.com\/?s={search_term_string}"},"query-input":{"@type":"PropertyValueSpecification","valueRequired":true,"valueName":"search_term_string"}}],"inLanguage":"fr-BE"},{"@type":"Organization","@id":"https:\/\/legitgrams.com\/#organization","name":"Les grammes l\u00e9gitimes","url":"https:\/\/legitgrams.com\/","logo":{"@type":"ImageObject","inLanguage":"fr-BE","@id":"https:\/\/legitgrams.com\/#\/schema\/logo\/image\/","url":"https:\/\/legitgrams.com\/wp-content\/uploads\/2024\/09\/main-logo.png","contentUrl":"https:\/\/legitgrams.com\/wp-content\/uploads\/2024\/09\/main-logo.png","width":270,"height":75,"caption":"Legit Grams"},"image":{"@id":"https:\/\/legitgrams.com\/#\/schema\/logo\/image\/"}}]}},"uagb_featured_image_src":{"full":["https:\/\/legitgrams.com\/wp-content\/uploads\/2024\/09\/Buy-THCA-Crystals-Top-Shelf.jpg",600,600,false],"thumbnail":["https:\/\/legitgrams.com\/wp-content\/uploads\/2024\/09\/Buy-THCA-Crystals-Top-Shelf-150x150.jpg",150,150,true],"medium":["https:\/\/legitgrams.com\/wp-content\/uploads\/2024\/09\/Buy-THCA-Crystals-Top-Shelf-300x300.jpg",300,300,true],"medium_large":["https:\/\/legitgrams.com\/wp-content\/uploads\/2024\/09\/Buy-THCA-Crystals-Top-Shelf.jpg",600,600,false],"large":["https:\/\/legitgrams.com\/wp-content\/uploads\/2024\/09\/Buy-THCA-Crystals-Top-Shelf.jpg",600,600,false],"1536x1536":["https:\/\/legitgrams.com\/wp-content\/uploads\/2024\/09\/Buy-THCA-Crystals-Top-Shelf.jpg",600,600,false],"2048x2048":["https:\/\/legitgrams.com\/wp-content\/uploads\/2024\/09\/Buy-THCA-Crystals-Top-Shelf.jpg",600,600,false],"trp-custom-language-flag":["https:\/\/legitgrams.com\/wp-content\/uploads\/2024\/09\/Buy-THCA-Crystals-Top-Shelf-12x12.jpg",12,12,true],"woocommerce_thumbnail":["https:\/\/legitgrams.com\/wp-content\/uploads\/2024\/09\/Buy-THCA-Crystals-Top-Shelf-300x300.jpg",300,300,true],"woocommerce_single":["https:\/\/legitgrams.com\/wp-content\/uploads\/2024\/09\/Buy-THCA-Crystals-Top-Shelf.jpg",600,600,false],"woocommerce_gallery_thumbnail":["https:\/\/legitgrams.com\/wp-content\/uploads\/2024\/09\/Buy-THCA-Crystals-Top-Shelf-100x100.jpg",100,100,true]},"uagb_author_info":{"display_name":"cokeblog18","author_link":"https:\/\/legitgrams.com\/fr\/author\/"},"uagb_comment_info":0,"uagb_excerpt":"Purchase THCA Crystals- Top Shelf Online Top Shelf THCA Crystals for Sale Tetrahydrocannabinolic corrosive, or THCA, is a cannabis molecule that, despite preliminary research, is beginning to show promise as a therapeutic agent. You are familiar with THC, but THCA has very different qualities, even though they may sound similar. THCA is a non-inebriating cannabinoid&hellip;","_links":{"self":[{"href":"https:\/\/legitgrams.com\/fr\/wp-json\/wp\/v2\/product\/4260","targetHints":{"allow":["GET"]}}],"collection":[{"href":"https:\/\/legitgrams.com\/fr\/wp-json\/wp\/v2\/product"}],"about":[{"href":"https:\/\/legitgrams.com\/fr\/wp-json\/wp\/v2\/types\/product"}],"replies":[{"embeddable":true,"href":"https:\/\/legitgrams.com\/fr\/wp-json\/wp\/v2\/comments?post=4260"}],"wp:featuredmedia":[{"embeddable":true,"href":"https:\/\/legitgrams.com\/fr\/wp-json\/wp\/v2\/media\/5392"}],"wp:attachment":[{"href":"https:\/\/legitgrams.com\/fr\/wp-json\/wp\/v2\/media?parent=4260"}],"wp:term":[{"taxonomy":"product_brand","embeddable":true,"href":"https:\/\/legitgrams.com\/fr\/wp-json\/wp\/v2\/product_brand?post=4260"},{"taxonomy":"product_cat","embeddable":true,"href":"https:\/\/legitgrams.com\/fr\/wp-json\/wp\/v2\/product_cat?post=4260"},{"taxonomy":"product_tag","embeddable":true,"href":"https:\/\/legitgrams.com\/fr\/wp-json\/wp\/v2\/product_tag?post=4260"}],"curies":[{"name":"wp","href":"https:\/\/api.w.org\/{rel}","templated":true}]}}