{"id":4270,"date":"2024-09-22T08:08:41","date_gmt":"2024-09-22T08:08:41","guid":{"rendered":"https:\/\/legitgrams.com\/?post_type=product&#038;p=4270"},"modified":"2025-04-03T05:36:09","modified_gmt":"2025-04-03T05:36:09","slug":"commander-de-la-cocaine-en-poudre-en-ligne-98-8-pure","status":"publish","type":"product","link":"https:\/\/legitgrams.com\/fr\/produit\/commander-de-la-cocaine-en-poudre-en-ligne-98-8-pure\/","title":{"rendered":"Achetez de la coca\u00efne en poudre en ligne, pure \u00e0 98,8 %"},"content":{"rendered":"<h2>Achetez et commandez de la poudre de coca\u00efne en ligne.<\/h2>\n<p>La forme de coca\u00efne la plus r\u00e9pandue est <a href=\"https:\/\/legitgrams.com\/fr\/produit\/commander-de-la-cocaine-en-poudre-en-ligne-98-8-pure\/\">coca\u00efne en poudre<\/a>. For this reason, it is also referred to as a street drug. The <a href=\"https:\/\/www.bing.com\/search?q=Buy+Powdered+cocaine+online+98.8%25+pure&amp;qs=n&amp;form=QBRE&amp;sp=-1&amp;lq=0&amp;pq=buy+powdered+cocaine+online+98.8%25+pure&amp;sc=0-38&amp;sk=&amp;cvid=8EA0788297494D1E80E84D8828103EFF&amp;ghsh=0&amp;ghacc=0&amp;ghpl=\">Coca<\/a> des plantes que l'on trouve principalement dans les pays du Sud sont utilis\u00e9es pour fabriquer cette poudre.<br \/>\nIl s'agit d'un puissant stimulant qui agit directement sur le cerveau central pour gu\u00e9rir un large \u00e9ventail de maladies. Les substances chimiques sp\u00e9cifiques du cerveau sont renforc\u00e9es par ce stimulant, ce qui permet au syst\u00e8me organique humain de r\u00e9agir comme il se doit. C'est le type de coca\u00efne le plus utilis\u00e9 dans le monde en raison de ses nombreux avantages.<\/p>\n<p><a href=\"https:\/\/www.google.com\/search?q=Achetez+de+la+cocane+en+poudre+en+ligne+pure++988+&amp;sca_esv=eddefdb7b92e7545&amp;sxsrf=AHTn8zq8goEZacYVIkqmw_oJUW5z9mgmpQ1743658789548&amp;ei=JR_uZ8aZIYfN0PEP1c_bgAM&amp;ved=0ahUKEwiGwIqWk7uMAxWHJjQIHdXnFjAQ4dUDCBA&amp;uact=5&amp;oq=Achetez+de+la+cocane+en+poudre+en+ligne+pure++988+&amp;gs_lp=Egxnd3Mtd2l6LXNlcnAiOUFjaGV0ZXogZGUgbGEgY29jYcOvbmUgZW4gcG91ZHJlIGVuIGxpZ25lLCBwdXJlIMOgIDk4LDggJTIFECEYqwIyBRAhGKsCMgUQIRirAkinB1AAWABwAHgAkAEAmAGLA6ABiwOqAQMzLTG4AQPIAQD4AQL4AQGYAgGgApIDmAMAkgcDNC0xoAfwBbIHAzQtMbgHkgM&amp;sclient=gws-wiz-serp\">Poudre de coca\u00efne<\/a> est diff\u00e9rent des autres formes de coca\u00efne.<\/p>\n<h3>Comment prendre de la poudre de coca\u00efne<\/h3>\n<p><a href=\"https:\/\/www.bing.com\/search?q=Achetezdelacocaneenpoudreenlignepure988&amp;qs=n&amp;form=QBRE&amp;sp=-1&amp;lq=0&amp;pq=achetezdelacocaneenpoudreenlignepure988&amp;sc=0-55&amp;sk=&amp;cvid=95B23583991F41058664C8E4D1781A7F&amp;ghsh=0&amp;ghacc=0&amp;ghpl=\">Poudre de coca\u00efne<\/a> Le fentanyl pr\u00e9sente des avantages en dehors du corps humain. Mais la principale raison de son succ\u00e8s r\u00e9side dans le fait qu'il pr\u00e9sente moins de risques pour la sant\u00e9. Il est couramment utilis\u00e9 en association avec d'autres m\u00e9dicaments sur ordonnance comme le fentanyl, le talc, etc. Cependant, il pourrait \u00eatre nocif pour la sant\u00e9 s'il \u00e9tait utilis\u00e9 avec le fentanyl sans surveillance.<\/p>\n<p>Par cons\u00e9quent, avant d'utiliser une pro-drogue aussi puissante, il convient de l'examiner. Cette substance poudreuse est utilis\u00e9e de diff\u00e9rentes mani\u00e8res, par exemple en l'injectant directement dans une veine ou en la fumant comme une cigarette. La meilleure technique d'utilisation d\u00e9pend de la situation physique et mentale de chaque personne. <a href=\"https:\/\/legitgrams.com\/fr\/\">LegitGrams<\/a><\/p>\n<p>Bien que le m\u00e9lange de cette poudre avec des boissons non alcoolis\u00e9es soit une autre fa\u00e7on de l'utiliser, il est extr\u00eamement risqu\u00e9 de le faire.<\/p>\n<h3>Poudre de coca\u00efne \u00e0 des fins m\u00e9dicales<\/h3>\n<p>De plus, la coca\u00efne en poudre stimule le syst\u00e8me de r\u00e9ponse en ajoutant plus de produits chimiques au cerveau, <a href=\"https:\/\/duckduckgo.com\/?q=Buy+Powdered+cocaine+online+98.8%25+pure&amp;t=h_&amp;ia=web\">coca\u00efne en poudre<\/a> Il renforce \u00e9galement son syst\u00e8me de r\u00e9ponse. Les m\u00e9decins prescrivent ce m\u00e9dicament aux patients souffrant d'apathie comportementale et motrice. En vente\u00a0: chlorhydrate de coca\u00efne.<\/p>\n<p>Les m\u00e9decins l'utilisent \u00e9galement pour att\u00e9nuer l'inconfort lors de nombreuses interventions chirurgicales. Parce qu'il procure \u00e0 l'esprit une sensation de joie et de vitalit\u00e9, sa courte dur\u00e9e est immens\u00e9ment b\u00e9n\u00e9fique pour l'homme. Ces qualit\u00e9s font qu'elle est appr\u00e9ci\u00e9e par un grand nombre de personnes dans le monde entier.<\/p>\n<p>Tout le monde a facilement acc\u00e8s \u00e0 la poudre de coca\u00efne sur le march\u00e9 Internet. Cette poudre sp\u00e9ciale est \u00e9galement disponible \u00e0 des prix extr\u00eamement abordables dans notre magasin en ligne. De plus, nous offrons la livraison la plus rapide possible du produit \u00e0 votre porte.<\/p>\n<p>Achat de 98,8% en poudre pure <a href=\"https:\/\/en.wikipedia.org\/wiki\/Cocaine\">coca\u00efne<\/a> en ligne sur ce site. La coca\u00efne en poudre peut \u00eatre achet\u00e9e en ligne. 98.8% pure, obtenir de la coca\u00efne en poudre en ligne, o\u00f9 puis-je acheter de la coca\u00efne en poudre en ligne ? Online, 98.8% pure powdered cocaine Le produit est pur \u00e0 98.8% et est disponible \u00e0 l'achat en ligne. Il est possible de l'acheter en ligne, et il y a plusieurs endroits o\u00f9 l'on peut se le procurer. A vendre : 98.8% pure, USA, Canada, UK, fournisseurs, achat en ligne, livraison s\u00e9curis\u00e9e, La coca\u00efne en poudre est toujours disponible en ligne. 98.8% pure, Est-il l\u00e9gal d'acheter de la coca\u00efne en poudre 98.8% pure en ligne aux \u00c9tats-Unis ? Comment commander de la coca\u00efne en poudre en ligne aux \u00c9tats-Unis ? Elle est pure \u00e0 98.8%. Est-il l\u00e9gal au Canada d'acheter de la coca\u00efne en poudre pure 98.8% en ligne ?<\/p>","protected":false},"excerpt":{"rendered":"<p>Purchase and order cocaine powder online. The most popular form of cocaine is cocaine powder. For this reason, it is also referred to as a street drug. The Coca plants, which are primarily found in Southern countries, are used to make this powder. It is a potent stimulant that acts directly on the central brain &hellip;<\/p>\n<p class=\"read-more\"> <a class=\"\" href=\"https:\/\/legitgrams.com\/fr\/produit\/commander-de-la-cocaine-en-poudre-en-ligne-98-8-pure\/\"> <span class=\"screen-reader-text\">Achetez de la coca\u00efne en poudre en ligne, pure \u00e0 98,8 %<\/span> Lire la suite \"<\/a><\/p>","protected":false},"featured_media":5333,"comment_status":"open","ping_status":"closed","template":"","meta":{"_uag_custom_page_level_css":"","site-sidebar-layout":"default","site-content-layout":"default","ast-global-header-display":"","ast-main-header-display":"","ast-hfb-above-header-display":"","ast-hfb-below-header-display":"","ast-hfb-mobile-header-display":"","site-post-title":"","ast-breadcrumbs-content":"","ast-featured-img":"","footer-sml-layout":"","theme-transparent-header-meta":"default","adv-header-id-meta":"","stick-header-meta":"default","header-above-stick-meta":"","header-main-stick-meta":"","header-below-stick-meta":"","_joinchat":[]},"product_brand":[],"product_cat":[70],"product_tag":[1361,1351,617,1343,1358,1355,1350,1348,1342,1345,1353,1344,1346,1356,1363,1364,1362,1354,1359,1360,1357,625,1349,1352,1347],"class_list":{"0":"post-4270","1":"product","2":"type-product","3":"status-publish","4":"has-post-thumbnail","6":"product_cat-cocaine","7":"product_tag-best-cheap-price-powdered-cocaine-online-98-8-pure","8":"product_tag-best-place-to-buy-powdered-cocaine-online-98-8-pure","9":"product_tag-bulk-online","10":"product_tag-buy-powdered-cocaine-online-98-8-pure","11":"product_tag-cheap-powdered-cocaine-online-98-8-pure","12":"product_tag-high-quality-powdered-cocaine-online-98-8-pure","13":"product_tag-how-to-buy-powdered-cocaine-online-98-8-pure","14":"product_tag-order-powdered-cocaine-online-98-8-pure","15":"product_tag-powdered-cocaine-online-98-8-pure","16":"product_tag-powdered-cocaine-online-98-8-pure-for-sale","17":"product_tag-powdered-cocaine-online-98-8-pure-legally","18":"product_tag-powdered-cocaine-online-98-8-pure-online","19":"product_tag-powdered-cocaine-online-98-8-pure-powdered-cocaine-online-98-8-pure-supplier","20":"product_tag-powdered-cocaine-online-98-8-pure-store","21":"product_tag-powdered-cocaine-online-98-8-pure-use","22":"product_tag-powdered-cocaine-online-98-8-pure-wiki","23":"product_tag-powdered-cocaine-online-98-8-pure-worldwide","24":"product_tag-powdered-cocaine-online-98-8-pureprice","25":"product_tag-powdered-cocaine-online-98-8-pures","26":"product_tag-purcharse-powdered-cocaine-online-98-8-pure","27":"product_tag-shop-powdered-cocaine-online-98-8-pure","28":"product_tag-top-quality","29":"product_tag-where-to-buy-powdered-cocaine-online-98-8-pure","30":"product_tag-where-to-order-powdered-cocaine-online-98-8-pure","31":"product_tag-wholesale-powdered-cocaine-online-98-8-pure","32":"desktop-align-left","33":"tablet-align-left","34":"mobile-align-left","35":"ast-product-gallery-layout-horizontal","36":"ast-product-gallery-with-no-image","37":"ast-product-single-variable","38":"ast-product-tabs-layout-horizontal","39":"ast-qv-on-image","41":"first","42":"instock","43":"shipping-taxable","44":"purchasable","45":"product-type-variable"},"yoast_head":"<!-- This site is optimized with the Yoast SEO plugin v25.9 - https:\/\/yoast.com\/wordpress\/plugins\/seo\/ -->\n<title>Powdered Cocaine for Sale - Order Powdered Cocaine Online<\/title>\n<meta name=\"description\" content=\"Find premium Powdered Cocaine for sale at our online store, providing a secure platform to buy Powdered Cocaine online with ease, catering to your research needs.\" \/>\n<meta name=\"robots\" content=\"index, follow, max-snippet:-1, max-image-preview:large, max-video-preview:-1\" \/>\n<link rel=\"canonical\" href=\"https:\/\/legitgrams.com\/fr\/produit\/commander-de-la-cocaine-en-poudre-en-ligne-98-8-pure\/\" \/>\n<meta property=\"og:locale\" content=\"fr_FR\" \/>\n<meta property=\"og:type\" content=\"article\" \/>\n<meta property=\"og:title\" content=\"Powdered Cocaine for Sale - Order Powdered Cocaine Online\" \/>\n<meta property=\"og:description\" content=\"Find premium Powdered Cocaine for sale at our online store, providing a secure platform to buy Powdered Cocaine online with ease, catering to your research needs.\" \/>\n<meta property=\"og:url\" content=\"https:\/\/legitgrams.com\/fr\/produit\/commander-de-la-cocaine-en-poudre-en-ligne-98-8-pure\/\" \/>\n<meta property=\"og:site_name\" content=\"Legit Grams\" \/>\n<meta property=\"article:modified_time\" content=\"2025-04-03T05:36:09+00:00\" \/>\n<meta property=\"og:image\" content=\"https:\/\/legitgrams.com\/wp-content\/uploads\/2024\/09\/order-powdered-cocaine-online-98-8-pure.jpg\" \/>\n\t<meta property=\"og:image:width\" content=\"600\" \/>\n\t<meta property=\"og:image:height\" content=\"600\" \/>\n\t<meta property=\"og:image:type\" content=\"image\/jpeg\" \/>\n<meta name=\"twitter:card\" content=\"summary_large_image\" \/>\n<meta name=\"twitter:label1\" content=\"Dur\u00e9e de lecture est.\" \/>\n\t<meta name=\"twitter:data1\" content=\"3 minutes\" \/>\n<script type=\"application\/ld+json\" class=\"yoast-schema-graph\">{\"@context\":\"https:\/\/schema.org\",\"@graph\":[{\"@type\":\"WebPage\",\"@id\":\"https:\/\/legitgrams.com\/product\/order-powdered-cocaine-online-98-8-pure\/\",\"url\":\"https:\/\/legitgrams.com\/product\/order-powdered-cocaine-online-98-8-pure\/\",\"name\":\"Powdered Cocaine for Sale - Order Powdered Cocaine Online\",\"isPartOf\":{\"@id\":\"https:\/\/legitgrams.com\/#website\"},\"primaryImageOfPage\":{\"@id\":\"https:\/\/legitgrams.com\/product\/order-powdered-cocaine-online-98-8-pure\/#primaryimage\"},\"image\":{\"@id\":\"https:\/\/legitgrams.com\/product\/order-powdered-cocaine-online-98-8-pure\/#primaryimage\"},\"thumbnailUrl\":\"https:\/\/legitgrams.com\/wp-content\/uploads\/2024\/09\/order-powdered-cocaine-online-98-8-pure.jpg\",\"datePublished\":\"2024-09-22T08:08:41+00:00\",\"dateModified\":\"2025-04-03T05:36:09+00:00\",\"description\":\"Find premium Powdered Cocaine for sale at our online store, providing a secure platform to buy Powdered Cocaine online with ease, catering to your research needs.\",\"breadcrumb\":{\"@id\":\"https:\/\/legitgrams.com\/product\/order-powdered-cocaine-online-98-8-pure\/#breadcrumb\"},\"inLanguage\":\"fr-BE\",\"potentialAction\":[{\"@type\":\"ReadAction\",\"target\":[\"https:\/\/legitgrams.com\/product\/order-powdered-cocaine-online-98-8-pure\/\"]}]},{\"@type\":\"ImageObject\",\"inLanguage\":\"fr-BE\",\"@id\":\"https:\/\/legitgrams.com\/product\/order-powdered-cocaine-online-98-8-pure\/#primaryimage\",\"url\":\"https:\/\/legitgrams.com\/wp-content\/uploads\/2024\/09\/order-powdered-cocaine-online-98-8-pure.jpg\",\"contentUrl\":\"https:\/\/legitgrams.com\/wp-content\/uploads\/2024\/09\/order-powdered-cocaine-online-98-8-pure.jpg\",\"width\":600,\"height\":600,\"caption\":\"Powdered Cocaine for Sale\"},{\"@type\":\"BreadcrumbList\",\"@id\":\"https:\/\/legitgrams.com\/product\/order-powdered-cocaine-online-98-8-pure\/#breadcrumb\",\"itemListElement\":[{\"@type\":\"ListItem\",\"position\":1,\"name\":\"Home\",\"item\":\"https:\/\/legitgrams.com\/\"},{\"@type\":\"ListItem\",\"position\":2,\"name\":\"Shop\",\"item\":\"https:\/\/legitgrams.com\/shop\/\"},{\"@type\":\"ListItem\",\"position\":3,\"name\":\"Buy Powdered cocaine online 98.8% pure\"}]},{\"@type\":\"WebSite\",\"@id\":\"https:\/\/legitgrams.com\/#website\",\"url\":\"https:\/\/legitgrams.com\/\",\"name\":\"Legit Grams\",\"description\":\"My WordPress Blog\",\"publisher\":{\"@id\":\"https:\/\/legitgrams.com\/#organization\"},\"potentialAction\":[{\"@type\":\"SearchAction\",\"target\":{\"@type\":\"EntryPoint\",\"urlTemplate\":\"https:\/\/legitgrams.com\/?s={search_term_string}\"},\"query-input\":{\"@type\":\"PropertyValueSpecification\",\"valueRequired\":true,\"valueName\":\"search_term_string\"}}],\"inLanguage\":\"fr-BE\"},{\"@type\":\"Organization\",\"@id\":\"https:\/\/legitgrams.com\/#organization\",\"name\":\"Legit Grams\",\"url\":\"https:\/\/legitgrams.com\/\",\"logo\":{\"@type\":\"ImageObject\",\"inLanguage\":\"fr-BE\",\"@id\":\"https:\/\/legitgrams.com\/#\/schema\/logo\/image\/\",\"url\":\"https:\/\/legitgrams.com\/wp-content\/uploads\/2024\/09\/main-logo.png\",\"contentUrl\":\"https:\/\/legitgrams.com\/wp-content\/uploads\/2024\/09\/main-logo.png\",\"width\":270,\"height\":75,\"caption\":\"Legit Grams\"},\"image\":{\"@id\":\"https:\/\/legitgrams.com\/#\/schema\/logo\/image\/\"}}]}<\/script>\n<!-- \/ Yoast SEO plugin. -->","yoast_head_json":{"title":"Powdered Cocaine for Sale - Commander de la coca\u00efne en poudre en ligne","description":"Trouvez de la Coca\u00efne en poudre de premi\u00e8re qualit\u00e9 \u00e0 vendre dans notre magasin en ligne, qui fournit une plateforme s\u00e9curis\u00e9e pour acheter de la Coca\u00efne en poudre en ligne en toute simplicit\u00e9, en r\u00e9pondant \u00e0 vos besoins de recherche.","robots":{"index":"index","follow":"follow","max-snippet":"max-snippet:-1","max-image-preview":"max-image-preview:large","max-video-preview":"max-video-preview:-1"},"canonical":"https:\/\/legitgrams.com\/fr\/produit\/commander-de-la-cocaine-en-poudre-en-ligne-98-8-pure\/","og_locale":"fr_FR","og_type":"article","og_title":"Powdered Cocaine for Sale - Order Powdered Cocaine Online","og_description":"Find premium Powdered Cocaine for sale at our online store, providing a secure platform to buy Powdered Cocaine online with ease, catering to your research needs.","og_url":"https:\/\/legitgrams.com\/fr\/produit\/commander-de-la-cocaine-en-poudre-en-ligne-98-8-pure\/","og_site_name":"Legit Grams","article_modified_time":"2025-04-03T05:36:09+00:00","og_image":[{"width":600,"height":600,"url":"https:\/\/legitgrams.com\/wp-content\/uploads\/2024\/09\/order-powdered-cocaine-online-98-8-pure.jpg","type":"image\/jpeg"}],"twitter_card":"summary_large_image","twitter_misc":{"Dur\u00e9e de lecture est.":"3 minutes"},"schema":{"@context":"https:\/\/schema.org","@graph":[{"@type":"WebPage","@id":"https:\/\/legitgrams.com\/product\/order-powdered-cocaine-online-98-8-pure\/","url":"https:\/\/legitgrams.com\/product\/order-powdered-cocaine-online-98-8-pure\/","name":"Powdered Cocaine for Sale - Commander de la coca\u00efne en poudre en ligne","isPartOf":{"@id":"https:\/\/legitgrams.com\/#website"},"primaryImageOfPage":{"@id":"https:\/\/legitgrams.com\/product\/order-powdered-cocaine-online-98-8-pure\/#primaryimage"},"image":{"@id":"https:\/\/legitgrams.com\/product\/order-powdered-cocaine-online-98-8-pure\/#primaryimage"},"thumbnailUrl":"https:\/\/legitgrams.com\/wp-content\/uploads\/2024\/09\/order-powdered-cocaine-online-98-8-pure.jpg","datePublished":"2024-09-22T08:08:41+00:00","dateModified":"2025-04-03T05:36:09+00:00","description":"Trouvez de la Coca\u00efne en poudre de premi\u00e8re qualit\u00e9 \u00e0 vendre dans notre magasin en ligne, qui fournit une plateforme s\u00e9curis\u00e9e pour acheter de la Coca\u00efne en poudre en ligne en toute simplicit\u00e9, en r\u00e9pondant \u00e0 vos besoins de recherche.","breadcrumb":{"@id":"https:\/\/legitgrams.com\/product\/order-powdered-cocaine-online-98-8-pure\/#breadcrumb"},"inLanguage":"fr-BE","potentialAction":[{"@type":"ReadAction","target":["https:\/\/legitgrams.com\/product\/order-powdered-cocaine-online-98-8-pure\/"]}]},{"@type":"ImageObject","inLanguage":"fr-BE","@id":"https:\/\/legitgrams.com\/product\/order-powdered-cocaine-online-98-8-pure\/#primaryimage","url":"https:\/\/legitgrams.com\/wp-content\/uploads\/2024\/09\/order-powdered-cocaine-online-98-8-pure.jpg","contentUrl":"https:\/\/legitgrams.com\/wp-content\/uploads\/2024\/09\/order-powdered-cocaine-online-98-8-pure.jpg","width":600,"height":600,"caption":"Powdered Cocaine for Sale"},{"@type":"BreadcrumbList","@id":"https:\/\/legitgrams.com\/product\/order-powdered-cocaine-online-98-8-pure\/#breadcrumb","itemListElement":[{"@type":"ListItem","position":1,"name":"Home","item":"https:\/\/legitgrams.com\/"},{"@type":"ListItem","position":2,"name":"Shop","item":"https:\/\/legitgrams.com\/shop\/"},{"@type":"ListItem","position":3,"name":"Buy Powdered cocaine online 98.8% pure"}]},{"@type":"WebSite","@id":"https:\/\/legitgrams.com\/#website","url":"https:\/\/legitgrams.com\/","name":"Les grammes l\u00e9gitimes","description":"Mon blog WordPress","publisher":{"@id":"https:\/\/legitgrams.com\/#organization"},"potentialAction":[{"@type":"SearchAction","target":{"@type":"EntryPoint","urlTemplate":"https:\/\/legitgrams.com\/?s={search_term_string}"},"query-input":{"@type":"PropertyValueSpecification","valueRequired":true,"valueName":"search_term_string"}}],"inLanguage":"fr-BE"},{"@type":"Organization","@id":"https:\/\/legitgrams.com\/#organization","name":"Les grammes l\u00e9gitimes","url":"https:\/\/legitgrams.com\/","logo":{"@type":"ImageObject","inLanguage":"fr-BE","@id":"https:\/\/legitgrams.com\/#\/schema\/logo\/image\/","url":"https:\/\/legitgrams.com\/wp-content\/uploads\/2024\/09\/main-logo.png","contentUrl":"https:\/\/legitgrams.com\/wp-content\/uploads\/2024\/09\/main-logo.png","width":270,"height":75,"caption":"Legit Grams"},"image":{"@id":"https:\/\/legitgrams.com\/#\/schema\/logo\/image\/"}}]}},"uagb_featured_image_src":{"full":["https:\/\/legitgrams.com\/wp-content\/uploads\/2024\/09\/order-powdered-cocaine-online-98-8-pure.jpg",600,600,false],"thumbnail":["https:\/\/legitgrams.com\/wp-content\/uploads\/2024\/09\/order-powdered-cocaine-online-98-8-pure-150x150.jpg",150,150,true],"medium":["https:\/\/legitgrams.com\/wp-content\/uploads\/2024\/09\/order-powdered-cocaine-online-98-8-pure-300x300.jpg",300,300,true],"medium_large":["https:\/\/legitgrams.com\/wp-content\/uploads\/2024\/09\/order-powdered-cocaine-online-98-8-pure.jpg",600,600,false],"large":["https:\/\/legitgrams.com\/wp-content\/uploads\/2024\/09\/order-powdered-cocaine-online-98-8-pure.jpg",600,600,false],"1536x1536":["https:\/\/legitgrams.com\/wp-content\/uploads\/2024\/09\/order-powdered-cocaine-online-98-8-pure.jpg",600,600,false],"2048x2048":["https:\/\/legitgrams.com\/wp-content\/uploads\/2024\/09\/order-powdered-cocaine-online-98-8-pure.jpg",600,600,false],"trp-custom-language-flag":["https:\/\/legitgrams.com\/wp-content\/uploads\/2024\/09\/order-powdered-cocaine-online-98-8-pure-12x12.jpg",12,12,true],"woocommerce_thumbnail":["https:\/\/legitgrams.com\/wp-content\/uploads\/2024\/09\/order-powdered-cocaine-online-98-8-pure-300x300.jpg",300,300,true],"woocommerce_single":["https:\/\/legitgrams.com\/wp-content\/uploads\/2024\/09\/order-powdered-cocaine-online-98-8-pure.jpg",600,600,false],"woocommerce_gallery_thumbnail":["https:\/\/legitgrams.com\/wp-content\/uploads\/2024\/09\/order-powdered-cocaine-online-98-8-pure-100x100.jpg",100,100,true]},"uagb_author_info":{"display_name":"cokeblog18","author_link":"https:\/\/legitgrams.com\/fr\/author\/"},"uagb_comment_info":0,"uagb_excerpt":"Purchase and order cocaine powder online. The most popular form of cocaine is cocaine powder. For this reason, it is also referred to as a street drug. The Coca plants, which are primarily found in Southern countries, are used to make this powder. It is a potent stimulant that acts directly on the central brain&hellip;","_links":{"self":[{"href":"https:\/\/legitgrams.com\/fr\/wp-json\/wp\/v2\/product\/4270","targetHints":{"allow":["GET"]}}],"collection":[{"href":"https:\/\/legitgrams.com\/fr\/wp-json\/wp\/v2\/product"}],"about":[{"href":"https:\/\/legitgrams.com\/fr\/wp-json\/wp\/v2\/types\/product"}],"replies":[{"embeddable":true,"href":"https:\/\/legitgrams.com\/fr\/wp-json\/wp\/v2\/comments?post=4270"}],"wp:featuredmedia":[{"embeddable":true,"href":"https:\/\/legitgrams.com\/fr\/wp-json\/wp\/v2\/media\/5333"}],"wp:attachment":[{"href":"https:\/\/legitgrams.com\/fr\/wp-json\/wp\/v2\/media?parent=4270"}],"wp:term":[{"taxonomy":"product_brand","embeddable":true,"href":"https:\/\/legitgrams.com\/fr\/wp-json\/wp\/v2\/product_brand?post=4270"},{"taxonomy":"product_cat","embeddable":true,"href":"https:\/\/legitgrams.com\/fr\/wp-json\/wp\/v2\/product_cat?post=4270"},{"taxonomy":"product_tag","embeddable":true,"href":"https:\/\/legitgrams.com\/fr\/wp-json\/wp\/v2\/product_tag?post=4270"}],"curies":[{"name":"wp","href":"https:\/\/api.w.org\/{rel}","templated":true}]}}