{"id":4273,"date":"2024-09-22T08:18:05","date_gmt":"2024-09-22T08:18:05","guid":{"rendered":"https:\/\/legitgrams.com\/?post_type=product&#038;p=4273"},"modified":"2025-04-03T04:59:34","modified_gmt":"2025-04-03T04:59:34","slug":"vraies-pilules-decstasy-a-la-pomme-verte","status":"publish","type":"product","link":"https:\/\/legitgrams.com\/fr\/produit\/vraies-pilules-decstasy-a-la-pomme-verte\/","title":{"rendered":"Acheter de vraies pilules d'ecstasy \u00e0 la pomme verte en ligne"},"content":{"rendered":"<h2>Achat de pilules d'ecstasy \u00e0 la pomme verte authentiques en ligne<\/h2>\n<p>J'esp\u00e8re que cet axiome vous a rendu c\u00e9l\u00e8bre. Selon le proverbe, \u00ab\u00a0Une pomme par jour \u00e9loigne le sp\u00e9cialiste\u00a0\u00bb. Compte tenu de tous les bienfaits de la consommation de pommes pour la sant\u00e9, cet aphorisme di\u00e9t\u00e9tique n'est peut-\u00eatre pas totalement inexact. Voici quelques-uns des bienfaits de la consommation de l\u00e9gumes verts pour la sant\u00e9. <a href=\"https:\/\/www.bing.com\/search?q=Achetezdevritablespilulesdecstasylapommeverteenligne&amp;qs=n&amp;form=QBRE&amp;sp=-1&amp;lq=0&amp;pq=achetezdevritablespilulesdecstasylapommeverteenligne&amp;sc=0-65&amp;sk=&amp;cvid=7A747492132D44CCA9843C780576414C&amp;ghsh=0&amp;ghacc=0&amp;ghpl=\">pommes<\/a> inclure les \u00e9l\u00e9ments suivants.<\/p>\n<p>Il a \u00e9t\u00e9 d\u00e9montr\u00e9 que manger des pommes am\u00e9liore la sant\u00e9 cardiaque et r\u00e9duit le risque de maladies cardiovasculaires.<\/p>\n<p>Les bienfaits des pommes pour le c\u0153ur ne sont pas \u00e9vidents. Les fibres alimentaires \u00e9tant associ\u00e9es \u00e0 une r\u00e9duction du cholest\u00e9rol LDL, <a href=\"https:\/\/www.google.com\/search?q=Achetez+de+vritables+pilules+decstasy++la+pomme+verte+en+ligne&amp;sca_esv=eddefdb7b92e7545&amp;sxsrf=AHTn8zpoRKua7xvf6NHspEABD7hVzPSdIg1743656474876&amp;ei=GhbuZ9miNYCG0PEP983vmAM&amp;ved=0ahUKEwjZl67GiruMAxUAAzQIHffmGzMQ4dUDCBA&amp;uact=5&amp;oq=Achetez+de+vritables+pilules+decstasy++la+pomme+verte+en+ligne&amp;gs_lp=Egxnd3Mtd2l6LXNlcnAiQ0FjaGV0ZXogZGUgdsOpcml0YWJsZXMgcGlsdWxlcyBkJ2Vjc3Rhc3kgw6AgbGEgcG9tbWUgdmVydGUgZW4gbGlnbmVIpgRQAFgAcAB4AJABAJgBqQOgAakDqgEDNC0xuAEDyAEA-AEC-AEBmAIAoAIAmAMAkgcAoAfeArIHALgHAA&amp;sclient=gws-wiz-serp\">pommes<\/a>\u2018alto teor de fibra alimentar pode ser um fator contribuinte.<\/p>\n<h3>R\u00e9duisez vos risques de d\u00e9velopper un diab\u00e8te de type 2<\/h3>\n<p>Selon une \u00e9tude, manger quelques pommes vertes par semaine pourrait r\u00e9duire le risque de diab\u00e8te de type 2, mais des recherches suppl\u00e9mentaires sont n\u00e9cessaires. On ne sait pas encore si les compos\u00e9s contenus dans les pommes vertes peuvent aider les personnes \u00e0 contr\u00f4ler leurs sympt\u00f4mes de diab\u00e8te.<\/p>\n<p>Il existe plusieurs avantages \u00e0 utiliser des comprim\u00e9s de pomme verte, tout comme \u00e0 manger des pommes vertes. Le sujet des comprim\u00e9s de pomme verte est sujet \u00e0 discussion.<\/p>\n<p><a href=\"https:\/\/legitgrams.com\/fr\/produit\/vraies-pilules-decstasy-a-la-pomme-verte\/\">pommes vertes<\/a> Les comprim\u00e9s de pomme verte vous permettront d\u2019atteindre un tout autre niveau de satisfaction si vous souhaitez boire du jus de pomme frais par une chaude journ\u00e9e d\u2019\u00e9t\u00e9. L\u2019\u00e9quipe a combin\u00e9 le meilleur cannabis disponible avec des comprim\u00e9s de pomme verte, qui sont produits \u00e0 Washington. En ce qui concerne le dosage, le THC peut \u00eatre difficile \u00e0 br\u00fbler, en particulier si les supports ne pr\u00e9sentent pas de marquages \u200b\u200btr\u00e8s \u00e9vidents. Les comprim\u00e9s de pomme verte, qui produisent trois variations de puissance distinctes de leur c\u00e9l\u00e8bre combinaison de 12 onces, ont totalement chang\u00e9 cela. Leur combinaison la plus solide, qui contient 100 mg et est disponible en 12 onces, sera appr\u00e9ci\u00e9e par les gros consommateurs.<\/p>\n<p><a href=\"https:\/\/duckduckgo.com\/?q=Buy+Real+Green+Apple+Ecstasy+Pills+Online&amp;t=h_&amp;ia=web\">Pilules de pomme verte<\/a> Ils sont id\u00e9aux pour les personnes qui ont besoin d'un effet psychoactif, mais qui ne peuvent se passer de la vari\u00e9t\u00e9 des comprim\u00e9s, car ils incorporent le cannabis au m\u00e9dicament d'une mani\u00e8re innovante, sans le go\u00fbt ni l'odeur du cannabis. De plus, comme le vapotage ou la fum\u00e9e de cannabis en floraison peuvent devenir toxiques, la consommation de cannabis favorise un mode de vie plus sain. La dur\u00e9e de conservation du comprim\u00e9 de pomme verte est d'un an et il est peu calorique, ce qui signifie que votre seule pr\u00e9occupation est d'arr\u00eater le m\u00e9dicament apr\u00e8s l'avoir pris. <a href=\"https:\/\/legitgrams.com\/fr\/\">LegitGrams<\/a><\/p>\n<h3>La couleur verte<\/h3>\n<h3>Mesures : 279 mg<\/h3>\n<p>Comprim\u00e9s d'ecstasy, v\u00e9ritable pomme verte <a href=\"https:\/\/en.wikipedia.org\/wiki\/Ecstasy\">L'extase<\/a> Pilules, pilules d'ecstasy \u00e0 la pomme verte authentiques, acheter des pilules d'ecstasy, acheter des pilules d'ecstasy \u00e0 la pomme verte authentiques en ligne, ecstasy en ligne, o\u00f9 acheter de vraies pilules d'ecstasy \u00e0 la pomme verte, o\u00f9 acheter de vraies pilules d'ecstasy \u00e0 la pomme verte \u00e0 vendre, o\u00f9 acheter de vraies pilules d'ecstasy \u00e0 la pomme verte : les vraies pilules d'ecstasy \u00e0 la pomme verte sont toujours disponibles \u00e0 l'achat aux \u00c9tats-Unis, au Canada et au Royaume-Uni. Vous pouvez les acheter en ligne aupr\u00e8s de fournisseurs et les faire livrer en toute s\u00e9curit\u00e9. De plus, vous pouvez savoir s'ils sont l\u00e9gaux au Canada, comment les acqu\u00e9rir en ligne et s'ils sont l\u00e9gaux aux \u00c9tats-Unis. Vous pouvez \u00e9galement acheter des pilules d'ecstasy, acheter de vraies pilules d'ecstasy \u00e0 la pomme verte en ligne, o\u00f9 acheter de vraies pilules d'ecstasy \u00e0 la pomme verte, o\u00f9 acheter de l'ecstasy en ligne, o\u00f9 acheter des pilules d'ecstasy en ligne, de vraies pilules d'ecstasy \u00e0 la pomme verte \u00e0 vendre aux \u00c9tats-Unis, au Canada et au Royaume-Uni, acheter en ligne, fournisseurs, livraison s\u00e9curis\u00e9e, il existe encore de vraies pilules d'ecstasy \u00e0 la pomme verte disponibles, elles sont l\u00e9gales aux \u00c9tats-Unis, vous pouvez les acheter en ligne et elles sont l\u00e9gales au Canada.<\/p>\n<h2><\/h2>\n<p>&nbsp;<\/p>","protected":false},"excerpt":{"rendered":"<p>Purchase of Genuine Green Apple Ecstasy Pills Online I hope this axiom has made you famous. According to the proverb, &#8220;An apple a day keeps the specialist at bay.&#8221; Given all of the health advantages of eating apples, this diet aphorism may not be entirely inaccurate. Some of the health advantages of eating green apples &hellip;<\/p>\n<p class=\"read-more\"> <a class=\"\" href=\"https:\/\/legitgrams.com\/fr\/produit\/vraies-pilules-decstasy-a-la-pomme-verte\/\"> <span class=\"screen-reader-text\">Acheter de vraies pilules d'ecstasy \u00e0 la pomme verte en ligne<\/span> Lire la suite \"<\/a><\/p>","protected":false},"featured_media":5203,"comment_status":"open","ping_status":"closed","template":"","meta":{"_uag_custom_page_level_css":"","site-sidebar-layout":"default","site-content-layout":"default","ast-global-header-display":"","ast-main-header-display":"","ast-hfb-above-header-display":"","ast-hfb-below-header-display":"","ast-hfb-mobile-header-display":"","site-post-title":"","ast-breadcrumbs-content":"","ast-featured-img":"","footer-sml-layout":"","theme-transparent-header-meta":"default","adv-header-id-meta":"","stick-header-meta":"default","header-above-stick-meta":"","header-main-stick-meta":"","header-below-stick-meta":"","_joinchat":[]},"product_brand":[],"product_cat":[596],"product_tag":[1292,1282,617,1274,1289,1286,1281,1279,1291,1273,1276,1284,1275,1277,1287,1294,1295,1293,1285,1290,1288,625,1280,1283,1278],"class_list":{"0":"post-4273","1":"product","2":"type-product","3":"status-publish","4":"has-post-thumbnail","6":"product_cat-ecstasy-pills-mdma","7":"product_tag-best-cheap-price-real-green-apple-ecstasy-pills","8":"product_tag-best-place-to-buy-real-green-apple-ecstasy-pills","9":"product_tag-bulk-online","10":"product_tag-buy-real-green-apple-ecstasy-pills","11":"product_tag-cheap-real-green-apple-ecstasy-pills","12":"product_tag-high-quality-real-green-apple-ecstasy-pills","13":"product_tag-how-to-buy-real-green-apple-ecstasy-pills","14":"product_tag-order-real-green-apple-ecstasy-pills","15":"product_tag-purcharse-real-green-apple-ecstasy-pills","16":"product_tag-real-green-apple-ecstasy-pills","17":"product_tag-real-green-apple-ecstasy-pills-for-sale","18":"product_tag-real-green-apple-ecstasy-pills-legally","19":"product_tag-real-green-apple-ecstasy-pills-online","20":"product_tag-real-green-apple-ecstasy-pills-real-green-apple-ecstasy-pills-supplier","21":"product_tag-real-green-apple-ecstasy-pills-store","22":"product_tag-real-green-apple-ecstasy-pills-use","23":"product_tag-real-green-apple-ecstasy-pills-wiki","24":"product_tag-real-green-apple-ecstasy-pills-worldwide","25":"product_tag-real-green-apple-ecstasy-pillsprice","26":"product_tag-real-green-apple-ecstasy-pillss","27":"product_tag-shop-real-green-apple-ecstasy-pills","28":"product_tag-top-quality","29":"product_tag-where-to-buy-real-green-apple-ecstasy-pills","30":"product_tag-where-to-order-real-green-apple-ecstasy-pills","31":"product_tag-wholesale-real-green-apple-ecstasy-pills","32":"desktop-align-left","33":"tablet-align-left","34":"mobile-align-left","35":"ast-product-gallery-layout-horizontal","36":"ast-product-gallery-with-no-image","37":"ast-product-single-variable","38":"ast-product-tabs-layout-horizontal","39":"ast-qv-on-image","41":"first","42":"instock","43":"shipping-taxable","44":"purchasable","45":"product-type-variable"},"yoast_head":"<!-- This site is optimized with the Yoast SEO plugin v25.9 - https:\/\/yoast.com\/wordpress\/plugins\/seo\/ -->\n<title>Order Real Green Apple Ecstasy Pills Online @ Best Price | LG<\/title>\n<meta name=\"description\" content=\"If you want to buy real green apple ecstasy pills online and looking for a reliable online shop, then buy here. We offer only high-quality real green apple ecstasy pills for sale at an affordable price. Order Real Green Apple Ecstasy Pills Now!\" \/>\n<meta name=\"robots\" content=\"index, follow, max-snippet:-1, max-image-preview:large, max-video-preview:-1\" \/>\n<link rel=\"canonical\" href=\"https:\/\/legitgrams.com\/fr\/produit\/vraies-pilules-decstasy-a-la-pomme-verte\/\" \/>\n<meta property=\"og:locale\" content=\"fr_FR\" \/>\n<meta property=\"og:type\" content=\"article\" \/>\n<meta property=\"og:title\" content=\"Order Real Green Apple Ecstasy Pills Online @ Best Price | LG\" \/>\n<meta property=\"og:description\" content=\"If you want to buy real green apple ecstasy pills online and looking for a reliable online shop, then buy here. We offer only high-quality real green apple ecstasy pills for sale at an affordable price. Order Real Green Apple Ecstasy Pills Now!\" \/>\n<meta property=\"og:url\" content=\"https:\/\/legitgrams.com\/fr\/produit\/vraies-pilules-decstasy-a-la-pomme-verte\/\" \/>\n<meta property=\"og:site_name\" content=\"Legit Grams\" \/>\n<meta property=\"article:modified_time\" content=\"2025-04-03T04:59:34+00:00\" \/>\n<meta property=\"og:image\" content=\"https:\/\/legitgrams.com\/wp-content\/uploads\/2024\/09\/order-real-green-apple-ecstasy-pills-online.jpg\" \/>\n\t<meta property=\"og:image:width\" content=\"600\" \/>\n\t<meta property=\"og:image:height\" content=\"600\" \/>\n\t<meta property=\"og:image:type\" content=\"image\/jpeg\" \/>\n<meta name=\"twitter:card\" content=\"summary_large_image\" \/>\n<meta name=\"twitter:label1\" content=\"Dur\u00e9e de lecture est.\" \/>\n\t<meta name=\"twitter:data1\" content=\"3 minutes\" \/>\n<script type=\"application\/ld+json\" class=\"yoast-schema-graph\">{\"@context\":\"https:\/\/schema.org\",\"@graph\":[{\"@type\":\"WebPage\",\"@id\":\"https:\/\/legitgrams.com\/product\/real-green-apple-ecstasy-pills\/\",\"url\":\"https:\/\/legitgrams.com\/product\/real-green-apple-ecstasy-pills\/\",\"name\":\"Order Real Green Apple Ecstasy Pills Online @ Best Price | LG\",\"isPartOf\":{\"@id\":\"https:\/\/legitgrams.com\/#website\"},\"primaryImageOfPage\":{\"@id\":\"https:\/\/legitgrams.com\/product\/real-green-apple-ecstasy-pills\/#primaryimage\"},\"image\":{\"@id\":\"https:\/\/legitgrams.com\/product\/real-green-apple-ecstasy-pills\/#primaryimage\"},\"thumbnailUrl\":\"https:\/\/legitgrams.com\/wp-content\/uploads\/2024\/09\/order-real-green-apple-ecstasy-pills-online.jpg\",\"datePublished\":\"2024-09-22T08:18:05+00:00\",\"dateModified\":\"2025-04-03T04:59:34+00:00\",\"description\":\"If you want to buy real green apple ecstasy pills online and looking for a reliable online shop, then buy here. We offer only high-quality real green apple ecstasy pills for sale at an affordable price. Order Real Green Apple Ecstasy Pills Now!\",\"breadcrumb\":{\"@id\":\"https:\/\/legitgrams.com\/product\/real-green-apple-ecstasy-pills\/#breadcrumb\"},\"inLanguage\":\"fr-BE\",\"potentialAction\":[{\"@type\":\"ReadAction\",\"target\":[\"https:\/\/legitgrams.com\/product\/real-green-apple-ecstasy-pills\/\"]}]},{\"@type\":\"ImageObject\",\"inLanguage\":\"fr-BE\",\"@id\":\"https:\/\/legitgrams.com\/product\/real-green-apple-ecstasy-pills\/#primaryimage\",\"url\":\"https:\/\/legitgrams.com\/wp-content\/uploads\/2024\/09\/order-real-green-apple-ecstasy-pills-online.jpg\",\"contentUrl\":\"https:\/\/legitgrams.com\/wp-content\/uploads\/2024\/09\/order-real-green-apple-ecstasy-pills-online.jpg\",\"width\":600,\"height\":600,\"caption\":\"Real Green Apple Ecstasy Pills for Sale\"},{\"@type\":\"BreadcrumbList\",\"@id\":\"https:\/\/legitgrams.com\/product\/real-green-apple-ecstasy-pills\/#breadcrumb\",\"itemListElement\":[{\"@type\":\"ListItem\",\"position\":1,\"name\":\"Home\",\"item\":\"https:\/\/legitgrams.com\/\"},{\"@type\":\"ListItem\",\"position\":2,\"name\":\"Shop\",\"item\":\"https:\/\/legitgrams.com\/shop\/\"},{\"@type\":\"ListItem\",\"position\":3,\"name\":\"Buy Real Green Apple Ecstasy Pills Online\"}]},{\"@type\":\"WebSite\",\"@id\":\"https:\/\/legitgrams.com\/#website\",\"url\":\"https:\/\/legitgrams.com\/\",\"name\":\"Legit Grams\",\"description\":\"My WordPress Blog\",\"publisher\":{\"@id\":\"https:\/\/legitgrams.com\/#organization\"},\"potentialAction\":[{\"@type\":\"SearchAction\",\"target\":{\"@type\":\"EntryPoint\",\"urlTemplate\":\"https:\/\/legitgrams.com\/?s={search_term_string}\"},\"query-input\":{\"@type\":\"PropertyValueSpecification\",\"valueRequired\":true,\"valueName\":\"search_term_string\"}}],\"inLanguage\":\"fr-BE\"},{\"@type\":\"Organization\",\"@id\":\"https:\/\/legitgrams.com\/#organization\",\"name\":\"Legit Grams\",\"url\":\"https:\/\/legitgrams.com\/\",\"logo\":{\"@type\":\"ImageObject\",\"inLanguage\":\"fr-BE\",\"@id\":\"https:\/\/legitgrams.com\/#\/schema\/logo\/image\/\",\"url\":\"https:\/\/legitgrams.com\/wp-content\/uploads\/2024\/09\/main-logo.png\",\"contentUrl\":\"https:\/\/legitgrams.com\/wp-content\/uploads\/2024\/09\/main-logo.png\",\"width\":270,\"height\":75,\"caption\":\"Legit Grams\"},\"image\":{\"@id\":\"https:\/\/legitgrams.com\/#\/schema\/logo\/image\/\"}}]}<\/script>\n<!-- \/ Yoast SEO plugin. -->","yoast_head_json":{"title":"Order Real Green Apple Ecstasy Pills Online @ Best Price | LG","description":"Si vous voulez acheter des pilules d'ecstasy en ligne et que vous cherchez une boutique en ligne fiable, achetez-les ici. Nous offrons uniquement des pilules d'ecstasy de haute qualit\u00e9 \u00e0 un prix abordable. Commandez les pilules d'ecstasy Real Green Apple maintenant !","robots":{"index":"index","follow":"follow","max-snippet":"max-snippet:-1","max-image-preview":"max-image-preview:large","max-video-preview":"max-video-preview:-1"},"canonical":"https:\/\/legitgrams.com\/fr\/produit\/vraies-pilules-decstasy-a-la-pomme-verte\/","og_locale":"fr_FR","og_type":"article","og_title":"Order Real Green Apple Ecstasy Pills Online @ Best Price | LG","og_description":"If you want to buy real green apple ecstasy pills online and looking for a reliable online shop, then buy here. We offer only high-quality real green apple ecstasy pills for sale at an affordable price. Order Real Green Apple Ecstasy Pills Now!","og_url":"https:\/\/legitgrams.com\/fr\/produit\/vraies-pilules-decstasy-a-la-pomme-verte\/","og_site_name":"Legit Grams","article_modified_time":"2025-04-03T04:59:34+00:00","og_image":[{"width":600,"height":600,"url":"https:\/\/legitgrams.com\/wp-content\/uploads\/2024\/09\/order-real-green-apple-ecstasy-pills-online.jpg","type":"image\/jpeg"}],"twitter_card":"summary_large_image","twitter_misc":{"Dur\u00e9e de lecture est.":"3 minutes"},"schema":{"@context":"https:\/\/schema.org","@graph":[{"@type":"WebPage","@id":"https:\/\/legitgrams.com\/product\/real-green-apple-ecstasy-pills\/","url":"https:\/\/legitgrams.com\/product\/real-green-apple-ecstasy-pills\/","name":"Order Real Green Apple Ecstasy Pills Online @ Best Price | LG","isPartOf":{"@id":"https:\/\/legitgrams.com\/#website"},"primaryImageOfPage":{"@id":"https:\/\/legitgrams.com\/product\/real-green-apple-ecstasy-pills\/#primaryimage"},"image":{"@id":"https:\/\/legitgrams.com\/product\/real-green-apple-ecstasy-pills\/#primaryimage"},"thumbnailUrl":"https:\/\/legitgrams.com\/wp-content\/uploads\/2024\/09\/order-real-green-apple-ecstasy-pills-online.jpg","datePublished":"2024-09-22T08:18:05+00:00","dateModified":"2025-04-03T04:59:34+00:00","description":"Si vous voulez acheter des pilules d'ecstasy en ligne et que vous cherchez une boutique en ligne fiable, achetez-les ici. Nous offrons uniquement des pilules d'ecstasy de haute qualit\u00e9 \u00e0 un prix abordable. Commandez les pilules d'ecstasy Real Green Apple maintenant !","breadcrumb":{"@id":"https:\/\/legitgrams.com\/product\/real-green-apple-ecstasy-pills\/#breadcrumb"},"inLanguage":"fr-BE","potentialAction":[{"@type":"ReadAction","target":["https:\/\/legitgrams.com\/product\/real-green-apple-ecstasy-pills\/"]}]},{"@type":"ImageObject","inLanguage":"fr-BE","@id":"https:\/\/legitgrams.com\/product\/real-green-apple-ecstasy-pills\/#primaryimage","url":"https:\/\/legitgrams.com\/wp-content\/uploads\/2024\/09\/order-real-green-apple-ecstasy-pills-online.jpg","contentUrl":"https:\/\/legitgrams.com\/wp-content\/uploads\/2024\/09\/order-real-green-apple-ecstasy-pills-online.jpg","width":600,"height":600,"caption":"Real Green Apple Ecstasy Pills for Sale"},{"@type":"BreadcrumbList","@id":"https:\/\/legitgrams.com\/product\/real-green-apple-ecstasy-pills\/#breadcrumb","itemListElement":[{"@type":"ListItem","position":1,"name":"Home","item":"https:\/\/legitgrams.com\/"},{"@type":"ListItem","position":2,"name":"Shop","item":"https:\/\/legitgrams.com\/shop\/"},{"@type":"ListItem","position":3,"name":"Buy Real Green Apple Ecstasy Pills Online"}]},{"@type":"WebSite","@id":"https:\/\/legitgrams.com\/#website","url":"https:\/\/legitgrams.com\/","name":"Les grammes l\u00e9gitimes","description":"Mon blog WordPress","publisher":{"@id":"https:\/\/legitgrams.com\/#organization"},"potentialAction":[{"@type":"SearchAction","target":{"@type":"EntryPoint","urlTemplate":"https:\/\/legitgrams.com\/?s={search_term_string}"},"query-input":{"@type":"PropertyValueSpecification","valueRequired":true,"valueName":"search_term_string"}}],"inLanguage":"fr-BE"},{"@type":"Organization","@id":"https:\/\/legitgrams.com\/#organization","name":"Les grammes l\u00e9gitimes","url":"https:\/\/legitgrams.com\/","logo":{"@type":"ImageObject","inLanguage":"fr-BE","@id":"https:\/\/legitgrams.com\/#\/schema\/logo\/image\/","url":"https:\/\/legitgrams.com\/wp-content\/uploads\/2024\/09\/main-logo.png","contentUrl":"https:\/\/legitgrams.com\/wp-content\/uploads\/2024\/09\/main-logo.png","width":270,"height":75,"caption":"Legit Grams"},"image":{"@id":"https:\/\/legitgrams.com\/#\/schema\/logo\/image\/"}}]}},"uagb_featured_image_src":{"full":["https:\/\/legitgrams.com\/wp-content\/uploads\/2024\/09\/order-real-green-apple-ecstasy-pills-online.jpg",600,600,false],"thumbnail":["https:\/\/legitgrams.com\/wp-content\/uploads\/2024\/09\/order-real-green-apple-ecstasy-pills-online-150x150.jpg",150,150,true],"medium":["https:\/\/legitgrams.com\/wp-content\/uploads\/2024\/09\/order-real-green-apple-ecstasy-pills-online-300x300.jpg",300,300,true],"medium_large":["https:\/\/legitgrams.com\/wp-content\/uploads\/2024\/09\/order-real-green-apple-ecstasy-pills-online.jpg",600,600,false],"large":["https:\/\/legitgrams.com\/wp-content\/uploads\/2024\/09\/order-real-green-apple-ecstasy-pills-online.jpg",600,600,false],"1536x1536":["https:\/\/legitgrams.com\/wp-content\/uploads\/2024\/09\/order-real-green-apple-ecstasy-pills-online.jpg",600,600,false],"2048x2048":["https:\/\/legitgrams.com\/wp-content\/uploads\/2024\/09\/order-real-green-apple-ecstasy-pills-online.jpg",600,600,false],"trp-custom-language-flag":["https:\/\/legitgrams.com\/wp-content\/uploads\/2024\/09\/order-real-green-apple-ecstasy-pills-online-12x12.jpg",12,12,true],"woocommerce_thumbnail":["https:\/\/legitgrams.com\/wp-content\/uploads\/2024\/09\/order-real-green-apple-ecstasy-pills-online-300x300.jpg",300,300,true],"woocommerce_single":["https:\/\/legitgrams.com\/wp-content\/uploads\/2024\/09\/order-real-green-apple-ecstasy-pills-online.jpg",600,600,false],"woocommerce_gallery_thumbnail":["https:\/\/legitgrams.com\/wp-content\/uploads\/2024\/09\/order-real-green-apple-ecstasy-pills-online-100x100.jpg",100,100,true]},"uagb_author_info":{"display_name":"cokeblog18","author_link":"https:\/\/legitgrams.com\/fr\/author\/"},"uagb_comment_info":0,"uagb_excerpt":"Purchase of Genuine Green Apple Ecstasy Pills Online I hope this axiom has made you famous. According to the proverb, &#8220;An apple a day keeps the specialist at bay.&#8221; Given all of the health advantages of eating apples, this diet aphorism may not be entirely inaccurate. Some of the health advantages of eating green apples&hellip;","_links":{"self":[{"href":"https:\/\/legitgrams.com\/fr\/wp-json\/wp\/v2\/product\/4273","targetHints":{"allow":["GET"]}}],"collection":[{"href":"https:\/\/legitgrams.com\/fr\/wp-json\/wp\/v2\/product"}],"about":[{"href":"https:\/\/legitgrams.com\/fr\/wp-json\/wp\/v2\/types\/product"}],"replies":[{"embeddable":true,"href":"https:\/\/legitgrams.com\/fr\/wp-json\/wp\/v2\/comments?post=4273"}],"wp:featuredmedia":[{"embeddable":true,"href":"https:\/\/legitgrams.com\/fr\/wp-json\/wp\/v2\/media\/5203"}],"wp:attachment":[{"href":"https:\/\/legitgrams.com\/fr\/wp-json\/wp\/v2\/media?parent=4273"}],"wp:term":[{"taxonomy":"product_brand","embeddable":true,"href":"https:\/\/legitgrams.com\/fr\/wp-json\/wp\/v2\/product_brand?post=4273"},{"taxonomy":"product_cat","embeddable":true,"href":"https:\/\/legitgrams.com\/fr\/wp-json\/wp\/v2\/product_cat?post=4273"},{"taxonomy":"product_tag","embeddable":true,"href":"https:\/\/legitgrams.com\/fr\/wp-json\/wp\/v2\/product_tag?post=4273"}],"curies":[{"name":"wp","href":"https:\/\/api.w.org\/{rel}","templated":true}]}}