{"id":4274,"date":"2024-09-22T08:19:29","date_gmt":"2024-09-22T08:19:29","guid":{"rendered":"https:\/\/legitgrams.com\/?post_type=product&#038;p=4274"},"modified":"2026-03-21T18:43:17","modified_gmt":"2026-03-21T18:43:17","slug":"xtc-philipp-plein-blue-524-mg-mdma-pills","status":"publish","type":"product","link":"https:\/\/legitgrams.com\/fr\/produit\/xtc-philipp-plein-blue-524-mg-mdma-pills\/","title":{"rendered":"Acheter XTC- Philipp Plein Blue- 524 mg de MDMA en ligne"},"content":{"rendered":"<h2>Purchase 524 mg of XTC-Philip Plein Blue MDMA pills online.<br \/>\nQu'est-ce que l'ecstasy ou la MDMA ?<\/h2>\n<p>La substance psychoactive synth\u00e9tique ecstasy (<a href=\"https:\/\/www.bing.com\/search?q=XTC-%20Philipp%20Plein%20Blue-%20524%20mg%20MDMA%20pills&amp;qs=n&amp;form=QBRE&amp;sp=-1&amp;lq=0&amp;pq=xtc-%20philipp%20plein%20blue-%20524%20mg%20mdma%20pills&amp;sc=0-42&amp;sk=&amp;cvid=88AE6535F3A04F5A83661E6468ACED0A&amp;ghsh=0&amp;ghacc=0&amp;ghpl=\">MDMA, 3,4 m\u00e9thyl\u00e8nedioxym\u00e9thamph\u00e9tamine<\/a>) pr\u00e9sente des similitudes chimiques avec la m\u00e9thamph\u00e9tamine, un stimulant, et la mescaline, un hallucinog\u00e8ne. Les qualit\u00e9s psych\u00e9d\u00e9liques et stimulantes de cette substance ill\u00e9gale sont \u00e0 l'origine de distorsions temporelles et perceptives, d'une augmentation du plaisir des stimuli tactiles et d'un effet stimulant. <a style=\"font-size: 16px; background-color: #ffffff;\" href=\"https:\/\/legitgrams.com\/fr\/\">LegitGrams<\/a><\/p>\n<p>Achat<a href=\"https:\/\/legitgrams.com\/fr\/produit\/xtc-philipp-plein-blue-524-mg-mdma-pills\/\"> XTC - Philipp Plein Blue - Pilules MDMA 524 mg <\/a>Acheter des pilules de MDMA en ligne, acheter des pilules de XTC-Philip Plein Blue-524 mg de MDMA, acheter des pilules de XTC-Philip Plein Blue-524 mg de MDMA en ligne, o\u00f9 acheter des pilules de XTC-Philip Plein Blue-524 mg de MDMA, acheter de la MDMA en ligne, acheter des pilules de XTC-Philip Plein Blue-524 mg de MDMA, o\u00f9 acheter<a href=\"https:\/\/www.google.com\/search?q=Achetez+des+pilules+XTC+Philipp+Plein+Blue+MDMA+524+mg+en+ligne&amp;sca_esv=eddefdb7b92e7545&amp;sxsrf=AHTn8zq69CnhuJE_8R80RAgRIAW3CuIiYg1743622039846&amp;ei=l4_tZ_mkM9nJ0PEPkoeb-QM&amp;ved=0ahUKEwi5zLqiirqMAxXZJDQIHZLDJj8Q4dUDCBA&amp;uact=5&amp;oq=Achetez+des+pilules+XTC+Philipp+Plein+Blue+MDMA+524+mg+en+ligne&amp;gs_lp=Egxnd3Mtd2l6LXNlcnAiQUFjaGV0ZXogZGVzIHBpbHVsZXMgWFRDIFBoaWxpcHAgUGxlaW4gQmx1ZSAoTURNQSA1MjQgbWcpIGVuIGxpZ25lSMMEUABYAHAAeACQAQCYAfoCoAH6AqoBAzMtMbgBA8gBAPgBAvgBAZgCAKACAJgDAJIHAKAHwQKyBwC4BwA&amp;sclient=gws-wiz-serp\"> Comprim\u00e9s de MDMA XTC-Philipp Plein Blue 524 mg<\/a>? O\u00f9 puis-je acheter en ligne des comprim\u00e9s de MDMA contenant 524 mg ? O\u00f9 puis-je acheter en ligne des comprim\u00e9s de MDMA contenant 524 mg ? Philipp Plein Blue (XTC) : 524 mg de MDMA en comprim\u00e9s disponibles aux Etats-Unis, au Canada et au Royaume-Uni ? achat, internet, vendeurs, livraison s\u00e9curis\u00e9e, XTC-Philip Plein <a href=\"https:\/\/duckduckgo.com\/?q=XTC-+Philipp+Plein+Blue-+524+mg+MDMA+pills&amp;t=h_&amp;ia=web\">Bleu - pilules de MDMA de 24 mg<\/a> sont encore disponibles. En outre, vous pouvez d\u00e9terminer si les pilules de XTC-Philip Plein Blue-524 mg-MDMA sont l\u00e9gales aux \u00c9tats-Unis, comment les commander et comment les obtenir. <a href=\"https:\/\/en.wikipedia.org\/wiki\/XTC\">XTC<\/a>- Philipp Plein Blue - pilules de MDMA de 524 mg, et si elles sont l\u00e9gales au Canada.<\/p>","protected":false},"excerpt":{"rendered":"<p><strong>Color: Blue<\/strong><br \/>\n<strong>Size: 524 mg<\/strong><\/p>","protected":false},"featured_media":5204,"comment_status":"open","ping_status":"closed","template":"","meta":{"_uag_custom_page_level_css":"","site-sidebar-layout":"default","site-content-layout":"default","ast-global-header-display":"","ast-main-header-display":"","ast-hfb-above-header-display":"","ast-hfb-below-header-display":"","ast-hfb-mobile-header-display":"","site-post-title":"","ast-breadcrumbs-content":"","ast-featured-img":"","footer-sml-layout":"","theme-transparent-header-meta":"default","adv-header-id-meta":"","stick-header-meta":"default","header-above-stick-meta":"","header-main-stick-meta":"","header-below-stick-meta":"","_joinchat":[]},"product_brand":[],"product_cat":[596],"product_tag":[1269,1259,617,1251,1266,1263,1258,1256,1268,1265,625,1257,1260,1255,1250,1253,1261,1252,1264,1271,1272,1270,1254,1262,1267],"class_list":{"0":"post-4274","1":"product","2":"type-product","3":"status-publish","4":"has-post-thumbnail","6":"product_cat-ecstasy-pills-mdma","7":"product_tag-best-cheap-price-xtc-philipp-plein-blue","8":"product_tag-best-place-to-buy-xtc-philipp-plein-blue","9":"product_tag-bulk-online","10":"product_tag-buy-xtc-philipp-plein-blue","11":"product_tag-cheap-xtc-philipp-plein-blue","12":"product_tag-high-quality-xtc-philipp-plein-blue","13":"product_tag-how-to-buy-xtc-philipp-plein-blue","14":"product_tag-order-xtc-philipp-plein-blue","15":"product_tag-purcharse-xtc-philipp-plein-blue","16":"product_tag-shop-xtc-philipp-plein-blue","17":"product_tag-top-quality","18":"product_tag-where-to-buy-xtc-philipp-plein-blue","19":"product_tag-where-to-order-xtc-philipp-plein-blue","20":"product_tag-wholesale-xtc-philipp-plein-blue","21":"product_tag-xtc-philipp-plein-blue","22":"product_tag-xtc-philipp-plein-blue-for-sale","23":"product_tag-xtc-philipp-plein-blue-legally","24":"product_tag-xtc-philipp-plein-blue-online","25":"product_tag-xtc-philipp-plein-blue-store","26":"product_tag-xtc-philipp-plein-blue-use","27":"product_tag-xtc-philipp-plein-blue-wiki","28":"product_tag-xtc-philipp-plein-blue-worldwide","29":"product_tag-xtc-philipp-plein-blue-xtc-philipp-plein-blue-supplier","30":"product_tag-xtc-philipp-plein-blueprice","31":"product_tag-xtc-philipp-plein-blues","32":"desktop-align-left","33":"tablet-align-left","34":"mobile-align-left","35":"ast-product-gallery-layout-horizontal","36":"ast-product-gallery-with-no-image","37":"ast-product-single-variable","38":"ast-product-tabs-layout-horizontal","39":"ast-qv-on-image","41":"first","42":"instock","43":"shipping-taxable","44":"purchasable","45":"product-type-variable","46":"has-default-attributes"},"yoast_head":"<!-- This site is optimized with the Yoast SEO plugin v25.9 - https:\/\/yoast.com\/wordpress\/plugins\/seo\/ -->\n<title>Buy XTC- Philipp Plein Blue 524 mg MDMA Pills Online | | LG<\/title>\n<meta name=\"description\" content=\"If you want to buy XTC- Philipp Plein Blue- 524 mg MDMA Pills online and looking for a reliable online store, then buy here. We offer only high-quality XTC- Philipp Plein Blue- 524 mg MDMA Pills for sale at an affordable price.\" \/>\n<meta name=\"robots\" content=\"index, follow, max-snippet:-1, max-image-preview:large, max-video-preview:-1\" \/>\n<link rel=\"canonical\" href=\"https:\/\/legitgrams.com\/fr\/produit\/xtc-philipp-plein-blue-524-mg-mdma-pills\/\" \/>\n<meta property=\"og:locale\" content=\"fr_FR\" \/>\n<meta property=\"og:type\" content=\"article\" \/>\n<meta property=\"og:title\" content=\"Buy XTC- Philipp Plein Blue 524 mg MDMA Pills Online | | LG\" \/>\n<meta property=\"og:description\" content=\"If you want to buy XTC- Philipp Plein Blue- 524 mg MDMA Pills online and looking for a reliable online store, then buy here. We offer only high-quality XTC- Philipp Plein Blue- 524 mg MDMA Pills for sale at an affordable price.\" \/>\n<meta property=\"og:url\" content=\"https:\/\/legitgrams.com\/fr\/produit\/xtc-philipp-plein-blue-524-mg-mdma-pills\/\" \/>\n<meta property=\"og:site_name\" content=\"Legit Grams\" \/>\n<meta property=\"article:modified_time\" content=\"2026-03-21T18:43:17+00:00\" \/>\n<meta property=\"og:image\" content=\"https:\/\/legitgrams.com\/wp-content\/uploads\/2024\/09\/buy-xtc-philipp-plein-blue-524-mg-mdma-pills-online.jpg\" \/>\n\t<meta property=\"og:image:width\" content=\"600\" \/>\n\t<meta property=\"og:image:height\" content=\"600\" \/>\n\t<meta property=\"og:image:type\" content=\"image\/jpeg\" \/>\n<meta name=\"twitter:card\" content=\"summary_large_image\" \/>\n<meta name=\"twitter:label1\" content=\"Dur\u00e9e de lecture est.\" \/>\n\t<meta name=\"twitter:data1\" content=\"2 minutes\" \/>\n<script type=\"application\/ld+json\" class=\"yoast-schema-graph\">{\"@context\":\"https:\/\/schema.org\",\"@graph\":[{\"@type\":\"WebPage\",\"@id\":\"https:\/\/legitgrams.com\/product\/xtc-philipp-plein-blue-524-mg-mdma-pills\/\",\"url\":\"https:\/\/legitgrams.com\/product\/xtc-philipp-plein-blue-524-mg-mdma-pills\/\",\"name\":\"Buy XTC- Philipp Plein Blue 524 mg MDMA Pills Online | | LG\",\"isPartOf\":{\"@id\":\"https:\/\/legitgrams.com\/#website\"},\"primaryImageOfPage\":{\"@id\":\"https:\/\/legitgrams.com\/product\/xtc-philipp-plein-blue-524-mg-mdma-pills\/#primaryimage\"},\"image\":{\"@id\":\"https:\/\/legitgrams.com\/product\/xtc-philipp-plein-blue-524-mg-mdma-pills\/#primaryimage\"},\"thumbnailUrl\":\"https:\/\/legitgrams.com\/wp-content\/uploads\/2024\/09\/buy-xtc-philipp-plein-blue-524-mg-mdma-pills-online.jpg\",\"datePublished\":\"2024-09-22T08:19:29+00:00\",\"dateModified\":\"2026-03-21T18:43:17+00:00\",\"description\":\"If you want to buy XTC- Philipp Plein Blue- 524 mg MDMA Pills online and looking for a reliable online store, then buy here. We offer only high-quality XTC- Philipp Plein Blue- 524 mg MDMA Pills for sale at an affordable price.\",\"breadcrumb\":{\"@id\":\"https:\/\/legitgrams.com\/product\/xtc-philipp-plein-blue-524-mg-mdma-pills\/#breadcrumb\"},\"inLanguage\":\"fr-BE\",\"potentialAction\":[{\"@type\":\"ReadAction\",\"target\":[\"https:\/\/legitgrams.com\/product\/xtc-philipp-plein-blue-524-mg-mdma-pills\/\"]}]},{\"@type\":\"ImageObject\",\"inLanguage\":\"fr-BE\",\"@id\":\"https:\/\/legitgrams.com\/product\/xtc-philipp-plein-blue-524-mg-mdma-pills\/#primaryimage\",\"url\":\"https:\/\/legitgrams.com\/wp-content\/uploads\/2024\/09\/buy-xtc-philipp-plein-blue-524-mg-mdma-pills-online.jpg\",\"contentUrl\":\"https:\/\/legitgrams.com\/wp-content\/uploads\/2024\/09\/buy-xtc-philipp-plein-blue-524-mg-mdma-pills-online.jpg\",\"width\":600,\"height\":600,\"caption\":\"XTC- Philipp Plein Blue- 524 mg MDMA Pills for Sale\"},{\"@type\":\"BreadcrumbList\",\"@id\":\"https:\/\/legitgrams.com\/product\/xtc-philipp-plein-blue-524-mg-mdma-pills\/#breadcrumb\",\"itemListElement\":[{\"@type\":\"ListItem\",\"position\":1,\"name\":\"Home\",\"item\":\"https:\/\/legitgrams.com\/\"},{\"@type\":\"ListItem\",\"position\":2,\"name\":\"Shop\",\"item\":\"https:\/\/legitgrams.com\/shop\/\"},{\"@type\":\"ListItem\",\"position\":3,\"name\":\"Buy XTC- Philipp Plein Blue- 524 mg MDMA pills Online\"}]},{\"@type\":\"WebSite\",\"@id\":\"https:\/\/legitgrams.com\/#website\",\"url\":\"https:\/\/legitgrams.com\/\",\"name\":\"Legit Grams\",\"description\":\"My WordPress Blog\",\"publisher\":{\"@id\":\"https:\/\/legitgrams.com\/#organization\"},\"potentialAction\":[{\"@type\":\"SearchAction\",\"target\":{\"@type\":\"EntryPoint\",\"urlTemplate\":\"https:\/\/legitgrams.com\/?s={search_term_string}\"},\"query-input\":{\"@type\":\"PropertyValueSpecification\",\"valueRequired\":true,\"valueName\":\"search_term_string\"}}],\"inLanguage\":\"fr-BE\"},{\"@type\":\"Organization\",\"@id\":\"https:\/\/legitgrams.com\/#organization\",\"name\":\"Legit Grams\",\"url\":\"https:\/\/legitgrams.com\/\",\"logo\":{\"@type\":\"ImageObject\",\"inLanguage\":\"fr-BE\",\"@id\":\"https:\/\/legitgrams.com\/#\/schema\/logo\/image\/\",\"url\":\"https:\/\/legitgrams.com\/wp-content\/uploads\/2024\/09\/main-logo.png\",\"contentUrl\":\"https:\/\/legitgrams.com\/wp-content\/uploads\/2024\/09\/main-logo.png\",\"width\":270,\"height\":75,\"caption\":\"Legit Grams\"},\"image\":{\"@id\":\"https:\/\/legitgrams.com\/#\/schema\/logo\/image\/\"}}]}<\/script>\n<!-- \/ Yoast SEO plugin. -->","yoast_head_json":{"title":"Acheter XTC - Philipp Plein Blue 524 mg MDMA Pills en ligne | | LG","description":"Si vous voulez acheter XTC- Philipp Plein Blue- 524 mg MDMA Pills en ligne et que vous cherchez un magasin en ligne fiable, alors achetez ici. Nous proposons uniquement des pilules XTC- Philipp Plein Blue- 524 mg MDMA Pills de haute qualit\u00e9 \u00e0 un prix abordable.","robots":{"index":"index","follow":"follow","max-snippet":"max-snippet:-1","max-image-preview":"max-image-preview:large","max-video-preview":"max-video-preview:-1"},"canonical":"https:\/\/legitgrams.com\/fr\/produit\/xtc-philipp-plein-blue-524-mg-mdma-pills\/","og_locale":"fr_FR","og_type":"article","og_title":"Buy XTC- Philipp Plein Blue 524 mg MDMA Pills Online | | LG","og_description":"If you want to buy XTC- Philipp Plein Blue- 524 mg MDMA Pills online and looking for a reliable online store, then buy here. We offer only high-quality XTC- Philipp Plein Blue- 524 mg MDMA Pills for sale at an affordable price.","og_url":"https:\/\/legitgrams.com\/fr\/produit\/xtc-philipp-plein-blue-524-mg-mdma-pills\/","og_site_name":"Legit Grams","article_modified_time":"2026-03-21T18:43:17+00:00","og_image":[{"width":600,"height":600,"url":"https:\/\/legitgrams.com\/wp-content\/uploads\/2024\/09\/buy-xtc-philipp-plein-blue-524-mg-mdma-pills-online.jpg","type":"image\/jpeg"}],"twitter_card":"summary_large_image","twitter_misc":{"Dur\u00e9e de lecture est.":"2 minutes"},"schema":{"@context":"https:\/\/schema.org","@graph":[{"@type":"WebPage","@id":"https:\/\/legitgrams.com\/product\/xtc-philipp-plein-blue-524-mg-mdma-pills\/","url":"https:\/\/legitgrams.com\/product\/xtc-philipp-plein-blue-524-mg-mdma-pills\/","name":"Acheter XTC - Philipp Plein Blue 524 mg MDMA Pills en ligne | | LG","isPartOf":{"@id":"https:\/\/legitgrams.com\/#website"},"primaryImageOfPage":{"@id":"https:\/\/legitgrams.com\/product\/xtc-philipp-plein-blue-524-mg-mdma-pills\/#primaryimage"},"image":{"@id":"https:\/\/legitgrams.com\/product\/xtc-philipp-plein-blue-524-mg-mdma-pills\/#primaryimage"},"thumbnailUrl":"https:\/\/legitgrams.com\/wp-content\/uploads\/2024\/09\/buy-xtc-philipp-plein-blue-524-mg-mdma-pills-online.jpg","datePublished":"2024-09-22T08:19:29+00:00","dateModified":"2026-03-21T18:43:17+00:00","description":"Si vous voulez acheter XTC- Philipp Plein Blue- 524 mg MDMA Pills en ligne et que vous cherchez un magasin en ligne fiable, alors achetez ici. Nous proposons uniquement des pilules XTC- Philipp Plein Blue- 524 mg MDMA Pills de haute qualit\u00e9 \u00e0 un prix abordable.","breadcrumb":{"@id":"https:\/\/legitgrams.com\/product\/xtc-philipp-plein-blue-524-mg-mdma-pills\/#breadcrumb"},"inLanguage":"fr-BE","potentialAction":[{"@type":"ReadAction","target":["https:\/\/legitgrams.com\/product\/xtc-philipp-plein-blue-524-mg-mdma-pills\/"]}]},{"@type":"ImageObject","inLanguage":"fr-BE","@id":"https:\/\/legitgrams.com\/product\/xtc-philipp-plein-blue-524-mg-mdma-pills\/#primaryimage","url":"https:\/\/legitgrams.com\/wp-content\/uploads\/2024\/09\/buy-xtc-philipp-plein-blue-524-mg-mdma-pills-online.jpg","contentUrl":"https:\/\/legitgrams.com\/wp-content\/uploads\/2024\/09\/buy-xtc-philipp-plein-blue-524-mg-mdma-pills-online.jpg","width":600,"height":600,"caption":"XTC- Philipp Plein Blue- 524 mg MDMA Pills for Sale"},{"@type":"BreadcrumbList","@id":"https:\/\/legitgrams.com\/product\/xtc-philipp-plein-blue-524-mg-mdma-pills\/#breadcrumb","itemListElement":[{"@type":"ListItem","position":1,"name":"Home","item":"https:\/\/legitgrams.com\/"},{"@type":"ListItem","position":2,"name":"Shop","item":"https:\/\/legitgrams.com\/shop\/"},{"@type":"ListItem","position":3,"name":"Buy XTC- Philipp Plein Blue- 524 mg MDMA pills Online"}]},{"@type":"WebSite","@id":"https:\/\/legitgrams.com\/#website","url":"https:\/\/legitgrams.com\/","name":"Les grammes l\u00e9gitimes","description":"Mon blog WordPress","publisher":{"@id":"https:\/\/legitgrams.com\/#organization"},"potentialAction":[{"@type":"SearchAction","target":{"@type":"EntryPoint","urlTemplate":"https:\/\/legitgrams.com\/?s={search_term_string}"},"query-input":{"@type":"PropertyValueSpecification","valueRequired":true,"valueName":"search_term_string"}}],"inLanguage":"fr-BE"},{"@type":"Organization","@id":"https:\/\/legitgrams.com\/#organization","name":"Les grammes l\u00e9gitimes","url":"https:\/\/legitgrams.com\/","logo":{"@type":"ImageObject","inLanguage":"fr-BE","@id":"https:\/\/legitgrams.com\/#\/schema\/logo\/image\/","url":"https:\/\/legitgrams.com\/wp-content\/uploads\/2024\/09\/main-logo.png","contentUrl":"https:\/\/legitgrams.com\/wp-content\/uploads\/2024\/09\/main-logo.png","width":270,"height":75,"caption":"Legit Grams"},"image":{"@id":"https:\/\/legitgrams.com\/#\/schema\/logo\/image\/"}}]}},"uagb_featured_image_src":{"full":["https:\/\/legitgrams.com\/wp-content\/uploads\/2024\/09\/buy-xtc-philipp-plein-blue-524-mg-mdma-pills-online.jpg",600,600,false],"thumbnail":["https:\/\/legitgrams.com\/wp-content\/uploads\/2024\/09\/buy-xtc-philipp-plein-blue-524-mg-mdma-pills-online-150x150.jpg",150,150,true],"medium":["https:\/\/legitgrams.com\/wp-content\/uploads\/2024\/09\/buy-xtc-philipp-plein-blue-524-mg-mdma-pills-online-300x300.jpg",300,300,true],"medium_large":["https:\/\/legitgrams.com\/wp-content\/uploads\/2024\/09\/buy-xtc-philipp-plein-blue-524-mg-mdma-pills-online.jpg",600,600,false],"large":["https:\/\/legitgrams.com\/wp-content\/uploads\/2024\/09\/buy-xtc-philipp-plein-blue-524-mg-mdma-pills-online.jpg",600,600,false],"1536x1536":["https:\/\/legitgrams.com\/wp-content\/uploads\/2024\/09\/buy-xtc-philipp-plein-blue-524-mg-mdma-pills-online.jpg",600,600,false],"2048x2048":["https:\/\/legitgrams.com\/wp-content\/uploads\/2024\/09\/buy-xtc-philipp-plein-blue-524-mg-mdma-pills-online.jpg",600,600,false],"trp-custom-language-flag":["https:\/\/legitgrams.com\/wp-content\/uploads\/2024\/09\/buy-xtc-philipp-plein-blue-524-mg-mdma-pills-online-12x12.jpg",12,12,true],"woocommerce_thumbnail":["https:\/\/legitgrams.com\/wp-content\/uploads\/2024\/09\/buy-xtc-philipp-plein-blue-524-mg-mdma-pills-online-300x300.jpg",300,300,true],"woocommerce_single":["https:\/\/legitgrams.com\/wp-content\/uploads\/2024\/09\/buy-xtc-philipp-plein-blue-524-mg-mdma-pills-online.jpg",600,600,false],"woocommerce_gallery_thumbnail":["https:\/\/legitgrams.com\/wp-content\/uploads\/2024\/09\/buy-xtc-philipp-plein-blue-524-mg-mdma-pills-online-100x100.jpg",100,100,true]},"uagb_author_info":{"display_name":"cokeblog18","author_link":"https:\/\/legitgrams.com\/fr\/author\/"},"uagb_comment_info":9,"uagb_excerpt":"Color: Blue Size: 524 mg","_links":{"self":[{"href":"https:\/\/legitgrams.com\/fr\/wp-json\/wp\/v2\/product\/4274","targetHints":{"allow":["GET"]}}],"collection":[{"href":"https:\/\/legitgrams.com\/fr\/wp-json\/wp\/v2\/product"}],"about":[{"href":"https:\/\/legitgrams.com\/fr\/wp-json\/wp\/v2\/types\/product"}],"replies":[{"embeddable":true,"href":"https:\/\/legitgrams.com\/fr\/wp-json\/wp\/v2\/comments?post=4274"}],"wp:featuredmedia":[{"embeddable":true,"href":"https:\/\/legitgrams.com\/fr\/wp-json\/wp\/v2\/media\/5204"}],"wp:attachment":[{"href":"https:\/\/legitgrams.com\/fr\/wp-json\/wp\/v2\/media?parent=4274"}],"wp:term":[{"taxonomy":"product_brand","embeddable":true,"href":"https:\/\/legitgrams.com\/fr\/wp-json\/wp\/v2\/product_brand?post=4274"},{"taxonomy":"product_cat","embeddable":true,"href":"https:\/\/legitgrams.com\/fr\/wp-json\/wp\/v2\/product_cat?post=4274"},{"taxonomy":"product_tag","embeddable":true,"href":"https:\/\/legitgrams.com\/fr\/wp-json\/wp\/v2\/product_tag?post=4274"}],"curies":[{"name":"wp","href":"https:\/\/api.w.org\/{rel}","templated":true}]}}