{"id":4277,"date":"2024-09-22T08:23:22","date_gmt":"2024-09-22T08:23:22","guid":{"rendered":"https:\/\/legitgrams.com\/?post_type=product&#038;p=4277"},"modified":"2025-04-02T18:37:40","modified_gmt":"2025-04-02T18:37:40","slug":"pilules-decstasy-rolex-bleu-de-qualite","status":"publish","type":"product","link":"https:\/\/legitgrams.com\/fr\/produit\/pilules-decstasy-rolex-bleu-de-qualite\/","title":{"rendered":"Achetez des pilules d'ecstasy Rolex Blue de qualit\u00e9 en ligne"},"content":{"rendered":"<h2>Achat en ligne de pilules d'ecstasy Blue Rolex de haute qualit\u00e9s<\/h2>\n<p>L'ecstasy a \u00e9t\u00e9 cr\u00e9\u00e9e par la soci\u00e9t\u00e9 pharmaceutique Merck en 1912. On lui a donn\u00e9 le nom de \u00ab<a href=\"https:\/\/www.bing.com\/search?q=AchetezdespilulesdecstasyRolexBluedequalitenligne&amp;qs=n&amp;form=QBRE&amp;sp=-1&amp;lq=0&amp;pq=achetezdespilulesdecstasyrolexbluedequalitenligne&amp;sc=0-60&amp;sk=&amp;cvid=0FEB8671DB744B86AF8E36E39408CC52&amp;ghsh=0&amp;ghacc=0&amp;ghpl=\">MDMA<\/a>En raison de sa structure particuli\u00e8re, la MDMA a \u00e9t\u00e9 utilis\u00e9e pour la premi\u00e8re fois en 1953 par les forces arm\u00e9es am\u00e9ricaines lors de tests d'engagement mental. Dans les ann\u00e9es 1960, elle a \u00e9t\u00e9 r\u00e9utilis\u00e9e pendant une p\u00e9riode limit\u00e9e comme m\u00e9thode th\u00e9rapeutique pour \u00ab\u00a0baisser les inhibitions\u00a0\u00bb. La MDMA n'a gagn\u00e9 en popularit\u00e9 comme drogue de consommation que dans les ann\u00e9es 1970.<\/p>\n<p>Au milieu des ann\u00e9es 1980, <a href=\"https:\/\/www.google.com\/search?q=Achetez+des+pilules+decstasy+Rolex+Blue+de+qualit+en+ligne&amp;sca_esv=eddefdb7b92e7545&amp;sxsrf=AHTn8zoSL2wUxJ651WyAtkFp8JINLrDT2w1743619581503&amp;ei=_YXtZ_GrHsyZ0PEP_OHp2Qc&amp;ved=0ahUKEwixnp2OgbqMAxXMDDQIHfxwOnsQ4dUDCBA&amp;uact=5&amp;oq=Achetez+des+pilules+decstasy+Rolex+Blue+de+qualit+en+ligne&amp;gs_lp=Egxnd3Mtd2l6LXNlcnAiPUFjaGV0ZXogZGVzIHBpbHVsZXMgZCdlY3N0YXN5IFJvbGV4IEJsdWUgZGUgcXVhbGl0w6kgZW4gbGlnbmVI7ANQAFgAcAB4AJABAJgBqQOgAakDqgEDNC0xuAEDyAEA-AEC-AEBmAIAoAIAmAMAkgcAoAfMArIHALgHAA&amp;sclient=gws-wiz-serp\">MDMA<\/a> Elle \u00e9tait commercialis\u00e9e comme \u00ab\u00a0la technique la plus p\u00e9tillante, avec pour objectif de plaire gr\u00e2ce \u00e0 la science\u00a0\u00bb et comme la \u00ab\u00a0solution id\u00e9ale\u00a0\u00bb pour des soir\u00e9es qui durent. Bien que la MDMA f\u00fbt encore une drogue populaire en 1984 et vendue sous le nom de \u00ab\u00a0Joy\u00a0\u00bb, des probl\u00e8mes de s\u00e9curit\u00e9 avaient limit\u00e9 sa distribution d\u00e8s 1985.<span style=\"font-size: 16px;\">\u00a0<\/span><a style=\"font-size: 16px; background-color: #ffffff;\" href=\"https:\/\/legitgrams.com\/fr\/\">LegitGrams<\/a><\/p>\n<p>En particulier, le <a href=\"https:\/\/duckduckgo.com\/?q=Buy+Quality+Blue+Rolex+Ecstasy+pills+Online&amp;t=h_&amp;ia=web\">tablette Rolex bleue<\/a> peut \u00eatre crucial pour les personnes souffrant d'un trouble de stress post-traumatique (TSPT) post-retard de croissance. Nombre d'entre elles peinent \u00e0 \u00e9voquer les circonstances dangereuses qui ont conduit \u00e0 leurs probl\u00e8mes. On suppose que l'\u00e9panouissement pourrait aider les personnes \u00e0 se remettre de ces traumatismes graves.<\/p>\n<p>Doblin, cinquante ans, est vraiment mal pr\u00e9par\u00e9, incapable et peu vigilant ; il a un haut niveau de responsabilit\u00e9 en mati\u00e8re de drogue en raison de sa consommation importante. Ses mots : \u00ab Cela a grandement am\u00e9lior\u00e9 ma vie \u00bb. Il a r\u00e9cemment accept\u00e9 l'id\u00e9e que Joy et d'autres stimulants ont des crit\u00e8res de r\u00e9ussite fondamentaux.<\/p>\n<p>Si vous recherchez vraiment une entreprise capable de vous proposer des produits de la meilleure qualit\u00e9, vous \u00eates au bon endroit. En raison des options de nos produits, vous pouvez s\u00e9lectionner les meilleurs articles de notre fondation pour \u00e9tablir une relation avec nous qui fonctionne et gagner votre confiance. Les tablettes Blue Rolex seront livr\u00e9es \u00e0 votre domicile dans les cinq jours ouvrables si vous saisissez vos ventes aujourd'hui.<\/p>\n<p>Qualit\u00e9 des achats <a href=\"https:\/\/en.wikipedia.org\/wiki\/Ecstasy\">Pilules d'ecstasy Rolex bleue<\/a> Online - Purchase Ecstasy Pills, Purchase Quality Blue Rolex Ecstasy Pills, Purchase Quality Blue Rolex Ecstasy Pills Online, Where to Purchase Quality Blue Rolex Ecstasy Pills, Quality Blue Rolex Ecstasy Pills for Sale, Purchase Ecstasy Online, Where to Purchase Ecstasy Pills Online, Quality Blue Rolex Ecstasy Pills, Quality Blue Rolex Ecstasy Pills. <a href=\"https:\/\/legitgrams.com\/fr\/produit\/pilules-decstasy-rolex-bleu-de-qualite\/\">Rolex Ecstasy<\/a> Pilules \u00e0 vendre aux Etats-Unis, au Canada, au Royaume-Uni, achat, en ligne, fournisseurs, livraison s\u00e9curis\u00e9e, Vous pouvez toujours obtenir des pilules d'ecstasy Blue Rolex de qualit\u00e9. Vous pouvez \u00e9galement savoir si elles sont l\u00e9gales aux Etats-Unis, comment commander des pilules d'ecstasy Blue Rolex de qualit\u00e9 et si elles sont l\u00e9gales au Canada.<\/p>","protected":false},"excerpt":{"rendered":"<p>Online Purchase of High-Quality Blue Rolex Ecstasy Pills Ecstasy was first created by the Merck drug relationship in 1912. It was given the name &#8220;MDMA&#8221; because to its distinct structure. In 1953, the US Armed Forces employed it for the first time in mental engagement tests. In the 1960s, it was utilized once more for &hellip;<\/p>\n<p class=\"read-more\"> <a class=\"\" href=\"https:\/\/legitgrams.com\/fr\/produit\/pilules-decstasy-rolex-bleu-de-qualite\/\"> <span class=\"screen-reader-text\">Achetez des pilules d'ecstasy Rolex Blue de qualit\u00e9 en ligne<\/span> Lire la suite \"<\/a><\/p>","protected":false},"featured_media":5198,"comment_status":"open","ping_status":"closed","template":"","meta":{"_uag_custom_page_level_css":"","site-sidebar-layout":"default","site-content-layout":"default","ast-global-header-display":"","ast-main-header-display":"","ast-hfb-above-header-display":"","ast-hfb-below-header-display":"","ast-hfb-mobile-header-display":"","site-post-title":"","ast-breadcrumbs-content":"","ast-featured-img":"","footer-sml-layout":"","theme-transparent-header-meta":"default","adv-header-id-meta":"","stick-header-meta":"default","header-above-stick-meta":"","header-main-stick-meta":"","header-below-stick-meta":"","_joinchat":[]},"product_brand":[],"product_cat":[596],"product_tag":[1200,1190,617,1182,1197,1194,1189,1187,1199,1181,1184,1192,1183,1185,1195,1202,1203,1201,1193,1198,1196,625,1188,1191,1186],"class_list":{"0":"post-4277","1":"product","2":"type-product","3":"status-publish","4":"has-post-thumbnail","6":"product_cat-ecstasy-pills-mdma","7":"product_tag-best-cheap-price-quality-blue-rolex-ecstasy-pills","8":"product_tag-best-place-to-buy-quality-blue-rolex-ecstasy-pills","9":"product_tag-bulk-online","10":"product_tag-buy-quality-blue-rolex-ecstasy-pills","11":"product_tag-cheap-quality-blue-rolex-ecstasy-pills","12":"product_tag-high-quality-quality-blue-rolex-ecstasy-pills","13":"product_tag-how-to-buy-quality-blue-rolex-ecstasy-pills","14":"product_tag-order-quality-blue-rolex-ecstasy-pills","15":"product_tag-purcharse-quality-blue-rolex-ecstasy-pills","16":"product_tag-quality-blue-rolex-ecstasy-pills","17":"product_tag-quality-blue-rolex-ecstasy-pills-for-sale","18":"product_tag-quality-blue-rolex-ecstasy-pills-legally","19":"product_tag-quality-blue-rolex-ecstasy-pills-online","20":"product_tag-quality-blue-rolex-ecstasy-pills-quality-blue-rolex-ecstasy-pills-supplier","21":"product_tag-quality-blue-rolex-ecstasy-pills-store","22":"product_tag-quality-blue-rolex-ecstasy-pills-use","23":"product_tag-quality-blue-rolex-ecstasy-pills-wiki","24":"product_tag-quality-blue-rolex-ecstasy-pills-worldwide","25":"product_tag-quality-blue-rolex-ecstasy-pillsprice","26":"product_tag-quality-blue-rolex-ecstasy-pillss","27":"product_tag-shop-quality-blue-rolex-ecstasy-pills","28":"product_tag-top-quality","29":"product_tag-where-to-buy-quality-blue-rolex-ecstasy-pills","30":"product_tag-where-to-order-quality-blue-rolex-ecstasy-pills","31":"product_tag-wholesale-quality-blue-rolex-ecstasy-pills","32":"desktop-align-left","33":"tablet-align-left","34":"mobile-align-left","35":"ast-product-gallery-layout-horizontal","36":"ast-product-gallery-with-no-image","37":"ast-product-single-variable","38":"ast-product-tabs-layout-horizontal","39":"ast-qv-on-image","41":"first","42":"instock","43":"shipping-taxable","44":"purchasable","45":"product-type-variable"},"yoast_head":"<!-- This site is optimized with the Yoast SEO plugin v25.9 - https:\/\/yoast.com\/wordpress\/plugins\/seo\/ -->\n<title>Buy Quality Blue Rolex Ecstasy Pills Online @ Best Price | LG<\/title>\n<meta name=\"description\" content=\"Explore our online store for quality blue rolex ecstasy pills for sale, offering high-quality blue rolex ecstasy pills. Buy quality blue rolex ecstasy Pills online securely and embark on your research journey with confidence.\" \/>\n<meta name=\"robots\" content=\"index, follow, max-snippet:-1, max-image-preview:large, max-video-preview:-1\" \/>\n<link rel=\"canonical\" href=\"https:\/\/legitgrams.com\/fr\/produit\/pilules-decstasy-rolex-bleu-de-qualite\/\" \/>\n<meta property=\"og:locale\" content=\"fr_FR\" \/>\n<meta property=\"og:type\" content=\"article\" \/>\n<meta property=\"og:title\" content=\"Buy Quality Blue Rolex Ecstasy Pills Online @ Best Price | LG\" \/>\n<meta property=\"og:description\" content=\"Explore our online store for quality blue rolex ecstasy pills for sale, offering high-quality blue rolex ecstasy pills. Buy quality blue rolex ecstasy Pills online securely and embark on your research journey with confidence.\" \/>\n<meta property=\"og:url\" content=\"https:\/\/legitgrams.com\/fr\/produit\/pilules-decstasy-rolex-bleu-de-qualite\/\" \/>\n<meta property=\"og:site_name\" content=\"Legit Grams\" \/>\n<meta property=\"article:modified_time\" content=\"2025-04-02T18:37:40+00:00\" \/>\n<meta property=\"og:image\" content=\"https:\/\/legitgrams.com\/wp-content\/uploads\/2024\/09\/buy-quality-blue-rolex-ecstasy-pills-online.jpg\" \/>\n\t<meta property=\"og:image:width\" content=\"600\" \/>\n\t<meta property=\"og:image:height\" content=\"600\" \/>\n\t<meta property=\"og:image:type\" content=\"image\/jpeg\" \/>\n<meta name=\"twitter:card\" content=\"summary_large_image\" \/>\n<meta name=\"twitter:label1\" content=\"Dur\u00e9e de lecture est.\" \/>\n\t<meta name=\"twitter:data1\" content=\"2 minutes\" \/>\n<script type=\"application\/ld+json\" class=\"yoast-schema-graph\">{\"@context\":\"https:\/\/schema.org\",\"@graph\":[{\"@type\":\"WebPage\",\"@id\":\"https:\/\/legitgrams.com\/product\/quality-blue-rolex-ecstasy-pills\/\",\"url\":\"https:\/\/legitgrams.com\/product\/quality-blue-rolex-ecstasy-pills\/\",\"name\":\"Buy Quality Blue Rolex Ecstasy Pills Online @ Best Price | LG\",\"isPartOf\":{\"@id\":\"https:\/\/legitgrams.com\/#website\"},\"primaryImageOfPage\":{\"@id\":\"https:\/\/legitgrams.com\/product\/quality-blue-rolex-ecstasy-pills\/#primaryimage\"},\"image\":{\"@id\":\"https:\/\/legitgrams.com\/product\/quality-blue-rolex-ecstasy-pills\/#primaryimage\"},\"thumbnailUrl\":\"https:\/\/legitgrams.com\/wp-content\/uploads\/2024\/09\/buy-quality-blue-rolex-ecstasy-pills-online.jpg\",\"datePublished\":\"2024-09-22T08:23:22+00:00\",\"dateModified\":\"2025-04-02T18:37:40+00:00\",\"description\":\"Explore our online store for quality blue rolex ecstasy pills for sale, offering high-quality blue rolex ecstasy pills. Buy quality blue rolex ecstasy Pills online securely and embark on your research journey with confidence.\",\"breadcrumb\":{\"@id\":\"https:\/\/legitgrams.com\/product\/quality-blue-rolex-ecstasy-pills\/#breadcrumb\"},\"inLanguage\":\"fr-BE\",\"potentialAction\":[{\"@type\":\"ReadAction\",\"target\":[\"https:\/\/legitgrams.com\/product\/quality-blue-rolex-ecstasy-pills\/\"]}]},{\"@type\":\"ImageObject\",\"inLanguage\":\"fr-BE\",\"@id\":\"https:\/\/legitgrams.com\/product\/quality-blue-rolex-ecstasy-pills\/#primaryimage\",\"url\":\"https:\/\/legitgrams.com\/wp-content\/uploads\/2024\/09\/buy-quality-blue-rolex-ecstasy-pills-online.jpg\",\"contentUrl\":\"https:\/\/legitgrams.com\/wp-content\/uploads\/2024\/09\/buy-quality-blue-rolex-ecstasy-pills-online.jpg\",\"width\":600,\"height\":600,\"caption\":\"Quality Blue Rolex Ecstasy Pills for Sale\"},{\"@type\":\"BreadcrumbList\",\"@id\":\"https:\/\/legitgrams.com\/product\/quality-blue-rolex-ecstasy-pills\/#breadcrumb\",\"itemListElement\":[{\"@type\":\"ListItem\",\"position\":1,\"name\":\"Home\",\"item\":\"https:\/\/legitgrams.com\/\"},{\"@type\":\"ListItem\",\"position\":2,\"name\":\"Shop\",\"item\":\"https:\/\/legitgrams.com\/shop\/\"},{\"@type\":\"ListItem\",\"position\":3,\"name\":\"Buy Quality Blue Rolex Ecstasy pills Online\"}]},{\"@type\":\"WebSite\",\"@id\":\"https:\/\/legitgrams.com\/#website\",\"url\":\"https:\/\/legitgrams.com\/\",\"name\":\"Legit Grams\",\"description\":\"My WordPress Blog\",\"publisher\":{\"@id\":\"https:\/\/legitgrams.com\/#organization\"},\"potentialAction\":[{\"@type\":\"SearchAction\",\"target\":{\"@type\":\"EntryPoint\",\"urlTemplate\":\"https:\/\/legitgrams.com\/?s={search_term_string}\"},\"query-input\":{\"@type\":\"PropertyValueSpecification\",\"valueRequired\":true,\"valueName\":\"search_term_string\"}}],\"inLanguage\":\"fr-BE\"},{\"@type\":\"Organization\",\"@id\":\"https:\/\/legitgrams.com\/#organization\",\"name\":\"Legit Grams\",\"url\":\"https:\/\/legitgrams.com\/\",\"logo\":{\"@type\":\"ImageObject\",\"inLanguage\":\"fr-BE\",\"@id\":\"https:\/\/legitgrams.com\/#\/schema\/logo\/image\/\",\"url\":\"https:\/\/legitgrams.com\/wp-content\/uploads\/2024\/09\/main-logo.png\",\"contentUrl\":\"https:\/\/legitgrams.com\/wp-content\/uploads\/2024\/09\/main-logo.png\",\"width\":270,\"height\":75,\"caption\":\"Legit Grams\"},\"image\":{\"@id\":\"https:\/\/legitgrams.com\/#\/schema\/logo\/image\/\"}}]}<\/script>\n<!-- \/ Yoast SEO plugin. -->","yoast_head_json":{"title":"Achetez des pilules d'ecstasy Blue Rolex de qualit\u00e9 en ligne au meilleur prix | LG","description":"Explorez notre magasin en ligne pour la vente de pilules d'ecstasy blue rolex de qualit\u00e9, offrant des pilules d'ecstasy blue rolex de haute qualit\u00e9. Achetez des pilules d'ecstasy de qualit\u00e9 en ligne en toute s\u00e9curit\u00e9 et embarquez pour votre voyage de recherche en toute confiance.","robots":{"index":"index","follow":"follow","max-snippet":"max-snippet:-1","max-image-preview":"max-image-preview:large","max-video-preview":"max-video-preview:-1"},"canonical":"https:\/\/legitgrams.com\/fr\/produit\/pilules-decstasy-rolex-bleu-de-qualite\/","og_locale":"fr_FR","og_type":"article","og_title":"Buy Quality Blue Rolex Ecstasy Pills Online @ Best Price | LG","og_description":"Explore our online store for quality blue rolex ecstasy pills for sale, offering high-quality blue rolex ecstasy pills. Buy quality blue rolex ecstasy Pills online securely and embark on your research journey with confidence.","og_url":"https:\/\/legitgrams.com\/fr\/produit\/pilules-decstasy-rolex-bleu-de-qualite\/","og_site_name":"Legit Grams","article_modified_time":"2025-04-02T18:37:40+00:00","og_image":[{"width":600,"height":600,"url":"https:\/\/legitgrams.com\/wp-content\/uploads\/2024\/09\/buy-quality-blue-rolex-ecstasy-pills-online.jpg","type":"image\/jpeg"}],"twitter_card":"summary_large_image","twitter_misc":{"Dur\u00e9e de lecture est.":"2 minutes"},"schema":{"@context":"https:\/\/schema.org","@graph":[{"@type":"WebPage","@id":"https:\/\/legitgrams.com\/product\/quality-blue-rolex-ecstasy-pills\/","url":"https:\/\/legitgrams.com\/product\/quality-blue-rolex-ecstasy-pills\/","name":"Achetez des pilules d'ecstasy Blue Rolex de qualit\u00e9 en ligne au meilleur prix | LG","isPartOf":{"@id":"https:\/\/legitgrams.com\/#website"},"primaryImageOfPage":{"@id":"https:\/\/legitgrams.com\/product\/quality-blue-rolex-ecstasy-pills\/#primaryimage"},"image":{"@id":"https:\/\/legitgrams.com\/product\/quality-blue-rolex-ecstasy-pills\/#primaryimage"},"thumbnailUrl":"https:\/\/legitgrams.com\/wp-content\/uploads\/2024\/09\/buy-quality-blue-rolex-ecstasy-pills-online.jpg","datePublished":"2024-09-22T08:23:22+00:00","dateModified":"2025-04-02T18:37:40+00:00","description":"Explorez notre magasin en ligne pour la vente de pilules d'ecstasy blue rolex de qualit\u00e9, offrant des pilules d'ecstasy blue rolex de haute qualit\u00e9. Achetez des pilules d'ecstasy de qualit\u00e9 en ligne en toute s\u00e9curit\u00e9 et embarquez pour votre voyage de recherche en toute confiance.","breadcrumb":{"@id":"https:\/\/legitgrams.com\/product\/quality-blue-rolex-ecstasy-pills\/#breadcrumb"},"inLanguage":"fr-BE","potentialAction":[{"@type":"ReadAction","target":["https:\/\/legitgrams.com\/product\/quality-blue-rolex-ecstasy-pills\/"]}]},{"@type":"ImageObject","inLanguage":"fr-BE","@id":"https:\/\/legitgrams.com\/product\/quality-blue-rolex-ecstasy-pills\/#primaryimage","url":"https:\/\/legitgrams.com\/wp-content\/uploads\/2024\/09\/buy-quality-blue-rolex-ecstasy-pills-online.jpg","contentUrl":"https:\/\/legitgrams.com\/wp-content\/uploads\/2024\/09\/buy-quality-blue-rolex-ecstasy-pills-online.jpg","width":600,"height":600,"caption":"Quality Blue Rolex Ecstasy Pills for Sale"},{"@type":"BreadcrumbList","@id":"https:\/\/legitgrams.com\/product\/quality-blue-rolex-ecstasy-pills\/#breadcrumb","itemListElement":[{"@type":"ListItem","position":1,"name":"Home","item":"https:\/\/legitgrams.com\/"},{"@type":"ListItem","position":2,"name":"Shop","item":"https:\/\/legitgrams.com\/shop\/"},{"@type":"ListItem","position":3,"name":"Buy Quality Blue Rolex Ecstasy pills Online"}]},{"@type":"WebSite","@id":"https:\/\/legitgrams.com\/#website","url":"https:\/\/legitgrams.com\/","name":"Les grammes l\u00e9gitimes","description":"Mon blog WordPress","publisher":{"@id":"https:\/\/legitgrams.com\/#organization"},"potentialAction":[{"@type":"SearchAction","target":{"@type":"EntryPoint","urlTemplate":"https:\/\/legitgrams.com\/?s={search_term_string}"},"query-input":{"@type":"PropertyValueSpecification","valueRequired":true,"valueName":"search_term_string"}}],"inLanguage":"fr-BE"},{"@type":"Organization","@id":"https:\/\/legitgrams.com\/#organization","name":"Les grammes l\u00e9gitimes","url":"https:\/\/legitgrams.com\/","logo":{"@type":"ImageObject","inLanguage":"fr-BE","@id":"https:\/\/legitgrams.com\/#\/schema\/logo\/image\/","url":"https:\/\/legitgrams.com\/wp-content\/uploads\/2024\/09\/main-logo.png","contentUrl":"https:\/\/legitgrams.com\/wp-content\/uploads\/2024\/09\/main-logo.png","width":270,"height":75,"caption":"Legit Grams"},"image":{"@id":"https:\/\/legitgrams.com\/#\/schema\/logo\/image\/"}}]}},"uagb_featured_image_src":{"full":["https:\/\/legitgrams.com\/wp-content\/uploads\/2024\/09\/buy-quality-blue-rolex-ecstasy-pills-online.jpg",600,600,false],"thumbnail":["https:\/\/legitgrams.com\/wp-content\/uploads\/2024\/09\/buy-quality-blue-rolex-ecstasy-pills-online-150x150.jpg",150,150,true],"medium":["https:\/\/legitgrams.com\/wp-content\/uploads\/2024\/09\/buy-quality-blue-rolex-ecstasy-pills-online-300x300.jpg",300,300,true],"medium_large":["https:\/\/legitgrams.com\/wp-content\/uploads\/2024\/09\/buy-quality-blue-rolex-ecstasy-pills-online.jpg",600,600,false],"large":["https:\/\/legitgrams.com\/wp-content\/uploads\/2024\/09\/buy-quality-blue-rolex-ecstasy-pills-online.jpg",600,600,false],"1536x1536":["https:\/\/legitgrams.com\/wp-content\/uploads\/2024\/09\/buy-quality-blue-rolex-ecstasy-pills-online.jpg",600,600,false],"2048x2048":["https:\/\/legitgrams.com\/wp-content\/uploads\/2024\/09\/buy-quality-blue-rolex-ecstasy-pills-online.jpg",600,600,false],"trp-custom-language-flag":["https:\/\/legitgrams.com\/wp-content\/uploads\/2024\/09\/buy-quality-blue-rolex-ecstasy-pills-online-12x12.jpg",12,12,true],"woocommerce_thumbnail":["https:\/\/legitgrams.com\/wp-content\/uploads\/2024\/09\/buy-quality-blue-rolex-ecstasy-pills-online-300x300.jpg",300,300,true],"woocommerce_single":["https:\/\/legitgrams.com\/wp-content\/uploads\/2024\/09\/buy-quality-blue-rolex-ecstasy-pills-online.jpg",600,600,false],"woocommerce_gallery_thumbnail":["https:\/\/legitgrams.com\/wp-content\/uploads\/2024\/09\/buy-quality-blue-rolex-ecstasy-pills-online-100x100.jpg",100,100,true]},"uagb_author_info":{"display_name":"cokeblog18","author_link":"https:\/\/legitgrams.com\/fr\/author\/"},"uagb_comment_info":0,"uagb_excerpt":"Online Purchase of High-Quality Blue Rolex Ecstasy Pills Ecstasy was first created by the Merck drug relationship in 1912. It was given the name &#8220;MDMA&#8221; because to its distinct structure. In 1953, the US Armed Forces employed it for the first time in mental engagement tests. In the 1960s, it was utilized once more for&hellip;","_links":{"self":[{"href":"https:\/\/legitgrams.com\/fr\/wp-json\/wp\/v2\/product\/4277","targetHints":{"allow":["GET"]}}],"collection":[{"href":"https:\/\/legitgrams.com\/fr\/wp-json\/wp\/v2\/product"}],"about":[{"href":"https:\/\/legitgrams.com\/fr\/wp-json\/wp\/v2\/types\/product"}],"replies":[{"embeddable":true,"href":"https:\/\/legitgrams.com\/fr\/wp-json\/wp\/v2\/comments?post=4277"}],"wp:featuredmedia":[{"embeddable":true,"href":"https:\/\/legitgrams.com\/fr\/wp-json\/wp\/v2\/media\/5198"}],"wp:attachment":[{"href":"https:\/\/legitgrams.com\/fr\/wp-json\/wp\/v2\/media?parent=4277"}],"wp:term":[{"taxonomy":"product_brand","embeddable":true,"href":"https:\/\/legitgrams.com\/fr\/wp-json\/wp\/v2\/product_brand?post=4277"},{"taxonomy":"product_cat","embeddable":true,"href":"https:\/\/legitgrams.com\/fr\/wp-json\/wp\/v2\/product_cat?post=4277"},{"taxonomy":"product_tag","embeddable":true,"href":"https:\/\/legitgrams.com\/fr\/wp-json\/wp\/v2\/product_tag?post=4277"}],"curies":[{"name":"wp","href":"https:\/\/api.w.org\/{rel}","templated":true}]}}