{"id":4281,"date":"2024-09-22T08:38:03","date_gmt":"2024-09-22T08:38:03","guid":{"rendered":"https:\/\/legitgrams.com\/?post_type=product&#038;p=4281"},"modified":"2025-01-14T05:18:45","modified_gmt":"2025-01-14T05:18:45","slug":"pilules-decstasy-green-star","status":"publish","type":"product","link":"https:\/\/legitgrams.com\/fr\/produit\/pilules-decstasy-green-star\/","title":{"rendered":"Pilules d'ecstasy Green Star"},"content":{"rendered":"<h2>Achat en ligne de pilules d'ecstasy Green Star<\/h2>\n<p>En 1912, <a href=\"https:\/\/legitgrams.com\/fr\/produit\/pilules-decstasy-green-star\/\">Feu vert Extase\u00a0\u00a0<\/a> La MDMA a \u00e9t\u00e9 introduite pour la premi\u00e8re fois par la collaboration pharmaceutique de Merck. Elle a \u00e9t\u00e9 baptis\u00e9e \u00ab MDMA \u00bb en raison de sa structure particuli\u00e8re. En 1953, les forces arm\u00e9es des \u00c9tats-Unis l\u2019ont utilis\u00e9e pour la premi\u00e8re fois dans des exercices de guerre mentale. Dans les ann\u00e9es 1960, elle a \u00e9t\u00e9 \u00e0 nouveau prescrite comme moyen de \u00ab r\u00e9duire les inhibitions \u00bb en psychoth\u00e9rapie. Ce n\u2019est que dans les ann\u00e9es 1970 que la MDMA a \u00e9t\u00e9 utilis\u00e9e comme m\u00e9decine sociale.<\/p>\n<p>Au milieu des ann\u00e9es 1980, la MDMA \u00e9tait commercialis\u00e9e comme \u00ab la chose la plus p\u00e9tillante de la m\u00e9thode avec une recherche de plaisir scientifique \u00bb et comme \u00ab le m\u00e9dicament \u00e0 la mode \u00bb pour les f\u00eates \u00e0 long terme. En 1984, la MDMA \u00e9tait toujours l\u00e9gale et vendue sous le nom de \u00ab Delight \u00bb, mais en 1985, des probl\u00e8mes de s\u00e9curit\u00e9 ont contraint \u00e0 restreindre la distribution de la drogue. <a href=\"https:\/\/en.wikipedia.org\/wiki\/Ecstasy\">\u00a0<\/a><a href=\"https:\/\/legitgrams.com\/fr\/\">LegitGrams<\/a><\/p>\n<p>Le feu vert Pour les personnes atteintes d\u2019un trouble de stress post-traumatique (TSPT), l\u2019extase peut \u00eatre b\u00e9n\u00e9fique. De nombreux patients ont du mal \u00e0 parler des \u00e9v\u00e9nements p\u00e9nibles qui ont provoqu\u00e9 leurs probl\u00e8mes. On peut penser que la joie peut aider les gens \u00e0 faire face \u00e0 ces blessures.<\/p>\n<p>Bien qu\u2019il ne soit ni un enqu\u00eateur ni un expert en la mati\u00e8re, Doblin, 50 ans, a consomm\u00e9 cette drogue souvent et en grande quantit\u00e9, il en a donc une compr\u00e9hension g\u00e9n\u00e9rale. \u00ab Cela a \u00e9norm\u00e9ment contribu\u00e9 \u00e0 ma vie \u00bb, a-t-il d\u00e9clar\u00e9. Il a reconnu avoir r\u00e9pandu l\u2019id\u00e9e que Rapture et les drogues psych\u00e9d\u00e9liques avaient des effets importants sur la sant\u00e9 mentale au fil des ans.<\/p>\n<p>Si vous recherchez une entreprise qui peut vous offrir les meilleurs produits, vous \u00eates au bon endroit. Vous pouvez s\u00e9lectionner les meilleures options dans notre \u00e9tablissement en raison de la haute qualit\u00e9 de nos articles, ce qui nous aidera \u00e0 gagner votre confiance et \u00e0 \u00e9tablir un partenariat sinc\u00e8re. Si vous passez votre commande aujourd'hui, Green Star Ecstasy vous sera livr\u00e9 \u00e0 domicile dans les cinq jours ouvrables suivants.<\/p>\n<p>O\u00f9 puis-je trouver des pilules d'ecstasy Green Star en ligne ? Acheter <a href=\"https:\/\/en.wikipedia.org\/wiki\/Ecstasy\">L'extase<\/a> pilules, acheter des pilules d'ecstasy Green Star et acheter de l'ecstasy Green Star en ligne. O\u00f9 puis-je trouver des pilules d'ecstasy en vente en ligne ? O\u00f9 puis-je acheter des pilules d'ecstasy Green Star aux \u00c9tats-Unis, au Canada et au Royaume-Uni ? O\u00f9 puis-je les acheter en ligne ? Quels sont les fournisseurs ? Comment puis-je obtenir une livraison s\u00fbre ? toujours accessible. Vous pouvez savoir s'ils sont l\u00e9gaux au Canada, o\u00f9 les obtenir en ligne et s'ils sont l\u00e9gaux aux \u00c9tats-Unis.<\/p>\n<p>&nbsp;<\/p>\n<p><a href=\"https:\/\/en.wikipedia.org\/wiki\/Ecstasy\">\u00a0\u00a0<\/a><\/p>","protected":false},"excerpt":{"rendered":"<p>Online Green Star Ecstasy Pill Purchase In 1912, Green light Ecstacy\u00a0\u00a0 was first introduced by Merck&#8217;s pharmaceutical collaboration. It was given the name &#8220;MDMA&#8221; because to its distinct structure. In 1953, the United States Armed Forces employed it for the first time in mental warfare exercises. In the 1960s, it was once more prescribed as &hellip;<\/p>\n<p class=\"read-more\"> <a class=\"\" href=\"https:\/\/legitgrams.com\/fr\/produit\/pilules-decstasy-green-star\/\"> <span class=\"screen-reader-text\">Pilules d'ecstasy Green Star<\/span> Lire la suite \"<\/a><\/p>","protected":false},"featured_media":5196,"comment_status":"open","ping_status":"closed","template":"","meta":{"_uag_custom_page_level_css":"","site-sidebar-layout":"default","site-content-layout":"default","ast-global-header-display":"","ast-main-header-display":"","ast-hfb-above-header-display":"","ast-hfb-below-header-display":"","ast-hfb-mobile-header-display":"","site-post-title":"","ast-breadcrumbs-content":"","ast-featured-img":"","footer-sml-layout":"","theme-transparent-header-meta":"default","adv-header-id-meta":"","stick-header-meta":"default","header-above-stick-meta":"","header-main-stick-meta":"","header-below-stick-meta":"","_joinchat":[]},"product_brand":[],"product_cat":[596],"product_tag":[1131,1121,617,1113,1128,1112,1115,1116,1123,1114,1126,1133,1134,1132,1124,1129,1125,1120,1118,1130,1127,625,1119,1122,1117],"class_list":{"0":"post-4281","1":"product","2":"type-product","3":"status-publish","4":"has-post-thumbnail","6":"product_cat-ecstasy-pills-mdma","7":"product_tag-best-cheap-price-green-star-ecstasy-pills","8":"product_tag-best-place-to-buy-green-star-ecstasy-pills","9":"product_tag-bulk-online","10":"product_tag-buy-green-star-ecstasy-pills","11":"product_tag-cheap-green-star-ecstasy-pills","12":"product_tag-green-star-ecstasy-pills","13":"product_tag-green-star-ecstasy-pills-for-sale","14":"product_tag-green-star-ecstasy-pills-green-star-ecstasy-pills-supplier","15":"product_tag-green-star-ecstasy-pills-legally","16":"product_tag-green-star-ecstasy-pills-online","17":"product_tag-green-star-ecstasy-pills-store","18":"product_tag-green-star-ecstasy-pills-use","19":"product_tag-green-star-ecstasy-pills-wiki","20":"product_tag-green-star-ecstasy-pills-worldwide","21":"product_tag-green-star-ecstasy-pillsprice","22":"product_tag-green-star-ecstasy-pillss","23":"product_tag-high-quality-green-star-ecstasy-pills","24":"product_tag-how-to-buy-green-star-ecstasy-pills","25":"product_tag-order-green-star-ecstasy-pills","26":"product_tag-purcharse-green-star-ecstasy-pills","27":"product_tag-shop-green-star-ecstasy-pills","28":"product_tag-top-quality","29":"product_tag-where-to-buy-green-star-ecstasy-pills","30":"product_tag-where-to-order-green-star-ecstasy-pills","31":"product_tag-wholesale-green-star-ecstasy-pills","32":"desktop-align-left","33":"tablet-align-left","34":"mobile-align-left","35":"ast-product-gallery-layout-horizontal","36":"ast-product-gallery-with-no-image","37":"ast-product-single-variable","38":"ast-product-tabs-layout-horizontal","39":"ast-qv-on-image","41":"first","42":"instock","43":"featured","44":"shipping-taxable","45":"purchasable","46":"product-type-variable"},"yoast_head":"<!-- This site is optimized with the Yoast SEO plugin v25.9 - https:\/\/yoast.com\/wordpress\/plugins\/seo\/ -->\n<title>Green Star Ecstasy Pills for Sale - Order Green Star Ecstasy Pills<\/title>\n<meta name=\"description\" content=\"You can buy green star ecstasy pills online at the best prices from our online store. We have cheap and high-quality green star ecstasy pills for sale and providing worldwide delivery. You can order from anytime, anywhere.\" \/>\n<meta name=\"robots\" content=\"index, follow, max-snippet:-1, max-image-preview:large, max-video-preview:-1\" \/>\n<link rel=\"canonical\" href=\"https:\/\/legitgrams.com\/fr\/produit\/pilules-decstasy-green-star\/\" \/>\n<meta property=\"og:locale\" content=\"fr_FR\" \/>\n<meta property=\"og:type\" content=\"article\" \/>\n<meta property=\"og:title\" content=\"Green Star Ecstasy Pills for Sale - Order Green Star Ecstasy Pills\" \/>\n<meta property=\"og:description\" content=\"You can buy green star ecstasy pills online at the best prices from our online store. We have cheap and high-quality green star ecstasy pills for sale and providing worldwide delivery. You can order from anytime, anywhere.\" \/>\n<meta property=\"og:url\" content=\"https:\/\/legitgrams.com\/fr\/produit\/pilules-decstasy-green-star\/\" \/>\n<meta property=\"og:site_name\" content=\"Legit Grams\" \/>\n<meta property=\"article:modified_time\" content=\"2025-01-14T05:18:45+00:00\" \/>\n<meta property=\"og:image\" content=\"https:\/\/legitgrams.com\/wp-content\/uploads\/2024\/09\/buy-green-star-ecstasy-pills-online.jpg\" \/>\n\t<meta property=\"og:image:width\" content=\"600\" \/>\n\t<meta property=\"og:image:height\" content=\"600\" \/>\n\t<meta property=\"og:image:type\" content=\"image\/jpeg\" \/>\n<meta name=\"twitter:card\" content=\"summary_large_image\" \/>\n<meta name=\"twitter:label1\" content=\"Dur\u00e9e de lecture est.\" \/>\n\t<meta name=\"twitter:data1\" content=\"2 minutes\" \/>\n<script type=\"application\/ld+json\" class=\"yoast-schema-graph\">{\"@context\":\"https:\/\/schema.org\",\"@graph\":[{\"@type\":\"WebPage\",\"@id\":\"https:\/\/legitgrams.com\/product\/green-star-ecstasy-pills\/\",\"url\":\"https:\/\/legitgrams.com\/product\/green-star-ecstasy-pills\/\",\"name\":\"Green Star Ecstasy Pills for Sale - Order Green Star Ecstasy Pills\",\"isPartOf\":{\"@id\":\"https:\/\/legitgrams.com\/#website\"},\"primaryImageOfPage\":{\"@id\":\"https:\/\/legitgrams.com\/product\/green-star-ecstasy-pills\/#primaryimage\"},\"image\":{\"@id\":\"https:\/\/legitgrams.com\/product\/green-star-ecstasy-pills\/#primaryimage\"},\"thumbnailUrl\":\"https:\/\/legitgrams.com\/wp-content\/uploads\/2024\/09\/buy-green-star-ecstasy-pills-online.jpg\",\"datePublished\":\"2024-09-22T08:38:03+00:00\",\"dateModified\":\"2025-01-14T05:18:45+00:00\",\"description\":\"You can buy green star ecstasy pills online at the best prices from our online store. We have cheap and high-quality green star ecstasy pills for sale and providing worldwide delivery. You can order from anytime, anywhere.\",\"breadcrumb\":{\"@id\":\"https:\/\/legitgrams.com\/product\/green-star-ecstasy-pills\/#breadcrumb\"},\"inLanguage\":\"fr-BE\",\"potentialAction\":[{\"@type\":\"ReadAction\",\"target\":[\"https:\/\/legitgrams.com\/product\/green-star-ecstasy-pills\/\"]}]},{\"@type\":\"ImageObject\",\"inLanguage\":\"fr-BE\",\"@id\":\"https:\/\/legitgrams.com\/product\/green-star-ecstasy-pills\/#primaryimage\",\"url\":\"https:\/\/legitgrams.com\/wp-content\/uploads\/2024\/09\/buy-green-star-ecstasy-pills-online.jpg\",\"contentUrl\":\"https:\/\/legitgrams.com\/wp-content\/uploads\/2024\/09\/buy-green-star-ecstasy-pills-online.jpg\",\"width\":600,\"height\":600,\"caption\":\"Green Star Ecstasy Pills for Sale\"},{\"@type\":\"BreadcrumbList\",\"@id\":\"https:\/\/legitgrams.com\/product\/green-star-ecstasy-pills\/#breadcrumb\",\"itemListElement\":[{\"@type\":\"ListItem\",\"position\":1,\"name\":\"Home\",\"item\":\"https:\/\/legitgrams.com\/\"},{\"@type\":\"ListItem\",\"position\":2,\"name\":\"Shop\",\"item\":\"https:\/\/legitgrams.com\/shop\/\"},{\"@type\":\"ListItem\",\"position\":3,\"name\":\"Green Star Ecstasy Pills\"}]},{\"@type\":\"WebSite\",\"@id\":\"https:\/\/legitgrams.com\/#website\",\"url\":\"https:\/\/legitgrams.com\/\",\"name\":\"Legit Grams\",\"description\":\"My WordPress Blog\",\"publisher\":{\"@id\":\"https:\/\/legitgrams.com\/#organization\"},\"potentialAction\":[{\"@type\":\"SearchAction\",\"target\":{\"@type\":\"EntryPoint\",\"urlTemplate\":\"https:\/\/legitgrams.com\/?s={search_term_string}\"},\"query-input\":{\"@type\":\"PropertyValueSpecification\",\"valueRequired\":true,\"valueName\":\"search_term_string\"}}],\"inLanguage\":\"fr-BE\"},{\"@type\":\"Organization\",\"@id\":\"https:\/\/legitgrams.com\/#organization\",\"name\":\"Legit Grams\",\"url\":\"https:\/\/legitgrams.com\/\",\"logo\":{\"@type\":\"ImageObject\",\"inLanguage\":\"fr-BE\",\"@id\":\"https:\/\/legitgrams.com\/#\/schema\/logo\/image\/\",\"url\":\"https:\/\/legitgrams.com\/wp-content\/uploads\/2024\/09\/main-logo.png\",\"contentUrl\":\"https:\/\/legitgrams.com\/wp-content\/uploads\/2024\/09\/main-logo.png\",\"width\":270,\"height\":75,\"caption\":\"Legit Grams\"},\"image\":{\"@id\":\"https:\/\/legitgrams.com\/#\/schema\/logo\/image\/\"}}]}<\/script>\n<!-- \/ Yoast SEO plugin. -->","yoast_head_json":{"title":"Pilules d'ecstasy Green Star \u00e0 vendre - Commandez des pilules d'ecstasy Green Star","description":"Vous pouvez acheter des pilules d'ecstasy Green Star en ligne aux meilleurs prix dans notre boutique en ligne. Nous proposons des pilules d'ecstasy Green Star bon march\u00e9 et de haute qualit\u00e9 \u00e0 la vente et proposons une livraison dans le monde entier. Vous pouvez commander \u00e0 tout moment, n'importe o\u00f9.","robots":{"index":"index","follow":"follow","max-snippet":"max-snippet:-1","max-image-preview":"max-image-preview:large","max-video-preview":"max-video-preview:-1"},"canonical":"https:\/\/legitgrams.com\/fr\/produit\/pilules-decstasy-green-star\/","og_locale":"fr_FR","og_type":"article","og_title":"Green Star Ecstasy Pills for Sale - Order Green Star Ecstasy Pills","og_description":"You can buy green star ecstasy pills online at the best prices from our online store. We have cheap and high-quality green star ecstasy pills for sale and providing worldwide delivery. You can order from anytime, anywhere.","og_url":"https:\/\/legitgrams.com\/fr\/produit\/pilules-decstasy-green-star\/","og_site_name":"Legit Grams","article_modified_time":"2025-01-14T05:18:45+00:00","og_image":[{"width":600,"height":600,"url":"https:\/\/legitgrams.com\/wp-content\/uploads\/2024\/09\/buy-green-star-ecstasy-pills-online.jpg","type":"image\/jpeg"}],"twitter_card":"summary_large_image","twitter_misc":{"Dur\u00e9e de lecture est.":"2 minutes"},"schema":{"@context":"https:\/\/schema.org","@graph":[{"@type":"WebPage","@id":"https:\/\/legitgrams.com\/product\/green-star-ecstasy-pills\/","url":"https:\/\/legitgrams.com\/product\/green-star-ecstasy-pills\/","name":"Pilules d'ecstasy Green Star \u00e0 vendre - Commandez des pilules d'ecstasy Green Star","isPartOf":{"@id":"https:\/\/legitgrams.com\/#website"},"primaryImageOfPage":{"@id":"https:\/\/legitgrams.com\/product\/green-star-ecstasy-pills\/#primaryimage"},"image":{"@id":"https:\/\/legitgrams.com\/product\/green-star-ecstasy-pills\/#primaryimage"},"thumbnailUrl":"https:\/\/legitgrams.com\/wp-content\/uploads\/2024\/09\/buy-green-star-ecstasy-pills-online.jpg","datePublished":"2024-09-22T08:38:03+00:00","dateModified":"2025-01-14T05:18:45+00:00","description":"Vous pouvez acheter des pilules d'ecstasy Green Star en ligne aux meilleurs prix dans notre boutique en ligne. Nous proposons des pilules d'ecstasy Green Star bon march\u00e9 et de haute qualit\u00e9 \u00e0 la vente et proposons une livraison dans le monde entier. Vous pouvez commander \u00e0 tout moment, n'importe o\u00f9.","breadcrumb":{"@id":"https:\/\/legitgrams.com\/product\/green-star-ecstasy-pills\/#breadcrumb"},"inLanguage":"fr-BE","potentialAction":[{"@type":"ReadAction","target":["https:\/\/legitgrams.com\/product\/green-star-ecstasy-pills\/"]}]},{"@type":"ImageObject","inLanguage":"fr-BE","@id":"https:\/\/legitgrams.com\/product\/green-star-ecstasy-pills\/#primaryimage","url":"https:\/\/legitgrams.com\/wp-content\/uploads\/2024\/09\/buy-green-star-ecstasy-pills-online.jpg","contentUrl":"https:\/\/legitgrams.com\/wp-content\/uploads\/2024\/09\/buy-green-star-ecstasy-pills-online.jpg","width":600,"height":600,"caption":"Green Star Ecstasy Pills for Sale"},{"@type":"BreadcrumbList","@id":"https:\/\/legitgrams.com\/product\/green-star-ecstasy-pills\/#breadcrumb","itemListElement":[{"@type":"ListItem","position":1,"name":"Home","item":"https:\/\/legitgrams.com\/"},{"@type":"ListItem","position":2,"name":"Shop","item":"https:\/\/legitgrams.com\/shop\/"},{"@type":"ListItem","position":3,"name":"Green Star Ecstasy Pills"}]},{"@type":"WebSite","@id":"https:\/\/legitgrams.com\/#website","url":"https:\/\/legitgrams.com\/","name":"Les grammes l\u00e9gitimes","description":"Mon blog WordPress","publisher":{"@id":"https:\/\/legitgrams.com\/#organization"},"potentialAction":[{"@type":"SearchAction","target":{"@type":"EntryPoint","urlTemplate":"https:\/\/legitgrams.com\/?s={search_term_string}"},"query-input":{"@type":"PropertyValueSpecification","valueRequired":true,"valueName":"search_term_string"}}],"inLanguage":"fr-BE"},{"@type":"Organization","@id":"https:\/\/legitgrams.com\/#organization","name":"Les grammes l\u00e9gitimes","url":"https:\/\/legitgrams.com\/","logo":{"@type":"ImageObject","inLanguage":"fr-BE","@id":"https:\/\/legitgrams.com\/#\/schema\/logo\/image\/","url":"https:\/\/legitgrams.com\/wp-content\/uploads\/2024\/09\/main-logo.png","contentUrl":"https:\/\/legitgrams.com\/wp-content\/uploads\/2024\/09\/main-logo.png","width":270,"height":75,"caption":"Legit Grams"},"image":{"@id":"https:\/\/legitgrams.com\/#\/schema\/logo\/image\/"}}]}},"uagb_featured_image_src":{"full":["https:\/\/legitgrams.com\/wp-content\/uploads\/2024\/09\/buy-green-star-ecstasy-pills-online.jpg",600,600,false],"thumbnail":["https:\/\/legitgrams.com\/wp-content\/uploads\/2024\/09\/buy-green-star-ecstasy-pills-online-150x150.jpg",150,150,true],"medium":["https:\/\/legitgrams.com\/wp-content\/uploads\/2024\/09\/buy-green-star-ecstasy-pills-online-300x300.jpg",300,300,true],"medium_large":["https:\/\/legitgrams.com\/wp-content\/uploads\/2024\/09\/buy-green-star-ecstasy-pills-online.jpg",600,600,false],"large":["https:\/\/legitgrams.com\/wp-content\/uploads\/2024\/09\/buy-green-star-ecstasy-pills-online.jpg",600,600,false],"1536x1536":["https:\/\/legitgrams.com\/wp-content\/uploads\/2024\/09\/buy-green-star-ecstasy-pills-online.jpg",600,600,false],"2048x2048":["https:\/\/legitgrams.com\/wp-content\/uploads\/2024\/09\/buy-green-star-ecstasy-pills-online.jpg",600,600,false],"trp-custom-language-flag":["https:\/\/legitgrams.com\/wp-content\/uploads\/2024\/09\/buy-green-star-ecstasy-pills-online-12x12.jpg",12,12,true],"woocommerce_thumbnail":["https:\/\/legitgrams.com\/wp-content\/uploads\/2024\/09\/buy-green-star-ecstasy-pills-online-300x300.jpg",300,300,true],"woocommerce_single":["https:\/\/legitgrams.com\/wp-content\/uploads\/2024\/09\/buy-green-star-ecstasy-pills-online.jpg",600,600,false],"woocommerce_gallery_thumbnail":["https:\/\/legitgrams.com\/wp-content\/uploads\/2024\/09\/buy-green-star-ecstasy-pills-online-100x100.jpg",100,100,true]},"uagb_author_info":{"display_name":"cokeblog18","author_link":"https:\/\/legitgrams.com\/fr\/author\/"},"uagb_comment_info":0,"uagb_excerpt":"Online Green Star Ecstasy Pill Purchase In 1912, Green light Ecstacy\u00a0\u00a0 was first introduced by Merck&#8217;s pharmaceutical collaboration. It was given the name &#8220;MDMA&#8221; because to its distinct structure. In 1953, the United States Armed Forces employed it for the first time in mental warfare exercises. In the 1960s, it was once more prescribed as&hellip;","_links":{"self":[{"href":"https:\/\/legitgrams.com\/fr\/wp-json\/wp\/v2\/product\/4281","targetHints":{"allow":["GET"]}}],"collection":[{"href":"https:\/\/legitgrams.com\/fr\/wp-json\/wp\/v2\/product"}],"about":[{"href":"https:\/\/legitgrams.com\/fr\/wp-json\/wp\/v2\/types\/product"}],"replies":[{"embeddable":true,"href":"https:\/\/legitgrams.com\/fr\/wp-json\/wp\/v2\/comments?post=4281"}],"wp:featuredmedia":[{"embeddable":true,"href":"https:\/\/legitgrams.com\/fr\/wp-json\/wp\/v2\/media\/5196"}],"wp:attachment":[{"href":"https:\/\/legitgrams.com\/fr\/wp-json\/wp\/v2\/media?parent=4281"}],"wp:term":[{"taxonomy":"product_brand","embeddable":true,"href":"https:\/\/legitgrams.com\/fr\/wp-json\/wp\/v2\/product_brand?post=4281"},{"taxonomy":"product_cat","embeddable":true,"href":"https:\/\/legitgrams.com\/fr\/wp-json\/wp\/v2\/product_cat?post=4281"},{"taxonomy":"product_tag","embeddable":true,"href":"https:\/\/legitgrams.com\/fr\/wp-json\/wp\/v2\/product_tag?post=4281"}],"curies":[{"name":"wp","href":"https:\/\/api.w.org\/{rel}","templated":true}]}}