{"id":4289,"date":"2024-09-22T09:34:18","date_gmt":"2024-09-22T09:34:18","guid":{"rendered":"https:\/\/legitgrams.com\/?post_type=product&#038;p=4289"},"modified":"2026-02-28T13:39:53","modified_gmt":"2026-02-28T13:39:53","slug":"golden-flugels-250mg-pilules-decstasy","status":"publish","type":"product","link":"https:\/\/legitgrams.com\/fr\/produit\/golden-flugels-250mg-pilules-decstasy\/","title":{"rendered":"Acheter des pilules d'ecstasy Golden Flugels 250mg en ligne"},"content":{"rendered":"<h2>Purchase 250 mg Golden Flewels ecstasy pills online<\/h2>\n<h3>Euphorie : Qu'est-ce que c'est ?<\/h3>\n<p>L\u2019ecstasy (MDMA, 3,4 m\u00e9thyl\u00e8nedioxym\u00e9thamph\u00e9tamine), une substance psychoactive synth\u00e9tique, pr\u00e9sente des similitudes chimiques avec la m\u00e9thamph\u00e9tamine, un stimulant, et la mescaline, un hallucinog\u00e8ne. Les qualit\u00e9s psych\u00e9d\u00e9liques et stimulantes de cette substance ill\u00e9gale provoquent des distorsions temporelles et perceptives, une augmentation du plaisir des stimuli tactiles et un effet stimulant.<\/p>\n<p>Les d\u00e9taillants en ligne vendent des pilules d'ecstasy, telles que <a href=\"https:\/\/legitgrams.com\/fr\/produit\/golden-flugels-250mg-pilules-decstasy\/\">Flugels d'or 250mg<\/a>. Pour l'ecstasy, prenez 250 mg de flugels dor\u00e9s. O\u00f9 puis-je trouver 250 mg de flugels dor\u00e9s en ligne ? Pilules d'ecstasy : o\u00f9 acheter des pilules d'ecstasy en ligne, fournisseurs, livraison s\u00e9curis\u00e9e, flugels dor\u00e9s 250 mg et comment acheter des pilules d'ecstasy en ligne Vente de pilules d'ecstasy Golden <a href=\"https:\/\/en.wikipedia.org\/wiki\/Flgel\">Flugels<\/a> Les comprim\u00e9s d'ecstasy de 250 mg sont toujours disponibles ainsi que les d\u00e9tails concernant leur l\u00e9galit\u00e9 aux \u00c9tats-Unis, leur disponibilit\u00e9 sur Internet, leurs m\u00e9thodes d'acquisition et leur l\u00e9galit\u00e9 au Canada. <a href=\"https:\/\/legitgrams.com\/fr\/\">LegitGrams<\/a><\/p>","protected":false},"excerpt":{"rendered":"<p>Purchase 250 mg Golden Flewels ecstasy pills online Euphoria: What is it? The synthetic psychoactive substance ecstasy (MDMA, 3,4 methylenedioxymethamphetamine) shares chemical similarities with the stimulant methamphetamine and the hallucinogen mescaline. Temporal and perceptional distortions, an increase in the enjoyment of tactile stimuli, and a stimulant impact are all caused by this illegal substance&#8217;s psychedelic &hellip;<\/p>\n<p class=\"read-more\"> <a class=\"\" href=\"https:\/\/legitgrams.com\/fr\/produit\/golden-flugels-250mg-pilules-decstasy\/\"> <span class=\"screen-reader-text\">Acheter des pilules d'ecstasy Golden Flugels 250mg en ligne<\/span> Lire la suite \"<\/a><\/p>","protected":false},"featured_media":5194,"comment_status":"open","ping_status":"closed","template":"","meta":{"_uag_custom_page_level_css":"","site-sidebar-layout":"default","site-content-layout":"default","ast-global-header-display":"","ast-main-header-display":"","ast-hfb-above-header-display":"","ast-hfb-below-header-display":"","ast-hfb-mobile-header-display":"","site-post-title":"","ast-breadcrumbs-content":"","ast-featured-img":"","footer-sml-layout":"","theme-transparent-header-meta":"default","adv-header-id-meta":"","stick-header-meta":"default","header-above-stick-meta":"","header-main-stick-meta":"","header-below-stick-meta":"","_joinchat":[]},"product_brand":[],"product_cat":[596],"product_tag":[1085,1075,617,1067,1082,1066,1069,1070,1077,1068,1080,1087,1088,1086,1078,1083,1079,1074,1072,1084,1081,625,1073,1076,1071],"class_list":{"0":"post-4289","1":"product","2":"type-product","3":"status-publish","4":"has-post-thumbnail","6":"product_cat-ecstasy-pills-mdma","7":"product_tag-best-cheap-price-golden-flugels-250mg-ecstasy-pills","8":"product_tag-best-place-to-buy-golden-flugels-250mg-ecstasy-pills","9":"product_tag-bulk-online","10":"product_tag-buy-golden-flugels-250mg-ecstasy-pills","11":"product_tag-cheap-golden-flugels-250mg-ecstasy-pills","12":"product_tag-golden-flugels-250mg-ecstasy-pills","13":"product_tag-golden-flugels-250mg-ecstasy-pills-for-sale","14":"product_tag-golden-flugels-250mg-ecstasy-pills-golden-flugels-250mg-ecstasy-pills-supplier","15":"product_tag-golden-flugels-250mg-ecstasy-pills-legally","16":"product_tag-golden-flugels-250mg-ecstasy-pills-online","17":"product_tag-golden-flugels-250mg-ecstasy-pills-store","18":"product_tag-golden-flugels-250mg-ecstasy-pills-use","19":"product_tag-golden-flugels-250mg-ecstasy-pills-wiki","20":"product_tag-golden-flugels-250mg-ecstasy-pills-worldwide","21":"product_tag-golden-flugels-250mg-ecstasy-pillsprice","22":"product_tag-golden-flugels-250mg-ecstasy-pillss","23":"product_tag-high-quality-golden-flugels-250mg-ecstasy-pills","24":"product_tag-how-to-buy-golden-flugels-250mg-ecstasy-pills","25":"product_tag-order-golden-flugels-250mg-ecstasy-pills","26":"product_tag-purcharse-golden-flugels-250mg-ecstasy-pills","27":"product_tag-shop-golden-flugels-250mg-ecstasy-pills","28":"product_tag-top-quality","29":"product_tag-where-to-buy-golden-flugels-250mg-ecstasy-pills","30":"product_tag-where-to-order-golden-flugels-250mg-ecstasy-pills","31":"product_tag-wholesale-golden-flugels-250mg-ecstasy-pills","32":"desktop-align-left","33":"tablet-align-left","34":"mobile-align-left","35":"ast-product-gallery-layout-horizontal","36":"ast-product-gallery-with-no-image","37":"ast-product-single-variable","38":"ast-product-tabs-layout-horizontal","39":"ast-qv-on-image","41":"first","42":"instock","43":"shipping-taxable","44":"purchasable","45":"product-type-variable"},"yoast_head":"<!-- This site is optimized with the Yoast SEO plugin v25.9 - https:\/\/yoast.com\/wordpress\/plugins\/seo\/ -->\n<title>Golden Flugels Pills for Sale - Buy Golden Flugels Pills Online<\/title>\n<meta name=\"description\" content=\"You can buy Golden Flugels Pills online at the best prices from our online store. We have cheap and high-quality Golden Flugels Pills for sale and provide worldwide delivery. You can order from anywhere, anytime.\" \/>\n<meta name=\"robots\" content=\"index, follow, max-snippet:-1, max-image-preview:large, max-video-preview:-1\" \/>\n<link rel=\"canonical\" href=\"https:\/\/legitgrams.com\/fr\/produit\/golden-flugels-250mg-pilules-decstasy\/\" \/>\n<meta property=\"og:locale\" content=\"fr_FR\" \/>\n<meta property=\"og:type\" content=\"article\" \/>\n<meta property=\"og:title\" content=\"Golden Flugels Pills for Sale - Buy Golden Flugels Pills Online\" \/>\n<meta property=\"og:description\" content=\"You can buy Golden Flugels Pills online at the best prices from our online store. We have cheap and high-quality Golden Flugels Pills for sale and provide worldwide delivery. You can order from anywhere, anytime.\" \/>\n<meta property=\"og:url\" content=\"https:\/\/legitgrams.com\/fr\/produit\/golden-flugels-250mg-pilules-decstasy\/\" \/>\n<meta property=\"og:site_name\" content=\"Legit Grams\" \/>\n<meta property=\"article:modified_time\" content=\"2026-02-28T13:39:53+00:00\" \/>\n<meta property=\"og:image\" content=\"https:\/\/legitgrams.com\/wp-content\/uploads\/2024\/09\/buy-golden-flugels-250mg-ecstasy-pills-online.jpg\" \/>\n\t<meta property=\"og:image:width\" content=\"600\" \/>\n\t<meta property=\"og:image:height\" content=\"600\" \/>\n\t<meta property=\"og:image:type\" content=\"image\/jpeg\" \/>\n<meta name=\"twitter:card\" content=\"summary_large_image\" \/>\n<meta name=\"twitter:label1\" content=\"Dur\u00e9e de lecture est.\" \/>\n\t<meta name=\"twitter:data1\" content=\"1 minute\" \/>\n<script type=\"application\/ld+json\" class=\"yoast-schema-graph\">{\"@context\":\"https:\/\/schema.org\",\"@graph\":[{\"@type\":\"WebPage\",\"@id\":\"https:\/\/legitgrams.com\/product\/golden-flugels-250mg-ecstasy-pills\/\",\"url\":\"https:\/\/legitgrams.com\/product\/golden-flugels-250mg-ecstasy-pills\/\",\"name\":\"Golden Flugels Pills for Sale - Buy Golden Flugels Pills Online\",\"isPartOf\":{\"@id\":\"https:\/\/legitgrams.com\/#website\"},\"primaryImageOfPage\":{\"@id\":\"https:\/\/legitgrams.com\/product\/golden-flugels-250mg-ecstasy-pills\/#primaryimage\"},\"image\":{\"@id\":\"https:\/\/legitgrams.com\/product\/golden-flugels-250mg-ecstasy-pills\/#primaryimage\"},\"thumbnailUrl\":\"https:\/\/legitgrams.com\/wp-content\/uploads\/2024\/09\/buy-golden-flugels-250mg-ecstasy-pills-online.jpg\",\"datePublished\":\"2024-09-22T09:34:18+00:00\",\"dateModified\":\"2026-02-28T13:39:53+00:00\",\"description\":\"You can buy Golden Flugels Pills online at the best prices from our online store. We have cheap and high-quality Golden Flugels Pills for sale and provide worldwide delivery. You can order from anywhere, anytime.\",\"breadcrumb\":{\"@id\":\"https:\/\/legitgrams.com\/product\/golden-flugels-250mg-ecstasy-pills\/#breadcrumb\"},\"inLanguage\":\"fr-BE\",\"potentialAction\":[{\"@type\":\"ReadAction\",\"target\":[\"https:\/\/legitgrams.com\/product\/golden-flugels-250mg-ecstasy-pills\/\"]}]},{\"@type\":\"ImageObject\",\"inLanguage\":\"fr-BE\",\"@id\":\"https:\/\/legitgrams.com\/product\/golden-flugels-250mg-ecstasy-pills\/#primaryimage\",\"url\":\"https:\/\/legitgrams.com\/wp-content\/uploads\/2024\/09\/buy-golden-flugels-250mg-ecstasy-pills-online.jpg\",\"contentUrl\":\"https:\/\/legitgrams.com\/wp-content\/uploads\/2024\/09\/buy-golden-flugels-250mg-ecstasy-pills-online.jpg\",\"width\":600,\"height\":600,\"caption\":\"Golden Flugels Pills for Sale\"},{\"@type\":\"BreadcrumbList\",\"@id\":\"https:\/\/legitgrams.com\/product\/golden-flugels-250mg-ecstasy-pills\/#breadcrumb\",\"itemListElement\":[{\"@type\":\"ListItem\",\"position\":1,\"name\":\"Home\",\"item\":\"https:\/\/legitgrams.com\/\"},{\"@type\":\"ListItem\",\"position\":2,\"name\":\"Shop\",\"item\":\"https:\/\/legitgrams.com\/shop\/\"},{\"@type\":\"ListItem\",\"position\":3,\"name\":\"Buy golden flugels 250mg ecstasy pills online\"}]},{\"@type\":\"WebSite\",\"@id\":\"https:\/\/legitgrams.com\/#website\",\"url\":\"https:\/\/legitgrams.com\/\",\"name\":\"Legit Grams\",\"description\":\"My WordPress Blog\",\"publisher\":{\"@id\":\"https:\/\/legitgrams.com\/#organization\"},\"potentialAction\":[{\"@type\":\"SearchAction\",\"target\":{\"@type\":\"EntryPoint\",\"urlTemplate\":\"https:\/\/legitgrams.com\/?s={search_term_string}\"},\"query-input\":{\"@type\":\"PropertyValueSpecification\",\"valueRequired\":true,\"valueName\":\"search_term_string\"}}],\"inLanguage\":\"fr-BE\"},{\"@type\":\"Organization\",\"@id\":\"https:\/\/legitgrams.com\/#organization\",\"name\":\"Legit Grams\",\"url\":\"https:\/\/legitgrams.com\/\",\"logo\":{\"@type\":\"ImageObject\",\"inLanguage\":\"fr-BE\",\"@id\":\"https:\/\/legitgrams.com\/#\/schema\/logo\/image\/\",\"url\":\"https:\/\/legitgrams.com\/wp-content\/uploads\/2024\/09\/main-logo.png\",\"contentUrl\":\"https:\/\/legitgrams.com\/wp-content\/uploads\/2024\/09\/main-logo.png\",\"width\":270,\"height\":75,\"caption\":\"Legit Grams\"},\"image\":{\"@id\":\"https:\/\/legitgrams.com\/#\/schema\/logo\/image\/\"}}]}<\/script>\n<!-- \/ Yoast SEO plugin. -->","yoast_head_json":{"title":"Golden Flugels Pills for Sale - Acheter Golden Flugels Pills en ligne","description":"Vous pouvez acheter Golden Flugels Pills en ligne au meilleur prix dans notre magasin en ligne. Nous avons des pilules Golden Flugels de haute qualit\u00e9 et bon march\u00e9 \u00e0 vendre et nous assurons la livraison dans le monde entier. Vous pouvez commander de n'importe o\u00f9, n'importe quand.","robots":{"index":"index","follow":"follow","max-snippet":"max-snippet:-1","max-image-preview":"max-image-preview:large","max-video-preview":"max-video-preview:-1"},"canonical":"https:\/\/legitgrams.com\/fr\/produit\/golden-flugels-250mg-pilules-decstasy\/","og_locale":"fr_FR","og_type":"article","og_title":"Golden Flugels Pills for Sale - Buy Golden Flugels Pills Online","og_description":"You can buy Golden Flugels Pills online at the best prices from our online store. We have cheap and high-quality Golden Flugels Pills for sale and provide worldwide delivery. You can order from anywhere, anytime.","og_url":"https:\/\/legitgrams.com\/fr\/produit\/golden-flugels-250mg-pilules-decstasy\/","og_site_name":"Legit Grams","article_modified_time":"2026-02-28T13:39:53+00:00","og_image":[{"width":600,"height":600,"url":"https:\/\/legitgrams.com\/wp-content\/uploads\/2024\/09\/buy-golden-flugels-250mg-ecstasy-pills-online.jpg","type":"image\/jpeg"}],"twitter_card":"summary_large_image","twitter_misc":{"Dur\u00e9e de lecture est.":"1 minute"},"schema":{"@context":"https:\/\/schema.org","@graph":[{"@type":"WebPage","@id":"https:\/\/legitgrams.com\/product\/golden-flugels-250mg-ecstasy-pills\/","url":"https:\/\/legitgrams.com\/product\/golden-flugels-250mg-ecstasy-pills\/","name":"Golden Flugels Pills for Sale - Acheter Golden Flugels Pills en ligne","isPartOf":{"@id":"https:\/\/legitgrams.com\/#website"},"primaryImageOfPage":{"@id":"https:\/\/legitgrams.com\/product\/golden-flugels-250mg-ecstasy-pills\/#primaryimage"},"image":{"@id":"https:\/\/legitgrams.com\/product\/golden-flugels-250mg-ecstasy-pills\/#primaryimage"},"thumbnailUrl":"https:\/\/legitgrams.com\/wp-content\/uploads\/2024\/09\/buy-golden-flugels-250mg-ecstasy-pills-online.jpg","datePublished":"2024-09-22T09:34:18+00:00","dateModified":"2026-02-28T13:39:53+00:00","description":"Vous pouvez acheter Golden Flugels Pills en ligne au meilleur prix dans notre magasin en ligne. Nous avons des pilules Golden Flugels de haute qualit\u00e9 et bon march\u00e9 \u00e0 vendre et nous assurons la livraison dans le monde entier. Vous pouvez commander de n'importe o\u00f9, n'importe quand.","breadcrumb":{"@id":"https:\/\/legitgrams.com\/product\/golden-flugels-250mg-ecstasy-pills\/#breadcrumb"},"inLanguage":"fr-BE","potentialAction":[{"@type":"ReadAction","target":["https:\/\/legitgrams.com\/product\/golden-flugels-250mg-ecstasy-pills\/"]}]},{"@type":"ImageObject","inLanguage":"fr-BE","@id":"https:\/\/legitgrams.com\/product\/golden-flugels-250mg-ecstasy-pills\/#primaryimage","url":"https:\/\/legitgrams.com\/wp-content\/uploads\/2024\/09\/buy-golden-flugels-250mg-ecstasy-pills-online.jpg","contentUrl":"https:\/\/legitgrams.com\/wp-content\/uploads\/2024\/09\/buy-golden-flugels-250mg-ecstasy-pills-online.jpg","width":600,"height":600,"caption":"Golden Flugels Pills for Sale"},{"@type":"BreadcrumbList","@id":"https:\/\/legitgrams.com\/product\/golden-flugels-250mg-ecstasy-pills\/#breadcrumb","itemListElement":[{"@type":"ListItem","position":1,"name":"Home","item":"https:\/\/legitgrams.com\/"},{"@type":"ListItem","position":2,"name":"Shop","item":"https:\/\/legitgrams.com\/shop\/"},{"@type":"ListItem","position":3,"name":"Buy golden flugels 250mg ecstasy pills online"}]},{"@type":"WebSite","@id":"https:\/\/legitgrams.com\/#website","url":"https:\/\/legitgrams.com\/","name":"Les grammes l\u00e9gitimes","description":"Mon blog WordPress","publisher":{"@id":"https:\/\/legitgrams.com\/#organization"},"potentialAction":[{"@type":"SearchAction","target":{"@type":"EntryPoint","urlTemplate":"https:\/\/legitgrams.com\/?s={search_term_string}"},"query-input":{"@type":"PropertyValueSpecification","valueRequired":true,"valueName":"search_term_string"}}],"inLanguage":"fr-BE"},{"@type":"Organization","@id":"https:\/\/legitgrams.com\/#organization","name":"Les grammes l\u00e9gitimes","url":"https:\/\/legitgrams.com\/","logo":{"@type":"ImageObject","inLanguage":"fr-BE","@id":"https:\/\/legitgrams.com\/#\/schema\/logo\/image\/","url":"https:\/\/legitgrams.com\/wp-content\/uploads\/2024\/09\/main-logo.png","contentUrl":"https:\/\/legitgrams.com\/wp-content\/uploads\/2024\/09\/main-logo.png","width":270,"height":75,"caption":"Legit Grams"},"image":{"@id":"https:\/\/legitgrams.com\/#\/schema\/logo\/image\/"}}]}},"uagb_featured_image_src":{"full":["https:\/\/legitgrams.com\/wp-content\/uploads\/2024\/09\/buy-golden-flugels-250mg-ecstasy-pills-online.jpg",600,600,false],"thumbnail":["https:\/\/legitgrams.com\/wp-content\/uploads\/2024\/09\/buy-golden-flugels-250mg-ecstasy-pills-online-150x150.jpg",150,150,true],"medium":["https:\/\/legitgrams.com\/wp-content\/uploads\/2024\/09\/buy-golden-flugels-250mg-ecstasy-pills-online-300x300.jpg",300,300,true],"medium_large":["https:\/\/legitgrams.com\/wp-content\/uploads\/2024\/09\/buy-golden-flugels-250mg-ecstasy-pills-online.jpg",600,600,false],"large":["https:\/\/legitgrams.com\/wp-content\/uploads\/2024\/09\/buy-golden-flugels-250mg-ecstasy-pills-online.jpg",600,600,false],"1536x1536":["https:\/\/legitgrams.com\/wp-content\/uploads\/2024\/09\/buy-golden-flugels-250mg-ecstasy-pills-online.jpg",600,600,false],"2048x2048":["https:\/\/legitgrams.com\/wp-content\/uploads\/2024\/09\/buy-golden-flugels-250mg-ecstasy-pills-online.jpg",600,600,false],"trp-custom-language-flag":["https:\/\/legitgrams.com\/wp-content\/uploads\/2024\/09\/buy-golden-flugels-250mg-ecstasy-pills-online-12x12.jpg",12,12,true],"woocommerce_thumbnail":["https:\/\/legitgrams.com\/wp-content\/uploads\/2024\/09\/buy-golden-flugels-250mg-ecstasy-pills-online-300x300.jpg",300,300,true],"woocommerce_single":["https:\/\/legitgrams.com\/wp-content\/uploads\/2024\/09\/buy-golden-flugels-250mg-ecstasy-pills-online.jpg",600,600,false],"woocommerce_gallery_thumbnail":["https:\/\/legitgrams.com\/wp-content\/uploads\/2024\/09\/buy-golden-flugels-250mg-ecstasy-pills-online-100x100.jpg",100,100,true]},"uagb_author_info":{"display_name":"cokeblog18","author_link":"https:\/\/legitgrams.com\/fr\/author\/"},"uagb_comment_info":0,"uagb_excerpt":"Purchase 250 mg Golden Flewels ecstasy pills online Euphoria: What is it? The synthetic psychoactive substance ecstasy (MDMA, 3,4 methylenedioxymethamphetamine) shares chemical similarities with the stimulant methamphetamine and the hallucinogen mescaline. Temporal and perceptional distortions, an increase in the enjoyment of tactile stimuli, and a stimulant impact are all caused by this illegal substance&#8217;s psychedelic&hellip;","_links":{"self":[{"href":"https:\/\/legitgrams.com\/fr\/wp-json\/wp\/v2\/product\/4289","targetHints":{"allow":["GET"]}}],"collection":[{"href":"https:\/\/legitgrams.com\/fr\/wp-json\/wp\/v2\/product"}],"about":[{"href":"https:\/\/legitgrams.com\/fr\/wp-json\/wp\/v2\/types\/product"}],"replies":[{"embeddable":true,"href":"https:\/\/legitgrams.com\/fr\/wp-json\/wp\/v2\/comments?post=4289"}],"wp:featuredmedia":[{"embeddable":true,"href":"https:\/\/legitgrams.com\/fr\/wp-json\/wp\/v2\/media\/5194"}],"wp:attachment":[{"href":"https:\/\/legitgrams.com\/fr\/wp-json\/wp\/v2\/media?parent=4289"}],"wp:term":[{"taxonomy":"product_brand","embeddable":true,"href":"https:\/\/legitgrams.com\/fr\/wp-json\/wp\/v2\/product_brand?post=4289"},{"taxonomy":"product_cat","embeddable":true,"href":"https:\/\/legitgrams.com\/fr\/wp-json\/wp\/v2\/product_cat?post=4289"},{"taxonomy":"product_tag","embeddable":true,"href":"https:\/\/legitgrams.com\/fr\/wp-json\/wp\/v2\/product_tag?post=4289"}],"curies":[{"name":"wp","href":"https:\/\/api.w.org\/{rel}","templated":true}]}}