{"id":4294,"date":"2024-09-22T09:52:35","date_gmt":"2024-09-22T09:52:35","guid":{"rendered":"https:\/\/legitgrams.com\/?post_type=product&#038;p=4294"},"modified":"2026-02-28T13:44:25","modified_gmt":"2026-02-28T13:44:25","slug":"pilules-decstasy-du-dauphin-bleu","status":"publish","type":"product","link":"https:\/\/legitgrams.com\/fr\/produit\/pilules-decstasy-du-dauphin-bleu\/","title":{"rendered":"Achetez des pilules d'ecstasy Blue Dolphin en ligne"},"content":{"rendered":"<h2>Achetez des pilules d'ecstasy Blue Dolphin en ligne<\/h2>\n<p>L\u2019ecstasy a \u00e9t\u00e9 invent\u00e9e par la soci\u00e9t\u00e9 pharmaceutique Merck en 1912. On lui a donn\u00e9 le nom de \u00ab MDMA \u00bb en raison de sa structure particuli\u00e8re. En 1953, les forces arm\u00e9es am\u00e9ricaines l\u2019ont utilis\u00e9e pour la premi\u00e8re fois dans des tests d\u2019engagement mental. Dans les ann\u00e9es 1960, elle a \u00e9t\u00e9 \u00e0 nouveau utilis\u00e9e pendant une p\u00e9riode limit\u00e9e comme m\u00e9thode th\u00e9rapeutique pour \u00ab r\u00e9duire les inhibitions \u00bb. La MDMA n\u2019a gagn\u00e9 en popularit\u00e9 en tant que drogue de consommation que dans les ann\u00e9es 1970.<\/p>\n<p>Au milieu des ann\u00e9es 1980, <a href=\"https:\/\/en.wikipedia.org\/wiki\/MDMA\">MDMA<\/a> L\u2019ecstasy a \u00e9t\u00e9 invent\u00e9e par la soci\u00e9t\u00e9 pharmaceutique Merck en 1912. On lui a donn\u00e9 le nom de \u00ab MDMA \u00bb en raison de sa structure particuli\u00e8re. En 1953, les forces arm\u00e9es am\u00e9ricaines l\u2019ont utilis\u00e9e pour la premi\u00e8re fois dans des tests d\u2019engagement mental. Dans les ann\u00e9es 1960, elle a \u00e9t\u00e9 \u00e0 nouveau utilis\u00e9e pendant une p\u00e9riode limit\u00e9e comme m\u00e9thode th\u00e9rapeutique pour \u00ab r\u00e9duire les inhibitions \u00bb. La MDMA n\u2019a gagn\u00e9 en popularit\u00e9 en tant que drogue de consommation que dans les ann\u00e9es 1970.<\/p>\n<h3>L\u2019extase du dauphin bleu<\/h3>\n<p><a href=\"https:\/\/legitgrams.com\/fr\/produit\/pilules-decstasy-du-dauphin-bleu\/\">Doblin<\/a>, cinquante ans, est vraiment mal pr\u00e9par\u00e9, incapable et sans surveillance ; il a un niveau \u00e9lev\u00e9 de responsabilit\u00e9 li\u00e9e \u00e0 la drogue en raison de sa consommation s\u00e9v\u00e8re. Ses mots : \u00ab Cela a grandement am\u00e9lior\u00e9 ma vie \u00bb, Il a r\u00e9cemment accept\u00e9 l'id\u00e9e que Joy et d'autres stimulants ont des crit\u00e8res de r\u00e9ussite fondamentaux.<\/p>\n<p>Si vous recherchez vraiment une entreprise qui peut vous offrir des produits de la meilleure qualit\u00e9, vous \u00eates au bon endroit. En raison de la vari\u00e9t\u00e9 de nos produits, vous pouvez s\u00e9lectionner les meilleures options dans notre fondation pour \u00e9tablir des relations et gagner votre confiance. Blue Dolphin Ecstasy sera livr\u00e9 \u00e0 votre domicile dans les cinq jours ouvrables si vous saisissez vos ventes aujourd'hui. Le bonheur du dauphin bleu<\/p>\n<p>L\u2019ecstasy a \u00e9t\u00e9 cr\u00e9\u00e9e par la soci\u00e9t\u00e9 pharmaceutique Merck en 1912. On lui a donn\u00e9 le nom de \u00ab MDMA \u00bb en raison de sa structure particuli\u00e8re. En 1953, les forces arm\u00e9es am\u00e9ricaines l\u2019ont utilis\u00e9e pour la premi\u00e8re fois dans des tests d\u2019engagement mental. Dans les ann\u00e9es 1960, elle a \u00e9t\u00e9 bri\u00e8vement utilis\u00e9e une fois de plus comme technique de psychoth\u00e9rapie pour \u00ab r\u00e9duire les inhibitions \u00bb. La MDMA n\u2019est devenue populaire que dans les ann\u00e9es 1970.<\/p>\n<h3>Un rem\u00e8de populaire pour les f\u00eates.<\/h3>\n<p>Au milieu des ann\u00e9es 1980, la MDMA \u00e9tait commercialis\u00e9e comme \u00ab la chose la plus p\u00e9tillante de la technique avec pour mission de plaire gr\u00e2ce \u00e0 la science \u00bb et comme la \u00ab solution \u00e0 la mode \u00bb pour les f\u00eates qui durent. Bien que la MDMA soit toujours une drogue majeure en 1984 et soit vendue sous le nom de \u00ab Joy \u00bb, des probl\u00e8mes de s\u00e9curit\u00e9 ont limit\u00e9 sa distribution en 1985. <a href=\"https:\/\/legitgrams.com\/fr\/\">LegitGrams<\/a><\/p>\n<p>Drogues \u00e0 base de dauphins bleus, ecstasy \u00e0 base de dauphins bleus et m\u00e9dicaments d\u00e9riv\u00e9s des dauphins bleus<\/p>\n<h3>Blue in hue Measurements: 295 mg<\/h3>\n<p>Les pilules d'ecstasy Blue Dolphin sont disponibles \u00e0 l'achat en ligne. Aux \u00c9tats-Unis, au Canada, au Royaume-Uni et dans d'autres pays, les pilules d'ecstasy Blue Dolphin sont vendues. Les fournisseurs fournissent des pilules d'ecstasy Blue Dolphin, qui sont livr\u00e9es en toute s\u00e9curit\u00e9. Les pilules d'ecstasy Blue Dolphin sont toujours disponibles. De plus, vous pouvez savoir si elles sont l\u00e9gales au Canada, comment les commander et si elles sont l\u00e9gales aux \u00c9tats-Unis.<\/p>","protected":false},"excerpt":{"rendered":"<p>Buy Blue Dolphin Ecstasy Pills Online Ecstasy was first created by the Merck drug relationship in 1912. It was given the name &#8220;MDMA&#8221; because to its distinct structure. In 1953, the US Armed Forces employed it for the first time in mental engagement tests. In the 1960s, it was utilized once more for a limited &hellip;<\/p>\n<p class=\"read-more\"> <a class=\"\" href=\"https:\/\/legitgrams.com\/fr\/produit\/pilules-decstasy-du-dauphin-bleu\/\"> <span class=\"screen-reader-text\">Achetez des pilules d'ecstasy Blue Dolphin en ligne<\/span> Lire la suite \"<\/a><\/p>","protected":false},"featured_media":5189,"comment_status":"open","ping_status":"closed","template":"","meta":{"_uag_custom_page_level_css":"","site-sidebar-layout":"default","site-content-layout":"default","ast-global-header-display":"","ast-main-header-display":"","ast-hfb-above-header-display":"","ast-hfb-below-header-display":"","ast-hfb-mobile-header-display":"","site-post-title":"","ast-breadcrumbs-content":"","ast-featured-img":"","footer-sml-layout":"","theme-transparent-header-meta":"default","adv-header-id-meta":"","stick-header-meta":"default","header-above-stick-meta":"","header-main-stick-meta":"","header-below-stick-meta":"","_joinchat":[]},"product_brand":[],"product_cat":[596],"product_tag":[993,983,974,978,977,985,976,988,995,996,994,986,991,617,975,990,987,982,980,992,989,625,981,984,979],"class_list":{"0":"post-4294","1":"product","2":"type-product","3":"status-publish","4":"has-post-thumbnail","6":"product_cat-ecstasy-pills-mdma","7":"product_tag-best-cheap-price-blue-dolphin-ecstasy-pills","8":"product_tag-best-place-to-buy-blue-dolphin-ecstasy-pills","9":"product_tag-blue-dolphin-ecstasy-pills","10":"product_tag-blue-dolphin-ecstasy-pills-blue-dolphin-ecstasy-pills-supplier","11":"product_tag-blue-dolphin-ecstasy-pills-for-sale","12":"product_tag-blue-dolphin-ecstasy-pills-legally","13":"product_tag-blue-dolphin-ecstasy-pills-online","14":"product_tag-blue-dolphin-ecstasy-pills-store","15":"product_tag-blue-dolphin-ecstasy-pills-use","16":"product_tag-blue-dolphin-ecstasy-pills-wiki","17":"product_tag-blue-dolphin-ecstasy-pills-worldwide","18":"product_tag-blue-dolphin-ecstasy-pillsprice","19":"product_tag-blue-dolphin-ecstasy-pillss","20":"product_tag-bulk-online","21":"product_tag-buy-blue-dolphin-ecstasy-pills","22":"product_tag-cheap-blue-dolphin-ecstasy-pills","23":"product_tag-high-quality-blue-dolphin-ecstasy-pills","24":"product_tag-how-to-buy-blue-dolphin-ecstasy-pills","25":"product_tag-order-blue-dolphin-ecstasy-pills","26":"product_tag-purcharse-blue-dolphin-ecstasy-pills","27":"product_tag-shop-blue-dolphin-ecstasy-pills","28":"product_tag-top-quality","29":"product_tag-where-to-buy-blue-dolphin-ecstasy-pills","30":"product_tag-where-to-order-blue-dolphin-ecstasy-pills","31":"product_tag-wholesale-blue-dolphin-ecstasy-pills","32":"desktop-align-left","33":"tablet-align-left","34":"mobile-align-left","35":"ast-product-gallery-layout-horizontal","36":"ast-product-gallery-with-no-image","37":"ast-product-single-variable","38":"ast-product-tabs-layout-horizontal","39":"ast-qv-on-image","41":"first","42":"instock","43":"shipping-taxable","44":"purchasable","45":"product-type-variable"},"yoast_head":"<!-- This site is optimized with the Yoast SEO plugin v25.9 - https:\/\/yoast.com\/wordpress\/plugins\/seo\/ -->\n<title>Blue Dolphin Ecstasy Pills for Sale Online - Order Blue Dolphin<\/title>\n<meta name=\"description\" content=\"Buy blue dolphin ecstasy pills online conveniently and securely, with a straightforward order process. Just place an order today for blue dolphin ecstasy pills for sale!\" \/>\n<meta name=\"robots\" content=\"index, follow, max-snippet:-1, max-image-preview:large, max-video-preview:-1\" \/>\n<link rel=\"canonical\" href=\"https:\/\/legitgrams.com\/fr\/produit\/pilules-decstasy-du-dauphin-bleu\/\" \/>\n<meta property=\"og:locale\" content=\"fr_FR\" \/>\n<meta property=\"og:type\" content=\"article\" \/>\n<meta property=\"og:title\" content=\"Blue Dolphin Ecstasy Pills for Sale Online - Order Blue Dolphin\" \/>\n<meta property=\"og:description\" content=\"Buy blue dolphin ecstasy pills online conveniently and securely, with a straightforward order process. Just place an order today for blue dolphin ecstasy pills for sale!\" \/>\n<meta property=\"og:url\" content=\"https:\/\/legitgrams.com\/fr\/produit\/pilules-decstasy-du-dauphin-bleu\/\" \/>\n<meta property=\"og:site_name\" content=\"Legit Grams\" \/>\n<meta property=\"article:modified_time\" content=\"2026-02-28T13:44:25+00:00\" \/>\n<meta property=\"og:image\" content=\"https:\/\/legitgrams.com\/wp-content\/uploads\/2024\/09\/buy-blue-dolphin-ecstasy-pills-online.jpg\" \/>\n\t<meta property=\"og:image:width\" content=\"600\" \/>\n\t<meta property=\"og:image:height\" content=\"600\" \/>\n\t<meta property=\"og:image:type\" content=\"image\/jpeg\" \/>\n<meta name=\"twitter:card\" content=\"summary_large_image\" \/>\n<meta name=\"twitter:label1\" content=\"Dur\u00e9e de lecture est.\" \/>\n\t<meta name=\"twitter:data1\" content=\"3 minutes\" \/>\n<script type=\"application\/ld+json\" class=\"yoast-schema-graph\">{\"@context\":\"https:\/\/schema.org\",\"@graph\":[{\"@type\":\"WebPage\",\"@id\":\"https:\/\/legitgrams.com\/product\/blue-dolphin-ecstasy-pills\/\",\"url\":\"https:\/\/legitgrams.com\/product\/blue-dolphin-ecstasy-pills\/\",\"name\":\"Blue Dolphin Ecstasy Pills for Sale Online - Order Blue Dolphin\",\"isPartOf\":{\"@id\":\"https:\/\/legitgrams.com\/#website\"},\"primaryImageOfPage\":{\"@id\":\"https:\/\/legitgrams.com\/product\/blue-dolphin-ecstasy-pills\/#primaryimage\"},\"image\":{\"@id\":\"https:\/\/legitgrams.com\/product\/blue-dolphin-ecstasy-pills\/#primaryimage\"},\"thumbnailUrl\":\"https:\/\/legitgrams.com\/wp-content\/uploads\/2024\/09\/buy-blue-dolphin-ecstasy-pills-online.jpg\",\"datePublished\":\"2024-09-22T09:52:35+00:00\",\"dateModified\":\"2026-02-28T13:44:25+00:00\",\"description\":\"Buy blue dolphin ecstasy pills online conveniently and securely, with a straightforward order process. Just place an order today for blue dolphin ecstasy pills for sale!\",\"breadcrumb\":{\"@id\":\"https:\/\/legitgrams.com\/product\/blue-dolphin-ecstasy-pills\/#breadcrumb\"},\"inLanguage\":\"fr-BE\",\"potentialAction\":[{\"@type\":\"ReadAction\",\"target\":[\"https:\/\/legitgrams.com\/product\/blue-dolphin-ecstasy-pills\/\"]}]},{\"@type\":\"ImageObject\",\"inLanguage\":\"fr-BE\",\"@id\":\"https:\/\/legitgrams.com\/product\/blue-dolphin-ecstasy-pills\/#primaryimage\",\"url\":\"https:\/\/legitgrams.com\/wp-content\/uploads\/2024\/09\/buy-blue-dolphin-ecstasy-pills-online.jpg\",\"contentUrl\":\"https:\/\/legitgrams.com\/wp-content\/uploads\/2024\/09\/buy-blue-dolphin-ecstasy-pills-online.jpg\",\"width\":600,\"height\":600,\"caption\":\"Blue Dolphin Ecstasy Pills for Sale\"},{\"@type\":\"BreadcrumbList\",\"@id\":\"https:\/\/legitgrams.com\/product\/blue-dolphin-ecstasy-pills\/#breadcrumb\",\"itemListElement\":[{\"@type\":\"ListItem\",\"position\":1,\"name\":\"Home\",\"item\":\"https:\/\/legitgrams.com\/\"},{\"@type\":\"ListItem\",\"position\":2,\"name\":\"Shop\",\"item\":\"https:\/\/legitgrams.com\/shop\/\"},{\"@type\":\"ListItem\",\"position\":3,\"name\":\"Buy Blue Dolphin Ecstasy Pills Online\"}]},{\"@type\":\"WebSite\",\"@id\":\"https:\/\/legitgrams.com\/#website\",\"url\":\"https:\/\/legitgrams.com\/\",\"name\":\"Legit Grams\",\"description\":\"My WordPress Blog\",\"publisher\":{\"@id\":\"https:\/\/legitgrams.com\/#organization\"},\"potentialAction\":[{\"@type\":\"SearchAction\",\"target\":{\"@type\":\"EntryPoint\",\"urlTemplate\":\"https:\/\/legitgrams.com\/?s={search_term_string}\"},\"query-input\":{\"@type\":\"PropertyValueSpecification\",\"valueRequired\":true,\"valueName\":\"search_term_string\"}}],\"inLanguage\":\"fr-BE\"},{\"@type\":\"Organization\",\"@id\":\"https:\/\/legitgrams.com\/#organization\",\"name\":\"Legit Grams\",\"url\":\"https:\/\/legitgrams.com\/\",\"logo\":{\"@type\":\"ImageObject\",\"inLanguage\":\"fr-BE\",\"@id\":\"https:\/\/legitgrams.com\/#\/schema\/logo\/image\/\",\"url\":\"https:\/\/legitgrams.com\/wp-content\/uploads\/2024\/09\/main-logo.png\",\"contentUrl\":\"https:\/\/legitgrams.com\/wp-content\/uploads\/2024\/09\/main-logo.png\",\"width\":270,\"height\":75,\"caption\":\"Legit Grams\"},\"image\":{\"@id\":\"https:\/\/legitgrams.com\/#\/schema\/logo\/image\/\"}}]}<\/script>\n<!-- \/ Yoast SEO plugin. -->","yoast_head_json":{"title":"Blue Dolphin Ecstasy Pills for Sale Online - Commander Blue Dolphin","description":"Achetez des pilules d'ecstasy blue dolphin en ligne de mani\u00e8re pratique et s\u00e9curis\u00e9e, avec un processus de commande simple. Commandez d\u00e8s aujourd'hui des pilules d'ecstasy Blue Dolphin \u00e0 vendre !","robots":{"index":"index","follow":"follow","max-snippet":"max-snippet:-1","max-image-preview":"max-image-preview:large","max-video-preview":"max-video-preview:-1"},"canonical":"https:\/\/legitgrams.com\/fr\/produit\/pilules-decstasy-du-dauphin-bleu\/","og_locale":"fr_FR","og_type":"article","og_title":"Blue Dolphin Ecstasy Pills for Sale Online - Order Blue Dolphin","og_description":"Buy blue dolphin ecstasy pills online conveniently and securely, with a straightforward order process. Just place an order today for blue dolphin ecstasy pills for sale!","og_url":"https:\/\/legitgrams.com\/fr\/produit\/pilules-decstasy-du-dauphin-bleu\/","og_site_name":"Legit Grams","article_modified_time":"2026-02-28T13:44:25+00:00","og_image":[{"width":600,"height":600,"url":"https:\/\/legitgrams.com\/wp-content\/uploads\/2024\/09\/buy-blue-dolphin-ecstasy-pills-online.jpg","type":"image\/jpeg"}],"twitter_card":"summary_large_image","twitter_misc":{"Dur\u00e9e de lecture est.":"3 minutes"},"schema":{"@context":"https:\/\/schema.org","@graph":[{"@type":"WebPage","@id":"https:\/\/legitgrams.com\/product\/blue-dolphin-ecstasy-pills\/","url":"https:\/\/legitgrams.com\/product\/blue-dolphin-ecstasy-pills\/","name":"Blue Dolphin Ecstasy Pills for Sale Online - Commander Blue Dolphin","isPartOf":{"@id":"https:\/\/legitgrams.com\/#website"},"primaryImageOfPage":{"@id":"https:\/\/legitgrams.com\/product\/blue-dolphin-ecstasy-pills\/#primaryimage"},"image":{"@id":"https:\/\/legitgrams.com\/product\/blue-dolphin-ecstasy-pills\/#primaryimage"},"thumbnailUrl":"https:\/\/legitgrams.com\/wp-content\/uploads\/2024\/09\/buy-blue-dolphin-ecstasy-pills-online.jpg","datePublished":"2024-09-22T09:52:35+00:00","dateModified":"2026-02-28T13:44:25+00:00","description":"Achetez des pilules d'ecstasy blue dolphin en ligne de mani\u00e8re pratique et s\u00e9curis\u00e9e, avec un processus de commande simple. Commandez d\u00e8s aujourd'hui des pilules d'ecstasy Blue Dolphin \u00e0 vendre !","breadcrumb":{"@id":"https:\/\/legitgrams.com\/product\/blue-dolphin-ecstasy-pills\/#breadcrumb"},"inLanguage":"fr-BE","potentialAction":[{"@type":"ReadAction","target":["https:\/\/legitgrams.com\/product\/blue-dolphin-ecstasy-pills\/"]}]},{"@type":"ImageObject","inLanguage":"fr-BE","@id":"https:\/\/legitgrams.com\/product\/blue-dolphin-ecstasy-pills\/#primaryimage","url":"https:\/\/legitgrams.com\/wp-content\/uploads\/2024\/09\/buy-blue-dolphin-ecstasy-pills-online.jpg","contentUrl":"https:\/\/legitgrams.com\/wp-content\/uploads\/2024\/09\/buy-blue-dolphin-ecstasy-pills-online.jpg","width":600,"height":600,"caption":"Blue Dolphin Ecstasy Pills for Sale"},{"@type":"BreadcrumbList","@id":"https:\/\/legitgrams.com\/product\/blue-dolphin-ecstasy-pills\/#breadcrumb","itemListElement":[{"@type":"ListItem","position":1,"name":"Home","item":"https:\/\/legitgrams.com\/"},{"@type":"ListItem","position":2,"name":"Shop","item":"https:\/\/legitgrams.com\/shop\/"},{"@type":"ListItem","position":3,"name":"Buy Blue Dolphin Ecstasy Pills Online"}]},{"@type":"WebSite","@id":"https:\/\/legitgrams.com\/#website","url":"https:\/\/legitgrams.com\/","name":"Les grammes l\u00e9gitimes","description":"Mon blog WordPress","publisher":{"@id":"https:\/\/legitgrams.com\/#organization"},"potentialAction":[{"@type":"SearchAction","target":{"@type":"EntryPoint","urlTemplate":"https:\/\/legitgrams.com\/?s={search_term_string}"},"query-input":{"@type":"PropertyValueSpecification","valueRequired":true,"valueName":"search_term_string"}}],"inLanguage":"fr-BE"},{"@type":"Organization","@id":"https:\/\/legitgrams.com\/#organization","name":"Les grammes l\u00e9gitimes","url":"https:\/\/legitgrams.com\/","logo":{"@type":"ImageObject","inLanguage":"fr-BE","@id":"https:\/\/legitgrams.com\/#\/schema\/logo\/image\/","url":"https:\/\/legitgrams.com\/wp-content\/uploads\/2024\/09\/main-logo.png","contentUrl":"https:\/\/legitgrams.com\/wp-content\/uploads\/2024\/09\/main-logo.png","width":270,"height":75,"caption":"Legit Grams"},"image":{"@id":"https:\/\/legitgrams.com\/#\/schema\/logo\/image\/"}}]}},"uagb_featured_image_src":{"full":["https:\/\/legitgrams.com\/wp-content\/uploads\/2024\/09\/buy-blue-dolphin-ecstasy-pills-online.jpg",600,600,false],"thumbnail":["https:\/\/legitgrams.com\/wp-content\/uploads\/2024\/09\/buy-blue-dolphin-ecstasy-pills-online-150x150.jpg",150,150,true],"medium":["https:\/\/legitgrams.com\/wp-content\/uploads\/2024\/09\/buy-blue-dolphin-ecstasy-pills-online-300x300.jpg",300,300,true],"medium_large":["https:\/\/legitgrams.com\/wp-content\/uploads\/2024\/09\/buy-blue-dolphin-ecstasy-pills-online.jpg",600,600,false],"large":["https:\/\/legitgrams.com\/wp-content\/uploads\/2024\/09\/buy-blue-dolphin-ecstasy-pills-online.jpg",600,600,false],"1536x1536":["https:\/\/legitgrams.com\/wp-content\/uploads\/2024\/09\/buy-blue-dolphin-ecstasy-pills-online.jpg",600,600,false],"2048x2048":["https:\/\/legitgrams.com\/wp-content\/uploads\/2024\/09\/buy-blue-dolphin-ecstasy-pills-online.jpg",600,600,false],"trp-custom-language-flag":["https:\/\/legitgrams.com\/wp-content\/uploads\/2024\/09\/buy-blue-dolphin-ecstasy-pills-online-12x12.jpg",12,12,true],"woocommerce_thumbnail":["https:\/\/legitgrams.com\/wp-content\/uploads\/2024\/09\/buy-blue-dolphin-ecstasy-pills-online-300x300.jpg",300,300,true],"woocommerce_single":["https:\/\/legitgrams.com\/wp-content\/uploads\/2024\/09\/buy-blue-dolphin-ecstasy-pills-online.jpg",600,600,false],"woocommerce_gallery_thumbnail":["https:\/\/legitgrams.com\/wp-content\/uploads\/2024\/09\/buy-blue-dolphin-ecstasy-pills-online-100x100.jpg",100,100,true]},"uagb_author_info":{"display_name":"cokeblog18","author_link":"https:\/\/legitgrams.com\/fr\/author\/"},"uagb_comment_info":0,"uagb_excerpt":"Buy Blue Dolphin Ecstasy Pills Online Ecstasy was first created by the Merck drug relationship in 1912. It was given the name &#8220;MDMA&#8221; because to its distinct structure. In 1953, the US Armed Forces employed it for the first time in mental engagement tests. In the 1960s, it was utilized once more for a limited&hellip;","_links":{"self":[{"href":"https:\/\/legitgrams.com\/fr\/wp-json\/wp\/v2\/product\/4294","targetHints":{"allow":["GET"]}}],"collection":[{"href":"https:\/\/legitgrams.com\/fr\/wp-json\/wp\/v2\/product"}],"about":[{"href":"https:\/\/legitgrams.com\/fr\/wp-json\/wp\/v2\/types\/product"}],"replies":[{"embeddable":true,"href":"https:\/\/legitgrams.com\/fr\/wp-json\/wp\/v2\/comments?post=4294"}],"wp:featuredmedia":[{"embeddable":true,"href":"https:\/\/legitgrams.com\/fr\/wp-json\/wp\/v2\/media\/5189"}],"wp:attachment":[{"href":"https:\/\/legitgrams.com\/fr\/wp-json\/wp\/v2\/media?parent=4294"}],"wp:term":[{"taxonomy":"product_brand","embeddable":true,"href":"https:\/\/legitgrams.com\/fr\/wp-json\/wp\/v2\/product_brand?post=4294"},{"taxonomy":"product_cat","embeddable":true,"href":"https:\/\/legitgrams.com\/fr\/wp-json\/wp\/v2\/product_cat?post=4294"},{"taxonomy":"product_tag","embeddable":true,"href":"https:\/\/legitgrams.com\/fr\/wp-json\/wp\/v2\/product_tag?post=4294"}],"curies":[{"name":"wp","href":"https:\/\/api.w.org\/{rel}","templated":true}]}}