{"id":4298,"date":"2024-09-22T10:06:49","date_gmt":"2024-09-22T10:06:49","guid":{"rendered":"https:\/\/legitgrams.com\/?post_type=product&#038;p=4298"},"modified":"2026-02-28T13:24:26","modified_gmt":"2026-02-28T13:24:26","slug":"heroine-brune-99-pure","status":"publish","type":"product","link":"https:\/\/legitgrams.com\/fr\/produit\/heroine-brune-99-pure\/","title":{"rendered":"Acheter Brown Heroin 99% Pure Online"},"content":{"rendered":"<h2>Acheter Brown Heroin 99% Pure Online<\/h2>\n<p>Vous pouvez obtenir <a href=\"https:\/\/legitgrams.com\/fr\/produit\/heroine-brune-99-pure\/\">h\u00e9ro\u00efne brune<\/a> de nous; nous avons la meilleure h\u00e9ro\u00efne du monde. Nous offrons aux revendeurs la possibilit\u00e9 d'acheter du sucre brun en grande quantit\u00e9 en ligne.<\/p>\n<h3>utilis\u00e9 pour promouvoir l'h\u00e9ro\u00efne blanche<\/h3>\n<p>L'h\u00e9ro\u00efne est utilis\u00e9e comme m\u00e9dicament pour le divertissement car elle procure un effet euphorisant. L'anthropologue Michael Hagar a \u00e9t\u00e9 le premier \u00e0 qualifier l'h\u00e9ro\u00efne de \u00ab drogue parfaite sous toutes ses formes \u00bb. Une tol\u00e9rance se d\u00e9veloppe rapidement pour obtenir le m\u00eame effet \u00e0 des doses plus \u00e9lev\u00e9es. En raison de ses effets diff\u00e9rents, elle serait plus populaire parmi les consommateurs de drogues que la morphine. <a href=\"https:\/\/legitgrams.com\/fr\/\">LegitGrams<\/a><\/p>\n<p>L'h\u00e9ro\u00efne est utilis\u00e9e comme m\u00e9dicament pour le divertissement car elle procure un effet euphorisant. L'anthropologue Michael Hagar a \u00e9t\u00e9 le premier \u00e0 qualifier l'h\u00e9ro\u00efne de \u00ab drogue parfaite sous toutes ses formes \u00bb. Une tol\u00e9rance se d\u00e9veloppe rapidement pour obtenir le m\u00eame effet \u00e0 des doses plus \u00e9lev\u00e9es. En raison de ses effets diff\u00e9rents, elle serait plus populaire parmi les consommateurs de drogues que la morphine.<\/p>\n<p>Achetez 60% de brun pur <a href=\"https:\/\/en.wikipedia.org\/wiki\/Heroin\">H\u00e9ro\u00efne<\/a> O\u00f9 acheter de l'h\u00e9ro\u00efne brune pure \u00e0 60 %, O\u00f9 acheter de l'h\u00e9ro\u00efne brune pure \u00e0 60 %, O\u00f9 acheter de l'h\u00e9ro\u00efne brune pure \u00e0 60 %, O\u00f9 acheter de l'h\u00e9ro\u00efne brune pure \u00e0 60 %, O\u00f9 acheter de l'h\u00e9ro\u00efne brune pure \u00e0 60 %, Acheter en ligne, Fournisseurs, Livraison s\u00e9curis\u00e9e, Il existe encore de l'h\u00e9ro\u00efne brune pure \u00e0 60 % accessible. Aux \u00c9tats-Unis, est-il l\u00e9gal d'acheter de l'h\u00e9ro\u00efne brune pure \u00e0 60 % ? Quelle est la proc\u00e9dure \u00e0 suivre pour commander de l'h\u00e9ro\u00efne brune pure \u00e0 60 % ? Est-il l\u00e9gal de consommer de l'h\u00e9ro\u00efne brune pure \u00e0 60 % au Canada ?<\/p>","protected":false},"excerpt":{"rendered":"<p>Buy Brown Heroin 99% Pure Online You can get brown heroin from us; we have the best heroin in the world. We give resellers the opportunity to buy brown sugar in large quantities online. used to promote white heroin It is used as a medicine for entertainment because it creates exhilaration. Anthropologist Michael Hagar was &hellip;<\/p>\n<p class=\"read-more\"> <a class=\"\" href=\"https:\/\/legitgrams.com\/fr\/produit\/heroine-brune-99-pure\/\"> <span class=\"screen-reader-text\">Acheter Brown Heroin 99% Pure Online<\/span> Lire la suite \"<\/a><\/p>","protected":false},"featured_media":5336,"comment_status":"open","ping_status":"closed","template":"","meta":{"_uag_custom_page_level_css":"","site-sidebar-layout":"default","site-content-layout":"default","ast-global-header-display":"","ast-main-header-display":"","ast-hfb-above-header-display":"","ast-hfb-below-header-display":"","ast-hfb-mobile-header-display":"","site-post-title":"","ast-breadcrumbs-content":"","ast-featured-img":"","footer-sml-layout":"","theme-transparent-header-meta":"default","adv-header-id-meta":"","stick-header-meta":"default","header-above-stick-meta":"","header-main-stick-meta":"","header-below-stick-meta":"","_joinchat":[]},"product_brand":[],"product_cat":[601],"product_tag":[781,771,761,785,773,768,783,784,782,765,764,763,774,779,776,617,762,778,775,770,767,780,777,625,769,772,766],"class_list":{"0":"post-4298","1":"product","2":"type-product","3":"status-publish","4":"has-post-thumbnail","6":"product_cat-heroine","7":"product_tag-best-cheap-price-brown-heroin-99-pure","8":"product_tag-best-place-to-buy-brown-heroin-99-pure","9":"product_tag-brown-heroin-99-pure","10":"product_tag-brown-heroin-99-pure-for-sale","11":"product_tag-brown-heroin-99-pure-legally","12":"product_tag-brown-heroin-99-pure-online","13":"product_tag-brown-heroin-99-pure-use","14":"product_tag-brown-heroin-99-pure-wiki","15":"product_tag-brown-heroin-99-pure-worldwide","16":"product_tag-brown-heroin-99-purebrown-heroin-99-puresupplier","17":"product_tag-brown-heroin-99-purefor-sale","18":"product_tag-brown-heroin-99-pureonline","19":"product_tag-brown-heroin-99-pureprice","20":"product_tag-brown-heroin-99-pures","21":"product_tag-brown-heroin-99-purestore","22":"product_tag-bulk-online","23":"product_tag-buy-brown-heroin-99-pure","24":"product_tag-cheap-brown-heroin-99-pure","25":"product_tag-high-quality-brown-heroin-99-pure","26":"product_tag-how-to-buy-brown-heroin-99-pure","27":"product_tag-order-brown-heroin-99-pure","28":"product_tag-purcharse-brown-heroin-99-pure","29":"product_tag-shop-brown-heroin-99-pure","30":"product_tag-top-quality","31":"product_tag-where-to-buy-brown-heroin-99-pure","32":"product_tag-where-to-order-brown-heroin-99-pure","33":"product_tag-wholesale-brown-heroin-99-pure","34":"desktop-align-left","35":"tablet-align-left","36":"mobile-align-left","37":"ast-product-gallery-layout-horizontal","38":"ast-product-gallery-with-no-image","39":"ast-product-single-variable","40":"ast-product-tabs-layout-horizontal","41":"ast-qv-on-image","43":"first","44":"instock","45":"featured","46":"shipping-taxable","47":"purchasable","48":"product-type-variable","49":"has-default-attributes"},"yoast_head":"<!-- This site is optimized with the Yoast SEO plugin v25.9 - https:\/\/yoast.com\/wordpress\/plugins\/seo\/ -->\n<title>Brown Heroin for Sale - Buy Brown Heroin 99% Pure Online<\/title>\n<meta name=\"description\" content=\"Do you want to buy brown heroin online at an affordable price? LegitGrams is a leading place where you can get high-qualitty brown heroin for sale. Order Today!\" \/>\n<meta name=\"robots\" content=\"index, follow, max-snippet:-1, max-image-preview:large, max-video-preview:-1\" \/>\n<link rel=\"canonical\" href=\"https:\/\/legitgrams.com\/fr\/produit\/heroine-brune-99-pure\/\" \/>\n<meta property=\"og:locale\" content=\"fr_FR\" \/>\n<meta property=\"og:type\" content=\"article\" \/>\n<meta property=\"og:title\" content=\"Brown Heroin for Sale - Buy Brown Heroin 99% Pure Online\" \/>\n<meta property=\"og:description\" content=\"Do you want to buy brown heroin online at an affordable price? LegitGrams is a leading place where you can get high-qualitty brown heroin for sale. Order Today!\" \/>\n<meta property=\"og:url\" content=\"https:\/\/legitgrams.com\/fr\/produit\/heroine-brune-99-pure\/\" \/>\n<meta property=\"og:site_name\" content=\"Legit Grams\" \/>\n<meta property=\"article:modified_time\" content=\"2026-02-28T13:24:26+00:00\" \/>\n<meta property=\"og:image\" content=\"https:\/\/legitgrams.com\/wp-content\/uploads\/2024\/09\/Brown-Heroin-99-pure.jpg\" \/>\n\t<meta property=\"og:image:width\" content=\"600\" \/>\n\t<meta property=\"og:image:height\" content=\"600\" \/>\n\t<meta property=\"og:image:type\" content=\"image\/jpeg\" \/>\n<meta name=\"twitter:card\" content=\"summary_large_image\" \/>\n<meta name=\"twitter:label1\" content=\"Dur\u00e9e de lecture est.\" \/>\n\t<meta name=\"twitter:data1\" content=\"2 minutes\" \/>\n<script type=\"application\/ld+json\" class=\"yoast-schema-graph\">{\"@context\":\"https:\/\/schema.org\",\"@graph\":[{\"@type\":\"WebPage\",\"@id\":\"https:\/\/legitgrams.com\/product\/brown-heroin-99-pure\/\",\"url\":\"https:\/\/legitgrams.com\/product\/brown-heroin-99-pure\/\",\"name\":\"Brown Heroin for Sale - Buy Brown Heroin 99% Pure Online\",\"isPartOf\":{\"@id\":\"https:\/\/legitgrams.com\/#website\"},\"primaryImageOfPage\":{\"@id\":\"https:\/\/legitgrams.com\/product\/brown-heroin-99-pure\/#primaryimage\"},\"image\":{\"@id\":\"https:\/\/legitgrams.com\/product\/brown-heroin-99-pure\/#primaryimage\"},\"thumbnailUrl\":\"https:\/\/legitgrams.com\/wp-content\/uploads\/2024\/09\/Brown-Heroin-99-pure.jpg\",\"datePublished\":\"2024-09-22T10:06:49+00:00\",\"dateModified\":\"2026-02-28T13:24:26+00:00\",\"description\":\"Do you want to buy brown heroin online at an affordable price? LegitGrams is a leading place where you can get high-qualitty brown heroin for sale. Order Today!\",\"breadcrumb\":{\"@id\":\"https:\/\/legitgrams.com\/product\/brown-heroin-99-pure\/#breadcrumb\"},\"inLanguage\":\"fr-BE\",\"potentialAction\":[{\"@type\":\"ReadAction\",\"target\":[\"https:\/\/legitgrams.com\/product\/brown-heroin-99-pure\/\"]}]},{\"@type\":\"ImageObject\",\"inLanguage\":\"fr-BE\",\"@id\":\"https:\/\/legitgrams.com\/product\/brown-heroin-99-pure\/#primaryimage\",\"url\":\"https:\/\/legitgrams.com\/wp-content\/uploads\/2024\/09\/Brown-Heroin-99-pure.jpg\",\"contentUrl\":\"https:\/\/legitgrams.com\/wp-content\/uploads\/2024\/09\/Brown-Heroin-99-pure.jpg\",\"width\":600,\"height\":600,\"caption\":\"Brown Heroin 99% Pure for Sale\"},{\"@type\":\"BreadcrumbList\",\"@id\":\"https:\/\/legitgrams.com\/product\/brown-heroin-99-pure\/#breadcrumb\",\"itemListElement\":[{\"@type\":\"ListItem\",\"position\":1,\"name\":\"Home\",\"item\":\"https:\/\/legitgrams.com\/\"},{\"@type\":\"ListItem\",\"position\":2,\"name\":\"Shop\",\"item\":\"https:\/\/legitgrams.com\/shop\/\"},{\"@type\":\"ListItem\",\"position\":3,\"name\":\"Buy Brown Heroin 99% Pure Online\"}]},{\"@type\":\"WebSite\",\"@id\":\"https:\/\/legitgrams.com\/#website\",\"url\":\"https:\/\/legitgrams.com\/\",\"name\":\"Legit Grams\",\"description\":\"My WordPress Blog\",\"publisher\":{\"@id\":\"https:\/\/legitgrams.com\/#organization\"},\"potentialAction\":[{\"@type\":\"SearchAction\",\"target\":{\"@type\":\"EntryPoint\",\"urlTemplate\":\"https:\/\/legitgrams.com\/?s={search_term_string}\"},\"query-input\":{\"@type\":\"PropertyValueSpecification\",\"valueRequired\":true,\"valueName\":\"search_term_string\"}}],\"inLanguage\":\"fr-BE\"},{\"@type\":\"Organization\",\"@id\":\"https:\/\/legitgrams.com\/#organization\",\"name\":\"Legit Grams\",\"url\":\"https:\/\/legitgrams.com\/\",\"logo\":{\"@type\":\"ImageObject\",\"inLanguage\":\"fr-BE\",\"@id\":\"https:\/\/legitgrams.com\/#\/schema\/logo\/image\/\",\"url\":\"https:\/\/legitgrams.com\/wp-content\/uploads\/2024\/09\/main-logo.png\",\"contentUrl\":\"https:\/\/legitgrams.com\/wp-content\/uploads\/2024\/09\/main-logo.png\",\"width\":270,\"height\":75,\"caption\":\"Legit Grams\"},\"image\":{\"@id\":\"https:\/\/legitgrams.com\/#\/schema\/logo\/image\/\"}}]}<\/script>\n<!-- \/ Yoast SEO plugin. -->","yoast_head_json":{"title":"Brown Heroin for Sale - Acheter Brown Heroin 99% Pure Online","description":"Voulez-vous acheter de l'h\u00e9ro\u00efne brune en ligne \u00e0 un prix abordable ? LegitGrams est l'endroit id\u00e9al pour acheter de l'h\u00e9ro\u00efne brune de haute qualit\u00e9. Commandez d\u00e8s aujourd'hui !","robots":{"index":"index","follow":"follow","max-snippet":"max-snippet:-1","max-image-preview":"max-image-preview:large","max-video-preview":"max-video-preview:-1"},"canonical":"https:\/\/legitgrams.com\/fr\/produit\/heroine-brune-99-pure\/","og_locale":"fr_FR","og_type":"article","og_title":"Brown Heroin for Sale - Buy Brown Heroin 99% Pure Online","og_description":"Do you want to buy brown heroin online at an affordable price? LegitGrams is a leading place where you can get high-qualitty brown heroin for sale. Order Today!","og_url":"https:\/\/legitgrams.com\/fr\/produit\/heroine-brune-99-pure\/","og_site_name":"Legit Grams","article_modified_time":"2026-02-28T13:24:26+00:00","og_image":[{"width":600,"height":600,"url":"https:\/\/legitgrams.com\/wp-content\/uploads\/2024\/09\/Brown-Heroin-99-pure.jpg","type":"image\/jpeg"}],"twitter_card":"summary_large_image","twitter_misc":{"Dur\u00e9e de lecture est.":"2 minutes"},"schema":{"@context":"https:\/\/schema.org","@graph":[{"@type":"WebPage","@id":"https:\/\/legitgrams.com\/product\/brown-heroin-99-pure\/","url":"https:\/\/legitgrams.com\/product\/brown-heroin-99-pure\/","name":"Brown Heroin for Sale - Acheter Brown Heroin 99% Pure Online","isPartOf":{"@id":"https:\/\/legitgrams.com\/#website"},"primaryImageOfPage":{"@id":"https:\/\/legitgrams.com\/product\/brown-heroin-99-pure\/#primaryimage"},"image":{"@id":"https:\/\/legitgrams.com\/product\/brown-heroin-99-pure\/#primaryimage"},"thumbnailUrl":"https:\/\/legitgrams.com\/wp-content\/uploads\/2024\/09\/Brown-Heroin-99-pure.jpg","datePublished":"2024-09-22T10:06:49+00:00","dateModified":"2026-02-28T13:24:26+00:00","description":"Voulez-vous acheter de l'h\u00e9ro\u00efne brune en ligne \u00e0 un prix abordable ? LegitGrams est l'endroit id\u00e9al pour acheter de l'h\u00e9ro\u00efne brune de haute qualit\u00e9. Commandez d\u00e8s aujourd'hui !","breadcrumb":{"@id":"https:\/\/legitgrams.com\/product\/brown-heroin-99-pure\/#breadcrumb"},"inLanguage":"fr-BE","potentialAction":[{"@type":"ReadAction","target":["https:\/\/legitgrams.com\/product\/brown-heroin-99-pure\/"]}]},{"@type":"ImageObject","inLanguage":"fr-BE","@id":"https:\/\/legitgrams.com\/product\/brown-heroin-99-pure\/#primaryimage","url":"https:\/\/legitgrams.com\/wp-content\/uploads\/2024\/09\/Brown-Heroin-99-pure.jpg","contentUrl":"https:\/\/legitgrams.com\/wp-content\/uploads\/2024\/09\/Brown-Heroin-99-pure.jpg","width":600,"height":600,"caption":"Brown Heroin 99% Pure for Sale"},{"@type":"BreadcrumbList","@id":"https:\/\/legitgrams.com\/product\/brown-heroin-99-pure\/#breadcrumb","itemListElement":[{"@type":"ListItem","position":1,"name":"Home","item":"https:\/\/legitgrams.com\/"},{"@type":"ListItem","position":2,"name":"Shop","item":"https:\/\/legitgrams.com\/shop\/"},{"@type":"ListItem","position":3,"name":"Buy Brown Heroin 99% Pure Online"}]},{"@type":"WebSite","@id":"https:\/\/legitgrams.com\/#website","url":"https:\/\/legitgrams.com\/","name":"Les grammes l\u00e9gitimes","description":"Mon blog WordPress","publisher":{"@id":"https:\/\/legitgrams.com\/#organization"},"potentialAction":[{"@type":"SearchAction","target":{"@type":"EntryPoint","urlTemplate":"https:\/\/legitgrams.com\/?s={search_term_string}"},"query-input":{"@type":"PropertyValueSpecification","valueRequired":true,"valueName":"search_term_string"}}],"inLanguage":"fr-BE"},{"@type":"Organization","@id":"https:\/\/legitgrams.com\/#organization","name":"Les grammes l\u00e9gitimes","url":"https:\/\/legitgrams.com\/","logo":{"@type":"ImageObject","inLanguage":"fr-BE","@id":"https:\/\/legitgrams.com\/#\/schema\/logo\/image\/","url":"https:\/\/legitgrams.com\/wp-content\/uploads\/2024\/09\/main-logo.png","contentUrl":"https:\/\/legitgrams.com\/wp-content\/uploads\/2024\/09\/main-logo.png","width":270,"height":75,"caption":"Legit Grams"},"image":{"@id":"https:\/\/legitgrams.com\/#\/schema\/logo\/image\/"}}]}},"uagb_featured_image_src":{"full":["https:\/\/legitgrams.com\/wp-content\/uploads\/2024\/09\/Brown-Heroin-99-pure.jpg",600,600,false],"thumbnail":["https:\/\/legitgrams.com\/wp-content\/uploads\/2024\/09\/Brown-Heroin-99-pure-150x150.jpg",150,150,true],"medium":["https:\/\/legitgrams.com\/wp-content\/uploads\/2024\/09\/Brown-Heroin-99-pure-300x300.jpg",300,300,true],"medium_large":["https:\/\/legitgrams.com\/wp-content\/uploads\/2024\/09\/Brown-Heroin-99-pure.jpg",600,600,false],"large":["https:\/\/legitgrams.com\/wp-content\/uploads\/2024\/09\/Brown-Heroin-99-pure.jpg",600,600,false],"1536x1536":["https:\/\/legitgrams.com\/wp-content\/uploads\/2024\/09\/Brown-Heroin-99-pure.jpg",600,600,false],"2048x2048":["https:\/\/legitgrams.com\/wp-content\/uploads\/2024\/09\/Brown-Heroin-99-pure.jpg",600,600,false],"trp-custom-language-flag":["https:\/\/legitgrams.com\/wp-content\/uploads\/2024\/09\/Brown-Heroin-99-pure-12x12.jpg",12,12,true],"woocommerce_thumbnail":["https:\/\/legitgrams.com\/wp-content\/uploads\/2024\/09\/Brown-Heroin-99-pure-300x300.jpg",300,300,true],"woocommerce_single":["https:\/\/legitgrams.com\/wp-content\/uploads\/2024\/09\/Brown-Heroin-99-pure.jpg",600,600,false],"woocommerce_gallery_thumbnail":["https:\/\/legitgrams.com\/wp-content\/uploads\/2024\/09\/Brown-Heroin-99-pure-100x100.jpg",100,100,true]},"uagb_author_info":{"display_name":"cokeblog18","author_link":"https:\/\/legitgrams.com\/fr\/author\/"},"uagb_comment_info":1,"uagb_excerpt":"Buy Brown Heroin 99% Pure Online You can get brown heroin from us; we have the best heroin in the world. We give resellers the opportunity to buy brown sugar in large quantities online. used to promote white heroin It is used as a medicine for entertainment because it creates exhilaration. Anthropologist Michael Hagar was&hellip;","_links":{"self":[{"href":"https:\/\/legitgrams.com\/fr\/wp-json\/wp\/v2\/product\/4298","targetHints":{"allow":["GET"]}}],"collection":[{"href":"https:\/\/legitgrams.com\/fr\/wp-json\/wp\/v2\/product"}],"about":[{"href":"https:\/\/legitgrams.com\/fr\/wp-json\/wp\/v2\/types\/product"}],"replies":[{"embeddable":true,"href":"https:\/\/legitgrams.com\/fr\/wp-json\/wp\/v2\/comments?post=4298"}],"wp:featuredmedia":[{"embeddable":true,"href":"https:\/\/legitgrams.com\/fr\/wp-json\/wp\/v2\/media\/5336"}],"wp:attachment":[{"href":"https:\/\/legitgrams.com\/fr\/wp-json\/wp\/v2\/media?parent=4298"}],"wp:term":[{"taxonomy":"product_brand","embeddable":true,"href":"https:\/\/legitgrams.com\/fr\/wp-json\/wp\/v2\/product_brand?post=4298"},{"taxonomy":"product_cat","embeddable":true,"href":"https:\/\/legitgrams.com\/fr\/wp-json\/wp\/v2\/product_cat?post=4298"},{"taxonomy":"product_tag","embeddable":true,"href":"https:\/\/legitgrams.com\/fr\/wp-json\/wp\/v2\/product_tag?post=4298"}],"curies":[{"name":"wp","href":"https:\/\/api.w.org\/{rel}","templated":true}]}}