{"id":4300,"date":"2024-09-22T10:04:17","date_gmt":"2024-09-22T10:04:17","guid":{"rendered":"https:\/\/legitgrams.com\/?post_type=product&#038;p=4300"},"modified":"2026-02-28T13:28:54","modified_gmt":"2026-02-28T13:28:54","slug":"arctic-wolf-heroin-70-pure","status":"publish","type":"product","link":"https:\/\/legitgrams.com\/fr\/produit\/arctic-wolf-heroin-70-pure\/","title":{"rendered":"Buy Arctic Wolf Heroin 70% Pure Online"},"content":{"rendered":"<h2>Vente d'h\u00e9ro\u00efne Arctic Wolf pure \u00e0 70 %<\/h2>\n<p>Nous sommes l'un des fournisseurs les plus respect\u00e9s et les plus fiables d'h\u00e9ro\u00efne Arctic Wolf brute et non coup\u00e9e. <a href=\"https:\/\/legitgrams.com\/fr\/produit\/arctic-wolf-heroin-70-pure\/\">H\u00e9ro\u00efne du loup arctique<\/a> est une d\u00e9couverte unique aux propri\u00e9t\u00e9s uniques. Procurez-vous plut\u00f4t de l'h\u00e9ro\u00efne d'Arctic Wolf. Nous garantissons une h\u00e9ro\u00efne de loup polaire de qualit\u00e9 sup\u00e9rieure avec une puret\u00e9 de plus de 99 % en l'important directement du producteur. Lorsque vous achetez de l'h\u00e9ro\u00efne d'Arctic Wolf chez nous, nous vous promettons la meilleure qualit\u00e9, la meilleure puret\u00e9, un traitement de paiement s\u00e9curis\u00e9 et une livraison rapide du jour au lendemain vers tous les march\u00e9s des \u00c9tats-Unis\/Canada, du Royaume-Uni, d'Europe, de Russie et d'Australie.<\/p>\n<h3>Achetez de l'h\u00e9ro\u00efne Arctic Wolk pure \u00e0 80 %.<\/h3>\n<p>70% pur <a href=\"https:\/\/en.wikipedia.org\/wiki\/Arctic\">Arctique<\/a> L'h\u00e9ro\u00efne de Wolf peut \u00eatre achet\u00e9e en ligne. Achetez simplement de l'h\u00e9ro\u00efne de Wolf et de l'h\u00e9ro\u00efne Arctic Wolf pure \u00e0 70 %. O\u00f9 puis-je acheter de l'h\u00e9ro\u00efne Arctic Wolf pure \u00e0 70 % en ligne ? O\u00f9 puis-je acheter de l'h\u00e9ro\u00efne Arctic Wolf pure \u00e0 70 % en ligne ? O\u00f9 puis-je acheter de l'h\u00e9ro\u00efne Arctic Wolf pure \u00e0 70 % en ligne ? O\u00f9 puis-je acheter de l'h\u00e9ro\u00efne Arctic Wolf pure \u00e0 70 % en ligne ? O\u00f9 puis-je acheter de l'h\u00e9ro\u00efne Arctic Wolf pure \u00e0 70 % en ligne ? Dans quelle mesure le processus d'exp\u00e9dition est-il s\u00e9curis\u00e9 ? Il existe toujours de l'h\u00e9ro\u00efne Arctic Wolf pure \u00e0 70 %. Les \u00c9tats-Unis autorisent-ils la vente d'h\u00e9ro\u00efne Arctic Wolf pure \u00e0 70 % ? Quelle est la proc\u00e9dure \u00e0 suivre pour commander de l'h\u00e9ro\u00efne Arctic Wolf pure \u00e0 70 % en ligne ? L'utilisation d'h\u00e9ro\u00efne Arctic Wolf pure \u00e0 70 % est-elle l\u00e9gale au Canada ? <a href=\"https:\/\/legitgrams.com\/fr\/\">LegitGrams<\/a><\/p>\n<p>&nbsp;<\/p>","protected":false},"excerpt":{"rendered":"<p>70% Pure Arctic Wolf Heroin for Sale We are one of the most respected and reliable suppliers of uncut and raw Arctic Wolf Heroin. Our arctic wolf heroin is a unique discovery with unique properties. Get Heroin from Arctic Wolf instead. We guarantee superior polar wolf heroin with over 99% purity by importing directly from &hellip;<\/p>\n<p class=\"read-more\"> <a class=\"\" href=\"https:\/\/legitgrams.com\/fr\/produit\/arctic-wolf-heroin-70-pure\/\"> <span class=\"screen-reader-text\">Buy Arctic Wolf Heroin 70% Pure Online<\/span> Lire la suite \"<\/a><\/p>","protected":false},"featured_media":5334,"comment_status":"open","ping_status":"closed","template":"","meta":{"_uag_custom_page_level_css":"","site-sidebar-layout":"default","site-content-layout":"default","ast-global-header-display":"","ast-main-header-display":"","ast-hfb-above-header-display":"","ast-hfb-below-header-display":"","ast-hfb-mobile-header-display":"","site-post-title":"","ast-breadcrumbs-content":"","ast-featured-img":"","footer-sml-layout":"","theme-transparent-header-meta":"default","adv-header-id-meta":"","stick-header-meta":"default","header-above-stick-meta":"","header-main-stick-meta":"","header-below-stick-meta":"","_joinchat":[]},"product_brand":[],"product_cat":[601],"product_tag":[811,835,823,818,833,834,832,815,814,813,824,829,826,831,821,617,812,828,825,820,817,830,827,625,819,822,816],"class_list":{"0":"post-4300","1":"product","2":"type-product","3":"status-publish","4":"has-post-thumbnail","6":"product_cat-heroine","7":"product_tag-arctic-wolf-heroin-70-pure","8":"product_tag-arctic-wolf-heroin-70-pure-for-sale","9":"product_tag-arctic-wolf-heroin-70-pure-legally","10":"product_tag-arctic-wolf-heroin-70-pure-online","11":"product_tag-arctic-wolf-heroin-70-pure-use","12":"product_tag-arctic-wolf-heroin-70-pure-wiki","13":"product_tag-arctic-wolf-heroin-70-pure-worldwide","14":"product_tag-arctic-wolf-heroin-70-purearctic-wolf-heroin-70-puresupplier","15":"product_tag-arctic-wolf-heroin-70-purefor-sale","16":"product_tag-arctic-wolf-heroin-70-pureonline","17":"product_tag-arctic-wolf-heroin-70-pureprice","18":"product_tag-arctic-wolf-heroin-70-pures","19":"product_tag-arctic-wolf-heroin-70-purestore","20":"product_tag-best-cheap-price-arctic-wolf-heroin-70-pure","21":"product_tag-best-place-to-buy-arctic-wolf-heroin-70-pure","22":"product_tag-bulk-online","23":"product_tag-buy-arctic-wolf-heroin-70-pure","24":"product_tag-cheap-arctic-wolf-heroin-70-pure","25":"product_tag-high-quality-arctic-wolf-heroin-70-pure","26":"product_tag-how-to-buy-arctic-wolf-heroin-70-pure","27":"product_tag-order-arctic-wolf-heroin-70-pure","28":"product_tag-purcharse-arctic-wolf-heroin-70-pure","29":"product_tag-shop-arctic-wolf-heroin-70-pure","30":"product_tag-top-quality","31":"product_tag-where-to-buy-arctic-wolf-heroin-70-pure","32":"product_tag-where-to-order-arctic-wolf-heroin-70-pure","33":"product_tag-wholesale-arctic-wolf-heroin-70-pure","34":"desktop-align-left","35":"tablet-align-left","36":"mobile-align-left","37":"ast-product-gallery-layout-horizontal","38":"ast-product-gallery-with-no-image","39":"ast-product-single-variable","40":"ast-product-tabs-layout-horizontal","41":"ast-qv-on-image","43":"first","44":"instock","45":"shipping-taxable","46":"purchasable","47":"product-type-variable"},"yoast_head":"<!-- This site is optimized with the Yoast SEO plugin v25.9 - https:\/\/yoast.com\/wordpress\/plugins\/seo\/ -->\n<title>Arctic Wolf Heroin for Sale - Buy Arctic Wolf Heroin Online | LG<\/title>\n<meta name=\"description\" content=\"Looking to buy arctic wolf heroin 70% pure online at a reasonable price? Visit our reputable Legitgrams online store and get arctic wolf heroin for sale today. Place an order now!\" \/>\n<meta name=\"robots\" content=\"index, follow, max-snippet:-1, max-image-preview:large, max-video-preview:-1\" \/>\n<link rel=\"canonical\" href=\"https:\/\/legitgrams.com\/fr\/produit\/arctic-wolf-heroin-70-pure\/\" \/>\n<meta property=\"og:locale\" content=\"fr_FR\" \/>\n<meta property=\"og:type\" content=\"article\" \/>\n<meta property=\"og:title\" content=\"Arctic Wolf Heroin for Sale - Buy Arctic Wolf Heroin Online | LG\" \/>\n<meta property=\"og:description\" content=\"Looking to buy arctic wolf heroin 70% pure online at a reasonable price? Visit our reputable Legitgrams online store and get arctic wolf heroin for sale today. Place an order now!\" \/>\n<meta property=\"og:url\" content=\"https:\/\/legitgrams.com\/fr\/produit\/arctic-wolf-heroin-70-pure\/\" \/>\n<meta property=\"og:site_name\" content=\"Legit Grams\" \/>\n<meta property=\"article:modified_time\" content=\"2026-02-28T13:28:54+00:00\" \/>\n<meta property=\"og:image\" content=\"https:\/\/legitgrams.com\/wp-content\/uploads\/2024\/09\/Buy-Arctic-Wolf-Heroin-70-pure.jpg\" \/>\n\t<meta property=\"og:image:width\" content=\"600\" \/>\n\t<meta property=\"og:image:height\" content=\"600\" \/>\n\t<meta property=\"og:image:type\" content=\"image\/jpeg\" \/>\n<meta name=\"twitter:card\" content=\"summary_large_image\" \/>\n<meta name=\"twitter:label1\" content=\"Dur\u00e9e de lecture est.\" \/>\n\t<meta name=\"twitter:data1\" content=\"2 minutes\" \/>\n<script type=\"application\/ld+json\" class=\"yoast-schema-graph\">{\"@context\":\"https:\/\/schema.org\",\"@graph\":[{\"@type\":\"WebPage\",\"@id\":\"https:\/\/legitgrams.com\/product\/arctic-wolf-heroin-70-pure\/\",\"url\":\"https:\/\/legitgrams.com\/product\/arctic-wolf-heroin-70-pure\/\",\"name\":\"Arctic Wolf Heroin for Sale - Buy Arctic Wolf Heroin Online | LG\",\"isPartOf\":{\"@id\":\"https:\/\/legitgrams.com\/#website\"},\"primaryImageOfPage\":{\"@id\":\"https:\/\/legitgrams.com\/product\/arctic-wolf-heroin-70-pure\/#primaryimage\"},\"image\":{\"@id\":\"https:\/\/legitgrams.com\/product\/arctic-wolf-heroin-70-pure\/#primaryimage\"},\"thumbnailUrl\":\"https:\/\/legitgrams.com\/wp-content\/uploads\/2024\/09\/Buy-Arctic-Wolf-Heroin-70-pure.jpg\",\"datePublished\":\"2024-09-22T10:04:17+00:00\",\"dateModified\":\"2026-02-28T13:28:54+00:00\",\"description\":\"Looking to buy arctic wolf heroin 70% pure online at a reasonable price? Visit our reputable Legitgrams online store and get arctic wolf heroin for sale today. Place an order now!\",\"breadcrumb\":{\"@id\":\"https:\/\/legitgrams.com\/product\/arctic-wolf-heroin-70-pure\/#breadcrumb\"},\"inLanguage\":\"fr-BE\",\"potentialAction\":[{\"@type\":\"ReadAction\",\"target\":[\"https:\/\/legitgrams.com\/product\/arctic-wolf-heroin-70-pure\/\"]}]},{\"@type\":\"ImageObject\",\"inLanguage\":\"fr-BE\",\"@id\":\"https:\/\/legitgrams.com\/product\/arctic-wolf-heroin-70-pure\/#primaryimage\",\"url\":\"https:\/\/legitgrams.com\/wp-content\/uploads\/2024\/09\/Buy-Arctic-Wolf-Heroin-70-pure.jpg\",\"contentUrl\":\"https:\/\/legitgrams.com\/wp-content\/uploads\/2024\/09\/Buy-Arctic-Wolf-Heroin-70-pure.jpg\",\"width\":600,\"height\":600,\"caption\":\"Arctic Wolf Heroin 70% Pure for Sale\"},{\"@type\":\"BreadcrumbList\",\"@id\":\"https:\/\/legitgrams.com\/product\/arctic-wolf-heroin-70-pure\/#breadcrumb\",\"itemListElement\":[{\"@type\":\"ListItem\",\"position\":1,\"name\":\"Home\",\"item\":\"https:\/\/legitgrams.com\/\"},{\"@type\":\"ListItem\",\"position\":2,\"name\":\"Shop\",\"item\":\"https:\/\/legitgrams.com\/shop\/\"},{\"@type\":\"ListItem\",\"position\":3,\"name\":\"Buy Arctic Wolf Heroin 70% Pure Online\"}]},{\"@type\":\"WebSite\",\"@id\":\"https:\/\/legitgrams.com\/#website\",\"url\":\"https:\/\/legitgrams.com\/\",\"name\":\"Legit Grams\",\"description\":\"My WordPress Blog\",\"publisher\":{\"@id\":\"https:\/\/legitgrams.com\/#organization\"},\"potentialAction\":[{\"@type\":\"SearchAction\",\"target\":{\"@type\":\"EntryPoint\",\"urlTemplate\":\"https:\/\/legitgrams.com\/?s={search_term_string}\"},\"query-input\":{\"@type\":\"PropertyValueSpecification\",\"valueRequired\":true,\"valueName\":\"search_term_string\"}}],\"inLanguage\":\"fr-BE\"},{\"@type\":\"Organization\",\"@id\":\"https:\/\/legitgrams.com\/#organization\",\"name\":\"Legit Grams\",\"url\":\"https:\/\/legitgrams.com\/\",\"logo\":{\"@type\":\"ImageObject\",\"inLanguage\":\"fr-BE\",\"@id\":\"https:\/\/legitgrams.com\/#\/schema\/logo\/image\/\",\"url\":\"https:\/\/legitgrams.com\/wp-content\/uploads\/2024\/09\/main-logo.png\",\"contentUrl\":\"https:\/\/legitgrams.com\/wp-content\/uploads\/2024\/09\/main-logo.png\",\"width\":270,\"height\":75,\"caption\":\"Legit Grams\"},\"image\":{\"@id\":\"https:\/\/legitgrams.com\/#\/schema\/logo\/image\/\"}}]}<\/script>\n<!-- \/ Yoast SEO plugin. -->","yoast_head_json":{"title":"Arctic Wolf Heroin for Sale - Acheter Arctic Wolf Heroin Online | LG","description":"Vous cherchez \u00e0 acheter arctic wolf heroin 70% pure en ligne \u00e0 un prix raisonnable ? Visitez notre boutique en ligne Legitgrams et obtenez arctic wolf heroin \u00e0 vendre aujourd'hui. Passez votre commande maintenant !","robots":{"index":"index","follow":"follow","max-snippet":"max-snippet:-1","max-image-preview":"max-image-preview:large","max-video-preview":"max-video-preview:-1"},"canonical":"https:\/\/legitgrams.com\/fr\/produit\/arctic-wolf-heroin-70-pure\/","og_locale":"fr_FR","og_type":"article","og_title":"Arctic Wolf Heroin for Sale - Buy Arctic Wolf Heroin Online | LG","og_description":"Looking to buy arctic wolf heroin 70% pure online at a reasonable price? Visit our reputable Legitgrams online store and get arctic wolf heroin for sale today. Place an order now!","og_url":"https:\/\/legitgrams.com\/fr\/produit\/arctic-wolf-heroin-70-pure\/","og_site_name":"Legit Grams","article_modified_time":"2026-02-28T13:28:54+00:00","og_image":[{"width":600,"height":600,"url":"https:\/\/legitgrams.com\/wp-content\/uploads\/2024\/09\/Buy-Arctic-Wolf-Heroin-70-pure.jpg","type":"image\/jpeg"}],"twitter_card":"summary_large_image","twitter_misc":{"Dur\u00e9e de lecture est.":"2 minutes"},"schema":{"@context":"https:\/\/schema.org","@graph":[{"@type":"WebPage","@id":"https:\/\/legitgrams.com\/product\/arctic-wolf-heroin-70-pure\/","url":"https:\/\/legitgrams.com\/product\/arctic-wolf-heroin-70-pure\/","name":"Arctic Wolf Heroin for Sale - Acheter Arctic Wolf Heroin Online | LG","isPartOf":{"@id":"https:\/\/legitgrams.com\/#website"},"primaryImageOfPage":{"@id":"https:\/\/legitgrams.com\/product\/arctic-wolf-heroin-70-pure\/#primaryimage"},"image":{"@id":"https:\/\/legitgrams.com\/product\/arctic-wolf-heroin-70-pure\/#primaryimage"},"thumbnailUrl":"https:\/\/legitgrams.com\/wp-content\/uploads\/2024\/09\/Buy-Arctic-Wolf-Heroin-70-pure.jpg","datePublished":"2024-09-22T10:04:17+00:00","dateModified":"2026-02-28T13:28:54+00:00","description":"Vous cherchez \u00e0 acheter arctic wolf heroin 70% pure en ligne \u00e0 un prix raisonnable ? Visitez notre boutique en ligne Legitgrams et obtenez arctic wolf heroin \u00e0 vendre aujourd'hui. Passez votre commande maintenant !","breadcrumb":{"@id":"https:\/\/legitgrams.com\/product\/arctic-wolf-heroin-70-pure\/#breadcrumb"},"inLanguage":"fr-BE","potentialAction":[{"@type":"ReadAction","target":["https:\/\/legitgrams.com\/product\/arctic-wolf-heroin-70-pure\/"]}]},{"@type":"ImageObject","inLanguage":"fr-BE","@id":"https:\/\/legitgrams.com\/product\/arctic-wolf-heroin-70-pure\/#primaryimage","url":"https:\/\/legitgrams.com\/wp-content\/uploads\/2024\/09\/Buy-Arctic-Wolf-Heroin-70-pure.jpg","contentUrl":"https:\/\/legitgrams.com\/wp-content\/uploads\/2024\/09\/Buy-Arctic-Wolf-Heroin-70-pure.jpg","width":600,"height":600,"caption":"Arctic Wolf Heroin 70% Pure for Sale"},{"@type":"BreadcrumbList","@id":"https:\/\/legitgrams.com\/product\/arctic-wolf-heroin-70-pure\/#breadcrumb","itemListElement":[{"@type":"ListItem","position":1,"name":"Home","item":"https:\/\/legitgrams.com\/"},{"@type":"ListItem","position":2,"name":"Shop","item":"https:\/\/legitgrams.com\/shop\/"},{"@type":"ListItem","position":3,"name":"Buy Arctic Wolf Heroin 70% Pure Online"}]},{"@type":"WebSite","@id":"https:\/\/legitgrams.com\/#website","url":"https:\/\/legitgrams.com\/","name":"Les grammes l\u00e9gitimes","description":"Mon blog WordPress","publisher":{"@id":"https:\/\/legitgrams.com\/#organization"},"potentialAction":[{"@type":"SearchAction","target":{"@type":"EntryPoint","urlTemplate":"https:\/\/legitgrams.com\/?s={search_term_string}"},"query-input":{"@type":"PropertyValueSpecification","valueRequired":true,"valueName":"search_term_string"}}],"inLanguage":"fr-BE"},{"@type":"Organization","@id":"https:\/\/legitgrams.com\/#organization","name":"Les grammes l\u00e9gitimes","url":"https:\/\/legitgrams.com\/","logo":{"@type":"ImageObject","inLanguage":"fr-BE","@id":"https:\/\/legitgrams.com\/#\/schema\/logo\/image\/","url":"https:\/\/legitgrams.com\/wp-content\/uploads\/2024\/09\/main-logo.png","contentUrl":"https:\/\/legitgrams.com\/wp-content\/uploads\/2024\/09\/main-logo.png","width":270,"height":75,"caption":"Legit Grams"},"image":{"@id":"https:\/\/legitgrams.com\/#\/schema\/logo\/image\/"}}]}},"uagb_featured_image_src":{"full":["https:\/\/legitgrams.com\/wp-content\/uploads\/2024\/09\/Buy-Arctic-Wolf-Heroin-70-pure.jpg",600,600,false],"thumbnail":["https:\/\/legitgrams.com\/wp-content\/uploads\/2024\/09\/Buy-Arctic-Wolf-Heroin-70-pure-150x150.jpg",150,150,true],"medium":["https:\/\/legitgrams.com\/wp-content\/uploads\/2024\/09\/Buy-Arctic-Wolf-Heroin-70-pure-300x300.jpg",300,300,true],"medium_large":["https:\/\/legitgrams.com\/wp-content\/uploads\/2024\/09\/Buy-Arctic-Wolf-Heroin-70-pure.jpg",600,600,false],"large":["https:\/\/legitgrams.com\/wp-content\/uploads\/2024\/09\/Buy-Arctic-Wolf-Heroin-70-pure.jpg",600,600,false],"1536x1536":["https:\/\/legitgrams.com\/wp-content\/uploads\/2024\/09\/Buy-Arctic-Wolf-Heroin-70-pure.jpg",600,600,false],"2048x2048":["https:\/\/legitgrams.com\/wp-content\/uploads\/2024\/09\/Buy-Arctic-Wolf-Heroin-70-pure.jpg",600,600,false],"trp-custom-language-flag":["https:\/\/legitgrams.com\/wp-content\/uploads\/2024\/09\/Buy-Arctic-Wolf-Heroin-70-pure-12x12.jpg",12,12,true],"woocommerce_thumbnail":["https:\/\/legitgrams.com\/wp-content\/uploads\/2024\/09\/Buy-Arctic-Wolf-Heroin-70-pure-300x300.jpg",300,300,true],"woocommerce_single":["https:\/\/legitgrams.com\/wp-content\/uploads\/2024\/09\/Buy-Arctic-Wolf-Heroin-70-pure.jpg",600,600,false],"woocommerce_gallery_thumbnail":["https:\/\/legitgrams.com\/wp-content\/uploads\/2024\/09\/Buy-Arctic-Wolf-Heroin-70-pure-100x100.jpg",100,100,true]},"uagb_author_info":{"display_name":"cokeblog18","author_link":"https:\/\/legitgrams.com\/fr\/author\/"},"uagb_comment_info":0,"uagb_excerpt":"70% Pure Arctic Wolf Heroin for Sale We are one of the most respected and reliable suppliers of uncut and raw Arctic Wolf Heroin. Our arctic wolf heroin is a unique discovery with unique properties. Get Heroin from Arctic Wolf instead. We guarantee superior polar wolf heroin with over 99% purity by importing directly from&hellip;","_links":{"self":[{"href":"https:\/\/legitgrams.com\/fr\/wp-json\/wp\/v2\/product\/4300","targetHints":{"allow":["GET"]}}],"collection":[{"href":"https:\/\/legitgrams.com\/fr\/wp-json\/wp\/v2\/product"}],"about":[{"href":"https:\/\/legitgrams.com\/fr\/wp-json\/wp\/v2\/types\/product"}],"replies":[{"embeddable":true,"href":"https:\/\/legitgrams.com\/fr\/wp-json\/wp\/v2\/comments?post=4300"}],"wp:featuredmedia":[{"embeddable":true,"href":"https:\/\/legitgrams.com\/fr\/wp-json\/wp\/v2\/media\/5334"}],"wp:attachment":[{"href":"https:\/\/legitgrams.com\/fr\/wp-json\/wp\/v2\/media?parent=4300"}],"wp:term":[{"taxonomy":"product_brand","embeddable":true,"href":"https:\/\/legitgrams.com\/fr\/wp-json\/wp\/v2\/product_brand?post=4300"},{"taxonomy":"product_cat","embeddable":true,"href":"https:\/\/legitgrams.com\/fr\/wp-json\/wp\/v2\/product_cat?post=4300"},{"taxonomy":"product_tag","embeddable":true,"href":"https:\/\/legitgrams.com\/fr\/wp-json\/wp\/v2\/product_tag?post=4300"}],"curies":[{"name":"wp","href":"https:\/\/api.w.org\/{rel}","templated":true}]}}