{"id":4308,"date":"2024-09-22T10:23:42","date_gmt":"2024-09-22T10:23:42","guid":{"rendered":"https:\/\/legitgrams.com\/?post_type=product&#038;p=4308"},"modified":"2026-02-26T12:21:25","modified_gmt":"2026-02-26T12:21:25","slug":"cocaine-peruvienne-92-pure","status":"publish","type":"product","link":"https:\/\/legitgrams.com\/fr\/produit\/cocaine-peruvienne-92-pure\/","title":{"rendered":"Acheter Coca\u00efne P\u00e9ruvienne 92% Pure en ligne"},"content":{"rendered":"<h2>Achetez de la coca\u00efne p\u00e9ruvienne pure \u00e0 92 % en ligne<\/h2>\n<p>Extraits de <a href=\"https:\/\/legitgrams.com\/fr\/produit\/cocaine-peruvienne-92-pure\/\">Coca\u00efne p\u00e9ruvienne<\/a> fabriqu\u00e9 \u00e0 partir de la plante de Coca. De nombreux pays occidentaux, comme la Colombie, la Bolivie, le P\u00e9rou, etc. fertilisent cette plante. Mais c'est au P\u00e9rou que se trouve la source la plus importante de coca\u00efne. Ceci en raison de ses nombreuses applications dans la vie quotidienne et de sa puret\u00e9.<\/p>\n<p>De plus, plusieurs entreprises utilisent ce produit seul ou les feuilles de la plante pour cr\u00e9er d\u2019autres produits qu\u2019elles d\u00e9sirent. Coca-Cola, le fabricant de boissons gazeuses le plus c\u00e9l\u00e8bre, a utilis\u00e9 ces feuilles dans sa production jusqu\u2019en 1903. Dans de nombreux autres produits, on l\u2019utilise encore pour renforcer l\u2019effet du produit.<\/p>\n<h3>Consommation de coca\u00efne au P\u00e9rou<\/h3>\n<p>La coca\u00efne p\u00e9ruvienne est l\u2019une des sources de coca\u00efne les plus propres au monde. Elle est utilis\u00e9e comme stimulant pour augmenter la production d\u2019hormones sp\u00e9cifiques dans le cerveau et pour traiter la maladie.<\/p>\n<p>En raison de sa puret\u00e9, elle figure parmi les m\u00e9dicaments tr\u00e8s puissants contenant de la coca\u00efne. Le monde entier la conna\u00eet \u00e9galement en raison de ses qualit\u00e9s psych\u00e9d\u00e9liques. Il s'agit d'une caract\u00e9ristique extr\u00eamement utile pour les humains dans diverses situations et qui les aide \u00e0 se remettre d'un choc de quelque nature que ce soit. <a href=\"https:\/\/legitgrams.com\/fr\/\">LegitGrams<\/a><\/p>\n<h3>Coca\u00efne p\u00e9ruvienne \u00e0 des fins m\u00e9dicales<\/h3>\n<p>La coca\u00efne p\u00e9ruvienne offre plusieurs avantages dans le domaine de la m\u00e9decine. C'est pourquoi les m\u00e9decins la prescrivent et l'utilisent dans de nombreux m\u00e9dicaments pour traiter diverses maladies.<\/p>\n<p>Les m\u00e9decins utilisent ce m\u00e9dicament pour traiter les patients d\u00e9prim\u00e9s et souffrant d'autres formes de douleur. Dans les bars et les clubs de danse, il n'est pas seulement utilis\u00e9 par les professionnels de la sant\u00e9, mais aussi par des personnes ordinaires.<\/p>\n<p>Sa capacit\u00e9 \u00e0 induire une relaxation dans le corps humain la rend populaire aupr\u00e8s des jeunes comme moyen de se d\u00e9tendre. La coca\u00efne est librement accessible \u00e0 tous au P\u00e9rou et peut \u00eatre achet\u00e9e et vendue en ligne.<\/p>\n<p>En outre, notre magasin en ligne offre la livraison la plus rapide possible des produits \u00e0 votre domicile, et ce \u00e0 des prix extr\u00eamement abordables. Nous proposons \u00e9galement le meilleur soda en ligne.<\/p>\n<p>Acheter 92% Coca\u00efne p\u00e9ruvienne pure - Acheter 92% Pure <a href=\"https:\/\/en.wikipedia.org\/wiki\/Cocaine\">Coca\u00efne<\/a>Coca\u00efne p\u00e9ruvienne pure, acheter de la coca\u00efne p\u00e9ruvienne en ligne, O\u00f9 acheter de la coca\u00efne p\u00e9ruvienne pure 92%, Coca\u00efne p\u00e9ruvienne pure 92% \u00e0 vendre, Acheter de la coca\u00efne p\u00e9ruvienne en ligne, O\u00f9 acheter de la coca\u00efne p\u00e9ruvienne en ligne, Coca\u00efne p\u00e9ruvienne pure 92% \u00e0 vendre aux \u00c9tats-Unis, au Canada, au Royaume-Uni, Acheter, en ligne, Fournisseurs, Livraison s\u00e9curis\u00e9e, La coca\u00efne p\u00e9ruvienne pure 92% est toujours disponible. Est-il l\u00e9gal d'acheter 92% pure Peruvian cocoa en ligne aux \u00c9tats-Unis ? Comment puis-je passer une commande de 92% pure Peruvian cocoa ? La coca\u00efne p\u00e9ruvienne pure 92% est-elle autoris\u00e9e au Canada ?<\/p>\n<p>&nbsp;<\/p>","protected":false},"excerpt":{"rendered":"<p>Purchase Peruvian Cocaine 92% Pure Online Extracts of Peruvian cocaine made from the Coca plant. Numerous Western nations, like Colombia, Bolivia, Peru, etc., fertilize this plant. But Peru is home to the most significant source of cocaine. This is because of its many applications in daily life and its purity. Furthermore, several companies employ this &hellip;<\/p>\n<p class=\"read-more\"> <a class=\"\" href=\"https:\/\/legitgrams.com\/fr\/produit\/cocaine-peruvienne-92-pure\/\"> <span class=\"screen-reader-text\">Acheter Coca\u00efne P\u00e9ruvienne 92% Pure en ligne<\/span> Lire la suite \"<\/a><\/p>","protected":false},"featured_media":5437,"comment_status":"open","ping_status":"closed","template":"","meta":{"_uag_custom_page_level_css":"","site-sidebar-layout":"default","site-content-layout":"default","ast-global-header-display":"","ast-main-header-display":"","ast-hfb-above-header-display":"","ast-hfb-below-header-display":"","ast-hfb-mobile-header-display":"","site-post-title":"","ast-breadcrumbs-content":"","ast-featured-img":"","footer-sml-layout":"","theme-transparent-header-meta":"default","adv-header-id-meta":"","stick-header-meta":"default","header-above-stick-meta":"","header-main-stick-meta":"","header-below-stick-meta":"","_joinchat":[]},"product_brand":[],"product_cat":[70],"product_tag":[681,671,617,662,678,675,670,667,661,685,673,668,683,684,682,664,663,665,674,679,676,680,677,625,669,672,666],"class_list":{"0":"post-4308","1":"product","2":"type-product","3":"status-publish","4":"has-post-thumbnail","6":"product_cat-cocaine","7":"product_tag-best-cheap-price-peruvian-cocaine-92-pure","8":"product_tag-best-place-to-buy-peruvian-cocaine-92-pure","9":"product_tag-bulk-online","10":"product_tag-buy-peruvian-cocaine-92-pure","11":"product_tag-cheap-peruvian-cocaine-92-pure","12":"product_tag-high-quality-peruvian-cocaine-92-pure","13":"product_tag-how-to-buy-peruvian-cocaine-92-pure","14":"product_tag-order-peruvian-cocaine-92-pure","15":"product_tag-peruvian-cocaine-92-pure","16":"product_tag-peruvian-cocaine-92-pure-for-sale","17":"product_tag-peruvian-cocaine-92-pure-legally","18":"product_tag-peruvian-cocaine-92-pure-online","19":"product_tag-peruvian-cocaine-92-pure-use","20":"product_tag-peruvian-cocaine-92-pure-wiki","21":"product_tag-peruvian-cocaine-92-pure-worldwide","22":"product_tag-peruvian-cocaine-92-purefor-sale","23":"product_tag-peruvian-cocaine-92-pureonline","24":"product_tag-peruvian-cocaine-92-pureperuvian-cocaine-92-puresupplier","25":"product_tag-peruvian-cocaine-92-pureprice","26":"product_tag-peruvian-cocaine-92-pures","27":"product_tag-peruvian-cocaine-92-purestore","28":"product_tag-purcharse-peruvian-cocaine-92-pure","29":"product_tag-shop-peruvian-cocaine-92-pure","30":"product_tag-top-quality","31":"product_tag-where-to-buy-peruvian-cocaine-92-pure","32":"product_tag-where-to-order-peruvian-cocaine-92-pure","33":"product_tag-wholesale-peruvian-cocaine-92-pure","34":"desktop-align-left","35":"tablet-align-left","36":"mobile-align-left","37":"ast-product-gallery-layout-horizontal","38":"ast-product-gallery-with-no-image","39":"ast-product-single-variable","40":"ast-product-tabs-layout-horizontal","41":"ast-qv-on-image","43":"first","44":"instock","45":"shipping-taxable","46":"purchasable","47":"product-type-variable"},"yoast_head":"<!-- This site is optimized with the Yoast SEO plugin v25.9 - https:\/\/yoast.com\/wordpress\/plugins\/seo\/ -->\n<title>Peruvian Cocaine 92% Pure for Sale - Order Peruvian Cocaine<\/title>\n<meta name=\"description\" content=\"Looking to further your research? Buy Peruvian Cocaine 92% Pure conveniently and securely online, with a straightforward ordering process for Peruvian Cocaine 92% Pure for sale. Explore the possibilities and buy Peruvian Cocaine 92% Pure online for your research endeavors today.\" \/>\n<meta name=\"robots\" content=\"index, follow, max-snippet:-1, max-image-preview:large, max-video-preview:-1\" \/>\n<link rel=\"canonical\" href=\"https:\/\/legitgrams.com\/fr\/produit\/cocaine-peruvienne-92-pure\/\" \/>\n<meta property=\"og:locale\" content=\"fr_FR\" \/>\n<meta property=\"og:type\" content=\"article\" \/>\n<meta property=\"og:title\" content=\"Peruvian Cocaine 92% Pure for Sale - Order Peruvian Cocaine\" \/>\n<meta property=\"og:description\" content=\"Looking to further your research? Buy Peruvian Cocaine 92% Pure conveniently and securely online, with a straightforward ordering process for Peruvian Cocaine 92% Pure for sale. Explore the possibilities and buy Peruvian Cocaine 92% Pure online for your research endeavors today.\" \/>\n<meta property=\"og:url\" content=\"https:\/\/legitgrams.com\/fr\/produit\/cocaine-peruvienne-92-pure\/\" \/>\n<meta property=\"og:site_name\" content=\"Legit Grams\" \/>\n<meta property=\"article:modified_time\" content=\"2026-02-26T12:21:25+00:00\" \/>\n<meta property=\"og:image\" content=\"https:\/\/legitgrams.com\/wp-content\/uploads\/2024\/09\/buy-peruvian-cocaine-92-pure-1.jpg\" \/>\n\t<meta property=\"og:image:width\" content=\"600\" \/>\n\t<meta property=\"og:image:height\" content=\"600\" \/>\n\t<meta property=\"og:image:type\" content=\"image\/jpeg\" \/>\n<meta name=\"twitter:card\" content=\"summary_large_image\" \/>\n<meta name=\"twitter:label1\" content=\"Dur\u00e9e de lecture est.\" \/>\n\t<meta name=\"twitter:data1\" content=\"2 minutes\" \/>\n<script type=\"application\/ld+json\" class=\"yoast-schema-graph\">{\"@context\":\"https:\/\/schema.org\",\"@graph\":[{\"@type\":\"WebPage\",\"@id\":\"https:\/\/legitgrams.com\/product\/peruvian-cocaine-92-pure\/\",\"url\":\"https:\/\/legitgrams.com\/product\/peruvian-cocaine-92-pure\/\",\"name\":\"Peruvian Cocaine 92% Pure for Sale - Order Peruvian Cocaine\",\"isPartOf\":{\"@id\":\"https:\/\/legitgrams.com\/#website\"},\"primaryImageOfPage\":{\"@id\":\"https:\/\/legitgrams.com\/product\/peruvian-cocaine-92-pure\/#primaryimage\"},\"image\":{\"@id\":\"https:\/\/legitgrams.com\/product\/peruvian-cocaine-92-pure\/#primaryimage\"},\"thumbnailUrl\":\"https:\/\/legitgrams.com\/wp-content\/uploads\/2024\/09\/buy-peruvian-cocaine-92-pure-1.jpg\",\"datePublished\":\"2024-09-22T10:23:42+00:00\",\"dateModified\":\"2026-02-26T12:21:25+00:00\",\"description\":\"Looking to further your research? Buy Peruvian Cocaine 92% Pure conveniently and securely online, with a straightforward ordering process for Peruvian Cocaine 92% Pure for sale. Explore the possibilities and buy Peruvian Cocaine 92% Pure online for your research endeavors today.\",\"breadcrumb\":{\"@id\":\"https:\/\/legitgrams.com\/product\/peruvian-cocaine-92-pure\/#breadcrumb\"},\"inLanguage\":\"fr-BE\",\"potentialAction\":[{\"@type\":\"ReadAction\",\"target\":[\"https:\/\/legitgrams.com\/product\/peruvian-cocaine-92-pure\/\"]}]},{\"@type\":\"ImageObject\",\"inLanguage\":\"fr-BE\",\"@id\":\"https:\/\/legitgrams.com\/product\/peruvian-cocaine-92-pure\/#primaryimage\",\"url\":\"https:\/\/legitgrams.com\/wp-content\/uploads\/2024\/09\/buy-peruvian-cocaine-92-pure-1.jpg\",\"contentUrl\":\"https:\/\/legitgrams.com\/wp-content\/uploads\/2024\/09\/buy-peruvian-cocaine-92-pure-1.jpg\",\"width\":600,\"height\":600,\"caption\":\"Buy Peruvian Cocaine 92% Pure Online\"},{\"@type\":\"BreadcrumbList\",\"@id\":\"https:\/\/legitgrams.com\/product\/peruvian-cocaine-92-pure\/#breadcrumb\",\"itemListElement\":[{\"@type\":\"ListItem\",\"position\":1,\"name\":\"Home\",\"item\":\"https:\/\/legitgrams.com\/\"},{\"@type\":\"ListItem\",\"position\":2,\"name\":\"Shop\",\"item\":\"https:\/\/legitgrams.com\/shop\/\"},{\"@type\":\"ListItem\",\"position\":3,\"name\":\"Buy Peruvian Cocaine 92% Pure Online\"}]},{\"@type\":\"WebSite\",\"@id\":\"https:\/\/legitgrams.com\/#website\",\"url\":\"https:\/\/legitgrams.com\/\",\"name\":\"Legit Grams\",\"description\":\"My WordPress Blog\",\"publisher\":{\"@id\":\"https:\/\/legitgrams.com\/#organization\"},\"potentialAction\":[{\"@type\":\"SearchAction\",\"target\":{\"@type\":\"EntryPoint\",\"urlTemplate\":\"https:\/\/legitgrams.com\/?s={search_term_string}\"},\"query-input\":{\"@type\":\"PropertyValueSpecification\",\"valueRequired\":true,\"valueName\":\"search_term_string\"}}],\"inLanguage\":\"fr-BE\"},{\"@type\":\"Organization\",\"@id\":\"https:\/\/legitgrams.com\/#organization\",\"name\":\"Legit Grams\",\"url\":\"https:\/\/legitgrams.com\/\",\"logo\":{\"@type\":\"ImageObject\",\"inLanguage\":\"fr-BE\",\"@id\":\"https:\/\/legitgrams.com\/#\/schema\/logo\/image\/\",\"url\":\"https:\/\/legitgrams.com\/wp-content\/uploads\/2024\/09\/main-logo.png\",\"contentUrl\":\"https:\/\/legitgrams.com\/wp-content\/uploads\/2024\/09\/main-logo.png\",\"width\":270,\"height\":75,\"caption\":\"Legit Grams\"},\"image\":{\"@id\":\"https:\/\/legitgrams.com\/#\/schema\/logo\/image\/\"}}]}<\/script>\n<!-- \/ Yoast SEO plugin. -->","yoast_head_json":{"title":"Peruvian Cocaine 92% Pure for Sale - Commander Peruvian Cocaine","description":"Vous souhaitez approfondir vos recherches ? Achetez Peruvian Cocaine 92% Pure en ligne de mani\u00e8re pratique et s\u00e9curis\u00e9e, avec un processus de commande simple pour Peruvian Cocaine 92% Pure \u00e0 vendre. Explorez les possibilit\u00e9s et achetez Peruvian Cocaine 92% Pure en ligne pour vos recherches d\u00e8s aujourd'hui.","robots":{"index":"index","follow":"follow","max-snippet":"max-snippet:-1","max-image-preview":"max-image-preview:large","max-video-preview":"max-video-preview:-1"},"canonical":"https:\/\/legitgrams.com\/fr\/produit\/cocaine-peruvienne-92-pure\/","og_locale":"fr_FR","og_type":"article","og_title":"Peruvian Cocaine 92% Pure for Sale - Order Peruvian Cocaine","og_description":"Looking to further your research? Buy Peruvian Cocaine 92% Pure conveniently and securely online, with a straightforward ordering process for Peruvian Cocaine 92% Pure for sale. Explore the possibilities and buy Peruvian Cocaine 92% Pure online for your research endeavors today.","og_url":"https:\/\/legitgrams.com\/fr\/produit\/cocaine-peruvienne-92-pure\/","og_site_name":"Legit Grams","article_modified_time":"2026-02-26T12:21:25+00:00","og_image":[{"width":600,"height":600,"url":"https:\/\/legitgrams.com\/wp-content\/uploads\/2024\/09\/buy-peruvian-cocaine-92-pure-1.jpg","type":"image\/jpeg"}],"twitter_card":"summary_large_image","twitter_misc":{"Dur\u00e9e de lecture est.":"2 minutes"},"schema":{"@context":"https:\/\/schema.org","@graph":[{"@type":"WebPage","@id":"https:\/\/legitgrams.com\/product\/peruvian-cocaine-92-pure\/","url":"https:\/\/legitgrams.com\/product\/peruvian-cocaine-92-pure\/","name":"Peruvian Cocaine 92% Pure for Sale - Commander Peruvian Cocaine","isPartOf":{"@id":"https:\/\/legitgrams.com\/#website"},"primaryImageOfPage":{"@id":"https:\/\/legitgrams.com\/product\/peruvian-cocaine-92-pure\/#primaryimage"},"image":{"@id":"https:\/\/legitgrams.com\/product\/peruvian-cocaine-92-pure\/#primaryimage"},"thumbnailUrl":"https:\/\/legitgrams.com\/wp-content\/uploads\/2024\/09\/buy-peruvian-cocaine-92-pure-1.jpg","datePublished":"2024-09-22T10:23:42+00:00","dateModified":"2026-02-26T12:21:25+00:00","description":"Vous souhaitez approfondir vos recherches ? Achetez Peruvian Cocaine 92% Pure en ligne de mani\u00e8re pratique et s\u00e9curis\u00e9e, avec un processus de commande simple pour Peruvian Cocaine 92% Pure \u00e0 vendre. Explorez les possibilit\u00e9s et achetez Peruvian Cocaine 92% Pure en ligne pour vos recherches d\u00e8s aujourd'hui.","breadcrumb":{"@id":"https:\/\/legitgrams.com\/product\/peruvian-cocaine-92-pure\/#breadcrumb"},"inLanguage":"fr-BE","potentialAction":[{"@type":"ReadAction","target":["https:\/\/legitgrams.com\/product\/peruvian-cocaine-92-pure\/"]}]},{"@type":"ImageObject","inLanguage":"fr-BE","@id":"https:\/\/legitgrams.com\/product\/peruvian-cocaine-92-pure\/#primaryimage","url":"https:\/\/legitgrams.com\/wp-content\/uploads\/2024\/09\/buy-peruvian-cocaine-92-pure-1.jpg","contentUrl":"https:\/\/legitgrams.com\/wp-content\/uploads\/2024\/09\/buy-peruvian-cocaine-92-pure-1.jpg","width":600,"height":600,"caption":"Buy Peruvian Cocaine 92% Pure Online"},{"@type":"BreadcrumbList","@id":"https:\/\/legitgrams.com\/product\/peruvian-cocaine-92-pure\/#breadcrumb","itemListElement":[{"@type":"ListItem","position":1,"name":"Home","item":"https:\/\/legitgrams.com\/"},{"@type":"ListItem","position":2,"name":"Shop","item":"https:\/\/legitgrams.com\/shop\/"},{"@type":"ListItem","position":3,"name":"Buy Peruvian Cocaine 92% Pure Online"}]},{"@type":"WebSite","@id":"https:\/\/legitgrams.com\/#website","url":"https:\/\/legitgrams.com\/","name":"Les grammes l\u00e9gitimes","description":"Mon blog WordPress","publisher":{"@id":"https:\/\/legitgrams.com\/#organization"},"potentialAction":[{"@type":"SearchAction","target":{"@type":"EntryPoint","urlTemplate":"https:\/\/legitgrams.com\/?s={search_term_string}"},"query-input":{"@type":"PropertyValueSpecification","valueRequired":true,"valueName":"search_term_string"}}],"inLanguage":"fr-BE"},{"@type":"Organization","@id":"https:\/\/legitgrams.com\/#organization","name":"Les grammes l\u00e9gitimes","url":"https:\/\/legitgrams.com\/","logo":{"@type":"ImageObject","inLanguage":"fr-BE","@id":"https:\/\/legitgrams.com\/#\/schema\/logo\/image\/","url":"https:\/\/legitgrams.com\/wp-content\/uploads\/2024\/09\/main-logo.png","contentUrl":"https:\/\/legitgrams.com\/wp-content\/uploads\/2024\/09\/main-logo.png","width":270,"height":75,"caption":"Legit Grams"},"image":{"@id":"https:\/\/legitgrams.com\/#\/schema\/logo\/image\/"}}]}},"uagb_featured_image_src":{"full":["https:\/\/legitgrams.com\/wp-content\/uploads\/2024\/09\/buy-peruvian-cocaine-92-pure-1.jpg",600,600,false],"thumbnail":["https:\/\/legitgrams.com\/wp-content\/uploads\/2024\/09\/buy-peruvian-cocaine-92-pure-1-150x150.jpg",150,150,true],"medium":["https:\/\/legitgrams.com\/wp-content\/uploads\/2024\/09\/buy-peruvian-cocaine-92-pure-1-300x300.jpg",300,300,true],"medium_large":["https:\/\/legitgrams.com\/wp-content\/uploads\/2024\/09\/buy-peruvian-cocaine-92-pure-1.jpg",600,600,false],"large":["https:\/\/legitgrams.com\/wp-content\/uploads\/2024\/09\/buy-peruvian-cocaine-92-pure-1.jpg",600,600,false],"1536x1536":["https:\/\/legitgrams.com\/wp-content\/uploads\/2024\/09\/buy-peruvian-cocaine-92-pure-1.jpg",600,600,false],"2048x2048":["https:\/\/legitgrams.com\/wp-content\/uploads\/2024\/09\/buy-peruvian-cocaine-92-pure-1.jpg",600,600,false],"trp-custom-language-flag":["https:\/\/legitgrams.com\/wp-content\/uploads\/2024\/09\/buy-peruvian-cocaine-92-pure-1-12x12.jpg",12,12,true],"woocommerce_thumbnail":["https:\/\/legitgrams.com\/wp-content\/uploads\/2024\/09\/buy-peruvian-cocaine-92-pure-1-300x300.jpg",300,300,true],"woocommerce_single":["https:\/\/legitgrams.com\/wp-content\/uploads\/2024\/09\/buy-peruvian-cocaine-92-pure-1.jpg",600,600,false],"woocommerce_gallery_thumbnail":["https:\/\/legitgrams.com\/wp-content\/uploads\/2024\/09\/buy-peruvian-cocaine-92-pure-1-100x100.jpg",100,100,true]},"uagb_author_info":{"display_name":"cokeblog18","author_link":"https:\/\/legitgrams.com\/fr\/author\/"},"uagb_comment_info":0,"uagb_excerpt":"Purchase Peruvian Cocaine 92% Pure Online Extracts of Peruvian cocaine made from the Coca plant. Numerous Western nations, like Colombia, Bolivia, Peru, etc., fertilize this plant. But Peru is home to the most significant source of cocaine. This is because of its many applications in daily life and its purity. Furthermore, several companies employ this&hellip;","_links":{"self":[{"href":"https:\/\/legitgrams.com\/fr\/wp-json\/wp\/v2\/product\/4308","targetHints":{"allow":["GET"]}}],"collection":[{"href":"https:\/\/legitgrams.com\/fr\/wp-json\/wp\/v2\/product"}],"about":[{"href":"https:\/\/legitgrams.com\/fr\/wp-json\/wp\/v2\/types\/product"}],"replies":[{"embeddable":true,"href":"https:\/\/legitgrams.com\/fr\/wp-json\/wp\/v2\/comments?post=4308"}],"wp:featuredmedia":[{"embeddable":true,"href":"https:\/\/legitgrams.com\/fr\/wp-json\/wp\/v2\/media\/5437"}],"wp:attachment":[{"href":"https:\/\/legitgrams.com\/fr\/wp-json\/wp\/v2\/media?parent=4308"}],"wp:term":[{"taxonomy":"product_brand","embeddable":true,"href":"https:\/\/legitgrams.com\/fr\/wp-json\/wp\/v2\/product_brand?post=4308"},{"taxonomy":"product_cat","embeddable":true,"href":"https:\/\/legitgrams.com\/fr\/wp-json\/wp\/v2\/product_cat?post=4308"},{"taxonomy":"product_tag","embeddable":true,"href":"https:\/\/legitgrams.com\/fr\/wp-json\/wp\/v2\/product_tag?post=4308"}],"curies":[{"name":"wp","href":"https:\/\/api.w.org\/{rel}","templated":true}]}}