{"id":4311,"date":"2024-09-22T10:16:26","date_gmt":"2024-09-22T10:16:26","guid":{"rendered":"https:\/\/legitgrams.com\/?post_type=product&#038;p=4311"},"modified":"2025-01-13T09:45:18","modified_gmt":"2025-01-13T09:45:18","slug":"bio-cocaine-86","status":"publish","type":"product","link":"https:\/\/legitgrams.com\/fr\/produit\/bio-cocaine-86\/","title":{"rendered":"Bio Coca\u00efne 86%"},"content":{"rendered":"<h2>\u00c0 vendre : 86% de bio-coca\u00efne<\/h2>\n<p>La coca\u00efne est un stimulant tr\u00e8s puissant utilis\u00e9 pour donner aux gens une structure mentale distinctive et s\u00e9duisante. La coca\u00efne bio permet \u00e0 l'esprit humain de percevoir plus facilement les \u00e9v\u00e9nements quotidiens. La coca\u00efne bio affecte directement le syst\u00e8me nerveux central, tout comme le font les autres stimulants.<\/p>\n<p>L\u2019utilisation de ce stimulant am\u00e9liore certains produits chimiques. La bio-coca\u00efne est \u00e9galement vendue et achet\u00e9e dans le monde entier sous la marque Coke. En plus d\u2019\u00eatre un m\u00e9dicament, elle est \u00e9galement utilis\u00e9e dans la production de plusieurs produits pharmaceutiques. La sant\u00e9 des gens peut grandement b\u00e9n\u00e9ficier de ces m\u00e9dicaments. <a href=\"https:\/\/legitgrams.com\/fr\/produit\/bio-cocaine-86\/\">Coca\u00efne<\/a> ranks second among the most widely used narcotics.<\/p>\n<p>La coca\u00efne bio-86 est l\u2019une des formes de coca\u00efne les plus pures que l\u2019on puisse trouver chimiquement et naturellement. La coca\u00efne bio est utilis\u00e9e comme composant dans de nombreux produits pharmaceutiques en raison de ses propri\u00e9t\u00e9s uniques, notamment sa capacit\u00e9 \u00e0 agir rapidement. C\u2019est un m\u00e9dicament tr\u00e8s puissant con\u00e7u pour r\u00e9duire les effets psychologiques du choc. Cela sugg\u00e8re que la coca\u00efne bio-86 est utilis\u00e9e pour aider l\u2019esprit \u00e0 contr\u00f4ler les \u00e9motions erratiques comme la joie ou la tristesse. L\u2019esprit humain fonctionne \u00e9galement normalement dans ces conditions. Elle est \u00e9galement utilis\u00e9e pour assurer un sommeil paisible et ininterrompu. Ceux qui consomment cette coca\u00efne disent se sentir d\u00e9tendus et heureux.<\/p>\n<p>Sans ordonnance, Bio <a href=\"https:\/\/en.wikipedia.org\/wiki\/Cocaine\">Coca\u00efne<\/a>-86 est \u00e9galement utilis\u00e9 dans les bars et les discoth\u00e8ques pour profiter pleinement de ces festivit\u00e9s. Cette drogue est utilis\u00e9e par les gens pour se d\u00e9tendre apr\u00e8s avoir surmont\u00e9 des obstacles dans la vie. Elle est \u00e9galement applicable pour r\u00e9duire ou \u00e9radiquer la d\u00e9pression passag\u00e8re dans l'esprit des gens. Elle est class\u00e9e deuxi\u00e8me sur la liste des drogues les plus souvent utilis\u00e9es en raison des qualit\u00e9s mentionn\u00e9es pr\u00e9c\u00e9demment. <a href=\"https:\/\/legitgrams.com\/fr\/\">LegitGrams<\/a><\/p>\n<p>Dans certaines conditions, la Bio Cocaine-86 est incontestablement tr\u00e8s b\u00e9n\u00e9fique pour le corps humain ; mais sa surconsommation peut potentiellement avoir des effets n\u00e9fastes sur le bien-\u00eatre physique et \u00e9motionnel. En cas d'utilisation excessive, elle peut provoquer des insomnies. Par cons\u00e9quent, elle ne doit \u00eatre utilis\u00e9e qu'en fonction des besoins du corps humain.<\/p>\n<p>On peut injecter ou sniffer de la Bio Cocaine-86 directement dans une veine. Tout le monde peut facilement l'obtenir sur la boutique en ligne. Nous vendons \u00e9galement de la Bio Cocaine-86 \u00e0 des prix tr\u00e8s abordables via notre boutique en ligne. Gr\u00e2ce \u00e0 notre service de livraison en ligne, vous recevrez votre article extr\u00eamement rapidement.<\/p>\n<p>Commander Bio-Cocaine 86% : Acheter Bio-Cocoine, Acheter Cocaine 86%, Acheter Bio-Cocoine en ligne, O\u00f9 acheter Bio Cocaine 86%, Bio Cocaine 86% \u00e0 vendre, Acheter Cocaine en ligne, O\u00f9 acheter Bio Cocaine 86% \u00e0 vendre aux \u00c9tats-Unis, au Canada et au Royaume-Uni, Acheter en ligne, Fournisseurs, Livraison s\u00e9curis\u00e9e, Bio Cocaine 86% est toujours disponible ; est-ce l\u00e9gal aux \u00c9tats-Unis ? Bio Cocaine 86% est-il disponible en ligne ? Quel est le processus de commande de Bio Cocaine 86% et est-ce l\u00e9gal au Canada ?<\/p>","protected":false},"excerpt":{"rendered":"<p>For Sale: 86% Bio-Cocaine Cocaine is a very strong stimulant that is used to give people a distinctive and seductive mental structure. Bio Cocaine makes it easier for the human mind to perceive everyday occurrences. Bio cocaine affects the central nervous system directly, much like other stimulants do. The use of this stimulant improves some &hellip;<\/p>\n<p class=\"read-more\"> <a class=\"\" href=\"https:\/\/legitgrams.com\/fr\/produit\/bio-cocaine-86\/\"> <span class=\"screen-reader-text\">Bio Coca\u00efne 86%<\/span> Lire la suite \"<\/a><\/p>","protected":false},"featured_media":5328,"comment_status":"open","ping_status":"closed","template":"","meta":{"_uag_custom_page_level_css":"","site-sidebar-layout":"default","site-content-layout":"default","ast-global-header-display":"","ast-main-header-display":"","ast-hfb-above-header-display":"","ast-hfb-below-header-display":"","ast-hfb-mobile-header-display":"","site-post-title":"","ast-breadcrumbs-content":"","ast-featured-img":"","footer-sml-layout":"","theme-transparent-header-meta":"default","adv-header-id-meta":"","stick-header-meta":"default","header-above-stick-meta":"","header-main-stick-meta":"","header-below-stick-meta":"","_joinchat":[]},"product_brand":[],"product_cat":[70],"product_tag":[731,721,711,735,723,718,733,734,732,715,714,713,724,729,726,617,712,728,725,720,717,730,727,625,719,722,716],"class_list":{"0":"post-4311","1":"product","2":"type-product","3":"status-publish","4":"has-post-thumbnail","6":"product_cat-cocaine","7":"product_tag-best-cheap-price-bio-cocaine-86","8":"product_tag-best-place-to-buy-bio-cocaine-86","9":"product_tag-bio-cocaine-86","10":"product_tag-bio-cocaine-86-for-sale","11":"product_tag-bio-cocaine-86-legally","12":"product_tag-bio-cocaine-86-online","13":"product_tag-bio-cocaine-86-use","14":"product_tag-bio-cocaine-86-wiki","15":"product_tag-bio-cocaine-86-worldwide","16":"product_tag-bio-cocaine-86bio-cocaine-86supplier","17":"product_tag-bio-cocaine-86for-sale","18":"product_tag-bio-cocaine-86online","19":"product_tag-bio-cocaine-86price","20":"product_tag-bio-cocaine-86s","21":"product_tag-bio-cocaine-86store","22":"product_tag-bulk-online","23":"product_tag-buy-bio-cocaine-86","24":"product_tag-cheap-bio-cocaine-86","25":"product_tag-high-quality-bio-cocaine-86","26":"product_tag-how-to-buy-bio-cocaine-86","27":"product_tag-order-bio-cocaine-86","28":"product_tag-purcharse-bio-cocaine-86","29":"product_tag-shop-bio-cocaine-86","30":"product_tag-top-quality","31":"product_tag-where-to-buy-bio-cocaine-86","32":"product_tag-where-to-order-bio-cocaine-86","33":"product_tag-wholesale-bio-cocaine-86","34":"desktop-align-left","35":"tablet-align-left","36":"mobile-align-left","37":"ast-product-gallery-layout-horizontal","38":"ast-product-gallery-with-no-image","39":"ast-product-single-variable","40":"ast-product-tabs-layout-horizontal","41":"ast-qv-on-image","43":"first","44":"instock","45":"shipping-taxable","46":"purchasable","47":"product-type-variable"},"yoast_head":"<!-- This site is optimized with the Yoast SEO plugin v25.9 - https:\/\/yoast.com\/wordpress\/plugins\/seo\/ -->\n<title>Bio Cocaine for Sale - Buy Bio Cocaine Online @ Cheap Price<\/title>\n<meta name=\"description\" content=\"You can get bio cocaine for sale at our store and get it at your doorstep without any hassle. We will help you to buy Bbio cocaine online. Get Fast Delivery when you order bio cocaine online!\" \/>\n<meta name=\"robots\" content=\"index, follow, max-snippet:-1, max-image-preview:large, max-video-preview:-1\" \/>\n<link rel=\"canonical\" href=\"https:\/\/legitgrams.com\/fr\/produit\/bio-cocaine-86\/\" \/>\n<meta property=\"og:locale\" content=\"fr_FR\" \/>\n<meta property=\"og:type\" content=\"article\" \/>\n<meta property=\"og:title\" content=\"Bio Cocaine for Sale - Buy Bio Cocaine Online @ Cheap Price\" \/>\n<meta property=\"og:description\" content=\"You can get bio cocaine for sale at our store and get it at your doorstep without any hassle. We will help you to buy Bbio cocaine online. Get Fast Delivery when you order bio cocaine online!\" \/>\n<meta property=\"og:url\" content=\"https:\/\/legitgrams.com\/fr\/produit\/bio-cocaine-86\/\" \/>\n<meta property=\"og:site_name\" content=\"Legit Grams\" \/>\n<meta property=\"article:modified_time\" content=\"2025-01-13T09:45:18+00:00\" \/>\n<meta property=\"og:image\" content=\"https:\/\/legitgrams.com\/wp-content\/uploads\/2024\/09\/Buy-Bio-Cocaine.jpg\" \/>\n\t<meta property=\"og:image:width\" content=\"600\" \/>\n\t<meta property=\"og:image:height\" content=\"600\" \/>\n\t<meta property=\"og:image:type\" content=\"image\/jpeg\" \/>\n<meta name=\"twitter:card\" content=\"summary_large_image\" \/>\n<meta name=\"twitter:label1\" content=\"Dur\u00e9e de lecture est.\" \/>\n\t<meta name=\"twitter:data1\" content=\"3 minutes\" \/>\n<script type=\"application\/ld+json\" class=\"yoast-schema-graph\">{\"@context\":\"https:\/\/schema.org\",\"@graph\":[{\"@type\":\"WebPage\",\"@id\":\"https:\/\/legitgrams.com\/product\/bio-cocaine-86\/\",\"url\":\"https:\/\/legitgrams.com\/product\/bio-cocaine-86\/\",\"name\":\"Bio Cocaine for Sale - Buy Bio Cocaine Online @ Cheap Price\",\"isPartOf\":{\"@id\":\"https:\/\/legitgrams.com\/#website\"},\"primaryImageOfPage\":{\"@id\":\"https:\/\/legitgrams.com\/product\/bio-cocaine-86\/#primaryimage\"},\"image\":{\"@id\":\"https:\/\/legitgrams.com\/product\/bio-cocaine-86\/#primaryimage\"},\"thumbnailUrl\":\"https:\/\/legitgrams.com\/wp-content\/uploads\/2024\/09\/Buy-Bio-Cocaine.jpg\",\"datePublished\":\"2024-09-22T10:16:26+00:00\",\"dateModified\":\"2025-01-13T09:45:18+00:00\",\"description\":\"You can get bio cocaine for sale at our store and get it at your doorstep without any hassle. We will help you to buy Bbio cocaine online. Get Fast Delivery when you order bio cocaine online!\",\"breadcrumb\":{\"@id\":\"https:\/\/legitgrams.com\/product\/bio-cocaine-86\/#breadcrumb\"},\"inLanguage\":\"fr-BE\",\"potentialAction\":[{\"@type\":\"ReadAction\",\"target\":[\"https:\/\/legitgrams.com\/product\/bio-cocaine-86\/\"]}]},{\"@type\":\"ImageObject\",\"inLanguage\":\"fr-BE\",\"@id\":\"https:\/\/legitgrams.com\/product\/bio-cocaine-86\/#primaryimage\",\"url\":\"https:\/\/legitgrams.com\/wp-content\/uploads\/2024\/09\/Buy-Bio-Cocaine.jpg\",\"contentUrl\":\"https:\/\/legitgrams.com\/wp-content\/uploads\/2024\/09\/Buy-Bio-Cocaine.jpg\",\"width\":600,\"height\":600,\"caption\":\"Bio Cocaine 86% for Sale\"},{\"@type\":\"BreadcrumbList\",\"@id\":\"https:\/\/legitgrams.com\/product\/bio-cocaine-86\/#breadcrumb\",\"itemListElement\":[{\"@type\":\"ListItem\",\"position\":1,\"name\":\"Home\",\"item\":\"https:\/\/legitgrams.com\/\"},{\"@type\":\"ListItem\",\"position\":2,\"name\":\"Shop\",\"item\":\"https:\/\/legitgrams.com\/shop\/\"},{\"@type\":\"ListItem\",\"position\":3,\"name\":\"Bio Cocaine 86%\"}]},{\"@type\":\"WebSite\",\"@id\":\"https:\/\/legitgrams.com\/#website\",\"url\":\"https:\/\/legitgrams.com\/\",\"name\":\"Legit Grams\",\"description\":\"My WordPress Blog\",\"publisher\":{\"@id\":\"https:\/\/legitgrams.com\/#organization\"},\"potentialAction\":[{\"@type\":\"SearchAction\",\"target\":{\"@type\":\"EntryPoint\",\"urlTemplate\":\"https:\/\/legitgrams.com\/?s={search_term_string}\"},\"query-input\":{\"@type\":\"PropertyValueSpecification\",\"valueRequired\":true,\"valueName\":\"search_term_string\"}}],\"inLanguage\":\"fr-BE\"},{\"@type\":\"Organization\",\"@id\":\"https:\/\/legitgrams.com\/#organization\",\"name\":\"Legit Grams\",\"url\":\"https:\/\/legitgrams.com\/\",\"logo\":{\"@type\":\"ImageObject\",\"inLanguage\":\"fr-BE\",\"@id\":\"https:\/\/legitgrams.com\/#\/schema\/logo\/image\/\",\"url\":\"https:\/\/legitgrams.com\/wp-content\/uploads\/2024\/09\/main-logo.png\",\"contentUrl\":\"https:\/\/legitgrams.com\/wp-content\/uploads\/2024\/09\/main-logo.png\",\"width\":270,\"height\":75,\"caption\":\"Legit Grams\"},\"image\":{\"@id\":\"https:\/\/legitgrams.com\/#\/schema\/logo\/image\/\"}}]}<\/script>\n<!-- \/ Yoast SEO plugin. -->","yoast_head_json":{"title":"Bio Cocaine for Sale - Acheter Bio Cocaine Online @ Cheap Price","description":"Vous pouvez obtenir de la coca\u00efne biologique en vente dans notre magasin et la recevoir \u00e0 votre porte sans aucun probl\u00e8me. Nous vous aiderons \u00e0 acheter Bbio coca\u00efne en ligne. Obtenez une livraison rapide lorsque vous commandez bio coca\u00efne en ligne !","robots":{"index":"index","follow":"follow","max-snippet":"max-snippet:-1","max-image-preview":"max-image-preview:large","max-video-preview":"max-video-preview:-1"},"canonical":"https:\/\/legitgrams.com\/fr\/produit\/bio-cocaine-86\/","og_locale":"fr_FR","og_type":"article","og_title":"Bio Cocaine for Sale - Buy Bio Cocaine Online @ Cheap Price","og_description":"You can get bio cocaine for sale at our store and get it at your doorstep without any hassle. We will help you to buy Bbio cocaine online. Get Fast Delivery when you order bio cocaine online!","og_url":"https:\/\/legitgrams.com\/fr\/produit\/bio-cocaine-86\/","og_site_name":"Legit Grams","article_modified_time":"2025-01-13T09:45:18+00:00","og_image":[{"width":600,"height":600,"url":"https:\/\/legitgrams.com\/wp-content\/uploads\/2024\/09\/Buy-Bio-Cocaine.jpg","type":"image\/jpeg"}],"twitter_card":"summary_large_image","twitter_misc":{"Dur\u00e9e de lecture est.":"3 minutes"},"schema":{"@context":"https:\/\/schema.org","@graph":[{"@type":"WebPage","@id":"https:\/\/legitgrams.com\/product\/bio-cocaine-86\/","url":"https:\/\/legitgrams.com\/product\/bio-cocaine-86\/","name":"Bio Cocaine for Sale - Acheter Bio Cocaine Online @ Cheap Price","isPartOf":{"@id":"https:\/\/legitgrams.com\/#website"},"primaryImageOfPage":{"@id":"https:\/\/legitgrams.com\/product\/bio-cocaine-86\/#primaryimage"},"image":{"@id":"https:\/\/legitgrams.com\/product\/bio-cocaine-86\/#primaryimage"},"thumbnailUrl":"https:\/\/legitgrams.com\/wp-content\/uploads\/2024\/09\/Buy-Bio-Cocaine.jpg","datePublished":"2024-09-22T10:16:26+00:00","dateModified":"2025-01-13T09:45:18+00:00","description":"Vous pouvez obtenir de la coca\u00efne biologique en vente dans notre magasin et la recevoir \u00e0 votre porte sans aucun probl\u00e8me. Nous vous aiderons \u00e0 acheter Bbio coca\u00efne en ligne. Obtenez une livraison rapide lorsque vous commandez bio coca\u00efne en ligne !","breadcrumb":{"@id":"https:\/\/legitgrams.com\/product\/bio-cocaine-86\/#breadcrumb"},"inLanguage":"fr-BE","potentialAction":[{"@type":"ReadAction","target":["https:\/\/legitgrams.com\/product\/bio-cocaine-86\/"]}]},{"@type":"ImageObject","inLanguage":"fr-BE","@id":"https:\/\/legitgrams.com\/product\/bio-cocaine-86\/#primaryimage","url":"https:\/\/legitgrams.com\/wp-content\/uploads\/2024\/09\/Buy-Bio-Cocaine.jpg","contentUrl":"https:\/\/legitgrams.com\/wp-content\/uploads\/2024\/09\/Buy-Bio-Cocaine.jpg","width":600,"height":600,"caption":"Bio Cocaine 86% for Sale"},{"@type":"BreadcrumbList","@id":"https:\/\/legitgrams.com\/product\/bio-cocaine-86\/#breadcrumb","itemListElement":[{"@type":"ListItem","position":1,"name":"Home","item":"https:\/\/legitgrams.com\/"},{"@type":"ListItem","position":2,"name":"Shop","item":"https:\/\/legitgrams.com\/shop\/"},{"@type":"ListItem","position":3,"name":"Bio Cocaine 86%"}]},{"@type":"WebSite","@id":"https:\/\/legitgrams.com\/#website","url":"https:\/\/legitgrams.com\/","name":"Les grammes l\u00e9gitimes","description":"Mon blog WordPress","publisher":{"@id":"https:\/\/legitgrams.com\/#organization"},"potentialAction":[{"@type":"SearchAction","target":{"@type":"EntryPoint","urlTemplate":"https:\/\/legitgrams.com\/?s={search_term_string}"},"query-input":{"@type":"PropertyValueSpecification","valueRequired":true,"valueName":"search_term_string"}}],"inLanguage":"fr-BE"},{"@type":"Organization","@id":"https:\/\/legitgrams.com\/#organization","name":"Les grammes l\u00e9gitimes","url":"https:\/\/legitgrams.com\/","logo":{"@type":"ImageObject","inLanguage":"fr-BE","@id":"https:\/\/legitgrams.com\/#\/schema\/logo\/image\/","url":"https:\/\/legitgrams.com\/wp-content\/uploads\/2024\/09\/main-logo.png","contentUrl":"https:\/\/legitgrams.com\/wp-content\/uploads\/2024\/09\/main-logo.png","width":270,"height":75,"caption":"Legit Grams"},"image":{"@id":"https:\/\/legitgrams.com\/#\/schema\/logo\/image\/"}}]}},"uagb_featured_image_src":{"full":["https:\/\/legitgrams.com\/wp-content\/uploads\/2024\/09\/Buy-Bio-Cocaine.jpg",600,600,false],"thumbnail":["https:\/\/legitgrams.com\/wp-content\/uploads\/2024\/09\/Buy-Bio-Cocaine-150x150.jpg",150,150,true],"medium":["https:\/\/legitgrams.com\/wp-content\/uploads\/2024\/09\/Buy-Bio-Cocaine-300x300.jpg",300,300,true],"medium_large":["https:\/\/legitgrams.com\/wp-content\/uploads\/2024\/09\/Buy-Bio-Cocaine.jpg",600,600,false],"large":["https:\/\/legitgrams.com\/wp-content\/uploads\/2024\/09\/Buy-Bio-Cocaine.jpg",600,600,false],"1536x1536":["https:\/\/legitgrams.com\/wp-content\/uploads\/2024\/09\/Buy-Bio-Cocaine.jpg",600,600,false],"2048x2048":["https:\/\/legitgrams.com\/wp-content\/uploads\/2024\/09\/Buy-Bio-Cocaine.jpg",600,600,false],"trp-custom-language-flag":["https:\/\/legitgrams.com\/wp-content\/uploads\/2024\/09\/Buy-Bio-Cocaine-12x12.jpg",12,12,true],"woocommerce_thumbnail":["https:\/\/legitgrams.com\/wp-content\/uploads\/2024\/09\/Buy-Bio-Cocaine-300x300.jpg",300,300,true],"woocommerce_single":["https:\/\/legitgrams.com\/wp-content\/uploads\/2024\/09\/Buy-Bio-Cocaine.jpg",600,600,false],"woocommerce_gallery_thumbnail":["https:\/\/legitgrams.com\/wp-content\/uploads\/2024\/09\/Buy-Bio-Cocaine-100x100.jpg",100,100,true]},"uagb_author_info":{"display_name":"cokeblog18","author_link":"https:\/\/legitgrams.com\/fr\/author\/"},"uagb_comment_info":0,"uagb_excerpt":"For Sale: 86% Bio-Cocaine Cocaine is a very strong stimulant that is used to give people a distinctive and seductive mental structure. Bio Cocaine makes it easier for the human mind to perceive everyday occurrences. Bio cocaine affects the central nervous system directly, much like other stimulants do. The use of this stimulant improves some&hellip;","_links":{"self":[{"href":"https:\/\/legitgrams.com\/fr\/wp-json\/wp\/v2\/product\/4311","targetHints":{"allow":["GET"]}}],"collection":[{"href":"https:\/\/legitgrams.com\/fr\/wp-json\/wp\/v2\/product"}],"about":[{"href":"https:\/\/legitgrams.com\/fr\/wp-json\/wp\/v2\/types\/product"}],"replies":[{"embeddable":true,"href":"https:\/\/legitgrams.com\/fr\/wp-json\/wp\/v2\/comments?post=4311"}],"wp:featuredmedia":[{"embeddable":true,"href":"https:\/\/legitgrams.com\/fr\/wp-json\/wp\/v2\/media\/5328"}],"wp:attachment":[{"href":"https:\/\/legitgrams.com\/fr\/wp-json\/wp\/v2\/media?parent=4311"}],"wp:term":[{"taxonomy":"product_brand","embeddable":true,"href":"https:\/\/legitgrams.com\/fr\/wp-json\/wp\/v2\/product_brand?post=4311"},{"taxonomy":"product_cat","embeddable":true,"href":"https:\/\/legitgrams.com\/fr\/wp-json\/wp\/v2\/product_cat?post=4311"},{"taxonomy":"product_tag","embeddable":true,"href":"https:\/\/legitgrams.com\/fr\/wp-json\/wp\/v2\/product_tag?post=4311"}],"curies":[{"name":"wp","href":"https:\/\/api.w.org\/{rel}","templated":true}]}}