{"id":4312,"date":"2024-09-22T10:14:12","date_gmt":"2024-09-22T10:14:12","guid":{"rendered":"https:\/\/legitgrams.com\/?post_type=product&#038;p=4312"},"modified":"2026-04-20T00:11:37","modified_gmt":"2026-04-20T00:11:37","slug":"cristaux-de-mdma-purs","status":"publish","type":"product","link":"https:\/\/legitgrams.com\/fr\/produit\/cristaux-de-mdma-purs\/","title":{"rendered":"Achetez des cristaux de MDMA purs en ligne"},"content":{"rendered":"<h2>Achetez des cristaux de MDMA purs en ligne<\/h2>\n<p>Achat <a href=\"https:\/\/en.wikipedia.org\/wiki\/MDMA\">MDMA<\/a> online (3,4-m\u00e9thyl\u00e8nedioxy-m\u00e9thamph\u00e9tamine n\u00e9goci\u00e9e) est une substance psychoactive class\u00e9e parmi les amph\u00e9tamines et les substituts de la m\u00e9thyl\u00e8nedioxyph\u00e9n\u00e9thylamine. Elle est principalement utilis\u00e9e pour ses effets euphorisants et sympathiques. Pharmacie : Acheter MDMA Pure Powder La MDMA fonctionne comme un inhibiteur de la recapture et un agent lib\u00e9rateur de s\u00e9rotonine, de nor\u00e9pin\u00e9phrine et de dopamine.<\/p>\n<h3>Achat de MDMA en ligne<\/h3>\n<p class=\"translation-block\">Le nom \u00ab Ecstasy \u00bb (abr\u00e9g\u00e9 en \u00ab E \u00bb, \u00ab X \u00bb ou \u00ab XTC \u00bb), couramment utilis\u00e9 pour d\u00e9signer la MDMA propos\u00e9e en ligne, d\u00e9signe g\u00e9n\u00e9ralement la forme de comprim\u00e9, bien qu\u2019il puisse \u00e9galement faire allusion au potentiel d\u2019un faux compl\u00e9ment. Au Royaume-Uni, l\u2019expression \u00ab Mandy for sale \u00bb et aux \u00c9tats-Unis \u00ab Molly for sale \u00bb d\u00e9signent la MDMA sous la forme d\u2019une poudre cristalline largement d\u00e9pourvue d\u2019ajouts factices. Parfois, le terme \u00ab Molly \u00bb fait r\u00e9f\u00e9rence \u00e0 l\u2019achat de MDMA pure ou de m\u00e9thylone, \u00e0 l\u2019achat de m\u00e9ph\u00e9drone, de poudre de MDMA authentique, de MDPV en ligne ou de toute autre classe de substances pharmacologiques connues sous le nom de sels de bain.[14] <a href=\"https:\/\/legitgrams.com\/fr\/\" target=\"_self\">LegitGrams<\/a><\/p>\n<p>Achat pur <a href=\"https:\/\/legitgrams.com\/fr\/produit\/cristaux-de-mdma-purs\/\">Cristaux de MDMA<\/a> en ligne : achat de cristaux de MDMA purs, achat de cristaux de MDMA purs aux USA, achat de cristaux de MDMA purs en ligne USA O\u00f9 acheter des cristaux de MDMA purs en ligne, O\u00f9 acheter des cristaux de MDMA purs aux USA, au Canada, au Royaume-Uni, Acheter, en ligne, Fournisseurs, Livraison s\u00e9curis\u00e9e, O\u00f9 acheter des cristaux de MDMA purs, Cristaux de MDMA purs \u00e0 vendre, Cristaux de MDMA purs \u00e0 vendre pr\u00e8s de chez moi, Acheter des cristaux de MDMA purs en ligne, Il y a encore des cristaux de MDMA purs disponibles. Est-il l\u00e9gal d'acheter des cristaux de MDMA pure aux Etats-Unis ? Comment puis-je passer une commande de cristaux de MDMA purs ?<\/p>","protected":false},"excerpt":{"rendered":"<p>Purchase pure MDMA Crystals online Purchase MDMA online (negotiated 3,4-methylenedioxy-methamphetamine) is a psychoactive substance classified as an amphetamine and methylenedioxyphenethylamine replacement. It is mainly utilized for its euphoric and sympathetic effects. Pharmacy: Purchase MDMA Pure Powder MDMA functions as a reuptake inhibitor and a serotonin, norepinephrine, and dopamine releasing agent. Purchase MDMA powder online The &hellip;<\/p>\n<p class=\"read-more\"> <a class=\"\" href=\"https:\/\/legitgrams.com\/fr\/produit\/cristaux-de-mdma-purs\/\"> <span class=\"screen-reader-text\">Achetez des cristaux de MDMA purs en ligne<\/span> Lire la suite \"<\/a><\/p>","protected":false},"featured_media":5300,"comment_status":"open","ping_status":"closed","template":"","meta":{"_uag_custom_page_level_css":"","site-sidebar-layout":"default","site-content-layout":"default","ast-global-header-display":"","ast-main-header-display":"","ast-hfb-above-header-display":"","ast-hfb-below-header-display":"","ast-hfb-mobile-header-display":"","site-post-title":"","ast-breadcrumbs-content":"","ast-featured-img":"","footer-sml-layout":"","theme-transparent-header-meta":"default","adv-header-id-meta":"","stick-header-meta":"default","header-above-stick-meta":"","header-main-stick-meta":"","header-below-stick-meta":"","_joinchat":[]},"product_brand":[],"product_cat":[600],"product_tag":[756,746,617,737,753,750,745,742,755,736,760,748,743,758,759,757,739,738,749,740,754,751,752,625,744,747,741],"class_list":{"0":"post-4312","1":"product","2":"type-product","3":"status-publish","4":"has-post-thumbnail","6":"product_cat-research-chemicals-and-bath-salt","7":"product_tag-best-cheap-price-pure-mdma-crystals","8":"product_tag-best-place-to-buy-pure-mdma-crystals","9":"product_tag-bulk-online","10":"product_tag-buy-pure-mdma-crystals","11":"product_tag-cheap-pure-mdma-crystals","12":"product_tag-high-quality-pure-mdma-crystals","13":"product_tag-how-to-buy-pure-mdma-crystals","14":"product_tag-order-pure-mdma-crystals","15":"product_tag-purcharse-pure-mdma-crystals","16":"product_tag-pure-mdma-crystals","17":"product_tag-pure-mdma-crystals-for-sale","18":"product_tag-pure-mdma-crystals-legally","19":"product_tag-pure-mdma-crystals-online","20":"product_tag-pure-mdma-crystals-use","21":"product_tag-pure-mdma-crystals-wiki","22":"product_tag-pure-mdma-crystals-worldwide","23":"product_tag-pure-mdma-crystalsfor-sale","24":"product_tag-pure-mdma-crystalsonline","25":"product_tag-pure-mdma-crystalsprice","26":"product_tag-pure-mdma-crystalspure-mdma-crystalssupplier","27":"product_tag-pure-mdma-crystalss","28":"product_tag-pure-mdma-crystalsstore","29":"product_tag-shop-pure-mdma-crystals","30":"product_tag-top-quality","31":"product_tag-where-to-buy-pure-mdma-crystals","32":"product_tag-where-to-order-pure-mdma-crystals","33":"product_tag-wholesale-pure-mdma-crystals","34":"desktop-align-left","35":"tablet-align-left","36":"mobile-align-left","37":"ast-product-gallery-layout-horizontal","38":"ast-product-gallery-with-no-image","39":"ast-product-single-variable","40":"ast-product-tabs-layout-horizontal","41":"ast-qv-on-image","43":"first","44":"instock","45":"shipping-taxable","46":"purchasable","47":"product-type-variable"},"yoast_head":"<!-- This site is optimized with the Yoast SEO plugin v25.9 - https:\/\/yoast.com\/wordpress\/plugins\/seo\/ -->\n<title>MDMA Crystals for Sale - Buy MDMA Crystals Online | LegitGrams<\/title>\n<meta name=\"description\" content=\"Explore our online store for pure mdma crystals for sale, offering high-quality mdma crystals. Buy mdma crystals online securely and embark on your research journey with confidence. Place your order now!\" \/>\n<meta name=\"robots\" content=\"index, follow, max-snippet:-1, max-image-preview:large, max-video-preview:-1\" \/>\n<link rel=\"canonical\" href=\"https:\/\/legitgrams.com\/fr\/produit\/cristaux-de-mdma-purs\/\" \/>\n<meta property=\"og:locale\" content=\"fr_FR\" \/>\n<meta property=\"og:type\" content=\"article\" \/>\n<meta property=\"og:title\" content=\"MDMA Crystals for Sale - Buy MDMA Crystals Online | LegitGrams\" \/>\n<meta property=\"og:description\" content=\"Explore our online store for pure mdma crystals for sale, offering high-quality mdma crystals. Buy mdma crystals online securely and embark on your research journey with confidence. Place your order now!\" \/>\n<meta property=\"og:url\" content=\"https:\/\/legitgrams.com\/fr\/produit\/cristaux-de-mdma-purs\/\" \/>\n<meta property=\"og:site_name\" content=\"Legit Grams\" \/>\n<meta property=\"article:modified_time\" content=\"2026-04-20T00:11:37+00:00\" \/>\n<meta property=\"og:image\" content=\"https:\/\/legitgrams.com\/wp-content\/uploads\/2024\/09\/MDMA-crystal.jpg\" \/>\n\t<meta property=\"og:image:width\" content=\"600\" \/>\n\t<meta property=\"og:image:height\" content=\"399\" \/>\n\t<meta property=\"og:image:type\" content=\"image\/jpeg\" \/>\n<meta name=\"twitter:card\" content=\"summary_large_image\" \/>\n<meta name=\"twitter:label1\" content=\"Dur\u00e9e de lecture est.\" \/>\n\t<meta name=\"twitter:data1\" content=\"2 minutes\" \/>\n<script type=\"application\/ld+json\" class=\"yoast-schema-graph\">{\"@context\":\"https:\/\/schema.org\",\"@graph\":[{\"@type\":\"WebPage\",\"@id\":\"https:\/\/legitgrams.com\/product\/pure-mdma-crystals\/\",\"url\":\"https:\/\/legitgrams.com\/product\/pure-mdma-crystals\/\",\"name\":\"MDMA Crystals for Sale - Buy MDMA Crystals Online | LegitGrams\",\"isPartOf\":{\"@id\":\"https:\/\/legitgrams.com\/#website\"},\"primaryImageOfPage\":{\"@id\":\"https:\/\/legitgrams.com\/product\/pure-mdma-crystals\/#primaryimage\"},\"image\":{\"@id\":\"https:\/\/legitgrams.com\/product\/pure-mdma-crystals\/#primaryimage\"},\"thumbnailUrl\":\"https:\/\/legitgrams.com\/wp-content\/uploads\/2024\/09\/MDMA-crystal.jpg\",\"datePublished\":\"2024-09-22T10:14:12+00:00\",\"dateModified\":\"2026-04-20T00:11:37+00:00\",\"description\":\"Explore our online store for pure mdma crystals for sale, offering high-quality mdma crystals. Buy mdma crystals online securely and embark on your research journey with confidence. Place your order now!\",\"breadcrumb\":{\"@id\":\"https:\/\/legitgrams.com\/product\/pure-mdma-crystals\/#breadcrumb\"},\"inLanguage\":\"fr-BE\",\"potentialAction\":[{\"@type\":\"ReadAction\",\"target\":[\"https:\/\/legitgrams.com\/product\/pure-mdma-crystals\/\"]}]},{\"@type\":\"ImageObject\",\"inLanguage\":\"fr-BE\",\"@id\":\"https:\/\/legitgrams.com\/product\/pure-mdma-crystals\/#primaryimage\",\"url\":\"https:\/\/legitgrams.com\/wp-content\/uploads\/2024\/09\/MDMA-crystal.jpg\",\"contentUrl\":\"https:\/\/legitgrams.com\/wp-content\/uploads\/2024\/09\/MDMA-crystal.jpg\",\"width\":600,\"height\":399,\"caption\":\"pure MDMA Crystals for Sale\"},{\"@type\":\"BreadcrumbList\",\"@id\":\"https:\/\/legitgrams.com\/product\/pure-mdma-crystals\/#breadcrumb\",\"itemListElement\":[{\"@type\":\"ListItem\",\"position\":1,\"name\":\"Home\",\"item\":\"https:\/\/legitgrams.com\/\"},{\"@type\":\"ListItem\",\"position\":2,\"name\":\"Shop\",\"item\":\"https:\/\/legitgrams.com\/shop\/\"},{\"@type\":\"ListItem\",\"position\":3,\"name\":\"Buy Pure MDMA Crystals Online\"}]},{\"@type\":\"WebSite\",\"@id\":\"https:\/\/legitgrams.com\/#website\",\"url\":\"https:\/\/legitgrams.com\/\",\"name\":\"Legit Grams\",\"description\":\"My WordPress Blog\",\"publisher\":{\"@id\":\"https:\/\/legitgrams.com\/#organization\"},\"potentialAction\":[{\"@type\":\"SearchAction\",\"target\":{\"@type\":\"EntryPoint\",\"urlTemplate\":\"https:\/\/legitgrams.com\/?s={search_term_string}\"},\"query-input\":{\"@type\":\"PropertyValueSpecification\",\"valueRequired\":true,\"valueName\":\"search_term_string\"}}],\"inLanguage\":\"fr-BE\"},{\"@type\":\"Organization\",\"@id\":\"https:\/\/legitgrams.com\/#organization\",\"name\":\"Legit Grams\",\"url\":\"https:\/\/legitgrams.com\/\",\"logo\":{\"@type\":\"ImageObject\",\"inLanguage\":\"fr-BE\",\"@id\":\"https:\/\/legitgrams.com\/#\/schema\/logo\/image\/\",\"url\":\"https:\/\/legitgrams.com\/wp-content\/uploads\/2024\/09\/main-logo.png\",\"contentUrl\":\"https:\/\/legitgrams.com\/wp-content\/uploads\/2024\/09\/main-logo.png\",\"width\":270,\"height\":75,\"caption\":\"Legit Grams\"},\"image\":{\"@id\":\"https:\/\/legitgrams.com\/#\/schema\/logo\/image\/\"}}]}<\/script>\n<!-- \/ Yoast SEO plugin. -->","yoast_head_json":{"title":"MDMA Crystals for Sale - Acheter des cristaux de MDMA en ligne | LegitGrams","description":"Explorez notre boutique en ligne de vente de cristaux mdma purs, offrant des cristaux mdma de haute qualit\u00e9. Achetez des cristaux mdma en ligne en toute s\u00e9curit\u00e9 et entreprenez votre voyage de recherche en toute confiance. Passez votre commande maintenant !","robots":{"index":"index","follow":"follow","max-snippet":"max-snippet:-1","max-image-preview":"max-image-preview:large","max-video-preview":"max-video-preview:-1"},"canonical":"https:\/\/legitgrams.com\/fr\/produit\/cristaux-de-mdma-purs\/","og_locale":"fr_FR","og_type":"article","og_title":"MDMA Crystals for Sale - Buy MDMA Crystals Online | LegitGrams","og_description":"Explore our online store for pure mdma crystals for sale, offering high-quality mdma crystals. Buy mdma crystals online securely and embark on your research journey with confidence. Place your order now!","og_url":"https:\/\/legitgrams.com\/fr\/produit\/cristaux-de-mdma-purs\/","og_site_name":"Legit Grams","article_modified_time":"2026-04-20T00:11:37+00:00","og_image":[{"width":600,"height":399,"url":"https:\/\/legitgrams.com\/wp-content\/uploads\/2024\/09\/MDMA-crystal.jpg","type":"image\/jpeg"}],"twitter_card":"summary_large_image","twitter_misc":{"Dur\u00e9e de lecture est.":"2 minutes"},"schema":{"@context":"https:\/\/schema.org","@graph":[{"@type":"WebPage","@id":"https:\/\/legitgrams.com\/product\/pure-mdma-crystals\/","url":"https:\/\/legitgrams.com\/product\/pure-mdma-crystals\/","name":"MDMA Crystals for Sale - Acheter des cristaux de MDMA en ligne | LegitGrams","isPartOf":{"@id":"https:\/\/legitgrams.com\/#website"},"primaryImageOfPage":{"@id":"https:\/\/legitgrams.com\/product\/pure-mdma-crystals\/#primaryimage"},"image":{"@id":"https:\/\/legitgrams.com\/product\/pure-mdma-crystals\/#primaryimage"},"thumbnailUrl":"https:\/\/legitgrams.com\/wp-content\/uploads\/2024\/09\/MDMA-crystal.jpg","datePublished":"2024-09-22T10:14:12+00:00","dateModified":"2026-04-20T00:11:37+00:00","description":"Explorez notre boutique en ligne de vente de cristaux mdma purs, offrant des cristaux mdma de haute qualit\u00e9. Achetez des cristaux mdma en ligne en toute s\u00e9curit\u00e9 et entreprenez votre voyage de recherche en toute confiance. Passez votre commande maintenant !","breadcrumb":{"@id":"https:\/\/legitgrams.com\/product\/pure-mdma-crystals\/#breadcrumb"},"inLanguage":"fr-BE","potentialAction":[{"@type":"ReadAction","target":["https:\/\/legitgrams.com\/product\/pure-mdma-crystals\/"]}]},{"@type":"ImageObject","inLanguage":"fr-BE","@id":"https:\/\/legitgrams.com\/product\/pure-mdma-crystals\/#primaryimage","url":"https:\/\/legitgrams.com\/wp-content\/uploads\/2024\/09\/MDMA-crystal.jpg","contentUrl":"https:\/\/legitgrams.com\/wp-content\/uploads\/2024\/09\/MDMA-crystal.jpg","width":600,"height":399,"caption":"pure MDMA Crystals for Sale"},{"@type":"BreadcrumbList","@id":"https:\/\/legitgrams.com\/product\/pure-mdma-crystals\/#breadcrumb","itemListElement":[{"@type":"ListItem","position":1,"name":"Home","item":"https:\/\/legitgrams.com\/"},{"@type":"ListItem","position":2,"name":"Shop","item":"https:\/\/legitgrams.com\/shop\/"},{"@type":"ListItem","position":3,"name":"Buy Pure MDMA Crystals Online"}]},{"@type":"WebSite","@id":"https:\/\/legitgrams.com\/#website","url":"https:\/\/legitgrams.com\/","name":"Les grammes l\u00e9gitimes","description":"Mon blog WordPress","publisher":{"@id":"https:\/\/legitgrams.com\/#organization"},"potentialAction":[{"@type":"SearchAction","target":{"@type":"EntryPoint","urlTemplate":"https:\/\/legitgrams.com\/?s={search_term_string}"},"query-input":{"@type":"PropertyValueSpecification","valueRequired":true,"valueName":"search_term_string"}}],"inLanguage":"fr-BE"},{"@type":"Organization","@id":"https:\/\/legitgrams.com\/#organization","name":"Les grammes l\u00e9gitimes","url":"https:\/\/legitgrams.com\/","logo":{"@type":"ImageObject","inLanguage":"fr-BE","@id":"https:\/\/legitgrams.com\/#\/schema\/logo\/image\/","url":"https:\/\/legitgrams.com\/wp-content\/uploads\/2024\/09\/main-logo.png","contentUrl":"https:\/\/legitgrams.com\/wp-content\/uploads\/2024\/09\/main-logo.png","width":270,"height":75,"caption":"Legit Grams"},"image":{"@id":"https:\/\/legitgrams.com\/#\/schema\/logo\/image\/"}}]}},"uagb_featured_image_src":{"full":["https:\/\/legitgrams.com\/wp-content\/uploads\/2024\/09\/MDMA-crystal.jpg",600,399,false],"thumbnail":["https:\/\/legitgrams.com\/wp-content\/uploads\/2024\/09\/MDMA-crystal-150x150.jpg",150,150,true],"medium":["https:\/\/legitgrams.com\/wp-content\/uploads\/2024\/09\/MDMA-crystal-300x200.jpg",300,200,true],"medium_large":["https:\/\/legitgrams.com\/wp-content\/uploads\/2024\/09\/MDMA-crystal.jpg",600,399,false],"large":["https:\/\/legitgrams.com\/wp-content\/uploads\/2024\/09\/MDMA-crystal.jpg",600,399,false],"1536x1536":["https:\/\/legitgrams.com\/wp-content\/uploads\/2024\/09\/MDMA-crystal.jpg",600,399,false],"2048x2048":["https:\/\/legitgrams.com\/wp-content\/uploads\/2024\/09\/MDMA-crystal.jpg",600,399,false],"trp-custom-language-flag":["https:\/\/legitgrams.com\/wp-content\/uploads\/2024\/09\/MDMA-crystal-18x12.jpg",18,12,true],"woocommerce_thumbnail":["https:\/\/legitgrams.com\/wp-content\/uploads\/2024\/09\/MDMA-crystal-300x300.jpg",300,300,true],"woocommerce_single":["https:\/\/legitgrams.com\/wp-content\/uploads\/2024\/09\/MDMA-crystal.jpg",600,399,false],"woocommerce_gallery_thumbnail":["https:\/\/legitgrams.com\/wp-content\/uploads\/2024\/09\/MDMA-crystal-100x100.jpg",100,100,true]},"uagb_author_info":{"display_name":"cokeblog18","author_link":"https:\/\/legitgrams.com\/fr\/author\/"},"uagb_comment_info":1,"uagb_excerpt":"Purchase pure MDMA Crystals online Purchase MDMA online (negotiated 3,4-methylenedioxy-methamphetamine) is a psychoactive substance classified as an amphetamine and methylenedioxyphenethylamine replacement. It is mainly utilized for its euphoric and sympathetic effects. Pharmacy: Purchase MDMA Pure Powder MDMA functions as a reuptake inhibitor and a serotonin, norepinephrine, and dopamine releasing agent. Purchase MDMA powder online The&hellip;","_links":{"self":[{"href":"https:\/\/legitgrams.com\/fr\/wp-json\/wp\/v2\/product\/4312","targetHints":{"allow":["GET"]}}],"collection":[{"href":"https:\/\/legitgrams.com\/fr\/wp-json\/wp\/v2\/product"}],"about":[{"href":"https:\/\/legitgrams.com\/fr\/wp-json\/wp\/v2\/types\/product"}],"replies":[{"embeddable":true,"href":"https:\/\/legitgrams.com\/fr\/wp-json\/wp\/v2\/comments?post=4312"}],"wp:featuredmedia":[{"embeddable":true,"href":"https:\/\/legitgrams.com\/fr\/wp-json\/wp\/v2\/media\/5300"}],"wp:attachment":[{"href":"https:\/\/legitgrams.com\/fr\/wp-json\/wp\/v2\/media?parent=4312"}],"wp:term":[{"taxonomy":"product_brand","embeddable":true,"href":"https:\/\/legitgrams.com\/fr\/wp-json\/wp\/v2\/product_brand?post=4312"},{"taxonomy":"product_cat","embeddable":true,"href":"https:\/\/legitgrams.com\/fr\/wp-json\/wp\/v2\/product_cat?post=4312"},{"taxonomy":"product_tag","embeddable":true,"href":"https:\/\/legitgrams.com\/fr\/wp-json\/wp\/v2\/product_tag?post=4312"}],"curies":[{"name":"wp","href":"https:\/\/api.w.org\/{rel}","templated":true}]}}