{"id":5353,"date":"2024-09-23T21:55:57","date_gmt":"2024-09-23T21:55:57","guid":{"rendered":"https:\/\/legitgrams.com\/?post_type=product&#038;p=5353"},"modified":"2026-02-26T12:18:58","modified_gmt":"2026-02-26T12:18:58","slug":"buy-blueberry-nuken-shatter-online","status":"publish","type":"product","link":"https:\/\/legitgrams.com\/fr\/produit\/buy-blueberry-nuken-shatter-online\/","title":{"rendered":"Buy Blueberry Nuken Shatter Online"},"content":{"rendered":"<h2>Top Shelf Online : Blueberry Nuken Shatter \u00e0 vendre<\/h2>\n<p>Le concentr\u00e9 Blueberry Shatter a \u00e9t\u00e9 cr\u00e9\u00e9 \u00e0 partir d'une nouvelle souche issue de l'esprit cr\u00e9atif du l\u00e9gendaire DJ Short. L'extrait premium <a href=\"https:\/\/legitgrams.com\/fr\/produit\/buy-blueberry-nuken-shatter-online\/\">Fragment de myrtille<\/a> est consid\u00e9r\u00e9 par la communaut\u00e9 du cannabis comme l'un des hybrides indica les plus puissants et les plus revigorants du march\u00e9. Attendez-vous \u00e0 un go\u00fbt semblable \u00e0 celui d'un muffin aux myrtilles fra\u00eechement pr\u00e9par\u00e9, rehauss\u00e9 par les d\u00e9licates notes de vanille de ce d\u00e9licieux parfum, et conclu par des notes croquantes et de pin lorsque vous expirez.<\/p>\n<h3>Blueberry Shatter peut \u00eatre achet\u00e9 en ligne.<\/h3>\n<p>Malheureusement, l\u2019exposition \u00e0 la chaleur provoque souvent un effondrement, ce qui entra\u00eene des boutons cireux. Mais cela ne rend pas vos coups moins s\u00fbrs ou moins efficaces.<\/p>\n<p>Nous n'acceptons pas de remboursement si votre larme d\u00e9veloppe des bourgeons ou de la cire. Hybride puissant \u00e0 dominante indica avec un effet corporel puissant, l'Ink Kush est tout aussi recherch\u00e9 que son parent, l'original Kush. Sa vari\u00e9t\u00e9 sp\u00e9ciale a des cheveux roses avec des bourgeons vert vif \u00e0 peine perceptibles. Il y a un parfum subtil de bonbon et de vanille sucr\u00e9e sous une couverture de trichomes ressemblant \u00e0 du sucre. <a href=\"https:\/\/legitgrams.com\/fr\/\">LegitGrams<\/a><\/p>\n<p>Acheter <a href=\"https:\/\/en.wikipedia.org\/wiki\/Blueberry\">Myrtille<\/a> Brisez-le pour une euphorie chaleureuse et durable qui s'intensifie lentement et est suivie d'une vague de calme lent et r\u00e9fl\u00e9chi qui vous submerge, ralentit et vous distrait des pens\u00e9es de courte dur\u00e9e, parfois n\u00e9gatives, qui encombrent souvent votre t\u00eate apr\u00e8s une longue journ\u00e9e de travail. En raison de ses qualit\u00e9s exaltantes et durables, cet extrait est un excellent choix pour g\u00e9rer la douleur chronique, le stress et l'\u00e9puisement, en mettant l'accent sur l'att\u00e9nuation de l'ennui du blues de la journ\u00e9e de travail.<\/p>\n<p>Achetez du Blueberry Nuken Shatter chez Top Shelf : achetez du Blueberry Nuken Shatter en ligne aux \u00c9tats-Unis, achetez du Blueberry Nuken Shatter aux \u00c9tats-Unis, O\u00f9 puis-je acheter du Nuken Shatter Blueberry en ligne ? O\u00f9 puis-je acheter du Nuken Shatter Blueberry en ligne ? O\u00f9 puis-je acheter du Nuken Shatter Blueberry en ligne ? Les Blueberry Nuken Shatters sont-ils disponibles aux \u00c9tats-Unis, au Canada et au Royaume-Uni ? achat, internet, vendeurs, exp\u00e9dition s\u00e9curis\u00e9e, Blueberry Nuken Shatter est toujours disponible \u00e0 l'achat. De plus, vous pouvez apprendre comment obtenir du Blueberry Nuken Shatter, s'il est l\u00e9gal au Canada et s'il est l\u00e9gal aux \u00c9tats-Unis.<\/p>","protected":false},"excerpt":{"rendered":"<p>Top Shelf Online: Blueberry Nuken Shatter for Sale The Blueberry Shatter concentrate was created from a new strain that came from the creative mind of legendary DJ Short. The premium extract Blueberry Shatter is regarded by the cannabis community as one of the most potent and invigorating indica hybrids on the market. Expect a taste &hellip;<\/p>\n<p class=\"read-more\"> <a class=\"\" href=\"https:\/\/legitgrams.com\/fr\/produit\/buy-blueberry-nuken-shatter-online\/\"> <span class=\"screen-reader-text\">Buy Blueberry Nuken Shatter Online<\/span> Lire la suite \"<\/a><\/p>","protected":false},"featured_media":5356,"comment_status":"open","ping_status":"closed","template":"","meta":{"_uag_custom_page_level_css":"","site-sidebar-layout":"default","site-content-layout":"default","ast-global-header-display":"","ast-main-header-display":"","ast-hfb-above-header-display":"","ast-hfb-below-header-display":"","ast-hfb-mobile-header-display":"","site-post-title":"","ast-breadcrumbs-content":"","ast-featured-img":"","footer-sml-layout":"","theme-transparent-header-meta":"default","adv-header-id-meta":"","stick-header-meta":"default","header-above-stick-meta":"","header-main-stick-meta":"","header-below-stick-meta":"","_joinchat":[]},"product_brand":[],"product_cat":[604],"product_tag":[632,621,611,615,614,623,613,624,630,627,634,635,633,617,612,629,626,620,618,631,628,625,619,622,616],"class_list":{"0":"post-5353","1":"product","2":"type-product","3":"status-publish","4":"has-post-thumbnail","6":"product_cat-shatter","7":"product_tag-best-cheap-price-blueberry-nuken-shatter","8":"product_tag-best-place-to-buy-blueberry-nuken-shatter","9":"product_tag-blueberry-nuken-shatter","10":"product_tag-blueberry-nuken-shatter-blueberry-nuken-shatter-supplier","11":"product_tag-blueberry-nuken-shatter-for-sale","12":"product_tag-blueberry-nuken-shatter-legally","13":"product_tag-blueberry-nuken-shatter-online","14":"product_tag-blueberry-nuken-shatter-price","15":"product_tag-blueberry-nuken-shatter-s","16":"product_tag-blueberry-nuken-shatter-store","17":"product_tag-blueberry-nuken-shatter-use","18":"product_tag-blueberry-nuken-shatter-wiki","19":"product_tag-blueberry-nuken-shatter-worldwide","20":"product_tag-bulk-online","21":"product_tag-buy-blueberry-nuken-shatter","22":"product_tag-cheap-blueberry-nuken-shatter","23":"product_tag-high-quality-blueberry-nuken-shatter","24":"product_tag-how-to-buy-blueberry-nuken-shatter","25":"product_tag-order-blueberry-nuken-shatter","26":"product_tag-purcharse-blueberry-nuken-shatter","27":"product_tag-shop-blueberry-nuken-shatter","28":"product_tag-top-quality","29":"product_tag-where-to-buy-blueberry-nuken-shatter","30":"product_tag-where-to-order-blueberry-nuken-shatter","31":"product_tag-wholesale-blueberry-nuken-shatter","32":"desktop-align-left","33":"tablet-align-left","34":"mobile-align-left","35":"ast-product-gallery-layout-horizontal","36":"ast-product-gallery-with-no-image","37":"ast-product-single-variable","38":"ast-product-tabs-layout-horizontal","39":"ast-qv-on-image","41":"first","42":"instock","43":"featured","44":"shipping-taxable","45":"purchasable","46":"product-type-variable"},"yoast_head":"<!-- This site is optimized with the Yoast SEO plugin v25.9 - https:\/\/yoast.com\/wordpress\/plugins\/seo\/ -->\n<title>Best Blueberry Nuken Shatter for Sale Online - Top Shelf<\/title>\n<meta name=\"description\" content=\"If you are looking to buy blueberry nuken shatter online, Legitgrams.com is the best place to order blueberry nuken shatter online, blueberry nuken for sale at best price. Fast Shipping Service!\" \/>\n<meta name=\"robots\" content=\"index, follow, max-snippet:-1, max-image-preview:large, max-video-preview:-1\" \/>\n<link rel=\"canonical\" href=\"https:\/\/legitgrams.com\/fr\/produit\/buy-blueberry-nuken-shatter-online\/\" \/>\n<meta property=\"og:locale\" content=\"fr_FR\" \/>\n<meta property=\"og:type\" content=\"article\" \/>\n<meta property=\"og:title\" content=\"Best Blueberry Nuken Shatter for Sale Online - Top Shelf\" \/>\n<meta property=\"og:description\" content=\"If you are looking to buy blueberry nuken shatter online, Legitgrams.com is the best place to order blueberry nuken shatter online, blueberry nuken for sale at best price. Fast Shipping Service!\" \/>\n<meta property=\"og:url\" content=\"https:\/\/legitgrams.com\/fr\/produit\/buy-blueberry-nuken-shatter-online\/\" \/>\n<meta property=\"og:site_name\" content=\"Legit Grams\" \/>\n<meta property=\"article:modified_time\" content=\"2026-02-26T12:18:58+00:00\" \/>\n<meta property=\"og:image\" content=\"https:\/\/legitgrams.com\/wp-content\/uploads\/2024\/09\/Buy-Blueberry-Nuken-Shatter.jpg\" \/>\n\t<meta property=\"og:image:width\" content=\"600\" \/>\n\t<meta property=\"og:image:height\" content=\"600\" \/>\n\t<meta property=\"og:image:type\" content=\"image\/jpeg\" \/>\n<meta name=\"twitter:card\" content=\"summary_large_image\" \/>\n<meta name=\"twitter:label1\" content=\"Dur\u00e9e de lecture est.\" \/>\n\t<meta name=\"twitter:data1\" content=\"2 minutes\" \/>\n<script type=\"application\/ld+json\" class=\"yoast-schema-graph\">{\"@context\":\"https:\/\/schema.org\",\"@graph\":[{\"@type\":\"WebPage\",\"@id\":\"https:\/\/legitgrams.com\/product\/buy-blueberry-nuken-shatter-online\/\",\"url\":\"https:\/\/legitgrams.com\/product\/buy-blueberry-nuken-shatter-online\/\",\"name\":\"Best Blueberry Nuken Shatter for Sale Online - Top Shelf\",\"isPartOf\":{\"@id\":\"https:\/\/legitgrams.com\/#website\"},\"primaryImageOfPage\":{\"@id\":\"https:\/\/legitgrams.com\/product\/buy-blueberry-nuken-shatter-online\/#primaryimage\"},\"image\":{\"@id\":\"https:\/\/legitgrams.com\/product\/buy-blueberry-nuken-shatter-online\/#primaryimage\"},\"thumbnailUrl\":\"https:\/\/legitgrams.com\/wp-content\/uploads\/2024\/09\/Buy-Blueberry-Nuken-Shatter.jpg\",\"datePublished\":\"2024-09-23T21:55:57+00:00\",\"dateModified\":\"2026-02-26T12:18:58+00:00\",\"description\":\"If you are looking to buy blueberry nuken shatter online, Legitgrams.com is the best place to order blueberry nuken shatter online, blueberry nuken for sale at best price. Fast Shipping Service!\",\"breadcrumb\":{\"@id\":\"https:\/\/legitgrams.com\/product\/buy-blueberry-nuken-shatter-online\/#breadcrumb\"},\"inLanguage\":\"fr-BE\",\"potentialAction\":[{\"@type\":\"ReadAction\",\"target\":[\"https:\/\/legitgrams.com\/product\/buy-blueberry-nuken-shatter-online\/\"]}]},{\"@type\":\"ImageObject\",\"inLanguage\":\"fr-BE\",\"@id\":\"https:\/\/legitgrams.com\/product\/buy-blueberry-nuken-shatter-online\/#primaryimage\",\"url\":\"https:\/\/legitgrams.com\/wp-content\/uploads\/2024\/09\/Buy-Blueberry-Nuken-Shatter.jpg\",\"contentUrl\":\"https:\/\/legitgrams.com\/wp-content\/uploads\/2024\/09\/Buy-Blueberry-Nuken-Shatter.jpg\",\"width\":600,\"height\":600,\"caption\":\"Buy Blueberry Nuken Shatter Online\"},{\"@type\":\"BreadcrumbList\",\"@id\":\"https:\/\/legitgrams.com\/product\/buy-blueberry-nuken-shatter-online\/#breadcrumb\",\"itemListElement\":[{\"@type\":\"ListItem\",\"position\":1,\"name\":\"Home\",\"item\":\"https:\/\/legitgrams.com\/\"},{\"@type\":\"ListItem\",\"position\":2,\"name\":\"Shop\",\"item\":\"https:\/\/legitgrams.com\/shop\/\"},{\"@type\":\"ListItem\",\"position\":3,\"name\":\"Buy Blueberry Nuken Shatter Online\"}]},{\"@type\":\"WebSite\",\"@id\":\"https:\/\/legitgrams.com\/#website\",\"url\":\"https:\/\/legitgrams.com\/\",\"name\":\"Legit Grams\",\"description\":\"My WordPress Blog\",\"publisher\":{\"@id\":\"https:\/\/legitgrams.com\/#organization\"},\"potentialAction\":[{\"@type\":\"SearchAction\",\"target\":{\"@type\":\"EntryPoint\",\"urlTemplate\":\"https:\/\/legitgrams.com\/?s={search_term_string}\"},\"query-input\":{\"@type\":\"PropertyValueSpecification\",\"valueRequired\":true,\"valueName\":\"search_term_string\"}}],\"inLanguage\":\"fr-BE\"},{\"@type\":\"Organization\",\"@id\":\"https:\/\/legitgrams.com\/#organization\",\"name\":\"Legit Grams\",\"url\":\"https:\/\/legitgrams.com\/\",\"logo\":{\"@type\":\"ImageObject\",\"inLanguage\":\"fr-BE\",\"@id\":\"https:\/\/legitgrams.com\/#\/schema\/logo\/image\/\",\"url\":\"https:\/\/legitgrams.com\/wp-content\/uploads\/2024\/09\/main-logo.png\",\"contentUrl\":\"https:\/\/legitgrams.com\/wp-content\/uploads\/2024\/09\/main-logo.png\",\"width\":270,\"height\":75,\"caption\":\"Legit Grams\"},\"image\":{\"@id\":\"https:\/\/legitgrams.com\/#\/schema\/logo\/image\/\"}}]}<\/script>\n<!-- \/ Yoast SEO plugin. -->","yoast_head_json":{"title":"Meilleur Blueberry Nuken Shatter \u00e0 vendre en ligne - Top Shelf","description":"Si vous cherchez \u00e0 acheter blueberry nuken shatter en ligne, Legitgrams.com est le meilleur endroit pour commander blueberry nuken shatter en ligne, blueberry nuken \u00e0 vendre au meilleur prix. Service d'exp\u00e9dition rapide !","robots":{"index":"index","follow":"follow","max-snippet":"max-snippet:-1","max-image-preview":"max-image-preview:large","max-video-preview":"max-video-preview:-1"},"canonical":"https:\/\/legitgrams.com\/fr\/produit\/buy-blueberry-nuken-shatter-online\/","og_locale":"fr_FR","og_type":"article","og_title":"Best Blueberry Nuken Shatter for Sale Online - Top Shelf","og_description":"If you are looking to buy blueberry nuken shatter online, Legitgrams.com is the best place to order blueberry nuken shatter online, blueberry nuken for sale at best price. Fast Shipping Service!","og_url":"https:\/\/legitgrams.com\/fr\/produit\/buy-blueberry-nuken-shatter-online\/","og_site_name":"Legit Grams","article_modified_time":"2026-02-26T12:18:58+00:00","og_image":[{"width":600,"height":600,"url":"https:\/\/legitgrams.com\/wp-content\/uploads\/2024\/09\/Buy-Blueberry-Nuken-Shatter.jpg","type":"image\/jpeg"}],"twitter_card":"summary_large_image","twitter_misc":{"Dur\u00e9e de lecture est.":"2 minutes"},"schema":{"@context":"https:\/\/schema.org","@graph":[{"@type":"WebPage","@id":"https:\/\/legitgrams.com\/product\/buy-blueberry-nuken-shatter-online\/","url":"https:\/\/legitgrams.com\/product\/buy-blueberry-nuken-shatter-online\/","name":"Meilleur Blueberry Nuken Shatter \u00e0 vendre en ligne - Top Shelf","isPartOf":{"@id":"https:\/\/legitgrams.com\/#website"},"primaryImageOfPage":{"@id":"https:\/\/legitgrams.com\/product\/buy-blueberry-nuken-shatter-online\/#primaryimage"},"image":{"@id":"https:\/\/legitgrams.com\/product\/buy-blueberry-nuken-shatter-online\/#primaryimage"},"thumbnailUrl":"https:\/\/legitgrams.com\/wp-content\/uploads\/2024\/09\/Buy-Blueberry-Nuken-Shatter.jpg","datePublished":"2024-09-23T21:55:57+00:00","dateModified":"2026-02-26T12:18:58+00:00","description":"Si vous cherchez \u00e0 acheter blueberry nuken shatter en ligne, Legitgrams.com est le meilleur endroit pour commander blueberry nuken shatter en ligne, blueberry nuken \u00e0 vendre au meilleur prix. Service d'exp\u00e9dition rapide !","breadcrumb":{"@id":"https:\/\/legitgrams.com\/product\/buy-blueberry-nuken-shatter-online\/#breadcrumb"},"inLanguage":"fr-BE","potentialAction":[{"@type":"ReadAction","target":["https:\/\/legitgrams.com\/product\/buy-blueberry-nuken-shatter-online\/"]}]},{"@type":"ImageObject","inLanguage":"fr-BE","@id":"https:\/\/legitgrams.com\/product\/buy-blueberry-nuken-shatter-online\/#primaryimage","url":"https:\/\/legitgrams.com\/wp-content\/uploads\/2024\/09\/Buy-Blueberry-Nuken-Shatter.jpg","contentUrl":"https:\/\/legitgrams.com\/wp-content\/uploads\/2024\/09\/Buy-Blueberry-Nuken-Shatter.jpg","width":600,"height":600,"caption":"Buy Blueberry Nuken Shatter Online"},{"@type":"BreadcrumbList","@id":"https:\/\/legitgrams.com\/product\/buy-blueberry-nuken-shatter-online\/#breadcrumb","itemListElement":[{"@type":"ListItem","position":1,"name":"Home","item":"https:\/\/legitgrams.com\/"},{"@type":"ListItem","position":2,"name":"Shop","item":"https:\/\/legitgrams.com\/shop\/"},{"@type":"ListItem","position":3,"name":"Buy Blueberry Nuken Shatter Online"}]},{"@type":"WebSite","@id":"https:\/\/legitgrams.com\/#website","url":"https:\/\/legitgrams.com\/","name":"Les grammes l\u00e9gitimes","description":"Mon blog WordPress","publisher":{"@id":"https:\/\/legitgrams.com\/#organization"},"potentialAction":[{"@type":"SearchAction","target":{"@type":"EntryPoint","urlTemplate":"https:\/\/legitgrams.com\/?s={search_term_string}"},"query-input":{"@type":"PropertyValueSpecification","valueRequired":true,"valueName":"search_term_string"}}],"inLanguage":"fr-BE"},{"@type":"Organization","@id":"https:\/\/legitgrams.com\/#organization","name":"Les grammes l\u00e9gitimes","url":"https:\/\/legitgrams.com\/","logo":{"@type":"ImageObject","inLanguage":"fr-BE","@id":"https:\/\/legitgrams.com\/#\/schema\/logo\/image\/","url":"https:\/\/legitgrams.com\/wp-content\/uploads\/2024\/09\/main-logo.png","contentUrl":"https:\/\/legitgrams.com\/wp-content\/uploads\/2024\/09\/main-logo.png","width":270,"height":75,"caption":"Legit Grams"},"image":{"@id":"https:\/\/legitgrams.com\/#\/schema\/logo\/image\/"}}]}},"uagb_featured_image_src":{"full":["https:\/\/legitgrams.com\/wp-content\/uploads\/2024\/09\/Buy-Blueberry-Nuken-Shatter.jpg",600,600,false],"thumbnail":["https:\/\/legitgrams.com\/wp-content\/uploads\/2024\/09\/Buy-Blueberry-Nuken-Shatter-150x150.jpg",150,150,true],"medium":["https:\/\/legitgrams.com\/wp-content\/uploads\/2024\/09\/Buy-Blueberry-Nuken-Shatter-300x300.jpg",300,300,true],"medium_large":["https:\/\/legitgrams.com\/wp-content\/uploads\/2024\/09\/Buy-Blueberry-Nuken-Shatter.jpg",600,600,false],"large":["https:\/\/legitgrams.com\/wp-content\/uploads\/2024\/09\/Buy-Blueberry-Nuken-Shatter.jpg",600,600,false],"1536x1536":["https:\/\/legitgrams.com\/wp-content\/uploads\/2024\/09\/Buy-Blueberry-Nuken-Shatter.jpg",600,600,false],"2048x2048":["https:\/\/legitgrams.com\/wp-content\/uploads\/2024\/09\/Buy-Blueberry-Nuken-Shatter.jpg",600,600,false],"trp-custom-language-flag":["https:\/\/legitgrams.com\/wp-content\/uploads\/2024\/09\/Buy-Blueberry-Nuken-Shatter-12x12.jpg",12,12,true],"woocommerce_thumbnail":["https:\/\/legitgrams.com\/wp-content\/uploads\/2024\/09\/Buy-Blueberry-Nuken-Shatter-300x300.jpg",300,300,true],"woocommerce_single":["https:\/\/legitgrams.com\/wp-content\/uploads\/2024\/09\/Buy-Blueberry-Nuken-Shatter.jpg",600,600,false],"woocommerce_gallery_thumbnail":["https:\/\/legitgrams.com\/wp-content\/uploads\/2024\/09\/Buy-Blueberry-Nuken-Shatter-100x100.jpg",100,100,true]},"uagb_author_info":{"display_name":"cokeblog18","author_link":"https:\/\/legitgrams.com\/fr\/author\/"},"uagb_comment_info":0,"uagb_excerpt":"Top Shelf Online: Blueberry Nuken Shatter for Sale The Blueberry Shatter concentrate was created from a new strain that came from the creative mind of legendary DJ Short. The premium extract Blueberry Shatter is regarded by the cannabis community as one of the most potent and invigorating indica hybrids on the market. Expect a taste&hellip;","_links":{"self":[{"href":"https:\/\/legitgrams.com\/fr\/wp-json\/wp\/v2\/product\/5353","targetHints":{"allow":["GET"]}}],"collection":[{"href":"https:\/\/legitgrams.com\/fr\/wp-json\/wp\/v2\/product"}],"about":[{"href":"https:\/\/legitgrams.com\/fr\/wp-json\/wp\/v2\/types\/product"}],"replies":[{"embeddable":true,"href":"https:\/\/legitgrams.com\/fr\/wp-json\/wp\/v2\/comments?post=5353"}],"wp:featuredmedia":[{"embeddable":true,"href":"https:\/\/legitgrams.com\/fr\/wp-json\/wp\/v2\/media\/5356"}],"wp:attachment":[{"href":"https:\/\/legitgrams.com\/fr\/wp-json\/wp\/v2\/media?parent=5353"}],"wp:term":[{"taxonomy":"product_brand","embeddable":true,"href":"https:\/\/legitgrams.com\/fr\/wp-json\/wp\/v2\/product_brand?post=5353"},{"taxonomy":"product_cat","embeddable":true,"href":"https:\/\/legitgrams.com\/fr\/wp-json\/wp\/v2\/product_cat?post=5353"},{"taxonomy":"product_tag","embeddable":true,"href":"https:\/\/legitgrams.com\/fr\/wp-json\/wp\/v2\/product_tag?post=5353"}],"curies":[{"name":"wp","href":"https:\/\/api.w.org\/{rel}","templated":true}]}}