{"id":2928,"date":"2024-04-01T10:28:54","date_gmt":"2024-04-01T10:28:54","guid":{"rendered":"https:\/\/unkrautmarkt.com\/coke\/?post_type=product&#038;p=2928"},"modified":"2025-01-14T05:03:35","modified_gmt":"2025-01-14T05:03:35","slug":"halpikkelyes-kokain","status":"publish","type":"product","link":"https:\/\/legitgrams.com\/hu\/termek\/halpikkelyes-kokain\/","title":{"rendered":"Fishscale kokain"},"content":{"rendered":"<h2>A LegitGrams pr\u00e9mium min\u0151s\u00e9g\u0171 halpikkelyes kokaint k\u00edn\u00e1l online elad\u00e1sra.<\/h2>\n<p>Mi, a LegitGramsn\u00e1l igaz\u00e1n b\u00fcszk\u00e9k vagyunk arra, hogy a legjobbat ny\u00fajthatjuk <a href=\"https:\/\/legitgrams.com\/hu\/termek\/halpikkelyes-kokain\/\">Fishscale kokain<\/a> online el\u00e9rhet\u0151. Kit\u0171n\u00fcnk a piacon, mert a term\u00e9k\u00fcnk min\u0151s\u00e9ge \u00e9s hat\u00e9konys\u00e1ga miatt, amelyet kiv\u00e1l\u00f3 szolg\u00e1ltat\u00f3kt\u00f3l sz\u00e1ll\u00edtunk.<\/p>\n<h3>Mi\u00e9rt v\u00e1s\u00e1roljon Fishscale kokaint t\u0151l\u00fcnk online?<\/h3>\n<p>A min\u0151s\u00e9get v\u00e1lasztja, ha Fishscale Cocaine-t v\u00e1s\u00e1rol online a LegitGrams-t\u00f3l. A min\u0151s\u00e9gbiztos\u00edt\u00e1s \u00e9s az \u00fcgyfelek el\u00e9gedetts\u00e9ge ir\u00e1nti elk\u00f6telezetts\u00e9g\u00fcnk miatt mi vagyunk a legjobb hely a Fishscale Cocaine beszerz\u00e9s\u00e9re. Ez az oka:<\/p>\n<h3>Kiv\u00e1l\u00f3 Fishscale kokain min\u0151s\u00e9g<\/h3>\n<p>Amikor az elad\u00f3 Fishscale kokainr\u00f3l van sz\u00f3, felismerj\u00fck a hat\u00e9konys\u00e1g \u00e9s a tisztas\u00e1g \u00e9rt\u00e9k\u00e9t. Emiatt term\u00e9k\u00fcnket alapos tesztel\u00e9si folyamatnak vetj\u00fck al\u00e1, hogy megbizonyosodjunk arr\u00f3l, hogy megfelel a legmagasabb k\u00f6vetelm\u00e9nyeknek, \u00e9s pr\u00e9mium \u00e9lm\u00e9nyt ny\u00fajt \u00fcgyfeleinknek.<\/p>\n<p>Egyszer\u0171 \u00e9s biztons\u00e1gos rendel\u00e9si elj\u00e1r\u00e1s: k\u00f6nny\u0171 \u00e9s biztons\u00e1gos Fishscale kokaint rendelni a LegitGrams-t\u00f3l. V\u00e1s\u00e1rolhat Fishscale Cocaine-t online, \u00e9s n\u00e9h\u00e1ny kattint\u00e1ssal titokban h\u00e1zhoz sz\u00e1ll\u00edthatja. Az \u00d6n adatainak v\u00e9delm\u00e9t helyezz\u00fck el\u0151t\u00e9rbe, \u00e9s gondoskodunk arr\u00f3l, hogy minden tranzakci\u00f3 z\u00f6kken\u0151mentesen menjen v\u00e9gbe.<\/p>\n<h3>Hol v\u00e1s\u00e1rolhat LegitGrams Fishscale kokaint<\/h3>\n<p>A LegitGrams az egyetlen hely, ahov\u00e1 \u00e9rdemes felmenni, ha Fishscale kokaint keres. Azon \u00fcgyfelek sz\u00e1m\u00e1ra, akik pr\u00e9mium min\u0151s\u00e9g\u0171 kokaint keresnek online elad\u00e1sra, a megb\u00edzhat\u00f3s\u00e1g \u00e9s a min\u0151s\u00e9g tekintet\u00e9ben kiv\u00e1l\u00f3 h\u00edrnev\u00fcnk miatt a legjobb v\u00e1laszt\u00e1sunk.<\/p>\n<h3>Hogyan v\u00e1s\u00e1rolhat kokaint a Fishscale Online-r\u00f3l<\/h3>\n<p>Soha nem volt m\u00e9g ilyen egyszer\u0171 Fishscale Cocaine online v\u00e1s\u00e1rl\u00e1sa. Csak n\u00e9zze \u00e1t k\u00e9szlet\u00fcnket, \u00e9s tegye a kos\u00e1rba a k\u00edv\u00e1nt term\u00e9keket. Biztons\u00e1gos fizet\u00e9si elj\u00e1r\u00e1sunknak k\u00f6sz\u00f6nhet\u0151en minden v\u00e1s\u00e1rl\u00e1s probl\u00e9mamentes.<\/p>\n<h3>Garant\u00e1lt vev\u0151i el\u00e9gedetts\u00e9g<\/h3>\n<p>A LegitGramsn\u00e1l az \u00fcgyfelek boldogs\u00e1ga az els\u0151, a LegitGramsn\u00e1l az \u00fcgyfelek el\u00e9gedetts\u00e9ge az els\u0151dleges szempont. Munkat\u00e1rsaink elk\u00f6telezettek amellett, hogy \u00d6n kiemelked\u0151 tapasztalattal rendelkezzen a vel\u00fcnk val\u00f3 munkav\u00e9gz\u00e9s sor\u00e1n. Megb\u00edzhat\u00f3 sz\u00e1ll\u00edt\u00e1st \u00e9s kiv\u00e1l\u00f3 min\u0151s\u00e9g\u0171 term\u00e9keket k\u00edn\u00e1lunk \u00fcgyfeleinknek.<\/p>\n<h3>V\u00e1s\u00e1roljon Fishscale kokaint most online<\/h3>\n<p>K\u00e9szen \u00e1llsz, hogy kipr\u00f3b\u00e1ld a legjobb online el\u00e9rhet\u0151 Fishscale kokaint? Rendeljen most a LegitGrams-t\u00f3l, hogy megtudja, mi\u00e9rt mi vagyunk a kiv\u00e1l\u00f3 min\u0151s\u00e9g\u0171 kokain\u00e1ruk legjobb forr\u00e1sai. V\u00e1rjuk, hogy egy\u00fctt dolgozhassunk, \u00e9s az \u00d6n \u00f6r\u00f6me a legfontosabb sz\u00e1munkra.<\/p>\n<p>V\u00e1s\u00e1roljon kokaint online a LegitGrams seg\u00edts\u00e9g\u00e9vel: Sz\u00e1m\u00edtson a kiv\u00e1l\u00f3 min\u0151s\u00e9gre \u00e9s szolg\u00e1ltat\u00e1sra<\/p>\n<p>A LegitGrams p\u00e1ratlan min\u0151s\u00e9gben \u00e9s kiv\u00e1l\u00f3s\u00e1gban b\u00edzhat az online kokain v\u00e1s\u00e1rl\u00e1sakor. A Fishscale Cocaine els\u0151 sz\u00e1m\u00fa elad\u00f3jak\u00e9nt kit\u0171n\u00fcnk a hat\u00e9konys\u00e1g, a tisztas\u00e1g \u00e9s az \u00fcgyfelek el\u00e9gedetts\u00e9ge ir\u00e1nti elk\u00f6telezetts\u00e9g\u00fcnkkel. Munkat\u00e1rsaink elk\u00f6telezettek amellett, hogy \u00d6n kiemelked\u0151 tapasztalattal rendelkezzen a vel\u00fcnk val\u00f3 munkav\u00e9gz\u00e9s sor\u00e1n. Megb\u00edzhat\u00f3 sz\u00e1ll\u00edt\u00e1st \u00e9s kiv\u00e1l\u00f3 min\u0151s\u00e9g\u0171 term\u00e9keket k\u00edn\u00e1lunk \u00fcgyfeleinknek. <a href=\"https:\/\/legitgrams.com\/hu\/\">LegitGrams<\/a><\/p>\n<h3>V\u00e1s\u00e1roljon Fishscale kokaint most online<\/h3>\n<p>K\u00e9szen \u00e1llsz arra, hogy megpr\u00f3b\u00e1ld a legjobbat? <a href=\"https:\/\/en.wikipedia.org\/wiki\/Fentanyl\">Fishscale<\/a> Interneten el\u00e9rhet\u0151 kokain? Rendeljen most a LegitGrams-t\u00f3l, hogy megtudja, mi\u00e9rt mi vagyunk a kiv\u00e1l\u00f3 min\u0151s\u00e9g\u0171 kokain\u00e1ruk legjobb forr\u00e1sai. V\u00e1rjuk, hogy egy\u00fctt dolgozhassunk, \u00e9s az \u00d6n \u00f6r\u00f6me a legfontosabb sz\u00e1munkra.<\/p>\n<p>&nbsp;<\/p>","protected":false},"excerpt":{"rendered":"<p>LegitGrams offers premium fishscale cocaine for sale online. We at LegitGrams are really proud to provide the best Fishscale Cocaine available online. We stand out in the market because to the quality and potency of our product, which is supplied from excellent providers. Why Purchase Fishscale Cocaine from Us Online? You&#8217;re choosing quality when you &hellip;<\/p>\n<p class=\"read-more\"> <a class=\"\" href=\"https:\/\/legitgrams.com\/hu\/termek\/halpikkelyes-kokain\/\"> <span class=\"screen-reader-text\">Fishscale kokain<\/span> Olvass tov\u00e1bb \"<\/a><\/p>","protected":false},"featured_media":2944,"comment_status":"open","ping_status":"closed","template":"","meta":{"_uag_custom_page_level_css":"","site-sidebar-layout":"default","site-content-layout":"default","ast-global-header-display":"","ast-main-header-display":"","ast-hfb-above-header-display":"","ast-hfb-below-header-display":"","ast-hfb-mobile-header-display":"","site-post-title":"","ast-breadcrumbs-content":"","ast-featured-img":"","footer-sml-layout":"","theme-transparent-header-meta":"default","adv-header-id-meta":"","stick-header-meta":"default","header-above-stick-meta":"","header-main-stick-meta":"","header-below-stick-meta":"","_joinchat":[]},"product_brand":[],"product_cat":[70],"product_tag":[119,120,121,122,123,124,125,126,127,128,129,130,131,132,133,134,135],"class_list":{"0":"post-2928","1":"product","2":"type-product","3":"status-publish","4":"has-post-thumbnail","6":"product_cat-cocaine","7":"product_tag-benefits-of-fishscale-cocaine","8":"product_tag-best-place-to-order-fishscale-cocaine","9":"product_tag-buy-fishscale-cocaine-legally","10":"product_tag-buy-fishscale-cocaine-online-australia","11":"product_tag-buy-fishscale-cocaine-online-near-me","12":"product_tag-buy-fishscale-cocaine-online-usa","13":"product_tag-cheap-fishscale-cocaine","14":"product_tag-cocaine-fish-scale","15":"product_tag-fishscale-cocaine-for-sale","16":"product_tag-fishscale-cocaine-price","17":"product_tag-fishscale-cocaine-wholesale","18":"product_tag-how-can-i-get-the-best-fishscale-cocaine","19":"product_tag-how-to-order-fishscale-cocaine","20":"product_tag-legit-fishscale-cocaine-online","21":"product_tag-what-is-fishscale-cocaine","22":"product_tag-where-can-i-buy-fishscale-cocaine","23":"product_tag-where-to-buy-fishscale-cocaine","24":"desktop-align-left","25":"tablet-align-left","26":"mobile-align-left","27":"ast-product-gallery-layout-horizontal","28":"ast-product-gallery-with-no-image","29":"ast-product-single-variable","30":"ast-product-tabs-layout-horizontal","31":"ast-qv-on-image","33":"first","34":"instock","35":"featured","36":"shipping-taxable","37":"purchasable","38":"product-type-variable"},"yoast_head":"<!-- This site is optimized with the Yoast SEO plugin v25.9 - https:\/\/yoast.com\/wordpress\/plugins\/seo\/ -->\n<title>Fishscale Cocaine for Sale - Order Fishscale Cocaine Online<\/title>\n<meta name=\"description\" content=\"Where to buy Fishscale Cocaine online at the best price? Find high-quality Fishscale Cocaine for sale at our secure online store, catering to your research requirements. Order Now!\" \/>\n<meta name=\"robots\" content=\"index, follow, max-snippet:-1, max-image-preview:large, max-video-preview:-1\" \/>\n<link rel=\"canonical\" href=\"https:\/\/legitgrams.com\/hu\/termek\/halpikkelyes-kokain\/\" \/>\n<meta property=\"og:locale\" content=\"hu_HU\" \/>\n<meta property=\"og:type\" content=\"article\" \/>\n<meta property=\"og:title\" content=\"Fishscale Cocaine for Sale - Order Fishscale Cocaine Online\" \/>\n<meta property=\"og:description\" content=\"Where to buy Fishscale Cocaine online at the best price? Find high-quality Fishscale Cocaine for sale at our secure online store, catering to your research requirements. Order Now!\" \/>\n<meta property=\"og:url\" content=\"https:\/\/legitgrams.com\/hu\/termek\/halpikkelyes-kokain\/\" \/>\n<meta property=\"og:site_name\" content=\"Legit Grams\" \/>\n<meta property=\"article:modified_time\" content=\"2025-01-14T05:03:35+00:00\" \/>\n<meta property=\"og:image\" content=\"https:\/\/legitgrams.com\/wp-content\/uploads\/2024\/04\/fishscale-cocaine.jpg\" \/>\n\t<meta property=\"og:image:width\" content=\"600\" \/>\n\t<meta property=\"og:image:height\" content=\"600\" \/>\n\t<meta property=\"og:image:type\" content=\"image\/jpeg\" \/>\n<meta name=\"twitter:card\" content=\"summary_large_image\" \/>\n<meta name=\"twitter:label1\" content=\"Becs\u00fclt olvas\u00e1si id\u0151\" \/>\n\t<meta name=\"twitter:data1\" content=\"3 perc\" \/>\n<script type=\"application\/ld+json\" class=\"yoast-schema-graph\">{\"@context\":\"https:\/\/schema.org\",\"@graph\":[{\"@type\":\"WebPage\",\"@id\":\"https:\/\/legitgrams.com\/product\/fishscale-cocaine\/\",\"url\":\"https:\/\/legitgrams.com\/product\/fishscale-cocaine\/\",\"name\":\"Fishscale Cocaine for Sale - Order Fishscale Cocaine Online\",\"isPartOf\":{\"@id\":\"https:\/\/legitgrams.com\/#website\"},\"primaryImageOfPage\":{\"@id\":\"https:\/\/legitgrams.com\/product\/fishscale-cocaine\/#primaryimage\"},\"image\":{\"@id\":\"https:\/\/legitgrams.com\/product\/fishscale-cocaine\/#primaryimage\"},\"thumbnailUrl\":\"https:\/\/legitgrams.com\/wp-content\/uploads\/2024\/04\/fishscale-cocaine.jpg\",\"datePublished\":\"2024-04-01T10:28:54+00:00\",\"dateModified\":\"2025-01-14T05:03:35+00:00\",\"description\":\"Where to buy Fishscale Cocaine online at the best price? Find high-quality Fishscale Cocaine for sale at our secure online store, catering to your research requirements. Order Now!\",\"breadcrumb\":{\"@id\":\"https:\/\/legitgrams.com\/product\/fishscale-cocaine\/#breadcrumb\"},\"inLanguage\":\"hu\",\"potentialAction\":[{\"@type\":\"ReadAction\",\"target\":[\"https:\/\/legitgrams.com\/product\/fishscale-cocaine\/\"]}]},{\"@type\":\"ImageObject\",\"inLanguage\":\"hu\",\"@id\":\"https:\/\/legitgrams.com\/product\/fishscale-cocaine\/#primaryimage\",\"url\":\"https:\/\/legitgrams.com\/wp-content\/uploads\/2024\/04\/fishscale-cocaine.jpg\",\"contentUrl\":\"https:\/\/legitgrams.com\/wp-content\/uploads\/2024\/04\/fishscale-cocaine.jpg\",\"width\":600,\"height\":600,\"caption\":\"Buy Fishscale Cocaine Online\"},{\"@type\":\"BreadcrumbList\",\"@id\":\"https:\/\/legitgrams.com\/product\/fishscale-cocaine\/#breadcrumb\",\"itemListElement\":[{\"@type\":\"ListItem\",\"position\":1,\"name\":\"Home\",\"item\":\"https:\/\/legitgrams.com\/\"},{\"@type\":\"ListItem\",\"position\":2,\"name\":\"Shop\",\"item\":\"https:\/\/legitgrams.com\/shop\/\"},{\"@type\":\"ListItem\",\"position\":3,\"name\":\"Fishscale Cocaine\"}]},{\"@type\":\"WebSite\",\"@id\":\"https:\/\/legitgrams.com\/#website\",\"url\":\"https:\/\/legitgrams.com\/\",\"name\":\"Legit Grams\",\"description\":\"My WordPress Blog\",\"publisher\":{\"@id\":\"https:\/\/legitgrams.com\/#organization\"},\"potentialAction\":[{\"@type\":\"SearchAction\",\"target\":{\"@type\":\"EntryPoint\",\"urlTemplate\":\"https:\/\/legitgrams.com\/?s={search_term_string}\"},\"query-input\":{\"@type\":\"PropertyValueSpecification\",\"valueRequired\":true,\"valueName\":\"search_term_string\"}}],\"inLanguage\":\"hu\"},{\"@type\":\"Organization\",\"@id\":\"https:\/\/legitgrams.com\/#organization\",\"name\":\"Legit Grams\",\"url\":\"https:\/\/legitgrams.com\/\",\"logo\":{\"@type\":\"ImageObject\",\"inLanguage\":\"hu\",\"@id\":\"https:\/\/legitgrams.com\/#\/schema\/logo\/image\/\",\"url\":\"https:\/\/legitgrams.com\/wp-content\/uploads\/2024\/09\/main-logo.png\",\"contentUrl\":\"https:\/\/legitgrams.com\/wp-content\/uploads\/2024\/09\/main-logo.png\",\"width\":270,\"height\":75,\"caption\":\"Legit Grams\"},\"image\":{\"@id\":\"https:\/\/legitgrams.com\/#\/schema\/logo\/image\/\"}}]}<\/script>\n<!-- \/ Yoast SEO plugin. -->","yoast_head_json":{"title":"Fishscale kokain elad\u00f3 - Rendel\u00e9s Fishscale kokain Online","description":"Hol lehet megv\u00e1s\u00e1rolni a Fishscale kokain online a legjobb \u00e1ron? Tal\u00e1ljon kiv\u00e1l\u00f3 min\u0151s\u00e9g\u0171 Fishscale Cocaine elad\u00f3 biztons\u00e1gos online \u00e1ruh\u00e1zunkban, amely kiel\u00e9g\u00edti az \u00d6n kutat\u00e1si ig\u00e9nyeit. Rendeljen most!","robots":{"index":"index","follow":"follow","max-snippet":"max-snippet:-1","max-image-preview":"max-image-preview:large","max-video-preview":"max-video-preview:-1"},"canonical":"https:\/\/legitgrams.com\/hu\/termek\/halpikkelyes-kokain\/","og_locale":"hu_HU","og_type":"article","og_title":"Fishscale Cocaine for Sale - Order Fishscale Cocaine Online","og_description":"Where to buy Fishscale Cocaine online at the best price? Find high-quality Fishscale Cocaine for sale at our secure online store, catering to your research requirements. Order Now!","og_url":"https:\/\/legitgrams.com\/hu\/termek\/halpikkelyes-kokain\/","og_site_name":"Legit Grams","article_modified_time":"2025-01-14T05:03:35+00:00","og_image":[{"width":600,"height":600,"url":"https:\/\/legitgrams.com\/wp-content\/uploads\/2024\/04\/fishscale-cocaine.jpg","type":"image\/jpeg"}],"twitter_card":"summary_large_image","twitter_misc":{"Becs\u00fclt olvas\u00e1si id\u0151":"3 perc"},"schema":{"@context":"https:\/\/schema.org","@graph":[{"@type":"WebPage","@id":"https:\/\/legitgrams.com\/product\/fishscale-cocaine\/","url":"https:\/\/legitgrams.com\/product\/fishscale-cocaine\/","name":"Fishscale kokain elad\u00f3 - Rendel\u00e9s Fishscale kokain Online","isPartOf":{"@id":"https:\/\/legitgrams.com\/#website"},"primaryImageOfPage":{"@id":"https:\/\/legitgrams.com\/product\/fishscale-cocaine\/#primaryimage"},"image":{"@id":"https:\/\/legitgrams.com\/product\/fishscale-cocaine\/#primaryimage"},"thumbnailUrl":"https:\/\/legitgrams.com\/wp-content\/uploads\/2024\/04\/fishscale-cocaine.jpg","datePublished":"2024-04-01T10:28:54+00:00","dateModified":"2025-01-14T05:03:35+00:00","description":"Hol lehet megv\u00e1s\u00e1rolni a Fishscale kokain online a legjobb \u00e1ron? Tal\u00e1ljon kiv\u00e1l\u00f3 min\u0151s\u00e9g\u0171 Fishscale Cocaine elad\u00f3 biztons\u00e1gos online \u00e1ruh\u00e1zunkban, amely kiel\u00e9g\u00edti az \u00d6n kutat\u00e1si ig\u00e9nyeit. Rendeljen most!","breadcrumb":{"@id":"https:\/\/legitgrams.com\/product\/fishscale-cocaine\/#breadcrumb"},"inLanguage":"hu","potentialAction":[{"@type":"ReadAction","target":["https:\/\/legitgrams.com\/product\/fishscale-cocaine\/"]}]},{"@type":"ImageObject","inLanguage":"hu","@id":"https:\/\/legitgrams.com\/product\/fishscale-cocaine\/#primaryimage","url":"https:\/\/legitgrams.com\/wp-content\/uploads\/2024\/04\/fishscale-cocaine.jpg","contentUrl":"https:\/\/legitgrams.com\/wp-content\/uploads\/2024\/04\/fishscale-cocaine.jpg","width":600,"height":600,"caption":"Buy Fishscale Cocaine Online"},{"@type":"BreadcrumbList","@id":"https:\/\/legitgrams.com\/product\/fishscale-cocaine\/#breadcrumb","itemListElement":[{"@type":"ListItem","position":1,"name":"Home","item":"https:\/\/legitgrams.com\/"},{"@type":"ListItem","position":2,"name":"Shop","item":"https:\/\/legitgrams.com\/shop\/"},{"@type":"ListItem","position":3,"name":"Fishscale Cocaine"}]},{"@type":"WebSite","@id":"https:\/\/legitgrams.com\/#website","url":"https:\/\/legitgrams.com\/","name":"Legit Grams","description":"Az \u00e9n WordPress blogom","publisher":{"@id":"https:\/\/legitgrams.com\/#organization"},"potentialAction":[{"@type":"SearchAction","target":{"@type":"EntryPoint","urlTemplate":"https:\/\/legitgrams.com\/?s={search_term_string}"},"query-input":{"@type":"PropertyValueSpecification","valueRequired":true,"valueName":"search_term_string"}}],"inLanguage":"hu"},{"@type":"Organization","@id":"https:\/\/legitgrams.com\/#organization","name":"Legit Grams","url":"https:\/\/legitgrams.com\/","logo":{"@type":"ImageObject","inLanguage":"hu","@id":"https:\/\/legitgrams.com\/#\/schema\/logo\/image\/","url":"https:\/\/legitgrams.com\/wp-content\/uploads\/2024\/09\/main-logo.png","contentUrl":"https:\/\/legitgrams.com\/wp-content\/uploads\/2024\/09\/main-logo.png","width":270,"height":75,"caption":"Legit Grams"},"image":{"@id":"https:\/\/legitgrams.com\/#\/schema\/logo\/image\/"}}]}},"uagb_featured_image_src":{"full":["https:\/\/legitgrams.com\/wp-content\/uploads\/2024\/04\/fishscale-cocaine.jpg",600,600,false],"thumbnail":["https:\/\/legitgrams.com\/wp-content\/uploads\/2024\/04\/fishscale-cocaine-150x150.jpg",150,150,true],"medium":["https:\/\/legitgrams.com\/wp-content\/uploads\/2024\/04\/fishscale-cocaine-300x300.jpg",300,300,true],"medium_large":["https:\/\/legitgrams.com\/wp-content\/uploads\/2024\/04\/fishscale-cocaine.jpg",600,600,false],"large":["https:\/\/legitgrams.com\/wp-content\/uploads\/2024\/04\/fishscale-cocaine.jpg",600,600,false],"1536x1536":["https:\/\/legitgrams.com\/wp-content\/uploads\/2024\/04\/fishscale-cocaine.jpg",600,600,false],"2048x2048":["https:\/\/legitgrams.com\/wp-content\/uploads\/2024\/04\/fishscale-cocaine.jpg",600,600,false],"trp-custom-language-flag":["https:\/\/legitgrams.com\/wp-content\/uploads\/2024\/04\/fishscale-cocaine.jpg",12,12,false],"woocommerce_thumbnail":["https:\/\/legitgrams.com\/wp-content\/uploads\/2024\/04\/fishscale-cocaine-300x300.jpg",300,300,true],"woocommerce_single":["https:\/\/legitgrams.com\/wp-content\/uploads\/2024\/04\/fishscale-cocaine.jpg",600,600,false],"woocommerce_gallery_thumbnail":["https:\/\/legitgrams.com\/wp-content\/uploads\/2024\/04\/fishscale-cocaine-100x100.jpg",100,100,true]},"uagb_author_info":{"display_name":"cokeblog18","author_link":"https:\/\/legitgrams.com\/hu\/author\/"},"uagb_comment_info":1,"uagb_excerpt":"LegitGrams offers premium fishscale cocaine for sale online. We at LegitGrams are really proud to provide the best Fishscale Cocaine available online. We stand out in the market because to the quality and potency of our product, which is supplied from excellent providers. Why Purchase Fishscale Cocaine from Us Online? You&#8217;re choosing quality when you&hellip;","_links":{"self":[{"href":"https:\/\/legitgrams.com\/hu\/wp-json\/wp\/v2\/product\/2928","targetHints":{"allow":["GET"]}}],"collection":[{"href":"https:\/\/legitgrams.com\/hu\/wp-json\/wp\/v2\/product"}],"about":[{"href":"https:\/\/legitgrams.com\/hu\/wp-json\/wp\/v2\/types\/product"}],"replies":[{"embeddable":true,"href":"https:\/\/legitgrams.com\/hu\/wp-json\/wp\/v2\/comments?post=2928"}],"wp:featuredmedia":[{"embeddable":true,"href":"https:\/\/legitgrams.com\/hu\/wp-json\/wp\/v2\/media\/2944"}],"wp:attachment":[{"href":"https:\/\/legitgrams.com\/hu\/wp-json\/wp\/v2\/media?parent=2928"}],"wp:term":[{"taxonomy":"product_brand","embeddable":true,"href":"https:\/\/legitgrams.com\/hu\/wp-json\/wp\/v2\/product_brand?post=2928"},{"taxonomy":"product_cat","embeddable":true,"href":"https:\/\/legitgrams.com\/hu\/wp-json\/wp\/v2\/product_cat?post=2928"},{"taxonomy":"product_tag","embeddable":true,"href":"https:\/\/legitgrams.com\/hu\/wp-json\/wp\/v2\/product_tag?post=2928"}],"curies":[{"name":"wp","href":"https:\/\/api.w.org\/{rel}","templated":true}]}}