{"id":3238,"date":"2024-08-03T05:18:04","date_gmt":"2024-08-03T05:18:04","guid":{"rendered":"https:\/\/cokebricks.com\/?post_type=product&#038;p=3238"},"modified":"2025-06-12T22:12:50","modified_gmt":"2025-06-12T22:12:50","slug":"kokain","status":"publish","type":"product","link":"https:\/\/legitgrams.com\/hu\/termek\/kokain\/","title":{"rendered":"Kokain online v\u00e1s\u00e1rl\u00e1s"},"content":{"rendered":"<h2>V\u00e1s\u00e1roljon kokaint online | V\u00e1s\u00e1roljon kokaint<\/h2>\n<p>\u00f6sszehasonl\u00edthat\u00f3 <a href=\"https:\/\/www.bing.com\/search?q=Buy%20Cocaine%20Online&amp;qs=n&amp;form=QBRE&amp;sp=-1&amp;lq=0&amp;pq=buy%20cocaine%20online&amp;sc=0-18&amp;sk=&amp;cvid=86F7F7051BA84E1292A6DAB3B2741B31&amp;ghsh=0&amp;ghacc=0&amp;ghpl=\">szintetikus kokain<\/a> <a href=\"https:\/\/legitgrams.com\/hu\/termek\/kokain\/\">Kokain<\/a> egy trop\u00e1nb\u00f3l sz\u00e1rmaz\u00f3 anyag. Az online v\u00e1s\u00e1rl\u00e1s kokain dopamin-\u00fajrafelv\u00e9telt g\u00e1tl\u00f3 hat\u00e1sa csak valamivel magasabb, mint a kokain <a href=\"https:\/\/www.bing.com\/search?q=Buy%20Cocaine%20Online&amp;qs=n&amp;form=QBRE&amp;sp=-1&amp;lq=0&amp;pq=buy%20cocaine%20online&amp;sc=0-18&amp;sk=&amp;cvid=86F7F7051BA84E1292A6DAB3B2741B31&amp;ghsh=0&amp;ghacc=0&amp;ghpl=\">kokain<\/a> \u00f6sszehasonl\u00edtva az olyan gy\u00f3gyszerekkel, mint a hasonl\u00f3 kokainsz\u00e1rmaz\u00e9k, a CFT \u00e9s annak 2'-hidroxi-anal\u00f3gja, a szalicil-metilekgonin. <a href=\"https:\/\/legitgrams.com\/hu\/\">LegitGrams<\/a><\/p>\n<h3>a kokainpor vezet\u0151 online kiskeresked\u0151je<\/h3>\n<p><a href=\"https:\/\/en.wikipedia.org\/wiki\/Cocaine\">Kokain<\/a>, the analogue of cocaine, comes from tropane. <a href=\"https:\/\/www.google.com\/search?q=Buy+Cocaine+Online&amp;num=10&amp;sca_esv=1a2a07081c7891bb&amp;rlz=1C1RXQR_enIN1098IN1098&amp;sxsrf=AHTn8zrenf0jcvJL5iPn9PqlCgfWAW7sMg%3A1742187579792&amp;ei=O6zXZ96EMIqK4-EPkIOF6Qk&amp;ved=0ahUKEwiejs2-qpCMAxUKxTgGHZBBIZ0Q4dUDCBA&amp;uact=5&amp;oq=Buy+Cocaine+Online&amp;gs_lp=Egxnd3Mtd2l6LXNlcnAiEkJ1eSBDb2NhaW5lIE9ubGluZUiwB1CFBFiFBHADeACQAQCYAaIBoAGiAaoBAzAuMbgBA8gBAPgBAvgBAZgCA6ACDMICCBAAGLADGO8FwgILEAAYgAQYsAMYogSYAwCIBgGQBgKSBwEzoAdG&amp;sclient=gws-wiz-serp\">Kokain<\/a> , a kokain anal\u00f3gja, a trop\u00e1nb\u00f3l sz\u00e1rmazik. A kokain farmakol\u00f3giai profilja jelent\u0151sen elt\u00e9r az \u00e1llatk\u00eds\u00e9rletek sor\u00e1n, mivel sokkal er\u0151sebben g\u00e1tolja a szerotonin-\u00fajrafelv\u00e9telt, mint a kokain, de csak csek\u00e9ly m\u00e9rt\u00e9kben hat\u00e1sosabb a kokainn\u00e1l a dopamin-\u00fajrafelv\u00e9tel g\u00e1tl\u00f3jak\u00e9nt. Ez ellent\u00e9tben \u00e1ll az olyan \u00f6sszehasonl\u00edthat\u00f3 vegy\u00fcletekkel, mint az anal\u00f3g kokainsz\u00e1rmaz\u00e9k CFT \u00e9s a 2'-hidroxi megfelel\u0151je, a szalicil-metil-lecgonin. <a href=\"https:\/\/www.google.com\/search?q=Buy+Cocaine+Online&amp;num=10&amp;sca_esv=1a2a07081c7891bb&amp;rlz=1C1RXQR_enIN1098IN1098&amp;sxsrf=AHTn8zrenf0jcvJL5iPn9PqlCgfWAW7sMg%3A1742187579792&amp;ei=O6zXZ96EMIqK4-EPkIOF6Qk&amp;ved=0ahUKEwiejs2-qpCMAxUKxTgGHZBBIZ0Q4dUDCBA&amp;uact=5&amp;oq=Buy+Cocaine+Online&amp;gs_lp=Egxnd3Mtd2l6LXNlcnAiEkJ1eSBDb2NhaW5lIE9ubGluZUiwB1CFBFiFBHADeACQAQCYAaIBoAGiAaoBAzAuMbgBA8gBAPgBAvgBAZgCA6ACDMICCBAAGLADGO8FwgILEAAYgAQYsAMYogSYAwCIBgGQBgKSBwEzoAdG&amp;sclient=gws-wiz-serp\">Kokain<\/a> derivative CFT and the 2\u2032-hydroxy counterpart salicylmethy lecgonine.<\/p>\n<p>We provide excellent <a href=\"https:\/\/duckduckgo.com\/?q=Buy+Cocaine+Online&amp;t=h_&amp;ia=web\">kutat\u00e1si vegyszerek<\/a>Kiv\u00e1l\u00f3 kutat\u00e1si vegyszereket k\u00edn\u00e1lunk. Anyagaink teljesen szabv\u00e1nyosak. %-os tisztas\u00e1gi fokukkal szem\u00e9lyes \u00e9s kutat\u00e1si c\u00e9lokra egyar\u00e1nt haszn\u00e1lhat\u00f3ak. Nagyobb megrendel\u00e9s eset\u00e9n fantasztikus \u00e1rakat \u00e9s kedvezm\u00e9nyeket k\u00edn\u00e1lunk. Kutat\u00e1si vegyipari term\u00e9keinket hihetetlen\u00fcl megfizethet\u0151 \u00e1ron tudjuk k\u00edn\u00e1lni, mivel k\u00f6zvetlen hozz\u00e1f\u00e9r\u00e9s\u00fcnk van egy gy\u00e1rt\u00f3\u00fczemhez. D\u00e9l-Amerik\u00e1ba, Eur\u00f3p\u00e1ba, Ausztr\u00e1li\u00e1ba \u00e9s az Egyes\u00fclt \u00c1llamokba sz\u00e1ll\u00edtunk. Mi sz\u00e1ll\u00edtjuk a legt\u00f6bb, ha nem az \u00f6sszes el\u00e9rhet\u0151 legsz\u00e9lesebb k\u00f6rben haszn\u00e1lt vegy\u00fcletet. <a href=\"https:\/\/duckduckgo.com\/?q=Buy+Cocaine+Online&amp;t=h_&amp;ia=web\">carry<\/a> a legt\u00f6bb, ha nem az \u00f6sszes el\u00e9rhet\u0151 legsz\u00e9lesebb k\u00f6rben haszn\u00e1lt vegy\u00fclet.<\/p>\n<p>&nbsp;<\/p>","protected":false},"excerpt":{"rendered":"<p>Purchase Cocaine Online | Buy Cocaine comparable to synthetic cocaine Cocaine is one substance derived from tropane. The dopamine reuptake inhibitory action of purchase cocaine online is only slightly higher than that of cocaine when compared to medications like the similar cocaine derivative CFT and its 2\u2032-hydroxy analog salicylmethylecgonine. LegitGrams top online retailer of cocaine &hellip;<\/p>\n<p class=\"read-more\"> <a class=\"\" href=\"https:\/\/legitgrams.com\/hu\/termek\/kokain\/\"> <span class=\"screen-reader-text\">Kokain online v\u00e1s\u00e1rl\u00e1s<\/span> Olvass tov\u00e1bb \"<\/a><\/p>","protected":false},"featured_media":3248,"comment_status":"open","ping_status":"closed","template":"","meta":{"_uag_custom_page_level_css":"","site-sidebar-layout":"default","site-content-layout":"default","ast-global-header-display":"","ast-main-header-display":"","ast-hfb-above-header-display":"","ast-hfb-below-header-display":"","ast-hfb-mobile-header-display":"","site-post-title":"","ast-breadcrumbs-content":"","ast-featured-img":"","footer-sml-layout":"","theme-transparent-header-meta":"default","adv-header-id-meta":"","stick-header-meta":"default","header-above-stick-meta":"","header-main-stick-meta":"","header-below-stick-meta":"","_joinchat":[]},"product_brand":[],"product_cat":[70],"product_tag":[589,590,592,591,593,594],"class_list":{"0":"post-3238","1":"product","2":"type-product","3":"status-publish","4":"has-post-thumbnail","6":"product_cat-cocaine","7":"product_tag-buy-cocaine","8":"product_tag-buy-cocaine-online","9":"product_tag-cocaine-cannabinoids-for-sale","10":"product_tag-cocaine-for-sale","11":"product_tag-cocaine-for-sale-online","12":"product_tag-cocaine-powder-for-sale","13":"desktop-align-left","14":"tablet-align-left","15":"mobile-align-left","16":"ast-product-gallery-layout-horizontal","17":"ast-product-gallery-with-no-image","18":"ast-product-single-variable","19":"ast-product-tabs-layout-horizontal","20":"ast-qv-on-image","22":"first","23":"instock","24":"shipping-taxable","25":"purchasable","26":"product-type-variable"},"yoast_head":"<!-- This site is optimized with the Yoast SEO plugin v25.9 - https:\/\/yoast.com\/wordpress\/plugins\/seo\/ -->\n<title>Cocaine for Sale - Order Cocaine Powder Online at Best Price<\/title>\n<meta name=\"description\" content=\"Our online Legitgrams store has the best quality Cocaine Powder for sale. If you want to buy Cocaine Powder online, then we can help you from all ends. Order today!\" \/>\n<meta name=\"robots\" content=\"index, follow, max-snippet:-1, max-image-preview:large, max-video-preview:-1\" \/>\n<link rel=\"canonical\" href=\"https:\/\/legitgrams.com\/hu\/termek\/kokain\/\" \/>\n<meta property=\"og:locale\" content=\"hu_HU\" \/>\n<meta property=\"og:type\" content=\"article\" \/>\n<meta property=\"og:title\" content=\"Cocaine for Sale - Order Cocaine Powder Online at Best Price\" \/>\n<meta property=\"og:description\" content=\"Our online Legitgrams store has the best quality Cocaine Powder for sale. If you want to buy Cocaine Powder online, then we can help you from all ends. Order today!\" \/>\n<meta property=\"og:url\" content=\"https:\/\/legitgrams.com\/hu\/termek\/kokain\/\" \/>\n<meta property=\"og:site_name\" content=\"Legit Grams\" \/>\n<meta property=\"article:modified_time\" content=\"2025-06-12T22:12:50+00:00\" \/>\n<meta property=\"og:image\" content=\"https:\/\/legitgrams.com\/wp-content\/uploads\/2024\/08\/cocaine.gif\" \/>\n\t<meta property=\"og:image:width\" content=\"600\" \/>\n\t<meta property=\"og:image:height\" content=\"600\" \/>\n\t<meta property=\"og:image:type\" content=\"image\/gif\" \/>\n<meta name=\"twitter:card\" content=\"summary_large_image\" \/>\n<meta name=\"twitter:label1\" content=\"Becs\u00fclt olvas\u00e1si id\u0151\" \/>\n\t<meta name=\"twitter:data1\" content=\"2 perc\" \/>\n<script type=\"application\/ld+json\" class=\"yoast-schema-graph\">{\"@context\":\"https:\/\/schema.org\",\"@graph\":[{\"@type\":\"WebPage\",\"@id\":\"https:\/\/legitgrams.com\/product\/cocaine\/\",\"url\":\"https:\/\/legitgrams.com\/product\/cocaine\/\",\"name\":\"Cocaine for Sale - Order Cocaine Powder Online at Best Price\",\"isPartOf\":{\"@id\":\"https:\/\/legitgrams.com\/#website\"},\"primaryImageOfPage\":{\"@id\":\"https:\/\/legitgrams.com\/product\/cocaine\/#primaryimage\"},\"image\":{\"@id\":\"https:\/\/legitgrams.com\/product\/cocaine\/#primaryimage\"},\"thumbnailUrl\":\"https:\/\/legitgrams.com\/wp-content\/uploads\/2024\/08\/cocaine.gif\",\"datePublished\":\"2024-08-03T05:18:04+00:00\",\"dateModified\":\"2025-06-12T22:12:50+00:00\",\"description\":\"Our online Legitgrams store has the best quality Cocaine Powder for sale. If you want to buy Cocaine Powder online, then we can help you from all ends. Order today!\",\"breadcrumb\":{\"@id\":\"https:\/\/legitgrams.com\/product\/cocaine\/#breadcrumb\"},\"inLanguage\":\"hu\",\"potentialAction\":[{\"@type\":\"ReadAction\",\"target\":[\"https:\/\/legitgrams.com\/product\/cocaine\/\"]}]},{\"@type\":\"ImageObject\",\"inLanguage\":\"hu\",\"@id\":\"https:\/\/legitgrams.com\/product\/cocaine\/#primaryimage\",\"url\":\"https:\/\/legitgrams.com\/wp-content\/uploads\/2024\/08\/cocaine.gif\",\"contentUrl\":\"https:\/\/legitgrams.com\/wp-content\/uploads\/2024\/08\/cocaine.gif\",\"width\":600,\"height\":600,\"caption\":\"Cocaine for Sale\"},{\"@type\":\"BreadcrumbList\",\"@id\":\"https:\/\/legitgrams.com\/product\/cocaine\/#breadcrumb\",\"itemListElement\":[{\"@type\":\"ListItem\",\"position\":1,\"name\":\"Home\",\"item\":\"https:\/\/legitgrams.com\/\"},{\"@type\":\"ListItem\",\"position\":2,\"name\":\"Shop\",\"item\":\"https:\/\/legitgrams.com\/shop\/\"},{\"@type\":\"ListItem\",\"position\":3,\"name\":\"Buy Cocaine Online\"}]},{\"@type\":\"WebSite\",\"@id\":\"https:\/\/legitgrams.com\/#website\",\"url\":\"https:\/\/legitgrams.com\/\",\"name\":\"Legit Grams\",\"description\":\"My WordPress Blog\",\"publisher\":{\"@id\":\"https:\/\/legitgrams.com\/#organization\"},\"potentialAction\":[{\"@type\":\"SearchAction\",\"target\":{\"@type\":\"EntryPoint\",\"urlTemplate\":\"https:\/\/legitgrams.com\/?s={search_term_string}\"},\"query-input\":{\"@type\":\"PropertyValueSpecification\",\"valueRequired\":true,\"valueName\":\"search_term_string\"}}],\"inLanguage\":\"hu\"},{\"@type\":\"Organization\",\"@id\":\"https:\/\/legitgrams.com\/#organization\",\"name\":\"Legit Grams\",\"url\":\"https:\/\/legitgrams.com\/\",\"logo\":{\"@type\":\"ImageObject\",\"inLanguage\":\"hu\",\"@id\":\"https:\/\/legitgrams.com\/#\/schema\/logo\/image\/\",\"url\":\"https:\/\/legitgrams.com\/wp-content\/uploads\/2024\/09\/main-logo.png\",\"contentUrl\":\"https:\/\/legitgrams.com\/wp-content\/uploads\/2024\/09\/main-logo.png\",\"width\":270,\"height\":75,\"caption\":\"Legit Grams\"},\"image\":{\"@id\":\"https:\/\/legitgrams.com\/#\/schema\/logo\/image\/\"}}]}<\/script>\n<!-- \/ Yoast SEO plugin. -->","yoast_head_json":{"title":"Kokain elad\u00f3 - Rendeljen kokain por online a legjobb \u00e1ron","description":"Online Legitgrams \u00e1ruh\u00e1zunkban a legjobb min\u0151s\u00e9g\u0171 kokain por elad\u00f3. Ha szeretne v\u00e1s\u00e1rolni kokain por online, akkor tudunk seg\u00edteni \u00d6nnek minden v\u00e9g\u00e9n. Rendelje meg m\u00e9g ma!","robots":{"index":"index","follow":"follow","max-snippet":"max-snippet:-1","max-image-preview":"max-image-preview:large","max-video-preview":"max-video-preview:-1"},"canonical":"https:\/\/legitgrams.com\/hu\/termek\/kokain\/","og_locale":"hu_HU","og_type":"article","og_title":"Cocaine for Sale - Order Cocaine Powder Online at Best Price","og_description":"Our online Legitgrams store has the best quality Cocaine Powder for sale. If you want to buy Cocaine Powder online, then we can help you from all ends. Order today!","og_url":"https:\/\/legitgrams.com\/hu\/termek\/kokain\/","og_site_name":"Legit Grams","article_modified_time":"2025-06-12T22:12:50+00:00","og_image":[{"width":600,"height":600,"url":"https:\/\/legitgrams.com\/wp-content\/uploads\/2024\/08\/cocaine.gif","type":"image\/gif"}],"twitter_card":"summary_large_image","twitter_misc":{"Becs\u00fclt olvas\u00e1si id\u0151":"2 perc"},"schema":{"@context":"https:\/\/schema.org","@graph":[{"@type":"WebPage","@id":"https:\/\/legitgrams.com\/product\/cocaine\/","url":"https:\/\/legitgrams.com\/product\/cocaine\/","name":"Kokain elad\u00f3 - Rendeljen kokain por online a legjobb \u00e1ron","isPartOf":{"@id":"https:\/\/legitgrams.com\/#website"},"primaryImageOfPage":{"@id":"https:\/\/legitgrams.com\/product\/cocaine\/#primaryimage"},"image":{"@id":"https:\/\/legitgrams.com\/product\/cocaine\/#primaryimage"},"thumbnailUrl":"https:\/\/legitgrams.com\/wp-content\/uploads\/2024\/08\/cocaine.gif","datePublished":"2024-08-03T05:18:04+00:00","dateModified":"2025-06-12T22:12:50+00:00","description":"Online Legitgrams \u00e1ruh\u00e1zunkban a legjobb min\u0151s\u00e9g\u0171 kokain por elad\u00f3. Ha szeretne v\u00e1s\u00e1rolni kokain por online, akkor tudunk seg\u00edteni \u00d6nnek minden v\u00e9g\u00e9n. Rendelje meg m\u00e9g ma!","breadcrumb":{"@id":"https:\/\/legitgrams.com\/product\/cocaine\/#breadcrumb"},"inLanguage":"hu","potentialAction":[{"@type":"ReadAction","target":["https:\/\/legitgrams.com\/product\/cocaine\/"]}]},{"@type":"ImageObject","inLanguage":"hu","@id":"https:\/\/legitgrams.com\/product\/cocaine\/#primaryimage","url":"https:\/\/legitgrams.com\/wp-content\/uploads\/2024\/08\/cocaine.gif","contentUrl":"https:\/\/legitgrams.com\/wp-content\/uploads\/2024\/08\/cocaine.gif","width":600,"height":600,"caption":"Cocaine for Sale"},{"@type":"BreadcrumbList","@id":"https:\/\/legitgrams.com\/product\/cocaine\/#breadcrumb","itemListElement":[{"@type":"ListItem","position":1,"name":"Home","item":"https:\/\/legitgrams.com\/"},{"@type":"ListItem","position":2,"name":"Shop","item":"https:\/\/legitgrams.com\/shop\/"},{"@type":"ListItem","position":3,"name":"Buy Cocaine Online"}]},{"@type":"WebSite","@id":"https:\/\/legitgrams.com\/#website","url":"https:\/\/legitgrams.com\/","name":"Legit Grams","description":"Az \u00e9n WordPress blogom","publisher":{"@id":"https:\/\/legitgrams.com\/#organization"},"potentialAction":[{"@type":"SearchAction","target":{"@type":"EntryPoint","urlTemplate":"https:\/\/legitgrams.com\/?s={search_term_string}"},"query-input":{"@type":"PropertyValueSpecification","valueRequired":true,"valueName":"search_term_string"}}],"inLanguage":"hu"},{"@type":"Organization","@id":"https:\/\/legitgrams.com\/#organization","name":"Legit Grams","url":"https:\/\/legitgrams.com\/","logo":{"@type":"ImageObject","inLanguage":"hu","@id":"https:\/\/legitgrams.com\/#\/schema\/logo\/image\/","url":"https:\/\/legitgrams.com\/wp-content\/uploads\/2024\/09\/main-logo.png","contentUrl":"https:\/\/legitgrams.com\/wp-content\/uploads\/2024\/09\/main-logo.png","width":270,"height":75,"caption":"Legit Grams"},"image":{"@id":"https:\/\/legitgrams.com\/#\/schema\/logo\/image\/"}}]}},"uagb_featured_image_src":{"full":["https:\/\/legitgrams.com\/wp-content\/uploads\/2024\/08\/cocaine.gif",600,600,false],"thumbnail":["https:\/\/legitgrams.com\/wp-content\/uploads\/2024\/08\/cocaine-150x150.gif",150,150,true],"medium":["https:\/\/legitgrams.com\/wp-content\/uploads\/2024\/08\/cocaine-300x300.gif",300,300,true],"medium_large":["https:\/\/legitgrams.com\/wp-content\/uploads\/2024\/08\/cocaine.gif",600,600,false],"large":["https:\/\/legitgrams.com\/wp-content\/uploads\/2024\/08\/cocaine.gif",600,600,false],"1536x1536":["https:\/\/legitgrams.com\/wp-content\/uploads\/2024\/08\/cocaine.gif",600,600,false],"2048x2048":["https:\/\/legitgrams.com\/wp-content\/uploads\/2024\/08\/cocaine.gif",600,600,false],"trp-custom-language-flag":["https:\/\/legitgrams.com\/wp-content\/uploads\/2024\/08\/cocaine-12x12.gif",12,12,true],"woocommerce_thumbnail":["https:\/\/legitgrams.com\/wp-content\/uploads\/2024\/08\/cocaine-300x300.gif",300,300,true],"woocommerce_single":["https:\/\/legitgrams.com\/wp-content\/uploads\/2024\/08\/cocaine.gif",600,600,false],"woocommerce_gallery_thumbnail":["https:\/\/legitgrams.com\/wp-content\/uploads\/2024\/08\/cocaine-100x100.gif",100,100,true]},"uagb_author_info":{"display_name":"cokeblog18","author_link":"https:\/\/legitgrams.com\/hu\/author\/"},"uagb_comment_info":2,"uagb_excerpt":"Purchase Cocaine Online | Buy Cocaine comparable to synthetic cocaine Cocaine is one substance derived from tropane. The dopamine reuptake inhibitory action of purchase cocaine online is only slightly higher than that of cocaine when compared to medications like the similar cocaine derivative CFT and its 2\u2032-hydroxy analog salicylmethylecgonine. LegitGrams top online retailer of cocaine&hellip;","_links":{"self":[{"href":"https:\/\/legitgrams.com\/hu\/wp-json\/wp\/v2\/product\/3238","targetHints":{"allow":["GET"]}}],"collection":[{"href":"https:\/\/legitgrams.com\/hu\/wp-json\/wp\/v2\/product"}],"about":[{"href":"https:\/\/legitgrams.com\/hu\/wp-json\/wp\/v2\/types\/product"}],"replies":[{"embeddable":true,"href":"https:\/\/legitgrams.com\/hu\/wp-json\/wp\/v2\/comments?post=3238"}],"wp:featuredmedia":[{"embeddable":true,"href":"https:\/\/legitgrams.com\/hu\/wp-json\/wp\/v2\/media\/3248"}],"wp:attachment":[{"href":"https:\/\/legitgrams.com\/hu\/wp-json\/wp\/v2\/media?parent=3238"}],"wp:term":[{"taxonomy":"product_brand","embeddable":true,"href":"https:\/\/legitgrams.com\/hu\/wp-json\/wp\/v2\/product_brand?post=3238"},{"taxonomy":"product_cat","embeddable":true,"href":"https:\/\/legitgrams.com\/hu\/wp-json\/wp\/v2\/product_cat?post=3238"},{"taxonomy":"product_tag","embeddable":true,"href":"https:\/\/legitgrams.com\/hu\/wp-json\/wp\/v2\/product_tag?post=3238"}],"curies":[{"name":"wp","href":"https:\/\/api.w.org\/{rel}","templated":true}]}}