{"id":3241,"date":"2024-08-03T05:18:39","date_gmt":"2024-08-03T05:18:39","guid":{"rendered":"https:\/\/cokebricks.com\/?post_type=product&#038;p=3241"},"modified":"2025-01-15T05:34:39","modified_gmt":"2025-01-15T05:34:39","slug":"263-ormester","status":"publish","type":"product","link":"https:\/\/legitgrams.com\/hu\/termek\/263-ormester\/","title":{"rendered":"Sgt-263"},"content":{"rendered":"<h2>V\u00e1s\u00e1rolja meg az SGT-263-at online<\/h2>\n<p>Sz\u00e1rmaz\u00e1si nemzet\u00fcnkben az SGT-263 Cannabinoid haszn\u00e1lata t\u00f6rv\u00e9nyes. Az \u00d6n felel\u0151ss\u00e9ge, hogy ismerje \u00e9s betartsa az \u00f6sszes vonatkoz\u00f3 helyi, \u00e1llami, sz\u00f6vets\u00e9gi, megyei \u00e9s \u00f6nkorm\u00e1nyzati t\u00f6rv\u00e9nyt. Abban az esetben, ha \u00fagy d\u00f6nt, hogy rendel\u00e9st ad le, nem v\u00e1llalunk felel\u0151ss\u00e9get az eredm\u00e9nyek\u00e9rt.<br \/>\nMi\u00e9rt \u00e9rdemes megv\u00e1s\u00e1rolnia a Cannabinoid <a href=\"https:\/\/legitgrams.com\/hu\/termek\/263-ormester\/\">SGT-263<\/a>?<\/p>\n<p>Megb\u00edzhat\u00f3 szolg\u00e1ltat\u00f3 vagyunk, mert hossz\u00fa ideje k\u00edn\u00e1lunk kutat\u00e1si vegyszereket.<\/p>\n<p>\u00c9l\u0151 chat \u00e1ll rendelkez\u00e9sre 24\/7.K\u00e9rj\u00fck, b\u00e1tran tegye fel k\u00e9rd\u00e9seit.<\/p>\n<p>K\u00fcl\u00f6nb\u00f6z\u0151 fizet\u00e9si lehet\u0151s\u00e9gek az \u00d6n ig\u00e9nyeinek kiel\u00e9g\u00edt\u00e9s\u00e9re<\/p>\n<p>Ha a megrendel\u00e9s\u00e9t k\u00f6z\u00e9p-eur\u00f3pai id\u0151 szerint 16 \u00f3r\u00e1ig leadja, m\u00e9g aznap kisz\u00e1ll\u00edtjuk.<\/p>\n<p>Az \u00fcgyfeleink \u0151szinte aj\u00e1nl\u00e1sai bizalmat adnak \u00d6nnek a v\u00e1s\u00e1rl\u00e1shoz.<\/p>\n<p>A kutat\u00e1si vegyszerek \u00e9s a LegitGrams.com, a kutat\u00e1si vegyszerek glob\u00e1lis gy\u00e1rt\u00f3ja, 2008-ban alakult. Kem\u00e9nyen dolgozunk A Hong Kongban, K\u00edn\u00e1ban, az EU-ban \u00e9s Ukrajn\u00e1ban tal\u00e1lhat\u00f3 rakt\u00e1raink az \u00f6sszes term\u00e9k sz\u00e1ll\u00edt\u00e1si pontjai. Sz\u00e9les eloszt\u00f3h\u00e1l\u00f3zatunk garant\u00e1lja, hogy az \u00d6n \u00e1ltal megrendelt \u00e1ruk id\u0151ben meg\u00e9rkeznek, az \u00d6n \u00e1ltal kiv\u00e1lasztott helysz\u00ednekre sz\u00e1ll\u00edtj\u00e1k \u0151ket \u00e1tv\u00e9telre, \u00e9s id\u0151ben c\u00e9lba \u00e9rnek. Megb\u00edzhat\u00f3 \u00e9s pontos besz\u00e1ll\u00edt\u00f3k vagyunk. \u00dcgyfeleink el\u00e9gedetts\u00e9g\u00e9nek meg\u0151rz\u00e9se az els\u0151 sz\u00e1m\u00fa c\u00e9lunk. Ez\u00e9rt kem\u00e9nyen dolgozunk azon, hogy els\u0151rang\u00fa \u00fcgyf\u00e9lszolg\u00e1latot ny\u00fajtsunk. Biztos lehet benne, hogy a Top Cannabinoids Shopb\u00f3l sz\u00e1rmaz\u00f3 megrendel\u00e9s\u00e9t id\u0151ben lesz\u00e1ll\u00edtjuk az \u00d6n \u00e1ltal megadott c\u00edmre. Ezenk\u00edv\u00fcl sz\u00e1mos sz\u00e1ll\u00edt\u00e1si lehet\u0151s\u00e9get biztos\u00edtunk, amelyek lehet\u0151v\u00e9 teszik sz\u00e1munkra, hogy az \u00e1rukat vil\u00e1gszerte t\u00f6bb piacon \u00e9s helysz\u00ednen sz\u00e1ll\u00edtsuk \u00fcgyfeleinknek. Minden cikk ezen a weboldalon<\/p>\n<p>csak az oktat\u00e1s \u00e9s a kutat\u00e1s finansz\u00edroz\u00e1s\u00e1ra v\u00e1s\u00e1rolhat\u00f3k meg. Nem \u00e9rt\u00e9kes\u00edtj\u00fck term\u00e9keinket emberek vagy \u00e1llatok \u00e1ltali lenyel\u00e9sre, vagy b\u00e1rmilyen tiltott m\u00f3don t\u00f6rt\u00e9n\u0151 felhaszn\u00e1l\u00e1sra.<\/p>\n<p>Az egyik rendk\u00edv\u00fcl hat\u00e1sos molekula az 1-(5-fluoropentil) vagy SGT-263(2-fenilpropan-2-il)-N-Similar to MMB-CHMINACA, -7-azaindol-3-karboxamid. A szintetikus kannabisz SGT-263 alapja a pirrolo[2,3-b]piridin-3-karboxamid, \u00e9s diz\u00e1jnergy\u00f3gyszerk\u00e9nt ker\u00fcl forgalomba.<\/p>\n<p>Az SGT-263-at a LegitGrams sz\u00e1m\u00e1ra gy\u00e1rtott\u00e1k, \u00e9s egy tekint\u00e9lyes \u00faj-k\u00ednai l\u00e9tes\u00edtm\u00e9ny szabadalmaztatta.<\/p>\n<p>Az SGT-263 egy k\u00fcl\u00f6nleges kannabiszfajta, amely szinte mindenhol leg\u00e1lis, \u00edgy N\u00e9metorsz\u00e1gban is.<\/p>\n<p>Tov\u00e1bb\u00e1 az SGT-263 kaphat\u00f3 1-(5-fluoropentil).2-aminopropan-2-il-1H-pirrolo[2,3-b]piridin-N-3-karboxamid ipac n\u00e9ven.<\/p>\n<p>Az 1-(5-Fluoropentil)-N-(2-fenilpropan-2-il)-7-azaindol-3-karboxamid kannabinoid szorosan kapcsol\u00f3dik az SGT-25-h\u00f6z. Tov\u00e1bb\u00e1, a kokain t\u00e9glagy\u00e1rt\u00f3 ereje jelenleg eg\u00e9sz Eur\u00f3p\u00e1ban t\u00f6rv\u00e9nyes. Az utcanevek r\u00f6vid\u00edt\u00e9se az SGT-263. Az SGT-25 a \"C-Liquid\", az e-cigaretta folyad\u00e9k adal\u00e9kanyag\u00e1ban tal\u00e1lhat\u00f3 \u00f6sszetev\u0151, \u00e9s alkalmank\u00e9nt rekre\u00e1ci\u00f3s c\u00e9llal haszn\u00e1lj\u00e1k.<\/p>\n<p>Farmakol\u00f3gia: 1. (Fluoropentil-5-)(2-fenilpropan-2-il)-N-A szintetikus kannabinoid, amely az indazol-3-karboxamid csal\u00e1d tagja, a -7-azaindol-3-karboxamidnak bonyolult farmakol\u00f3giai szerkezete van. A CB1-receptorra val\u00f3 szelektivit\u00e1sa v\u00e1rhat\u00f3an k\u00f6r\u00fclbel\u00fcl n\u00e9gyszer nagyobb, mint a CB1-receptor szelektivit\u00e1sa. <a href=\"https:\/\/en.wikipedia.org\/wiki\/5F-CUMYL-P7AICA\">5F-KUMIL-PINAKA<\/a>.<\/p>\n<p>\u00d6sszehasonl\u00edthat\u00f3 t\u00e9telek: 5F-SDB-006, MMB-CHMINACA \u00e9s CUMYL-PICA<\/p>\n<p>- CUMYL-PINACA, CUMYL-THPINACA, SDB-006<\/p>\n<p>A v\u00e1s\u00e1rl\u00e1s el\u0151tt k\u00e9rj\u00fck, gy\u0151z\u0151dj\u00f6n meg arr\u00f3l, hogy megfelel\u0151en felk\u00e9sz\u00fclt a kutat\u00e1si vegyszerek kezel\u00e9s\u00e9re, \u00e9s hogy a munkater\u00fclete j\u00f3l szell\u0151ztetett. <a href=\"https:\/\/legitgrams.com\/hu\/\">LegitGrams<\/a><\/p>\n<p>&nbsp;<\/p>\n<p>&nbsp;<\/p>\n<p>&nbsp;<\/p>","protected":false},"excerpt":{"rendered":"<p>Purchase SGT-263 Online In our nation of origin, using SGT-263 Cannabinoid is lawful. It is your responsibility to know and abide by all applicable local, state, federal, county, and municipal laws. In the event that you choose to place an order, we assume no responsibility for the results. Why Should You Buy Our Cannabinoid SGT-263? &hellip;<\/p>\n<p class=\"read-more\"> <a class=\"\" href=\"https:\/\/legitgrams.com\/hu\/termek\/263-ormester\/\"> <span class=\"screen-reader-text\">Sgt-263<\/span> Olvass tov\u00e1bb \"<\/a><\/p>","protected":false},"featured_media":3253,"comment_status":"open","ping_status":"closed","template":"","meta":{"_uag_custom_page_level_css":"","site-sidebar-layout":"default","site-content-layout":"default","ast-global-header-display":"","ast-main-header-display":"","ast-hfb-above-header-display":"","ast-hfb-below-header-display":"","ast-hfb-mobile-header-display":"","site-post-title":"","ast-breadcrumbs-content":"","ast-featured-img":"","footer-sml-layout":"","theme-transparent-header-meta":"default","adv-header-id-meta":"","stick-header-meta":"default","header-above-stick-meta":"","header-main-stick-meta":"","header-below-stick-meta":"","_joinchat":[]},"product_brand":[],"product_cat":[190],"product_tag":[465,466,237,461,467,468,469,470,471,472,473,474,475],"class_list":{"0":"post-3241","1":"product","2":"type-product","3":"status-publish","4":"has-post-thumbnail","6":"product_cat-cannabinoids","7":"product_tag-5f-cumyl-p7aica","8":"product_tag-5f-cumyl-pinaca","9":"product_tag-5f-mdmb-2201","10":"product_tag-5f-mdmb-2201-cayman","11":"product_tag-cumyl-cb-pinaca","12":"product_tag-sgt-263-dosage","13":"product_tag-sgt-263-erowid","14":"product_tag-sgt-67","15":"product_tag-sgt-151","16":"product_tag-sgt-263-psychonaut","17":"product_tag-sgt-263-reddit","18":"product_tag-sgt-263-wiki","19":"product_tag-sgt-78","20":"desktop-align-left","21":"tablet-align-left","22":"mobile-align-left","23":"ast-product-gallery-layout-horizontal","24":"ast-product-gallery-with-no-image","25":"ast-product-single-variable","26":"ast-product-tabs-layout-horizontal","27":"ast-qv-on-image","29":"first","30":"instock","31":"shipping-taxable","32":"purchasable","33":"product-type-variable"},"yoast_head":"<!-- This site is optimized with the Yoast SEO plugin v25.9 - https:\/\/yoast.com\/wordpress\/plugins\/seo\/ -->\n<title>Sgt-263 for Sale - Order Sgt-263 Powder Online | LegitGrams<\/title>\n<meta name=\"description\" content=\"Find premium Sgt-263 powder for sale at our online store, providing a secure platform to buy Sgt-263 online with ease, catering to your research needs. Hit your order now!\" \/>\n<meta name=\"robots\" content=\"index, follow, max-snippet:-1, max-image-preview:large, max-video-preview:-1\" \/>\n<link rel=\"canonical\" href=\"https:\/\/legitgrams.com\/hu\/termek\/263-ormester\/\" \/>\n<meta property=\"og:locale\" content=\"hu_HU\" \/>\n<meta property=\"og:type\" content=\"article\" \/>\n<meta property=\"og:title\" content=\"Sgt-263 for Sale - Order Sgt-263 Powder Online | LegitGrams\" \/>\n<meta property=\"og:description\" content=\"Find premium Sgt-263 powder for sale at our online store, providing a secure platform to buy Sgt-263 online with ease, catering to your research needs. Hit your order now!\" \/>\n<meta property=\"og:url\" content=\"https:\/\/legitgrams.com\/hu\/termek\/263-ormester\/\" \/>\n<meta property=\"og:site_name\" content=\"Legit Grams\" \/>\n<meta property=\"article:modified_time\" content=\"2025-01-15T05:34:39+00:00\" \/>\n<meta property=\"og:image\" content=\"https:\/\/legitgrams.com\/wp-content\/uploads\/2024\/08\/Sgt-263.gif\" \/>\n\t<meta property=\"og:image:width\" content=\"600\" \/>\n\t<meta property=\"og:image:height\" content=\"600\" \/>\n\t<meta property=\"og:image:type\" content=\"image\/gif\" \/>\n<meta name=\"twitter:card\" content=\"summary_large_image\" \/>\n<meta name=\"twitter:label1\" content=\"Becs\u00fclt olvas\u00e1si id\u0151\" \/>\n\t<meta name=\"twitter:data1\" content=\"3 perc\" \/>\n<script type=\"application\/ld+json\" class=\"yoast-schema-graph\">{\"@context\":\"https:\/\/schema.org\",\"@graph\":[{\"@type\":\"WebPage\",\"@id\":\"https:\/\/legitgrams.com\/product\/sgt-263\/\",\"url\":\"https:\/\/legitgrams.com\/product\/sgt-263\/\",\"name\":\"Sgt-263 for Sale - Order Sgt-263 Powder Online | LegitGrams\",\"isPartOf\":{\"@id\":\"https:\/\/legitgrams.com\/#website\"},\"primaryImageOfPage\":{\"@id\":\"https:\/\/legitgrams.com\/product\/sgt-263\/#primaryimage\"},\"image\":{\"@id\":\"https:\/\/legitgrams.com\/product\/sgt-263\/#primaryimage\"},\"thumbnailUrl\":\"https:\/\/legitgrams.com\/wp-content\/uploads\/2024\/08\/Sgt-263.gif\",\"datePublished\":\"2024-08-03T05:18:39+00:00\",\"dateModified\":\"2025-01-15T05:34:39+00:00\",\"description\":\"Find premium Sgt-263 powder for sale at our online store, providing a secure platform to buy Sgt-263 online with ease, catering to your research needs. Hit your order now!\",\"breadcrumb\":{\"@id\":\"https:\/\/legitgrams.com\/product\/sgt-263\/#breadcrumb\"},\"inLanguage\":\"hu\",\"potentialAction\":[{\"@type\":\"ReadAction\",\"target\":[\"https:\/\/legitgrams.com\/product\/sgt-263\/\"]}]},{\"@type\":\"ImageObject\",\"inLanguage\":\"hu\",\"@id\":\"https:\/\/legitgrams.com\/product\/sgt-263\/#primaryimage\",\"url\":\"https:\/\/legitgrams.com\/wp-content\/uploads\/2024\/08\/Sgt-263.gif\",\"contentUrl\":\"https:\/\/legitgrams.com\/wp-content\/uploads\/2024\/08\/Sgt-263.gif\",\"width\":600,\"height\":600,\"caption\":\"Sgt-263 for Sale\"},{\"@type\":\"BreadcrumbList\",\"@id\":\"https:\/\/legitgrams.com\/product\/sgt-263\/#breadcrumb\",\"itemListElement\":[{\"@type\":\"ListItem\",\"position\":1,\"name\":\"Home\",\"item\":\"https:\/\/legitgrams.com\/\"},{\"@type\":\"ListItem\",\"position\":2,\"name\":\"Shop\",\"item\":\"https:\/\/legitgrams.com\/shop\/\"},{\"@type\":\"ListItem\",\"position\":3,\"name\":\"Sgt-263\"}]},{\"@type\":\"WebSite\",\"@id\":\"https:\/\/legitgrams.com\/#website\",\"url\":\"https:\/\/legitgrams.com\/\",\"name\":\"Legit Grams\",\"description\":\"My WordPress Blog\",\"publisher\":{\"@id\":\"https:\/\/legitgrams.com\/#organization\"},\"potentialAction\":[{\"@type\":\"SearchAction\",\"target\":{\"@type\":\"EntryPoint\",\"urlTemplate\":\"https:\/\/legitgrams.com\/?s={search_term_string}\"},\"query-input\":{\"@type\":\"PropertyValueSpecification\",\"valueRequired\":true,\"valueName\":\"search_term_string\"}}],\"inLanguage\":\"hu\"},{\"@type\":\"Organization\",\"@id\":\"https:\/\/legitgrams.com\/#organization\",\"name\":\"Legit Grams\",\"url\":\"https:\/\/legitgrams.com\/\",\"logo\":{\"@type\":\"ImageObject\",\"inLanguage\":\"hu\",\"@id\":\"https:\/\/legitgrams.com\/#\/schema\/logo\/image\/\",\"url\":\"https:\/\/legitgrams.com\/wp-content\/uploads\/2024\/09\/main-logo.png\",\"contentUrl\":\"https:\/\/legitgrams.com\/wp-content\/uploads\/2024\/09\/main-logo.png\",\"width\":270,\"height\":75,\"caption\":\"Legit Grams\"},\"image\":{\"@id\":\"https:\/\/legitgrams.com\/#\/schema\/logo\/image\/\"}}]}<\/script>\n<!-- \/ Yoast SEO plugin. -->","yoast_head_json":{"title":"Sgt-263 elad\u00f3 - Sgt-263 por rendel\u00e9se online | LegitGrams","description":"Keresse meg a pr\u00e9mium Sgt-263 por elad\u00f3 online \u00e1ruh\u00e1zunkban, amely biztons\u00e1gos platformot biztos\u00edt az Sgt-263 online v\u00e1s\u00e1rl\u00e1s\u00e1hoz, k\u00f6nnyed\u00e9n, a kutat\u00e1si ig\u00e9nyeinek kiel\u00e9g\u00edt\u00e9s\u00e9re. \u00dcsse meg a megrendel\u00e9s\u00e9t most!","robots":{"index":"index","follow":"follow","max-snippet":"max-snippet:-1","max-image-preview":"max-image-preview:large","max-video-preview":"max-video-preview:-1"},"canonical":"https:\/\/legitgrams.com\/hu\/termek\/263-ormester\/","og_locale":"hu_HU","og_type":"article","og_title":"Sgt-263 for Sale - Order Sgt-263 Powder Online | LegitGrams","og_description":"Find premium Sgt-263 powder for sale at our online store, providing a secure platform to buy Sgt-263 online with ease, catering to your research needs. Hit your order now!","og_url":"https:\/\/legitgrams.com\/hu\/termek\/263-ormester\/","og_site_name":"Legit Grams","article_modified_time":"2025-01-15T05:34:39+00:00","og_image":[{"width":600,"height":600,"url":"https:\/\/legitgrams.com\/wp-content\/uploads\/2024\/08\/Sgt-263.gif","type":"image\/gif"}],"twitter_card":"summary_large_image","twitter_misc":{"Becs\u00fclt olvas\u00e1si id\u0151":"3 perc"},"schema":{"@context":"https:\/\/schema.org","@graph":[{"@type":"WebPage","@id":"https:\/\/legitgrams.com\/product\/sgt-263\/","url":"https:\/\/legitgrams.com\/product\/sgt-263\/","name":"Sgt-263 elad\u00f3 - Sgt-263 por rendel\u00e9se online | LegitGrams","isPartOf":{"@id":"https:\/\/legitgrams.com\/#website"},"primaryImageOfPage":{"@id":"https:\/\/legitgrams.com\/product\/sgt-263\/#primaryimage"},"image":{"@id":"https:\/\/legitgrams.com\/product\/sgt-263\/#primaryimage"},"thumbnailUrl":"https:\/\/legitgrams.com\/wp-content\/uploads\/2024\/08\/Sgt-263.gif","datePublished":"2024-08-03T05:18:39+00:00","dateModified":"2025-01-15T05:34:39+00:00","description":"Keresse meg a pr\u00e9mium Sgt-263 por elad\u00f3 online \u00e1ruh\u00e1zunkban, amely biztons\u00e1gos platformot biztos\u00edt az Sgt-263 online v\u00e1s\u00e1rl\u00e1s\u00e1hoz, k\u00f6nnyed\u00e9n, a kutat\u00e1si ig\u00e9nyeinek kiel\u00e9g\u00edt\u00e9s\u00e9re. \u00dcsse meg a megrendel\u00e9s\u00e9t most!","breadcrumb":{"@id":"https:\/\/legitgrams.com\/product\/sgt-263\/#breadcrumb"},"inLanguage":"hu","potentialAction":[{"@type":"ReadAction","target":["https:\/\/legitgrams.com\/product\/sgt-263\/"]}]},{"@type":"ImageObject","inLanguage":"hu","@id":"https:\/\/legitgrams.com\/product\/sgt-263\/#primaryimage","url":"https:\/\/legitgrams.com\/wp-content\/uploads\/2024\/08\/Sgt-263.gif","contentUrl":"https:\/\/legitgrams.com\/wp-content\/uploads\/2024\/08\/Sgt-263.gif","width":600,"height":600,"caption":"Sgt-263 for Sale"},{"@type":"BreadcrumbList","@id":"https:\/\/legitgrams.com\/product\/sgt-263\/#breadcrumb","itemListElement":[{"@type":"ListItem","position":1,"name":"Home","item":"https:\/\/legitgrams.com\/"},{"@type":"ListItem","position":2,"name":"Shop","item":"https:\/\/legitgrams.com\/shop\/"},{"@type":"ListItem","position":3,"name":"Sgt-263"}]},{"@type":"WebSite","@id":"https:\/\/legitgrams.com\/#website","url":"https:\/\/legitgrams.com\/","name":"Legit Grams","description":"Az \u00e9n WordPress blogom","publisher":{"@id":"https:\/\/legitgrams.com\/#organization"},"potentialAction":[{"@type":"SearchAction","target":{"@type":"EntryPoint","urlTemplate":"https:\/\/legitgrams.com\/?s={search_term_string}"},"query-input":{"@type":"PropertyValueSpecification","valueRequired":true,"valueName":"search_term_string"}}],"inLanguage":"hu"},{"@type":"Organization","@id":"https:\/\/legitgrams.com\/#organization","name":"Legit Grams","url":"https:\/\/legitgrams.com\/","logo":{"@type":"ImageObject","inLanguage":"hu","@id":"https:\/\/legitgrams.com\/#\/schema\/logo\/image\/","url":"https:\/\/legitgrams.com\/wp-content\/uploads\/2024\/09\/main-logo.png","contentUrl":"https:\/\/legitgrams.com\/wp-content\/uploads\/2024\/09\/main-logo.png","width":270,"height":75,"caption":"Legit Grams"},"image":{"@id":"https:\/\/legitgrams.com\/#\/schema\/logo\/image\/"}}]}},"uagb_featured_image_src":{"full":["https:\/\/legitgrams.com\/wp-content\/uploads\/2024\/08\/Sgt-263.gif",600,600,false],"thumbnail":["https:\/\/legitgrams.com\/wp-content\/uploads\/2024\/08\/Sgt-263-150x150.gif",150,150,true],"medium":["https:\/\/legitgrams.com\/wp-content\/uploads\/2024\/08\/Sgt-263-300x300.gif",300,300,true],"medium_large":["https:\/\/legitgrams.com\/wp-content\/uploads\/2024\/08\/Sgt-263.gif",600,600,false],"large":["https:\/\/legitgrams.com\/wp-content\/uploads\/2024\/08\/Sgt-263.gif",600,600,false],"1536x1536":["https:\/\/legitgrams.com\/wp-content\/uploads\/2024\/08\/Sgt-263.gif",600,600,false],"2048x2048":["https:\/\/legitgrams.com\/wp-content\/uploads\/2024\/08\/Sgt-263.gif",600,600,false],"trp-custom-language-flag":["https:\/\/legitgrams.com\/wp-content\/uploads\/2024\/08\/Sgt-263-12x12.gif",12,12,true],"woocommerce_thumbnail":["https:\/\/legitgrams.com\/wp-content\/uploads\/2024\/08\/Sgt-263-300x300.gif",300,300,true],"woocommerce_single":["https:\/\/legitgrams.com\/wp-content\/uploads\/2024\/08\/Sgt-263.gif",600,600,false],"woocommerce_gallery_thumbnail":["https:\/\/legitgrams.com\/wp-content\/uploads\/2024\/08\/Sgt-263-100x100.gif",100,100,true]},"uagb_author_info":{"display_name":"cokeblog18","author_link":"https:\/\/legitgrams.com\/hu\/author\/"},"uagb_comment_info":0,"uagb_excerpt":"Purchase SGT-263 Online In our nation of origin, using SGT-263 Cannabinoid is lawful. It is your responsibility to know and abide by all applicable local, state, federal, county, and municipal laws. In the event that you choose to place an order, we assume no responsibility for the results. Why Should You Buy Our Cannabinoid SGT-263?&hellip;","_links":{"self":[{"href":"https:\/\/legitgrams.com\/hu\/wp-json\/wp\/v2\/product\/3241","targetHints":{"allow":["GET"]}}],"collection":[{"href":"https:\/\/legitgrams.com\/hu\/wp-json\/wp\/v2\/product"}],"about":[{"href":"https:\/\/legitgrams.com\/hu\/wp-json\/wp\/v2\/types\/product"}],"replies":[{"embeddable":true,"href":"https:\/\/legitgrams.com\/hu\/wp-json\/wp\/v2\/comments?post=3241"}],"wp:featuredmedia":[{"embeddable":true,"href":"https:\/\/legitgrams.com\/hu\/wp-json\/wp\/v2\/media\/3253"}],"wp:attachment":[{"href":"https:\/\/legitgrams.com\/hu\/wp-json\/wp\/v2\/media?parent=3241"}],"wp:term":[{"taxonomy":"product_brand","embeddable":true,"href":"https:\/\/legitgrams.com\/hu\/wp-json\/wp\/v2\/product_brand?post=3241"},{"taxonomy":"product_cat","embeddable":true,"href":"https:\/\/legitgrams.com\/hu\/wp-json\/wp\/v2\/product_cat?post=3241"},{"taxonomy":"product_tag","embeddable":true,"href":"https:\/\/legitgrams.com\/hu\/wp-json\/wp\/v2\/product_tag?post=3241"}],"curies":[{"name":"wp","href":"https:\/\/api.w.org\/{rel}","templated":true}]}}