{"id":3242,"date":"2024-08-03T05:18:29","date_gmt":"2024-08-03T05:18:29","guid":{"rendered":"https:\/\/cokebricks.com\/?post_type=product&#038;p=3242"},"modified":"2026-01-10T19:28:10","modified_gmt":"2026-01-10T19:28:10","slug":"2fdck-vasarlas","status":"publish","type":"product","link":"https:\/\/legitgrams.com\/hu\/termek\/2fdck-vasarlas\/","title":{"rendered":"V\u00e1s\u00e1roljon 2FDCK-t online"},"content":{"rendered":"<h2>2-FDCK @ Legit Grams elad\u00f3<\/h2>\n<p>2fdck A disszociat\u00edv 2-Fl-2\u2032-Oxo-PCM \u00e9rz\u00e9stelen\u00edt\u0151t m\u00e1s n\u00e9ven <a href=\"https:\/\/www.bing.com\/search?q=Buy+2FDCK+Online&amp;qs=n&amp;form=QBRE&amp;sp=-1&amp;lq=0&amp;pq=buy+2fdck+online&amp;sc=9-16&amp;sk=&amp;cvid=BD886A1EC0CB4EF78CCB3246D62CFD6A&amp;ghsh=0&amp;ghacc=0&amp;ghpl=\">V\u00e1s\u00e1roljon Fluoroketamint, 2-FDCK<\/a>2fdck A disszociat\u00edv \u00e9rz\u00e9stelen\u00edt\u0151 2-Fl-2\u2032-Oxo-PCM Buy, Fluoroketamin, 2-FDCK \u00e9s 2-Fl-2\u2032-Oxo-PCM n\u00e9ven is ismert. Ez a ketamin fluor alap\u00fa anal\u00f3gja, azonban kl\u00f3ratom n\u00e9lk\u00fcl. V\u00e1s\u00e1roljon 2-FDCK-t online.<\/p>\n<p>Az aril-ciklohexil-amin oszt\u00e1ly tagja, a 2-Fl-2'-Oxo-PCM egy egyed\u00fcl\u00e1ll\u00f3 disszociat\u00edv gy\u00f3gyszer, amely 2-fluor-dezkl\u00f3rketamink\u00e9nt is ismert. <a href=\"https:\/\/legitgrams.com\/hu\/termek\/2fdck-vasarlas\/\">2-FDCK<\/a>, and, confusingly, 2-Fluroketamine, Buy <a href=\"https:\/\/en.wikipedia.org\/wiki\/2-Fluorodeschloroketamine\">2-Fluoroketamine<\/a> Online, and <a href=\"https:\/\/www.bing.com\/search?q=Buy+2FDCK+Online&amp;qs=n&amp;form=QBRE&amp;sp=-1&amp;lq=0&amp;pq=buy+2fdck+online&amp;sc=9-16&amp;sk=&amp;cvid=BD886A1EC0CB4EF78CCB3246D62CFD6A&amp;ghsh=0&amp;ghacc=0&amp;ghpl=\">2-FDCK<\/a>.<\/p>\n<p>Chemically, ketamine and <a href=\"https:\/\/www.google.com\/search?q=Buy+2FDCK+Online&amp;num=10&amp;sca_esv=1a2a07081c7891bb&amp;rlz=1C1RXQR_enIN1098IN1098&amp;sxsrf=AHTn8zoNTtLUdktkaf6nHYqZzywnu5dG8Q%3A1741251659724&amp;ei=S2TJZ_P0K8i_juMPg4GL4Q8&amp;ved=0ahUKEwizxpH1i_WLAxXIn2MGHYPAIvwQ4dUDCBA&amp;uact=5&amp;oq=Buy+2FDCK+Online&amp;gs_lp=Egxnd3Mtd2l6LXNlcnAiEEJ1eSAyRkRDSyBPbmxpbmVItgdQqANYqANwAngAkAEAmAGXAaABlwGqAQMwLjG4AQPIAQD4AQL4AQGYAgCgAgCYAwCIBgGSBwCgB0Q&amp;sclient=gws-wiz-serp\">deschloroketamine are linked (DCK)<\/a>. Although there are little studies on it, it is thought to function as an antagonist of NMDA receptors. Arylcyclohexylamines have a structure with <a href=\"https:\/\/www.google.com\/search?q=Buy+2FDCK+Online&amp;num=10&amp;sca_esv=1a2a07081c7891bb&amp;rlz=1C1RXQR_enIN1098IN1098&amp;sxsrf=AHTn8zoNTtLUdktkaf6nHYqZzywnu5dG8Q%3A1741251659724&amp;ei=S2TJZ_P0K8i_juMPg4GL4Q8&amp;ved=0ahUKEwizxpH1i_WLAxXIn2MGHYPAIvwQ4dUDCBA&amp;uact=5&amp;oq=Buy+2FDCK+Online&amp;gs_lp=Egxnd3Mtd2l6LXNlcnAiEEJ1eSAyRkRDSyBPbmxpbmVItgdQqANYqANwAngAkAEAmAGXAaABlwGqAQMwLjG4AQPIAQD4AQL4AQGYAgCgAgCYAwCIBgGSBwCgB0Q&amp;sclient=gws-wiz-serp\">2-FDCK<\/a>, which is based on the bonding of an amine group and an aromatic ring to a cyclohexane ring.<\/p>\n<p>Your greatest option for <a href=\"https:\/\/www.google.com\/search?q=Buy+2FDCK+Online&amp;num=10&amp;sca_esv=1a2a07081c7891bb&amp;rlz=1C1RXQR_enIN1098IN1098&amp;sxsrf=AHTn8zoNTtLUdktkaf6nHYqZzywnu5dG8Q%3A1741251659724&amp;ei=S2TJZ_P0K8i_juMPg4GL4Q8&amp;ved=0ahUKEwizxpH1i_WLAxXIn2MGHYPAIvwQ4dUDCBA&amp;uact=5&amp;oq=Buy+2FDCK+Online&amp;gs_lp=Egxnd3Mtd2l6LXNlcnAiEEJ1eSAyRkRDSyBPbmxpbmVItgdQqANYqANwAngAkAEAmAGXAaABlwGqAQMwLjG4AQPIAQD4AQL4AQGYAgCgAgCYAwCIBgGSBwCgB0Q&amp;sclient=gws-wiz-serp\">purchasing 2-FDCK online<\/a> is <a href=\"https:\/\/legitgrams.com\/hu\/\">LegitGrams<\/a>!<\/p>\n<h3>Mi a 2fdck megv\u00e1s\u00e1rl\u00e1s\u00e1nak folyamata?<\/h3>\n<p>Felhaszn\u00e1l\u00f3i fel\u00fclet\u00fcnk k\u00f6nnyen haszn\u00e1lhat\u00f3 \u00e9s hihetetlen\u00fcl \u00e9rz\u00e9keny.<\/p>\n<h3>Hogyan kell megvenni a 2fdck-t?<\/h3>\n<p>A felhaszn\u00e1l\u00f3i fel\u00fclet\u00fcnk hihetetlen\u00fcl gyors, k\u00f6nnyen haszn\u00e1lhat\u00f3 \u00e9s hat\u00e9kony. Minden orsz\u00e1gba sz\u00e1ll\u00edtunk, \u00edgy b\u00e1rki megv\u00e1s\u00e1rolhatja a term\u00e9ket a vil\u00e1g b\u00e1rmely pontj\u00e1r\u00f3l. A vegyiparban szerzett t\u00f6bb \u00e9ves tapasztalatunknak k\u00f6sz\u00f6nhet\u0151en megb\u00edzhat\u00f3 \u00e9s elismer\u0151 besz\u00e1ll\u00edt\u00f3k vagyunk. <a href=\"https:\/\/duckduckgo.com\/?q=Buy+2FDCK+Online&amp;t=h_&amp;ia=web\">2FDCK<\/a>. Simply sign in, look for the item, add it to your cart, and finish the checkout procedure. Just give us the information we need, such as your address or the location where you want it sent, and we&#8217;ll securely send it there while completing the required transaction. Purchase 2fdck in the US.<\/p>\n<h3>Mi az ide\u00e1lis \u00e9letkor a 2fdck term\u00e9kek online v\u00e1s\u00e1rl\u00e1s\u00e1hoz?<\/h3>\n<p>A  c\u00edmre. <a href=\"https:\/\/duckduckgo.com\/?q=Buy+2FDCK+Online&amp;t=h_&amp;ia=web\">purchase 2fdck online<\/a>, you must be at least eighteen years old.<\/p>\n<p>Az \u00fcgyelet \u00e9jjel-nappal, a h\u00e9t minden napj\u00e1n rendelkez\u00e9sre \u00e1ll, hogy seg\u00edtsen \u00e9s v\u00e1laszoljon k\u00e9rd\u00e9seire. V\u00e1s\u00e1roljon 2fdck-t cs\u00f6kkentett \u00e1ron.<\/p>\n<h3>Mik a 2fdck el\u0151nyei?<\/h3>\n<p>seg\u00edthet a stressz, a szorong\u00e1s \u00e9s a depresszi\u00f3 pillanatnyi cs\u00f6kkent\u00e9s\u00e9ben.<br \/>\nIt helps prevent suicide because it acts immediately.<\/p>\n<p>beneficial for boosting neuroplasticity<\/p>\n<h3>Milyen k\u00f6vetkezm\u00e9nyekkel j\u00e1r a 2fdck?<\/h3>\n<p>Ha gyakran haszn\u00e1lj\u00e1k, neurotoxikuss\u00e1 v\u00e1lhat.<\/p>\n<p>k\u00e1ros\u00edthatja a mem\u00f3ri\u00e1j\u00e1t, ha gyakran vagy tart\u00f3san haszn\u00e1lja.<\/p>\n<p>k\u00e1ros\u00edthatja a ves\u00e9t.<\/p>\n<p>2. The accessibility of FDCK<\/p>\n<p>A legjobb elad\u00f3 2-FDCK beszerz\u00e9s\u00e9hez v\u00e1lasszon 500 mg, 1 mg, 2 mg, 5 mg, 10 mg, 20 mg \u00e9s 50 mg k\u00f6z\u00fcl.<\/p>\n<p>Conditions of storage for 2-FDCK<\/p>\n<p>Upon receipt of your 2-FDCK item,<\/p>\n<p>Keep your 2-FDCK item away of direct sunlight, dry, and between 20 and 25 degrees Celsius after it arrives.<\/p>\n<p>degrees Celsius. It is advised to use a vacuum sealing mechanism to maintain the highest possible 2-FDCK quality. If you have any questions, don&#8217;t be afraid to contact us.<\/p>\n<p>Keeping your 2-FDCK in check<\/p>\n<p>The use of great caution is strongly advised when handling your 2-FDCK hydrochloride. Think of wearing an FFP-2 mask or gloves.<\/p>\n<h3>Hol leg\u00e1lis a 2-FDCK online v\u00e1s\u00e1rl\u00e1sa?<\/h3>\n<p>A Coke Bricks webhely\u00fcnk\u00f6n olyan kutat\u00e1si anyagok tal\u00e1lhat\u00f3k, mint a 2-FDCK. Minden kutat\u00e1si forr\u00e1sunkat megvizsg\u00e1ljuk \u00e9s tesztelj\u00fck, miel\u0151tt elad\u00e1sra ker\u00fcl. 2-FDCK-nk eset\u00e9ben nincs m\u00e1s lehet\u0151s\u00e9g a lehet\u0151 legjobb min\u0151s\u00e9g garant\u00e1l\u00e1s\u00e1ra.<\/p>\n<p>Ne habozzon kapcsolatba l\u00e9pni vel\u00fcnk, ha tov\u00e1bbi seg\u00edts\u00e9gre vagy eredm\u00e9nyre van sz\u00fcks\u00e9ge, ne habozzon kapcsolatba l\u00e9pni vel\u00fcnk. 2. Sz\u00e1mos m\u00e1s kutat\u00e1si vegy\u00fclet blotter \u00e9s pellet v\u00e1ltozat\u00e1t sz\u00e1ll\u00edtjuk, de csak por FDCK-t k\u00edn\u00e1lunk.<\/p>\n<p>A rendk\u00edv\u00fcl hat\u00e9kony term\u00e9kek sz\u00e9les v\u00e1laszt\u00e9k\u00e1t k\u00edn\u00e1ljuk a kutat\u00e1si vegyi anyagokkal kapcsolatos ig\u00e9nyeinek kiel\u00e9g\u00edt\u00e9s\u00e9re. Az els\u0151 \u00fczleti \u00e9let\u00fcnk kezdete \u00f3ta tov\u00e1bbra is meg\u0151rizt\u00fck vezet\u0151 szolg\u00e1ltat\u00f3i poz\u00edci\u00f3nkat a piacon. T\u00f6ltse ki a 2-FDCK rendel\u00e9st online, hogy garant\u00e1ltan a lehet\u0151 leghamarabb megkapja csomagj\u00e1t.<\/p>\n<h3>Mi\u00e9rt \u00e9rdemes 2fdck LegitGram-ot v\u00e1s\u00e1rolni?<\/h3>\n<p>Csak az el\u00e9rhet\u0151 legjobb term\u00e9keket k\u00edn\u00e1ljuk, \u00e1raink versenyk\u00e9pesek. Kiv\u00e1l\u00f3 \u00fcgyf\u00e9lszolg\u00e1latot is biztos\u00edtunk, \u00e9s mindig k\u00e9szs\u00e9ggel \u00e1llunk rendelkez\u00e9s\u00e9re b\u00e1rmilyen probl\u00e9ma eset\u00e9n, vagy v\u00e1laszolunk k\u00e9rd\u00e9seire. Leg\u00e1lisan v\u00e1s\u00e1roljon 2fdck kutat\u00e1si vegyszert online.<\/p>\n<p>K\u00e9rj\u00fck, azonnal l\u00e9pjen kapcsolatba vel\u00fcnk, \u00e9s tudassa vel\u00fcnk, hogyan seg\u00edthet\u00fcnk, ha m\u00e9g mindig bizonytalan. B\u00e1rmilyen k\u00e9rd\u00e9s\u00e9re sz\u00edvesen v\u00e1laszolunk.<\/p>\n<p>&nbsp;<\/p>\n<p>&nbsp;<\/p>\n<p>&nbsp;<\/p>\n<p>&nbsp;<\/p>\n<p>&nbsp;<\/p>","protected":false},"excerpt":{"rendered":"<p>2-FDCK @ Legit Grams for Sale 2fdck The dissociative anesthetic 2-Fl-2\u2032-Oxo-PCM is also known as Buy Fluoroketamine, 2-FDCK, and 2-Fl-2\u2032-Oxo-PCM. It is ketamine&#8217;s fluorine-based analog, however without the chlorine atom. Purchase 2-FDCK online. Member of the arylcyclohexylamine class, 2-Fl-2\u2032-Oxo-PCM is a unique dissociative medication that is also known as 2-Fluorodeschloroketamine, 2-FDCK, and, confusingly, 2-Fluroketamine, Buy &hellip;<\/p>\n<p class=\"read-more\"> <a class=\"\" href=\"https:\/\/legitgrams.com\/hu\/termek\/2fdck-vasarlas\/\"> <span class=\"screen-reader-text\">V\u00e1s\u00e1roljon 2FDCK-t online<\/span> Olvass tov\u00e1bb \"<\/a><\/p>","protected":false},"featured_media":3250,"comment_status":"open","ping_status":"closed","template":"","meta":{"_uag_custom_page_level_css":"","site-sidebar-layout":"default","site-content-layout":"default","ast-global-header-display":"","ast-main-header-display":"","ast-hfb-above-header-display":"","ast-hfb-below-header-display":"","ast-hfb-mobile-header-display":"","site-post-title":"","ast-breadcrumbs-content":"","ast-featured-img":"","footer-sml-layout":"","theme-transparent-header-meta":"default","adv-header-id-meta":"","stick-header-meta":"default","header-above-stick-meta":"","header-main-stick-meta":"","header-below-stick-meta":"","_joinchat":[]},"product_brand":[],"product_cat":[190],"product_tag":[558,559,560,561,562,563,564,565,566,567,568,569,570,571,572,573],"class_list":{"0":"post-3242","1":"product","2":"type-product","3":"status-publish","4":"has-post-thumbnail","6":"product_cat-cannabinoids","7":"product_tag-2-fdck-australia","8":"product_tag-2-fdck-canada","9":"product_tag-2-fdck-for-sale-brazil","10":"product_tag-2-fdck-germany","11":"product_tag-2-fdck-mexico","12":"product_tag-2-fdck-russia","13":"product_tag-2-fdck-uk","14":"product_tag-2-fdck-usa","15":"product_tag-2-fluorodeschloroketamine","16":"product_tag-2fdck","17":"product_tag-best-ketamine-dispensary","18":"product_tag-buy-2fdck","19":"product_tag-buy-2fdck-2-fluorodeschloroketamine","20":"product_tag-buy-ketamine-online","21":"product_tag-for-sale-2-fdck","22":"product_tag-ketamine-for-sale","23":"desktop-align-left","24":"tablet-align-left","25":"mobile-align-left","26":"ast-product-gallery-layout-horizontal","27":"ast-product-gallery-with-no-image","28":"ast-product-single-variable","29":"ast-product-tabs-layout-horizontal","30":"ast-qv-on-image","32":"first","33":"instock","34":"featured","35":"shipping-taxable","36":"purchasable","37":"product-type-variable"},"yoast_head":"<!-- This site is optimized with the Yoast SEO plugin v25.9 - https:\/\/yoast.com\/wordpress\/plugins\/seo\/ -->\n<title>2-FDCK for Sale - Buy 2-FDCK Crystal Online | LegitGrams<\/title>\n<meta name=\"description\" content=\"If you wish to buy 2-FDCK crystal online our LegitGrams store can help. We have 2-FDCK for sale at the best rates here. Save More on 2-FDCK with our latest promotions. Shop Now!\" \/>\n<meta name=\"robots\" content=\"index, follow, max-snippet:-1, max-image-preview:large, max-video-preview:-1\" \/>\n<link rel=\"canonical\" href=\"https:\/\/legitgrams.com\/hu\/termek\/2fdck-vasarlas\/\" \/>\n<meta property=\"og:locale\" content=\"hu_HU\" \/>\n<meta property=\"og:type\" content=\"article\" \/>\n<meta property=\"og:title\" content=\"2-FDCK for Sale - Buy 2-FDCK Crystal Online | LegitGrams\" \/>\n<meta property=\"og:description\" content=\"If you wish to buy 2-FDCK crystal online our LegitGrams store can help. We have 2-FDCK for sale at the best rates here. Save More on 2-FDCK with our latest promotions. Shop Now!\" \/>\n<meta property=\"og:url\" content=\"https:\/\/legitgrams.com\/hu\/termek\/2fdck-vasarlas\/\" \/>\n<meta property=\"og:site_name\" content=\"Legit Grams\" \/>\n<meta property=\"article:modified_time\" content=\"2026-01-10T19:28:10+00:00\" \/>\n<meta property=\"og:image\" content=\"https:\/\/legitgrams.com\/wp-content\/uploads\/2024\/08\/2fdck-new.gif\" \/>\n\t<meta property=\"og:image:width\" content=\"600\" \/>\n\t<meta property=\"og:image:height\" content=\"600\" \/>\n\t<meta property=\"og:image:type\" content=\"image\/gif\" \/>\n<meta name=\"twitter:card\" content=\"summary_large_image\" \/>\n<meta name=\"twitter:label1\" content=\"Becs\u00fclt olvas\u00e1si id\u0151\" \/>\n\t<meta name=\"twitter:data1\" content=\"4 perc\" \/>\n<script type=\"application\/ld+json\" class=\"yoast-schema-graph\">{\"@context\":\"https:\/\/schema.org\",\"@graph\":[{\"@type\":\"WebPage\",\"@id\":\"https:\/\/legitgrams.com\/product\/2fdck\/\",\"url\":\"https:\/\/legitgrams.com\/product\/2fdck\/\",\"name\":\"2-FDCK for Sale - Buy 2-FDCK Crystal Online | LegitGrams\",\"isPartOf\":{\"@id\":\"https:\/\/legitgrams.com\/#website\"},\"primaryImageOfPage\":{\"@id\":\"https:\/\/legitgrams.com\/product\/2fdck\/#primaryimage\"},\"image\":{\"@id\":\"https:\/\/legitgrams.com\/product\/2fdck\/#primaryimage\"},\"thumbnailUrl\":\"https:\/\/legitgrams.com\/wp-content\/uploads\/2024\/08\/2fdck-new.gif\",\"datePublished\":\"2024-08-03T05:18:29+00:00\",\"dateModified\":\"2026-01-10T19:28:10+00:00\",\"description\":\"If you wish to buy 2-FDCK crystal online our LegitGrams store can help. We have 2-FDCK for sale at the best rates here. Save More on 2-FDCK with our latest promotions. Shop Now!\",\"breadcrumb\":{\"@id\":\"https:\/\/legitgrams.com\/product\/2fdck\/#breadcrumb\"},\"inLanguage\":\"hu\",\"potentialAction\":[{\"@type\":\"ReadAction\",\"target\":[\"https:\/\/legitgrams.com\/product\/2fdck\/\"]}]},{\"@type\":\"ImageObject\",\"inLanguage\":\"hu\",\"@id\":\"https:\/\/legitgrams.com\/product\/2fdck\/#primaryimage\",\"url\":\"https:\/\/legitgrams.com\/wp-content\/uploads\/2024\/08\/2fdck-new.gif\",\"contentUrl\":\"https:\/\/legitgrams.com\/wp-content\/uploads\/2024\/08\/2fdck-new.gif\",\"width\":600,\"height\":600,\"caption\":\"2-FDCK for Sale\"},{\"@type\":\"BreadcrumbList\",\"@id\":\"https:\/\/legitgrams.com\/product\/2fdck\/#breadcrumb\",\"itemListElement\":[{\"@type\":\"ListItem\",\"position\":1,\"name\":\"Home\",\"item\":\"https:\/\/legitgrams.com\/\"},{\"@type\":\"ListItem\",\"position\":2,\"name\":\"Shop\",\"item\":\"https:\/\/legitgrams.com\/shop\/\"},{\"@type\":\"ListItem\",\"position\":3,\"name\":\"Buy 2FDCK Online\"}]},{\"@type\":\"WebSite\",\"@id\":\"https:\/\/legitgrams.com\/#website\",\"url\":\"https:\/\/legitgrams.com\/\",\"name\":\"Legit Grams\",\"description\":\"My WordPress Blog\",\"publisher\":{\"@id\":\"https:\/\/legitgrams.com\/#organization\"},\"potentialAction\":[{\"@type\":\"SearchAction\",\"target\":{\"@type\":\"EntryPoint\",\"urlTemplate\":\"https:\/\/legitgrams.com\/?s={search_term_string}\"},\"query-input\":{\"@type\":\"PropertyValueSpecification\",\"valueRequired\":true,\"valueName\":\"search_term_string\"}}],\"inLanguage\":\"hu\"},{\"@type\":\"Organization\",\"@id\":\"https:\/\/legitgrams.com\/#organization\",\"name\":\"Legit Grams\",\"url\":\"https:\/\/legitgrams.com\/\",\"logo\":{\"@type\":\"ImageObject\",\"inLanguage\":\"hu\",\"@id\":\"https:\/\/legitgrams.com\/#\/schema\/logo\/image\/\",\"url\":\"https:\/\/legitgrams.com\/wp-content\/uploads\/2024\/09\/main-logo.png\",\"contentUrl\":\"https:\/\/legitgrams.com\/wp-content\/uploads\/2024\/09\/main-logo.png\",\"width\":270,\"height\":75,\"caption\":\"Legit Grams\"},\"image\":{\"@id\":\"https:\/\/legitgrams.com\/#\/schema\/logo\/image\/\"}}]}<\/script>\n<!-- \/ Yoast SEO plugin. -->","yoast_head_json":{"title":"2-FDCK elad\u00f3 - V\u00e1s\u00e1rl\u00e1s 2-FDCK Crystal Online | LegitGrams","description":"Ha szeretne v\u00e1s\u00e1rolni 2-FDCK krist\u00e1ly online LegitGrams \u00fczlet\u00fcnk seg\u00edthet. N\u00e1lunk a 2-FDCK a legjobb \u00e1ron kaphat\u00f3 itt. Takar\u00edtson meg t\u00f6bbet a 2-FDCK-n a leg\u00fajabb akci\u00f3inkkal. V\u00e1s\u00e1roljon most!","robots":{"index":"index","follow":"follow","max-snippet":"max-snippet:-1","max-image-preview":"max-image-preview:large","max-video-preview":"max-video-preview:-1"},"canonical":"https:\/\/legitgrams.com\/hu\/termek\/2fdck-vasarlas\/","og_locale":"hu_HU","og_type":"article","og_title":"2-FDCK for Sale - Buy 2-FDCK Crystal Online | LegitGrams","og_description":"If you wish to buy 2-FDCK crystal online our LegitGrams store can help. We have 2-FDCK for sale at the best rates here. Save More on 2-FDCK with our latest promotions. Shop Now!","og_url":"https:\/\/legitgrams.com\/hu\/termek\/2fdck-vasarlas\/","og_site_name":"Legit Grams","article_modified_time":"2026-01-10T19:28:10+00:00","og_image":[{"width":600,"height":600,"url":"https:\/\/legitgrams.com\/wp-content\/uploads\/2024\/08\/2fdck-new.gif","type":"image\/gif"}],"twitter_card":"summary_large_image","twitter_misc":{"Becs\u00fclt olvas\u00e1si id\u0151":"4 perc"},"schema":{"@context":"https:\/\/schema.org","@graph":[{"@type":"WebPage","@id":"https:\/\/legitgrams.com\/product\/2fdck\/","url":"https:\/\/legitgrams.com\/product\/2fdck\/","name":"2-FDCK elad\u00f3 - V\u00e1s\u00e1rl\u00e1s 2-FDCK Crystal Online | LegitGrams","isPartOf":{"@id":"https:\/\/legitgrams.com\/#website"},"primaryImageOfPage":{"@id":"https:\/\/legitgrams.com\/product\/2fdck\/#primaryimage"},"image":{"@id":"https:\/\/legitgrams.com\/product\/2fdck\/#primaryimage"},"thumbnailUrl":"https:\/\/legitgrams.com\/wp-content\/uploads\/2024\/08\/2fdck-new.gif","datePublished":"2024-08-03T05:18:29+00:00","dateModified":"2026-01-10T19:28:10+00:00","description":"Ha szeretne v\u00e1s\u00e1rolni 2-FDCK krist\u00e1ly online LegitGrams \u00fczlet\u00fcnk seg\u00edthet. N\u00e1lunk a 2-FDCK a legjobb \u00e1ron kaphat\u00f3 itt. Takar\u00edtson meg t\u00f6bbet a 2-FDCK-n a leg\u00fajabb akci\u00f3inkkal. V\u00e1s\u00e1roljon most!","breadcrumb":{"@id":"https:\/\/legitgrams.com\/product\/2fdck\/#breadcrumb"},"inLanguage":"hu","potentialAction":[{"@type":"ReadAction","target":["https:\/\/legitgrams.com\/product\/2fdck\/"]}]},{"@type":"ImageObject","inLanguage":"hu","@id":"https:\/\/legitgrams.com\/product\/2fdck\/#primaryimage","url":"https:\/\/legitgrams.com\/wp-content\/uploads\/2024\/08\/2fdck-new.gif","contentUrl":"https:\/\/legitgrams.com\/wp-content\/uploads\/2024\/08\/2fdck-new.gif","width":600,"height":600,"caption":"2-FDCK for Sale"},{"@type":"BreadcrumbList","@id":"https:\/\/legitgrams.com\/product\/2fdck\/#breadcrumb","itemListElement":[{"@type":"ListItem","position":1,"name":"Home","item":"https:\/\/legitgrams.com\/"},{"@type":"ListItem","position":2,"name":"Shop","item":"https:\/\/legitgrams.com\/shop\/"},{"@type":"ListItem","position":3,"name":"Buy 2FDCK Online"}]},{"@type":"WebSite","@id":"https:\/\/legitgrams.com\/#website","url":"https:\/\/legitgrams.com\/","name":"Legit Grams","description":"Az \u00e9n WordPress blogom","publisher":{"@id":"https:\/\/legitgrams.com\/#organization"},"potentialAction":[{"@type":"SearchAction","target":{"@type":"EntryPoint","urlTemplate":"https:\/\/legitgrams.com\/?s={search_term_string}"},"query-input":{"@type":"PropertyValueSpecification","valueRequired":true,"valueName":"search_term_string"}}],"inLanguage":"hu"},{"@type":"Organization","@id":"https:\/\/legitgrams.com\/#organization","name":"Legit Grams","url":"https:\/\/legitgrams.com\/","logo":{"@type":"ImageObject","inLanguage":"hu","@id":"https:\/\/legitgrams.com\/#\/schema\/logo\/image\/","url":"https:\/\/legitgrams.com\/wp-content\/uploads\/2024\/09\/main-logo.png","contentUrl":"https:\/\/legitgrams.com\/wp-content\/uploads\/2024\/09\/main-logo.png","width":270,"height":75,"caption":"Legit Grams"},"image":{"@id":"https:\/\/legitgrams.com\/#\/schema\/logo\/image\/"}}]}},"uagb_featured_image_src":{"full":["https:\/\/legitgrams.com\/wp-content\/uploads\/2024\/08\/2fdck-new.gif",600,600,false],"thumbnail":["https:\/\/legitgrams.com\/wp-content\/uploads\/2024\/08\/2fdck-new-150x150.gif",150,150,true],"medium":["https:\/\/legitgrams.com\/wp-content\/uploads\/2024\/08\/2fdck-new-300x300.gif",300,300,true],"medium_large":["https:\/\/legitgrams.com\/wp-content\/uploads\/2024\/08\/2fdck-new.gif",600,600,false],"large":["https:\/\/legitgrams.com\/wp-content\/uploads\/2024\/08\/2fdck-new.gif",600,600,false],"1536x1536":["https:\/\/legitgrams.com\/wp-content\/uploads\/2024\/08\/2fdck-new.gif",600,600,false],"2048x2048":["https:\/\/legitgrams.com\/wp-content\/uploads\/2024\/08\/2fdck-new.gif",600,600,false],"trp-custom-language-flag":["https:\/\/legitgrams.com\/wp-content\/uploads\/2024\/08\/2fdck-new-12x12.gif",12,12,true],"woocommerce_thumbnail":["https:\/\/legitgrams.com\/wp-content\/uploads\/2024\/08\/2fdck-new-300x300.gif",300,300,true],"woocommerce_single":["https:\/\/legitgrams.com\/wp-content\/uploads\/2024\/08\/2fdck-new.gif",600,600,false],"woocommerce_gallery_thumbnail":["https:\/\/legitgrams.com\/wp-content\/uploads\/2024\/08\/2fdck-new-100x100.gif",100,100,true]},"uagb_author_info":{"display_name":"cokeblog18","author_link":"https:\/\/legitgrams.com\/hu\/author\/"},"uagb_comment_info":2,"uagb_excerpt":"2-FDCK @ Legit Grams for Sale 2fdck The dissociative anesthetic 2-Fl-2\u2032-Oxo-PCM is also known as Buy Fluoroketamine, 2-FDCK, and 2-Fl-2\u2032-Oxo-PCM. It is ketamine&#8217;s fluorine-based analog, however without the chlorine atom. Purchase 2-FDCK online. Member of the arylcyclohexylamine class, 2-Fl-2\u2032-Oxo-PCM is a unique dissociative medication that is also known as 2-Fluorodeschloroketamine, 2-FDCK, and, confusingly, 2-Fluroketamine, Buy&hellip;","_links":{"self":[{"href":"https:\/\/legitgrams.com\/hu\/wp-json\/wp\/v2\/product\/3242","targetHints":{"allow":["GET"]}}],"collection":[{"href":"https:\/\/legitgrams.com\/hu\/wp-json\/wp\/v2\/product"}],"about":[{"href":"https:\/\/legitgrams.com\/hu\/wp-json\/wp\/v2\/types\/product"}],"replies":[{"embeddable":true,"href":"https:\/\/legitgrams.com\/hu\/wp-json\/wp\/v2\/comments?post=3242"}],"wp:featuredmedia":[{"embeddable":true,"href":"https:\/\/legitgrams.com\/hu\/wp-json\/wp\/v2\/media\/3250"}],"wp:attachment":[{"href":"https:\/\/legitgrams.com\/hu\/wp-json\/wp\/v2\/media?parent=3242"}],"wp:term":[{"taxonomy":"product_brand","embeddable":true,"href":"https:\/\/legitgrams.com\/hu\/wp-json\/wp\/v2\/product_brand?post=3242"},{"taxonomy":"product_cat","embeddable":true,"href":"https:\/\/legitgrams.com\/hu\/wp-json\/wp\/v2\/product_cat?post=3242"},{"taxonomy":"product_tag","embeddable":true,"href":"https:\/\/legitgrams.com\/hu\/wp-json\/wp\/v2\/product_tag?post=3242"}],"curies":[{"name":"wp","href":"https:\/\/api.w.org\/{rel}","templated":true}]}}