{"id":3246,"date":"2024-08-03T05:19:06","date_gmt":"2024-08-03T05:19:06","guid":{"rendered":"https:\/\/cokebricks.com\/?post_type=product&#038;p=3246"},"modified":"2025-01-14T09:01:12","modified_gmt":"2025-01-14T09:01:12","slug":"mdpop","status":"publish","type":"product","link":"https:\/\/legitgrams.com\/hu\/termek\/mdpop\/","title":{"rendered":"Mdpop"},"content":{"rendered":"<h2>V\u00e1s\u00e1roljon mdpop-ot online.<\/h2>\n<p>MDPOP online v\u00e1s\u00e1rl\u00e1s Az Egyes\u00fclt Kir\u00e1lys\u00e1g k\u00e1b\u00edt\u00f3szerrel val\u00f3 vissza\u00e9l\u00e9sekkel foglalkoz\u00f3 tan\u00e1csad\u00f3 test\u00fclete 2010. \u00e1prilis 2-\u00e1n k\u00f6z\u00f6lte, hogy a strukt\u00fara alapj\u00e1n teljes bojkottot vezetnek be a gy\u00f3gyszerkombin\u00e1ci\u00f3k ezen oszt\u00e1ly\u00e1val szemben. A k\u00f6z\u00f6s csal\u00e1dtag, a mefedron illeg\u00e1lis \u00e9rt\u00e9kes\u00edt\u00e9s\u00e9vel \u00e9s rekre\u00e1ci\u00f3s c\u00e9l\u00fa felhaszn\u00e1l\u00e1s\u00e1val kapcsolatos tudatoss\u00e1g n\u00f6vel\u00e9se volt a c\u00e9l. Ez a bojkott minden, a fent eml\u00edtett \u00e1ltal\u00e1nos szerkezet\u0171 kever\u00e9kre vonatkozik; 28 specifikus kombin\u00e1ci\u00f3 szerepel. <a href=\"https:\/\/legitgrams.com\/hu\/\">LegitGrams<\/a><\/p>\n<h3>Tov\u00e1bbi inform\u00e1ci\u00f3 az mdpop-r\u00f3l<\/h3>\n<p>(I) m\u00e9g akkor is, ha legal\u00e1bb egy extra egy\u00e9rt\u00e9k\u0171 szubsztituens van a fenilgy\u0171r\u0171ben, a fenilgy\u0171r\u0171 b\u00e1rmely alkil-, alkoxi-, alkil\u00e9n-dioxi-, halog\u00e9n-alkil- vagy halogenid szubsztituens\u00e9nek r\u00e9szleges vagy teljes helyettes\u00edt\u00e9s\u00e9vel egy alkil be\u00e9p\u00edt\u00e9s\u00e9vel<\/p>\n<p>(ii) egy alkil-szubsztituens hozz\u00e1ad\u00e1s\u00e1val a harmadik helyzetben; a leg\u00e1lis kannabisz ter\u00e1pi\u00e1s profilja.<\/p>\n<p>(iii) a nitrog\u00e9nr\u00e9szecsk\u00e9n l\u00e9v\u0151 alkil- vagy dialkil-csoportok megv\u00e1ltoztat\u00e1s\u00e1val vagy egy nitrog\u00e9natom be\u00e9p\u00edt\u00e9s\u00e9vel egy ciklusos szerkezetbe. Az mdpop t\u00f6rt\u00e9net\u00e9nek \u00f6sszefoglal\u00e1sa<\/p>\n<p>2010. \u00e1prilis 16-\u00e1n ezt az anyagot hozz\u00e1adt\u00e1k az 1971. \u00e9vi k\u00e1b\u00edt\u00f3szerrel val\u00f3 vissza\u00e9l\u00e9sr\u0151l sz\u00f3l\u00f3 t\u00f6rv\u00e9nyhez, ami jogilag k\u00f6telez\u0151 erej\u0171v\u00e9 tette. Meg kell jegyezni, hogy az ACMD-tanulm\u00e1ny k\u00f6zz\u00e9t\u00e9tele idej\u00e9n a fent eml\u00edtett kever\u00e9kek k\u00f6z\u00fcl n\u00e9gy \u2013 a katinon, a metkatinon, a dietilpropion \u00e9s a pirovaleron \u2013 illeg\u00e1lis volt az Egyes\u00fclt Kir\u00e1lys\u00e1gban. K\u00e9t kever\u00e9ket sz\u00e1nd\u00e9kosan kiz\u00e1rtak a bojkottb\u00f3l: a bupropiont, mert sz\u00e9les k\u00f6rben elterjedt orvosi felhaszn\u00e1l\u00e1sa, \u00e9s mert szerkezete nem esik a nem kiz\u00e1r\u00f3lagos krit\u00e9rium al\u00e1, \u00e9s jelenleg nincs elegend\u0151 bizony\u00edt\u00e9k a haszn\u00e1lat bojkottj\u00e1nak al\u00e1t\u00e1maszt\u00e1s\u00e1ra \u2013 csek\u00e9ly a vissza\u00e9l\u00e9s kock\u00e1zata; internetes v\u00e1s\u00e1rl\u00e1s <a href=\"https:\/\/legitgrams.com\/hu\/termek\/mdpop\/\">MD Pop<\/a><\/p>\n<p>Egy m\u00e1sodik ACMD-felm\u00e9r\u00e9s \u00e9s az els\u0151n\u00e9l j\u00f3val elterjedtebb struktur\u00e1lis bojkott eredm\u00e9nyek\u00e9nt a napferon anal\u00f3gokat 2010 j\u00falius\u00e1ban betiltott\u00e1k.<\/p>\n<p>V\u00e9g\u00fcl: \u201eMinden olyan anyag vagy vegyi anyag, amelyet els\u0151sorban 2-aminopropan-1-onb\u00f3l \u00e1ll\u00edtanak el\u0151 monociklusos vagy vegyes policiklusos gy\u0171r\u0171v\u00e1zzal (nem fenilgy\u0171r\u0171vel vagy alkil\u00e9n-dioxi-fenil-gy\u0171r\u0171v\u00e1zzal) az 1-es poz\u00edci\u00f3ban\u201d a leg\u00e1lis kannabisz ter\u00e1pi\u00e1s tulajdons\u00e1gai. .<\/p>\n<p>(I) tetsz\u0151leges mennyis\u00e9g\u0171 alkil-, alkoxi-, halog\u00e9n-alkil- vagy halogenid szubsztituens helyettes\u00edt\u00e9s\u00e9vel a gy\u0171r\u0171szerkezetben, m\u00e9g akkor is, ha a gy\u0171r\u0171szerkezetben k\u00e9s\u0151bb legal\u00e1bb egy tov\u00e1bbi egy\u00e9rt\u00e9k\u0171 szubsztituenssel helyettes\u00edtett MDPOP. M\u00e1s sz\u00f3val, jobban testreszabottan hasonl\u00f3 fajta. a leg\u00e1lis kannabisz ter\u00e1pi\u00e1s tulajdons\u00e1gai.<\/p>\n<p>(I) b\u00e1rmilyen mennyis\u00e9g\u0171 alkil-, alkoxi-, halog\u00e9n-alkil- vagy halogenid szubsztituens szubsztitu\u00e1l\u00e1s\u00e1val a gy\u0171r\u0171szerkezetben, m\u00e9g akkor is, ha k\u00e9s\u0151bb a gy\u0171r\u0171szerkezetben legal\u00e1bb egy tov\u00e1bbi egy\u00e9rt\u00e9k\u0171 szubsztituenssel helyettes\u00edtve vannak <a href=\"https:\/\/en.namu.wiki\/w\/MDPOPE\">MDPOP<\/a> Online v\u00e1s\u00e1rl\u00e1s.<\/p>\n<h2><\/h2>\n<h2><\/h2>\n<p>&nbsp;<\/p>","protected":false},"excerpt":{"rendered":"<p>Purchase mdpop online. MDPOP Online Purchase The UK Advisory Council on the Misuse of Drugs said on April 2, 2010, that, based on structure, a complete boycott of this class of drug combinations would be put into effect. Increasing awareness of the illegal sale and recreational use of mephedrone, a common family member, was the &hellip;<\/p>\n<p class=\"read-more\"> <a class=\"\" href=\"https:\/\/legitgrams.com\/hu\/termek\/mdpop\/\"> <span class=\"screen-reader-text\">Mdpop<\/span> Olvass tov\u00e1bb \"<\/a><\/p>","protected":false},"featured_media":3257,"comment_status":"open","ping_status":"closed","template":"","meta":{"_uag_custom_page_level_css":"","site-sidebar-layout":"default","site-content-layout":"default","ast-global-header-display":"","ast-main-header-display":"","ast-hfb-above-header-display":"","ast-hfb-below-header-display":"","ast-hfb-mobile-header-display":"","site-post-title":"","ast-breadcrumbs-content":"","ast-featured-img":"","footer-sml-layout":"","theme-transparent-header-meta":"default","adv-header-id-meta":"","stick-header-meta":"default","header-above-stick-meta":"","header-main-stick-meta":"","header-below-stick-meta":"","_joinchat":[]},"product_brand":[],"product_cat":[190],"product_tag":[512,513,514,515,504,505,506,507,508,509,510,511],"class_list":{"0":"post-3246","1":"product","2":"type-product","3":"status-publish","4":"has-post-thumbnail","6":"product_cat-cannabinoids","7":"product_tag-mdpop-cannabinoids","8":"product_tag-mdpop-cannabinoids-for-sale","9":"product_tag-mdpop-cannabinoids-reddit","10":"product_tag-mdpop-chemical","11":"product_tag-mdpop-powder-australia","12":"product_tag-mdpop-powder-canada","13":"product_tag-mdpop-powder-greece","14":"product_tag-mdpop-powder-kuwait","15":"product_tag-mdpop-powder-review","16":"product_tag-mdpop-powder-spain","17":"product_tag-mdpop-powder-uk","18":"product_tag-mdpop-powder-usa","19":"desktop-align-left","20":"tablet-align-left","21":"mobile-align-left","22":"ast-product-gallery-layout-horizontal","23":"ast-product-gallery-with-no-image","24":"ast-product-single-variable","25":"ast-product-tabs-layout-horizontal","26":"ast-qv-on-image","28":"first","29":"instock","30":"shipping-taxable","31":"purchasable","32":"product-type-variable"},"yoast_head":"<!-- This site is optimized with the Yoast SEO plugin v25.9 - https:\/\/yoast.com\/wordpress\/plugins\/seo\/ -->\n<title>Mdpop for Sale - Order Mdpop Online with Fast Shipping | LG<\/title>\n<meta name=\"description\" content=\"Explore our online store for Mdpop for sale, offering high-quality Mdpop. Buy Mdpop online securely and embark on your research journey with confidence.\" \/>\n<meta name=\"robots\" content=\"index, follow, max-snippet:-1, max-image-preview:large, max-video-preview:-1\" \/>\n<link rel=\"canonical\" href=\"https:\/\/legitgrams.com\/hu\/termek\/mdpop\/\" \/>\n<meta property=\"og:locale\" content=\"hu_HU\" \/>\n<meta property=\"og:type\" content=\"article\" \/>\n<meta property=\"og:title\" content=\"Mdpop for Sale - Order Mdpop Online with Fast Shipping | LG\" \/>\n<meta property=\"og:description\" content=\"Explore our online store for Mdpop for sale, offering high-quality Mdpop. Buy Mdpop online securely and embark on your research journey with confidence.\" \/>\n<meta property=\"og:url\" content=\"https:\/\/legitgrams.com\/hu\/termek\/mdpop\/\" \/>\n<meta property=\"og:site_name\" content=\"Legit Grams\" \/>\n<meta property=\"article:modified_time\" content=\"2025-01-14T09:01:12+00:00\" \/>\n<meta property=\"og:image\" content=\"https:\/\/legitgrams.com\/wp-content\/uploads\/2024\/08\/Mdpop.gif\" \/>\n\t<meta property=\"og:image:width\" content=\"600\" \/>\n\t<meta property=\"og:image:height\" content=\"600\" \/>\n\t<meta property=\"og:image:type\" content=\"image\/gif\" \/>\n<meta name=\"twitter:card\" content=\"summary_large_image\" \/>\n<meta name=\"twitter:label1\" content=\"Becs\u00fclt olvas\u00e1si id\u0151\" \/>\n\t<meta name=\"twitter:data1\" content=\"4 perc\" \/>\n<script type=\"application\/ld+json\" class=\"yoast-schema-graph\">{\"@context\":\"https:\/\/schema.org\",\"@graph\":[{\"@type\":\"WebPage\",\"@id\":\"https:\/\/legitgrams.com\/product\/mdpop\/\",\"url\":\"https:\/\/legitgrams.com\/product\/mdpop\/\",\"name\":\"Mdpop for Sale - Order Mdpop Online with Fast Shipping | LG\",\"isPartOf\":{\"@id\":\"https:\/\/legitgrams.com\/#website\"},\"primaryImageOfPage\":{\"@id\":\"https:\/\/legitgrams.com\/product\/mdpop\/#primaryimage\"},\"image\":{\"@id\":\"https:\/\/legitgrams.com\/product\/mdpop\/#primaryimage\"},\"thumbnailUrl\":\"https:\/\/legitgrams.com\/wp-content\/uploads\/2024\/08\/Mdpop.gif\",\"datePublished\":\"2024-08-03T05:19:06+00:00\",\"dateModified\":\"2025-01-14T09:01:12+00:00\",\"description\":\"Explore our online store for Mdpop for sale, offering high-quality Mdpop. Buy Mdpop online securely and embark on your research journey with confidence.\",\"breadcrumb\":{\"@id\":\"https:\/\/legitgrams.com\/product\/mdpop\/#breadcrumb\"},\"inLanguage\":\"hu\",\"potentialAction\":[{\"@type\":\"ReadAction\",\"target\":[\"https:\/\/legitgrams.com\/product\/mdpop\/\"]}]},{\"@type\":\"ImageObject\",\"inLanguage\":\"hu\",\"@id\":\"https:\/\/legitgrams.com\/product\/mdpop\/#primaryimage\",\"url\":\"https:\/\/legitgrams.com\/wp-content\/uploads\/2024\/08\/Mdpop.gif\",\"contentUrl\":\"https:\/\/legitgrams.com\/wp-content\/uploads\/2024\/08\/Mdpop.gif\",\"width\":600,\"height\":600,\"caption\":\"Mdpop for Sale\"},{\"@type\":\"BreadcrumbList\",\"@id\":\"https:\/\/legitgrams.com\/product\/mdpop\/#breadcrumb\",\"itemListElement\":[{\"@type\":\"ListItem\",\"position\":1,\"name\":\"Home\",\"item\":\"https:\/\/legitgrams.com\/\"},{\"@type\":\"ListItem\",\"position\":2,\"name\":\"Shop\",\"item\":\"https:\/\/legitgrams.com\/shop\/\"},{\"@type\":\"ListItem\",\"position\":3,\"name\":\"Mdpop\"}]},{\"@type\":\"WebSite\",\"@id\":\"https:\/\/legitgrams.com\/#website\",\"url\":\"https:\/\/legitgrams.com\/\",\"name\":\"Legit Grams\",\"description\":\"My WordPress Blog\",\"publisher\":{\"@id\":\"https:\/\/legitgrams.com\/#organization\"},\"potentialAction\":[{\"@type\":\"SearchAction\",\"target\":{\"@type\":\"EntryPoint\",\"urlTemplate\":\"https:\/\/legitgrams.com\/?s={search_term_string}\"},\"query-input\":{\"@type\":\"PropertyValueSpecification\",\"valueRequired\":true,\"valueName\":\"search_term_string\"}}],\"inLanguage\":\"hu\"},{\"@type\":\"Organization\",\"@id\":\"https:\/\/legitgrams.com\/#organization\",\"name\":\"Legit Grams\",\"url\":\"https:\/\/legitgrams.com\/\",\"logo\":{\"@type\":\"ImageObject\",\"inLanguage\":\"hu\",\"@id\":\"https:\/\/legitgrams.com\/#\/schema\/logo\/image\/\",\"url\":\"https:\/\/legitgrams.com\/wp-content\/uploads\/2024\/09\/main-logo.png\",\"contentUrl\":\"https:\/\/legitgrams.com\/wp-content\/uploads\/2024\/09\/main-logo.png\",\"width\":270,\"height\":75,\"caption\":\"Legit Grams\"},\"image\":{\"@id\":\"https:\/\/legitgrams.com\/#\/schema\/logo\/image\/\"}}]}<\/script>\n<!-- \/ Yoast SEO plugin. -->","yoast_head_json":{"title":"Mdpop elad\u00f3 - Rendel\u00e9s Mdpop Online gyors sz\u00e1ll\u00edt\u00e1s | LG","description":"Fedezze fel online \u00e1ruh\u00e1zunkban Mdpop elad\u00f3, k\u00edn\u00e1l kiv\u00e1l\u00f3 min\u0151s\u00e9g\u0171 Mdpop. V\u00e1s\u00e1roljon Mdpop online biztons\u00e1gosan, \u00e9s induljon el a kutat\u00e1si \u00fatra magabiztosan.","robots":{"index":"index","follow":"follow","max-snippet":"max-snippet:-1","max-image-preview":"max-image-preview:large","max-video-preview":"max-video-preview:-1"},"canonical":"https:\/\/legitgrams.com\/hu\/termek\/mdpop\/","og_locale":"hu_HU","og_type":"article","og_title":"Mdpop for Sale - Order Mdpop Online with Fast Shipping | LG","og_description":"Explore our online store for Mdpop for sale, offering high-quality Mdpop. Buy Mdpop online securely and embark on your research journey with confidence.","og_url":"https:\/\/legitgrams.com\/hu\/termek\/mdpop\/","og_site_name":"Legit Grams","article_modified_time":"2025-01-14T09:01:12+00:00","og_image":[{"width":600,"height":600,"url":"https:\/\/legitgrams.com\/wp-content\/uploads\/2024\/08\/Mdpop.gif","type":"image\/gif"}],"twitter_card":"summary_large_image","twitter_misc":{"Becs\u00fclt olvas\u00e1si id\u0151":"4 perc"},"schema":{"@context":"https:\/\/schema.org","@graph":[{"@type":"WebPage","@id":"https:\/\/legitgrams.com\/product\/mdpop\/","url":"https:\/\/legitgrams.com\/product\/mdpop\/","name":"Mdpop elad\u00f3 - Rendel\u00e9s Mdpop Online gyors sz\u00e1ll\u00edt\u00e1s | LG","isPartOf":{"@id":"https:\/\/legitgrams.com\/#website"},"primaryImageOfPage":{"@id":"https:\/\/legitgrams.com\/product\/mdpop\/#primaryimage"},"image":{"@id":"https:\/\/legitgrams.com\/product\/mdpop\/#primaryimage"},"thumbnailUrl":"https:\/\/legitgrams.com\/wp-content\/uploads\/2024\/08\/Mdpop.gif","datePublished":"2024-08-03T05:19:06+00:00","dateModified":"2025-01-14T09:01:12+00:00","description":"Fedezze fel online \u00e1ruh\u00e1zunkban Mdpop elad\u00f3, k\u00edn\u00e1l kiv\u00e1l\u00f3 min\u0151s\u00e9g\u0171 Mdpop. V\u00e1s\u00e1roljon Mdpop online biztons\u00e1gosan, \u00e9s induljon el a kutat\u00e1si \u00fatra magabiztosan.","breadcrumb":{"@id":"https:\/\/legitgrams.com\/product\/mdpop\/#breadcrumb"},"inLanguage":"hu","potentialAction":[{"@type":"ReadAction","target":["https:\/\/legitgrams.com\/product\/mdpop\/"]}]},{"@type":"ImageObject","inLanguage":"hu","@id":"https:\/\/legitgrams.com\/product\/mdpop\/#primaryimage","url":"https:\/\/legitgrams.com\/wp-content\/uploads\/2024\/08\/Mdpop.gif","contentUrl":"https:\/\/legitgrams.com\/wp-content\/uploads\/2024\/08\/Mdpop.gif","width":600,"height":600,"caption":"Mdpop for Sale"},{"@type":"BreadcrumbList","@id":"https:\/\/legitgrams.com\/product\/mdpop\/#breadcrumb","itemListElement":[{"@type":"ListItem","position":1,"name":"Home","item":"https:\/\/legitgrams.com\/"},{"@type":"ListItem","position":2,"name":"Shop","item":"https:\/\/legitgrams.com\/shop\/"},{"@type":"ListItem","position":3,"name":"Mdpop"}]},{"@type":"WebSite","@id":"https:\/\/legitgrams.com\/#website","url":"https:\/\/legitgrams.com\/","name":"Legit Grams","description":"Az \u00e9n WordPress blogom","publisher":{"@id":"https:\/\/legitgrams.com\/#organization"},"potentialAction":[{"@type":"SearchAction","target":{"@type":"EntryPoint","urlTemplate":"https:\/\/legitgrams.com\/?s={search_term_string}"},"query-input":{"@type":"PropertyValueSpecification","valueRequired":true,"valueName":"search_term_string"}}],"inLanguage":"hu"},{"@type":"Organization","@id":"https:\/\/legitgrams.com\/#organization","name":"Legit Grams","url":"https:\/\/legitgrams.com\/","logo":{"@type":"ImageObject","inLanguage":"hu","@id":"https:\/\/legitgrams.com\/#\/schema\/logo\/image\/","url":"https:\/\/legitgrams.com\/wp-content\/uploads\/2024\/09\/main-logo.png","contentUrl":"https:\/\/legitgrams.com\/wp-content\/uploads\/2024\/09\/main-logo.png","width":270,"height":75,"caption":"Legit Grams"},"image":{"@id":"https:\/\/legitgrams.com\/#\/schema\/logo\/image\/"}}]}},"uagb_featured_image_src":{"full":["https:\/\/legitgrams.com\/wp-content\/uploads\/2024\/08\/Mdpop.gif",600,600,false],"thumbnail":["https:\/\/legitgrams.com\/wp-content\/uploads\/2024\/08\/Mdpop-150x150.gif",150,150,true],"medium":["https:\/\/legitgrams.com\/wp-content\/uploads\/2024\/08\/Mdpop-300x300.gif",300,300,true],"medium_large":["https:\/\/legitgrams.com\/wp-content\/uploads\/2024\/08\/Mdpop.gif",600,600,false],"large":["https:\/\/legitgrams.com\/wp-content\/uploads\/2024\/08\/Mdpop.gif",600,600,false],"1536x1536":["https:\/\/legitgrams.com\/wp-content\/uploads\/2024\/08\/Mdpop.gif",600,600,false],"2048x2048":["https:\/\/legitgrams.com\/wp-content\/uploads\/2024\/08\/Mdpop.gif",600,600,false],"trp-custom-language-flag":["https:\/\/legitgrams.com\/wp-content\/uploads\/2024\/08\/Mdpop-12x12.gif",12,12,true],"woocommerce_thumbnail":["https:\/\/legitgrams.com\/wp-content\/uploads\/2024\/08\/Mdpop-300x300.gif",300,300,true],"woocommerce_single":["https:\/\/legitgrams.com\/wp-content\/uploads\/2024\/08\/Mdpop.gif",600,600,false],"woocommerce_gallery_thumbnail":["https:\/\/legitgrams.com\/wp-content\/uploads\/2024\/08\/Mdpop-100x100.gif",100,100,true]},"uagb_author_info":{"display_name":"cokeblog18","author_link":"https:\/\/legitgrams.com\/hu\/author\/"},"uagb_comment_info":0,"uagb_excerpt":"Purchase mdpop online. MDPOP Online Purchase The UK Advisory Council on the Misuse of Drugs said on April 2, 2010, that, based on structure, a complete boycott of this class of drug combinations would be put into effect. Increasing awareness of the illegal sale and recreational use of mephedrone, a common family member, was the&hellip;","_links":{"self":[{"href":"https:\/\/legitgrams.com\/hu\/wp-json\/wp\/v2\/product\/3246","targetHints":{"allow":["GET"]}}],"collection":[{"href":"https:\/\/legitgrams.com\/hu\/wp-json\/wp\/v2\/product"}],"about":[{"href":"https:\/\/legitgrams.com\/hu\/wp-json\/wp\/v2\/types\/product"}],"replies":[{"embeddable":true,"href":"https:\/\/legitgrams.com\/hu\/wp-json\/wp\/v2\/comments?post=3246"}],"wp:featuredmedia":[{"embeddable":true,"href":"https:\/\/legitgrams.com\/hu\/wp-json\/wp\/v2\/media\/3257"}],"wp:attachment":[{"href":"https:\/\/legitgrams.com\/hu\/wp-json\/wp\/v2\/media?parent=3246"}],"wp:term":[{"taxonomy":"product_brand","embeddable":true,"href":"https:\/\/legitgrams.com\/hu\/wp-json\/wp\/v2\/product_brand?post=3246"},{"taxonomy":"product_cat","embeddable":true,"href":"https:\/\/legitgrams.com\/hu\/wp-json\/wp\/v2\/product_cat?post=3246"},{"taxonomy":"product_tag","embeddable":true,"href":"https:\/\/legitgrams.com\/hu\/wp-json\/wp\/v2\/product_tag?post=3246"}],"curies":[{"name":"wp","href":"https:\/\/api.w.org\/{rel}","templated":true}]}}