{"id":3258,"date":"2024-08-03T05:26:26","date_gmt":"2024-08-03T05:26:26","guid":{"rendered":"https:\/\/cokebricks.com\/?post_type=product&#038;p=3258"},"modified":"2025-01-14T08:47:41","modified_gmt":"2025-01-14T08:47:41","slug":"mcpep","status":"publish","type":"product","link":"https:\/\/legitgrams.com\/hu\/termek\/mcpep\/","title":{"rendered":"Mcpep"},"content":{"rendered":"<h2>V\u00e1s\u00e1roljon MCPEP-et online<\/h2>\n<p><a href=\"https:\/\/legitgrams.com\/hu\/termek\/mcpep\/\">MCPEP Online v\u00e1s\u00e1rl\u00e1s<\/a>e: Az MCPEP nem sz\u00e1ll\u00edt Nembutal v\u00e1s\u00e1rl\u00e1st, ez az egyetlen hely, ahol k\u00fcl\u00f6nf\u00e9le szintetikus anyagokat kaphat egy helyen. MCPEP az interneten kereszt\u00fcl. A Flakka, amelyet k\u0151nek is neveznek, a katinon oszt\u00e1lyba tartoz\u00f3 stimul\u00e1ns gy\u00f3gyszer, amelyet az 1960-as \u00e9vekben fejlesztettek ki.<\/p>\n<p><a href=\"https:\/\/commons.wikimedia.org\/wiki\/File:MCPEP_structure.png\">MCPEP<\/a>, egy szintetikus energiz\u00e1l\u00f3, amely a pirovaleron \u00e9s katinon csal\u00e1dba tartozik, online \u00e1rus\u00edthat\u00f3. Szint\u00e9zis\u00e9t tekintve hasonl\u00f3 a t\u00f6bbi pirovaleron kever\u00e9khez, bele\u00e9rtve az MDPV-t \u00e9s a katinon kever\u00e9keket. Gyakran nagy, gy\u00f6ny\u00f6r\u0171 k\u0151szil\u00e1nkokban vagy \u00fcveges por form\u00e1j\u00e1ban \u00e1rulj\u00e1k, amelyet a felhaszn\u00e1l\u00f3k lenyelhetnek, hogy amfetaminszer\u0171 \u00e9rz\u00e9st kapjanak.<\/p>\n<p>A common recreational drug, buy MCPEP online is a simple ketone of prolintane that is synthetically linked to pyrovalerone.<\/p>\n<p>A pirovaleron gy\u00f3gyszer a felv\u00e9tel\u00fck meg\u00e1ll\u00edt\u00e1sa \u00e9rdek\u00e9ben, a pirovaleron gy\u00f3gyszer blokkolja a specifikus monoamin szinapszisok hordoz\u00f3it, p\u00e9ld\u00e1ul a dopamint \u00e9s a noradrenalint. Az egyetlen k\u00fcl\u00f6nbs\u00e9g a pirovaleron \u00e9s az 1,2-\u03b1-pirrolidinopentiofenon (hidroklorid) k\u00f6z\u00f6tt az, hogy nincs metilcsoport a fenilmolekul\u00e1n. A pirovaleronhoz hasonl\u00f3an ez a gy\u00f3gyszer pszichoakt\u00edv energiz\u00e1l\u00f3k\u00e9nt szolg\u00e1l. Ennek a t\u00e1rgynak jogi h\u00e1ttere l\u00e9tezik.<\/p>\n<h3>MI\u00c9RT A LEGITGRAMS A LEGJOBB WEBOLDAL AZ ONLINE MCPEP V\u00c1S\u00c1RL\u00c1SHOZ?<\/h3>\n<p>Az olyan val\u00f3di porokat, mint a Mcpep, \u00f6mlesztve \u00e9s kiskereskedelmi forgalomban a Coke Bricks, egy hivatalos besz\u00e1ll\u00edt\u00f3 \u00e9rt\u00e9kes\u00edti. C\u00e9g\u00fcnk garant\u00e1lja a legjobb MCPEP min\u0151s\u00e9get, egyedi csomagol\u00e1ssal \u00e9s biztons\u00e1gos nemzetk\u00f6zi sz\u00e1ll\u00edt\u00e1ssal.<\/p>\n<p>a kritikus gondolkod\u00e1s f\u00e1zisa, amely az MCPEP fogyaszt\u00e1sa ut\u00e1n k\u00f6vetkezik be. Egyes \u00fcgyfelek azt \u00e1ll\u00edtj\u00e1k, hogy az MCPEP \u00e1ltal\u00e1ban sokkal jobb, mint a doh\u00e1nyz\u00e1s, mivel gyakran haszn\u00e1lj\u00e1k rekre\u00e1ci\u00f3s szerk\u00e9nt, \u00e9s nem termel cigarett\u00e1t.<\/p>\n<h3>Fektessen be MCPEP porba.<\/h3>\n<p>Ez a pirovaleron inhibitork\u00e9nt m\u0171k\u00f6dik az\u00e1ltal, hogy megakad\u00e1lyozza bizonyos monoamin szinaptikus neurotranszmitterek, k\u00f6zt\u00fck a dopamin \u00e9s a noradrenalin felv\u00e9tel\u00e9t. Az 1,2 \u03b1-pirrolidinopentiofenon (hidroklorid), egy egyszer\u0171 pirovaleron, nem rendelkezik egyetlen metil k\u00f6teggel, amely a pirovaleron fenilcsoportj\u00e1n tal\u00e1lhat\u00f3. A pirovaleronhoz hasonl\u00f3an ezt a molekul\u00e1t is pszichedelikus energiz\u00e1l\u00f3nak tekintik. Ezt az elemet jogi helyzetekben haszn\u00e1lj\u00e1k. <a href=\"https:\/\/legitgrams.com\/hu\/\">LegitGrams<\/a><\/p>\n<h3>Mit\u0151l a Coke Bricks a legjobb MCPEP online kiskeresked\u0151?<\/h3>\n<p>Mi teszi a Coke Brickst a legjobb MCPEP online kiskeresked\u0151v\u00e9? A Coke Bricks hivatalos keresked\u0151k\u00e9nt ir\u00e1ny\u00edtja az eredeti porok, p\u00e9ld\u00e1ul a Mcpep nagy- \u00e9s kiskereskedelm\u00e9t. A legmagasabb min\u0151s\u00e9g\u0171 MCPEP mellett c\u00e9g\u00fcnk egyedi csomagol\u00e1st \u00e9s biztons\u00e1gos sz\u00e1ll\u00edt\u00e1st \u00edg\u00e9r vil\u00e1gszerte. V\u00e1s\u00e1roljon MCPEP-et online.<\/p>\n<h2><\/h2>\n<h2><\/h2>\n<p>&nbsp;<\/p>","protected":false},"excerpt":{"rendered":"<p>Purchase MCPEP Online MCPEP Buy Online: MCPEP does not carry Purchase Nembutal, the only place to get a variety of synthetics in one place. MCPEP via the internet. Flakka, also referred to as rock, is a stimulant drug of the cathinone class that was developed in the 1960s. MCPEP, a synthetic energizer that belongs to &hellip;<\/p>\n<p class=\"read-more\"> <a class=\"\" href=\"https:\/\/legitgrams.com\/hu\/termek\/mcpep\/\"> <span class=\"screen-reader-text\">Mcpep<\/span> Olvass tov\u00e1bb \"<\/a><\/p>","protected":false},"featured_media":3268,"comment_status":"open","ping_status":"closed","template":"","meta":{"_uag_custom_page_level_css":"","site-sidebar-layout":"default","site-content-layout":"default","ast-global-header-display":"","ast-main-header-display":"","ast-hfb-above-header-display":"","ast-hfb-below-header-display":"","ast-hfb-mobile-header-display":"","site-post-title":"","ast-breadcrumbs-content":"","ast-featured-img":"","footer-sml-layout":"","theme-transparent-header-meta":"default","adv-header-id-meta":"","stick-header-meta":"default","header-above-stick-meta":"","header-main-stick-meta":"","header-below-stick-meta":"","_joinchat":[]},"product_brand":[],"product_cat":[190],"product_tag":[524,525,526,527,516,517,518,519,520,521,522,523],"class_list":{"0":"post-3258","1":"product","2":"type-product","3":"status-publish","4":"has-post-thumbnail","6":"product_cat-cannabinoids","7":"product_tag-mcpep-cannabinoids","8":"product_tag-mcpep-cannabinoids-for-sale","9":"product_tag-mcpep-cannabinoids-reddit","10":"product_tag-mcpep-chemical","11":"product_tag-mcpep-powder-australia","12":"product_tag-mcpep-powder-canada","13":"product_tag-mcpep-powder-greece","14":"product_tag-mcpep-powder-kuwait","15":"product_tag-mcpep-powder-review","16":"product_tag-mcpep-powder-spain","17":"product_tag-mcpep-powder-uk","18":"product_tag-mcpep-powder-usa","19":"desktop-align-left","20":"tablet-align-left","21":"mobile-align-left","22":"ast-product-gallery-layout-horizontal","23":"ast-product-gallery-with-no-image","24":"ast-product-single-variable","25":"ast-product-tabs-layout-horizontal","26":"ast-qv-on-image","28":"first","29":"instock","30":"shipping-taxable","31":"purchasable","32":"product-type-variable"},"yoast_head":"<!-- This site is optimized with the Yoast SEO plugin v25.9 - https:\/\/yoast.com\/wordpress\/plugins\/seo\/ -->\n<title>Mcpep for Sale - Buy Mcpep Online with Discreet Shipping<\/title>\n<meta name=\"description\" content=\"Find premium Mcpep for sale at our online store, providing a secure platform to buy Mcpep online with ease, catering to your research needs. Save More on Mcpep with our latest promotions. Shop today and don&#039;t miss out.\" \/>\n<meta name=\"robots\" content=\"index, follow, max-snippet:-1, max-image-preview:large, max-video-preview:-1\" \/>\n<link rel=\"canonical\" href=\"https:\/\/legitgrams.com\/hu\/termek\/mcpep\/\" \/>\n<meta property=\"og:locale\" content=\"hu_HU\" \/>\n<meta property=\"og:type\" content=\"article\" \/>\n<meta property=\"og:title\" content=\"Mcpep for Sale - Buy Mcpep Online with Discreet Shipping\" \/>\n<meta property=\"og:description\" content=\"Find premium Mcpep for sale at our online store, providing a secure platform to buy Mcpep online with ease, catering to your research needs. Save More on Mcpep with our latest promotions. Shop today and don&#039;t miss out.\" \/>\n<meta property=\"og:url\" content=\"https:\/\/legitgrams.com\/hu\/termek\/mcpep\/\" \/>\n<meta property=\"og:site_name\" content=\"Legit Grams\" \/>\n<meta property=\"article:modified_time\" content=\"2025-01-14T08:47:41+00:00\" \/>\n<meta property=\"og:image\" content=\"https:\/\/legitgrams.com\/wp-content\/uploads\/2024\/08\/Mcpep.gif\" \/>\n\t<meta property=\"og:image:width\" content=\"600\" \/>\n\t<meta property=\"og:image:height\" content=\"600\" \/>\n\t<meta property=\"og:image:type\" content=\"image\/gif\" \/>\n<meta name=\"twitter:card\" content=\"summary_large_image\" \/>\n<meta name=\"twitter:label1\" content=\"Becs\u00fclt olvas\u00e1si id\u0151\" \/>\n\t<meta name=\"twitter:data1\" content=\"2 perc\" \/>\n<script type=\"application\/ld+json\" class=\"yoast-schema-graph\">{\"@context\":\"https:\/\/schema.org\",\"@graph\":[{\"@type\":\"WebPage\",\"@id\":\"https:\/\/legitgrams.com\/product\/mcpep\/\",\"url\":\"https:\/\/legitgrams.com\/product\/mcpep\/\",\"name\":\"Mcpep for Sale - Buy Mcpep Online with Discreet Shipping\",\"isPartOf\":{\"@id\":\"https:\/\/legitgrams.com\/#website\"},\"primaryImageOfPage\":{\"@id\":\"https:\/\/legitgrams.com\/product\/mcpep\/#primaryimage\"},\"image\":{\"@id\":\"https:\/\/legitgrams.com\/product\/mcpep\/#primaryimage\"},\"thumbnailUrl\":\"https:\/\/legitgrams.com\/wp-content\/uploads\/2024\/08\/Mcpep.gif\",\"datePublished\":\"2024-08-03T05:26:26+00:00\",\"dateModified\":\"2025-01-14T08:47:41+00:00\",\"description\":\"Find premium Mcpep for sale at our online store, providing a secure platform to buy Mcpep online with ease, catering to your research needs. Save More on Mcpep with our latest promotions. Shop today and don't miss out.\",\"breadcrumb\":{\"@id\":\"https:\/\/legitgrams.com\/product\/mcpep\/#breadcrumb\"},\"inLanguage\":\"hu\",\"potentialAction\":[{\"@type\":\"ReadAction\",\"target\":[\"https:\/\/legitgrams.com\/product\/mcpep\/\"]}]},{\"@type\":\"ImageObject\",\"inLanguage\":\"hu\",\"@id\":\"https:\/\/legitgrams.com\/product\/mcpep\/#primaryimage\",\"url\":\"https:\/\/legitgrams.com\/wp-content\/uploads\/2024\/08\/Mcpep.gif\",\"contentUrl\":\"https:\/\/legitgrams.com\/wp-content\/uploads\/2024\/08\/Mcpep.gif\",\"width\":600,\"height\":600,\"caption\":\"Mcpep for Sale\"},{\"@type\":\"BreadcrumbList\",\"@id\":\"https:\/\/legitgrams.com\/product\/mcpep\/#breadcrumb\",\"itemListElement\":[{\"@type\":\"ListItem\",\"position\":1,\"name\":\"Home\",\"item\":\"https:\/\/legitgrams.com\/\"},{\"@type\":\"ListItem\",\"position\":2,\"name\":\"Shop\",\"item\":\"https:\/\/legitgrams.com\/shop\/\"},{\"@type\":\"ListItem\",\"position\":3,\"name\":\"Mcpep\"}]},{\"@type\":\"WebSite\",\"@id\":\"https:\/\/legitgrams.com\/#website\",\"url\":\"https:\/\/legitgrams.com\/\",\"name\":\"Legit Grams\",\"description\":\"My WordPress Blog\",\"publisher\":{\"@id\":\"https:\/\/legitgrams.com\/#organization\"},\"potentialAction\":[{\"@type\":\"SearchAction\",\"target\":{\"@type\":\"EntryPoint\",\"urlTemplate\":\"https:\/\/legitgrams.com\/?s={search_term_string}\"},\"query-input\":{\"@type\":\"PropertyValueSpecification\",\"valueRequired\":true,\"valueName\":\"search_term_string\"}}],\"inLanguage\":\"hu\"},{\"@type\":\"Organization\",\"@id\":\"https:\/\/legitgrams.com\/#organization\",\"name\":\"Legit Grams\",\"url\":\"https:\/\/legitgrams.com\/\",\"logo\":{\"@type\":\"ImageObject\",\"inLanguage\":\"hu\",\"@id\":\"https:\/\/legitgrams.com\/#\/schema\/logo\/image\/\",\"url\":\"https:\/\/legitgrams.com\/wp-content\/uploads\/2024\/09\/main-logo.png\",\"contentUrl\":\"https:\/\/legitgrams.com\/wp-content\/uploads\/2024\/09\/main-logo.png\",\"width\":270,\"height\":75,\"caption\":\"Legit Grams\"},\"image\":{\"@id\":\"https:\/\/legitgrams.com\/#\/schema\/logo\/image\/\"}}]}<\/script>\n<!-- \/ Yoast SEO plugin. -->","yoast_head_json":{"title":"Mcpep elad\u00f3 - V\u00e1s\u00e1rolja Mcpep Online diszkr\u00e9t sz\u00e1ll\u00edt\u00e1ssal","description":"Keresse meg a pr\u00e9mium Mcpep elad\u00f3 online \u00e1ruh\u00e1zunkban, amely biztons\u00e1gos platformot biztos\u00edt a Mcpep online v\u00e1s\u00e1rl\u00e1s\u00e1hoz, \u00e9s k\u00f6nnyed\u00e9n kiel\u00e9g\u00edti az \u00d6n kutat\u00e1si ig\u00e9nyeit. Megtakar\u00edt\u00e1s t\u00f6bb Mcpep a leg\u00fajabb akci\u00f3inkkal. V\u00e1s\u00e1roljon m\u00e9g ma, \u00e9s ne maradjon le.","robots":{"index":"index","follow":"follow","max-snippet":"max-snippet:-1","max-image-preview":"max-image-preview:large","max-video-preview":"max-video-preview:-1"},"canonical":"https:\/\/legitgrams.com\/hu\/termek\/mcpep\/","og_locale":"hu_HU","og_type":"article","og_title":"Mcpep for Sale - Buy Mcpep Online with Discreet Shipping","og_description":"Find premium Mcpep for sale at our online store, providing a secure platform to buy Mcpep online with ease, catering to your research needs. Save More on Mcpep with our latest promotions. Shop today and don't miss out.","og_url":"https:\/\/legitgrams.com\/hu\/termek\/mcpep\/","og_site_name":"Legit Grams","article_modified_time":"2025-01-14T08:47:41+00:00","og_image":[{"width":600,"height":600,"url":"https:\/\/legitgrams.com\/wp-content\/uploads\/2024\/08\/Mcpep.gif","type":"image\/gif"}],"twitter_card":"summary_large_image","twitter_misc":{"Becs\u00fclt olvas\u00e1si id\u0151":"2 perc"},"schema":{"@context":"https:\/\/schema.org","@graph":[{"@type":"WebPage","@id":"https:\/\/legitgrams.com\/product\/mcpep\/","url":"https:\/\/legitgrams.com\/product\/mcpep\/","name":"Mcpep elad\u00f3 - V\u00e1s\u00e1rolja Mcpep Online diszkr\u00e9t sz\u00e1ll\u00edt\u00e1ssal","isPartOf":{"@id":"https:\/\/legitgrams.com\/#website"},"primaryImageOfPage":{"@id":"https:\/\/legitgrams.com\/product\/mcpep\/#primaryimage"},"image":{"@id":"https:\/\/legitgrams.com\/product\/mcpep\/#primaryimage"},"thumbnailUrl":"https:\/\/legitgrams.com\/wp-content\/uploads\/2024\/08\/Mcpep.gif","datePublished":"2024-08-03T05:26:26+00:00","dateModified":"2025-01-14T08:47:41+00:00","description":"Keresse meg a pr\u00e9mium Mcpep elad\u00f3 online \u00e1ruh\u00e1zunkban, amely biztons\u00e1gos platformot biztos\u00edt a Mcpep online v\u00e1s\u00e1rl\u00e1s\u00e1hoz, \u00e9s k\u00f6nnyed\u00e9n kiel\u00e9g\u00edti az \u00d6n kutat\u00e1si ig\u00e9nyeit. Megtakar\u00edt\u00e1s t\u00f6bb Mcpep a leg\u00fajabb akci\u00f3inkkal. V\u00e1s\u00e1roljon m\u00e9g ma, \u00e9s ne maradjon le.","breadcrumb":{"@id":"https:\/\/legitgrams.com\/product\/mcpep\/#breadcrumb"},"inLanguage":"hu","potentialAction":[{"@type":"ReadAction","target":["https:\/\/legitgrams.com\/product\/mcpep\/"]}]},{"@type":"ImageObject","inLanguage":"hu","@id":"https:\/\/legitgrams.com\/product\/mcpep\/#primaryimage","url":"https:\/\/legitgrams.com\/wp-content\/uploads\/2024\/08\/Mcpep.gif","contentUrl":"https:\/\/legitgrams.com\/wp-content\/uploads\/2024\/08\/Mcpep.gif","width":600,"height":600,"caption":"Mcpep for Sale"},{"@type":"BreadcrumbList","@id":"https:\/\/legitgrams.com\/product\/mcpep\/#breadcrumb","itemListElement":[{"@type":"ListItem","position":1,"name":"Home","item":"https:\/\/legitgrams.com\/"},{"@type":"ListItem","position":2,"name":"Shop","item":"https:\/\/legitgrams.com\/shop\/"},{"@type":"ListItem","position":3,"name":"Mcpep"}]},{"@type":"WebSite","@id":"https:\/\/legitgrams.com\/#website","url":"https:\/\/legitgrams.com\/","name":"Legit Grams","description":"Az \u00e9n WordPress blogom","publisher":{"@id":"https:\/\/legitgrams.com\/#organization"},"potentialAction":[{"@type":"SearchAction","target":{"@type":"EntryPoint","urlTemplate":"https:\/\/legitgrams.com\/?s={search_term_string}"},"query-input":{"@type":"PropertyValueSpecification","valueRequired":true,"valueName":"search_term_string"}}],"inLanguage":"hu"},{"@type":"Organization","@id":"https:\/\/legitgrams.com\/#organization","name":"Legit Grams","url":"https:\/\/legitgrams.com\/","logo":{"@type":"ImageObject","inLanguage":"hu","@id":"https:\/\/legitgrams.com\/#\/schema\/logo\/image\/","url":"https:\/\/legitgrams.com\/wp-content\/uploads\/2024\/09\/main-logo.png","contentUrl":"https:\/\/legitgrams.com\/wp-content\/uploads\/2024\/09\/main-logo.png","width":270,"height":75,"caption":"Legit Grams"},"image":{"@id":"https:\/\/legitgrams.com\/#\/schema\/logo\/image\/"}}]}},"uagb_featured_image_src":{"full":["https:\/\/legitgrams.com\/wp-content\/uploads\/2024\/08\/Mcpep.gif",600,600,false],"thumbnail":["https:\/\/legitgrams.com\/wp-content\/uploads\/2024\/08\/Mcpep-150x150.gif",150,150,true],"medium":["https:\/\/legitgrams.com\/wp-content\/uploads\/2024\/08\/Mcpep-300x300.gif",300,300,true],"medium_large":["https:\/\/legitgrams.com\/wp-content\/uploads\/2024\/08\/Mcpep.gif",600,600,false],"large":["https:\/\/legitgrams.com\/wp-content\/uploads\/2024\/08\/Mcpep.gif",600,600,false],"1536x1536":["https:\/\/legitgrams.com\/wp-content\/uploads\/2024\/08\/Mcpep.gif",600,600,false],"2048x2048":["https:\/\/legitgrams.com\/wp-content\/uploads\/2024\/08\/Mcpep.gif",600,600,false],"trp-custom-language-flag":["https:\/\/legitgrams.com\/wp-content\/uploads\/2024\/08\/Mcpep-12x12.gif",12,12,true],"woocommerce_thumbnail":["https:\/\/legitgrams.com\/wp-content\/uploads\/2024\/08\/Mcpep-300x300.gif",300,300,true],"woocommerce_single":["https:\/\/legitgrams.com\/wp-content\/uploads\/2024\/08\/Mcpep.gif",600,600,false],"woocommerce_gallery_thumbnail":["https:\/\/legitgrams.com\/wp-content\/uploads\/2024\/08\/Mcpep-100x100.gif",100,100,true]},"uagb_author_info":{"display_name":"cokeblog18","author_link":"https:\/\/legitgrams.com\/hu\/author\/"},"uagb_comment_info":0,"uagb_excerpt":"Purchase MCPEP Online MCPEP Buy Online: MCPEP does not carry Purchase Nembutal, the only place to get a variety of synthetics in one place. MCPEP via the internet. Flakka, also referred to as rock, is a stimulant drug of the cathinone class that was developed in the 1960s. MCPEP, a synthetic energizer that belongs to&hellip;","_links":{"self":[{"href":"https:\/\/legitgrams.com\/hu\/wp-json\/wp\/v2\/product\/3258","targetHints":{"allow":["GET"]}}],"collection":[{"href":"https:\/\/legitgrams.com\/hu\/wp-json\/wp\/v2\/product"}],"about":[{"href":"https:\/\/legitgrams.com\/hu\/wp-json\/wp\/v2\/types\/product"}],"replies":[{"embeddable":true,"href":"https:\/\/legitgrams.com\/hu\/wp-json\/wp\/v2\/comments?post=3258"}],"wp:featuredmedia":[{"embeddable":true,"href":"https:\/\/legitgrams.com\/hu\/wp-json\/wp\/v2\/media\/3268"}],"wp:attachment":[{"href":"https:\/\/legitgrams.com\/hu\/wp-json\/wp\/v2\/media?parent=3258"}],"wp:term":[{"taxonomy":"product_brand","embeddable":true,"href":"https:\/\/legitgrams.com\/hu\/wp-json\/wp\/v2\/product_brand?post=3258"},{"taxonomy":"product_cat","embeddable":true,"href":"https:\/\/legitgrams.com\/hu\/wp-json\/wp\/v2\/product_cat?post=3258"},{"taxonomy":"product_tag","embeddable":true,"href":"https:\/\/legitgrams.com\/hu\/wp-json\/wp\/v2\/product_tag?post=3258"}],"curies":[{"name":"wp","href":"https:\/\/api.w.org\/{rel}","templated":true}]}}