{"id":3260,"date":"2024-08-03T05:26:37","date_gmt":"2024-08-03T05:26:37","guid":{"rendered":"https:\/\/cokebricks.com\/?post_type=product&#038;p=3260"},"modified":"2025-01-11T11:44:29","modified_gmt":"2025-01-11T11:44:29","slug":"5f-mdemb-2201","status":"publish","type":"product","link":"https:\/\/legitgrams.com\/hu\/termek\/5f-mdemb-2201\/","title":{"rendered":"5F-MDMB-2201"},"content":{"rendered":"<h2>5F-MDMB-2201 Kannabinoidok \u00e9rt\u00e9kes\u00edt\u00e9se<\/h2>\n<p>Ez az ide\u00e1lis hely, ahol k\u00f6nnyen el\u00e9rhet\u0151 <a href=\"https:\/\/legitgrams.com\/hu\/termek\/5f-mdemb-2201\/\">5f-mdmb-2201 online<\/a>. A legjobb online kiskeresked\u0151, a Coke Bricks szakk\u00e9pzett besz\u00e1ll\u00edt\u00f3kat \u00e9s sz\u00e1ll\u00edt\u00f3kat k\u00edn\u00e1l, akik azonnal teljes\u00edtik a megrendel\u00e9st, \u00e9s kisz\u00e1ll\u00edtj\u00e1k \u00d6nnek.<\/p>\n<h3>2201-5f-mdmb 2201: Mi ez?<\/h3>\n<p><a href=\"https:\/\/en.wikipedia.org\/wiki\/5F-MDMB-PICA\">5f-mdmb-2201<\/a>, egy szintetikus vegyszer, amely az indazolcsal\u00e1d tagja, \u00e9s k\u00f6zeli rokons\u00e1gban \u00e1ll az 5F-MDMB-PINACA-val. Az indazol-3-karboxamid vil\u00e1gszerte szintetikus term\u00e9knek sz\u00e1m\u00edt. Ezek a CB1 er\u0151s agonist\u00e1i. Legfinomabb \u00e1llapot\u00e1ban m\u00e9ly aranysz\u00edn\u0171 krist\u00e1ly.<\/p>\n<h3>Milyen negat\u00edv k\u00f6vetkezm\u00e9nyei vannak az 5F MDMB 2201-nek?<\/h3>\n<p>Az 5F MDMB 2201 negat\u00edv hat\u00e1sai a k\u00f6vetkez\u0151k:<\/p>\n<p>Tudatlans\u00e1g<\/p>\n<p>megv\u00e1ltozott ment\u00e1lis \u00e1llapot<\/p>\n<p>Palpit\u00e1ci\u00f3 a sz\u00edvben<\/p>\n<h3>Mit\u0151l a legjobb hely az 5FMDMB-2201 beszerz\u00e9s\u00e9re?<\/h3>\n<p>C\u00e9g\u00fcnk els\u0151dleges c\u00e9lja a kiv\u00e1l\u00f3 \u00fcgyf\u00e9lszolg\u00e1lat, a hib\u00e1tlan term\u00e9kek, a kiemelked\u0151 \u00e9rt\u00e9k \u00e9s a min\u0151s\u00e9gi \u00e1ruk sz\u00e1ll\u00edt\u00e1sa. Nagyobb figyelmet ford\u00edtunk a term\u00e9k \u00e1r\u00e1ra. Az 5FMDMB-2201-et \u00f6mlesztve online is megv\u00e1s\u00e1rolhatja t\u0151l\u00fcnk.<\/p>\n<p>Term\u00e9keinket \u00e9s szolg\u00e1ltat\u00e1sainkat m\u00e1s sz\u00e1ll\u00edt\u00f3k term\u00e9keivel \u00e9s szolg\u00e1ltat\u00e1saival \u00f6sszehasonl\u00edtva megfizethet\u0151ek \u00e9s \u00e9sszer\u0171ek. A fent eml\u00edtett tulajdons\u00e1gok mindegyike a legnagyobb \u00e9s legmegb\u00edzhat\u00f3bb besz\u00e1ll\u00edt\u00f3v\u00e1 tesz benn\u00fcnket ebben a szektorban. Mindig sz\u00edvesen v\u00e1laszolunk a kis mennyis\u00e9gek mellett a nagy rendel\u00e9sekkel kapcsolatos k\u00e9rd\u00e9seire is. <a href=\"https:\/\/legitgrams.com\/hu\/\">LegitGrams<\/a><\/p>\n<h3>Mi az 5F-MDMB-2201?<\/h3>\n<p>Az 5F-MDMB-2201 egy \u00faj szintetikus kannabinoid. Ha a kutat\u00e1si piac sz\u00e1m\u00e1ra k\u00e9sz\u00fclt leg\u00fajabb kannabiszterm\u00e9keket keresi, akkor j\u00f3 helyen j\u00e1r. Er\u0151s kannabinoid agonista.<\/p>\n<h3>Az 5F-MDMB-2201 receptorok.<\/h3>\n<p>Az ellazul\u00e1s, az euf\u00f3ria, a hangulatjavul\u00e1s, a stressz cs\u00f6kken\u00e9se, a jobb sz\u00edn\u00e9rz\u00e9kel\u00e9s \u00e9s a megn\u00f6vekedett zenei \u00e9lvezet a laborat\u00f3riumi vizsg\u00e1latok tipikus eredm\u00e9nye. Ha el\u00e9g gyorsan mozog, az \u00d6n laborja lehet az els\u0151k k\u00f6z\u00f6tt, amely beszerzi ezt a fantasztikus LegitGram-ot.<\/p>\n<h3>Ami az 5F-MDMB-2201 hiteless\u00e9g\u00e9t illeti<\/h3>\n<p>Mivel az 5F-MDMB-2201 annyira \u00faj, a legt\u00f6bb helyen leg\u00e1lis, mert a legt\u00f6bb \u00e1llam nem hagyta j\u00f3v\u00e1. Lehet, hogy illeg\u00e1lis olyan orsz\u00e1gokban, mint az Egyes\u00fclt \u00c1llamok, ahol szigor\u00faan betartj\u00e1k az anal\u00f3g szab\u00e1lyokat.<\/p>","protected":false},"excerpt":{"rendered":"<p>5F-MDMB-2201 Sale of Cannabinoids This is the ideal location for you to easily obtain 5f-mdmb-2201 online. The best online retailer, Coke Bricks, offers skilled suppliers and vendors who can promptly complete your order and deliver it to you. 2201-5f-mdmb 2201: What is it? 5f-mdmb-2201, a synthetic chemical that is a member of the indazole family, &hellip;<\/p>\n<p class=\"read-more\"> <a class=\"\" href=\"https:\/\/legitgrams.com\/hu\/termek\/5f-mdemb-2201\/\"> <span class=\"screen-reader-text\">5F-MDMB-2201<\/span> Olvass tov\u00e1bb \"<\/a><\/p>","protected":false},"featured_media":3270,"comment_status":"open","ping_status":"closed","template":"","meta":{"_uag_custom_page_level_css":"","site-sidebar-layout":"default","site-content-layout":"default","ast-global-header-display":"","ast-main-header-display":"","ast-hfb-above-header-display":"","ast-hfb-below-header-display":"","ast-hfb-mobile-header-display":"","site-post-title":"","ast-breadcrumbs-content":"","ast-featured-img":"","footer-sml-layout":"","theme-transparent-header-meta":"default","adv-header-id-meta":"","stick-header-meta":"default","header-above-stick-meta":"","header-main-stick-meta":"","header-below-stick-meta":"","_joinchat":[]},"product_brand":[],"product_cat":[190],"product_tag":[444,528,445,446,237,461,450,238,451,239,452,240,241,453,529,530,454,531,532,533],"class_list":{"0":"post-3260","1":"product","2":"type-product","3":"status-publish","4":"has-post-thumbnail","6":"product_cat-cannabinoids","7":"product_tag-5f-2201","8":"product_tag-5f-mdmb-2011","9":"product_tag-5f-mdmb-2201-5f-mdmb-2201-cannabinoid","10":"product_tag-5f-mdmb-2201-legal-status","11":"product_tag-5f-mdmb-2201","12":"product_tag-5f-mdmb-2201-cayman","13":"product_tag-5f-mdmb-2201-china","14":"product_tag-5f-mdmb-2201-dosage","15":"product_tag-5f-mdmb-2201-effects","16":"product_tag-5f-mdmb-2201-opinie","17":"product_tag-5f-mdmb-2201-order","18":"product_tag-5f-mdmb-2201-reddit","19":"product_tag-5f-mdmb-2201-review","20":"product_tag-5f-mdmb-2201-vape","21":"product_tag-5f-mdmb-2201wiki","22":"product_tag-5fmdb2201-5f-mdmb-2201-kannabinoid","23":"product_tag-5fmdmb-2201-wirkung","24":"product_tag-5fmdmb2201-psychonaut","25":"product_tag-buy5f-mdmb-2201","26":"product_tag-buy5fmdmb2201-online","27":"desktop-align-left","28":"tablet-align-left","29":"mobile-align-left","30":"ast-product-gallery-layout-horizontal","31":"ast-product-gallery-with-no-image","32":"ast-product-single-variable","33":"ast-product-tabs-layout-horizontal","34":"ast-qv-on-image","36":"first","37":"instock","38":"shipping-taxable","39":"purchasable","40":"product-type-variable"},"yoast_head":"<!-- This site is optimized with the Yoast SEO plugin v25.9 - https:\/\/yoast.com\/wordpress\/plugins\/seo\/ -->\n<title>5F-MDMB-2201 for Sale - Order 5F-MDMB-2201 Online | LG<\/title>\n<meta name=\"description\" content=\"At our LegitGrams store, you can get 5F-MDMB-2201 powder for sale at cheap rates. We deal with the A-grade quality products only. Buy 5F-MDMB-2201 online from our store now with fast &amp; secure shipping service.\" \/>\n<meta name=\"robots\" content=\"index, follow, max-snippet:-1, max-image-preview:large, max-video-preview:-1\" \/>\n<link rel=\"canonical\" href=\"https:\/\/legitgrams.com\/hu\/termek\/5f-mdemb-2201\/\" \/>\n<meta property=\"og:locale\" content=\"hu_HU\" \/>\n<meta property=\"og:type\" content=\"article\" \/>\n<meta property=\"og:title\" content=\"5F-MDMB-2201 for Sale - Order 5F-MDMB-2201 Online | LG\" \/>\n<meta property=\"og:description\" content=\"At our LegitGrams store, you can get 5F-MDMB-2201 powder for sale at cheap rates. We deal with the A-grade quality products only. Buy 5F-MDMB-2201 online from our store now with fast &amp; secure shipping service.\" \/>\n<meta property=\"og:url\" content=\"https:\/\/legitgrams.com\/hu\/termek\/5f-mdemb-2201\/\" \/>\n<meta property=\"og:site_name\" content=\"Legit Grams\" \/>\n<meta property=\"article:modified_time\" content=\"2025-01-11T11:44:29+00:00\" \/>\n<meta property=\"og:image\" content=\"https:\/\/legitgrams.com\/wp-content\/uploads\/2024\/08\/5F-mdemb-2201.gif\" \/>\n\t<meta property=\"og:image:width\" content=\"600\" \/>\n\t<meta property=\"og:image:height\" content=\"600\" \/>\n\t<meta property=\"og:image:type\" content=\"image\/gif\" \/>\n<meta name=\"twitter:card\" content=\"summary_large_image\" \/>\n<meta name=\"twitter:label1\" content=\"Becs\u00fclt olvas\u00e1si id\u0151\" \/>\n\t<meta name=\"twitter:data1\" content=\"2 perc\" \/>\n<script type=\"application\/ld+json\" class=\"yoast-schema-graph\">{\"@context\":\"https:\/\/schema.org\",\"@graph\":[{\"@type\":\"WebPage\",\"@id\":\"https:\/\/legitgrams.com\/product\/5f-mdemb-2201\/\",\"url\":\"https:\/\/legitgrams.com\/product\/5f-mdemb-2201\/\",\"name\":\"5F-MDMB-2201 for Sale - Order 5F-MDMB-2201 Online | LG\",\"isPartOf\":{\"@id\":\"https:\/\/legitgrams.com\/#website\"},\"primaryImageOfPage\":{\"@id\":\"https:\/\/legitgrams.com\/product\/5f-mdemb-2201\/#primaryimage\"},\"image\":{\"@id\":\"https:\/\/legitgrams.com\/product\/5f-mdemb-2201\/#primaryimage\"},\"thumbnailUrl\":\"https:\/\/legitgrams.com\/wp-content\/uploads\/2024\/08\/5F-mdemb-2201.gif\",\"datePublished\":\"2024-08-03T05:26:37+00:00\",\"dateModified\":\"2025-01-11T11:44:29+00:00\",\"description\":\"At our LegitGrams store, you can get 5F-MDMB-2201 powder for sale at cheap rates. We deal with the A-grade quality products only. Buy 5F-MDMB-2201 online from our store now with fast & secure shipping service.\",\"breadcrumb\":{\"@id\":\"https:\/\/legitgrams.com\/product\/5f-mdemb-2201\/#breadcrumb\"},\"inLanguage\":\"hu\",\"potentialAction\":[{\"@type\":\"ReadAction\",\"target\":[\"https:\/\/legitgrams.com\/product\/5f-mdemb-2201\/\"]}]},{\"@type\":\"ImageObject\",\"inLanguage\":\"hu\",\"@id\":\"https:\/\/legitgrams.com\/product\/5f-mdemb-2201\/#primaryimage\",\"url\":\"https:\/\/legitgrams.com\/wp-content\/uploads\/2024\/08\/5F-mdemb-2201.gif\",\"contentUrl\":\"https:\/\/legitgrams.com\/wp-content\/uploads\/2024\/08\/5F-mdemb-2201.gif\",\"width\":600,\"height\":600,\"caption\":\"5F-MDMB-2201 Cannabinoid for Sale\"},{\"@type\":\"BreadcrumbList\",\"@id\":\"https:\/\/legitgrams.com\/product\/5f-mdemb-2201\/#breadcrumb\",\"itemListElement\":[{\"@type\":\"ListItem\",\"position\":1,\"name\":\"Home\",\"item\":\"https:\/\/legitgrams.com\/\"},{\"@type\":\"ListItem\",\"position\":2,\"name\":\"Shop\",\"item\":\"https:\/\/legitgrams.com\/shop\/\"},{\"@type\":\"ListItem\",\"position\":3,\"name\":\"5F-MDMB-2201\"}]},{\"@type\":\"WebSite\",\"@id\":\"https:\/\/legitgrams.com\/#website\",\"url\":\"https:\/\/legitgrams.com\/\",\"name\":\"Legit Grams\",\"description\":\"My WordPress Blog\",\"publisher\":{\"@id\":\"https:\/\/legitgrams.com\/#organization\"},\"potentialAction\":[{\"@type\":\"SearchAction\",\"target\":{\"@type\":\"EntryPoint\",\"urlTemplate\":\"https:\/\/legitgrams.com\/?s={search_term_string}\"},\"query-input\":{\"@type\":\"PropertyValueSpecification\",\"valueRequired\":true,\"valueName\":\"search_term_string\"}}],\"inLanguage\":\"hu\"},{\"@type\":\"Organization\",\"@id\":\"https:\/\/legitgrams.com\/#organization\",\"name\":\"Legit Grams\",\"url\":\"https:\/\/legitgrams.com\/\",\"logo\":{\"@type\":\"ImageObject\",\"inLanguage\":\"hu\",\"@id\":\"https:\/\/legitgrams.com\/#\/schema\/logo\/image\/\",\"url\":\"https:\/\/legitgrams.com\/wp-content\/uploads\/2024\/09\/main-logo.png\",\"contentUrl\":\"https:\/\/legitgrams.com\/wp-content\/uploads\/2024\/09\/main-logo.png\",\"width\":270,\"height\":75,\"caption\":\"Legit Grams\"},\"image\":{\"@id\":\"https:\/\/legitgrams.com\/#\/schema\/logo\/image\/\"}}]}<\/script>\n<!-- \/ Yoast SEO plugin. -->","yoast_head_json":{"title":"5F-MDMB-2201 elad\u00f3 - 5F-MDMB-2201 online rendel\u00e9se | LG","description":"LegitGrams \u00e1ruh\u00e1zunkban olcs\u00f3n kaphat 5F-MDMB-2201 por elad\u00f3. Csak az A-oszt\u00e1ly\u00fa min\u0151s\u00e9gi term\u00e9kekkel foglalkozunk. V\u00e1s\u00e1roljon 5F-MDMB-2201 online a mi boltunkban most gyors \u00e9s biztons\u00e1gos sz\u00e1ll\u00edt\u00e1si szolg\u00e1ltat\u00e1ssal.","robots":{"index":"index","follow":"follow","max-snippet":"max-snippet:-1","max-image-preview":"max-image-preview:large","max-video-preview":"max-video-preview:-1"},"canonical":"https:\/\/legitgrams.com\/hu\/termek\/5f-mdemb-2201\/","og_locale":"hu_HU","og_type":"article","og_title":"5F-MDMB-2201 for Sale - Order 5F-MDMB-2201 Online | LG","og_description":"At our LegitGrams store, you can get 5F-MDMB-2201 powder for sale at cheap rates. We deal with the A-grade quality products only. Buy 5F-MDMB-2201 online from our store now with fast & secure shipping service.","og_url":"https:\/\/legitgrams.com\/hu\/termek\/5f-mdemb-2201\/","og_site_name":"Legit Grams","article_modified_time":"2025-01-11T11:44:29+00:00","og_image":[{"width":600,"height":600,"url":"https:\/\/legitgrams.com\/wp-content\/uploads\/2024\/08\/5F-mdemb-2201.gif","type":"image\/gif"}],"twitter_card":"summary_large_image","twitter_misc":{"Becs\u00fclt olvas\u00e1si id\u0151":"2 perc"},"schema":{"@context":"https:\/\/schema.org","@graph":[{"@type":"WebPage","@id":"https:\/\/legitgrams.com\/product\/5f-mdemb-2201\/","url":"https:\/\/legitgrams.com\/product\/5f-mdemb-2201\/","name":"5F-MDMB-2201 elad\u00f3 - 5F-MDMB-2201 online rendel\u00e9se | LG","isPartOf":{"@id":"https:\/\/legitgrams.com\/#website"},"primaryImageOfPage":{"@id":"https:\/\/legitgrams.com\/product\/5f-mdemb-2201\/#primaryimage"},"image":{"@id":"https:\/\/legitgrams.com\/product\/5f-mdemb-2201\/#primaryimage"},"thumbnailUrl":"https:\/\/legitgrams.com\/wp-content\/uploads\/2024\/08\/5F-mdemb-2201.gif","datePublished":"2024-08-03T05:26:37+00:00","dateModified":"2025-01-11T11:44:29+00:00","description":"LegitGrams \u00e1ruh\u00e1zunkban olcs\u00f3n kaphat 5F-MDMB-2201 por elad\u00f3. Csak az A-oszt\u00e1ly\u00fa min\u0151s\u00e9gi term\u00e9kekkel foglalkozunk. V\u00e1s\u00e1roljon 5F-MDMB-2201 online a mi boltunkban most gyors \u00e9s biztons\u00e1gos sz\u00e1ll\u00edt\u00e1si szolg\u00e1ltat\u00e1ssal.","breadcrumb":{"@id":"https:\/\/legitgrams.com\/product\/5f-mdemb-2201\/#breadcrumb"},"inLanguage":"hu","potentialAction":[{"@type":"ReadAction","target":["https:\/\/legitgrams.com\/product\/5f-mdemb-2201\/"]}]},{"@type":"ImageObject","inLanguage":"hu","@id":"https:\/\/legitgrams.com\/product\/5f-mdemb-2201\/#primaryimage","url":"https:\/\/legitgrams.com\/wp-content\/uploads\/2024\/08\/5F-mdemb-2201.gif","contentUrl":"https:\/\/legitgrams.com\/wp-content\/uploads\/2024\/08\/5F-mdemb-2201.gif","width":600,"height":600,"caption":"5F-MDMB-2201 Cannabinoid for Sale"},{"@type":"BreadcrumbList","@id":"https:\/\/legitgrams.com\/product\/5f-mdemb-2201\/#breadcrumb","itemListElement":[{"@type":"ListItem","position":1,"name":"Home","item":"https:\/\/legitgrams.com\/"},{"@type":"ListItem","position":2,"name":"Shop","item":"https:\/\/legitgrams.com\/shop\/"},{"@type":"ListItem","position":3,"name":"5F-MDMB-2201"}]},{"@type":"WebSite","@id":"https:\/\/legitgrams.com\/#website","url":"https:\/\/legitgrams.com\/","name":"Legit Grams","description":"Az \u00e9n WordPress blogom","publisher":{"@id":"https:\/\/legitgrams.com\/#organization"},"potentialAction":[{"@type":"SearchAction","target":{"@type":"EntryPoint","urlTemplate":"https:\/\/legitgrams.com\/?s={search_term_string}"},"query-input":{"@type":"PropertyValueSpecification","valueRequired":true,"valueName":"search_term_string"}}],"inLanguage":"hu"},{"@type":"Organization","@id":"https:\/\/legitgrams.com\/#organization","name":"Legit Grams","url":"https:\/\/legitgrams.com\/","logo":{"@type":"ImageObject","inLanguage":"hu","@id":"https:\/\/legitgrams.com\/#\/schema\/logo\/image\/","url":"https:\/\/legitgrams.com\/wp-content\/uploads\/2024\/09\/main-logo.png","contentUrl":"https:\/\/legitgrams.com\/wp-content\/uploads\/2024\/09\/main-logo.png","width":270,"height":75,"caption":"Legit Grams"},"image":{"@id":"https:\/\/legitgrams.com\/#\/schema\/logo\/image\/"}}]}},"uagb_featured_image_src":{"full":["https:\/\/legitgrams.com\/wp-content\/uploads\/2024\/08\/5F-mdemb-2201.gif",600,600,false],"thumbnail":["https:\/\/legitgrams.com\/wp-content\/uploads\/2024\/08\/5F-mdemb-2201-150x150.gif",150,150,true],"medium":["https:\/\/legitgrams.com\/wp-content\/uploads\/2024\/08\/5F-mdemb-2201-300x300.gif",300,300,true],"medium_large":["https:\/\/legitgrams.com\/wp-content\/uploads\/2024\/08\/5F-mdemb-2201.gif",600,600,false],"large":["https:\/\/legitgrams.com\/wp-content\/uploads\/2024\/08\/5F-mdemb-2201.gif",600,600,false],"1536x1536":["https:\/\/legitgrams.com\/wp-content\/uploads\/2024\/08\/5F-mdemb-2201.gif",600,600,false],"2048x2048":["https:\/\/legitgrams.com\/wp-content\/uploads\/2024\/08\/5F-mdemb-2201.gif",600,600,false],"trp-custom-language-flag":["https:\/\/legitgrams.com\/wp-content\/uploads\/2024\/08\/5F-mdemb-2201-12x12.gif",12,12,true],"woocommerce_thumbnail":["https:\/\/legitgrams.com\/wp-content\/uploads\/2024\/08\/5F-mdemb-2201-300x300.gif",300,300,true],"woocommerce_single":["https:\/\/legitgrams.com\/wp-content\/uploads\/2024\/08\/5F-mdemb-2201.gif",600,600,false],"woocommerce_gallery_thumbnail":["https:\/\/legitgrams.com\/wp-content\/uploads\/2024\/08\/5F-mdemb-2201-100x100.gif",100,100,true]},"uagb_author_info":{"display_name":"cokeblog18","author_link":"https:\/\/legitgrams.com\/hu\/author\/"},"uagb_comment_info":0,"uagb_excerpt":"5F-MDMB-2201 Sale of Cannabinoids This is the ideal location for you to easily obtain 5f-mdmb-2201 online. The best online retailer, Coke Bricks, offers skilled suppliers and vendors who can promptly complete your order and deliver it to you. 2201-5f-mdmb 2201: What is it? 5f-mdmb-2201, a synthetic chemical that is a member of the indazole family,&hellip;","_links":{"self":[{"href":"https:\/\/legitgrams.com\/hu\/wp-json\/wp\/v2\/product\/3260","targetHints":{"allow":["GET"]}}],"collection":[{"href":"https:\/\/legitgrams.com\/hu\/wp-json\/wp\/v2\/product"}],"about":[{"href":"https:\/\/legitgrams.com\/hu\/wp-json\/wp\/v2\/types\/product"}],"replies":[{"embeddable":true,"href":"https:\/\/legitgrams.com\/hu\/wp-json\/wp\/v2\/comments?post=3260"}],"wp:featuredmedia":[{"embeddable":true,"href":"https:\/\/legitgrams.com\/hu\/wp-json\/wp\/v2\/media\/3270"}],"wp:attachment":[{"href":"https:\/\/legitgrams.com\/hu\/wp-json\/wp\/v2\/media?parent=3260"}],"wp:term":[{"taxonomy":"product_brand","embeddable":true,"href":"https:\/\/legitgrams.com\/hu\/wp-json\/wp\/v2\/product_brand?post=3260"},{"taxonomy":"product_cat","embeddable":true,"href":"https:\/\/legitgrams.com\/hu\/wp-json\/wp\/v2\/product_cat?post=3260"},{"taxonomy":"product_tag","embeddable":true,"href":"https:\/\/legitgrams.com\/hu\/wp-json\/wp\/v2\/product_tag?post=3260"}],"curies":[{"name":"wp","href":"https:\/\/api.w.org\/{rel}","templated":true}]}}