{"id":3262,"date":"2024-08-03T05:26:42","date_gmt":"2024-08-03T05:26:42","guid":{"rendered":"https:\/\/cokebricks.com\/?post_type=product&#038;p=3262"},"modified":"2025-07-30T10:54:54","modified_gmt":"2025-07-30T10:54:54","slug":"4fakb","status":"publish","type":"product","link":"https:\/\/legitgrams.com\/hu\/termek\/4fakb\/","title":{"rendered":"4F-AKB"},"content":{"rendered":"<h2>A 4F-AKB Powder online el\u00e9rhet\u0151 a LegitGrams.com oldalon.<\/h2>\n<p>A 4F-AKB egy indazol alap\u00fa szintetikus kannabinoid. Ez egy er\u0151s kannabinoid receptor agonista. Sz\u00e1mos jellemz\u0151je megegyezik m\u00e1s szintetikus kannabinoidokkal, k\u00f6zt\u00fck az 5F-ADB-vel. Ha ki akarja pr\u00f3b\u00e1lni, el\u00e9rheti ennek a kannabisznak a hat\u00e1s\u00e1t an\u00e9lk\u00fcl, hogy sokat haszn\u00e1lna bel\u0151le. Ez a vegyszer nagy hat\u00e9konys\u00e1g\u00e1nak tudhat\u00f3 be. A t\u00falzott k\u00eds\u00e9rletez\u00e9s elker\u00fcl\u00e9se \u00e9rdek\u00e9ben \u00fcgyeljen arra, hogy k\u00f6vesse a megfelel\u0151 biztons\u00e1gi protokollokat a laborat\u00f3riumban. A 4F-AKB k\u00eds\u00e9rletek eredm\u00e9nyei k\u00f6z\u00f6tt szerepel a fizikai k\u00f6nnyeds\u00e9g \u00e9rz\u00e9se, az ellazul\u00e1s, a g\u00e1tl\u00e1stalans\u00e1g \u00e9s a jobb zenei min\u0151s\u00e9g.<\/p>\n<h3>4F-AKB hozz\u00e1j\u00e1rul\u00e1s<\/h3>\n<p>B\u00e1r a legt\u00f6bb orsz\u00e1gban m\u00e1r nem javasolt, <a href=\"https:\/\/legitgrams.com\/hu\/termek\/4fakb\/\">4F-AKB por<\/a> ennek ellen\u00e9re sokban \u00e9rt\u00e9kes\u00edtik. Mivel azonban az 5F-ADB-hez hasonl\u00f3an m\u0171k\u00f6dik, el\u0151fordulhat, hogy tilos olyan orsz\u00e1gokban, mint p\u00e9ld\u00e1ul.<\/p>\n<p><a href=\"https:\/\/en.wikipedia.org\/wiki\/4F-MDMB-BINACA\">4FADB<\/a> port\u00e1rol\u00e1s a legjobb eredm\u00e9ny \u00e9rdek\u00e9ben Er\u0151s, feh\u00e9r 4F-AKB por megv\u00e1s\u00e1rolhat\u00f3.<br \/>\nA 4F-AKB egy \u00faj kutat\u00e1si vegyi anyag, amely tudom\u00e1nyos vizsg\u00e1latokban is alkalmazhat\u00f3! Ez az 5fadb anal\u00f3gja; tov\u00e1bbi r\u00e9szletek\u00e9rt n\u00e9zd meg az 5fadb-t! A leg\u00fajabb \u00e9s legn\u00e9pszer\u0171bb kiv\u00e1l\u00f3 min\u0151s\u00e9g\u0171 kannabinoid a 4F-AKB. Tapasztalt kutat\u00f3k, akik kor\u00e1bban er\u0151s szintetikus kannabinoidokkal \u00e9s olyan vegy\u00fcletekkel dolgoztak, mint az 5f-adb, megszerezhetik a 4F-AKB-t. Az 5f-adb hasonl\u00f3 eredm\u00e9nyt ad. <a href=\"https:\/\/en.wikipedia.org\/\">LegitGrams<\/a><\/p>\n<h3>Amit tudunk a kannabinoidokr\u00f3l:<\/h3>\n<p>Rengeteg inform\u00e1ci\u00f3nk van. \u00dcgyfeleink folyamatosan, a legr\u00f6videbb id\u0151 alatt megkapj\u00e1k kiv\u00e1l\u00f3 min\u0151s\u00e9g\u0171 term\u00e9keiket. F\u00fcggetlen\u00fcl a v\u00e1ros vagy falu m\u00e9ret\u00e9t\u0151l, a t\u00e1rgyakat a F\u00f6ld legt\u00e1volabbi helyeire is sz\u00e1ll\u00edtjuk. Ezen k\u00edv\u00fcl biztos\u00edtjuk, hogy az \u00f6sszes t\u00e9telt kisz\u00e1ll\u00edtjuk. EGYES\u00dcLT \u00c1LLAMOK.<\/p>\n<h3>Mi az a 4F-ADB por?<\/h3>\n<p>Az indazolok a szintetikus kannabinoid 4F-ADB forr\u00e1sai. A kannabinoid receptorok er\u0151s agonist\u00e1ja. Nagyon hasonl\u00edt m\u00e1s szintetikus kannabinoidokhoz, p\u00e9ld\u00e1ul az 5F-ADB-hez. Ha k\u00eds\u00e9rletezni szeretne ezzel a kannabinoiddal, szerezzen be 4F-AKB-t; kis adagok er\u0151s hat\u00e1st fejtenek ki.<\/p>\n<p>Ennek oka a koksz \u00f3ri\u00e1si er\u0151ss\u00e9ge. Mindig k\u00f6vesse a biztons\u00e1gi utas\u00edt\u00e1sokat, hogy elker\u00fclje a t\u00fal mer\u00e9sz cselekedeteket.<\/p>\n<h3>Get 4F-ADB.<\/h3>\n<p>A legjobb min\u0151s\u00e9g\u0171 4F-ADB megv\u00e1s\u00e1rolhat\u00f3 a LegitGrams-n\u00e1l. A 4F-ADB-t por form\u00e1j\u00e1ban biztos\u00edtjuk. Legal\u00e1bb tizennyolc \u00e9vesnek kell lennie ahhoz, hogy 4F-ADB-t v\u00e1s\u00e1roljon t\u0151l\u00fcnk.s<\/p>\n<p>Ez a term\u00e9k nem emberek vagy \u00e1llatok \u00e1ltali haszn\u00e1latra k\u00e9sz\u00fclt. Kiz\u00e1r\u00f3lag k\u00eds\u00e9rleti haszn\u00e1latra k\u00e9sz\u00fclt. Ezenk\u00edv\u00fcl<\/p>\n<p>A tranzakci\u00f3 lebonyol\u00edt\u00e1sakor szigor\u00faan be kell tartani az orsz\u00e1g nemzeti t\u00f6rv\u00e9nyeit.s<\/p>\n<h3>A 4F-ADB jogi st\u00e1tusza<\/h3>\n<p>A 4F-ADB sok orsz\u00e1gban enged\u00e9lyezett, mivel jelenleg sok orsz\u00e1gban nem ismert. Azonban az olyan orsz\u00e1gokban, mint az Egyes\u00fclt \u00c1llamok, ahol szigor\u00fa anal\u00f3g t\u00f6rv\u00e9nyek szab\u00e1lyozz\u00e1k, 5F-ADB anal\u00f3gnak tekinthet\u0151, \u00edgy illeg\u00e1lis. Tov\u00e1bbi inform\u00e1ci\u00f3\u00e9rt forduljon hozz\u00e1nk.<\/p>","protected":false},"excerpt":{"rendered":"<p>4F-AKB Powder is available online at LegitGrams.com. 4F-AKB is an indazole-based synthetic cannabinoid. It is a potent cannabinoid receptor agonist. It shares several characteristics with other synthetic cannabinoids, including 5F-ADB. If you want to try, you can get the effects of this cannabis without using a lot of it. This can be attributed to the &hellip;<\/p>\n<p class=\"read-more\"> <a class=\"\" href=\"https:\/\/legitgrams.com\/hu\/termek\/4fakb\/\"> <span class=\"screen-reader-text\">4F-AKB<\/span> Olvass tov\u00e1bb \"<\/a><\/p>","protected":false},"featured_media":3271,"comment_status":"open","ping_status":"closed","template":"","meta":{"_uag_custom_page_level_css":"","site-sidebar-layout":"default","site-content-layout":"default","ast-global-header-display":"","ast-main-header-display":"","ast-hfb-above-header-display":"","ast-hfb-below-header-display":"","ast-hfb-mobile-header-display":"","site-post-title":"","ast-breadcrumbs-content":"","ast-featured-img":"","footer-sml-layout":"","theme-transparent-header-meta":"default","adv-header-id-meta":"","stick-header-meta":"default","header-above-stick-meta":"","header-main-stick-meta":"","header-below-stick-meta":"","_joinchat":[]},"product_brand":[],"product_cat":[190],"product_tag":[538,537,536,539,540,534,535],"class_list":{"0":"post-3262","1":"product","2":"type-product","3":"status-publish","4":"has-post-thumbnail","6":"product_cat-cannabinoids","7":"product_tag-4f-akb-cannabinoids-for-sale","8":"product_tag-4f-akb-crystals-for-sale","9":"product_tag-4f-akb-for-sale","10":"product_tag-4f-akb-for-sale-online","11":"product_tag-4f-akb-powder-for-sale","12":"product_tag-buy-4f-akb","13":"product_tag-buy-4f-akb-online","14":"desktop-align-left","15":"tablet-align-left","16":"mobile-align-left","17":"ast-product-gallery-layout-horizontal","18":"ast-product-gallery-with-no-image","19":"ast-product-single-variable","20":"ast-product-tabs-layout-horizontal","21":"ast-qv-on-image","23":"first","24":"instock","25":"shipping-taxable","26":"purchasable","27":"product-type-variable"},"yoast_head":"<!-- This site is optimized with the Yoast SEO plugin v25.9 - https:\/\/yoast.com\/wordpress\/plugins\/seo\/ -->\n<title>4F-AKB Powder for Sale - Buy 4F-AKB Cannabinoids Online<\/title>\n<meta name=\"description\" content=\"Looking 4f-akb powder for your research? Buy 4F-AKB online conveniently and securely, with a straightforward ordering process for 4F-AKB for sale.\" \/>\n<meta name=\"robots\" content=\"index, follow, max-snippet:-1, max-image-preview:large, max-video-preview:-1\" \/>\n<link rel=\"canonical\" href=\"https:\/\/legitgrams.com\/hu\/termek\/4fakb\/\" \/>\n<meta property=\"og:locale\" content=\"hu_HU\" \/>\n<meta property=\"og:type\" content=\"article\" \/>\n<meta property=\"og:title\" content=\"4F-AKB Powder for Sale - Buy 4F-AKB Cannabinoids Online\" \/>\n<meta property=\"og:description\" content=\"Looking 4f-akb powder for your research? Buy 4F-AKB online conveniently and securely, with a straightforward ordering process for 4F-AKB for sale.\" \/>\n<meta property=\"og:url\" content=\"https:\/\/legitgrams.com\/hu\/termek\/4fakb\/\" \/>\n<meta property=\"og:site_name\" content=\"Legit Grams\" \/>\n<meta property=\"article:modified_time\" content=\"2025-07-30T10:54:54+00:00\" \/>\n<meta property=\"og:image\" content=\"https:\/\/legitgrams.com\/wp-content\/uploads\/2024\/08\/4f-akb.gif\" \/>\n\t<meta property=\"og:image:width\" content=\"600\" \/>\n\t<meta property=\"og:image:height\" content=\"600\" \/>\n\t<meta property=\"og:image:type\" content=\"image\/gif\" \/>\n<meta name=\"twitter:card\" content=\"summary_large_image\" \/>\n<meta name=\"twitter:label1\" content=\"Becs\u00fclt olvas\u00e1si id\u0151\" \/>\n\t<meta name=\"twitter:data1\" content=\"3 perc\" \/>\n<script type=\"application\/ld+json\" class=\"yoast-schema-graph\">{\"@context\":\"https:\/\/schema.org\",\"@graph\":[{\"@type\":\"WebPage\",\"@id\":\"https:\/\/legitgrams.com\/product\/4fakb\/\",\"url\":\"https:\/\/legitgrams.com\/product\/4fakb\/\",\"name\":\"4F-AKB Powder for Sale - Buy 4F-AKB Cannabinoids Online\",\"isPartOf\":{\"@id\":\"https:\/\/legitgrams.com\/#website\"},\"primaryImageOfPage\":{\"@id\":\"https:\/\/legitgrams.com\/product\/4fakb\/#primaryimage\"},\"image\":{\"@id\":\"https:\/\/legitgrams.com\/product\/4fakb\/#primaryimage\"},\"thumbnailUrl\":\"https:\/\/legitgrams.com\/wp-content\/uploads\/2024\/08\/4f-akb.gif\",\"datePublished\":\"2024-08-03T05:26:42+00:00\",\"dateModified\":\"2025-07-30T10:54:54+00:00\",\"description\":\"Looking 4f-akb powder for your research? Buy 4F-AKB online conveniently and securely, with a straightforward ordering process for 4F-AKB for sale.\",\"breadcrumb\":{\"@id\":\"https:\/\/legitgrams.com\/product\/4fakb\/#breadcrumb\"},\"inLanguage\":\"hu\",\"potentialAction\":[{\"@type\":\"ReadAction\",\"target\":[\"https:\/\/legitgrams.com\/product\/4fakb\/\"]}]},{\"@type\":\"ImageObject\",\"inLanguage\":\"hu\",\"@id\":\"https:\/\/legitgrams.com\/product\/4fakb\/#primaryimage\",\"url\":\"https:\/\/legitgrams.com\/wp-content\/uploads\/2024\/08\/4f-akb.gif\",\"contentUrl\":\"https:\/\/legitgrams.com\/wp-content\/uploads\/2024\/08\/4f-akb.gif\",\"width\":600,\"height\":600,\"caption\":\"4F-AKB Powder for Sale\"},{\"@type\":\"BreadcrumbList\",\"@id\":\"https:\/\/legitgrams.com\/product\/4fakb\/#breadcrumb\",\"itemListElement\":[{\"@type\":\"ListItem\",\"position\":1,\"name\":\"Home\",\"item\":\"https:\/\/legitgrams.com\/\"},{\"@type\":\"ListItem\",\"position\":2,\"name\":\"Shop\",\"item\":\"https:\/\/legitgrams.com\/shop\/\"},{\"@type\":\"ListItem\",\"position\":3,\"name\":\"4F-AKB\"}]},{\"@type\":\"WebSite\",\"@id\":\"https:\/\/legitgrams.com\/#website\",\"url\":\"https:\/\/legitgrams.com\/\",\"name\":\"Legit Grams\",\"description\":\"My WordPress Blog\",\"publisher\":{\"@id\":\"https:\/\/legitgrams.com\/#organization\"},\"potentialAction\":[{\"@type\":\"SearchAction\",\"target\":{\"@type\":\"EntryPoint\",\"urlTemplate\":\"https:\/\/legitgrams.com\/?s={search_term_string}\"},\"query-input\":{\"@type\":\"PropertyValueSpecification\",\"valueRequired\":true,\"valueName\":\"search_term_string\"}}],\"inLanguage\":\"hu\"},{\"@type\":\"Organization\",\"@id\":\"https:\/\/legitgrams.com\/#organization\",\"name\":\"Legit Grams\",\"url\":\"https:\/\/legitgrams.com\/\",\"logo\":{\"@type\":\"ImageObject\",\"inLanguage\":\"hu\",\"@id\":\"https:\/\/legitgrams.com\/#\/schema\/logo\/image\/\",\"url\":\"https:\/\/legitgrams.com\/wp-content\/uploads\/2024\/09\/main-logo.png\",\"contentUrl\":\"https:\/\/legitgrams.com\/wp-content\/uploads\/2024\/09\/main-logo.png\",\"width\":270,\"height\":75,\"caption\":\"Legit Grams\"},\"image\":{\"@id\":\"https:\/\/legitgrams.com\/#\/schema\/logo\/image\/\"}}]}<\/script>\n<!-- \/ Yoast SEO plugin. -->","yoast_head_json":{"title":"4F-AKB por elad\u00f3 - V\u00e1s\u00e1roljon 4F-AKB kannabinoidokat online","description":"4f-akb port keres a kutat\u00e1s\u00e1hoz? V\u00e1s\u00e1roljon 4F-AKB-t online k\u00e9nyelmesen \u00e9s biztons\u00e1gosan, a 4F-AKB elad\u00f3 egyszer\u0171 rendel\u00e9si folyamat\u00e1val.","robots":{"index":"index","follow":"follow","max-snippet":"max-snippet:-1","max-image-preview":"max-image-preview:large","max-video-preview":"max-video-preview:-1"},"canonical":"https:\/\/legitgrams.com\/hu\/termek\/4fakb\/","og_locale":"hu_HU","og_type":"article","og_title":"4F-AKB Powder for Sale - Buy 4F-AKB Cannabinoids Online","og_description":"Looking 4f-akb powder for your research? Buy 4F-AKB online conveniently and securely, with a straightforward ordering process for 4F-AKB for sale.","og_url":"https:\/\/legitgrams.com\/hu\/termek\/4fakb\/","og_site_name":"Legit Grams","article_modified_time":"2025-07-30T10:54:54+00:00","og_image":[{"width":600,"height":600,"url":"https:\/\/legitgrams.com\/wp-content\/uploads\/2024\/08\/4f-akb.gif","type":"image\/gif"}],"twitter_card":"summary_large_image","twitter_misc":{"Becs\u00fclt olvas\u00e1si id\u0151":"3 perc"},"schema":{"@context":"https:\/\/schema.org","@graph":[{"@type":"WebPage","@id":"https:\/\/legitgrams.com\/product\/4fakb\/","url":"https:\/\/legitgrams.com\/product\/4fakb\/","name":"4F-AKB por elad\u00f3 - V\u00e1s\u00e1roljon 4F-AKB kannabinoidokat online","isPartOf":{"@id":"https:\/\/legitgrams.com\/#website"},"primaryImageOfPage":{"@id":"https:\/\/legitgrams.com\/product\/4fakb\/#primaryimage"},"image":{"@id":"https:\/\/legitgrams.com\/product\/4fakb\/#primaryimage"},"thumbnailUrl":"https:\/\/legitgrams.com\/wp-content\/uploads\/2024\/08\/4f-akb.gif","datePublished":"2024-08-03T05:26:42+00:00","dateModified":"2025-07-30T10:54:54+00:00","description":"4f-akb port keres a kutat\u00e1s\u00e1hoz? V\u00e1s\u00e1roljon 4F-AKB-t online k\u00e9nyelmesen \u00e9s biztons\u00e1gosan, a 4F-AKB elad\u00f3 egyszer\u0171 rendel\u00e9si folyamat\u00e1val.","breadcrumb":{"@id":"https:\/\/legitgrams.com\/product\/4fakb\/#breadcrumb"},"inLanguage":"hu","potentialAction":[{"@type":"ReadAction","target":["https:\/\/legitgrams.com\/product\/4fakb\/"]}]},{"@type":"ImageObject","inLanguage":"hu","@id":"https:\/\/legitgrams.com\/product\/4fakb\/#primaryimage","url":"https:\/\/legitgrams.com\/wp-content\/uploads\/2024\/08\/4f-akb.gif","contentUrl":"https:\/\/legitgrams.com\/wp-content\/uploads\/2024\/08\/4f-akb.gif","width":600,"height":600,"caption":"4F-AKB Powder for Sale"},{"@type":"BreadcrumbList","@id":"https:\/\/legitgrams.com\/product\/4fakb\/#breadcrumb","itemListElement":[{"@type":"ListItem","position":1,"name":"Home","item":"https:\/\/legitgrams.com\/"},{"@type":"ListItem","position":2,"name":"Shop","item":"https:\/\/legitgrams.com\/shop\/"},{"@type":"ListItem","position":3,"name":"4F-AKB"}]},{"@type":"WebSite","@id":"https:\/\/legitgrams.com\/#website","url":"https:\/\/legitgrams.com\/","name":"Legit Grams","description":"Az \u00e9n WordPress blogom","publisher":{"@id":"https:\/\/legitgrams.com\/#organization"},"potentialAction":[{"@type":"SearchAction","target":{"@type":"EntryPoint","urlTemplate":"https:\/\/legitgrams.com\/?s={search_term_string}"},"query-input":{"@type":"PropertyValueSpecification","valueRequired":true,"valueName":"search_term_string"}}],"inLanguage":"hu"},{"@type":"Organization","@id":"https:\/\/legitgrams.com\/#organization","name":"Legit Grams","url":"https:\/\/legitgrams.com\/","logo":{"@type":"ImageObject","inLanguage":"hu","@id":"https:\/\/legitgrams.com\/#\/schema\/logo\/image\/","url":"https:\/\/legitgrams.com\/wp-content\/uploads\/2024\/09\/main-logo.png","contentUrl":"https:\/\/legitgrams.com\/wp-content\/uploads\/2024\/09\/main-logo.png","width":270,"height":75,"caption":"Legit Grams"},"image":{"@id":"https:\/\/legitgrams.com\/#\/schema\/logo\/image\/"}}]}},"uagb_featured_image_src":{"full":["https:\/\/legitgrams.com\/wp-content\/uploads\/2024\/08\/4f-akb.gif",600,600,false],"thumbnail":["https:\/\/legitgrams.com\/wp-content\/uploads\/2024\/08\/4f-akb-150x150.gif",150,150,true],"medium":["https:\/\/legitgrams.com\/wp-content\/uploads\/2024\/08\/4f-akb-300x300.gif",300,300,true],"medium_large":["https:\/\/legitgrams.com\/wp-content\/uploads\/2024\/08\/4f-akb.gif",600,600,false],"large":["https:\/\/legitgrams.com\/wp-content\/uploads\/2024\/08\/4f-akb.gif",600,600,false],"1536x1536":["https:\/\/legitgrams.com\/wp-content\/uploads\/2024\/08\/4f-akb.gif",600,600,false],"2048x2048":["https:\/\/legitgrams.com\/wp-content\/uploads\/2024\/08\/4f-akb.gif",600,600,false],"trp-custom-language-flag":["https:\/\/legitgrams.com\/wp-content\/uploads\/2024\/08\/4f-akb-12x12.gif",12,12,true],"woocommerce_thumbnail":["https:\/\/legitgrams.com\/wp-content\/uploads\/2024\/08\/4f-akb-300x300.gif",300,300,true],"woocommerce_single":["https:\/\/legitgrams.com\/wp-content\/uploads\/2024\/08\/4f-akb.gif",600,600,false],"woocommerce_gallery_thumbnail":["https:\/\/legitgrams.com\/wp-content\/uploads\/2024\/08\/4f-akb-100x100.gif",100,100,true]},"uagb_author_info":{"display_name":"cokeblog18","author_link":"https:\/\/legitgrams.com\/hu\/author\/"},"uagb_comment_info":1,"uagb_excerpt":"4F-AKB Powder is available online at LegitGrams.com. 4F-AKB is an indazole-based synthetic cannabinoid. It is a potent cannabinoid receptor agonist. It shares several characteristics with other synthetic cannabinoids, including 5F-ADB. If you want to try, you can get the effects of this cannabis without using a lot of it. This can be attributed to the&hellip;","_links":{"self":[{"href":"https:\/\/legitgrams.com\/hu\/wp-json\/wp\/v2\/product\/3262","targetHints":{"allow":["GET"]}}],"collection":[{"href":"https:\/\/legitgrams.com\/hu\/wp-json\/wp\/v2\/product"}],"about":[{"href":"https:\/\/legitgrams.com\/hu\/wp-json\/wp\/v2\/types\/product"}],"replies":[{"embeddable":true,"href":"https:\/\/legitgrams.com\/hu\/wp-json\/wp\/v2\/comments?post=3262"}],"wp:featuredmedia":[{"embeddable":true,"href":"https:\/\/legitgrams.com\/hu\/wp-json\/wp\/v2\/media\/3271"}],"wp:attachment":[{"href":"https:\/\/legitgrams.com\/hu\/wp-json\/wp\/v2\/media?parent=3262"}],"wp:term":[{"taxonomy":"product_brand","embeddable":true,"href":"https:\/\/legitgrams.com\/hu\/wp-json\/wp\/v2\/product_brand?post=3262"},{"taxonomy":"product_cat","embeddable":true,"href":"https:\/\/legitgrams.com\/hu\/wp-json\/wp\/v2\/product_cat?post=3262"},{"taxonomy":"product_tag","embeddable":true,"href":"https:\/\/legitgrams.com\/hu\/wp-json\/wp\/v2\/product_tag?post=3262"}],"curies":[{"name":"wp","href":"https:\/\/api.w.org\/{rel}","templated":true}]}}