{"id":3263,"date":"2024-08-03T05:27:05","date_gmt":"2024-08-03T05:27:05","guid":{"rendered":"https:\/\/cokebricks.com\/?post_type=product&#038;p=3263"},"modified":"2025-01-11T11:42:59","modified_gmt":"2025-01-11T11:42:59","slug":"5cladb","status":"publish","type":"product","link":"https:\/\/legitgrams.com\/hu\/termek\/5cladb\/","title":{"rendered":"5cladb"},"content":{"rendered":"<h2>V\u00e1s\u00e1roljon 5CLADB-t online a LegitGrams-n\u00e1l.<\/h2>\n<p>A szintetikus kannabinoid 5-cl-adb-a (MDMB-4en-P) indazol maggal \u00e9s egy termin\u00e1lis alk\u00e9nnel rendelkezik az oldall\u00e1nc\u00e1ban. Egy strukt\u00far\u00e1ban osztozik vele <a href=\"https:\/\/legitgrams.com\/hu\/termek\/5cladb\/\">5F-MDMB-PINACA (5F-ADB)<\/a>. Kir\u00e1lis term\u00e9szet\u0171. M\u00e9g akkor is, ha az enantiomereket nem v\u00e1lasztott\u00e1k el laborat\u00f3riumban, az S-enantiomert kimutatt\u00e1k a mint\u00e1kban. A WHO k\u00e1b\u00edt\u00f3szer-f\u00fcgg\u0151s\u00e9ggel foglalkoz\u00f3 szak\u00e9rt\u0151i bizotts\u00e1ga kor\u00e1bban nem \u00e9rt\u00e9kelte a vegyi anyagot, \u00e9s nem k\u00f6nnyen alak\u00edthat\u00f3 \u00e1t m\u00e1s tiltott anyagokk\u00e1. Az 5-cl-adb-a online v\u00e1s\u00e1rl\u00e1sa eset\u00e9n azonnal forduljon a Coke Bricks-hez!<\/p>\n<h3>Melyek az MDMB-4en-P (5-cl-adb-a) bead\u00e1si m\u00f3djai?<\/h3>\n<p>Doh\u00e1nyz\u00e1s miatti fogyaszt\u00e1s A vegyszer n\u00f6v\u00e9nyi anyagra permetez\u00e9se vagy elk\u00e9sz\u00edt\u00e9s ut\u00e1ni elp\u00e1rologtat\u00e1sa t\u0171nik a foly\u00e9kony adagol\u00e1s legval\u00f3sz\u00edn\u0171bb m\u00f3dj\u00e1nak. 5-cl-adb-a (MDMB-4en-P) emberben. Lefoglalt doh\u00e1nyz\u00e1ssal kapcsolatos term\u00e9kekben fedezt\u00e9k fel. Ez\u00e9rt az emberekn\u00e9l a farmakol\u00f3giai hat\u00e1sok kiv\u00e1lt\u00e1s\u00e1hoz sz\u00fcks\u00e9ges adag nem ismert. Az 5-cl-adb-a-val (MDMB-4en-P) megv\u00e1s\u00e1rolhat\u00f3k a Legit Cannabinoids-n\u00e1l. Rendeljen most!<\/p>\n<h3>Melyek az 5-cl-adb-a (MDMB-4en-P) tulajdons\u00e1gai?<\/h3>\n<p><a href=\"https:\/\/en.wikipedia.org\/wiki\/MDMB-4en-PINACA\">5-cl-adb-a (MDMB-4en-P)<\/a> \u00e9s sz\u00e1mos m\u00e1s szintetikus kannabinoid sok anyagcser\u00e9n megy kereszt\u00fcl. A kiindul\u00e1si k\u00e1b\u00edt\u00f3szert t\u00e9nyleges vizeletvizsg\u00e1lattal mutatt\u00e1k ki, ellent\u00e9tben bizonyos m\u00e1s szintetikus anyagokkal <a href=\"https:\/\/legitgrams.com\/hu\/\">LegitGrams<\/a>. Meg\u00e1llap\u00edtott\u00e1k, hogy az 5-cl-adb-a (MDMB-4en-P) a leggyakoribb metabolit az emberi m\u00e1j mikrosz\u00f3m\u00e1iban, hepatocit\u00e1kban \u00e9s val\u00f3di vizeletmint\u00e1kban. Az 5-cl-adb-a (MDMB-4en-P) Ki \u00e9rt\u00e9ke az 1-es t\u00edpus\u00fa hum\u00e1n kannabinoid (hCB1) receptorokhoz viszony\u00edtva 3,26 nM. Ezenk\u00edv\u00fcl egy er\u0151s \u00e9s mindenre kiterjed\u0151 agonista, amely cs\u00f6kkenti a Forskolin \u00e1ltal kiv\u00e1ltott ciklikus adenozin-monofoszf\u00e1t (cAMP) felhalmoz\u00f3d\u00e1s\u00e1t (EC50 = 0,33 nM).<\/p>","protected":false},"excerpt":{"rendered":"<p>Purchase 5CLADB online at LegitGrams. The synthetic cannabinoid 5-cl-adb-a (MDMB-4en-P) has an indazole core and a terminal alkene in its side chain. It shares a structure with 5F-MDMB-PINACA (5F-ADB). It is chiral in nature. Even when the enantiomers haven&#8217;t been separated in a laboratory, the S-enantiomer has been detected in samples. The WHO Expert Committee &hellip;<\/p>\n<p class=\"read-more\"> <a class=\"\" href=\"https:\/\/legitgrams.com\/hu\/termek\/5cladb\/\"> <span class=\"screen-reader-text\">5cladb<\/span> Olvass tov\u00e1bb \"<\/a><\/p>","protected":false},"featured_media":5531,"comment_status":"open","ping_status":"closed","template":"","meta":{"_uag_custom_page_level_css":"","site-sidebar-layout":"default","site-content-layout":"default","ast-global-header-display":"","ast-main-header-display":"","ast-hfb-above-header-display":"","ast-hfb-below-header-display":"","ast-hfb-mobile-header-display":"","site-post-title":"","ast-breadcrumbs-content":"","ast-featured-img":"","footer-sml-layout":"","theme-transparent-header-meta":"default","adv-header-id-meta":"","stick-header-meta":"default","header-above-stick-meta":"","header-main-stick-meta":"","header-below-stick-meta":"","_joinchat":[]},"product_brand":[],"product_cat":[190],"product_tag":[459,460,447,237,461,238,239,240,241,242,462],"class_list":{"0":"post-3263","1":"product","2":"type-product","3":"status-publish","4":"has-post-thumbnail","6":"product_cat-cannabinoids","7":"product_tag-5-cl-adb-a","8":"product_tag-5cakb48","9":"product_tag-5f-mdmb-2201-psychonaut","10":"product_tag-5f-mdmb-2201","11":"product_tag-5f-mdmb-2201-cayman","12":"product_tag-5f-mdmb-2201-dosage","13":"product_tag-5f-mdmb-2201-opinie","14":"product_tag-5f-mdmb-2201-reddit","15":"product_tag-5f-mdmb-2201-review","16":"product_tag-5f-mdmb-2201-wiki","17":"product_tag-5fmdmb2201-5f-mdmb-2201-cannabinoid","18":"desktop-align-left","19":"tablet-align-left","20":"mobile-align-left","21":"ast-product-gallery-layout-horizontal","22":"ast-product-gallery-with-no-image","23":"ast-product-single-variable","24":"ast-product-tabs-layout-horizontal","25":"ast-qv-on-image","27":"first","28":"instock","29":"shipping-taxable","30":"purchasable","31":"product-type-variable"},"yoast_head":"<!-- This site is optimized with the Yoast SEO plugin v25.9 - https:\/\/yoast.com\/wordpress\/plugins\/seo\/ -->\n<title>5CLADB for Sale - Buy 5CLADB Powder Online @ Best Price<\/title>\n<meta name=\"description\" content=\"If you wish to buy 5cladb powder online, our online LegitGrams store can help. We have 5cladb for sale at the best rates here. Discover our best-quality 5cladb cannabinoid online!\" \/>\n<meta name=\"robots\" content=\"index, follow, max-snippet:-1, max-image-preview:large, max-video-preview:-1\" \/>\n<link rel=\"canonical\" href=\"https:\/\/legitgrams.com\/hu\/termek\/5cladb\/\" \/>\n<meta property=\"og:locale\" content=\"hu_HU\" \/>\n<meta property=\"og:type\" content=\"article\" \/>\n<meta property=\"og:title\" content=\"5CLADB for Sale - Buy 5CLADB Powder Online @ Best Price\" \/>\n<meta property=\"og:description\" content=\"If you wish to buy 5cladb powder online, our online LegitGrams store can help. We have 5cladb for sale at the best rates here. Discover our best-quality 5cladb cannabinoid online!\" \/>\n<meta property=\"og:url\" content=\"https:\/\/legitgrams.com\/hu\/termek\/5cladb\/\" \/>\n<meta property=\"og:site_name\" content=\"Legit Grams\" \/>\n<meta property=\"article:modified_time\" content=\"2025-01-11T11:42:59+00:00\" \/>\n<meta property=\"og:image\" content=\"https:\/\/legitgrams.com\/wp-content\/uploads\/2024\/08\/5cadb-b-1.gif\" \/>\n\t<meta property=\"og:image:width\" content=\"600\" \/>\n\t<meta property=\"og:image:height\" content=\"600\" \/>\n\t<meta property=\"og:image:type\" content=\"image\/gif\" \/>\n<meta name=\"twitter:card\" content=\"summary_large_image\" \/>\n<meta name=\"twitter:label1\" content=\"Becs\u00fclt olvas\u00e1si id\u0151\" \/>\n\t<meta name=\"twitter:data1\" content=\"2 perc\" \/>\n<script type=\"application\/ld+json\" class=\"yoast-schema-graph\">{\"@context\":\"https:\/\/schema.org\",\"@graph\":[{\"@type\":\"WebPage\",\"@id\":\"https:\/\/legitgrams.com\/product\/5cladb\/\",\"url\":\"https:\/\/legitgrams.com\/product\/5cladb\/\",\"name\":\"5CLADB for Sale - Buy 5CLADB Powder Online @ Best Price\",\"isPartOf\":{\"@id\":\"https:\/\/legitgrams.com\/#website\"},\"primaryImageOfPage\":{\"@id\":\"https:\/\/legitgrams.com\/product\/5cladb\/#primaryimage\"},\"image\":{\"@id\":\"https:\/\/legitgrams.com\/product\/5cladb\/#primaryimage\"},\"thumbnailUrl\":\"https:\/\/legitgrams.com\/wp-content\/uploads\/2024\/08\/5cadb-b-1.gif\",\"datePublished\":\"2024-08-03T05:27:05+00:00\",\"dateModified\":\"2025-01-11T11:42:59+00:00\",\"description\":\"If you wish to buy 5cladb powder online, our online LegitGrams store can help. We have 5cladb for sale at the best rates here. Discover our best-quality 5cladb cannabinoid online!\",\"breadcrumb\":{\"@id\":\"https:\/\/legitgrams.com\/product\/5cladb\/#breadcrumb\"},\"inLanguage\":\"hu\",\"potentialAction\":[{\"@type\":\"ReadAction\",\"target\":[\"https:\/\/legitgrams.com\/product\/5cladb\/\"]}]},{\"@type\":\"ImageObject\",\"inLanguage\":\"hu\",\"@id\":\"https:\/\/legitgrams.com\/product\/5cladb\/#primaryimage\",\"url\":\"https:\/\/legitgrams.com\/wp-content\/uploads\/2024\/08\/5cadb-b-1.gif\",\"contentUrl\":\"https:\/\/legitgrams.com\/wp-content\/uploads\/2024\/08\/5cadb-b-1.gif\",\"width\":600,\"height\":600,\"caption\":\"5CLADB for Sale\"},{\"@type\":\"BreadcrumbList\",\"@id\":\"https:\/\/legitgrams.com\/product\/5cladb\/#breadcrumb\",\"itemListElement\":[{\"@type\":\"ListItem\",\"position\":1,\"name\":\"Home\",\"item\":\"https:\/\/legitgrams.com\/\"},{\"@type\":\"ListItem\",\"position\":2,\"name\":\"Shop\",\"item\":\"https:\/\/legitgrams.com\/shop\/\"},{\"@type\":\"ListItem\",\"position\":3,\"name\":\"5cladb\"}]},{\"@type\":\"WebSite\",\"@id\":\"https:\/\/legitgrams.com\/#website\",\"url\":\"https:\/\/legitgrams.com\/\",\"name\":\"Legit Grams\",\"description\":\"My WordPress Blog\",\"publisher\":{\"@id\":\"https:\/\/legitgrams.com\/#organization\"},\"potentialAction\":[{\"@type\":\"SearchAction\",\"target\":{\"@type\":\"EntryPoint\",\"urlTemplate\":\"https:\/\/legitgrams.com\/?s={search_term_string}\"},\"query-input\":{\"@type\":\"PropertyValueSpecification\",\"valueRequired\":true,\"valueName\":\"search_term_string\"}}],\"inLanguage\":\"hu\"},{\"@type\":\"Organization\",\"@id\":\"https:\/\/legitgrams.com\/#organization\",\"name\":\"Legit Grams\",\"url\":\"https:\/\/legitgrams.com\/\",\"logo\":{\"@type\":\"ImageObject\",\"inLanguage\":\"hu\",\"@id\":\"https:\/\/legitgrams.com\/#\/schema\/logo\/image\/\",\"url\":\"https:\/\/legitgrams.com\/wp-content\/uploads\/2024\/09\/main-logo.png\",\"contentUrl\":\"https:\/\/legitgrams.com\/wp-content\/uploads\/2024\/09\/main-logo.png\",\"width\":270,\"height\":75,\"caption\":\"Legit Grams\"},\"image\":{\"@id\":\"https:\/\/legitgrams.com\/#\/schema\/logo\/image\/\"}}]}<\/script>\n<!-- \/ Yoast SEO plugin. -->","yoast_head_json":{"title":"5CLADB elad\u00f3 - V\u00e1s\u00e1roljon 5CLADB port online @ Legjobb \u00e1r","description":"Ha szeretne v\u00e1s\u00e1rolni 5cladb port online, az online LegitGrams \u00e1ruh\u00e1zunk seg\u00edthet. Itt van 5cladb elad\u00f3 a legjobb \u00e1ron. Fedezze fel a legjobb min\u0151s\u00e9g\u0171 5cladb kannabinoidot online!","robots":{"index":"index","follow":"follow","max-snippet":"max-snippet:-1","max-image-preview":"max-image-preview:large","max-video-preview":"max-video-preview:-1"},"canonical":"https:\/\/legitgrams.com\/hu\/termek\/5cladb\/","og_locale":"hu_HU","og_type":"article","og_title":"5CLADB for Sale - Buy 5CLADB Powder Online @ Best Price","og_description":"If you wish to buy 5cladb powder online, our online LegitGrams store can help. We have 5cladb for sale at the best rates here. Discover our best-quality 5cladb cannabinoid online!","og_url":"https:\/\/legitgrams.com\/hu\/termek\/5cladb\/","og_site_name":"Legit Grams","article_modified_time":"2025-01-11T11:42:59+00:00","og_image":[{"width":600,"height":600,"url":"https:\/\/legitgrams.com\/wp-content\/uploads\/2024\/08\/5cadb-b-1.gif","type":"image\/gif"}],"twitter_card":"summary_large_image","twitter_misc":{"Becs\u00fclt olvas\u00e1si id\u0151":"2 perc"},"schema":{"@context":"https:\/\/schema.org","@graph":[{"@type":"WebPage","@id":"https:\/\/legitgrams.com\/product\/5cladb\/","url":"https:\/\/legitgrams.com\/product\/5cladb\/","name":"5CLADB elad\u00f3 - V\u00e1s\u00e1roljon 5CLADB port online @ Legjobb \u00e1r","isPartOf":{"@id":"https:\/\/legitgrams.com\/#website"},"primaryImageOfPage":{"@id":"https:\/\/legitgrams.com\/product\/5cladb\/#primaryimage"},"image":{"@id":"https:\/\/legitgrams.com\/product\/5cladb\/#primaryimage"},"thumbnailUrl":"https:\/\/legitgrams.com\/wp-content\/uploads\/2024\/08\/5cadb-b-1.gif","datePublished":"2024-08-03T05:27:05+00:00","dateModified":"2025-01-11T11:42:59+00:00","description":"Ha szeretne v\u00e1s\u00e1rolni 5cladb port online, az online LegitGrams \u00e1ruh\u00e1zunk seg\u00edthet. Itt van 5cladb elad\u00f3 a legjobb \u00e1ron. Fedezze fel a legjobb min\u0151s\u00e9g\u0171 5cladb kannabinoidot online!","breadcrumb":{"@id":"https:\/\/legitgrams.com\/product\/5cladb\/#breadcrumb"},"inLanguage":"hu","potentialAction":[{"@type":"ReadAction","target":["https:\/\/legitgrams.com\/product\/5cladb\/"]}]},{"@type":"ImageObject","inLanguage":"hu","@id":"https:\/\/legitgrams.com\/product\/5cladb\/#primaryimage","url":"https:\/\/legitgrams.com\/wp-content\/uploads\/2024\/08\/5cadb-b-1.gif","contentUrl":"https:\/\/legitgrams.com\/wp-content\/uploads\/2024\/08\/5cadb-b-1.gif","width":600,"height":600,"caption":"5CLADB for Sale"},{"@type":"BreadcrumbList","@id":"https:\/\/legitgrams.com\/product\/5cladb\/#breadcrumb","itemListElement":[{"@type":"ListItem","position":1,"name":"Home","item":"https:\/\/legitgrams.com\/"},{"@type":"ListItem","position":2,"name":"Shop","item":"https:\/\/legitgrams.com\/shop\/"},{"@type":"ListItem","position":3,"name":"5cladb"}]},{"@type":"WebSite","@id":"https:\/\/legitgrams.com\/#website","url":"https:\/\/legitgrams.com\/","name":"Legit Grams","description":"Az \u00e9n WordPress blogom","publisher":{"@id":"https:\/\/legitgrams.com\/#organization"},"potentialAction":[{"@type":"SearchAction","target":{"@type":"EntryPoint","urlTemplate":"https:\/\/legitgrams.com\/?s={search_term_string}"},"query-input":{"@type":"PropertyValueSpecification","valueRequired":true,"valueName":"search_term_string"}}],"inLanguage":"hu"},{"@type":"Organization","@id":"https:\/\/legitgrams.com\/#organization","name":"Legit Grams","url":"https:\/\/legitgrams.com\/","logo":{"@type":"ImageObject","inLanguage":"hu","@id":"https:\/\/legitgrams.com\/#\/schema\/logo\/image\/","url":"https:\/\/legitgrams.com\/wp-content\/uploads\/2024\/09\/main-logo.png","contentUrl":"https:\/\/legitgrams.com\/wp-content\/uploads\/2024\/09\/main-logo.png","width":270,"height":75,"caption":"Legit Grams"},"image":{"@id":"https:\/\/legitgrams.com\/#\/schema\/logo\/image\/"}}]}},"uagb_featured_image_src":{"full":["https:\/\/legitgrams.com\/wp-content\/uploads\/2024\/08\/5cadb-b-1.gif",600,600,false],"thumbnail":["https:\/\/legitgrams.com\/wp-content\/uploads\/2024\/08\/5cadb-b-1-150x150.gif",150,150,true],"medium":["https:\/\/legitgrams.com\/wp-content\/uploads\/2024\/08\/5cadb-b-1-300x300.gif",300,300,true],"medium_large":["https:\/\/legitgrams.com\/wp-content\/uploads\/2024\/08\/5cadb-b-1.gif",600,600,false],"large":["https:\/\/legitgrams.com\/wp-content\/uploads\/2024\/08\/5cadb-b-1.gif",600,600,false],"1536x1536":["https:\/\/legitgrams.com\/wp-content\/uploads\/2024\/08\/5cadb-b-1.gif",600,600,false],"2048x2048":["https:\/\/legitgrams.com\/wp-content\/uploads\/2024\/08\/5cadb-b-1.gif",600,600,false],"trp-custom-language-flag":["https:\/\/legitgrams.com\/wp-content\/uploads\/2024\/08\/5cadb-b-1-12x12.gif",12,12,true],"woocommerce_thumbnail":["https:\/\/legitgrams.com\/wp-content\/uploads\/2024\/08\/5cadb-b-1-300x300.gif",300,300,true],"woocommerce_single":["https:\/\/legitgrams.com\/wp-content\/uploads\/2024\/08\/5cadb-b-1.gif",600,600,false],"woocommerce_gallery_thumbnail":["https:\/\/legitgrams.com\/wp-content\/uploads\/2024\/08\/5cadb-b-1-100x100.gif",100,100,true]},"uagb_author_info":{"display_name":"cokeblog18","author_link":"https:\/\/legitgrams.com\/hu\/author\/"},"uagb_comment_info":0,"uagb_excerpt":"Purchase 5CLADB online at LegitGrams. The synthetic cannabinoid 5-cl-adb-a (MDMB-4en-P) has an indazole core and a terminal alkene in its side chain. It shares a structure with 5F-MDMB-PINACA (5F-ADB). It is chiral in nature. Even when the enantiomers haven&#8217;t been separated in a laboratory, the S-enantiomer has been detected in samples. The WHO Expert Committee&hellip;","_links":{"self":[{"href":"https:\/\/legitgrams.com\/hu\/wp-json\/wp\/v2\/product\/3263","targetHints":{"allow":["GET"]}}],"collection":[{"href":"https:\/\/legitgrams.com\/hu\/wp-json\/wp\/v2\/product"}],"about":[{"href":"https:\/\/legitgrams.com\/hu\/wp-json\/wp\/v2\/types\/product"}],"replies":[{"embeddable":true,"href":"https:\/\/legitgrams.com\/hu\/wp-json\/wp\/v2\/comments?post=3263"}],"wp:featuredmedia":[{"embeddable":true,"href":"https:\/\/legitgrams.com\/hu\/wp-json\/wp\/v2\/media\/5531"}],"wp:attachment":[{"href":"https:\/\/legitgrams.com\/hu\/wp-json\/wp\/v2\/media?parent=3263"}],"wp:term":[{"taxonomy":"product_brand","embeddable":true,"href":"https:\/\/legitgrams.com\/hu\/wp-json\/wp\/v2\/product_brand?post=3263"},{"taxonomy":"product_cat","embeddable":true,"href":"https:\/\/legitgrams.com\/hu\/wp-json\/wp\/v2\/product_cat?post=3263"},{"taxonomy":"product_tag","embeddable":true,"href":"https:\/\/legitgrams.com\/hu\/wp-json\/wp\/v2\/product_tag?post=3263"}],"curies":[{"name":"wp","href":"https:\/\/api.w.org\/{rel}","templated":true}]}}