{"id":3265,"date":"2024-08-03T05:27:18","date_gmt":"2024-08-03T05:27:18","guid":{"rendered":"https:\/\/cokebricks.com\/?post_type=product&#038;p=3265"},"modified":"2025-01-11T11:14:41","modified_gmt":"2025-01-11T11:14:41","slug":"5cadb-b","status":"publish","type":"product","link":"https:\/\/legitgrams.com\/hu\/termek\/5cadb-b\/","title":{"rendered":"5Cadb-B"},"content":{"rendered":"<h2>5Cadb-b elad\u00f3<\/h2>\n<p>V\u00e1s\u00e1rl\u00e1s <a href=\"https:\/\/legitgrams.com\/hu\/termek\/5cadb-b\/\">5CADB-B por online<\/a> \u00e9s ingyenes sz\u00e1ll\u00edt\u00e1st kap m\u00e1s orsz\u00e1gokba. Az indazolokon alapul\u00f3 szintetikus kannabinoid az indazol-3-karboxamid oszt\u00e1ly tagja. Az 5CADB-B 5F-MDMB-PINACA n\u00e9ven is ismert. A diz\u00e1jnerdrogok \u00f6sszetev\u0151je volt, amelyek szintetikus kannabiszterm\u00e9kek, amelyeket online \u00e1rus\u00edtanak.<\/p>\n<p>CAS: N\/A<br \/>\nN\/A a k\u00e9plet.<br \/>\n99.7% tisztas\u00e1g min<br \/>\nA molekul\u00e1k t\u00f6mege: N\/A<br \/>\nN\u00e9zd: P\u00fader<\/p>\n<h3>Az 5CADB-B keletkez\u00e9se<\/h3>\n<p>Tal\u00e1n 2014 november\u00e9ben egy ilyen \u00f6sszetev\u0151t tartalmaz\u00f3 term\u00e9ket haszn\u00e1lt elhunytt\u00f3l sz\u00e1rmaz\u00f3 boncol\u00e1si mint\u00e1k szolg\u00e1ltatt\u00e1k ennek els\u0151 bizony\u00edt\u00e9k\u00e1t. Meglep\u0151 m\u00f3don t\u00edz tov\u00e1bbi megmagyar\u00e1zhatatlan hal\u00e1leseten v\u00e9gzett vizsg\u00e1lat sor\u00e1n kider\u00fclt, hogy ugyanaz az anyag okozta a hal\u00e1lukat. Mindezeket a hal\u00e1leseteket t\u00faladagol\u00e1s okozta. M\u00e9g \u00edgy is, b\u00e1r <a href=\"https:\/\/en.wikipedia.org\/wiki\/ADB-BINACA\">5CADB-B<\/a> a CB1 receptor er\u0151s agonist\u00e1ja, nem vil\u00e1gos, hogy szelekt\u00edv-e erre a receptorra. A testsz\u00f6vetekben val\u00f3 hihetetlen\u00fcl alacsony kimutat\u00e1si ar\u00e1nya miatt az 5CADB-B hihetetlen\u00fcl hat\u00e1sos. \u00dagy t\u0171nik, hogy m\u00e9rgez\u0151bb, mint b\u00e1rmely m\u00e1s kannabiszterm\u00e9k, amelyet kor\u00e1bban \u00e1rultak. V\u00e1s\u00e1roljon 5CADB-B port online, \u00e9s ingyenes kisz\u00e1ll\u00edt\u00e1st kap a vil\u00e1g b\u00e1rmely pontj\u00e1ra.<\/p>\n<h3>Az 5CADB-B-t illeg\u00e1lisan haszn\u00e1lj\u00e1k \u00e9s online terjesztik.<\/h3>\n<p>Jelenleg az 5f-adb-nek nincs kereskedelmi vagy gy\u00f3gy\u00e1szati \u200b\u200bfelhaszn\u00e1l\u00e1sa. Sz\u00e1mos szintetikus kannabiszterm\u00e9k (5CADB-B), amelyeket az\u00e9rt sz\u00edvnak el, hogy pszichedelikus hat\u00e1st fejtsenek ki, tartalmazz\u00e1k. Az Egyes\u00fclt \u00c1llamokban \u00e9s m\u00e1s orsz\u00e1gokban a fogyaszt\u00f3i fogyaszt\u00e1sr\u00f3l kev\u00e9s adat \u00e1ll rendelkez\u00e9sre. Mivel a m\u00e9regellen\u0151rz\u0151 k\u00f6zpontok tov\u00e1bbra is gyenge eredm\u00e9nyekr\u0151l sz\u00e1molnak be, a szintetikus kannabisz haszn\u00e1lata tov\u00e1bbra is k\u00f6zeg\u00e9szs\u00e9g\u00fcgyi \u00e9s biztons\u00e1gi probl\u00e9ma. eg\u00e9szs\u00e9gre gyakorolt \u200b\u200bhat\u00e1sok. 2014 szeptembere \u00e9s 2014 novembere k\u00f6z\u00f6tt t\u00f6bb t\u00faladagol\u00e1sos hal\u00e1lesetet jelentettek Jap\u00e1nban. Az 5f-adb online megv\u00e1s\u00e1rolhat\u00f3. Szerezz be j\u00f3 RC-t itt is. <a href=\"https:\/\/legitgrams.com\/hu\/\">LegitGrams<\/a><\/p>\n<h3>5CADB-B oszt\u00e1lyoz\u00e1s \u00e9s farmakol\u00f3giai jellemz\u0151k<\/h3>\n<p>Ez a gy\u00f3gyszer az indazolok oszt\u00e1ly\u00e1ba tartozik. Az indazol magszerkezet, amely az 5F-ADB alapja, helyettes\u00edti az indazol gy\u0171r\u0171rendszer 1-es \u00e9s 3-as helyzet\u00e9t. Egy line\u00e1ris \u00f6t sz\u00e9nl\u00e1nc veszi \u00e1t az \u00f6t F-ADB els\u0151 poz\u00edci\u00f3j\u00e1t.<\/p>\n<p>fluor (F) atommal kieg\u00e9sz\u00edtve. A 3-as poz\u00edci\u00f3t amid linkerrel v\u00e1ltoztatjuk, \u00e9s a nitrog\u00e9natomot (N)<\/p>\n<p>Ez a linker extra 1-metoxi-3,3-dimetil-1-oxo-but\u00e1n-2-il-csoportokkal van kieg\u00e9sz\u00edtve. A preklinikai kutat\u00e1si eredm\u00e9nyek szerint az 5F-ADB a CB1 receptorhoz k\u00f6t\u0151dik, \u00e9s ott agonistak\u00e9nt m\u0171k\u00f6dik. A patk\u00e1nyok gy\u00f3gyszeres diszkrimin\u00e1ci\u00f3s k\u00eds\u00e9rleteiben az 5CADB-B delta9-tetrahidrokannabinoll\u00e1 generaliz\u00e1l\u00f3dott, ami a THC reakci\u00f3ihoz hasonl\u00f3 szubjekt\u00edv reakci\u00f3kat eredm\u00e9nyezett.<\/p>","protected":false},"excerpt":{"rendered":"<p>5Cadb-b for Sale Purchase 5CADB-B Powder online and get free shipping to other countries. Based on indazoles, this synthetic cannabinoid is a member of the indazole-3-carboxamide class. 5CADB-B is also known as 5F-MDMB-PINACA. It has been a component of designer drugs, which are synthetic cannabis products sold online. CAS: N\/A N\/A is the formula. 99.7% &hellip;<\/p>\n<p class=\"read-more\"> <a class=\"\" href=\"https:\/\/legitgrams.com\/hu\/termek\/5cadb-b\/\"> <span class=\"screen-reader-text\">5Cadb-B<\/span> Olvass tov\u00e1bb \"<\/a><\/p>","protected":false},"featured_media":3277,"comment_status":"open","ping_status":"closed","template":"","meta":{"_uag_custom_page_level_css":"","site-sidebar-layout":"default","site-content-layout":"default","ast-global-header-display":"","ast-main-header-display":"","ast-hfb-above-header-display":"","ast-hfb-below-header-display":"","ast-hfb-mobile-header-display":"","site-post-title":"","ast-breadcrumbs-content":"","ast-featured-img":"","footer-sml-layout":"","theme-transparent-header-meta":"default","adv-header-id-meta":"","stick-header-meta":"default","header-above-stick-meta":"","header-main-stick-meta":"","header-below-stick-meta":"","_joinchat":[]},"product_brand":[],"product_cat":[190],"product_tag":[459,460,447,237,461,238,239,240,241,242,462,250],"class_list":{"0":"post-3265","1":"product","2":"type-product","3":"status-publish","4":"has-post-thumbnail","6":"product_cat-cannabinoids","7":"product_tag-5-cl-adb-a","8":"product_tag-5cakb48","9":"product_tag-5f-mdmb-2201-psychonaut","10":"product_tag-5f-mdmb-2201","11":"product_tag-5f-mdmb-2201-cayman","12":"product_tag-5f-mdmb-2201-dosage","13":"product_tag-5f-mdmb-2201-opinie","14":"product_tag-5f-mdmb-2201-reddit","15":"product_tag-5f-mdmb-2201-review","16":"product_tag-5f-mdmb-2201-wiki","17":"product_tag-5fmdmb2201-5f-mdmb-2201-cannabinoid","18":"product_tag-5fmdmb2201-5f-mdmb-2201-kannabinoid","19":"desktop-align-left","20":"tablet-align-left","21":"mobile-align-left","22":"ast-product-gallery-layout-horizontal","23":"ast-product-gallery-with-no-image","24":"ast-product-single-variable","25":"ast-product-tabs-layout-horizontal","26":"ast-qv-on-image","28":"first","29":"instock","30":"shipping-taxable","31":"purchasable","32":"product-type-variable"},"yoast_head":"<!-- This site is optimized with the Yoast SEO plugin v25.9 - https:\/\/yoast.com\/wordpress\/plugins\/seo\/ -->\n<title>5Cadb-b for Sale - Buy 5Cadb-b Powder Online @ Low Price<\/title>\n<meta name=\"description\" content=\"Your requirement to buy 5Cadb-b powder online can be fulfilled at our online store as we have 5Cadb-b for sale here. Place your order and get affordable deals every day. Order Now!\" \/>\n<meta name=\"robots\" content=\"index, follow, max-snippet:-1, max-image-preview:large, max-video-preview:-1\" \/>\n<link rel=\"canonical\" href=\"https:\/\/legitgrams.com\/hu\/termek\/5cadb-b\/\" \/>\n<meta property=\"og:locale\" content=\"hu_HU\" \/>\n<meta property=\"og:type\" content=\"article\" \/>\n<meta property=\"og:title\" content=\"5Cadb-b for Sale - Buy 5Cadb-b Powder Online @ Low Price\" \/>\n<meta property=\"og:description\" content=\"Your requirement to buy 5Cadb-b powder online can be fulfilled at our online store as we have 5Cadb-b for sale here. Place your order and get affordable deals every day. Order Now!\" \/>\n<meta property=\"og:url\" content=\"https:\/\/legitgrams.com\/hu\/termek\/5cadb-b\/\" \/>\n<meta property=\"og:site_name\" content=\"Legit Grams\" \/>\n<meta property=\"article:modified_time\" content=\"2025-01-11T11:14:41+00:00\" \/>\n<meta property=\"og:image\" content=\"https:\/\/legitgrams.com\/wp-content\/uploads\/2024\/08\/5cadb-b.gif\" \/>\n\t<meta property=\"og:image:width\" content=\"600\" \/>\n\t<meta property=\"og:image:height\" content=\"600\" \/>\n\t<meta property=\"og:image:type\" content=\"image\/gif\" \/>\n<meta name=\"twitter:card\" content=\"summary_large_image\" \/>\n<meta name=\"twitter:label1\" content=\"Becs\u00fclt olvas\u00e1si id\u0151\" \/>\n\t<meta name=\"twitter:data1\" content=\"2 perc\" \/>\n<script type=\"application\/ld+json\" class=\"yoast-schema-graph\">{\"@context\":\"https:\/\/schema.org\",\"@graph\":[{\"@type\":\"WebPage\",\"@id\":\"https:\/\/legitgrams.com\/product\/5cadb-b\/\",\"url\":\"https:\/\/legitgrams.com\/product\/5cadb-b\/\",\"name\":\"5Cadb-b for Sale - Buy 5Cadb-b Powder Online @ Low Price\",\"isPartOf\":{\"@id\":\"https:\/\/legitgrams.com\/#website\"},\"primaryImageOfPage\":{\"@id\":\"https:\/\/legitgrams.com\/product\/5cadb-b\/#primaryimage\"},\"image\":{\"@id\":\"https:\/\/legitgrams.com\/product\/5cadb-b\/#primaryimage\"},\"thumbnailUrl\":\"https:\/\/legitgrams.com\/wp-content\/uploads\/2024\/08\/5cadb-b.gif\",\"datePublished\":\"2024-08-03T05:27:18+00:00\",\"dateModified\":\"2025-01-11T11:14:41+00:00\",\"description\":\"Your requirement to buy 5Cadb-b powder online can be fulfilled at our online store as we have 5Cadb-b for sale here. Place your order and get affordable deals every day. Order Now!\",\"breadcrumb\":{\"@id\":\"https:\/\/legitgrams.com\/product\/5cadb-b\/#breadcrumb\"},\"inLanguage\":\"hu\",\"potentialAction\":[{\"@type\":\"ReadAction\",\"target\":[\"https:\/\/legitgrams.com\/product\/5cadb-b\/\"]}]},{\"@type\":\"ImageObject\",\"inLanguage\":\"hu\",\"@id\":\"https:\/\/legitgrams.com\/product\/5cadb-b\/#primaryimage\",\"url\":\"https:\/\/legitgrams.com\/wp-content\/uploads\/2024\/08\/5cadb-b.gif\",\"contentUrl\":\"https:\/\/legitgrams.com\/wp-content\/uploads\/2024\/08\/5cadb-b.gif\",\"width\":600,\"height\":600,\"caption\":\"5Cadb-b for Sale\"},{\"@type\":\"BreadcrumbList\",\"@id\":\"https:\/\/legitgrams.com\/product\/5cadb-b\/#breadcrumb\",\"itemListElement\":[{\"@type\":\"ListItem\",\"position\":1,\"name\":\"Home\",\"item\":\"https:\/\/legitgrams.com\/\"},{\"@type\":\"ListItem\",\"position\":2,\"name\":\"Shop\",\"item\":\"https:\/\/legitgrams.com\/shop\/\"},{\"@type\":\"ListItem\",\"position\":3,\"name\":\"5Cadb-B\"}]},{\"@type\":\"WebSite\",\"@id\":\"https:\/\/legitgrams.com\/#website\",\"url\":\"https:\/\/legitgrams.com\/\",\"name\":\"Legit Grams\",\"description\":\"My WordPress Blog\",\"publisher\":{\"@id\":\"https:\/\/legitgrams.com\/#organization\"},\"potentialAction\":[{\"@type\":\"SearchAction\",\"target\":{\"@type\":\"EntryPoint\",\"urlTemplate\":\"https:\/\/legitgrams.com\/?s={search_term_string}\"},\"query-input\":{\"@type\":\"PropertyValueSpecification\",\"valueRequired\":true,\"valueName\":\"search_term_string\"}}],\"inLanguage\":\"hu\"},{\"@type\":\"Organization\",\"@id\":\"https:\/\/legitgrams.com\/#organization\",\"name\":\"Legit Grams\",\"url\":\"https:\/\/legitgrams.com\/\",\"logo\":{\"@type\":\"ImageObject\",\"inLanguage\":\"hu\",\"@id\":\"https:\/\/legitgrams.com\/#\/schema\/logo\/image\/\",\"url\":\"https:\/\/legitgrams.com\/wp-content\/uploads\/2024\/09\/main-logo.png\",\"contentUrl\":\"https:\/\/legitgrams.com\/wp-content\/uploads\/2024\/09\/main-logo.png\",\"width\":270,\"height\":75,\"caption\":\"Legit Grams\"},\"image\":{\"@id\":\"https:\/\/legitgrams.com\/#\/schema\/logo\/image\/\"}}]}<\/script>\n<!-- \/ Yoast SEO plugin. -->","yoast_head_json":{"title":"5Cadb-b elad\u00f3 - V\u00e1s\u00e1roljon 5Cadb-b port online @ Alacsony \u00e1r","description":"Az 5Cadb-b por online megv\u00e1s\u00e1rl\u00e1s\u00e1ra vonatkoz\u00f3 ig\u00e9nye teljes\u00edthet\u0151 az online \u00e1ruh\u00e1zunkban, mivel az 5Cadb-b elad\u00f3 itt. Adja le rendel\u00e9s\u00e9t, \u00e9s minden nap megfizethet\u0151 aj\u00e1nlatokat kap. Rendeljen most!","robots":{"index":"index","follow":"follow","max-snippet":"max-snippet:-1","max-image-preview":"max-image-preview:large","max-video-preview":"max-video-preview:-1"},"canonical":"https:\/\/legitgrams.com\/hu\/termek\/5cadb-b\/","og_locale":"hu_HU","og_type":"article","og_title":"5Cadb-b for Sale - Buy 5Cadb-b Powder Online @ Low Price","og_description":"Your requirement to buy 5Cadb-b powder online can be fulfilled at our online store as we have 5Cadb-b for sale here. Place your order and get affordable deals every day. Order Now!","og_url":"https:\/\/legitgrams.com\/hu\/termek\/5cadb-b\/","og_site_name":"Legit Grams","article_modified_time":"2025-01-11T11:14:41+00:00","og_image":[{"width":600,"height":600,"url":"https:\/\/legitgrams.com\/wp-content\/uploads\/2024\/08\/5cadb-b.gif","type":"image\/gif"}],"twitter_card":"summary_large_image","twitter_misc":{"Becs\u00fclt olvas\u00e1si id\u0151":"2 perc"},"schema":{"@context":"https:\/\/schema.org","@graph":[{"@type":"WebPage","@id":"https:\/\/legitgrams.com\/product\/5cadb-b\/","url":"https:\/\/legitgrams.com\/product\/5cadb-b\/","name":"5Cadb-b elad\u00f3 - V\u00e1s\u00e1roljon 5Cadb-b port online @ Alacsony \u00e1r","isPartOf":{"@id":"https:\/\/legitgrams.com\/#website"},"primaryImageOfPage":{"@id":"https:\/\/legitgrams.com\/product\/5cadb-b\/#primaryimage"},"image":{"@id":"https:\/\/legitgrams.com\/product\/5cadb-b\/#primaryimage"},"thumbnailUrl":"https:\/\/legitgrams.com\/wp-content\/uploads\/2024\/08\/5cadb-b.gif","datePublished":"2024-08-03T05:27:18+00:00","dateModified":"2025-01-11T11:14:41+00:00","description":"Az 5Cadb-b por online megv\u00e1s\u00e1rl\u00e1s\u00e1ra vonatkoz\u00f3 ig\u00e9nye teljes\u00edthet\u0151 az online \u00e1ruh\u00e1zunkban, mivel az 5Cadb-b elad\u00f3 itt. Adja le rendel\u00e9s\u00e9t, \u00e9s minden nap megfizethet\u0151 aj\u00e1nlatokat kap. Rendeljen most!","breadcrumb":{"@id":"https:\/\/legitgrams.com\/product\/5cadb-b\/#breadcrumb"},"inLanguage":"hu","potentialAction":[{"@type":"ReadAction","target":["https:\/\/legitgrams.com\/product\/5cadb-b\/"]}]},{"@type":"ImageObject","inLanguage":"hu","@id":"https:\/\/legitgrams.com\/product\/5cadb-b\/#primaryimage","url":"https:\/\/legitgrams.com\/wp-content\/uploads\/2024\/08\/5cadb-b.gif","contentUrl":"https:\/\/legitgrams.com\/wp-content\/uploads\/2024\/08\/5cadb-b.gif","width":600,"height":600,"caption":"5Cadb-b for Sale"},{"@type":"BreadcrumbList","@id":"https:\/\/legitgrams.com\/product\/5cadb-b\/#breadcrumb","itemListElement":[{"@type":"ListItem","position":1,"name":"Home","item":"https:\/\/legitgrams.com\/"},{"@type":"ListItem","position":2,"name":"Shop","item":"https:\/\/legitgrams.com\/shop\/"},{"@type":"ListItem","position":3,"name":"5Cadb-B"}]},{"@type":"WebSite","@id":"https:\/\/legitgrams.com\/#website","url":"https:\/\/legitgrams.com\/","name":"Legit Grams","description":"Az \u00e9n WordPress blogom","publisher":{"@id":"https:\/\/legitgrams.com\/#organization"},"potentialAction":[{"@type":"SearchAction","target":{"@type":"EntryPoint","urlTemplate":"https:\/\/legitgrams.com\/?s={search_term_string}"},"query-input":{"@type":"PropertyValueSpecification","valueRequired":true,"valueName":"search_term_string"}}],"inLanguage":"hu"},{"@type":"Organization","@id":"https:\/\/legitgrams.com\/#organization","name":"Legit Grams","url":"https:\/\/legitgrams.com\/","logo":{"@type":"ImageObject","inLanguage":"hu","@id":"https:\/\/legitgrams.com\/#\/schema\/logo\/image\/","url":"https:\/\/legitgrams.com\/wp-content\/uploads\/2024\/09\/main-logo.png","contentUrl":"https:\/\/legitgrams.com\/wp-content\/uploads\/2024\/09\/main-logo.png","width":270,"height":75,"caption":"Legit Grams"},"image":{"@id":"https:\/\/legitgrams.com\/#\/schema\/logo\/image\/"}}]}},"uagb_featured_image_src":{"full":["https:\/\/legitgrams.com\/wp-content\/uploads\/2024\/08\/5cadb-b.gif",600,600,false],"thumbnail":["https:\/\/legitgrams.com\/wp-content\/uploads\/2024\/08\/5cadb-b-150x150.gif",150,150,true],"medium":["https:\/\/legitgrams.com\/wp-content\/uploads\/2024\/08\/5cadb-b-300x300.gif",300,300,true],"medium_large":["https:\/\/legitgrams.com\/wp-content\/uploads\/2024\/08\/5cadb-b.gif",600,600,false],"large":["https:\/\/legitgrams.com\/wp-content\/uploads\/2024\/08\/5cadb-b.gif",600,600,false],"1536x1536":["https:\/\/legitgrams.com\/wp-content\/uploads\/2024\/08\/5cadb-b.gif",600,600,false],"2048x2048":["https:\/\/legitgrams.com\/wp-content\/uploads\/2024\/08\/5cadb-b.gif",600,600,false],"trp-custom-language-flag":["https:\/\/legitgrams.com\/wp-content\/uploads\/2024\/08\/5cadb-b-12x12.gif",12,12,true],"woocommerce_thumbnail":["https:\/\/legitgrams.com\/wp-content\/uploads\/2024\/08\/5cadb-b-300x300.gif",300,300,true],"woocommerce_single":["https:\/\/legitgrams.com\/wp-content\/uploads\/2024\/08\/5cadb-b.gif",600,600,false],"woocommerce_gallery_thumbnail":["https:\/\/legitgrams.com\/wp-content\/uploads\/2024\/08\/5cadb-b-100x100.gif",100,100,true]},"uagb_author_info":{"display_name":"cokeblog18","author_link":"https:\/\/legitgrams.com\/hu\/author\/"},"uagb_comment_info":0,"uagb_excerpt":"5Cadb-b for Sale Purchase 5CADB-B Powder online and get free shipping to other countries. Based on indazoles, this synthetic cannabinoid is a member of the indazole-3-carboxamide class. 5CADB-B is also known as 5F-MDMB-PINACA. It has been a component of designer drugs, which are synthetic cannabis products sold online. CAS: N\/A N\/A is the formula. 99.7%&hellip;","_links":{"self":[{"href":"https:\/\/legitgrams.com\/hu\/wp-json\/wp\/v2\/product\/3265","targetHints":{"allow":["GET"]}}],"collection":[{"href":"https:\/\/legitgrams.com\/hu\/wp-json\/wp\/v2\/product"}],"about":[{"href":"https:\/\/legitgrams.com\/hu\/wp-json\/wp\/v2\/types\/product"}],"replies":[{"embeddable":true,"href":"https:\/\/legitgrams.com\/hu\/wp-json\/wp\/v2\/comments?post=3265"}],"wp:featuredmedia":[{"embeddable":true,"href":"https:\/\/legitgrams.com\/hu\/wp-json\/wp\/v2\/media\/3277"}],"wp:attachment":[{"href":"https:\/\/legitgrams.com\/hu\/wp-json\/wp\/v2\/media?parent=3265"}],"wp:term":[{"taxonomy":"product_brand","embeddable":true,"href":"https:\/\/legitgrams.com\/hu\/wp-json\/wp\/v2\/product_brand?post=3265"},{"taxonomy":"product_cat","embeddable":true,"href":"https:\/\/legitgrams.com\/hu\/wp-json\/wp\/v2\/product_cat?post=3265"},{"taxonomy":"product_tag","embeddable":true,"href":"https:\/\/legitgrams.com\/hu\/wp-json\/wp\/v2\/product_tag?post=3265"}],"curies":[{"name":"wp","href":"https:\/\/api.w.org\/{rel}","templated":true}]}}