{"id":3278,"date":"2024-08-03T05:38:22","date_gmt":"2024-08-03T05:38:22","guid":{"rendered":"https:\/\/cokebricks.com\/?post_type=product&#038;p=3278"},"modified":"2025-01-11T11:43:55","modified_gmt":"2025-01-11T11:43:55","slug":"5f-emb","status":"publish","type":"product","link":"https:\/\/legitgrams.com\/hu\/termek\/5f-emb\/","title":{"rendered":"5f-EMB"},"content":{"rendered":"<div class=\"page-actual bg-light\">\n<section class=\"page-section py-5\">\n<div class=\"container\">\n<div class=\"card card-body py-4\">\n<div class=\"row product-each\">\n<div class=\"col-sm-8 product-text\">\n<div class=\"border-bottom mb-4 pb-3\">\n<h2>Elad\u00f3: 5F-EMB<\/h2>\n<p>Fedezze fel az 5f-EMB-t,<a href=\"https:\/\/legitgrams.com\/hu\/termek\/5f-emb\/\"> 5F-EMB-PINACA<\/a>, az indazol-3-karboxamid csal\u00e1db\u00f3l sz\u00e1rmaz\u00f3 indazol alap\u00fa szintetikus kannabinoid, amelyet diz\u00e1jner gy\u00f3gyszerk\u00e9nt k\u00edn\u00e1ltak online elad\u00e1sra. \u00dagy is emlegetik <a href=\"https:\/\/en.wikipedia.org\/wiki\/5F-APINACA\">EMB-5F-PINACA<\/a> \u00f6sszhangban a szintetikus kannabinoidok \u00e9s az 5F-AEB elnevez\u00e9s\u00e9re vonatkoz\u00f3 EMCCDA keretrendszerrel. <a href=\"https:\/\/legitgrams.com\/hu\/\">LegitGrams<\/a><\/p>\n<\/div>\n<div class=\"table-responsive\">\n<table class=\"table table-sm table-borderless\">\n<tbody>\n<tr>\n<td>Term\u00e9k neve<\/td>\n<td>5F-EMB<\/td>\n<\/tr>\n<tr>\n<td>Term\u00e9k k\u00f3d<\/td>\n<td>F00003078<\/td>\n<\/tr>\n<tr>\n<td>K\u00e9miai n\u00e9v<\/td>\n<td>5F-EMB<\/td>\n<\/tr>\n<tr>\n<td>Szinonim\u00e1k<\/td>\n<td>5-Fluoro EMB; Etil-(1-(5-fluoropentil)-1H-indazol-3-karbonil)-L-valin\u00e1t;5F-EMB-PINACA<\/td>\n<\/tr>\n<tr>\n<td>Szennyez\u0151d\u00e9sek<\/td>\n<td><span class=\"text-muted\">Nem \u00e1llnak rendelkez\u00e9sre adatok<a href=\"https:\/\/legitgrams.com\/hu\/\">e<\/a><\/span><\/td>\n<\/tr>\n<tr>\n<td>CAS-sz\u00e1m<\/td>\n<td>NA<\/td>\n<\/tr>\n<tr>\n<td>Alternat\u00edv CAS #<\/td>\n<td>NA<\/td>\n<\/tr>\n<tr>\n<td>Molekul\u00e1ris forma<\/td>\n<td>C\u2082\u2080H\u2082\u2082\u2088FN\u2083O\u2083<\/td>\n<\/tr>\n<tr>\n<td>Megjelen\u00e9s<\/td>\n<td><span class=\"text-muted\">Nem \u00e1llnak rendelkez\u00e9sre adatok<\/span><\/td>\n<\/tr>\n<tr>\n<td>Olvad\u00e1spont<\/td>\n<td><span class=\"text-muted\">Nem \u00e1llnak rendelkez\u00e9sre adatok<\/span><\/td>\n<\/tr>\n<tr>\n<td>Mol. T\u00f6meg<\/td>\n<td>377.45<\/td>\n<\/tr>\n<tr>\n<td>T\u00e1rol\u00e1s<\/td>\n<td><span class=\"text-muted\">Nem \u00e1llnak rendelkez\u00e9sre adatok<\/span><\/td>\n<\/tr>\n<tr>\n<td>Oldhat\u00f3s\u00e1g<\/td>\n<td><span class=\"text-muted\">Nem \u00e1llnak rendelkez\u00e9sre adatok<\/span><\/td>\n<\/tr>\n<tr>\n<td>Stabilit\u00e1s<\/td>\n<td><span class=\"text-muted\">Nem \u00e1llnak rendelkez\u00e9sre adatok<\/span><\/td>\n<\/tr>\n<tr>\n<td>Kateg\u00f3ria<\/td>\n<td><span class=\"text-muted\">Nem \u00e1llnak rendelkez\u00e9sre adatok<\/span><\/td>\n<\/tr>\n<tr>\n<td>Forr\u00e1spont<\/td>\n<td><span class=\"text-muted\">Nem \u00e1llnak rendelkez\u00e9sre adatok<\/span><\/td>\n<\/tr>\n<tr>\n<td>Alkalmaz\u00e1sok<\/td>\n<td>Az 5F-AEB az AB-PINACA (A109000) anal\u00f3gja, amelyet a karboxamid etil-acet\u00e1ttal val\u00f3 helyettes\u00edt\u00e9se \u00e9s egy alkilv\u00e9gs\u0151 fluoratom hozz\u00e1ad\u00e1sa jellemez. Szintetikus kannabinoidok.<\/td>\n<\/tr>\n<tr>\n<td>Vesz\u00e9lyes \u00e1rukra vonatkoz\u00f3 inform\u00e1ci\u00f3k<\/td>\n<td>NA<\/td>\n<\/tr>\n<tr>\n<td>Hivatkoz\u00e1sok<\/td>\n<td>Uchiyama, N., et al.: Forensic Toxicol. 31(1), 93 (2013).<\/td>\n<\/tr>\n<tr>\n<td>Extra megjegyz\u00e9sek<\/td>\n<td><span class=\"text-muted\">Nem \u00e1llnak rendelkez\u00e9sre adatok<\/span><\/td>\n<\/tr>\n<tr>\n<td>Dokumentumok (MSDS)<\/td>\n<td><span class=\"text-muted\">Nem \u00e1llnak rendelkez\u00e9sre adatok<\/span><\/td>\n<\/tr>\n<tr>\n<td>Kulcsszavak<\/td>\n<td>v\u00e1s\u00e1rolni 5F-EMB | V\u00e1s\u00e1rl\u00e1s 5F-EMB| Megrendel\u00e9s 5F-EMB| 5F-EMBsz\u00e1ll\u00edt\u00f3 | 5F-EMBgy\u00e1rt\u00f3 | 5F-EMB forgalmaz\u00f3 | 5F-EMB k\u00f6lts\u00e9g | 5F-AEB k\u00f6lts\u00e9g<\/td>\n<\/tr>\n<\/tbody>\n<\/table>\n<\/div>\n<\/div>\n<div class=\"col-sm-4 product-media\">\n<div class=\"mt-5 pt-1\"><img decoding=\"async\" class=\"img-thumbnail\" src=\"https:\/\/www.srdpharma.com\/adminize\/uploads\/F00003078_proImage.png\" alt=\"5F-AEB\" \/><\/div>\n<div class=\"mt-5\">\n<h5>Term\u00e9k csomagol\u00e1sa<\/h5>\n<\/div>\n<table class=\"table table-sm table-bordered\">\n<tbody>\n<tr>\n<td>25mg<\/td>\n<\/tr>\n<tr>\n<td>50mg<\/td>\n<\/tr>\n<tr>\n<td>100mg<\/td>\n<\/tr>\n<tr>\n<td>250mg<\/td>\n<\/tr>\n<\/tbody>\n<\/table>\n<div class=\"mt-5\">\n<h5>Term\u00e9kkeres\u00e9s<\/h5>\n<div class=\"card card-body\">\u00a0Term\u00e9k \u00e1raj\u00e1nlat k\u00e9r\u00e9se<\/div>\n<div>\n<p><strong>\u00a05F-EMB-PINACA Online<\/strong><br \/>\n<a href=\"https:\/\/legitgrams.com\/hu\/termek\/5f-emb\/\">5F-EMB-PINACA<\/a> (m\u00e1s n\u00e9ven 5F-AEB) egy indazol alap\u00fa szintetikus kannabinoid az indazol-3-karboxamid csal\u00e1db\u00f3l, amelyet online diz\u00e1jnerdrogk\u00e9nt \u00e9rt\u00e9kes\u00edtettek.<\/p>\n<p>Ez\u00e9rt az EMCDDA el\u0151sz\u00f6r egy 2015 \u00e1prilis\u00e1ban Sv\u00e9dorsz\u00e1gban lefoglalt 149 gramm feh\u00e9r por r\u00e9szek\u00e9nt sz\u00e1molt be r\u00f3la.<\/p>\n<p>Tiszt\u00e1zzuk, hogy az online elad\u00f3 5F AM-2201 kiemelked\u0151 n\u00e9vvel rendelkezik a kutat\u00e1si vegyiparban, \u00e9s a leghat\u00e1sosabb kannabinoid-oszt\u00e1lynak tekinthet\u0151. Ez egy teljes agonista a kapcsol\u00f3d\u00f3 receptorok sz\u00e1m\u00e1ra. Akt\u00edv d\u00f3zisa kis mennyis\u00e9g\u0171, p\u00e9ld\u00e1ul 500 mikrogramm, ez\u00e9rt rendk\u00edv\u00fcli \u00f3vatoss\u00e1ggal \u00e9s \u00f3vatoss\u00e1ggal foglalkozik a felesleges bel\u00e9gz\u00e9s elker\u00fcl\u00e9se \u00e9rdek\u00e9ben. V\u00e1s\u00e1rl\u00e1s am-2201 online<\/p>\n<p><strong>5F-EMB-PINACA online v\u00e1s\u00e1rl\u00e1sa<\/strong><br \/>\nEl\u0151sz\u00f6r is, az a t\u00e9ny, hogy rendk\u00edv\u00fcl sz\u00e9lesebb receptor-k\u00f6t\u0151 profilt tesz lehet\u0151v\u00e9, mindig is a kutat\u00f3k list\u00e1j\u00e1nak tetej\u00e9n helyezte el az AM-2201 online elad\u00f3. A BAC szigor\u00faan csak in vitro alkalmaz\u00e1s c\u00e9lj\u00e1b\u00f3l \u00e9rt\u00e9kes\u00edti, \u00e9s nem alkalmas emberi fogyaszt\u00e1sra.<\/p>\n<p>Ek\u00f6zben, Ez r\u00e9sze az AM sorozat kannabinoidok \u00e1ltal felfedezett Alexandros Makriyannis.<\/p>\n<\/div>\n<\/div>\n<\/div>\n<\/div>\n<\/div>\n<\/div>\n<\/section>\n<\/div>\n<div class=\"footer site-footer\">\n<div class=\"container\">\n<div class=\"row\">\n<div class=\"col-lg-4\"><\/div>\n<\/div>\n<\/div>\n<\/div>","protected":false},"excerpt":{"rendered":"<p>For Sale: 5F-EMB Discover 5f-EMB, 5F-EMB-PINACA, an indazole-based synthetic cannabinoid from the indazole-3-carboxamide family that has been offered for sale online as a designer medication. It is also referred to as EMB-5F-PINACA in accordance with the EMCCDA framework for naming synthetic cannabinoids and 5F-AEB. LegitGrams Product Name 5F-EMB Product Code F00003078 Chemical name 5F-EMB Synonyms &hellip;<\/p>\n<p class=\"read-more\"> <a class=\"\" href=\"https:\/\/legitgrams.com\/hu\/termek\/5f-emb\/\"> <span class=\"screen-reader-text\">5f-EMB<\/span> Olvass tov\u00e1bb \"<\/a><\/p>","protected":false},"featured_media":3288,"comment_status":"open","ping_status":"closed","template":"","meta":{"_uag_custom_page_level_css":"","site-sidebar-layout":"default","site-content-layout":"default","ast-global-header-display":"","ast-main-header-display":"","ast-hfb-above-header-display":"","ast-hfb-below-header-display":"","ast-hfb-mobile-header-display":"","site-post-title":"","ast-breadcrumbs-content":"","ast-featured-img":"","footer-sml-layout":"","theme-transparent-header-meta":"default","adv-header-id-meta":"","stick-header-meta":"default","header-above-stick-meta":"","header-main-stick-meta":"","header-below-stick-meta":"","_joinchat":[]},"product_brand":[],"product_cat":[190],"product_tag":[444,445,446,447,448,449,237,450,238,451,239,452,240,453,242,454,455,456,457,458],"class_list":{"0":"post-3278","1":"product","2":"type-product","3":"status-publish","4":"has-post-thumbnail","6":"product_cat-cannabinoids","7":"product_tag-5f-2201","8":"product_tag-5f-mdmb-2201-5f-mdmb-2201-cannabinoid","9":"product_tag-5f-mdmb-2201-legal-status","10":"product_tag-5f-mdmb-2201-psychonaut","11":"product_tag-5f-mdmb2011","12":"product_tag-5f-mdmb-22001-review","13":"product_tag-5f-mdmb-2201","14":"product_tag-5f-mdmb-2201-china","15":"product_tag-5f-mdmb-2201-dosage","16":"product_tag-5f-mdmb-2201-effects","17":"product_tag-5f-mdmb-2201-opinie","18":"product_tag-5f-mdmb-2201-order","19":"product_tag-5f-mdmb-2201-reddit","20":"product_tag-5f-mdmb-2201-vape","21":"product_tag-5f-mdmb-2201-wiki","22":"product_tag-5fmdmb-2201-wirkung","23":"product_tag-5fmdmb-2201-cayman","24":"product_tag-5fmdmv2201-5f-mdmb-2201-kannabinoid","25":"product_tag-buy-5f-mdmb-2201","26":"product_tag-buy-5fmdmb-2201","27":"desktop-align-left","28":"tablet-align-left","29":"mobile-align-left","30":"ast-product-gallery-layout-horizontal","31":"ast-product-single-variable","32":"ast-product-tabs-layout-horizontal","33":"ast-qv-on-image","35":"first","36":"instock","37":"shipping-taxable","38":"purchasable","39":"product-type-variable"},"yoast_head":"<!-- This site is optimized with the Yoast SEO plugin v25.9 - https:\/\/yoast.com\/wordpress\/plugins\/seo\/ -->\n<title>5F-EMB for Sale - Order 5F-EMB Powder Online | LegitGrams<\/title>\n<meta name=\"description\" content=\"You can buy 5F-EMB powder online at best price from our online cannabinoids store. We have cheap and high-quality 5F-EMB for sale and provide worldwide delivery. You can order from anywhere, anytime.\" \/>\n<meta name=\"robots\" content=\"index, follow, max-snippet:-1, max-image-preview:large, max-video-preview:-1\" \/>\n<link rel=\"canonical\" href=\"https:\/\/legitgrams.com\/hu\/termek\/5f-emb\/\" \/>\n<meta property=\"og:locale\" content=\"hu_HU\" \/>\n<meta property=\"og:type\" content=\"article\" \/>\n<meta property=\"og:title\" content=\"5F-EMB for Sale - Order 5F-EMB Powder Online | LegitGrams\" \/>\n<meta property=\"og:description\" content=\"You can buy 5F-EMB powder online at best price from our online cannabinoids store. We have cheap and high-quality 5F-EMB for sale and provide worldwide delivery. You can order from anywhere, anytime.\" \/>\n<meta property=\"og:url\" content=\"https:\/\/legitgrams.com\/hu\/termek\/5f-emb\/\" \/>\n<meta property=\"og:site_name\" content=\"Legit Grams\" \/>\n<meta property=\"article:modified_time\" content=\"2025-01-11T11:43:55+00:00\" \/>\n<meta property=\"og:image\" content=\"https:\/\/legitgrams.com\/wp-content\/uploads\/2024\/08\/5f-EMB.gif\" \/>\n\t<meta property=\"og:image:width\" content=\"600\" \/>\n\t<meta property=\"og:image:height\" content=\"600\" \/>\n\t<meta property=\"og:image:type\" content=\"image\/gif\" \/>\n<meta name=\"twitter:card\" content=\"summary_large_image\" \/>\n<meta name=\"twitter:label1\" content=\"Becs\u00fclt olvas\u00e1si id\u0151\" \/>\n\t<meta name=\"twitter:data1\" content=\"3 perc\" \/>\n<script type=\"application\/ld+json\" class=\"yoast-schema-graph\">{\"@context\":\"https:\/\/schema.org\",\"@graph\":[{\"@type\":\"WebPage\",\"@id\":\"https:\/\/legitgrams.com\/product\/5f-emb\/\",\"url\":\"https:\/\/legitgrams.com\/product\/5f-emb\/\",\"name\":\"5F-EMB for Sale - Order 5F-EMB Powder Online | LegitGrams\",\"isPartOf\":{\"@id\":\"https:\/\/legitgrams.com\/#website\"},\"primaryImageOfPage\":{\"@id\":\"https:\/\/legitgrams.com\/product\/5f-emb\/#primaryimage\"},\"image\":{\"@id\":\"https:\/\/legitgrams.com\/product\/5f-emb\/#primaryimage\"},\"thumbnailUrl\":\"https:\/\/legitgrams.com\/wp-content\/uploads\/2024\/08\/5f-EMB.gif\",\"datePublished\":\"2024-08-03T05:38:22+00:00\",\"dateModified\":\"2025-01-11T11:43:55+00:00\",\"description\":\"You can buy 5F-EMB powder online at best price from our online cannabinoids store. We have cheap and high-quality 5F-EMB for sale and provide worldwide delivery. You can order from anywhere, anytime.\",\"breadcrumb\":{\"@id\":\"https:\/\/legitgrams.com\/product\/5f-emb\/#breadcrumb\"},\"inLanguage\":\"hu\",\"potentialAction\":[{\"@type\":\"ReadAction\",\"target\":[\"https:\/\/legitgrams.com\/product\/5f-emb\/\"]}]},{\"@type\":\"ImageObject\",\"inLanguage\":\"hu\",\"@id\":\"https:\/\/legitgrams.com\/product\/5f-emb\/#primaryimage\",\"url\":\"https:\/\/legitgrams.com\/wp-content\/uploads\/2024\/08\/5f-EMB.gif\",\"contentUrl\":\"https:\/\/legitgrams.com\/wp-content\/uploads\/2024\/08\/5f-EMB.gif\",\"width\":600,\"height\":600,\"caption\":\"5F-EMB for Sale\"},{\"@type\":\"BreadcrumbList\",\"@id\":\"https:\/\/legitgrams.com\/product\/5f-emb\/#breadcrumb\",\"itemListElement\":[{\"@type\":\"ListItem\",\"position\":1,\"name\":\"Home\",\"item\":\"https:\/\/legitgrams.com\/\"},{\"@type\":\"ListItem\",\"position\":2,\"name\":\"Shop\",\"item\":\"https:\/\/legitgrams.com\/shop\/\"},{\"@type\":\"ListItem\",\"position\":3,\"name\":\"5f-EMB\"}]},{\"@type\":\"WebSite\",\"@id\":\"https:\/\/legitgrams.com\/#website\",\"url\":\"https:\/\/legitgrams.com\/\",\"name\":\"Legit Grams\",\"description\":\"My WordPress Blog\",\"publisher\":{\"@id\":\"https:\/\/legitgrams.com\/#organization\"},\"potentialAction\":[{\"@type\":\"SearchAction\",\"target\":{\"@type\":\"EntryPoint\",\"urlTemplate\":\"https:\/\/legitgrams.com\/?s={search_term_string}\"},\"query-input\":{\"@type\":\"PropertyValueSpecification\",\"valueRequired\":true,\"valueName\":\"search_term_string\"}}],\"inLanguage\":\"hu\"},{\"@type\":\"Organization\",\"@id\":\"https:\/\/legitgrams.com\/#organization\",\"name\":\"Legit Grams\",\"url\":\"https:\/\/legitgrams.com\/\",\"logo\":{\"@type\":\"ImageObject\",\"inLanguage\":\"hu\",\"@id\":\"https:\/\/legitgrams.com\/#\/schema\/logo\/image\/\",\"url\":\"https:\/\/legitgrams.com\/wp-content\/uploads\/2024\/09\/main-logo.png\",\"contentUrl\":\"https:\/\/legitgrams.com\/wp-content\/uploads\/2024\/09\/main-logo.png\",\"width\":270,\"height\":75,\"caption\":\"Legit Grams\"},\"image\":{\"@id\":\"https:\/\/legitgrams.com\/#\/schema\/logo\/image\/\"}}]}<\/script>\n<!-- \/ Yoast SEO plugin. -->","yoast_head_json":{"title":"5F-EMB elad\u00f3 - 5F-EMB por rendel\u00e9se online | LegitGrams","description":"Az 5F-EMB port online a legjobb \u00e1ron v\u00e1s\u00e1rolhatja meg az online kannabinoidok \u00e1ruh\u00e1z\u00e1b\u00f3l. Van olcs\u00f3 \u00e9s kiv\u00e1l\u00f3 min\u0151s\u00e9g\u0171 5F-EMB elad\u00f3 \u00e9s vil\u00e1gszerte sz\u00e1ll\u00edt\u00e1st biztos\u00edtunk. B\u00e1rhonnan, b\u00e1rmikor megrendelheti.","robots":{"index":"index","follow":"follow","max-snippet":"max-snippet:-1","max-image-preview":"max-image-preview:large","max-video-preview":"max-video-preview:-1"},"canonical":"https:\/\/legitgrams.com\/hu\/termek\/5f-emb\/","og_locale":"hu_HU","og_type":"article","og_title":"5F-EMB for Sale - Order 5F-EMB Powder Online | LegitGrams","og_description":"You can buy 5F-EMB powder online at best price from our online cannabinoids store. We have cheap and high-quality 5F-EMB for sale and provide worldwide delivery. You can order from anywhere, anytime.","og_url":"https:\/\/legitgrams.com\/hu\/termek\/5f-emb\/","og_site_name":"Legit Grams","article_modified_time":"2025-01-11T11:43:55+00:00","og_image":[{"width":600,"height":600,"url":"https:\/\/legitgrams.com\/wp-content\/uploads\/2024\/08\/5f-EMB.gif","type":"image\/gif"}],"twitter_card":"summary_large_image","twitter_misc":{"Becs\u00fclt olvas\u00e1si id\u0151":"3 perc"},"schema":{"@context":"https:\/\/schema.org","@graph":[{"@type":"WebPage","@id":"https:\/\/legitgrams.com\/product\/5f-emb\/","url":"https:\/\/legitgrams.com\/product\/5f-emb\/","name":"5F-EMB elad\u00f3 - 5F-EMB por rendel\u00e9se online | LegitGrams","isPartOf":{"@id":"https:\/\/legitgrams.com\/#website"},"primaryImageOfPage":{"@id":"https:\/\/legitgrams.com\/product\/5f-emb\/#primaryimage"},"image":{"@id":"https:\/\/legitgrams.com\/product\/5f-emb\/#primaryimage"},"thumbnailUrl":"https:\/\/legitgrams.com\/wp-content\/uploads\/2024\/08\/5f-EMB.gif","datePublished":"2024-08-03T05:38:22+00:00","dateModified":"2025-01-11T11:43:55+00:00","description":"Az 5F-EMB port online a legjobb \u00e1ron v\u00e1s\u00e1rolhatja meg az online kannabinoidok \u00e1ruh\u00e1z\u00e1b\u00f3l. Van olcs\u00f3 \u00e9s kiv\u00e1l\u00f3 min\u0151s\u00e9g\u0171 5F-EMB elad\u00f3 \u00e9s vil\u00e1gszerte sz\u00e1ll\u00edt\u00e1st biztos\u00edtunk. B\u00e1rhonnan, b\u00e1rmikor megrendelheti.","breadcrumb":{"@id":"https:\/\/legitgrams.com\/product\/5f-emb\/#breadcrumb"},"inLanguage":"hu","potentialAction":[{"@type":"ReadAction","target":["https:\/\/legitgrams.com\/product\/5f-emb\/"]}]},{"@type":"ImageObject","inLanguage":"hu","@id":"https:\/\/legitgrams.com\/product\/5f-emb\/#primaryimage","url":"https:\/\/legitgrams.com\/wp-content\/uploads\/2024\/08\/5f-EMB.gif","contentUrl":"https:\/\/legitgrams.com\/wp-content\/uploads\/2024\/08\/5f-EMB.gif","width":600,"height":600,"caption":"5F-EMB for Sale"},{"@type":"BreadcrumbList","@id":"https:\/\/legitgrams.com\/product\/5f-emb\/#breadcrumb","itemListElement":[{"@type":"ListItem","position":1,"name":"Home","item":"https:\/\/legitgrams.com\/"},{"@type":"ListItem","position":2,"name":"Shop","item":"https:\/\/legitgrams.com\/shop\/"},{"@type":"ListItem","position":3,"name":"5f-EMB"}]},{"@type":"WebSite","@id":"https:\/\/legitgrams.com\/#website","url":"https:\/\/legitgrams.com\/","name":"Legit Grams","description":"Az \u00e9n WordPress blogom","publisher":{"@id":"https:\/\/legitgrams.com\/#organization"},"potentialAction":[{"@type":"SearchAction","target":{"@type":"EntryPoint","urlTemplate":"https:\/\/legitgrams.com\/?s={search_term_string}"},"query-input":{"@type":"PropertyValueSpecification","valueRequired":true,"valueName":"search_term_string"}}],"inLanguage":"hu"},{"@type":"Organization","@id":"https:\/\/legitgrams.com\/#organization","name":"Legit Grams","url":"https:\/\/legitgrams.com\/","logo":{"@type":"ImageObject","inLanguage":"hu","@id":"https:\/\/legitgrams.com\/#\/schema\/logo\/image\/","url":"https:\/\/legitgrams.com\/wp-content\/uploads\/2024\/09\/main-logo.png","contentUrl":"https:\/\/legitgrams.com\/wp-content\/uploads\/2024\/09\/main-logo.png","width":270,"height":75,"caption":"Legit Grams"},"image":{"@id":"https:\/\/legitgrams.com\/#\/schema\/logo\/image\/"}}]}},"uagb_featured_image_src":{"full":["https:\/\/legitgrams.com\/wp-content\/uploads\/2024\/08\/5f-EMB.gif",600,600,false],"thumbnail":["https:\/\/legitgrams.com\/wp-content\/uploads\/2024\/08\/5f-EMB-150x150.gif",150,150,true],"medium":["https:\/\/legitgrams.com\/wp-content\/uploads\/2024\/08\/5f-EMB-300x300.gif",300,300,true],"medium_large":["https:\/\/legitgrams.com\/wp-content\/uploads\/2024\/08\/5f-EMB.gif",600,600,false],"large":["https:\/\/legitgrams.com\/wp-content\/uploads\/2024\/08\/5f-EMB.gif",600,600,false],"1536x1536":["https:\/\/legitgrams.com\/wp-content\/uploads\/2024\/08\/5f-EMB.gif",600,600,false],"2048x2048":["https:\/\/legitgrams.com\/wp-content\/uploads\/2024\/08\/5f-EMB.gif",600,600,false],"trp-custom-language-flag":["https:\/\/legitgrams.com\/wp-content\/uploads\/2024\/08\/5f-EMB-12x12.gif",12,12,true],"woocommerce_thumbnail":["https:\/\/legitgrams.com\/wp-content\/uploads\/2024\/08\/5f-EMB-300x300.gif",300,300,true],"woocommerce_single":["https:\/\/legitgrams.com\/wp-content\/uploads\/2024\/08\/5f-EMB.gif",600,600,false],"woocommerce_gallery_thumbnail":["https:\/\/legitgrams.com\/wp-content\/uploads\/2024\/08\/5f-EMB-100x100.gif",100,100,true]},"uagb_author_info":{"display_name":"cokeblog18","author_link":"https:\/\/legitgrams.com\/hu\/author\/"},"uagb_comment_info":0,"uagb_excerpt":"For Sale: 5F-EMB Discover 5f-EMB, 5F-EMB-PINACA, an indazole-based synthetic cannabinoid from the indazole-3-carboxamide family that has been offered for sale online as a designer medication. It is also referred to as EMB-5F-PINACA in accordance with the EMCCDA framework for naming synthetic cannabinoids and 5F-AEB. LegitGrams Product Name 5F-EMB Product Code F00003078 Chemical name 5F-EMB Synonyms&hellip;","_links":{"self":[{"href":"https:\/\/legitgrams.com\/hu\/wp-json\/wp\/v2\/product\/3278","targetHints":{"allow":["GET"]}}],"collection":[{"href":"https:\/\/legitgrams.com\/hu\/wp-json\/wp\/v2\/product"}],"about":[{"href":"https:\/\/legitgrams.com\/hu\/wp-json\/wp\/v2\/types\/product"}],"replies":[{"embeddable":true,"href":"https:\/\/legitgrams.com\/hu\/wp-json\/wp\/v2\/comments?post=3278"}],"wp:featuredmedia":[{"embeddable":true,"href":"https:\/\/legitgrams.com\/hu\/wp-json\/wp\/v2\/media\/3288"}],"wp:attachment":[{"href":"https:\/\/legitgrams.com\/hu\/wp-json\/wp\/v2\/media?parent=3278"}],"wp:term":[{"taxonomy":"product_brand","embeddable":true,"href":"https:\/\/legitgrams.com\/hu\/wp-json\/wp\/v2\/product_brand?post=3278"},{"taxonomy":"product_cat","embeddable":true,"href":"https:\/\/legitgrams.com\/hu\/wp-json\/wp\/v2\/product_cat?post=3278"},{"taxonomy":"product_tag","embeddable":true,"href":"https:\/\/legitgrams.com\/hu\/wp-json\/wp\/v2\/product_tag?post=3278"}],"curies":[{"name":"wp","href":"https:\/\/api.w.org\/{rel}","templated":true}]}}