{"id":3280,"date":"2024-08-03T05:38:32","date_gmt":"2024-08-03T05:38:32","guid":{"rendered":"https:\/\/cokebricks.com\/?post_type=product&#038;p=3280"},"modified":"2025-03-08T05:57:51","modified_gmt":"2025-03-08T05:57:51","slug":"4f-mdma-b","status":"publish","type":"product","link":"https:\/\/legitgrams.com\/hu\/termek\/4f-mdma-b\/","title":{"rendered":"V\u00e1s\u00e1roljon 4F-MDMB-2201-et online"},"content":{"rendered":"<h2>Sprzedano: 4F-MDMB-2201<\/h2>\n<p>A szintetikus kannabinoid <a href=\"https:\/\/legitgrams.com\/hu\/termek\/4f-mdma-b\/\">4F-MDMB-BINACA<\/a>, often referred to as <a href=\"https:\/\/www.bing.com\/search?q=Buy%204F-MDMB-2201%20Online&amp;qs=n&amp;form=QBRE&amp;sp=-1&amp;lq=0&amp;pq=buy%204f-mdmb-2201%20online&amp;sc=0-23&amp;sk=&amp;cvid=EDC4C0DBA04E4F899A8DCB87CE039D4E&amp;ghsh=0&amp;ghacc=0&amp;ghpl=\">MDMB-4F-BINAC<\/a>A, 4F-MDMB-BUTINACA, or <a href=\"https:\/\/www.bing.com\/search?q=Buy%204F-MDMB-2201%20Online&amp;qs=n&amp;form=QBRE&amp;sp=-1&amp;lq=0&amp;pq=buy%204f-mdmb-2201%20online&amp;sc=0-23&amp;sk=&amp;cvid=EDC4C0DBA04E4F899A8DCB87CE039D4E&amp;ghsh=0&amp;ghacc=0&amp;ghpl=\">4F-ADB<\/a>MDMB-4F-BINACA, 4F-MDMB-BUTINACA vagy 4F-ADB n\u00e9ven gyakran emlegetett indazol alap\u00fa, \u00e9s az indazol-3-karboxamid csal\u00e1dba tartozik. 2018 v\u00e9ge \u00f3ta diz\u00e1jner gy\u00f3gyszerk\u00e9nt forgalmazz\u00e1k, \u00e9s szintetikus kannabiszterm\u00e9kek akt\u00edv \u00f6sszetev\u0151jek\u00e9nt haszn\u00e1lj\u00e1k. B\u00e1r a CB1 receptorral szembeni szelektivit\u00e1sa nem ismert, a 4F-MDMB-BINACA ennek a receptornak az agonist\u00e1ja (EC50 = 7,39 nM). Az UNODC 2019 december\u00e9ben \u00fctemez\u00e9si aj\u00e1nl\u00e1sokat adott ki, amelyek a 4F-MDMB-BINACA-t glob\u00e1lisan a II. <a href=\"https:\/\/en.wikipedia.org\/\">LegitGrams<\/a><\/p>\n<h3>V\u00e1s\u00e1roljon port V\u00e1s\u00e1roljon 4F-MDMB-2201-et.<\/h3>\n<p>GET <a href=\"https:\/\/en.wikipedia.org\/wiki\/4F-MDMB-BINACA\">4F-MDMB-2201<\/a> POWDER Do you want to get <a href=\"https:\/\/www.google.com\/search?q=Buy+4F-MDMB-2201+Online&amp;num=10&amp;sca_esv=1a2a07081c7891bb&amp;rlz=1C1RXQR_enIN1098IN1098&amp;sxsrf=AHTn8zoD4BBHqeM8CnkQWb9glHkkVt9Evg%3A1741413310258&amp;ei=vtvLZ6irD8a8seMPrb-RgAM&amp;ved=0ahUKEwiogo-O5vmLAxVGXmwGHa1fBDAQ4dUDCBI&amp;uact=5&amp;oq=Buy+4F-MDMB-2201+Online&amp;gs_lp=Egxnd3Mtd2l6LXNlcnAiF0J1eSA0Ri1NRE1CLTIyMDEgT25saW5lSMkGUNUCWNUCcAJ4AJABAJgB5wGgAecBqgEDMi0xuAEDyAEA-AEC-AEBmAICoAIUwgILEAAYsAMYogQYiQXCAgsQABiABBiwAxiiBJgDAIgGAZAGBZIHATKgB0s&amp;sclient=gws-wiz-serp\">4F-MDMB-2201 Pulver<\/a> POR A legjobb \u00e1ron szeretn\u00e9 beszerezni a 4F-MDMB-2201 port? Menjen a Coke Bricks-be, \u00e9s v\u00e1s\u00e1rolja meg a legjobban megtervezett gy\u00f3gyszereket.<br \/>\nAz MDMB-4en PINACA r\u00f6vid\u00edt\u00e9se 4F-MDMB-2201. <a href=\"https:\/\/www.google.com\/search?q=Buy+4F-MDMB-2201+Online&amp;num=10&amp;sca_esv=1a2a07081c7891bb&amp;rlz=1C1RXQR_enIN1098IN1098&amp;sxsrf=AHTn8zoD4BBHqeM8CnkQWb9glHkkVt9Evg%3A1741413310258&amp;ei=vtvLZ6irD8a8seMPrb-RgAM&amp;ved=0ahUKEwiogo-O5vmLAxVGXmwGHa1fBDAQ4dUDCBI&amp;uact=5&amp;oq=Buy+4F-MDMB-2201+Online&amp;gs_lp=Egxnd3Mtd2l6LXNlcnAiF0J1eSA0Ri1NRE1CLTIyMDEgT25saW5lSMkGUNUCWNUCcAJ4AJABAJgB5wGgAecBqgEDMi0xuAEDyAEA-AEC-AEBmAICoAIUwgILEAAYsAMYogQYiQXCAgsQABiABBiwAxiiBJgDAIgGAZAGBZIHATKgB0s&amp;sclient=gws-wiz-serp\">4F-MDMB-2201<\/a>.<\/p>\n<p>Az indazol alap\u00fa szintetikus kannabinoid 4F-MDMB-2201 2019 \u00f3ta tervezi a gy\u00f3gyszert.<\/p>\n<p>Az indazol alap\u00fa szintetikus kannabinoid 4F-MDMB-2201 2019 \u00f3ta tervezi a gy\u00f3gyszert.<\/p>\n<p>Mindig rakt\u00e1ron, egy-k\u00e9t munkanapon bel\u00fcl post\u00e1zzuk.<\/p>\n<p>Fizessen biztons\u00e1gosan Giropay, Bitcoin vagy hitelk\u00e1rtya haszn\u00e1lat\u00e1val.<\/p>\n<h3>V\u00e1s\u00e1rolja meg biztons\u00e1gosan a 4F-MDMB-2201 port.<\/h3>\n<p>Mivel k\u00f6zvetlen\u00fcl a gy\u00e1rt\u00f3kt\u00f3l v\u00e1s\u00e1rolunk, mindig a legalacsonyabb \u00e1rat \u00edg\u00e9rhetj\u00fck. Web\u00e1ruh\u00e1zunkban biztons\u00e1gosan fizethet hitelk\u00e1rty\u00e1val, Bitcoinnal vagy Giropay-vel.<\/p>\n<p>Mindig minden el\u00e9rhet\u0151!<\/p>\n<p>Our website uses SSL encryption.<\/p>\n<p>Az SSL titkos\u00edt\u00e1s biztos\u00edtja az adatok biztons\u00e1gos tov\u00e1bb\u00edt\u00e1s\u00e1t, \u00e9s soha nem f\u00e9rhetnek hozz\u00e1 k\u00fcls\u0151 felek.<\/p>\n<h3>Az SSL titkos\u00edt\u00e1s biztos\u00edtja az adatok biztons\u00e1gos tov\u00e1bb\u00edt\u00e1s\u00e1t, \u00e9s soha nem f\u00e9rhetnek hozz\u00e1 k\u00fcls\u0151 felek.<\/h3>\n<p>Beszerezheti a legjobb diz\u00e1jner gy\u00f3gyszereket a Benelux \u00e1llamokt\u00f3l.<br \/>\nA diz\u00e1jner drogiparban szerzett h\u00e9t \u00e9ves tapasztalatunkkal folyamatosan cs\u00facsmin\u0151s\u00e9g\u0171 term\u00e9keket tudunk sz\u00e1ll\u00edtani.<\/p>\n<p>Tekintettel arra, hogy minden term\u00e9k\u00fcnk biztons\u00e1gos a kutat\u00e1sban val\u00f3 felhaszn\u00e1l\u00e1sra, mert mindegyik\u00fck \u00e1tesett laborat\u00f3riumi vizsg\u00e1laton.<\/p>\n<p>Tekintettel arra, hogy minden term\u00e9k\u00fcnk biztons\u00e1gos a kutat\u00e1sban val\u00f3 felhaszn\u00e1l\u00e1sra, mert mindegyik\u00fck \u00e1tesett laborat\u00f3riumi vizsg\u00e1laton.<\/p>\n<p>Sok internetes kiskeresked\u0151 forgalmaz diz\u00e1jner drogokat, ak\u00e1r hamisak, ak\u00e1r rossz min\u0151s\u00e9g\u0171ek.<\/p>\n<p>Rendel\u00e9s\u00e9t azonnal, diszkr\u00e9ten \u00e9s biztons\u00e1gosan h\u00e1zhoz sz\u00e1ll\u00edtjuk, ha diz\u00e1jner gy\u00f3gyszereket v\u00e1s\u00e1rol a legitgramokt\u00f3l!<\/p>\n<h3>Szerezze be a 4F-MDMB-2201 POR<\/h3>\n<p><a href=\"https:\/\/www.google.com\/search?q=Buy+4F-MDMB-2201+Online&amp;num=10&amp;sca_esv=1a2a07081c7891bb&amp;rlz=1C1RXQR_enIN1098IN1098&amp;sxsrf=AHTn8zoD4BBHqeM8CnkQWb9glHkkVt9Evg%3A1741413310258&amp;ei=vtvLZ6irD8a8seMPrb-RgAM&amp;ved=0ahUKEwiogo-O5vmLAxVGXmwGHa1fBDAQ4dUDCBI&amp;uact=5&amp;oq=Buy+4F-MDMB-2201+Online&amp;gs_lp=Egxnd3Mtd2l6LXNlcnAiF0J1eSA0Ri1NRE1CLTIyMDEgT25saW5lSMkGUNUCWNUCcAJ4AJABAJgB5wGgAecBqgEDMi0xuAEDyAEA-AEC-AEBmAICoAIUwgILEAAYsAMYogQYiQXCAgsQABiABBiwAxiiBJgDAIgGAZAGBZIHATKgB0s&amp;sclient=gws-wiz-serp\">Pulver 4F-MDMB-2201<\/a>, tested in a lab<\/p>\n<p>Ha diz\u00e1jnergy\u00f3gyszereket keres, mag\u00e1t\u00f3l \u00e9rtet\u0151dik, hogy meg akar bizonyosodni arr\u00f3l, hogy a term\u00e9kek a legjobb min\u0151s\u00e9g\u0171ek.<\/p>\n<p>A gy\u00f3gyszerek a legjobb min\u0151s\u00e9g\u0171ek, \u00e9s mindig laborat\u00f3riumban tesztelik.<\/p>\n<p>\u00d6r\u00f6m lesz vel\u00fcnk dolgozni, mert a legjobb aj\u00e1nlatokat k\u00edn\u00e1ljuk kiv\u00e1l\u00f3 min\u0151s\u00e9g\u0171 term\u00e9kekkel kapcsolatban.<\/p>\n<p>V\u00e1s\u00e1roljon diz\u00e1jner drogokat diszkr\u00e9ten \u00e9s t\u00f6rv\u00e9nyesen.<\/p>\n<p>A diz\u00e1jner drogok m\u00e1r leg\u00e1lisan megv\u00e1s\u00e1rolhat\u00f3k online!<\/p>\n<p>Needless to mention, it is important to purchase designer drugs from the right place.<br \/>\nA megb\u00edzhatatlan webhelyek sokas\u00e1ga miatt olyan t\u00e1rgyakat kaphat, amelyek k\u00e1rosak lehetnek az eg\u00e9szs\u00e9g\u00e9re.<\/p>\n<p>For this reason, we suggest that you purchase your designer medications from legitgrams.com.<\/p>\n<p>A Legit Grams r\u00e9g\u00f3ta vezet\u0151 szerepet t\u00f6lt be a cs\u00facskateg\u00f3ri\u00e1s diz\u00e1jner gy\u00f3gyszerek \u00e9rt\u00e9kes\u00edt\u00e9s\u00e9ben, \u00e9s elk\u00f6telezett v\u00e1s\u00e1rl\u00f3inak nagy sz\u00e1ma van.<\/p>\n<h3>Fektessen be olcs\u00f3 diz\u00e1jner drogokba?<\/h3>\n<p><a href=\"https:\/\/duckduckgo.com\/?q=Buy+4F-MDMB-2201+Online&amp;t=h_&amp;ia=web\">By purchasing<\/a> Ha megv\u00e1s\u00e1rolja term\u00e9keit a legitgrams Team-t\u0151l, a legjobb min\u0151s\u00e9get ny\u00fajthatja mag\u00e1nak a legjobb \u00e1ron!<\/p>\n<p>Sok v\u00e1s\u00e1rl\u00f3, aki t\u00f6rv\u00e9nyes gy\u00f3gyszert\u00e1rakban v\u00e1s\u00e1rol diz\u00e1jner gy\u00f3gyszereket, t\u00f6bb\u00e9rt t\u00e9r vissza.<\/p>\n<p>Term\u00e9szetesen a diz\u00e1jner drogok keres\u00e9sekor elengedhetetlen egy megb\u00edzhat\u00f3 weboldal.<\/p>\n<p>az id\u0151ben t\u00f6rt\u00e9n\u0151 k\u00e9zbes\u00edt\u00e9s biztos\u00edt\u00e1sa \u00e9rdek\u00e9ben, hogy az \u00e1ru megfelel\u0151 min\u0151s\u00e9g\u0171 legyen, \u00e9s az \u00d6n c\u00edm\u00e9re halad\u00e9ktalanul kisz\u00e1ll\u00edt\u00e1sra ker\u00fclj\u00f6n.<\/p>\n<p>You may be sure that <a href=\"https:\/\/duckduckgo.com\/?q=Buy+4F-MDMB-2201+Online&amp;t=h_&amp;ia=web\">openness<\/a>, safety, and dependability are top priorities for legitgrams.<\/p>\n<h3>Offer for Powdered 4F-MDMB-2201:<\/h3>\n<p>A Legitgrams \u00e1ltal\u00e1ban elk\u00e9peszt\u0151 kedvezm\u00e9nyeket k\u00edn\u00e1l, amelyek seg\u00edts\u00e9g\u00e9vel jelent\u0151s mennyis\u00e9g\u0171 p\u00e9nzt takar\u00edthat meg, p\u00e9ld\u00e1ul:<\/p>\n<p>&nbsp;<\/p>","protected":false},"excerpt":{"rendered":"<p>Sold: 4F-MDMB-2201 The synthetic cannabinoid 4F-MDMB-BINACA, often referred to as MDMB-4F-BINACA, 4F-MDMB-BUTINACA, or 4F-ADB, is based on indazoles and belongs to the indazole-3-carboxamide family. Since late 2018, it has been marketed as a designer medicine and utilized as an active component in synthetic cannabis products. Although its selectivity for the CB1 receptor is unknown, 4F-MDMB-BINACA &hellip;<\/p>\n<p class=\"read-more\"> <a class=\"\" href=\"https:\/\/legitgrams.com\/hu\/termek\/4f-mdma-b\/\"> <span class=\"screen-reader-text\">V\u00e1s\u00e1roljon 4F-MDMB-2201-et online<\/span> Olvass tov\u00e1bb \"<\/a><\/p>","protected":false},"featured_media":3290,"comment_status":"open","ping_status":"closed","template":"","meta":{"_uag_custom_page_level_css":"","site-sidebar-layout":"default","site-content-layout":"default","ast-global-header-display":"","ast-main-header-display":"","ast-hfb-above-header-display":"","ast-hfb-below-header-display":"","ast-hfb-mobile-header-display":"","site-post-title":"","ast-breadcrumbs-content":"","ast-featured-img":"","footer-sml-layout":"","theme-transparent-header-meta":"default","adv-header-id-meta":"","stick-header-meta":"default","header-above-stick-meta":"","header-main-stick-meta":"","header-below-stick-meta":"","_joinchat":[]},"product_brand":[],"product_cat":[190],"product_tag":[431,432,433,434,435,436,437,438,439,440,441,442,443],"class_list":{"0":"post-3280","1":"product","2":"type-product","3":"status-publish","4":"has-post-thumbnail","6":"product_cat-cannabinoids","7":"product_tag-4f-mdmb","8":"product_tag-4f-mdmb-2201","9":"product_tag-4f-mdmb-bianca","10":"product_tag-4f-mdmb-bica","11":"product_tag-4f-mdmb-binaca","12":"product_tag-4f-mdmb-binaca-kaufen","13":"product_tag-4f-mdmb-binaca-legal","14":"product_tag-4f-mdmb-binaca-liquid","15":"product_tag-4f-mdmb-binaca-nebenwirkungen","16":"product_tag-4f-mdmb-binaca-side-effects","17":"product_tag-4f-mdmb-binaca-flussigkeit","18":"product_tag-4f-mdmb-butinaca","19":"product_tag-4f-mdmb-pinaca","20":"desktop-align-left","21":"tablet-align-left","22":"mobile-align-left","23":"ast-product-gallery-layout-horizontal","24":"ast-product-gallery-with-no-image","25":"ast-product-single-variable","26":"ast-product-tabs-layout-horizontal","27":"ast-qv-on-image","29":"first","30":"instock","31":"shipping-taxable","32":"purchasable","33":"product-type-variable"},"yoast_head":"<!-- This site is optimized with the Yoast SEO plugin v25.9 - https:\/\/yoast.com\/wordpress\/plugins\/seo\/ -->\n<title>4F-MDMB-2201 for Sale - Order 4F-MDMB-2201 Online<\/title>\n<meta name=\"description\" content=\"If you want to buy 4F-MDMB-2201 powder online and looking for a reliable online shop, then buy here. We offer only 4F-MDMB-2201 for sale. Shop Today!\" \/>\n<meta name=\"robots\" content=\"index, follow, max-snippet:-1, max-image-preview:large, max-video-preview:-1\" \/>\n<link rel=\"canonical\" href=\"https:\/\/legitgrams.com\/hu\/termek\/4f-mdma-b\/\" \/>\n<meta property=\"og:locale\" content=\"hu_HU\" \/>\n<meta property=\"og:type\" content=\"article\" \/>\n<meta property=\"og:title\" content=\"4F-MDMB-2201 for Sale - Order 4F-MDMB-2201 Online\" \/>\n<meta property=\"og:description\" content=\"If you want to buy 4F-MDMB-2201 powder online and looking for a reliable online shop, then buy here. We offer only 4F-MDMB-2201 for sale. Shop Today!\" \/>\n<meta property=\"og:url\" content=\"https:\/\/legitgrams.com\/hu\/termek\/4f-mdma-b\/\" \/>\n<meta property=\"og:site_name\" content=\"Legit Grams\" \/>\n<meta property=\"article:modified_time\" content=\"2025-03-08T05:57:51+00:00\" \/>\n<meta property=\"og:image\" content=\"https:\/\/legitgrams.com\/wp-content\/uploads\/2024\/08\/4f-mdma-b.gif\" \/>\n\t<meta property=\"og:image:width\" content=\"600\" \/>\n\t<meta property=\"og:image:height\" content=\"600\" \/>\n\t<meta property=\"og:image:type\" content=\"image\/gif\" \/>\n<meta name=\"twitter:card\" content=\"summary_large_image\" \/>\n<meta name=\"twitter:label1\" content=\"Becs\u00fclt olvas\u00e1si id\u0151\" \/>\n\t<meta name=\"twitter:data1\" content=\"3 perc\" \/>\n<script type=\"application\/ld+json\" class=\"yoast-schema-graph\">{\"@context\":\"https:\/\/schema.org\",\"@graph\":[{\"@type\":\"WebPage\",\"@id\":\"https:\/\/legitgrams.com\/product\/4f-mdma-b\/\",\"url\":\"https:\/\/legitgrams.com\/product\/4f-mdma-b\/\",\"name\":\"4F-MDMB-2201 for Sale - Order 4F-MDMB-2201 Online\",\"isPartOf\":{\"@id\":\"https:\/\/legitgrams.com\/#website\"},\"primaryImageOfPage\":{\"@id\":\"https:\/\/legitgrams.com\/product\/4f-mdma-b\/#primaryimage\"},\"image\":{\"@id\":\"https:\/\/legitgrams.com\/product\/4f-mdma-b\/#primaryimage\"},\"thumbnailUrl\":\"https:\/\/legitgrams.com\/wp-content\/uploads\/2024\/08\/4f-mdma-b.gif\",\"datePublished\":\"2024-08-03T05:38:32+00:00\",\"dateModified\":\"2025-03-08T05:57:51+00:00\",\"description\":\"If you want to buy 4F-MDMB-2201 powder online and looking for a reliable online shop, then buy here. We offer only 4F-MDMB-2201 for sale. Shop Today!\",\"breadcrumb\":{\"@id\":\"https:\/\/legitgrams.com\/product\/4f-mdma-b\/#breadcrumb\"},\"inLanguage\":\"hu\",\"potentialAction\":[{\"@type\":\"ReadAction\",\"target\":[\"https:\/\/legitgrams.com\/product\/4f-mdma-b\/\"]}]},{\"@type\":\"ImageObject\",\"inLanguage\":\"hu\",\"@id\":\"https:\/\/legitgrams.com\/product\/4f-mdma-b\/#primaryimage\",\"url\":\"https:\/\/legitgrams.com\/wp-content\/uploads\/2024\/08\/4f-mdma-b.gif\",\"contentUrl\":\"https:\/\/legitgrams.com\/wp-content\/uploads\/2024\/08\/4f-mdma-b.gif\",\"width\":600,\"height\":600,\"caption\":\"4F-MDMB-2201 for Sale\"},{\"@type\":\"BreadcrumbList\",\"@id\":\"https:\/\/legitgrams.com\/product\/4f-mdma-b\/#breadcrumb\",\"itemListElement\":[{\"@type\":\"ListItem\",\"position\":1,\"name\":\"Home\",\"item\":\"https:\/\/legitgrams.com\/\"},{\"@type\":\"ListItem\",\"position\":2,\"name\":\"Shop\",\"item\":\"https:\/\/legitgrams.com\/shop\/\"},{\"@type\":\"ListItem\",\"position\":3,\"name\":\"Buy 4F-MDMB-2201 Online\"}]},{\"@type\":\"WebSite\",\"@id\":\"https:\/\/legitgrams.com\/#website\",\"url\":\"https:\/\/legitgrams.com\/\",\"name\":\"Legit Grams\",\"description\":\"My WordPress Blog\",\"publisher\":{\"@id\":\"https:\/\/legitgrams.com\/#organization\"},\"potentialAction\":[{\"@type\":\"SearchAction\",\"target\":{\"@type\":\"EntryPoint\",\"urlTemplate\":\"https:\/\/legitgrams.com\/?s={search_term_string}\"},\"query-input\":{\"@type\":\"PropertyValueSpecification\",\"valueRequired\":true,\"valueName\":\"search_term_string\"}}],\"inLanguage\":\"hu\"},{\"@type\":\"Organization\",\"@id\":\"https:\/\/legitgrams.com\/#organization\",\"name\":\"Legit Grams\",\"url\":\"https:\/\/legitgrams.com\/\",\"logo\":{\"@type\":\"ImageObject\",\"inLanguage\":\"hu\",\"@id\":\"https:\/\/legitgrams.com\/#\/schema\/logo\/image\/\",\"url\":\"https:\/\/legitgrams.com\/wp-content\/uploads\/2024\/09\/main-logo.png\",\"contentUrl\":\"https:\/\/legitgrams.com\/wp-content\/uploads\/2024\/09\/main-logo.png\",\"width\":270,\"height\":75,\"caption\":\"Legit Grams\"},\"image\":{\"@id\":\"https:\/\/legitgrams.com\/#\/schema\/logo\/image\/\"}}]}<\/script>\n<!-- \/ Yoast SEO plugin. -->","yoast_head_json":{"title":"4F-MDMB-2201 elad\u00f3 - 4F-MDMB-2201 online rendel\u00e9se","description":"Ha 4F-MDMB-2201 port szeretne v\u00e1s\u00e1rolni online \u00e9s megb\u00edzhat\u00f3 online boltot keres, akkor v\u00e1s\u00e1roljon itt. Mi csak 4F-MDMB-2201 elad\u00e1sra k\u00edn\u00e1lunk. V\u00e1s\u00e1roljon m\u00e9g ma!","robots":{"index":"index","follow":"follow","max-snippet":"max-snippet:-1","max-image-preview":"max-image-preview:large","max-video-preview":"max-video-preview:-1"},"canonical":"https:\/\/legitgrams.com\/hu\/termek\/4f-mdma-b\/","og_locale":"hu_HU","og_type":"article","og_title":"4F-MDMB-2201 for Sale - Order 4F-MDMB-2201 Online","og_description":"If you want to buy 4F-MDMB-2201 powder online and looking for a reliable online shop, then buy here. We offer only 4F-MDMB-2201 for sale. Shop Today!","og_url":"https:\/\/legitgrams.com\/hu\/termek\/4f-mdma-b\/","og_site_name":"Legit Grams","article_modified_time":"2025-03-08T05:57:51+00:00","og_image":[{"width":600,"height":600,"url":"https:\/\/legitgrams.com\/wp-content\/uploads\/2024\/08\/4f-mdma-b.gif","type":"image\/gif"}],"twitter_card":"summary_large_image","twitter_misc":{"Becs\u00fclt olvas\u00e1si id\u0151":"3 perc"},"schema":{"@context":"https:\/\/schema.org","@graph":[{"@type":"WebPage","@id":"https:\/\/legitgrams.com\/product\/4f-mdma-b\/","url":"https:\/\/legitgrams.com\/product\/4f-mdma-b\/","name":"4F-MDMB-2201 elad\u00f3 - 4F-MDMB-2201 online rendel\u00e9se","isPartOf":{"@id":"https:\/\/legitgrams.com\/#website"},"primaryImageOfPage":{"@id":"https:\/\/legitgrams.com\/product\/4f-mdma-b\/#primaryimage"},"image":{"@id":"https:\/\/legitgrams.com\/product\/4f-mdma-b\/#primaryimage"},"thumbnailUrl":"https:\/\/legitgrams.com\/wp-content\/uploads\/2024\/08\/4f-mdma-b.gif","datePublished":"2024-08-03T05:38:32+00:00","dateModified":"2025-03-08T05:57:51+00:00","description":"Ha 4F-MDMB-2201 port szeretne v\u00e1s\u00e1rolni online \u00e9s megb\u00edzhat\u00f3 online boltot keres, akkor v\u00e1s\u00e1roljon itt. Mi csak 4F-MDMB-2201 elad\u00e1sra k\u00edn\u00e1lunk. V\u00e1s\u00e1roljon m\u00e9g ma!","breadcrumb":{"@id":"https:\/\/legitgrams.com\/product\/4f-mdma-b\/#breadcrumb"},"inLanguage":"hu","potentialAction":[{"@type":"ReadAction","target":["https:\/\/legitgrams.com\/product\/4f-mdma-b\/"]}]},{"@type":"ImageObject","inLanguage":"hu","@id":"https:\/\/legitgrams.com\/product\/4f-mdma-b\/#primaryimage","url":"https:\/\/legitgrams.com\/wp-content\/uploads\/2024\/08\/4f-mdma-b.gif","contentUrl":"https:\/\/legitgrams.com\/wp-content\/uploads\/2024\/08\/4f-mdma-b.gif","width":600,"height":600,"caption":"4F-MDMB-2201 for Sale"},{"@type":"BreadcrumbList","@id":"https:\/\/legitgrams.com\/product\/4f-mdma-b\/#breadcrumb","itemListElement":[{"@type":"ListItem","position":1,"name":"Home","item":"https:\/\/legitgrams.com\/"},{"@type":"ListItem","position":2,"name":"Shop","item":"https:\/\/legitgrams.com\/shop\/"},{"@type":"ListItem","position":3,"name":"Buy 4F-MDMB-2201 Online"}]},{"@type":"WebSite","@id":"https:\/\/legitgrams.com\/#website","url":"https:\/\/legitgrams.com\/","name":"Legit Grams","description":"Az \u00e9n WordPress blogom","publisher":{"@id":"https:\/\/legitgrams.com\/#organization"},"potentialAction":[{"@type":"SearchAction","target":{"@type":"EntryPoint","urlTemplate":"https:\/\/legitgrams.com\/?s={search_term_string}"},"query-input":{"@type":"PropertyValueSpecification","valueRequired":true,"valueName":"search_term_string"}}],"inLanguage":"hu"},{"@type":"Organization","@id":"https:\/\/legitgrams.com\/#organization","name":"Legit Grams","url":"https:\/\/legitgrams.com\/","logo":{"@type":"ImageObject","inLanguage":"hu","@id":"https:\/\/legitgrams.com\/#\/schema\/logo\/image\/","url":"https:\/\/legitgrams.com\/wp-content\/uploads\/2024\/09\/main-logo.png","contentUrl":"https:\/\/legitgrams.com\/wp-content\/uploads\/2024\/09\/main-logo.png","width":270,"height":75,"caption":"Legit Grams"},"image":{"@id":"https:\/\/legitgrams.com\/#\/schema\/logo\/image\/"}}]}},"uagb_featured_image_src":{"full":["https:\/\/legitgrams.com\/wp-content\/uploads\/2024\/08\/4f-mdma-b.gif",600,600,false],"thumbnail":["https:\/\/legitgrams.com\/wp-content\/uploads\/2024\/08\/4f-mdma-b-150x150.gif",150,150,true],"medium":["https:\/\/legitgrams.com\/wp-content\/uploads\/2024\/08\/4f-mdma-b-300x300.gif",300,300,true],"medium_large":["https:\/\/legitgrams.com\/wp-content\/uploads\/2024\/08\/4f-mdma-b.gif",600,600,false],"large":["https:\/\/legitgrams.com\/wp-content\/uploads\/2024\/08\/4f-mdma-b.gif",600,600,false],"1536x1536":["https:\/\/legitgrams.com\/wp-content\/uploads\/2024\/08\/4f-mdma-b.gif",600,600,false],"2048x2048":["https:\/\/legitgrams.com\/wp-content\/uploads\/2024\/08\/4f-mdma-b.gif",600,600,false],"trp-custom-language-flag":["https:\/\/legitgrams.com\/wp-content\/uploads\/2024\/08\/4f-mdma-b-12x12.gif",12,12,true],"woocommerce_thumbnail":["https:\/\/legitgrams.com\/wp-content\/uploads\/2024\/08\/4f-mdma-b-300x300.gif",300,300,true],"woocommerce_single":["https:\/\/legitgrams.com\/wp-content\/uploads\/2024\/08\/4f-mdma-b.gif",600,600,false],"woocommerce_gallery_thumbnail":["https:\/\/legitgrams.com\/wp-content\/uploads\/2024\/08\/4f-mdma-b-100x100.gif",100,100,true]},"uagb_author_info":{"display_name":"cokeblog18","author_link":"https:\/\/legitgrams.com\/hu\/author\/"},"uagb_comment_info":0,"uagb_excerpt":"Sold: 4F-MDMB-2201 The synthetic cannabinoid 4F-MDMB-BINACA, often referred to as MDMB-4F-BINACA, 4F-MDMB-BUTINACA, or 4F-ADB, is based on indazoles and belongs to the indazole-3-carboxamide family. Since late 2018, it has been marketed as a designer medicine and utilized as an active component in synthetic cannabis products. Although its selectivity for the CB1 receptor is unknown, 4F-MDMB-BINACA&hellip;","_links":{"self":[{"href":"https:\/\/legitgrams.com\/hu\/wp-json\/wp\/v2\/product\/3280","targetHints":{"allow":["GET"]}}],"collection":[{"href":"https:\/\/legitgrams.com\/hu\/wp-json\/wp\/v2\/product"}],"about":[{"href":"https:\/\/legitgrams.com\/hu\/wp-json\/wp\/v2\/types\/product"}],"replies":[{"embeddable":true,"href":"https:\/\/legitgrams.com\/hu\/wp-json\/wp\/v2\/comments?post=3280"}],"wp:featuredmedia":[{"embeddable":true,"href":"https:\/\/legitgrams.com\/hu\/wp-json\/wp\/v2\/media\/3290"}],"wp:attachment":[{"href":"https:\/\/legitgrams.com\/hu\/wp-json\/wp\/v2\/media?parent=3280"}],"wp:term":[{"taxonomy":"product_brand","embeddable":true,"href":"https:\/\/legitgrams.com\/hu\/wp-json\/wp\/v2\/product_brand?post=3280"},{"taxonomy":"product_cat","embeddable":true,"href":"https:\/\/legitgrams.com\/hu\/wp-json\/wp\/v2\/product_cat?post=3280"},{"taxonomy":"product_tag","embeddable":true,"href":"https:\/\/legitgrams.com\/hu\/wp-json\/wp\/v2\/product_tag?post=3280"}],"curies":[{"name":"wp","href":"https:\/\/api.w.org\/{rel}","templated":true}]}}