{"id":3282,"date":"2024-08-03T05:38:35","date_gmt":"2024-08-03T05:38:35","guid":{"rendered":"https:\/\/cokebricks.com\/?post_type=product&#038;p=3282"},"modified":"2025-01-11T11:43:35","modified_gmt":"2025-01-11T11:43:35","slug":"5f-akb","status":"publish","type":"product","link":"https:\/\/legitgrams.com\/hu\/termek\/5f-akb\/","title":{"rendered":"5f-AKB"},"content":{"rendered":"<h2>5F-AKB por elad\u00f3<\/h2>\n<p><a href=\"https:\/\/legitgrams.com\/hu\/termek\/5f-akb\/\">V\u00e1s\u00e1roljon 5F-AKB48-at online<\/a>. Ez az er\u0151s AKB-48 t\u00f6rzs k\u00f6lcs\u00f6nhat\u00e1sba l\u00e9p a kannabinoid receptorokkal, \u00e9s sz\u00e1mos szintetikus kannabiszkever\u00e9k kulcsfontoss\u00e1g\u00fa \u00f6sszetev\u0151je. Mivel szubsztitu\u00e1lt indazolcsoportot tartalmaz, az 5F-AKB48, amelyet n\u00e9ha N-(adamantan-1-il)-1-(5-fluoropentil)-1H-indazol-3-karboxamidnak is neveznek, szintetikus indazol-kannabinoid.<\/p>\n<p>Hasonl\u00f3an az 5F-PB-22-hez, ez az indazolmarad\u00e9k az R1-n\u00e9l fluoropentill\u00e1ncs\u00e1 alakul. Ezenk\u00edv\u00fcl egy karboxamidcsoportot adunk az indazolhoz az R3 helyzetben. Ennek a karboxamidcsoportnak a termin\u00e1lis amincsoportj\u00e1ban egy N-szubsztitu\u00e1lt adamant\u00e1ncsoport van. A diamondoid, ennek a csoportnak egy egyed\u00fcl\u00e1ll\u00f3 szerkezete, n\u00e9gy \u00f6sszeolvadt ciklohex\u00e1n gy\u0171r\u0171b\u0151l \u00e1ll. Indazolb\u00e1zist haszn\u00e1lnak az 5F-AKB48 f\u0151 indolszerkezet\u00e9nek helyettes\u00edt\u00e9s\u00e9re, amely az STS-135 homol\u00f3gja. <a href=\"https:\/\/legitgrams.com\/hu\/\">LegitGrams<\/a><\/p>\n<p>V\u00e1s\u00e1rolja meg a <a href=\"https:\/\/en.wikipedia.org\/wiki\/5F-APINACA\">5F-AKB48<\/a> online az 5F-AKB48 online beszerz\u00e9s\u00e9vel. B\u00e1r az 5F-AKB48-at nem tanulm\u00e1nyozt\u00e1k alaposan, a szerkezeti tanulm\u00e1nyok azt sugallj\u00e1k, hogy a \u03949-THC sz\u00e1mos in vivo jellemz\u0151j\u00e9vel megegyezik, \u00e9s k\u00f6t\u00e9si profilja hasonl\u00f3 m\u00e1s kannabinoidokhoz. Azonban m\u00e9g nem ismert, hogy ezek a k\u00f6lcs\u00f6nhat\u00e1sok hogyan m\u0171k\u00f6dnek, \u00e9s hogyan n\u00f6velik a kannabisz \u00e1ltal okozott boldogs\u00e1got.<\/p>\n<p>V\u00e1s\u00e1roljon 5F-AKB48-at online. A szubjekt\u00edv hat\u00e1sindex \u00e9s a PsychonautWiki k\u00f6zrem\u0171k\u00f6d\u0151inek egy\u00e9ni tapasztalatai alapj\u00e1n a hat\u00e1sokat az al\u00e1bbiakban ismertetj\u00fck. Nagyobb d\u00f3zisok nagyobb val\u00f3sz\u00edn\u0171s\u00e9ggel a hat\u00e1sok teljes sk\u00e1l\u00e1j\u00e1t produk\u00e1lj\u00e1k, de fontos megjegyezni, hogy ezek a hat\u00e1sok ritk\u00e1n vagy egy\u00e1ltal\u00e1n nem egyidej\u0171ek, \u00e9s \u00f3vatosan kell kezelni \u0151ket.<\/p>\n<p>Az 5C-AKB48 alkalmas hasonl\u00f3 kutat\u00e1sokra, amelyek azt vizsg\u00e1lj\u00e1k, hogy a tiltott agonist\u00e1k hogyan hatnak a CB2 receptorokra. BAC aj\u00e1nlatok. V\u00e1s\u00e1rolja meg az 5F-AKB48-at online. Magasan k\u00e9pzett kutat\u00f3-fejleszt\u0151 csapatunk \u00e9s szigor\u00fa min\u0151s\u00e9g-ellen\u0151rz\u00e9si elj\u00e1r\u00e1saink lehet\u0151v\u00e9 teszik sz\u00e1munkra, hogy garant\u00e1ljuk, hogy minden megrendel\u00e9s a legjobb min\u0151s\u00e9g\u0171 cikkek sz\u00e1ll\u00edt\u00e1s\u00e1t eredm\u00e9nyezi a vil\u00e1g b\u00e1rmely pontj\u00e1ra. Mindenkor el\u0151nyben r\u00e9szes\u00edtse h\u00edrnev\u00e9t \u00e9s \u00fcgyfeleit. Kiv\u00e1l\u00f3 h\u00edrnev\u00fcnknek \u00e9s min\u0151s\u00e9g\u00fcnknek k\u00f6sz\u00f6nhet\u0151en mi ir\u00e1ny\u00edtjuk a piacot.<\/p>\n<p>T\u00f6bbet tesz\u00fcnk ann\u00e1l, mint hogy tisztess\u00e9ges \u00e1rakat biztos\u00edtunk v\u00e1s\u00e1rl\u00f3inknak az \u00e1ltaluk v\u00e1s\u00e1rolt \u00e1ruk\u00e9rt. Eredm\u00e9nyes, hosszan tart\u00f3 egy\u00fcttm\u0171k\u00f6d\u00e9st tudunk kialak\u00edtani, ha kiv\u00e9teles min\u0151s\u00e9ggel, versenyk\u00e9pes k\u00f6lts\u00e9gekkel \u00e9s hiteless\u00e9ggel rendelkez\u00fcnk.<\/p>\n<p>Az 5F-AKB48 online megrendelhet\u0151. C\u00e9lunk, hogy a kiv\u00e1l\u00f3 min\u0151s\u00e9g\u0171 kutat\u00e1si vegyszerek, CBD, CBD-vel inf\u00fazi\u00f3s \u00e1ruk \u00e9s s\u00f3k legsz\u00e9lesebb v\u00e1laszt\u00e9k\u00e1t biztos\u00edtsuk, k\u00fcl\u00f6n\u00f6s tekintettel azok kiemelked\u0151 min\u0151s\u00e9g\u00e9re, kiemelked\u0151 \u00e9rt\u00e9k\u00e9re \u00e9s els\u0151rang\u00fa \u00fcgyf\u00e9lszolg\u00e1latunkra. Mivel \u0151szint\u00e9n hisz\u00fcnk abban, hogy \u00fcgyfeleink el\u00e9gedetts\u00e9ge kulcsfontoss\u00e1g\u00fa c\u00e9g\u00fcnk siker\u00e9hez, ez\u00e9rt minden t\u0151l\u00fcnk telhet\u0151t megtesz\u00fcnk, hogy seg\u00edts\u00fcnk nekik, amiben csak tudunk.<\/p>","protected":false},"excerpt":{"rendered":"<p>Sale of 5F-AKB Powder Buy 5F-AKB48 online. This potent strain of AKB-48 interacts with cannabinoid receptors and is a key ingredient in many synthetic cannabis mixtures. Because it contains a substituted indazole group, 5F-AKB48, sometimes referred to as N-(adamantan-1-yl)-1-(5-fluoropentyl)-1H-indazole-3-carboxamide, is a synthetic indazole cannabinoid. Similar to 5F-PB-22, this indazole residue is converted to a fluoropentyl &hellip;<\/p>\n<p class=\"read-more\"> <a class=\"\" href=\"https:\/\/legitgrams.com\/hu\/termek\/5f-akb\/\"> <span class=\"screen-reader-text\">5f-AKB<\/span> Olvass tov\u00e1bb \"<\/a><\/p>","protected":false},"featured_media":3291,"comment_status":"open","ping_status":"closed","template":"","meta":{"_uag_custom_page_level_css":"","site-sidebar-layout":"default","site-content-layout":"default","ast-global-header-display":"","ast-main-header-display":"","ast-hfb-above-header-display":"","ast-hfb-below-header-display":"","ast-hfb-mobile-header-display":"","site-post-title":"","ast-breadcrumbs-content":"","ast-featured-img":"","footer-sml-layout":"","theme-transparent-header-meta":"default","adv-header-id-meta":"","stick-header-meta":"default","header-above-stick-meta":"","header-main-stick-meta":"","header-below-stick-meta":"","_joinchat":[]},"product_brand":[],"product_cat":[190],"product_tag":[428,427,426,429,430,424,425],"class_list":{"0":"post-3282","1":"product","2":"type-product","3":"status-publish","4":"has-post-thumbnail","6":"product_cat-cannabinoids","7":"product_tag-5f-akb-cannabinoids-for-sale","8":"product_tag-5f-akb-crystals-for-sale","9":"product_tag-5f-akb-for-sale","10":"product_tag-5f-akb-for-sale-online","11":"product_tag-5f-akb-powder-for-sale","12":"product_tag-buy-5f-akb","13":"product_tag-buy-5f-akb-crystals-online","14":"desktop-align-left","15":"tablet-align-left","16":"mobile-align-left","17":"ast-product-gallery-layout-horizontal","18":"ast-product-gallery-with-no-image","19":"ast-product-single-variable","20":"ast-product-tabs-layout-horizontal","21":"ast-qv-on-image","23":"first","24":"instock","25":"shipping-taxable","26":"purchasable","27":"product-type-variable"},"yoast_head":"<!-- This site is optimized with the Yoast SEO plugin v25.9 - https:\/\/yoast.com\/wordpress\/plugins\/seo\/ -->\n<title>5F-AKB Powder for Sale - Buy 5F-AKB Online @ Cheap Price<\/title>\n<meta name=\"description\" content=\"It is the best time to visit our online store and buy 5F-AKB powder online. We have high-quality 5F-AKB for sale here at most affordable price. Place Your Order Today!\" \/>\n<meta name=\"robots\" content=\"index, follow, max-snippet:-1, max-image-preview:large, max-video-preview:-1\" \/>\n<link rel=\"canonical\" href=\"https:\/\/legitgrams.com\/hu\/termek\/5f-akb\/\" \/>\n<meta property=\"og:locale\" content=\"hu_HU\" \/>\n<meta property=\"og:type\" content=\"article\" \/>\n<meta property=\"og:title\" content=\"5F-AKB Powder for Sale - Buy 5F-AKB Online @ Cheap Price\" \/>\n<meta property=\"og:description\" content=\"It is the best time to visit our online store and buy 5F-AKB powder online. We have high-quality 5F-AKB for sale here at most affordable price. Place Your Order Today!\" \/>\n<meta property=\"og:url\" content=\"https:\/\/legitgrams.com\/hu\/termek\/5f-akb\/\" \/>\n<meta property=\"og:site_name\" content=\"Legit Grams\" \/>\n<meta property=\"article:modified_time\" content=\"2025-01-11T11:43:35+00:00\" \/>\n<meta property=\"og:image\" content=\"https:\/\/legitgrams.com\/wp-content\/uploads\/2024\/08\/5f-AEB.gif\" \/>\n\t<meta property=\"og:image:width\" content=\"600\" \/>\n\t<meta property=\"og:image:height\" content=\"600\" \/>\n\t<meta property=\"og:image:type\" content=\"image\/gif\" \/>\n<meta name=\"twitter:card\" content=\"summary_large_image\" \/>\n<meta name=\"twitter:label1\" content=\"Becs\u00fclt olvas\u00e1si id\u0151\" \/>\n\t<meta name=\"twitter:data1\" content=\"2 perc\" \/>\n<script type=\"application\/ld+json\" class=\"yoast-schema-graph\">{\"@context\":\"https:\/\/schema.org\",\"@graph\":[{\"@type\":\"WebPage\",\"@id\":\"https:\/\/legitgrams.com\/product\/5f-akb\/\",\"url\":\"https:\/\/legitgrams.com\/product\/5f-akb\/\",\"name\":\"5F-AKB Powder for Sale - Buy 5F-AKB Online @ Cheap Price\",\"isPartOf\":{\"@id\":\"https:\/\/legitgrams.com\/#website\"},\"primaryImageOfPage\":{\"@id\":\"https:\/\/legitgrams.com\/product\/5f-akb\/#primaryimage\"},\"image\":{\"@id\":\"https:\/\/legitgrams.com\/product\/5f-akb\/#primaryimage\"},\"thumbnailUrl\":\"https:\/\/legitgrams.com\/wp-content\/uploads\/2024\/08\/5f-AEB.gif\",\"datePublished\":\"2024-08-03T05:38:35+00:00\",\"dateModified\":\"2025-01-11T11:43:35+00:00\",\"description\":\"It is the best time to visit our online store and buy 5F-AKB powder online. We have high-quality 5F-AKB for sale here at most affordable price. Place Your Order Today!\",\"breadcrumb\":{\"@id\":\"https:\/\/legitgrams.com\/product\/5f-akb\/#breadcrumb\"},\"inLanguage\":\"hu\",\"potentialAction\":[{\"@type\":\"ReadAction\",\"target\":[\"https:\/\/legitgrams.com\/product\/5f-akb\/\"]}]},{\"@type\":\"ImageObject\",\"inLanguage\":\"hu\",\"@id\":\"https:\/\/legitgrams.com\/product\/5f-akb\/#primaryimage\",\"url\":\"https:\/\/legitgrams.com\/wp-content\/uploads\/2024\/08\/5f-AEB.gif\",\"contentUrl\":\"https:\/\/legitgrams.com\/wp-content\/uploads\/2024\/08\/5f-AEB.gif\",\"width\":600,\"height\":600,\"caption\":\"5F-AKB Powder for Sale\"},{\"@type\":\"BreadcrumbList\",\"@id\":\"https:\/\/legitgrams.com\/product\/5f-akb\/#breadcrumb\",\"itemListElement\":[{\"@type\":\"ListItem\",\"position\":1,\"name\":\"Home\",\"item\":\"https:\/\/legitgrams.com\/\"},{\"@type\":\"ListItem\",\"position\":2,\"name\":\"Shop\",\"item\":\"https:\/\/legitgrams.com\/shop\/\"},{\"@type\":\"ListItem\",\"position\":3,\"name\":\"5f-AKB\"}]},{\"@type\":\"WebSite\",\"@id\":\"https:\/\/legitgrams.com\/#website\",\"url\":\"https:\/\/legitgrams.com\/\",\"name\":\"Legit Grams\",\"description\":\"My WordPress Blog\",\"publisher\":{\"@id\":\"https:\/\/legitgrams.com\/#organization\"},\"potentialAction\":[{\"@type\":\"SearchAction\",\"target\":{\"@type\":\"EntryPoint\",\"urlTemplate\":\"https:\/\/legitgrams.com\/?s={search_term_string}\"},\"query-input\":{\"@type\":\"PropertyValueSpecification\",\"valueRequired\":true,\"valueName\":\"search_term_string\"}}],\"inLanguage\":\"hu\"},{\"@type\":\"Organization\",\"@id\":\"https:\/\/legitgrams.com\/#organization\",\"name\":\"Legit Grams\",\"url\":\"https:\/\/legitgrams.com\/\",\"logo\":{\"@type\":\"ImageObject\",\"inLanguage\":\"hu\",\"@id\":\"https:\/\/legitgrams.com\/#\/schema\/logo\/image\/\",\"url\":\"https:\/\/legitgrams.com\/wp-content\/uploads\/2024\/09\/main-logo.png\",\"contentUrl\":\"https:\/\/legitgrams.com\/wp-content\/uploads\/2024\/09\/main-logo.png\",\"width\":270,\"height\":75,\"caption\":\"Legit Grams\"},\"image\":{\"@id\":\"https:\/\/legitgrams.com\/#\/schema\/logo\/image\/\"}}]}<\/script>\n<!-- \/ Yoast SEO plugin. -->","yoast_head_json":{"title":"5F-AKB por elad\u00f3 - V\u00e1s\u00e1roljon 5F-AKB-t online @ Olcs\u00f3 \u00e1r","description":"Ez a legjobb id\u0151, hogy megl\u00e1togassa online \u00e1ruh\u00e1zunkat, \u00e9s v\u00e1s\u00e1roljon 5F-AKB port online. Van kiv\u00e1l\u00f3 min\u0151s\u00e9g\u0171 5F-AKB elad\u00f3 itt a legmegfizethet\u0151bb \u00e1ron. Adja le rendel\u00e9s\u00e9t m\u00e9g ma!","robots":{"index":"index","follow":"follow","max-snippet":"max-snippet:-1","max-image-preview":"max-image-preview:large","max-video-preview":"max-video-preview:-1"},"canonical":"https:\/\/legitgrams.com\/hu\/termek\/5f-akb\/","og_locale":"hu_HU","og_type":"article","og_title":"5F-AKB Powder for Sale - Buy 5F-AKB Online @ Cheap Price","og_description":"It is the best time to visit our online store and buy 5F-AKB powder online. We have high-quality 5F-AKB for sale here at most affordable price. Place Your Order Today!","og_url":"https:\/\/legitgrams.com\/hu\/termek\/5f-akb\/","og_site_name":"Legit Grams","article_modified_time":"2025-01-11T11:43:35+00:00","og_image":[{"width":600,"height":600,"url":"https:\/\/legitgrams.com\/wp-content\/uploads\/2024\/08\/5f-AEB.gif","type":"image\/gif"}],"twitter_card":"summary_large_image","twitter_misc":{"Becs\u00fclt olvas\u00e1si id\u0151":"2 perc"},"schema":{"@context":"https:\/\/schema.org","@graph":[{"@type":"WebPage","@id":"https:\/\/legitgrams.com\/product\/5f-akb\/","url":"https:\/\/legitgrams.com\/product\/5f-akb\/","name":"5F-AKB por elad\u00f3 - V\u00e1s\u00e1roljon 5F-AKB-t online @ Olcs\u00f3 \u00e1r","isPartOf":{"@id":"https:\/\/legitgrams.com\/#website"},"primaryImageOfPage":{"@id":"https:\/\/legitgrams.com\/product\/5f-akb\/#primaryimage"},"image":{"@id":"https:\/\/legitgrams.com\/product\/5f-akb\/#primaryimage"},"thumbnailUrl":"https:\/\/legitgrams.com\/wp-content\/uploads\/2024\/08\/5f-AEB.gif","datePublished":"2024-08-03T05:38:35+00:00","dateModified":"2025-01-11T11:43:35+00:00","description":"Ez a legjobb id\u0151, hogy megl\u00e1togassa online \u00e1ruh\u00e1zunkat, \u00e9s v\u00e1s\u00e1roljon 5F-AKB port online. Van kiv\u00e1l\u00f3 min\u0151s\u00e9g\u0171 5F-AKB elad\u00f3 itt a legmegfizethet\u0151bb \u00e1ron. Adja le rendel\u00e9s\u00e9t m\u00e9g ma!","breadcrumb":{"@id":"https:\/\/legitgrams.com\/product\/5f-akb\/#breadcrumb"},"inLanguage":"hu","potentialAction":[{"@type":"ReadAction","target":["https:\/\/legitgrams.com\/product\/5f-akb\/"]}]},{"@type":"ImageObject","inLanguage":"hu","@id":"https:\/\/legitgrams.com\/product\/5f-akb\/#primaryimage","url":"https:\/\/legitgrams.com\/wp-content\/uploads\/2024\/08\/5f-AEB.gif","contentUrl":"https:\/\/legitgrams.com\/wp-content\/uploads\/2024\/08\/5f-AEB.gif","width":600,"height":600,"caption":"5F-AKB Powder for Sale"},{"@type":"BreadcrumbList","@id":"https:\/\/legitgrams.com\/product\/5f-akb\/#breadcrumb","itemListElement":[{"@type":"ListItem","position":1,"name":"Home","item":"https:\/\/legitgrams.com\/"},{"@type":"ListItem","position":2,"name":"Shop","item":"https:\/\/legitgrams.com\/shop\/"},{"@type":"ListItem","position":3,"name":"5f-AKB"}]},{"@type":"WebSite","@id":"https:\/\/legitgrams.com\/#website","url":"https:\/\/legitgrams.com\/","name":"Legit Grams","description":"Az \u00e9n WordPress blogom","publisher":{"@id":"https:\/\/legitgrams.com\/#organization"},"potentialAction":[{"@type":"SearchAction","target":{"@type":"EntryPoint","urlTemplate":"https:\/\/legitgrams.com\/?s={search_term_string}"},"query-input":{"@type":"PropertyValueSpecification","valueRequired":true,"valueName":"search_term_string"}}],"inLanguage":"hu"},{"@type":"Organization","@id":"https:\/\/legitgrams.com\/#organization","name":"Legit Grams","url":"https:\/\/legitgrams.com\/","logo":{"@type":"ImageObject","inLanguage":"hu","@id":"https:\/\/legitgrams.com\/#\/schema\/logo\/image\/","url":"https:\/\/legitgrams.com\/wp-content\/uploads\/2024\/09\/main-logo.png","contentUrl":"https:\/\/legitgrams.com\/wp-content\/uploads\/2024\/09\/main-logo.png","width":270,"height":75,"caption":"Legit Grams"},"image":{"@id":"https:\/\/legitgrams.com\/#\/schema\/logo\/image\/"}}]}},"uagb_featured_image_src":{"full":["https:\/\/legitgrams.com\/wp-content\/uploads\/2024\/08\/5f-AEB.gif",600,600,false],"thumbnail":["https:\/\/legitgrams.com\/wp-content\/uploads\/2024\/08\/5f-AEB-150x150.gif",150,150,true],"medium":["https:\/\/legitgrams.com\/wp-content\/uploads\/2024\/08\/5f-AEB-300x300.gif",300,300,true],"medium_large":["https:\/\/legitgrams.com\/wp-content\/uploads\/2024\/08\/5f-AEB.gif",600,600,false],"large":["https:\/\/legitgrams.com\/wp-content\/uploads\/2024\/08\/5f-AEB.gif",600,600,false],"1536x1536":["https:\/\/legitgrams.com\/wp-content\/uploads\/2024\/08\/5f-AEB.gif",600,600,false],"2048x2048":["https:\/\/legitgrams.com\/wp-content\/uploads\/2024\/08\/5f-AEB.gif",600,600,false],"trp-custom-language-flag":["https:\/\/legitgrams.com\/wp-content\/uploads\/2024\/08\/5f-AEB-12x12.gif",12,12,true],"woocommerce_thumbnail":["https:\/\/legitgrams.com\/wp-content\/uploads\/2024\/08\/5f-AEB-300x300.gif",300,300,true],"woocommerce_single":["https:\/\/legitgrams.com\/wp-content\/uploads\/2024\/08\/5f-AEB.gif",600,600,false],"woocommerce_gallery_thumbnail":["https:\/\/legitgrams.com\/wp-content\/uploads\/2024\/08\/5f-AEB-100x100.gif",100,100,true]},"uagb_author_info":{"display_name":"cokeblog18","author_link":"https:\/\/legitgrams.com\/hu\/author\/"},"uagb_comment_info":0,"uagb_excerpt":"Sale of 5F-AKB Powder Buy 5F-AKB48 online. This potent strain of AKB-48 interacts with cannabinoid receptors and is a key ingredient in many synthetic cannabis mixtures. Because it contains a substituted indazole group, 5F-AKB48, sometimes referred to as N-(adamantan-1-yl)-1-(5-fluoropentyl)-1H-indazole-3-carboxamide, is a synthetic indazole cannabinoid. Similar to 5F-PB-22, this indazole residue is converted to a fluoropentyl&hellip;","_links":{"self":[{"href":"https:\/\/legitgrams.com\/hu\/wp-json\/wp\/v2\/product\/3282","targetHints":{"allow":["GET"]}}],"collection":[{"href":"https:\/\/legitgrams.com\/hu\/wp-json\/wp\/v2\/product"}],"about":[{"href":"https:\/\/legitgrams.com\/hu\/wp-json\/wp\/v2\/types\/product"}],"replies":[{"embeddable":true,"href":"https:\/\/legitgrams.com\/hu\/wp-json\/wp\/v2\/comments?post=3282"}],"wp:featuredmedia":[{"embeddable":true,"href":"https:\/\/legitgrams.com\/hu\/wp-json\/wp\/v2\/media\/3291"}],"wp:attachment":[{"href":"https:\/\/legitgrams.com\/hu\/wp-json\/wp\/v2\/media?parent=3282"}],"wp:term":[{"taxonomy":"product_brand","embeddable":true,"href":"https:\/\/legitgrams.com\/hu\/wp-json\/wp\/v2\/product_brand?post=3282"},{"taxonomy":"product_cat","embeddable":true,"href":"https:\/\/legitgrams.com\/hu\/wp-json\/wp\/v2\/product_cat?post=3282"},{"taxonomy":"product_tag","embeddable":true,"href":"https:\/\/legitgrams.com\/hu\/wp-json\/wp\/v2\/product_tag?post=3282"}],"curies":[{"name":"wp","href":"https:\/\/api.w.org\/{rel}","templated":true}]}}