{"id":3284,"date":"2024-08-03T05:40:29","date_gmt":"2024-08-03T05:40:29","guid":{"rendered":"https:\/\/cokebricks.com\/?post_type=product&#038;p=3284"},"modified":"2025-01-15T05:46:44","modified_gmt":"2025-01-15T05:46:44","slug":"thpvp","status":"publish","type":"product","link":"https:\/\/legitgrams.com\/hu\/termek\/thpvp\/","title":{"rendered":"THPHP"},"content":{"rendered":"<h2>TH-PHP megv\u00e1s\u00e1rl\u00e1sa az interneten kereszt\u00fcl<\/h2>\n<p><a href=\"https:\/\/legitgrams.com\/hu\/termek\/thpvp\/\">TH-PHP megv\u00e1s\u00e1rl\u00e1sa<\/a> az interneten kereszt\u00fcl: Mivel a th-PHP farmakol\u00f3gi\u00e1j\u00e1ra, toxikol\u00f3giai hat\u00e1saira \u00e9s biok\u00e9miai hat\u00e1s\u00e1ra vonatkoz\u00f3 pontos inform\u00e1ci\u00f3k nem \u00e1llnak rendelkez\u00e9sre, fogyaszt\u00e1sa k\u00e1ros lehet az emberekre. A vizsg\u00e1lt szintetikus vegyi anyagokat csak t\u00f6rv\u00e9nyes \u00e9s tudom\u00e1nyos c\u00e9lokra lehet felhaszn\u00e1lni. A th-PHP-t nemr\u00e9giben haszn\u00e1l\u00f3 \u00fcgyfelek izgalmas \u00e9s t\u00fal\u00e1rad\u00f3 tapasztalatokat osztottak meg. Az \u00fcgyfelek elismert\u00e9k az energia \u00e9s az izgatotts\u00e1g n\u00f6veked\u00e9s\u00e9t. Nagyon kellemesnek \u00e9s kiv\u00e1l\u00f3 eg\u00e9szs\u00e9gnek bizonyultak. A Th-PHP egy\u00e9b hat\u00e1sai k\u00f6z\u00e9 tartozik a cseveg\u00e9s, a fokozott izzad\u00e1s, valamint a jobb l\u00e1tom\u00e1sok \u00e9s a ment\u00e1lis utaz\u00e1sok lehet\u0151s\u00e9ge. <a href=\"https:\/\/legitgrams.com\/hu\/\">LegitGrams<\/a><\/p>\n<p>V\u00e1s\u00e1rl\u00e1s <a href=\"https:\/\/en.wikipedia.org\/wiki\/PHP\">TH-PHP<\/a> kedvez\u0151 \u00e1ron a RESEARCH CHEMS-t\u0151l. A legnagyobb kutat\u00e1si vegyszereket biztos\u00edtjuk \u00e9s sz\u00e1ll\u00edtjuk a vil\u00e1g minden t\u00e1j\u00e1ra. \u00dcgyfeleink mag\u00e1n\u00e9let\u00e9nek \u00e9s biztons\u00e1g\u00e1nak v\u00e9delme \u00e9rdek\u00e9ben minden term\u00e9ket gondosan csomagolunk \u00e9s diszkr\u00e9ten sz\u00e1ll\u00edtunk. Sz\u00e1mos biztons\u00e1gos fizet\u00e9si m\u00f3dot \u00e9s kedvezm\u00e9nyt vesz\u00fcnk ig\u00e9nybe a nagy mennyis\u00e9g\u0171 v\u00e1s\u00e1rl\u00e1s eset\u00e9n.<\/p>\n<p>&nbsp;<\/p>","protected":false},"excerpt":{"rendered":"<p>Purchase TH-PHP via the internet Purchase TH-PHP via the internet: Since accurate information regarding the pharmacology, toxicological effects, and biochemical action of th-PHP is not readily available, consuming it could be harmful to humans. Only lawful and scientific uses are intended for study synthetic chemicals. Customers who have recently used th-PHP have shared exciting and &hellip;<\/p>\n<p class=\"read-more\"> <a class=\"\" href=\"https:\/\/legitgrams.com\/hu\/termek\/thpvp\/\"> <span class=\"screen-reader-text\">THPHP<\/span> Olvass tov\u00e1bb \"<\/a><\/p>","protected":false},"featured_media":3299,"comment_status":"open","ping_status":"closed","template":"","meta":{"_uag_custom_page_level_css":"","site-sidebar-layout":"default","site-content-layout":"default","ast-global-header-display":"","ast-main-header-display":"","ast-hfb-above-header-display":"","ast-hfb-below-header-display":"","ast-hfb-mobile-header-display":"","site-post-title":"","ast-breadcrumbs-content":"","ast-featured-img":"","footer-sml-layout":"","theme-transparent-header-meta":"default","adv-header-id-meta":"","stick-header-meta":"default","header-above-stick-meta":"","header-main-stick-meta":"","header-below-stick-meta":"","_joinchat":[]},"product_brand":[],"product_cat":[190],"product_tag":[377,378,379,380,369,370,371,372,373,374,375,376],"class_list":{"0":"post-3284","1":"product","2":"type-product","3":"status-publish","4":"has-post-thumbnail","6":"product_cat-cannabinoids","7":"product_tag-thphp-cannabinoids","8":"product_tag-thphp-cannabinoids-for-sale","9":"product_tag-thphp-cannabinoids-reddit","10":"product_tag-thphp-chemical","11":"product_tag-thphp-powder-australia","12":"product_tag-thphp-powder-canada","13":"product_tag-thphp-powder-greece","14":"product_tag-thphp-powder-kuwait","15":"product_tag-thphp-powder-review","16":"product_tag-thphp-powder-spain","17":"product_tag-thphp-powder-uk","18":"product_tag-thphp-powder-usa","19":"desktop-align-left","20":"tablet-align-left","21":"mobile-align-left","22":"ast-product-gallery-layout-horizontal","23":"ast-product-gallery-with-no-image","24":"ast-product-single-variable","25":"ast-product-tabs-layout-horizontal","26":"ast-qv-on-image","28":"first","29":"instock","30":"shipping-taxable","31":"purchasable","32":"product-type-variable"},"yoast_head":"<!-- This site is optimized with the Yoast SEO plugin v25.9 - https:\/\/yoast.com\/wordpress\/plugins\/seo\/ -->\n<title>THPHP for Sale - Buy THPHP Powder Online with Fastest Shipping<\/title>\n<meta name=\"description\" content=\"Find premium thphp powder for sale at our online store, providing a secure platform to buy thphp online with ease, catering to your research needs. Hurry! Limited-time discount on thphp. Shop before it\u2019s gone.\" \/>\n<meta name=\"robots\" content=\"index, follow, max-snippet:-1, max-image-preview:large, max-video-preview:-1\" \/>\n<link rel=\"canonical\" href=\"https:\/\/legitgrams.com\/hu\/termek\/thpvp\/\" \/>\n<meta property=\"og:locale\" content=\"hu_HU\" \/>\n<meta property=\"og:type\" content=\"article\" \/>\n<meta property=\"og:title\" content=\"THPHP for Sale - Buy THPHP Powder Online with Fastest Shipping\" \/>\n<meta property=\"og:description\" content=\"Find premium thphp powder for sale at our online store, providing a secure platform to buy thphp online with ease, catering to your research needs. Hurry! Limited-time discount on thphp. Shop before it\u2019s gone.\" \/>\n<meta property=\"og:url\" content=\"https:\/\/legitgrams.com\/hu\/termek\/thpvp\/\" \/>\n<meta property=\"og:site_name\" content=\"Legit Grams\" \/>\n<meta property=\"article:modified_time\" content=\"2025-01-15T05:46:44+00:00\" \/>\n<meta property=\"og:image\" content=\"https:\/\/legitgrams.com\/wp-content\/uploads\/2024\/08\/Thpvp.gif\" \/>\n\t<meta property=\"og:image:width\" content=\"600\" \/>\n\t<meta property=\"og:image:height\" content=\"600\" \/>\n\t<meta property=\"og:image:type\" content=\"image\/gif\" \/>\n<meta name=\"twitter:card\" content=\"summary_large_image\" \/>\n<meta name=\"twitter:label1\" content=\"Becs\u00fclt olvas\u00e1si id\u0151\" \/>\n\t<meta name=\"twitter:data1\" content=\"1 perc\" \/>\n<script type=\"application\/ld+json\" class=\"yoast-schema-graph\">{\"@context\":\"https:\/\/schema.org\",\"@graph\":[{\"@type\":\"WebPage\",\"@id\":\"https:\/\/legitgrams.com\/product\/thpvp\/\",\"url\":\"https:\/\/legitgrams.com\/product\/thpvp\/\",\"name\":\"THPHP for Sale - Buy THPHP Powder Online with Fastest Shipping\",\"isPartOf\":{\"@id\":\"https:\/\/legitgrams.com\/#website\"},\"primaryImageOfPage\":{\"@id\":\"https:\/\/legitgrams.com\/product\/thpvp\/#primaryimage\"},\"image\":{\"@id\":\"https:\/\/legitgrams.com\/product\/thpvp\/#primaryimage\"},\"thumbnailUrl\":\"https:\/\/legitgrams.com\/wp-content\/uploads\/2024\/08\/Thpvp.gif\",\"datePublished\":\"2024-08-03T05:40:29+00:00\",\"dateModified\":\"2025-01-15T05:46:44+00:00\",\"description\":\"Find premium thphp powder for sale at our online store, providing a secure platform to buy thphp online with ease, catering to your research needs. Hurry! Limited-time discount on thphp. Shop before it\u2019s gone.\",\"breadcrumb\":{\"@id\":\"https:\/\/legitgrams.com\/product\/thpvp\/#breadcrumb\"},\"inLanguage\":\"hu\",\"potentialAction\":[{\"@type\":\"ReadAction\",\"target\":[\"https:\/\/legitgrams.com\/product\/thpvp\/\"]}]},{\"@type\":\"ImageObject\",\"inLanguage\":\"hu\",\"@id\":\"https:\/\/legitgrams.com\/product\/thpvp\/#primaryimage\",\"url\":\"https:\/\/legitgrams.com\/wp-content\/uploads\/2024\/08\/Thpvp.gif\",\"contentUrl\":\"https:\/\/legitgrams.com\/wp-content\/uploads\/2024\/08\/Thpvp.gif\",\"width\":600,\"height\":600,\"caption\":\"THPHP for Sale\"},{\"@type\":\"BreadcrumbList\",\"@id\":\"https:\/\/legitgrams.com\/product\/thpvp\/#breadcrumb\",\"itemListElement\":[{\"@type\":\"ListItem\",\"position\":1,\"name\":\"Home\",\"item\":\"https:\/\/legitgrams.com\/\"},{\"@type\":\"ListItem\",\"position\":2,\"name\":\"Shop\",\"item\":\"https:\/\/legitgrams.com\/shop\/\"},{\"@type\":\"ListItem\",\"position\":3,\"name\":\"THPHP\"}]},{\"@type\":\"WebSite\",\"@id\":\"https:\/\/legitgrams.com\/#website\",\"url\":\"https:\/\/legitgrams.com\/\",\"name\":\"Legit Grams\",\"description\":\"My WordPress Blog\",\"publisher\":{\"@id\":\"https:\/\/legitgrams.com\/#organization\"},\"potentialAction\":[{\"@type\":\"SearchAction\",\"target\":{\"@type\":\"EntryPoint\",\"urlTemplate\":\"https:\/\/legitgrams.com\/?s={search_term_string}\"},\"query-input\":{\"@type\":\"PropertyValueSpecification\",\"valueRequired\":true,\"valueName\":\"search_term_string\"}}],\"inLanguage\":\"hu\"},{\"@type\":\"Organization\",\"@id\":\"https:\/\/legitgrams.com\/#organization\",\"name\":\"Legit Grams\",\"url\":\"https:\/\/legitgrams.com\/\",\"logo\":{\"@type\":\"ImageObject\",\"inLanguage\":\"hu\",\"@id\":\"https:\/\/legitgrams.com\/#\/schema\/logo\/image\/\",\"url\":\"https:\/\/legitgrams.com\/wp-content\/uploads\/2024\/09\/main-logo.png\",\"contentUrl\":\"https:\/\/legitgrams.com\/wp-content\/uploads\/2024\/09\/main-logo.png\",\"width\":270,\"height\":75,\"caption\":\"Legit Grams\"},\"image\":{\"@id\":\"https:\/\/legitgrams.com\/#\/schema\/logo\/image\/\"}}]}<\/script>\n<!-- \/ Yoast SEO plugin. -->","yoast_head_json":{"title":"THPHP elad\u00f3 - V\u00e1s\u00e1roljon THPHP port online a leggyorsabb sz\u00e1ll\u00edt\u00e1ssal","description":"Keresse meg a pr\u00e9mium thphp por elad\u00f3 az online \u00e1ruh\u00e1zunkban, amely biztons\u00e1gos platformot biztos\u00edt a thphp online v\u00e1s\u00e1rl\u00e1s\u00e1hoz k\u00f6nnyed\u00e9n, a kutat\u00e1si ig\u00e9nyeinek kiel\u00e9g\u00edt\u00e9s\u00e9re. Siess! Korl\u00e1tozott idej\u0171 kedvezm\u00e9ny a thphp-re. V\u00e1s\u00e1roljon, miel\u0151tt elfogyna.","robots":{"index":"index","follow":"follow","max-snippet":"max-snippet:-1","max-image-preview":"max-image-preview:large","max-video-preview":"max-video-preview:-1"},"canonical":"https:\/\/legitgrams.com\/hu\/termek\/thpvp\/","og_locale":"hu_HU","og_type":"article","og_title":"THPHP for Sale - Buy THPHP Powder Online with Fastest Shipping","og_description":"Find premium thphp powder for sale at our online store, providing a secure platform to buy thphp online with ease, catering to your research needs. Hurry! Limited-time discount on thphp. Shop before it\u2019s gone.","og_url":"https:\/\/legitgrams.com\/hu\/termek\/thpvp\/","og_site_name":"Legit Grams","article_modified_time":"2025-01-15T05:46:44+00:00","og_image":[{"width":600,"height":600,"url":"https:\/\/legitgrams.com\/wp-content\/uploads\/2024\/08\/Thpvp.gif","type":"image\/gif"}],"twitter_card":"summary_large_image","twitter_misc":{"Becs\u00fclt olvas\u00e1si id\u0151":"1 perc"},"schema":{"@context":"https:\/\/schema.org","@graph":[{"@type":"WebPage","@id":"https:\/\/legitgrams.com\/product\/thpvp\/","url":"https:\/\/legitgrams.com\/product\/thpvp\/","name":"THPHP elad\u00f3 - V\u00e1s\u00e1roljon THPHP port online a leggyorsabb sz\u00e1ll\u00edt\u00e1ssal","isPartOf":{"@id":"https:\/\/legitgrams.com\/#website"},"primaryImageOfPage":{"@id":"https:\/\/legitgrams.com\/product\/thpvp\/#primaryimage"},"image":{"@id":"https:\/\/legitgrams.com\/product\/thpvp\/#primaryimage"},"thumbnailUrl":"https:\/\/legitgrams.com\/wp-content\/uploads\/2024\/08\/Thpvp.gif","datePublished":"2024-08-03T05:40:29+00:00","dateModified":"2025-01-15T05:46:44+00:00","description":"Keresse meg a pr\u00e9mium thphp por elad\u00f3 az online \u00e1ruh\u00e1zunkban, amely biztons\u00e1gos platformot biztos\u00edt a thphp online v\u00e1s\u00e1rl\u00e1s\u00e1hoz k\u00f6nnyed\u00e9n, a kutat\u00e1si ig\u00e9nyeinek kiel\u00e9g\u00edt\u00e9s\u00e9re. Siess! Korl\u00e1tozott idej\u0171 kedvezm\u00e9ny a thphp-re. V\u00e1s\u00e1roljon, miel\u0151tt elfogyna.","breadcrumb":{"@id":"https:\/\/legitgrams.com\/product\/thpvp\/#breadcrumb"},"inLanguage":"hu","potentialAction":[{"@type":"ReadAction","target":["https:\/\/legitgrams.com\/product\/thpvp\/"]}]},{"@type":"ImageObject","inLanguage":"hu","@id":"https:\/\/legitgrams.com\/product\/thpvp\/#primaryimage","url":"https:\/\/legitgrams.com\/wp-content\/uploads\/2024\/08\/Thpvp.gif","contentUrl":"https:\/\/legitgrams.com\/wp-content\/uploads\/2024\/08\/Thpvp.gif","width":600,"height":600,"caption":"THPHP for Sale"},{"@type":"BreadcrumbList","@id":"https:\/\/legitgrams.com\/product\/thpvp\/#breadcrumb","itemListElement":[{"@type":"ListItem","position":1,"name":"Home","item":"https:\/\/legitgrams.com\/"},{"@type":"ListItem","position":2,"name":"Shop","item":"https:\/\/legitgrams.com\/shop\/"},{"@type":"ListItem","position":3,"name":"THPHP"}]},{"@type":"WebSite","@id":"https:\/\/legitgrams.com\/#website","url":"https:\/\/legitgrams.com\/","name":"Legit Grams","description":"Az \u00e9n WordPress blogom","publisher":{"@id":"https:\/\/legitgrams.com\/#organization"},"potentialAction":[{"@type":"SearchAction","target":{"@type":"EntryPoint","urlTemplate":"https:\/\/legitgrams.com\/?s={search_term_string}"},"query-input":{"@type":"PropertyValueSpecification","valueRequired":true,"valueName":"search_term_string"}}],"inLanguage":"hu"},{"@type":"Organization","@id":"https:\/\/legitgrams.com\/#organization","name":"Legit Grams","url":"https:\/\/legitgrams.com\/","logo":{"@type":"ImageObject","inLanguage":"hu","@id":"https:\/\/legitgrams.com\/#\/schema\/logo\/image\/","url":"https:\/\/legitgrams.com\/wp-content\/uploads\/2024\/09\/main-logo.png","contentUrl":"https:\/\/legitgrams.com\/wp-content\/uploads\/2024\/09\/main-logo.png","width":270,"height":75,"caption":"Legit Grams"},"image":{"@id":"https:\/\/legitgrams.com\/#\/schema\/logo\/image\/"}}]}},"uagb_featured_image_src":{"full":["https:\/\/legitgrams.com\/wp-content\/uploads\/2024\/08\/Thpvp.gif",600,600,false],"thumbnail":["https:\/\/legitgrams.com\/wp-content\/uploads\/2024\/08\/Thpvp-150x150.gif",150,150,true],"medium":["https:\/\/legitgrams.com\/wp-content\/uploads\/2024\/08\/Thpvp-300x300.gif",300,300,true],"medium_large":["https:\/\/legitgrams.com\/wp-content\/uploads\/2024\/08\/Thpvp.gif",600,600,false],"large":["https:\/\/legitgrams.com\/wp-content\/uploads\/2024\/08\/Thpvp.gif",600,600,false],"1536x1536":["https:\/\/legitgrams.com\/wp-content\/uploads\/2024\/08\/Thpvp.gif",600,600,false],"2048x2048":["https:\/\/legitgrams.com\/wp-content\/uploads\/2024\/08\/Thpvp.gif",600,600,false],"trp-custom-language-flag":["https:\/\/legitgrams.com\/wp-content\/uploads\/2024\/08\/Thpvp-12x12.gif",12,12,true],"woocommerce_thumbnail":["https:\/\/legitgrams.com\/wp-content\/uploads\/2024\/08\/Thpvp-300x300.gif",300,300,true],"woocommerce_single":["https:\/\/legitgrams.com\/wp-content\/uploads\/2024\/08\/Thpvp.gif",600,600,false],"woocommerce_gallery_thumbnail":["https:\/\/legitgrams.com\/wp-content\/uploads\/2024\/08\/Thpvp-100x100.gif",100,100,true]},"uagb_author_info":{"display_name":"cokeblog18","author_link":"https:\/\/legitgrams.com\/hu\/author\/"},"uagb_comment_info":0,"uagb_excerpt":"Purchase TH-PHP via the internet Purchase TH-PHP via the internet: Since accurate information regarding the pharmacology, toxicological effects, and biochemical action of th-PHP is not readily available, consuming it could be harmful to humans. Only lawful and scientific uses are intended for study synthetic chemicals. Customers who have recently used th-PHP have shared exciting and&hellip;","_links":{"self":[{"href":"https:\/\/legitgrams.com\/hu\/wp-json\/wp\/v2\/product\/3284","targetHints":{"allow":["GET"]}}],"collection":[{"href":"https:\/\/legitgrams.com\/hu\/wp-json\/wp\/v2\/product"}],"about":[{"href":"https:\/\/legitgrams.com\/hu\/wp-json\/wp\/v2\/types\/product"}],"replies":[{"embeddable":true,"href":"https:\/\/legitgrams.com\/hu\/wp-json\/wp\/v2\/comments?post=3284"}],"wp:featuredmedia":[{"embeddable":true,"href":"https:\/\/legitgrams.com\/hu\/wp-json\/wp\/v2\/media\/3299"}],"wp:attachment":[{"href":"https:\/\/legitgrams.com\/hu\/wp-json\/wp\/v2\/media?parent=3284"}],"wp:term":[{"taxonomy":"product_brand","embeddable":true,"href":"https:\/\/legitgrams.com\/hu\/wp-json\/wp\/v2\/product_brand?post=3284"},{"taxonomy":"product_cat","embeddable":true,"href":"https:\/\/legitgrams.com\/hu\/wp-json\/wp\/v2\/product_cat?post=3284"},{"taxonomy":"product_tag","embeddable":true,"href":"https:\/\/legitgrams.com\/hu\/wp-json\/wp\/v2\/product_tag?post=3284"}],"curies":[{"name":"wp","href":"https:\/\/api.w.org\/{rel}","templated":true}]}}