{"id":3286,"date":"2024-08-03T05:38:55","date_gmt":"2024-08-03T05:38:55","guid":{"rendered":"https:\/\/cokebricks.com\/?post_type=product&#038;p=3286"},"modified":"2025-01-14T06:00:18","modified_gmt":"2025-01-14T06:00:18","slug":"hex","status":"publish","type":"product","link":"https:\/\/legitgrams.com\/hu\/termek\/hex\/","title":{"rendered":"Hex"},"content":{"rendered":"<h2>HEX (N-Etilhexedron) online v\u00e1s\u00e1rl\u00e1sa<\/h2>\n<p>V\u00e1s\u00e1rolja meg, az N-etil-hexedron, m\u00e1s n\u00e9ven \u03b1-etilaminokapropenon, N-etilnorhexedron, hex\u00e9n \u00e9s NEH, egy stimul\u00e1ns gy\u00f3gyszer, amely a katinonok oszt\u00e1ly\u00e1ba tartozik, \u00e9s IC50 \u00e9rt\u00e9ke 0,0978 \u00e9s 0,0467 \u03bcM. NDRI-k\u00e9nt vagy noradrenalin-dopamin \u00fajrafelv\u00e9tel-g\u00e1tl\u00f3k\u00e9nt m\u0171k\u00f6dik. <a href=\"https:\/\/legitgrams.com\/hu\/termek\/hex\/\">N-etil-norhexedron<\/a> a Boehringer Ingelheim \u00e1ltal az 1960-as \u00e9vekben beny\u00fajtott t\u00f6bb szabadalomban is megeml\u00edtett\u00e9k, amelyek el\u0151seg\u00edtett\u00e9k a metil\u00e9ndioxipirovaleron (MDPV) ismertebb gy\u00f3gyszer\u00e9nek megalkot\u00e1s\u00e1t.<\/p>\n<p>Az N-Ethylhexedrone kiv\u00e1l\u00f3 min\u0151s\u00e9g\u0171 kutat\u00e1si vegyi anyagokat \u00e9rt\u00e9kes\u00edt online. Az N-etilhexedron (HEXEN, NEH) nagykereskedelmi \u00e1ron el\u00e9rhet\u0151 egy megb\u00edzhat\u00f3 besz\u00e1ll\u00edt\u00f3t\u00f3l <a href=\"https:\/\/legitgrams.com\/hu\/\">LegitGrams<\/a>.<\/p>\n<p><a href=\"https:\/\/en.wikipedia.org\/wiki\/Hex\">HEX<\/a>, vagy N-Etilnorhexedron, a katehinon csoportba tartoz\u00f3 stimul\u00e1ns. Mivel a gy\u00f3gyszert 2015-ben el\u0151sz\u00f6r forgalomba hozt\u00e1k, a felhaszn\u00e1l\u00f3i v\u00e9lem\u00e9nyek az egyetlen m\u00f3dja annak, hogy megismerj\u00e9k hat\u00e9konys\u00e1g\u00e1t.<\/p>\n<h3>V\u00e1s\u00e1roljon HEX-et online.<\/h3>\n<p>Az N-etil-hexedront, a katinonok oszt\u00e1ly\u00e1ba tartoz\u00f3 stimul\u00e1nsokat hex\u00e9nnek, N-etil-norhexedronnak, \u03b1-etilaminokapropenonnak \u00e9s NEH-nek is nevezik. A Boehringer Ingelheim az 1960-as \u00e9vekben sz\u00e1mos szabadalomban hivatkozott az N-etil-hexedronra, ami hozz\u00e1j\u00e1rult a jobban ismert metil\u00e9ndioxipirovaleron (MDPV) gy\u00f3gyszer kifejleszt\u00e9s\u00e9hez. Az N-etil-hexedront a 2010-es \u00e9vek k\u00f6zep\u00e9t\u0151l diz\u00e1jner drogk\u00e9nt k\u00edn\u00e1lt\u00e1k online elad\u00e1sra.<\/p>\n<p>Az N-etil-hexedron egy kutat\u00e1si molekula, amely HEX, NEH, a-etilaminokapropenon \u00e9s N-etil-norhexedron n\u00e9ven is ismert.<\/p>\n<p>a katinonok kateg\u00f3ri\u00e1j\u00e1ba tartozik.<\/p>\n<h3>V\u00e1s\u00e1roljon HEX-et online.<\/h3>\n<p>Felt\u00e9telezhet\u0151, hogy aktiv\u00e1l\u00f3d\u00e1sa a HEX (N-etil-hexedron; NEH) NDRI (norepinefrin-dopamin \u00fajrafelv\u00e9tel-g\u00e1tl\u00f3) hajlam\u00e1nak k\u00f6sz\u00f6nhet\u0151. a hexedronhoz hasonl\u00edthat\u00f3 abban, hogy a nitrog\u00e9ntartalm\u00fa sz\u00e9nl\u00e1ncon tov\u00e1bbi etilcsoport van. Azt<\/p>","protected":false},"excerpt":{"rendered":"<p>Online purchase of HEX (N-Ethylhexedrone) Buy, N-ethylhexedrone, also known as \u03b1-ethylaminocaprophenone, N-ethylnorhexedrone, hexene, and NEH, is a stimulant drug that belongs to the cathinone class and has IC50 values of 0.0978 and 0.0467 \u03bcM, respectively. It works as an NDRI, or norepinephrine-dopamine reuptake inhibitor. N-ethylnorhexedrone was mentioned in several patents filed by Boehringer Ingelheim in &hellip;<\/p>\n<p class=\"read-more\"> <a class=\"\" href=\"https:\/\/legitgrams.com\/hu\/termek\/hex\/\"> <span class=\"screen-reader-text\">Hex<\/span> Olvass tov\u00e1bb \"<\/a><\/p>","protected":false},"featured_media":3295,"comment_status":"open","ping_status":"closed","template":"","meta":{"_uag_custom_page_level_css":"","site-sidebar-layout":"default","site-content-layout":"default","ast-global-header-display":"","ast-main-header-display":"","ast-hfb-above-header-display":"","ast-hfb-below-header-display":"","ast-hfb-mobile-header-display":"","site-post-title":"","ast-breadcrumbs-content":"","ast-featured-img":"","footer-sml-layout":"","theme-transparent-header-meta":"default","adv-header-id-meta":"","stick-header-meta":"default","header-above-stick-meta":"","header-main-stick-meta":"","header-below-stick-meta":"","_joinchat":[]},"product_brand":[],"product_cat":[190],"product_tag":[401,402,403,404,393,394,395,396,397,398,399,400],"class_list":{"0":"post-3286","1":"product","2":"type-product","3":"status-publish","4":"has-post-thumbnail","6":"product_cat-cannabinoids","7":"product_tag-hex-cannabinoids","8":"product_tag-hex-cannabinoids-for-sale","9":"product_tag-hex-cannabinoids-reddit","10":"product_tag-hex-chemical","11":"product_tag-hex-powder-australia","12":"product_tag-hex-powder-canada","13":"product_tag-hex-powder-greece","14":"product_tag-hex-powder-kuwait","15":"product_tag-hex-powder-review","16":"product_tag-hex-powder-spain","17":"product_tag-hex-powder-uk","18":"product_tag-hex-powder-usa","19":"desktop-align-left","20":"tablet-align-left","21":"mobile-align-left","22":"ast-product-gallery-layout-horizontal","23":"ast-product-gallery-with-no-image","24":"ast-product-single-variable","25":"ast-product-tabs-layout-horizontal","26":"ast-qv-on-image","28":"first","29":"instock","30":"shipping-taxable","31":"purchasable","32":"product-type-variable"},"yoast_head":"<!-- This site is optimized with the Yoast SEO plugin v25.9 - https:\/\/yoast.com\/wordpress\/plugins\/seo\/ -->\n<title>Hex for Sale Online - Order Hex Powder - Buy Hex Online | LG<\/title>\n<meta name=\"description\" content=\"Here is the chance to grab Hex Powder for sale at cheap prices. Our online Legitgrams store is selling Hex Powder worldwide. Order to buy Hex Powder online soon!\" \/>\n<meta name=\"robots\" content=\"index, follow, max-snippet:-1, max-image-preview:large, max-video-preview:-1\" \/>\n<link rel=\"canonical\" href=\"https:\/\/legitgrams.com\/hu\/termek\/hex\/\" \/>\n<meta property=\"og:locale\" content=\"hu_HU\" \/>\n<meta property=\"og:type\" content=\"article\" \/>\n<meta property=\"og:title\" content=\"Hex for Sale Online - Order Hex Powder - Buy Hex Online | LG\" \/>\n<meta property=\"og:description\" content=\"Here is the chance to grab Hex Powder for sale at cheap prices. Our online Legitgrams store is selling Hex Powder worldwide. Order to buy Hex Powder online soon!\" \/>\n<meta property=\"og:url\" content=\"https:\/\/legitgrams.com\/hu\/termek\/hex\/\" \/>\n<meta property=\"og:site_name\" content=\"Legit Grams\" \/>\n<meta property=\"article:modified_time\" content=\"2025-01-14T06:00:18+00:00\" \/>\n<meta property=\"og:image\" content=\"https:\/\/legitgrams.com\/wp-content\/uploads\/2024\/08\/Hex.gif\" \/>\n\t<meta property=\"og:image:width\" content=\"600\" \/>\n\t<meta property=\"og:image:height\" content=\"600\" \/>\n\t<meta property=\"og:image:type\" content=\"image\/gif\" \/>\n<meta name=\"twitter:card\" content=\"summary_large_image\" \/>\n<meta name=\"twitter:label1\" content=\"Becs\u00fclt olvas\u00e1si id\u0151\" \/>\n\t<meta name=\"twitter:data1\" content=\"2 perc\" \/>\n<script type=\"application\/ld+json\" class=\"yoast-schema-graph\">{\"@context\":\"https:\/\/schema.org\",\"@graph\":[{\"@type\":\"WebPage\",\"@id\":\"https:\/\/legitgrams.com\/product\/hex\/\",\"url\":\"https:\/\/legitgrams.com\/product\/hex\/\",\"name\":\"Hex for Sale Online - Order Hex Powder - Buy Hex Online | LG\",\"isPartOf\":{\"@id\":\"https:\/\/legitgrams.com\/#website\"},\"primaryImageOfPage\":{\"@id\":\"https:\/\/legitgrams.com\/product\/hex\/#primaryimage\"},\"image\":{\"@id\":\"https:\/\/legitgrams.com\/product\/hex\/#primaryimage\"},\"thumbnailUrl\":\"https:\/\/legitgrams.com\/wp-content\/uploads\/2024\/08\/Hex.gif\",\"datePublished\":\"2024-08-03T05:38:55+00:00\",\"dateModified\":\"2025-01-14T06:00:18+00:00\",\"description\":\"Here is the chance to grab Hex Powder for sale at cheap prices. Our online Legitgrams store is selling Hex Powder worldwide. Order to buy Hex Powder online soon!\",\"breadcrumb\":{\"@id\":\"https:\/\/legitgrams.com\/product\/hex\/#breadcrumb\"},\"inLanguage\":\"hu\",\"potentialAction\":[{\"@type\":\"ReadAction\",\"target\":[\"https:\/\/legitgrams.com\/product\/hex\/\"]}]},{\"@type\":\"ImageObject\",\"inLanguage\":\"hu\",\"@id\":\"https:\/\/legitgrams.com\/product\/hex\/#primaryimage\",\"url\":\"https:\/\/legitgrams.com\/wp-content\/uploads\/2024\/08\/Hex.gif\",\"contentUrl\":\"https:\/\/legitgrams.com\/wp-content\/uploads\/2024\/08\/Hex.gif\",\"width\":600,\"height\":600,\"caption\":\"Hex for Sale Online\"},{\"@type\":\"BreadcrumbList\",\"@id\":\"https:\/\/legitgrams.com\/product\/hex\/#breadcrumb\",\"itemListElement\":[{\"@type\":\"ListItem\",\"position\":1,\"name\":\"Home\",\"item\":\"https:\/\/legitgrams.com\/\"},{\"@type\":\"ListItem\",\"position\":2,\"name\":\"Shop\",\"item\":\"https:\/\/legitgrams.com\/shop\/\"},{\"@type\":\"ListItem\",\"position\":3,\"name\":\"Hex\"}]},{\"@type\":\"WebSite\",\"@id\":\"https:\/\/legitgrams.com\/#website\",\"url\":\"https:\/\/legitgrams.com\/\",\"name\":\"Legit Grams\",\"description\":\"My WordPress Blog\",\"publisher\":{\"@id\":\"https:\/\/legitgrams.com\/#organization\"},\"potentialAction\":[{\"@type\":\"SearchAction\",\"target\":{\"@type\":\"EntryPoint\",\"urlTemplate\":\"https:\/\/legitgrams.com\/?s={search_term_string}\"},\"query-input\":{\"@type\":\"PropertyValueSpecification\",\"valueRequired\":true,\"valueName\":\"search_term_string\"}}],\"inLanguage\":\"hu\"},{\"@type\":\"Organization\",\"@id\":\"https:\/\/legitgrams.com\/#organization\",\"name\":\"Legit Grams\",\"url\":\"https:\/\/legitgrams.com\/\",\"logo\":{\"@type\":\"ImageObject\",\"inLanguage\":\"hu\",\"@id\":\"https:\/\/legitgrams.com\/#\/schema\/logo\/image\/\",\"url\":\"https:\/\/legitgrams.com\/wp-content\/uploads\/2024\/09\/main-logo.png\",\"contentUrl\":\"https:\/\/legitgrams.com\/wp-content\/uploads\/2024\/09\/main-logo.png\",\"width\":270,\"height\":75,\"caption\":\"Legit Grams\"},\"image\":{\"@id\":\"https:\/\/legitgrams.com\/#\/schema\/logo\/image\/\"}}]}<\/script>\n<!-- \/ Yoast SEO plugin. -->","yoast_head_json":{"title":"Hex elad\u00f3 online - Hex por rendel\u00e9se - Hex online v\u00e1s\u00e1rl\u00e1s | LG","description":"Itt a lehet\u0151s\u00e9g, hogy megragadjon Hex Powder elad\u00f3 olcs\u00f3 \u00e1ron. Az online Legitgrams \u00e1ruh\u00e1zunk Hex Powdert \u00e1rul vil\u00e1gszerte. Rendeljen, hogy v\u00e1s\u00e1rolni Hex Powder online hamarosan!","robots":{"index":"index","follow":"follow","max-snippet":"max-snippet:-1","max-image-preview":"max-image-preview:large","max-video-preview":"max-video-preview:-1"},"canonical":"https:\/\/legitgrams.com\/hu\/termek\/hex\/","og_locale":"hu_HU","og_type":"article","og_title":"Hex for Sale Online - Order Hex Powder - Buy Hex Online | LG","og_description":"Here is the chance to grab Hex Powder for sale at cheap prices. Our online Legitgrams store is selling Hex Powder worldwide. Order to buy Hex Powder online soon!","og_url":"https:\/\/legitgrams.com\/hu\/termek\/hex\/","og_site_name":"Legit Grams","article_modified_time":"2025-01-14T06:00:18+00:00","og_image":[{"width":600,"height":600,"url":"https:\/\/legitgrams.com\/wp-content\/uploads\/2024\/08\/Hex.gif","type":"image\/gif"}],"twitter_card":"summary_large_image","twitter_misc":{"Becs\u00fclt olvas\u00e1si id\u0151":"2 perc"},"schema":{"@context":"https:\/\/schema.org","@graph":[{"@type":"WebPage","@id":"https:\/\/legitgrams.com\/product\/hex\/","url":"https:\/\/legitgrams.com\/product\/hex\/","name":"Hex elad\u00f3 online - Hex por rendel\u00e9se - Hex online v\u00e1s\u00e1rl\u00e1s | LG","isPartOf":{"@id":"https:\/\/legitgrams.com\/#website"},"primaryImageOfPage":{"@id":"https:\/\/legitgrams.com\/product\/hex\/#primaryimage"},"image":{"@id":"https:\/\/legitgrams.com\/product\/hex\/#primaryimage"},"thumbnailUrl":"https:\/\/legitgrams.com\/wp-content\/uploads\/2024\/08\/Hex.gif","datePublished":"2024-08-03T05:38:55+00:00","dateModified":"2025-01-14T06:00:18+00:00","description":"Itt a lehet\u0151s\u00e9g, hogy megragadjon Hex Powder elad\u00f3 olcs\u00f3 \u00e1ron. Az online Legitgrams \u00e1ruh\u00e1zunk Hex Powdert \u00e1rul vil\u00e1gszerte. Rendeljen, hogy v\u00e1s\u00e1rolni Hex Powder online hamarosan!","breadcrumb":{"@id":"https:\/\/legitgrams.com\/product\/hex\/#breadcrumb"},"inLanguage":"hu","potentialAction":[{"@type":"ReadAction","target":["https:\/\/legitgrams.com\/product\/hex\/"]}]},{"@type":"ImageObject","inLanguage":"hu","@id":"https:\/\/legitgrams.com\/product\/hex\/#primaryimage","url":"https:\/\/legitgrams.com\/wp-content\/uploads\/2024\/08\/Hex.gif","contentUrl":"https:\/\/legitgrams.com\/wp-content\/uploads\/2024\/08\/Hex.gif","width":600,"height":600,"caption":"Hex for Sale Online"},{"@type":"BreadcrumbList","@id":"https:\/\/legitgrams.com\/product\/hex\/#breadcrumb","itemListElement":[{"@type":"ListItem","position":1,"name":"Home","item":"https:\/\/legitgrams.com\/"},{"@type":"ListItem","position":2,"name":"Shop","item":"https:\/\/legitgrams.com\/shop\/"},{"@type":"ListItem","position":3,"name":"Hex"}]},{"@type":"WebSite","@id":"https:\/\/legitgrams.com\/#website","url":"https:\/\/legitgrams.com\/","name":"Legit Grams","description":"Az \u00e9n WordPress blogom","publisher":{"@id":"https:\/\/legitgrams.com\/#organization"},"potentialAction":[{"@type":"SearchAction","target":{"@type":"EntryPoint","urlTemplate":"https:\/\/legitgrams.com\/?s={search_term_string}"},"query-input":{"@type":"PropertyValueSpecification","valueRequired":true,"valueName":"search_term_string"}}],"inLanguage":"hu"},{"@type":"Organization","@id":"https:\/\/legitgrams.com\/#organization","name":"Legit Grams","url":"https:\/\/legitgrams.com\/","logo":{"@type":"ImageObject","inLanguage":"hu","@id":"https:\/\/legitgrams.com\/#\/schema\/logo\/image\/","url":"https:\/\/legitgrams.com\/wp-content\/uploads\/2024\/09\/main-logo.png","contentUrl":"https:\/\/legitgrams.com\/wp-content\/uploads\/2024\/09\/main-logo.png","width":270,"height":75,"caption":"Legit Grams"},"image":{"@id":"https:\/\/legitgrams.com\/#\/schema\/logo\/image\/"}}]}},"uagb_featured_image_src":{"full":["https:\/\/legitgrams.com\/wp-content\/uploads\/2024\/08\/Hex.gif",600,600,false],"thumbnail":["https:\/\/legitgrams.com\/wp-content\/uploads\/2024\/08\/Hex-150x150.gif",150,150,true],"medium":["https:\/\/legitgrams.com\/wp-content\/uploads\/2024\/08\/Hex-300x300.gif",300,300,true],"medium_large":["https:\/\/legitgrams.com\/wp-content\/uploads\/2024\/08\/Hex.gif",600,600,false],"large":["https:\/\/legitgrams.com\/wp-content\/uploads\/2024\/08\/Hex.gif",600,600,false],"1536x1536":["https:\/\/legitgrams.com\/wp-content\/uploads\/2024\/08\/Hex.gif",600,600,false],"2048x2048":["https:\/\/legitgrams.com\/wp-content\/uploads\/2024\/08\/Hex.gif",600,600,false],"trp-custom-language-flag":["https:\/\/legitgrams.com\/wp-content\/uploads\/2024\/08\/Hex-12x12.gif",12,12,true],"woocommerce_thumbnail":["https:\/\/legitgrams.com\/wp-content\/uploads\/2024\/08\/Hex-300x300.gif",300,300,true],"woocommerce_single":["https:\/\/legitgrams.com\/wp-content\/uploads\/2024\/08\/Hex.gif",600,600,false],"woocommerce_gallery_thumbnail":["https:\/\/legitgrams.com\/wp-content\/uploads\/2024\/08\/Hex-100x100.gif",100,100,true]},"uagb_author_info":{"display_name":"cokeblog18","author_link":"https:\/\/legitgrams.com\/hu\/author\/"},"uagb_comment_info":0,"uagb_excerpt":"Online purchase of HEX (N-Ethylhexedrone) Buy, N-ethylhexedrone, also known as \u03b1-ethylaminocaprophenone, N-ethylnorhexedrone, hexene, and NEH, is a stimulant drug that belongs to the cathinone class and has IC50 values of 0.0978 and 0.0467 \u03bcM, respectively. It works as an NDRI, or norepinephrine-dopamine reuptake inhibitor. N-ethylnorhexedrone was mentioned in several patents filed by Boehringer Ingelheim in&hellip;","_links":{"self":[{"href":"https:\/\/legitgrams.com\/hu\/wp-json\/wp\/v2\/product\/3286","targetHints":{"allow":["GET"]}}],"collection":[{"href":"https:\/\/legitgrams.com\/hu\/wp-json\/wp\/v2\/product"}],"about":[{"href":"https:\/\/legitgrams.com\/hu\/wp-json\/wp\/v2\/types\/product"}],"replies":[{"embeddable":true,"href":"https:\/\/legitgrams.com\/hu\/wp-json\/wp\/v2\/comments?post=3286"}],"wp:featuredmedia":[{"embeddable":true,"href":"https:\/\/legitgrams.com\/hu\/wp-json\/wp\/v2\/media\/3295"}],"wp:attachment":[{"href":"https:\/\/legitgrams.com\/hu\/wp-json\/wp\/v2\/media?parent=3286"}],"wp:term":[{"taxonomy":"product_brand","embeddable":true,"href":"https:\/\/legitgrams.com\/hu\/wp-json\/wp\/v2\/product_brand?post=3286"},{"taxonomy":"product_cat","embeddable":true,"href":"https:\/\/legitgrams.com\/hu\/wp-json\/wp\/v2\/product_cat?post=3286"},{"taxonomy":"product_tag","embeddable":true,"href":"https:\/\/legitgrams.com\/hu\/wp-json\/wp\/v2\/product_tag?post=3286"}],"curies":[{"name":"wp","href":"https:\/\/api.w.org\/{rel}","templated":true}]}}