{"id":3287,"date":"2024-08-03T05:38:59","date_gmt":"2024-08-03T05:38:59","guid":{"rendered":"https:\/\/cokebricks.com\/?post_type=product&#038;p=3287"},"modified":"2025-03-08T06:12:03","modified_gmt":"2025-03-08T06:12:03","slug":"hep","status":"publish","type":"product","link":"https:\/\/legitgrams.com\/hu\/termek\/hep\/","title":{"rendered":"Hep Online v\u00e1s\u00e1rl\u00e1s"},"content":{"rendered":"<h2>HEP por online v\u00e1s\u00e1rl\u00e1sa<\/h2>\n<p><a href=\"https:\/\/www.bing.com\/search?q=Buy%20Hep%20Online&amp;qs=n&amp;form=QBRE&amp;sp=-1&amp;lq=0&amp;pq=buy%20hep%20online&amp;sc=12-14&amp;sk=&amp;cvid=809452217B9E468EA5AA2F607465B585&amp;ghsh=0&amp;ghacc=0&amp;ghpl=\">V\u00e1s\u00e1roljon HEP-et online<\/a>A pirovalon sz\u00e1rmaz\u00e9ka \u00e9s helyettes\u00edt\u0151je <a href=\"https:\/\/legitgrams.com\/hu\/termek\/hep\/\">HEP por online v\u00e1s\u00e1rl\u00e1sa<\/a>. <a href=\"https:\/\/www.bing.com\/search?q=Buy%20Hep%20Online&amp;qs=n&amp;form=QBRE&amp;sp=-1&amp;lq=0&amp;pq=buy%20hep%20online&amp;sc=12-14&amp;sk=&amp;cvid=809452217B9E468EA5AA2F607465B585&amp;ghsh=0&amp;ghacc=0&amp;ghpl=\">Buy HEP Powder<\/a> . V\u00e1s\u00e1roljon HEP \u200b\u200bport nagy mennyis\u00e9gben k\u00f6zvetlen\u00fcl a gy\u00e1rt\u00f3t\u00f3l. Kiv\u00e1l\u00f3 term\u00e9keket \u00e9sszer\u0171 \u00e1ron sz\u00e1ll\u00edtunk a vil\u00e1g b\u00e1rmely pontj\u00e1ra.<\/p>\n<p><a href=\"https:\/\/www.google.com\/search?q=Buy+Hep+Online&amp;num=10&amp;sca_esv=1a2a07081c7891bb&amp;rlz=1C1RXQR_enIN1098IN1098&amp;sxsrf=AHTn8zpEPxccdKz4zx2Wcr5mAXZRvLn1lw%3A1741414220776&amp;ei=TN_LZ82ML-vuseMP39GBwQ8&amp;ved=0ahUKEwjN4qTA6fmLAxVrd2wGHd9oIPgQ4dUDCBI&amp;uact=5&amp;oq=Buy+Hep+Online&amp;gs_lp=Egxnd3Mtd2l6LXNlcnAiDkJ1eSBIZXAgT25saW5lSOMGUMUDWMUDcAJ4AJABAJgBsgGgAbIBqgEDMC4xuAEDyAEA-AEC-AEBmAIAoAIAmAMAiAYBkgcAoAepAQ&amp;sclient=gws-wiz-serp\">HEP por<\/a> A HEP por a pirovaleron \u00e9s egy helyettes\u00edtett katinon sz\u00e1rmaz\u00e9ka. <a href=\"https:\/\/en.wikipedia.org\/wiki\/HEP\">HEP por<\/a> jelenleg felkelti a glob\u00e1lis tudom\u00e1nyos k\u00f6z\u00f6ss\u00e9g figyelm\u00e9t, mivel sok olyan k\u00e9miai tulajdons\u00e1ggal rendelkezik, mint a pirovaleron \u00e9s az MDPV.<\/p>\n<p><a href=\"https:\/\/www.google.com\/search?q=Buy+Hep+Online&amp;num=10&amp;sca_esv=1a2a07081c7891bb&amp;rlz=1C1RXQR_enIN1098IN1098&amp;sxsrf=AHTn8zpEPxccdKz4zx2Wcr5mAXZRvLn1lw%3A1741414220776&amp;ei=TN_LZ82ML-vuseMP39GBwQ8&amp;ved=0ahUKEwjN4qTA6fmLAxVrd2wGHd9oIPgQ4dUDCBI&amp;uact=5&amp;oq=Buy+Hep+Online&amp;gs_lp=Egxnd3Mtd2l6LXNlcnAiDkJ1eSBIZXAgT25saW5lSOMGUMUDWMUDcAJ4AJABAJgBsgGgAbIBqgEDMC4xuAEDyAEA-AEC-AEBmAIAoAIAmAMAiAYBkgcAoAepAQ&amp;sclient=gws-wiz-serp\">HEP por<\/a>A HEP por, amely hasznos kutat\u00e1si alternat\u00edva a nagyon k\u00edv\u00e1natos, de \u00e1ltal\u00e1ban illeg\u00e1lis pirrolidinek, p\u00e9ld\u00e1ul az MDPV, vagy a piperidin csal\u00e1dba tartoz\u00f3 vegy\u00fcletek, p\u00e9ld\u00e1ul a metilfenid\u00e1t helyett, most egy \u00faj term\u00e9knek k\u00f6sz\u00f6nhet\u0151en ker\u00fclt \u00e9rt\u00e9kes\u00edt\u00e9sre. <a href=\"https:\/\/legitgrams.com\/hu\/\">LegitGrams<\/a>.<\/p>\n<p>You have the fantastic opportunity to acquire <a href=\"https:\/\/duckduckgo.com\/?q=Buy+Hep+Online&amp;t=h_&amp;ia=web\">HEP por<\/a> from Coke Bricks in a very pure powder form.<\/p>\n<p>Megb\u00edzhat\u00f3 \u00e9s megb\u00edzhat\u00f3 besz\u00e1ll\u00edt\u00f3, amely lehet\u0151v\u00e9 teszi, hogy tudom\u00e1nyos kutat\u00e1sokat v\u00e9gezzen a rendelkez\u00e9sre \u00e1ll\u00f3 legjobb vegyszerek felhaszn\u00e1l\u00e1s\u00e1val.<\/p>\n<h3>HEP por online v\u00e1s\u00e1rl\u00e1sa<\/h3>\n<p>A 2C-B \u00e9s a 2C-I, az Alexander Shulgin PiHKAL-ban felsorolt \u200b\u200bk\u00e9t ismert szubsztitu\u00e1lt fenetil-amin kutat\u00e1si vegy\u00fclet hat\u00e1sa k\u00e9miai k\u00e9plete szerint n\u00e9mileg hasonl\u00f3 lehet a HEP-por\u00e9hoz.<\/p>\n<p>There may be a strong link between the toxicity of <a href=\"https:\/\/duckduckgo.com\/?q=Buy+Hep+Online&amp;t=h_&amp;ia=web\">HEP por<\/a> Er\u0151s kapcsolat lehet a HEP por toxicit\u00e1sa \u00e9s az 5-HT2A receptor k\u00f6z\u00f6tt, ami seg\u00edthet megel\u0151zni a cluster fejf\u00e1j\u00e1st, vagy k\u00e9pes lehet enyh\u00edteni a termin\u00e1lis r\u00e1kkal kapcsolatos pszich\u00e9s f\u00e1jdalmat.<\/p>\n<p>Please be advised that research on HEP powder can only be conducted in approved laboratory conditions and that in vivo investigations using live animals are prohibited. <a href=\"https:\/\/duckduckgo.com\/?q=Buy+Hep+Online&amp;t=h_&amp;ia=web\">HEP por<\/a> can be stored for up to two years at room temperature. Please verify HEP powder&#8217;s legal status in your nation prior to placing a purchase from us.<\/p>\n<p>A HEP Powder Online a pirovaleron \u00e9s a helyettes\u00edtett katinon sz\u00e1rmaz\u00e9ka. V\u00e1s\u00e1roljon HEP \u200b\u200bport nagy mennyis\u00e9gben k\u00f6zvetlen\u00fcl a gy\u00e1rt\u00f3t\u00f3l. V\u00e1s\u00e1roljon HEP-et online egy fantasztikus term\u00e9k\u00e9rt, amely kedvez\u0151 \u00e1r\u00fa \u00e9s a vil\u00e1g b\u00e1rmely pontj\u00e1ra sz\u00e1ll\u00edthat\u00f3.<\/p>","protected":false},"excerpt":{"rendered":"<p>Purchase HEP Powder Online Buy HEP online. A derivative and replacement for pyrovalone is Buy HEP Powder Online. Buy HEP Powder in large quantities straight from the manufacturer. Excellent products delivered at a reasonable cost to any location in the world. HEP powder is a derivative of pyrovalerone and a substituted cathinone. HEP powder is &hellip;<\/p>\n<p class=\"read-more\"> <a class=\"\" href=\"https:\/\/legitgrams.com\/hu\/termek\/hep\/\"> <span class=\"screen-reader-text\">Hep Online v\u00e1s\u00e1rl\u00e1s<\/span> Olvass tov\u00e1bb \"<\/a><\/p>","protected":false},"featured_media":3296,"comment_status":"open","ping_status":"closed","template":"","meta":{"_uag_custom_page_level_css":"","site-sidebar-layout":"default","site-content-layout":"default","ast-global-header-display":"","ast-main-header-display":"","ast-hfb-above-header-display":"","ast-hfb-below-header-display":"","ast-hfb-mobile-header-display":"","site-post-title":"","ast-breadcrumbs-content":"","ast-featured-img":"","footer-sml-layout":"","theme-transparent-header-meta":"default","adv-header-id-meta":"","stick-header-meta":"default","header-above-stick-meta":"","header-main-stick-meta":"","header-below-stick-meta":"","_joinchat":[]},"product_brand":[],"product_cat":[190],"product_tag":[389,390,391,392,381,382,383,384,385,386,387,388],"class_list":{"0":"post-3287","1":"product","2":"type-product","3":"status-publish","4":"has-post-thumbnail","6":"product_cat-cannabinoids","7":"product_tag-hep-cannabinoids","8":"product_tag-hep-cannabinoids-for-sale","9":"product_tag-hep-cannabinoids-reddit","10":"product_tag-hep-chemical","11":"product_tag-hep-powder-australia","12":"product_tag-hep-powder-canada","13":"product_tag-hep-powder-greece","14":"product_tag-hep-powder-kuwait","15":"product_tag-hep-powder-review","16":"product_tag-hep-powder-spain","17":"product_tag-hep-powder-uk","18":"product_tag-hep-powder-usa","19":"desktop-align-left","20":"tablet-align-left","21":"mobile-align-left","22":"ast-product-gallery-layout-horizontal","23":"ast-product-gallery-with-no-image","24":"ast-product-single-variable","25":"ast-product-tabs-layout-horizontal","26":"ast-qv-on-image","28":"first","29":"instock","30":"shipping-taxable","31":"purchasable","32":"product-type-variable"},"yoast_head":"<!-- This site is optimized with the Yoast SEO plugin v25.9 - https:\/\/yoast.com\/wordpress\/plugins\/seo\/ -->\n<title>HEP for Sale - Buy HEP Powder Online - Order HEP Online | LG<\/title>\n<meta name=\"description\" content=\"Find premium Hep Powder for sale at our online store, providing a secure platform to buy Hep Powder online with ease, catering to your research needs.\" \/>\n<meta name=\"robots\" content=\"index, follow, max-snippet:-1, max-image-preview:large, max-video-preview:-1\" \/>\n<link rel=\"canonical\" href=\"https:\/\/legitgrams.com\/hu\/termek\/hep\/\" \/>\n<meta property=\"og:locale\" content=\"hu_HU\" \/>\n<meta property=\"og:type\" content=\"article\" \/>\n<meta property=\"og:title\" content=\"HEP for Sale - Buy HEP Powder Online - Order HEP Online | LG\" \/>\n<meta property=\"og:description\" content=\"Find premium Hep Powder for sale at our online store, providing a secure platform to buy Hep Powder online with ease, catering to your research needs.\" \/>\n<meta property=\"og:url\" content=\"https:\/\/legitgrams.com\/hu\/termek\/hep\/\" \/>\n<meta property=\"og:site_name\" content=\"Legit Grams\" \/>\n<meta property=\"article:modified_time\" content=\"2025-03-08T06:12:03+00:00\" \/>\n<meta property=\"og:image\" content=\"https:\/\/legitgrams.com\/wp-content\/uploads\/2024\/08\/Hep.gif\" \/>\n\t<meta property=\"og:image:width\" content=\"600\" \/>\n\t<meta property=\"og:image:height\" content=\"600\" \/>\n\t<meta property=\"og:image:type\" content=\"image\/gif\" \/>\n<meta name=\"twitter:card\" content=\"summary_large_image\" \/>\n<meta name=\"twitter:label1\" content=\"Becs\u00fclt olvas\u00e1si id\u0151\" \/>\n\t<meta name=\"twitter:data1\" content=\"2 perc\" \/>\n<script type=\"application\/ld+json\" class=\"yoast-schema-graph\">{\"@context\":\"https:\/\/schema.org\",\"@graph\":[{\"@type\":\"WebPage\",\"@id\":\"https:\/\/legitgrams.com\/product\/hep\/\",\"url\":\"https:\/\/legitgrams.com\/product\/hep\/\",\"name\":\"HEP for Sale - Buy HEP Powder Online - Order HEP Online | LG\",\"isPartOf\":{\"@id\":\"https:\/\/legitgrams.com\/#website\"},\"primaryImageOfPage\":{\"@id\":\"https:\/\/legitgrams.com\/product\/hep\/#primaryimage\"},\"image\":{\"@id\":\"https:\/\/legitgrams.com\/product\/hep\/#primaryimage\"},\"thumbnailUrl\":\"https:\/\/legitgrams.com\/wp-content\/uploads\/2024\/08\/Hep.gif\",\"datePublished\":\"2024-08-03T05:38:59+00:00\",\"dateModified\":\"2025-03-08T06:12:03+00:00\",\"description\":\"Find premium Hep Powder for sale at our online store, providing a secure platform to buy Hep Powder online with ease, catering to your research needs.\",\"breadcrumb\":{\"@id\":\"https:\/\/legitgrams.com\/product\/hep\/#breadcrumb\"},\"inLanguage\":\"hu\",\"potentialAction\":[{\"@type\":\"ReadAction\",\"target\":[\"https:\/\/legitgrams.com\/product\/hep\/\"]}]},{\"@type\":\"ImageObject\",\"inLanguage\":\"hu\",\"@id\":\"https:\/\/legitgrams.com\/product\/hep\/#primaryimage\",\"url\":\"https:\/\/legitgrams.com\/wp-content\/uploads\/2024\/08\/Hep.gif\",\"contentUrl\":\"https:\/\/legitgrams.com\/wp-content\/uploads\/2024\/08\/Hep.gif\",\"width\":600,\"height\":600,\"caption\":\"HEP for Sale\"},{\"@type\":\"BreadcrumbList\",\"@id\":\"https:\/\/legitgrams.com\/product\/hep\/#breadcrumb\",\"itemListElement\":[{\"@type\":\"ListItem\",\"position\":1,\"name\":\"Home\",\"item\":\"https:\/\/legitgrams.com\/\"},{\"@type\":\"ListItem\",\"position\":2,\"name\":\"Shop\",\"item\":\"https:\/\/legitgrams.com\/shop\/\"},{\"@type\":\"ListItem\",\"position\":3,\"name\":\"Buy Hep Online\"}]},{\"@type\":\"WebSite\",\"@id\":\"https:\/\/legitgrams.com\/#website\",\"url\":\"https:\/\/legitgrams.com\/\",\"name\":\"Legit Grams\",\"description\":\"My WordPress Blog\",\"publisher\":{\"@id\":\"https:\/\/legitgrams.com\/#organization\"},\"potentialAction\":[{\"@type\":\"SearchAction\",\"target\":{\"@type\":\"EntryPoint\",\"urlTemplate\":\"https:\/\/legitgrams.com\/?s={search_term_string}\"},\"query-input\":{\"@type\":\"PropertyValueSpecification\",\"valueRequired\":true,\"valueName\":\"search_term_string\"}}],\"inLanguage\":\"hu\"},{\"@type\":\"Organization\",\"@id\":\"https:\/\/legitgrams.com\/#organization\",\"name\":\"Legit Grams\",\"url\":\"https:\/\/legitgrams.com\/\",\"logo\":{\"@type\":\"ImageObject\",\"inLanguage\":\"hu\",\"@id\":\"https:\/\/legitgrams.com\/#\/schema\/logo\/image\/\",\"url\":\"https:\/\/legitgrams.com\/wp-content\/uploads\/2024\/09\/main-logo.png\",\"contentUrl\":\"https:\/\/legitgrams.com\/wp-content\/uploads\/2024\/09\/main-logo.png\",\"width\":270,\"height\":75,\"caption\":\"Legit Grams\"},\"image\":{\"@id\":\"https:\/\/legitgrams.com\/#\/schema\/logo\/image\/\"}}]}<\/script>\n<!-- \/ Yoast SEO plugin. -->","yoast_head_json":{"title":"HEP elad\u00f3 - HEP por online v\u00e1s\u00e1rl\u00e1s - HEP rendel\u00e9s online | LG","description":"Keresse meg a pr\u00e9mium Hep Powder elad\u00f3 az online \u00e1ruh\u00e1zunkban, amely biztons\u00e1gos platformot biztos\u00edt a Hep Powder online v\u00e1s\u00e1rl\u00e1s\u00e1hoz, k\u00f6nnyed\u00e9n, az \u00d6n kutat\u00e1si ig\u00e9nyeinek kiel\u00e9g\u00edt\u00e9s\u00e9re.","robots":{"index":"index","follow":"follow","max-snippet":"max-snippet:-1","max-image-preview":"max-image-preview:large","max-video-preview":"max-video-preview:-1"},"canonical":"https:\/\/legitgrams.com\/hu\/termek\/hep\/","og_locale":"hu_HU","og_type":"article","og_title":"HEP for Sale - Buy HEP Powder Online - Order HEP Online | LG","og_description":"Find premium Hep Powder for sale at our online store, providing a secure platform to buy Hep Powder online with ease, catering to your research needs.","og_url":"https:\/\/legitgrams.com\/hu\/termek\/hep\/","og_site_name":"Legit Grams","article_modified_time":"2025-03-08T06:12:03+00:00","og_image":[{"width":600,"height":600,"url":"https:\/\/legitgrams.com\/wp-content\/uploads\/2024\/08\/Hep.gif","type":"image\/gif"}],"twitter_card":"summary_large_image","twitter_misc":{"Becs\u00fclt olvas\u00e1si id\u0151":"2 perc"},"schema":{"@context":"https:\/\/schema.org","@graph":[{"@type":"WebPage","@id":"https:\/\/legitgrams.com\/product\/hep\/","url":"https:\/\/legitgrams.com\/product\/hep\/","name":"HEP elad\u00f3 - HEP por online v\u00e1s\u00e1rl\u00e1s - HEP rendel\u00e9s online | LG","isPartOf":{"@id":"https:\/\/legitgrams.com\/#website"},"primaryImageOfPage":{"@id":"https:\/\/legitgrams.com\/product\/hep\/#primaryimage"},"image":{"@id":"https:\/\/legitgrams.com\/product\/hep\/#primaryimage"},"thumbnailUrl":"https:\/\/legitgrams.com\/wp-content\/uploads\/2024\/08\/Hep.gif","datePublished":"2024-08-03T05:38:59+00:00","dateModified":"2025-03-08T06:12:03+00:00","description":"Keresse meg a pr\u00e9mium Hep Powder elad\u00f3 az online \u00e1ruh\u00e1zunkban, amely biztons\u00e1gos platformot biztos\u00edt a Hep Powder online v\u00e1s\u00e1rl\u00e1s\u00e1hoz, k\u00f6nnyed\u00e9n, az \u00d6n kutat\u00e1si ig\u00e9nyeinek kiel\u00e9g\u00edt\u00e9s\u00e9re.","breadcrumb":{"@id":"https:\/\/legitgrams.com\/product\/hep\/#breadcrumb"},"inLanguage":"hu","potentialAction":[{"@type":"ReadAction","target":["https:\/\/legitgrams.com\/product\/hep\/"]}]},{"@type":"ImageObject","inLanguage":"hu","@id":"https:\/\/legitgrams.com\/product\/hep\/#primaryimage","url":"https:\/\/legitgrams.com\/wp-content\/uploads\/2024\/08\/Hep.gif","contentUrl":"https:\/\/legitgrams.com\/wp-content\/uploads\/2024\/08\/Hep.gif","width":600,"height":600,"caption":"HEP for Sale"},{"@type":"BreadcrumbList","@id":"https:\/\/legitgrams.com\/product\/hep\/#breadcrumb","itemListElement":[{"@type":"ListItem","position":1,"name":"Home","item":"https:\/\/legitgrams.com\/"},{"@type":"ListItem","position":2,"name":"Shop","item":"https:\/\/legitgrams.com\/shop\/"},{"@type":"ListItem","position":3,"name":"Buy Hep Online"}]},{"@type":"WebSite","@id":"https:\/\/legitgrams.com\/#website","url":"https:\/\/legitgrams.com\/","name":"Legit Grams","description":"Az \u00e9n WordPress blogom","publisher":{"@id":"https:\/\/legitgrams.com\/#organization"},"potentialAction":[{"@type":"SearchAction","target":{"@type":"EntryPoint","urlTemplate":"https:\/\/legitgrams.com\/?s={search_term_string}"},"query-input":{"@type":"PropertyValueSpecification","valueRequired":true,"valueName":"search_term_string"}}],"inLanguage":"hu"},{"@type":"Organization","@id":"https:\/\/legitgrams.com\/#organization","name":"Legit Grams","url":"https:\/\/legitgrams.com\/","logo":{"@type":"ImageObject","inLanguage":"hu","@id":"https:\/\/legitgrams.com\/#\/schema\/logo\/image\/","url":"https:\/\/legitgrams.com\/wp-content\/uploads\/2024\/09\/main-logo.png","contentUrl":"https:\/\/legitgrams.com\/wp-content\/uploads\/2024\/09\/main-logo.png","width":270,"height":75,"caption":"Legit Grams"},"image":{"@id":"https:\/\/legitgrams.com\/#\/schema\/logo\/image\/"}}]}},"uagb_featured_image_src":{"full":["https:\/\/legitgrams.com\/wp-content\/uploads\/2024\/08\/Hep.gif",600,600,false],"thumbnail":["https:\/\/legitgrams.com\/wp-content\/uploads\/2024\/08\/Hep-150x150.gif",150,150,true],"medium":["https:\/\/legitgrams.com\/wp-content\/uploads\/2024\/08\/Hep-300x300.gif",300,300,true],"medium_large":["https:\/\/legitgrams.com\/wp-content\/uploads\/2024\/08\/Hep.gif",600,600,false],"large":["https:\/\/legitgrams.com\/wp-content\/uploads\/2024\/08\/Hep.gif",600,600,false],"1536x1536":["https:\/\/legitgrams.com\/wp-content\/uploads\/2024\/08\/Hep.gif",600,600,false],"2048x2048":["https:\/\/legitgrams.com\/wp-content\/uploads\/2024\/08\/Hep.gif",600,600,false],"trp-custom-language-flag":["https:\/\/legitgrams.com\/wp-content\/uploads\/2024\/08\/Hep-12x12.gif",12,12,true],"woocommerce_thumbnail":["https:\/\/legitgrams.com\/wp-content\/uploads\/2024\/08\/Hep-300x300.gif",300,300,true],"woocommerce_single":["https:\/\/legitgrams.com\/wp-content\/uploads\/2024\/08\/Hep.gif",600,600,false],"woocommerce_gallery_thumbnail":["https:\/\/legitgrams.com\/wp-content\/uploads\/2024\/08\/Hep-100x100.gif",100,100,true]},"uagb_author_info":{"display_name":"cokeblog18","author_link":"https:\/\/legitgrams.com\/hu\/author\/"},"uagb_comment_info":0,"uagb_excerpt":"Purchase HEP Powder Online Buy HEP online. A derivative and replacement for pyrovalone is Buy HEP Powder Online. Buy HEP Powder in large quantities straight from the manufacturer. Excellent products delivered at a reasonable cost to any location in the world. HEP powder is a derivative of pyrovalerone and a substituted cathinone. HEP powder is&hellip;","_links":{"self":[{"href":"https:\/\/legitgrams.com\/hu\/wp-json\/wp\/v2\/product\/3287","targetHints":{"allow":["GET"]}}],"collection":[{"href":"https:\/\/legitgrams.com\/hu\/wp-json\/wp\/v2\/product"}],"about":[{"href":"https:\/\/legitgrams.com\/hu\/wp-json\/wp\/v2\/types\/product"}],"replies":[{"embeddable":true,"href":"https:\/\/legitgrams.com\/hu\/wp-json\/wp\/v2\/comments?post=3287"}],"wp:featuredmedia":[{"embeddable":true,"href":"https:\/\/legitgrams.com\/hu\/wp-json\/wp\/v2\/media\/3296"}],"wp:attachment":[{"href":"https:\/\/legitgrams.com\/hu\/wp-json\/wp\/v2\/media?parent=3287"}],"wp:term":[{"taxonomy":"product_brand","embeddable":true,"href":"https:\/\/legitgrams.com\/hu\/wp-json\/wp\/v2\/product_brand?post=3287"},{"taxonomy":"product_cat","embeddable":true,"href":"https:\/\/legitgrams.com\/hu\/wp-json\/wp\/v2\/product_cat?post=3287"},{"taxonomy":"product_tag","embeddable":true,"href":"https:\/\/legitgrams.com\/hu\/wp-json\/wp\/v2\/product_tag?post=3287"}],"curies":[{"name":"wp","href":"https:\/\/api.w.org\/{rel}","templated":true}]}}