{"id":3301,"date":"2024-08-03T05:48:33","date_gmt":"2024-08-03T05:48:33","guid":{"rendered":"https:\/\/cokebricks.com\/?post_type=product&#038;p=3301"},"modified":"2025-01-14T04:15:22","modified_gmt":"2025-01-14T04:15:22","slug":"eutilon","status":"publish","type":"product","link":"https:\/\/legitgrams.com\/hu\/termek\/eutilon\/","title":{"rendered":"EUTYLONE"},"content":{"rendered":"<h2>Elad\u00f3: Eutilon<\/h2>\n<p>V\u00e1s\u00e1roljon eutilont online, amely val\u00f3ban megb\u00edzhat\u00f3 embert keres <a href=\"https:\/\/legitgrams.com\/hu\/termek\/eutilon\/\">Eutilon<\/a> elad\u00f3? Ide\u00e1lis helyen vagy! A legjobb t\u00edpus\u00fa eutilon jelenleg megv\u00e1s\u00e1rolhat\u00f3. Gondos sz\u00e1ll\u00edt\u00e1st \u00e9s felt\u0171n\u0151 csomagol\u00e1st k\u00edn\u00e1lunk. Az eutilon, egy potenci\u00e1lis tervez\u0151 drog, a katinonnal, a pirovaleronnal \u00e9s az amfetaminokkal k\u00f6z\u00f6s kieg\u00e9sz\u00edt\u0151 tulajdons\u00e1gokkal rendelkezik. Entaktog\u00e9n vagy stimul\u00e1l\u00f3 pszichoakt\u00edv hat\u00e1sok \u00e1ltal\u00e1ban megfigyelhet\u0151k ezekben a kever\u00e9kekben. Ennek a t\u00e9telnek a c\u00e9lja a kriminol\u00f3gia. <a href=\"https:\/\/legitgrams.com\/hu\/\">LegitGrams<\/a><\/p>\n<h3>V\u00e1s\u00e1roljon Eutylont online: Eutylon \u00e9rt\u00e9kes\u00edt\u00e9se<\/h3>\n<p><a href=\"https:\/\/en.wikipedia.org\/wiki\/Eutylone\">Eutilon<\/a>, amely nem t\u00e9vesztend\u0151 \u00f6ssze az Ethylone-nal, egy \u00faj, 1960-ban felfedezett tervez\u0151 gy\u00f3gyszer, amely energiz\u00e1l\u00f3k\u00e9nt funkcion\u00e1l. Az emberi agy m\u0171k\u00f6d\u00e9si k\u00e9pess\u00e9g\u00e9t \u00e9s pozit\u00edv \u00e9rzelmek kelt\u00e9s\u00e9t gyakran fokozz\u00e1k az energiz\u00e1l\u00f3 t\u00edpus\u00fa gy\u00f3gyszerek. \u00c1ltal\u00e1ban az emberek ezeket az anyagokat rekre\u00e1ci\u00f3s \u00e9s gy\u00f3gy\u00e1szati \u200b\u200bc\u00e9lokra egyar\u00e1nt haszn\u00e1lj\u00e1k. Mindazon\u00e1ltal ezeknek a gy\u00f3gyszereknek a jelent\u0151s adagjainak alkalmaz\u00e1sakor nagy k\u00f6r\u00fcltekint\u00e9ssel kell elj\u00e1rni f\u00fcgg\u0151s\u00e9get okoz\u00f3 term\u00e9szet\u00fck miatt. A szak\u00e9rt\u0151k a katinon oszt\u00e1lyba tartoz\u00f3 gy\u00f3gyszereket \u00e9s mag\u00e1t az oszt\u00e1lyt is felvett\u00e9k a gy\u00f3gyszerek tervezett list\u00e1j\u00e1ra, amely megtiltja ezek el\u0151\u00e1ll\u00edt\u00e1s\u00e1t \u00e9s emberi felhaszn\u00e1l\u00e1s\u00e1t a vissza\u00e9l\u00e9si hajlam miatt.<\/p>\n<h3>Mi az Euthylon, a gy\u00f3gyszer?<\/h3>\n<p>A kiskereskedelmi forgalomba ker\u00fcl\u0151 eutilonkrist\u00e1lyok BK EDBP vagy N-Etilbutilon n\u00e9ven is ismertek. Az Ethylone gy\u00f3gyszerhez val\u00f3 hasonl\u00f3s\u00e1ga miatt a katinon oszt\u00e1lyba tartozik. A test fok\u00e1lis szorong\u00e1sos rendszer\u00e9re hat\u00e1ssal van az etilon energiz\u00e1l\u00f3 t\u00edpus\u00fa gy\u00f3gyszer. Jellemz\u0151en \u00e1ttetsz\u0151 szerkezet\u0171, \u00e9s halv\u00e1nys\u00e1rga \u00e1rnyalat\u00fa or\u00e1lis elj\u00e1r\u00e1sokat alkalmaznak a gy\u00f3gyszer rendszerez\u00e9s\u00e9re. A k\u00e1b\u00edt\u00f3szer hossz\u00fa t\u00e1v\u00fa alkalmaz\u00e1sa tart\u00f3s szolgas\u00e1ghoz vezethet, \u00e9s nagy a val\u00f3sz\u00edn\u0171s\u00e9ge a k\u00e9nyszerhaszn\u00e1latnak. A gy\u00f3gyszer szintetikus neve \u201e\u03b2-Keto-1,3-benzodioxolyl-N-etilbut\u00e1namin\u201d, molekulak\u00e9plete pedig \u201eC13H17NO3\u201d. Az eutilon szubatomi terhel\u00e9se 235,278 g\/mol. A fizikusok \u00e9p\u00edt\u00e9si szabv\u00e1nyait\u00f3l f\u00fcgg\u0151en az Euthylone dr\u00e1gak\u0151 makul\u00e1tlans\u00e1ga ingadozhat, de legjobb konfigur\u00e1ci\u00f3iban 97-98% k\u00f6z\u00f6tt mozog.<\/p>\n<h3>Hol lehet v\u00e1s\u00e1rolni<\/h3>\n<p>Az eutilon vil\u00e1gszerte megv\u00e1s\u00e1rolhat\u00f3 fizikai \u00fczletekben kutat\u00e1si c\u00e9lb\u00f3l, vagy v\u00e9nyk\u00f6teles gy\u00f3gyszerk\u00e9nt az alapell\u00e1t\u00f3 orvost\u00f3l. Mivel nagyobb rugalmass\u00e1got \u00e9s egyszer\u0171bb sz\u00e1ll\u00edt\u00e1st biztos\u00edtanak, sok online keresked\u0151t\u0151l is megv\u00e1s\u00e1rolhat\u00f3. Az Euthylone megv\u00e1s\u00e1rolhat\u00f3 online \u00e1ruh\u00e1zunkban mag\u00e1nszem\u00e9lyek, orvosi szak\u00e9rt\u0151k, gy\u00f3gyszert\u00e1rak \u00e9s szakemberek sz\u00e1m\u00e1ra szerte a vil\u00e1gon. A prec\u00edz k\u00e9zbes\u00edt\u00e9s \u00e1ltal\u00e1nos k\u00e9pess\u00e9g\u00e9nek k\u00f6sz\u00f6nhet\u0151en holmijainkat a vil\u00e1g b\u00e1rmely pontj\u00e1ra mozgathatjuk. Az al\u00e1bbiakban felsoroljuk azokat a legnyom\u00f3sabb indokokat, amelyek miatt \u00e9rdemes t\u0151l\u00fcnk v\u00e1s\u00e1rolni:<\/p>\n<h3>Az eutilon online megv\u00e1s\u00e1rolhat\u00f3.<\/h3>\n<p>A vil\u00e1g legt\u00f6bb orsz\u00e1g\u00e1ban az eutilon, amely megv\u00e1s\u00e1rolhat\u00f3, fenntartott gy\u00f3gyszer az egy\u00e9nek k\u00f6r\u00e9ben fenn\u00e1ll\u00f3 k\u00e1b\u00edt\u00f3szer-f\u00fcgg\u0151s\u00e9g magas kock\u00e1zata miatt. Gy\u00e1rt\u00e1s\u00e1t, forgalmaz\u00e1s\u00e1t \u00e9s jogosulatlan felhaszn\u00e1l\u00e1s\u00e1t jogellenesen \u00e9s a megfelel\u0151 hat\u00f3s\u00e1gok enged\u00e9lye n\u00e9lk\u00fcl v\u00e9gezt\u00e9k.<\/p>","protected":false},"excerpt":{"rendered":"<p>For sale: Eutylone Buy eutylone online, which Are you really looking for a trustworthy Euthylone seller? You&#8217;re in the ideal location! The best type of eutylone is available for purchase right now. We offer careful shipping and inconspicuous packaging. Eutylone, a potential planner drug, has auxiliary highlights in common with cathinone, pyrovalerone, and amphetamines. Entactogenic &hellip;<\/p>\n<p class=\"read-more\"> <a class=\"\" href=\"https:\/\/legitgrams.com\/hu\/termek\/eutilon\/\"> <span class=\"screen-reader-text\">EUTYLONE<\/span> Olvass tov\u00e1bb \"<\/a><\/p>","protected":false},"featured_media":3315,"comment_status":"open","ping_status":"closed","template":"","meta":{"_uag_custom_page_level_css":"","site-sidebar-layout":"default","site-content-layout":"default","ast-global-header-display":"","ast-main-header-display":"","ast-hfb-above-header-display":"","ast-hfb-below-header-display":"","ast-hfb-mobile-header-display":"","site-post-title":"","ast-breadcrumbs-content":"","ast-featured-img":"","footer-sml-layout":"","theme-transparent-header-meta":"default","adv-header-id-meta":"","stick-header-meta":"default","header-above-stick-meta":"","header-main-stick-meta":"","header-below-stick-meta":"","_joinchat":[]},"product_brand":[],"product_cat":[190],"product_tag":[353,354,355,356,345,346,347,348,349,350,351,352],"class_list":{"0":"post-3301","1":"product","2":"type-product","3":"status-publish","4":"has-post-thumbnail","6":"product_cat-cannabinoids","7":"product_tag-eutylone-cannabinoids","8":"product_tag-eutylone-cannabinoids-for-sale","9":"product_tag-eutylone-cannabinoids-reddit","10":"product_tag-eutylone-chemical","11":"product_tag-eutylone-powder-australia","12":"product_tag-eutylone-powder-canada","13":"product_tag-eutylone-powder-greece","14":"product_tag-eutylone-powder-kuwait","15":"product_tag-eutylone-powder-review","16":"product_tag-eutylone-powder-spain","17":"product_tag-eutylone-powder-uk","18":"product_tag-eutylone-powder-usa","19":"desktop-align-left","20":"tablet-align-left","21":"mobile-align-left","22":"ast-product-gallery-layout-horizontal","23":"ast-product-gallery-with-no-image","24":"ast-product-single-variable","25":"ast-product-tabs-layout-horizontal","26":"ast-qv-on-image","28":"first","29":"instock","30":"shipping-taxable","31":"purchasable","32":"product-type-variable"},"yoast_head":"<!-- This site is optimized with the Yoast SEO plugin v25.9 - https:\/\/yoast.com\/wordpress\/plugins\/seo\/ -->\n<title>Buy Eutylone Online - Eutylone for Sale | LegitGrams<\/title>\n<meta name=\"description\" content=\"Looking for a reliable source to buy EUTYLONE Powder online? Your search ends here. Order EUTYLONE Powder online from our trusted store and enjoy a seamless buying process tailored for your research needs.\" \/>\n<meta name=\"robots\" content=\"index, follow, max-snippet:-1, max-image-preview:large, max-video-preview:-1\" \/>\n<link rel=\"canonical\" href=\"https:\/\/legitgrams.com\/hu\/termek\/eutilon\/\" \/>\n<meta property=\"og:locale\" content=\"hu_HU\" \/>\n<meta property=\"og:type\" content=\"article\" \/>\n<meta property=\"og:title\" content=\"Buy Eutylone Online - Eutylone for Sale | LegitGrams\" \/>\n<meta property=\"og:description\" content=\"Looking for a reliable source to buy EUTYLONE Powder online? Your search ends here. Order EUTYLONE Powder online from our trusted store and enjoy a seamless buying process tailored for your research needs.\" \/>\n<meta property=\"og:url\" content=\"https:\/\/legitgrams.com\/hu\/termek\/eutilon\/\" \/>\n<meta property=\"og:site_name\" content=\"Legit Grams\" \/>\n<meta property=\"article:modified_time\" content=\"2025-01-14T04:15:22+00:00\" \/>\n<meta property=\"og:image\" content=\"https:\/\/legitgrams.com\/wp-content\/uploads\/2024\/08\/EUTYLONE.gif\" \/>\n\t<meta property=\"og:image:width\" content=\"600\" \/>\n\t<meta property=\"og:image:height\" content=\"600\" \/>\n\t<meta property=\"og:image:type\" content=\"image\/gif\" \/>\n<meta name=\"twitter:card\" content=\"summary_large_image\" \/>\n<meta name=\"twitter:label1\" content=\"Becs\u00fclt olvas\u00e1si id\u0151\" \/>\n\t<meta name=\"twitter:data1\" content=\"3 perc\" \/>\n<script type=\"application\/ld+json\" class=\"yoast-schema-graph\">{\"@context\":\"https:\/\/schema.org\",\"@graph\":[{\"@type\":\"WebPage\",\"@id\":\"https:\/\/legitgrams.com\/product\/eutylone\/\",\"url\":\"https:\/\/legitgrams.com\/product\/eutylone\/\",\"name\":\"Buy Eutylone Online - Eutylone for Sale | LegitGrams\",\"isPartOf\":{\"@id\":\"https:\/\/legitgrams.com\/#website\"},\"primaryImageOfPage\":{\"@id\":\"https:\/\/legitgrams.com\/product\/eutylone\/#primaryimage\"},\"image\":{\"@id\":\"https:\/\/legitgrams.com\/product\/eutylone\/#primaryimage\"},\"thumbnailUrl\":\"https:\/\/legitgrams.com\/wp-content\/uploads\/2024\/08\/EUTYLONE.gif\",\"datePublished\":\"2024-08-03T05:48:33+00:00\",\"dateModified\":\"2025-01-14T04:15:22+00:00\",\"description\":\"Looking for a reliable source to buy EUTYLONE Powder online? Your search ends here. Order EUTYLONE Powder online from our trusted store and enjoy a seamless buying process tailored for your research needs.\",\"breadcrumb\":{\"@id\":\"https:\/\/legitgrams.com\/product\/eutylone\/#breadcrumb\"},\"inLanguage\":\"hu\",\"potentialAction\":[{\"@type\":\"ReadAction\",\"target\":[\"https:\/\/legitgrams.com\/product\/eutylone\/\"]}]},{\"@type\":\"ImageObject\",\"inLanguage\":\"hu\",\"@id\":\"https:\/\/legitgrams.com\/product\/eutylone\/#primaryimage\",\"url\":\"https:\/\/legitgrams.com\/wp-content\/uploads\/2024\/08\/EUTYLONE.gif\",\"contentUrl\":\"https:\/\/legitgrams.com\/wp-content\/uploads\/2024\/08\/EUTYLONE.gif\",\"width\":600,\"height\":600,\"caption\":\"Eutylone for sale\"},{\"@type\":\"BreadcrumbList\",\"@id\":\"https:\/\/legitgrams.com\/product\/eutylone\/#breadcrumb\",\"itemListElement\":[{\"@type\":\"ListItem\",\"position\":1,\"name\":\"Home\",\"item\":\"https:\/\/legitgrams.com\/\"},{\"@type\":\"ListItem\",\"position\":2,\"name\":\"Shop\",\"item\":\"https:\/\/legitgrams.com\/shop\/\"},{\"@type\":\"ListItem\",\"position\":3,\"name\":\"EUTYLONE\"}]},{\"@type\":\"WebSite\",\"@id\":\"https:\/\/legitgrams.com\/#website\",\"url\":\"https:\/\/legitgrams.com\/\",\"name\":\"Legit Grams\",\"description\":\"My WordPress Blog\",\"publisher\":{\"@id\":\"https:\/\/legitgrams.com\/#organization\"},\"potentialAction\":[{\"@type\":\"SearchAction\",\"target\":{\"@type\":\"EntryPoint\",\"urlTemplate\":\"https:\/\/legitgrams.com\/?s={search_term_string}\"},\"query-input\":{\"@type\":\"PropertyValueSpecification\",\"valueRequired\":true,\"valueName\":\"search_term_string\"}}],\"inLanguage\":\"hu\"},{\"@type\":\"Organization\",\"@id\":\"https:\/\/legitgrams.com\/#organization\",\"name\":\"Legit Grams\",\"url\":\"https:\/\/legitgrams.com\/\",\"logo\":{\"@type\":\"ImageObject\",\"inLanguage\":\"hu\",\"@id\":\"https:\/\/legitgrams.com\/#\/schema\/logo\/image\/\",\"url\":\"https:\/\/legitgrams.com\/wp-content\/uploads\/2024\/09\/main-logo.png\",\"contentUrl\":\"https:\/\/legitgrams.com\/wp-content\/uploads\/2024\/09\/main-logo.png\",\"width\":270,\"height\":75,\"caption\":\"Legit Grams\"},\"image\":{\"@id\":\"https:\/\/legitgrams.com\/#\/schema\/logo\/image\/\"}}]}<\/script>\n<!-- \/ Yoast SEO plugin. -->","yoast_head_json":{"title":"Eutilone online v\u00e1s\u00e1rl\u00e1sa - Eutilone elad\u00f3 | LegitGrams","description":"Megb\u00edzhat\u00f3 forr\u00e1st keres az EUTYLONE por online v\u00e1s\u00e1rl\u00e1s\u00e1hoz? A keres\u00e9sed itt \u00e9r v\u00e9get. Rendeljen EUTYLONE Powder online megb\u00edzhat\u00f3 \u00e1ruh\u00e1zunkb\u00f3l, \u00e9s \u00e9lvezze a z\u00f6kken\u0151mentes v\u00e1s\u00e1rl\u00e1si folyamatot, amely az \u00d6n kutat\u00e1si ig\u00e9nyeihez igazodik.","robots":{"index":"index","follow":"follow","max-snippet":"max-snippet:-1","max-image-preview":"max-image-preview:large","max-video-preview":"max-video-preview:-1"},"canonical":"https:\/\/legitgrams.com\/hu\/termek\/eutilon\/","og_locale":"hu_HU","og_type":"article","og_title":"Buy Eutylone Online - Eutylone for Sale | LegitGrams","og_description":"Looking for a reliable source to buy EUTYLONE Powder online? Your search ends here. Order EUTYLONE Powder online from our trusted store and enjoy a seamless buying process tailored for your research needs.","og_url":"https:\/\/legitgrams.com\/hu\/termek\/eutilon\/","og_site_name":"Legit Grams","article_modified_time":"2025-01-14T04:15:22+00:00","og_image":[{"width":600,"height":600,"url":"https:\/\/legitgrams.com\/wp-content\/uploads\/2024\/08\/EUTYLONE.gif","type":"image\/gif"}],"twitter_card":"summary_large_image","twitter_misc":{"Becs\u00fclt olvas\u00e1si id\u0151":"3 perc"},"schema":{"@context":"https:\/\/schema.org","@graph":[{"@type":"WebPage","@id":"https:\/\/legitgrams.com\/product\/eutylone\/","url":"https:\/\/legitgrams.com\/product\/eutylone\/","name":"Eutilone online v\u00e1s\u00e1rl\u00e1sa - Eutilone elad\u00f3 | LegitGrams","isPartOf":{"@id":"https:\/\/legitgrams.com\/#website"},"primaryImageOfPage":{"@id":"https:\/\/legitgrams.com\/product\/eutylone\/#primaryimage"},"image":{"@id":"https:\/\/legitgrams.com\/product\/eutylone\/#primaryimage"},"thumbnailUrl":"https:\/\/legitgrams.com\/wp-content\/uploads\/2024\/08\/EUTYLONE.gif","datePublished":"2024-08-03T05:48:33+00:00","dateModified":"2025-01-14T04:15:22+00:00","description":"Megb\u00edzhat\u00f3 forr\u00e1st keres az EUTYLONE por online v\u00e1s\u00e1rl\u00e1s\u00e1hoz? A keres\u00e9sed itt \u00e9r v\u00e9get. Rendeljen EUTYLONE Powder online megb\u00edzhat\u00f3 \u00e1ruh\u00e1zunkb\u00f3l, \u00e9s \u00e9lvezze a z\u00f6kken\u0151mentes v\u00e1s\u00e1rl\u00e1si folyamatot, amely az \u00d6n kutat\u00e1si ig\u00e9nyeihez igazodik.","breadcrumb":{"@id":"https:\/\/legitgrams.com\/product\/eutylone\/#breadcrumb"},"inLanguage":"hu","potentialAction":[{"@type":"ReadAction","target":["https:\/\/legitgrams.com\/product\/eutylone\/"]}]},{"@type":"ImageObject","inLanguage":"hu","@id":"https:\/\/legitgrams.com\/product\/eutylone\/#primaryimage","url":"https:\/\/legitgrams.com\/wp-content\/uploads\/2024\/08\/EUTYLONE.gif","contentUrl":"https:\/\/legitgrams.com\/wp-content\/uploads\/2024\/08\/EUTYLONE.gif","width":600,"height":600,"caption":"Eutylone for sale"},{"@type":"BreadcrumbList","@id":"https:\/\/legitgrams.com\/product\/eutylone\/#breadcrumb","itemListElement":[{"@type":"ListItem","position":1,"name":"Home","item":"https:\/\/legitgrams.com\/"},{"@type":"ListItem","position":2,"name":"Shop","item":"https:\/\/legitgrams.com\/shop\/"},{"@type":"ListItem","position":3,"name":"EUTYLONE"}]},{"@type":"WebSite","@id":"https:\/\/legitgrams.com\/#website","url":"https:\/\/legitgrams.com\/","name":"Legit Grams","description":"Az \u00e9n WordPress blogom","publisher":{"@id":"https:\/\/legitgrams.com\/#organization"},"potentialAction":[{"@type":"SearchAction","target":{"@type":"EntryPoint","urlTemplate":"https:\/\/legitgrams.com\/?s={search_term_string}"},"query-input":{"@type":"PropertyValueSpecification","valueRequired":true,"valueName":"search_term_string"}}],"inLanguage":"hu"},{"@type":"Organization","@id":"https:\/\/legitgrams.com\/#organization","name":"Legit Grams","url":"https:\/\/legitgrams.com\/","logo":{"@type":"ImageObject","inLanguage":"hu","@id":"https:\/\/legitgrams.com\/#\/schema\/logo\/image\/","url":"https:\/\/legitgrams.com\/wp-content\/uploads\/2024\/09\/main-logo.png","contentUrl":"https:\/\/legitgrams.com\/wp-content\/uploads\/2024\/09\/main-logo.png","width":270,"height":75,"caption":"Legit Grams"},"image":{"@id":"https:\/\/legitgrams.com\/#\/schema\/logo\/image\/"}}]}},"uagb_featured_image_src":{"full":["https:\/\/legitgrams.com\/wp-content\/uploads\/2024\/08\/EUTYLONE.gif",600,600,false],"thumbnail":["https:\/\/legitgrams.com\/wp-content\/uploads\/2024\/08\/EUTYLONE-150x150.gif",150,150,true],"medium":["https:\/\/legitgrams.com\/wp-content\/uploads\/2024\/08\/EUTYLONE-300x300.gif",300,300,true],"medium_large":["https:\/\/legitgrams.com\/wp-content\/uploads\/2024\/08\/EUTYLONE.gif",600,600,false],"large":["https:\/\/legitgrams.com\/wp-content\/uploads\/2024\/08\/EUTYLONE.gif",600,600,false],"1536x1536":["https:\/\/legitgrams.com\/wp-content\/uploads\/2024\/08\/EUTYLONE.gif",600,600,false],"2048x2048":["https:\/\/legitgrams.com\/wp-content\/uploads\/2024\/08\/EUTYLONE.gif",600,600,false],"trp-custom-language-flag":["https:\/\/legitgrams.com\/wp-content\/uploads\/2024\/08\/EUTYLONE-12x12.gif",12,12,true],"woocommerce_thumbnail":["https:\/\/legitgrams.com\/wp-content\/uploads\/2024\/08\/EUTYLONE-300x300.gif",300,300,true],"woocommerce_single":["https:\/\/legitgrams.com\/wp-content\/uploads\/2024\/08\/EUTYLONE.gif",600,600,false],"woocommerce_gallery_thumbnail":["https:\/\/legitgrams.com\/wp-content\/uploads\/2024\/08\/EUTYLONE-100x100.gif",100,100,true]},"uagb_author_info":{"display_name":"cokeblog18","author_link":"https:\/\/legitgrams.com\/hu\/author\/"},"uagb_comment_info":0,"uagb_excerpt":"For sale: Eutylone Buy eutylone online, which Are you really looking for a trustworthy Euthylone seller? You&#8217;re in the ideal location! The best type of eutylone is available for purchase right now. We offer careful shipping and inconspicuous packaging. Eutylone, a potential planner drug, has auxiliary highlights in common with cathinone, pyrovalerone, and amphetamines. Entactogenic&hellip;","_links":{"self":[{"href":"https:\/\/legitgrams.com\/hu\/wp-json\/wp\/v2\/product\/3301","targetHints":{"allow":["GET"]}}],"collection":[{"href":"https:\/\/legitgrams.com\/hu\/wp-json\/wp\/v2\/product"}],"about":[{"href":"https:\/\/legitgrams.com\/hu\/wp-json\/wp\/v2\/types\/product"}],"replies":[{"embeddable":true,"href":"https:\/\/legitgrams.com\/hu\/wp-json\/wp\/v2\/comments?post=3301"}],"wp:featuredmedia":[{"embeddable":true,"href":"https:\/\/legitgrams.com\/hu\/wp-json\/wp\/v2\/media\/3315"}],"wp:attachment":[{"href":"https:\/\/legitgrams.com\/hu\/wp-json\/wp\/v2\/media?parent=3301"}],"wp:term":[{"taxonomy":"product_brand","embeddable":true,"href":"https:\/\/legitgrams.com\/hu\/wp-json\/wp\/v2\/product_brand?post=3301"},{"taxonomy":"product_cat","embeddable":true,"href":"https:\/\/legitgrams.com\/hu\/wp-json\/wp\/v2\/product_cat?post=3301"},{"taxonomy":"product_tag","embeddable":true,"href":"https:\/\/legitgrams.com\/hu\/wp-json\/wp\/v2\/product_tag?post=3301"}],"curies":[{"name":"wp","href":"https:\/\/api.w.org\/{rel}","templated":true}]}}