{"id":3302,"date":"2024-08-03T05:48:41","date_gmt":"2024-08-03T05:48:41","guid":{"rendered":"https:\/\/cokebricks.com\/?post_type=product&#038;p=3302"},"modified":"2025-01-13T09:16:36","modified_gmt":"2025-01-13T09:16:36","slug":"apvp","status":"publish","type":"product","link":"https:\/\/legitgrams.com\/hu\/termek\/apvp\/","title":{"rendered":"APVP"},"content":{"rendered":"<h2>Elad\u00f3: Tiszta A-PVP<\/h2>\n<p>V\u00e1s\u00e1rl\u00e1s 99% Pure <a href=\"https:\/\/legitgrams.com\/hu\/termek\/apvp\/\">A-PVP<\/a> a Nembutalt\u00f3l | V\u00e1s\u00e1roljon Pure A-PVP titokban online online APVP v\u00e1s\u00e1rl\u00e1s: Ahogy az MDPV \u00e9s a \u201ef\u00fcrd\u0151s\u00f3k\u201d eset\u00e9ben 2011 elej\u00e9n, a Buy a-PVP Crystal Powder Online is egy viszonylag \u00faj vegyszer, amely nagy \u00e9rdekl\u0151d\u00e9st v\u00e1lt ki a m\u00e9di\u00e1ban.<\/p>\n<p>A katinon \u00e9s pirovaleron csal\u00e1dba tartoz\u00f3 szintetikus stimul\u00e1ns. V\u00e1s\u00e1roljon a-PVP krist\u00e1lyport online. M\u00e1s nevei k\u00f6z\u00e9 tartozik a flakka, <a href=\"https:\/\/en.wikipedia.org\/wiki\/-Pyrrolidinopentiophenone\">\u03b1-pirrolidinopentiophenon<\/a>, alfa-PVP \u00e9s A-PVP. K\u00e9miailag hasonl\u00f3 m\u00e1s pirovaleronvegy\u00fcletekhez, mint az MDPV \u00e9s a katinonvegy\u00fcletek, amelyeket a kelet-afrikai khat n\u00f6v\u00e9nyben tal\u00e1ltak. Hat\u00e1sai nagyon hasonl\u00f3ak az amfetaminhoz \u00e9s a kokainhoz, ha lenyelik. \u00c1ltal\u00e1ban hatalmas krist\u00e1lydarabok vagy krist\u00e1lyos por form\u00e1j\u00e1ban jelenik meg.<\/p>\n<h3>V\u00e1s\u00e1roljon A-PVP port online.<\/h3>\n<p>V\u00e1s\u00e1roljon A-PVP krist\u00e1lyokat online. A \u201ef\u00fcrd\u0151s\u00f3khoz\u201d \u00e9s az MDPV-hez hasonl\u00f3an 2011 els\u0151 h\u00f3napjaiban a por viszonylag \u00faj anyag, amelyet a m\u00e9dia akt\u00edvan figyel. \u00c1ltal\u00e1ban hatalmas mennyis\u00e9gben gy\u00e1rtj\u00e1k K\u00edn\u00e1ban, \u00e9s kutat\u00e1si vegyi anyagk\u00e9nt k\u00edn\u00e1lj\u00e1k online elad\u00e1sra az elad\u00f3k.<\/p>\n<h3>Az alfa-PVP krist\u00e1lyok hat\u00e1sa a szervezetre<\/h3>\n<p>V\u00e1ratlan \u00e9rz\u00e9sek Az eg\u00e9sz testet \u00e1that\u00f3 m\u00e9rs\u00e9kelt vagy er\u0151s euf\u00f3rikus bizserg\u0151 \u00e9rz\u00e9st az \u03b1-PVP \u201etestmagass\u00e1g\u00e1nak\u201d nevezik. A megn\u00f6velt adagok t\u00fals\u00e1gosan elviselhet\u0151ek lehetnek. Ez az \u00e9rz\u00e9s mindv\u00e9gig fennmarad, fokozatosan n\u00f6vekszik, cs\u00facsosodik, majd cs\u00f6kken. <a href=\"https:\/\/legitgrams.com\/hu\/\">LegitGrams<\/a><\/p>\n<p>\u00dagy gondolj\u00e1k, hogy az \u03b1-PVP j\u00f3t\u00e9kony hat\u00e1ssal van a<\/p>\n<p>a felhaszn\u00e1l\u00f3 fizikai energiaszintj\u00e9t, amely<\/p>\n<p>Val\u00f3j\u00e1ban hihetetlen\u00fcl izgalmas \u00e9s \u00f6szt\u00f6nz\u0151. Ez el\u0151seg\u00edti az olyan fizikai tev\u00e9kenys\u00e9geket, mint a t\u00e1nc, a hegym\u00e1sz\u00e1s \u00e9s a kocog\u00e1s.<\/p>\n<h3>Az A-PVP t\u00f6rt\u00e9nete<\/h3>\n<p>A k\u00f6zelm\u00faltban t\u00f6rt\u00e9nt felfedez\u00e9se ellen\u00e9re az A-PVP 2011 \u00f3ta a m\u00e9dia \u00e9s a tudom\u00e1nyos vizsg\u00e1latok k\u00f6z\u00e9ppontj\u00e1ban \u00e1ll. Ez nagyr\u00e9szt annak tudhat\u00f3 be, hogy az emberek vissza\u00e9lnek vele, \u00e9s \u00e9ltet\u0151 el\u0151nyeit v\u00e9ny vagy megfelel\u0151 utas\u00edt\u00e1s n\u00e9lk\u00fcl haszn\u00e1lt\u00e1k fel. Az A-PVP-t K\u00edn\u00e1ban t\u00f6megesen \u00e1ll\u00edtj\u00e1k el\u0151, b\u00e1r kutat\u00e1si gy\u00f3gyszerk\u00e9nt korl\u00e1tozottan el\u00e9rhet\u0151.<\/p>\n<h3>Mi\u00e9rt szokott hozz\u00e1 az A-PVP?<\/h3>\n<p>A fut\u00e1s, t\u00e1nc vagy m\u00e1sz\u00e1s v\u00e1gya az A-PVP energiz\u00e1l\u00f3 hat\u00e1s\u00e1val f\u00fcgg \u00f6ssze, amely serkent\u0151 tulajdons\u00e1gair\u00f3l sz\u00e9les k\u00f6rben ismert. Meg\u00e1llap\u00edt\u00e1sra ker\u00fclt tov\u00e1bb\u00e1, hogy ennek az el\u0151\u00edr\u00e1snak a hat\u00e1sai arra k\u00e9nyszer\u00edtik a felhaszn\u00e1l\u00f3kat, hogy ig\u00e9nyes vagy \u00f6szt\u00f6nz\u0151 tev\u00e9kenys\u00e9gekben vegyenek r\u00e9szt; ez a hajlam egyre nehezebb\u00e9 v\u00e1lik, ha nagyobb d\u00f3zisokat kell ellens\u00falyozni.<\/p>\n<p>Ezek a jellemz\u0151k felkeltett\u00e9k azoknak az embereknek a k\u00edv\u00e1ncsis\u00e1g\u00e1t, akik rendszeresen vesznek r\u00e9szt rendk\u00edv\u00fcl energiaig\u00e9nyes tev\u00e9kenys\u00e9gekben.<\/p>\n<p>A motiv\u00e1ci\u00f3, a k\u00f6z\u00f6ss\u00e9g \u00e9s a magabiztoss\u00e1g \u00e9rz\u00e9s\u00e9t v\u00e1lthatja ki. A kem\u00e9ny edz\u00e9st \u00e9s a testmozg\u00e1st az emberek az\u00e9rt haszn\u00e1lj\u00e1k, mert er\u0151sen v\u00e1gynak fizikailag megterhel\u0151 tev\u00e9kenys\u00e9gekre. Serkent\u0151 hat\u00e1sa miatt sok v\u00edz fogyaszt\u00e1s\u00e1ra is \u00f6szt\u00f6n\u00f6z. B\u00e1r nem mindenki \u00e9rzi \u00e9hesnek, aki haszn\u00e1lja, n\u00f6velheti az \u00e9tv\u00e1gyat. Az emberek nem orvosi okokb\u00f3l haszn\u00e1lj\u00e1k fel, mint p\u00e9ld\u00e1ul az ego vagy az \u00e9rzelmek fellend\u00edt\u00e9se, amint az j\u00f3l ismert.<\/p>\n<h3>Az A-PVP hat\u00e1sai<\/h3>\n<p>Ugyanezek a hat\u00e1sok a gy\u00f3gyszer stimul\u00e1l\u00f3 tulajdons\u00e1gaival magyar\u00e1zhat\u00f3k. Ennek eredm\u00e9nyek\u00e9nt a felhaszn\u00e1l\u00f3k t\u00falzott vagy k\u00e9nyszeres energikus viselked\u00e9st tan\u00fas\u00edtanak. A testi t\u00fcnetek k\u00f6z\u00e9 tartozik a v\u00e9gtagok, az \u00e1llkapocs \u00e9s a remeg\u00e9s, amely az eg\u00e9sz testre kiterjed\u0151 motoros kontroll hi\u00e1nya miatt kontroll\u00e1lhatatlan. Ezenk\u00edv\u00fcl akaratlan szemmozg\u00e1sokat vagy l\u00e1t\u00e1si probl\u00e9m\u00e1kat okozhat. S\u00falyos esetekben v\u00edzm\u00e9rgez\u00e9st, \u00e9tv\u00e1gytalans\u00e1got \u00e9s er\u0151s v\u00edziv\u00e1sig\u00e9nyt okozhat. A vizelet\u00fcr\u00edt\u00e9s a gy\u00f3gyszer hat\u00e1s\u00e1ra megnehez\u00fcl. A megn\u00f6vekedett pulzussz\u00e1m az egyik k\u00e1ros hat\u00e1s, \u00e9s a fizikai k\u00f6zels\u00e9g is feler\u0151s\u00f6dik. Az izzad\u00e1st fokozza a t\u00falzott fizikai aktivit\u00e1s ir\u00e1nti v\u00e1gy.<\/p>\n<p>&nbsp;<\/p>","protected":false},"excerpt":{"rendered":"<p>For Sale: Pure A-PVP Purchase 99% Pure A-PVP from Nembutal | Buy Pure A-PVP secretly online Online APVP Purchase: As with MDPV and &#8220;bath salts&#8221; in early 2011, Buy a-PVP Crystal Powder Online is a relatively new chemical that is receiving a lot of media interest. A synthetic stimulant belonging to the cathinone and pyrovalerone &hellip;<\/p>\n<p class=\"read-more\"> <a class=\"\" href=\"https:\/\/legitgrams.com\/hu\/termek\/apvp\/\"> <span class=\"screen-reader-text\">APVP<\/span> Olvass tov\u00e1bb \"<\/a><\/p>","protected":false},"featured_media":3316,"comment_status":"open","ping_status":"closed","template":"","meta":{"_uag_custom_page_level_css":"","site-sidebar-layout":"default","site-content-layout":"default","ast-global-header-display":"","ast-main-header-display":"","ast-hfb-above-header-display":"","ast-hfb-below-header-display":"","ast-hfb-mobile-header-display":"","site-post-title":"","ast-breadcrumbs-content":"","ast-featured-img":"","footer-sml-layout":"","theme-transparent-header-meta":"default","adv-header-id-meta":"","stick-header-meta":"default","header-above-stick-meta":"","header-main-stick-meta":"","header-below-stick-meta":"","_joinchat":[]},"product_brand":[],"product_cat":[190],"product_tag":[331,332,333,334,335,336,337,338,339,340,341,342,343,344],"class_list":{"0":"post-3302","1":"product","2":"type-product","3":"status-publish","4":"has-post-thumbnail","6":"product_cat-cannabinoids","7":"product_tag-apvp-crystal-powder","8":"product_tag-beta-pvp-crystals","9":"product_tag-buy-a-pvp","10":"product_tag-buy-a-pvp-flakka","11":"product_tag-buy-apvp-crystals","12":"product_tag-buy-flakka","13":"product_tag-buy-flakka-online","14":"product_tag-flakka","15":"product_tag-how-can-i-buy-alpha-pvp-online-discreetly-russia","16":"product_tag-order-apvp-online","17":"product_tag-what-are-flakka-and-bath-salts","18":"product_tag-what-is-flakka-beta-pvp","19":"product_tag-where-can-i-buy-apvp-crystals-online","20":"product_tag-where-can-i-buy-flakka-khat","21":"desktop-align-left","22":"tablet-align-left","23":"mobile-align-left","24":"ast-product-gallery-layout-horizontal","25":"ast-product-gallery-with-no-image","26":"ast-product-single-variable","27":"ast-product-tabs-layout-horizontal","28":"ast-qv-on-image","30":"first","31":"instock","32":"shipping-taxable","33":"purchasable","34":"product-type-variable"},"yoast_head":"<!-- This site is optimized with the Yoast SEO plugin v25.9 - https:\/\/yoast.com\/wordpress\/plugins\/seo\/ -->\n<title>Get APVP for Sale - Buy APVP Powder Online @ Low Price<\/title>\n<meta name=\"description\" content=\"Your order for APVP for sale is our responsibility. We will take your order to buy APVP powder online into consideration and reach you in a short period. Place bulk orders now!\" \/>\n<meta name=\"robots\" content=\"index, follow, max-snippet:-1, max-image-preview:large, max-video-preview:-1\" \/>\n<link rel=\"canonical\" href=\"https:\/\/legitgrams.com\/hu\/termek\/apvp\/\" \/>\n<meta property=\"og:locale\" content=\"hu_HU\" \/>\n<meta property=\"og:type\" content=\"article\" \/>\n<meta property=\"og:title\" content=\"Get APVP for Sale - Buy APVP Powder Online @ Low Price\" \/>\n<meta property=\"og:description\" content=\"Your order for APVP for sale is our responsibility. We will take your order to buy APVP powder online into consideration and reach you in a short period. Place bulk orders now!\" \/>\n<meta property=\"og:url\" content=\"https:\/\/legitgrams.com\/hu\/termek\/apvp\/\" \/>\n<meta property=\"og:site_name\" content=\"Legit Grams\" \/>\n<meta property=\"article:modified_time\" content=\"2025-01-13T09:16:36+00:00\" \/>\n<meta property=\"og:image\" content=\"https:\/\/legitgrams.com\/wp-content\/uploads\/2024\/08\/APVP.gif\" \/>\n\t<meta property=\"og:image:width\" content=\"600\" \/>\n\t<meta property=\"og:image:height\" content=\"600\" \/>\n\t<meta property=\"og:image:type\" content=\"image\/gif\" \/>\n<meta name=\"twitter:card\" content=\"summary_large_image\" \/>\n<meta name=\"twitter:label1\" content=\"Becs\u00fclt olvas\u00e1si id\u0151\" \/>\n\t<meta name=\"twitter:data1\" content=\"3 perc\" \/>\n<script type=\"application\/ld+json\" class=\"yoast-schema-graph\">{\"@context\":\"https:\/\/schema.org\",\"@graph\":[{\"@type\":\"WebPage\",\"@id\":\"https:\/\/legitgrams.com\/product\/apvp\/\",\"url\":\"https:\/\/legitgrams.com\/product\/apvp\/\",\"name\":\"Get APVP for Sale - Buy APVP Powder Online @ Low Price\",\"isPartOf\":{\"@id\":\"https:\/\/legitgrams.com\/#website\"},\"primaryImageOfPage\":{\"@id\":\"https:\/\/legitgrams.com\/product\/apvp\/#primaryimage\"},\"image\":{\"@id\":\"https:\/\/legitgrams.com\/product\/apvp\/#primaryimage\"},\"thumbnailUrl\":\"https:\/\/legitgrams.com\/wp-content\/uploads\/2024\/08\/APVP.gif\",\"datePublished\":\"2024-08-03T05:48:41+00:00\",\"dateModified\":\"2025-01-13T09:16:36+00:00\",\"description\":\"Your order for APVP for sale is our responsibility. We will take your order to buy APVP powder online into consideration and reach you in a short period. Place bulk orders now!\",\"breadcrumb\":{\"@id\":\"https:\/\/legitgrams.com\/product\/apvp\/#breadcrumb\"},\"inLanguage\":\"hu\",\"potentialAction\":[{\"@type\":\"ReadAction\",\"target\":[\"https:\/\/legitgrams.com\/product\/apvp\/\"]}]},{\"@type\":\"ImageObject\",\"inLanguage\":\"hu\",\"@id\":\"https:\/\/legitgrams.com\/product\/apvp\/#primaryimage\",\"url\":\"https:\/\/legitgrams.com\/wp-content\/uploads\/2024\/08\/APVP.gif\",\"contentUrl\":\"https:\/\/legitgrams.com\/wp-content\/uploads\/2024\/08\/APVP.gif\",\"width\":600,\"height\":600,\"caption\":\"Pure A-PVP for Sale\"},{\"@type\":\"BreadcrumbList\",\"@id\":\"https:\/\/legitgrams.com\/product\/apvp\/#breadcrumb\",\"itemListElement\":[{\"@type\":\"ListItem\",\"position\":1,\"name\":\"Home\",\"item\":\"https:\/\/legitgrams.com\/\"},{\"@type\":\"ListItem\",\"position\":2,\"name\":\"Shop\",\"item\":\"https:\/\/legitgrams.com\/shop\/\"},{\"@type\":\"ListItem\",\"position\":3,\"name\":\"APVP\"}]},{\"@type\":\"WebSite\",\"@id\":\"https:\/\/legitgrams.com\/#website\",\"url\":\"https:\/\/legitgrams.com\/\",\"name\":\"Legit Grams\",\"description\":\"My WordPress Blog\",\"publisher\":{\"@id\":\"https:\/\/legitgrams.com\/#organization\"},\"potentialAction\":[{\"@type\":\"SearchAction\",\"target\":{\"@type\":\"EntryPoint\",\"urlTemplate\":\"https:\/\/legitgrams.com\/?s={search_term_string}\"},\"query-input\":{\"@type\":\"PropertyValueSpecification\",\"valueRequired\":true,\"valueName\":\"search_term_string\"}}],\"inLanguage\":\"hu\"},{\"@type\":\"Organization\",\"@id\":\"https:\/\/legitgrams.com\/#organization\",\"name\":\"Legit Grams\",\"url\":\"https:\/\/legitgrams.com\/\",\"logo\":{\"@type\":\"ImageObject\",\"inLanguage\":\"hu\",\"@id\":\"https:\/\/legitgrams.com\/#\/schema\/logo\/image\/\",\"url\":\"https:\/\/legitgrams.com\/wp-content\/uploads\/2024\/09\/main-logo.png\",\"contentUrl\":\"https:\/\/legitgrams.com\/wp-content\/uploads\/2024\/09\/main-logo.png\",\"width\":270,\"height\":75,\"caption\":\"Legit Grams\"},\"image\":{\"@id\":\"https:\/\/legitgrams.com\/#\/schema\/logo\/image\/\"}}]}<\/script>\n<!-- \/ Yoast SEO plugin. -->","yoast_head_json":{"title":"Kap APVP elad\u00f3 - V\u00e1s\u00e1roljon APVP port online @ Alacsony \u00e1ron","description":"Az APVP elad\u00f3 megrendel\u00e9se a mi felel\u0151ss\u00e9g\u00fcnk. Figyelembe vessz\u00fck az APVP por online v\u00e1s\u00e1rl\u00e1s\u00e1ra vonatkoz\u00f3 megrendel\u00e9s\u00e9t, \u00e9s r\u00f6vid id\u0151n bel\u00fcl el\u00e9rj\u00fck \u00d6nt. Adjon le nagy mennyis\u00e9g\u0171 megrendel\u00e9st most!","robots":{"index":"index","follow":"follow","max-snippet":"max-snippet:-1","max-image-preview":"max-image-preview:large","max-video-preview":"max-video-preview:-1"},"canonical":"https:\/\/legitgrams.com\/hu\/termek\/apvp\/","og_locale":"hu_HU","og_type":"article","og_title":"Get APVP for Sale - Buy APVP Powder Online @ Low Price","og_description":"Your order for APVP for sale is our responsibility. We will take your order to buy APVP powder online into consideration and reach you in a short period. Place bulk orders now!","og_url":"https:\/\/legitgrams.com\/hu\/termek\/apvp\/","og_site_name":"Legit Grams","article_modified_time":"2025-01-13T09:16:36+00:00","og_image":[{"width":600,"height":600,"url":"https:\/\/legitgrams.com\/wp-content\/uploads\/2024\/08\/APVP.gif","type":"image\/gif"}],"twitter_card":"summary_large_image","twitter_misc":{"Becs\u00fclt olvas\u00e1si id\u0151":"3 perc"},"schema":{"@context":"https:\/\/schema.org","@graph":[{"@type":"WebPage","@id":"https:\/\/legitgrams.com\/product\/apvp\/","url":"https:\/\/legitgrams.com\/product\/apvp\/","name":"Kap APVP elad\u00f3 - V\u00e1s\u00e1roljon APVP port online @ Alacsony \u00e1ron","isPartOf":{"@id":"https:\/\/legitgrams.com\/#website"},"primaryImageOfPage":{"@id":"https:\/\/legitgrams.com\/product\/apvp\/#primaryimage"},"image":{"@id":"https:\/\/legitgrams.com\/product\/apvp\/#primaryimage"},"thumbnailUrl":"https:\/\/legitgrams.com\/wp-content\/uploads\/2024\/08\/APVP.gif","datePublished":"2024-08-03T05:48:41+00:00","dateModified":"2025-01-13T09:16:36+00:00","description":"Az APVP elad\u00f3 megrendel\u00e9se a mi felel\u0151ss\u00e9g\u00fcnk. Figyelembe vessz\u00fck az APVP por online v\u00e1s\u00e1rl\u00e1s\u00e1ra vonatkoz\u00f3 megrendel\u00e9s\u00e9t, \u00e9s r\u00f6vid id\u0151n bel\u00fcl el\u00e9rj\u00fck \u00d6nt. Adjon le nagy mennyis\u00e9g\u0171 megrendel\u00e9st most!","breadcrumb":{"@id":"https:\/\/legitgrams.com\/product\/apvp\/#breadcrumb"},"inLanguage":"hu","potentialAction":[{"@type":"ReadAction","target":["https:\/\/legitgrams.com\/product\/apvp\/"]}]},{"@type":"ImageObject","inLanguage":"hu","@id":"https:\/\/legitgrams.com\/product\/apvp\/#primaryimage","url":"https:\/\/legitgrams.com\/wp-content\/uploads\/2024\/08\/APVP.gif","contentUrl":"https:\/\/legitgrams.com\/wp-content\/uploads\/2024\/08\/APVP.gif","width":600,"height":600,"caption":"Pure A-PVP for Sale"},{"@type":"BreadcrumbList","@id":"https:\/\/legitgrams.com\/product\/apvp\/#breadcrumb","itemListElement":[{"@type":"ListItem","position":1,"name":"Home","item":"https:\/\/legitgrams.com\/"},{"@type":"ListItem","position":2,"name":"Shop","item":"https:\/\/legitgrams.com\/shop\/"},{"@type":"ListItem","position":3,"name":"APVP"}]},{"@type":"WebSite","@id":"https:\/\/legitgrams.com\/#website","url":"https:\/\/legitgrams.com\/","name":"Legit Grams","description":"Az \u00e9n WordPress blogom","publisher":{"@id":"https:\/\/legitgrams.com\/#organization"},"potentialAction":[{"@type":"SearchAction","target":{"@type":"EntryPoint","urlTemplate":"https:\/\/legitgrams.com\/?s={search_term_string}"},"query-input":{"@type":"PropertyValueSpecification","valueRequired":true,"valueName":"search_term_string"}}],"inLanguage":"hu"},{"@type":"Organization","@id":"https:\/\/legitgrams.com\/#organization","name":"Legit Grams","url":"https:\/\/legitgrams.com\/","logo":{"@type":"ImageObject","inLanguage":"hu","@id":"https:\/\/legitgrams.com\/#\/schema\/logo\/image\/","url":"https:\/\/legitgrams.com\/wp-content\/uploads\/2024\/09\/main-logo.png","contentUrl":"https:\/\/legitgrams.com\/wp-content\/uploads\/2024\/09\/main-logo.png","width":270,"height":75,"caption":"Legit Grams"},"image":{"@id":"https:\/\/legitgrams.com\/#\/schema\/logo\/image\/"}}]}},"uagb_featured_image_src":{"full":["https:\/\/legitgrams.com\/wp-content\/uploads\/2024\/08\/APVP.gif",600,600,false],"thumbnail":["https:\/\/legitgrams.com\/wp-content\/uploads\/2024\/08\/APVP-150x150.gif",150,150,true],"medium":["https:\/\/legitgrams.com\/wp-content\/uploads\/2024\/08\/APVP-300x300.gif",300,300,true],"medium_large":["https:\/\/legitgrams.com\/wp-content\/uploads\/2024\/08\/APVP.gif",600,600,false],"large":["https:\/\/legitgrams.com\/wp-content\/uploads\/2024\/08\/APVP.gif",600,600,false],"1536x1536":["https:\/\/legitgrams.com\/wp-content\/uploads\/2024\/08\/APVP.gif",600,600,false],"2048x2048":["https:\/\/legitgrams.com\/wp-content\/uploads\/2024\/08\/APVP.gif",600,600,false],"trp-custom-language-flag":["https:\/\/legitgrams.com\/wp-content\/uploads\/2024\/08\/APVP-12x12.gif",12,12,true],"woocommerce_thumbnail":["https:\/\/legitgrams.com\/wp-content\/uploads\/2024\/08\/APVP-300x300.gif",300,300,true],"woocommerce_single":["https:\/\/legitgrams.com\/wp-content\/uploads\/2024\/08\/APVP.gif",600,600,false],"woocommerce_gallery_thumbnail":["https:\/\/legitgrams.com\/wp-content\/uploads\/2024\/08\/APVP-100x100.gif",100,100,true]},"uagb_author_info":{"display_name":"cokeblog18","author_link":"https:\/\/legitgrams.com\/hu\/author\/"},"uagb_comment_info":0,"uagb_excerpt":"For Sale: Pure A-PVP Purchase 99% Pure A-PVP from Nembutal | Buy Pure A-PVP secretly online Online APVP Purchase: As with MDPV and &#8220;bath salts&#8221; in early 2011, Buy a-PVP Crystal Powder Online is a relatively new chemical that is receiving a lot of media interest. A synthetic stimulant belonging to the cathinone and pyrovalerone&hellip;","_links":{"self":[{"href":"https:\/\/legitgrams.com\/hu\/wp-json\/wp\/v2\/product\/3302","targetHints":{"allow":["GET"]}}],"collection":[{"href":"https:\/\/legitgrams.com\/hu\/wp-json\/wp\/v2\/product"}],"about":[{"href":"https:\/\/legitgrams.com\/hu\/wp-json\/wp\/v2\/types\/product"}],"replies":[{"embeddable":true,"href":"https:\/\/legitgrams.com\/hu\/wp-json\/wp\/v2\/comments?post=3302"}],"wp:featuredmedia":[{"embeddable":true,"href":"https:\/\/legitgrams.com\/hu\/wp-json\/wp\/v2\/media\/3316"}],"wp:attachment":[{"href":"https:\/\/legitgrams.com\/hu\/wp-json\/wp\/v2\/media?parent=3302"}],"wp:term":[{"taxonomy":"product_brand","embeddable":true,"href":"https:\/\/legitgrams.com\/hu\/wp-json\/wp\/v2\/product_brand?post=3302"},{"taxonomy":"product_cat","embeddable":true,"href":"https:\/\/legitgrams.com\/hu\/wp-json\/wp\/v2\/product_cat?post=3302"},{"taxonomy":"product_tag","embeddable":true,"href":"https:\/\/legitgrams.com\/hu\/wp-json\/wp\/v2\/product_tag?post=3302"}],"curies":[{"name":"wp","href":"https:\/\/api.w.org\/{rel}","templated":true}]}}