{"id":3305,"date":"2024-08-03T05:48:54","date_gmt":"2024-08-03T05:48:54","guid":{"rendered":"https:\/\/cokebricks.com\/?post_type=product&#038;p=3305"},"modified":"2025-01-13T10:13:56","modified_gmt":"2025-01-13T10:13:56","slug":"bmdp","status":"publish","type":"product","link":"https:\/\/legitgrams.com\/hu\/termek\/bmdp\/","title":{"rendered":"BMDP"},"content":{"rendered":"<h2>For Sale: BMDP Powder<\/h2>\n<p>A metilonhoz hasonl\u00f3 szerkezet\u0171 helyettes\u00edtett katinont BMDP-nek neveznek. Egy fenilcsal\u00e1d hozz\u00e1ad\u00e1sa az aminometil-csoporthoz <a href=\"https:\/\/legitgrams.com\/hu\/termek\/bmdp\/\">BMDP<\/a> molekula jelent\u0151sen cs\u00f6kkenti oldhat\u00f3s\u00e1g\u00e1t foly\u00e9kony oldatokban. Jelenleg nem \u00e1ll rendelkez\u00e9sre inform\u00e1ci\u00f3 a BMDP fiziol\u00f3giai \u00e9s toxikol\u00f3giai tulajdons\u00e1gair\u00f3l. A BMDP-t csak t\u00f6rv\u00e9nysz\u00e9ki vizsg\u00e1latokban \u00e9s alkalmaz\u00e1sokban val\u00f3 felhaszn\u00e1l\u00e1sra sz\u00e1nj\u00e1k.<\/p>\n<p>Az els\u0151 [amino (fenil-metil)] a hivatalos neve. 1,3-propanon 2,3-(1,3-benzodioxol-5-il)-monohidroklorid<\/p>\n<p>Alternat\u00edv kifejez\u00e9sek: BMDP<\/p>\n<p>S\u00faly a k\u00e9pletben: 319,8<\/p>\n<p>99% tiszta<\/p>\n<h3>Kiszerel\u00e9s: krist\u00e1lyokat tartalmaz\u00f3 szil\u00e1rd anyag<\/h3>\n<p>Egyes stimul\u00e1nsok \u00e9s entaktog\u00e9nek a helyettes\u00edtett katinonok p\u00e9ld\u00e1i, amelyeket katinonb\u00f3l \u00e1ll\u00edtanak el\u0151. Egy\u00e9b szubsztit\u00faci\u00f3k mellett tartalmaznak egy fenetil-amin magot, amelyben egy ketoncsoport kapcsol\u00f3dik a b\u00e9ta sz\u00e9nhez \u00e9s egy alkilcsoport kapcsol\u00f3dik az alfa sz\u00e9nhez. A khat n\u00f6v\u00e9ny, amely leveleib\u0151l BMDP port \u00e1ll\u00edt el\u0151, egy helyettes\u00edtett katinon, amely szerkezet\u00e9ben a metilonra hasonl\u00edt. Ha a BMDP pormolekula aminometil-csoportj\u00e1hoz fenilcsoportot adunk, a molekula foly\u00e9kony oldatokban val\u00f3 oldhat\u00f3s\u00e1ga jelent\u0151sen cs\u00f6kken. A legt\u00f6bb <a href=\"https:\/\/en.wikipedia.org\/wiki\/BMDP\">BMDP<\/a> a por fiziol\u00f3giai \u00e9s toxikol\u00f3giai tulajdons\u00e1gai jelenleg nem ismertek. A BMDP port csak tudom\u00e1nyos \u00e9s t\u00f6rv\u00e9nysz\u00e9ki k\u00f6r\u00fclm\u00e9nyek k\u00f6z\u00f6tt haszn\u00e1lj\u00e1k. <a href=\"https:\/\/legitgrams.com\/hu\/\">LegitGrams<\/a><\/p>\n<h3>Mi az a BDMP?<\/h3>\n<p>K\u00e9miai kutat\u00e1s A BMDP a szintetikus katinonok oszt\u00e1ly\u00e1ba tartozik. Ez a kutat\u00e1si vegyszer nagyon hasonl\u00edt a metilonhoz. Jelenleg kev\u00e9s vizsg\u00e1lati jelent\u00e9s \u00e9s k\u00eds\u00e9rleti adat \u00e1ll rendelkez\u00e9sre a BDMP-r\u0151l, mivel ez egy viszonylag \u00faj kutat\u00e1si vegy\u00fclet. A korai besz\u00e1mol\u00f3k szerint azonban a k\u00eds\u00e9rlet olyan eredm\u00e9nyeket hozott, mint a megn\u00f6vekedett emp\u00e1tia, motiv\u00e1ci\u00f3, g\u00e1tl\u00e1stalans\u00e1g, szorong\u00e1scs\u00f6kkent\u00e9s, gyorsabb ment\u00e1lis feldolgoz\u00e1s, spont\u00e1n fizikai \u00e9rz\u00e9sek, tapint\u00e1si feljav\u00edt\u00e1s \u00e9s jobb zene\u00e9rt\u00e9s. Amikor BDMP-vizsg\u00e1latokat v\u00e9gez, mindig haszn\u00e1ljon v\u00e9d\u0151szem\u00fcveget, \u00e9s k\u00f6vesse a megfelel\u0151 laborat\u00f3riumi biztons\u00e1gi elj\u00e1r\u00e1sokat. Ne haszn\u00e1ljon t\u00fal sokat bel\u0151le a hatalmas hat\u00e9konys\u00e1ga miatt.<\/p>","protected":false},"excerpt":{"rendered":"<p>For Sale: BMDP Powder A substituted cathinone with structural similarities to methylone is called BMDP. The addition of a phenyl family to the aminomethyl group of the BMDP molecule significantly reduces its solubility in liquid solutions. There is currently no information available regarding the physiological and toxicological properties of BMDP. BMDP is only intended for &hellip;<\/p>\n<p class=\"read-more\"> <a class=\"\" href=\"https:\/\/legitgrams.com\/hu\/termek\/bmdp\/\"> <span class=\"screen-reader-text\">BMDP<\/span> Olvass tov\u00e1bb \"<\/a><\/p>","protected":false},"featured_media":3319,"comment_status":"open","ping_status":"closed","template":"","meta":{"_uag_custom_page_level_css":"","site-sidebar-layout":"default","site-content-layout":"default","ast-global-header-display":"","ast-main-header-display":"","ast-hfb-above-header-display":"","ast-hfb-below-header-display":"","ast-hfb-mobile-header-display":"","site-post-title":"","ast-breadcrumbs-content":"","ast-featured-img":"","footer-sml-layout":"","theme-transparent-header-meta":"default","adv-header-id-meta":"","stick-header-meta":"default","header-above-stick-meta":"","header-main-stick-meta":"","header-below-stick-meta":"","_joinchat":[]},"product_brand":[],"product_cat":[190],"product_tag":[307,308,309,310,299,300,301,302,303,304,305,306],"class_list":{"0":"post-3305","1":"product","2":"type-product","3":"status-publish","4":"has-post-thumbnail","6":"product_cat-cannabinoids","7":"product_tag-bmdp-cannabinoids","8":"product_tag-bmdp-cannabinoids-for-sale","9":"product_tag-bmdp-cannabinoids-reddit","10":"product_tag-bmdp-chemical","11":"product_tag-bmdp-powder-australia","12":"product_tag-bmdp-powder-canada","13":"product_tag-bmdp-powder-greece","14":"product_tag-bmdp-powder-kuwait","15":"product_tag-bmdp-powder-review","16":"product_tag-bmdp-powder-spain","17":"product_tag-bmdp-powder-uk","18":"product_tag-bmdp-powder-usa","19":"desktop-align-left","20":"tablet-align-left","21":"mobile-align-left","22":"ast-product-gallery-layout-horizontal","23":"ast-product-gallery-with-no-image","24":"ast-product-single-variable","25":"ast-product-tabs-layout-horizontal","26":"ast-qv-on-image","28":"first","29":"instock","30":"shipping-taxable","31":"purchasable","32":"product-type-variable"},"yoast_head":"<!-- This site is optimized with the Yoast SEO plugin v25.9 - https:\/\/yoast.com\/wordpress\/plugins\/seo\/ -->\n<title>BMDP for Sale Online - Buy BMDP Powder with Discreet Shipping<\/title>\n<meta name=\"description\" content=\"Get BMDP for sale online from our Legitgrams at affordable rates. Our team will help you buy BMDP powder online. Order Today with fast and secure delivery service!\" \/>\n<meta name=\"robots\" content=\"index, follow, max-snippet:-1, max-image-preview:large, max-video-preview:-1\" \/>\n<link rel=\"canonical\" href=\"https:\/\/legitgrams.com\/hu\/termek\/bmdp\/\" \/>\n<meta property=\"og:locale\" content=\"hu_HU\" \/>\n<meta property=\"og:type\" content=\"article\" \/>\n<meta property=\"og:title\" content=\"BMDP for Sale Online - Buy BMDP Powder with Discreet Shipping\" \/>\n<meta property=\"og:description\" content=\"Get BMDP for sale online from our Legitgrams at affordable rates. Our team will help you buy BMDP powder online. Order Today with fast and secure delivery service!\" \/>\n<meta property=\"og:url\" content=\"https:\/\/legitgrams.com\/hu\/termek\/bmdp\/\" \/>\n<meta property=\"og:site_name\" content=\"Legit Grams\" \/>\n<meta property=\"article:modified_time\" content=\"2025-01-13T10:13:56+00:00\" \/>\n<meta property=\"og:image\" content=\"https:\/\/legitgrams.com\/wp-content\/uploads\/2024\/08\/BMDP.gif\" \/>\n\t<meta property=\"og:image:width\" content=\"600\" \/>\n\t<meta property=\"og:image:height\" content=\"600\" \/>\n\t<meta property=\"og:image:type\" content=\"image\/gif\" \/>\n<meta name=\"twitter:card\" content=\"summary_large_image\" \/>\n<meta name=\"twitter:label1\" content=\"Becs\u00fclt olvas\u00e1si id\u0151\" \/>\n\t<meta name=\"twitter:data1\" content=\"2 perc\" \/>\n<script type=\"application\/ld+json\" class=\"yoast-schema-graph\">{\"@context\":\"https:\/\/schema.org\",\"@graph\":[{\"@type\":\"WebPage\",\"@id\":\"https:\/\/legitgrams.com\/product\/bmdp\/\",\"url\":\"https:\/\/legitgrams.com\/product\/bmdp\/\",\"name\":\"BMDP for Sale Online - Buy BMDP Powder with Discreet Shipping\",\"isPartOf\":{\"@id\":\"https:\/\/legitgrams.com\/#website\"},\"primaryImageOfPage\":{\"@id\":\"https:\/\/legitgrams.com\/product\/bmdp\/#primaryimage\"},\"image\":{\"@id\":\"https:\/\/legitgrams.com\/product\/bmdp\/#primaryimage\"},\"thumbnailUrl\":\"https:\/\/legitgrams.com\/wp-content\/uploads\/2024\/08\/BMDP.gif\",\"datePublished\":\"2024-08-03T05:48:54+00:00\",\"dateModified\":\"2025-01-13T10:13:56+00:00\",\"description\":\"Get BMDP for sale online from our Legitgrams at affordable rates. Our team will help you buy BMDP powder online. Order Today with fast and secure delivery service!\",\"breadcrumb\":{\"@id\":\"https:\/\/legitgrams.com\/product\/bmdp\/#breadcrumb\"},\"inLanguage\":\"hu\",\"potentialAction\":[{\"@type\":\"ReadAction\",\"target\":[\"https:\/\/legitgrams.com\/product\/bmdp\/\"]}]},{\"@type\":\"ImageObject\",\"inLanguage\":\"hu\",\"@id\":\"https:\/\/legitgrams.com\/product\/bmdp\/#primaryimage\",\"url\":\"https:\/\/legitgrams.com\/wp-content\/uploads\/2024\/08\/BMDP.gif\",\"contentUrl\":\"https:\/\/legitgrams.com\/wp-content\/uploads\/2024\/08\/BMDP.gif\",\"width\":600,\"height\":600,\"caption\":\"BMDP for Sale\"},{\"@type\":\"BreadcrumbList\",\"@id\":\"https:\/\/legitgrams.com\/product\/bmdp\/#breadcrumb\",\"itemListElement\":[{\"@type\":\"ListItem\",\"position\":1,\"name\":\"Home\",\"item\":\"https:\/\/legitgrams.com\/\"},{\"@type\":\"ListItem\",\"position\":2,\"name\":\"Shop\",\"item\":\"https:\/\/legitgrams.com\/shop\/\"},{\"@type\":\"ListItem\",\"position\":3,\"name\":\"BMDP\"}]},{\"@type\":\"WebSite\",\"@id\":\"https:\/\/legitgrams.com\/#website\",\"url\":\"https:\/\/legitgrams.com\/\",\"name\":\"Legit Grams\",\"description\":\"My WordPress Blog\",\"publisher\":{\"@id\":\"https:\/\/legitgrams.com\/#organization\"},\"potentialAction\":[{\"@type\":\"SearchAction\",\"target\":{\"@type\":\"EntryPoint\",\"urlTemplate\":\"https:\/\/legitgrams.com\/?s={search_term_string}\"},\"query-input\":{\"@type\":\"PropertyValueSpecification\",\"valueRequired\":true,\"valueName\":\"search_term_string\"}}],\"inLanguage\":\"hu\"},{\"@type\":\"Organization\",\"@id\":\"https:\/\/legitgrams.com\/#organization\",\"name\":\"Legit Grams\",\"url\":\"https:\/\/legitgrams.com\/\",\"logo\":{\"@type\":\"ImageObject\",\"inLanguage\":\"hu\",\"@id\":\"https:\/\/legitgrams.com\/#\/schema\/logo\/image\/\",\"url\":\"https:\/\/legitgrams.com\/wp-content\/uploads\/2024\/09\/main-logo.png\",\"contentUrl\":\"https:\/\/legitgrams.com\/wp-content\/uploads\/2024\/09\/main-logo.png\",\"width\":270,\"height\":75,\"caption\":\"Legit Grams\"},\"image\":{\"@id\":\"https:\/\/legitgrams.com\/#\/schema\/logo\/image\/\"}}]}<\/script>\n<!-- \/ Yoast SEO plugin. -->","yoast_head_json":{"title":"BMDP elad\u00f3 online - V\u00e1s\u00e1roljon BMDP por diszkr\u00e9t sz\u00e1ll\u00edt\u00e1ssal","description":"Kap BMDP elad\u00f3 online a mi Legitgrams megfizethet\u0151 \u00e1ron. Csapatunk seg\u00edt v\u00e1s\u00e1rolni BMDP por online. Rendeljen ma gyors \u00e9s biztons\u00e1gos sz\u00e1ll\u00edt\u00e1si szolg\u00e1ltat\u00e1ssal!","robots":{"index":"index","follow":"follow","max-snippet":"max-snippet:-1","max-image-preview":"max-image-preview:large","max-video-preview":"max-video-preview:-1"},"canonical":"https:\/\/legitgrams.com\/hu\/termek\/bmdp\/","og_locale":"hu_HU","og_type":"article","og_title":"BMDP for Sale Online - Buy BMDP Powder with Discreet Shipping","og_description":"Get BMDP for sale online from our Legitgrams at affordable rates. Our team will help you buy BMDP powder online. Order Today with fast and secure delivery service!","og_url":"https:\/\/legitgrams.com\/hu\/termek\/bmdp\/","og_site_name":"Legit Grams","article_modified_time":"2025-01-13T10:13:56+00:00","og_image":[{"width":600,"height":600,"url":"https:\/\/legitgrams.com\/wp-content\/uploads\/2024\/08\/BMDP.gif","type":"image\/gif"}],"twitter_card":"summary_large_image","twitter_misc":{"Becs\u00fclt olvas\u00e1si id\u0151":"2 perc"},"schema":{"@context":"https:\/\/schema.org","@graph":[{"@type":"WebPage","@id":"https:\/\/legitgrams.com\/product\/bmdp\/","url":"https:\/\/legitgrams.com\/product\/bmdp\/","name":"BMDP elad\u00f3 online - V\u00e1s\u00e1roljon BMDP por diszkr\u00e9t sz\u00e1ll\u00edt\u00e1ssal","isPartOf":{"@id":"https:\/\/legitgrams.com\/#website"},"primaryImageOfPage":{"@id":"https:\/\/legitgrams.com\/product\/bmdp\/#primaryimage"},"image":{"@id":"https:\/\/legitgrams.com\/product\/bmdp\/#primaryimage"},"thumbnailUrl":"https:\/\/legitgrams.com\/wp-content\/uploads\/2024\/08\/BMDP.gif","datePublished":"2024-08-03T05:48:54+00:00","dateModified":"2025-01-13T10:13:56+00:00","description":"Kap BMDP elad\u00f3 online a mi Legitgrams megfizethet\u0151 \u00e1ron. Csapatunk seg\u00edt v\u00e1s\u00e1rolni BMDP por online. Rendeljen ma gyors \u00e9s biztons\u00e1gos sz\u00e1ll\u00edt\u00e1si szolg\u00e1ltat\u00e1ssal!","breadcrumb":{"@id":"https:\/\/legitgrams.com\/product\/bmdp\/#breadcrumb"},"inLanguage":"hu","potentialAction":[{"@type":"ReadAction","target":["https:\/\/legitgrams.com\/product\/bmdp\/"]}]},{"@type":"ImageObject","inLanguage":"hu","@id":"https:\/\/legitgrams.com\/product\/bmdp\/#primaryimage","url":"https:\/\/legitgrams.com\/wp-content\/uploads\/2024\/08\/BMDP.gif","contentUrl":"https:\/\/legitgrams.com\/wp-content\/uploads\/2024\/08\/BMDP.gif","width":600,"height":600,"caption":"BMDP for Sale"},{"@type":"BreadcrumbList","@id":"https:\/\/legitgrams.com\/product\/bmdp\/#breadcrumb","itemListElement":[{"@type":"ListItem","position":1,"name":"Home","item":"https:\/\/legitgrams.com\/"},{"@type":"ListItem","position":2,"name":"Shop","item":"https:\/\/legitgrams.com\/shop\/"},{"@type":"ListItem","position":3,"name":"BMDP"}]},{"@type":"WebSite","@id":"https:\/\/legitgrams.com\/#website","url":"https:\/\/legitgrams.com\/","name":"Legit Grams","description":"Az \u00e9n WordPress blogom","publisher":{"@id":"https:\/\/legitgrams.com\/#organization"},"potentialAction":[{"@type":"SearchAction","target":{"@type":"EntryPoint","urlTemplate":"https:\/\/legitgrams.com\/?s={search_term_string}"},"query-input":{"@type":"PropertyValueSpecification","valueRequired":true,"valueName":"search_term_string"}}],"inLanguage":"hu"},{"@type":"Organization","@id":"https:\/\/legitgrams.com\/#organization","name":"Legit Grams","url":"https:\/\/legitgrams.com\/","logo":{"@type":"ImageObject","inLanguage":"hu","@id":"https:\/\/legitgrams.com\/#\/schema\/logo\/image\/","url":"https:\/\/legitgrams.com\/wp-content\/uploads\/2024\/09\/main-logo.png","contentUrl":"https:\/\/legitgrams.com\/wp-content\/uploads\/2024\/09\/main-logo.png","width":270,"height":75,"caption":"Legit Grams"},"image":{"@id":"https:\/\/legitgrams.com\/#\/schema\/logo\/image\/"}}]}},"uagb_featured_image_src":{"full":["https:\/\/legitgrams.com\/wp-content\/uploads\/2024\/08\/BMDP.gif",600,600,false],"thumbnail":["https:\/\/legitgrams.com\/wp-content\/uploads\/2024\/08\/BMDP-150x150.gif",150,150,true],"medium":["https:\/\/legitgrams.com\/wp-content\/uploads\/2024\/08\/BMDP-300x300.gif",300,300,true],"medium_large":["https:\/\/legitgrams.com\/wp-content\/uploads\/2024\/08\/BMDP.gif",600,600,false],"large":["https:\/\/legitgrams.com\/wp-content\/uploads\/2024\/08\/BMDP.gif",600,600,false],"1536x1536":["https:\/\/legitgrams.com\/wp-content\/uploads\/2024\/08\/BMDP.gif",600,600,false],"2048x2048":["https:\/\/legitgrams.com\/wp-content\/uploads\/2024\/08\/BMDP.gif",600,600,false],"trp-custom-language-flag":["https:\/\/legitgrams.com\/wp-content\/uploads\/2024\/08\/BMDP-12x12.gif",12,12,true],"woocommerce_thumbnail":["https:\/\/legitgrams.com\/wp-content\/uploads\/2024\/08\/BMDP-300x300.gif",300,300,true],"woocommerce_single":["https:\/\/legitgrams.com\/wp-content\/uploads\/2024\/08\/BMDP.gif",600,600,false],"woocommerce_gallery_thumbnail":["https:\/\/legitgrams.com\/wp-content\/uploads\/2024\/08\/BMDP-100x100.gif",100,100,true]},"uagb_author_info":{"display_name":"cokeblog18","author_link":"https:\/\/legitgrams.com\/hu\/author\/"},"uagb_comment_info":0,"uagb_excerpt":"For Sale: BMDP Powder A substituted cathinone with structural similarities to methylone is called BMDP. The addition of a phenyl family to the aminomethyl group of the BMDP molecule significantly reduces its solubility in liquid solutions. There is currently no information available regarding the physiological and toxicological properties of BMDP. BMDP is only intended for&hellip;","_links":{"self":[{"href":"https:\/\/legitgrams.com\/hu\/wp-json\/wp\/v2\/product\/3305","targetHints":{"allow":["GET"]}}],"collection":[{"href":"https:\/\/legitgrams.com\/hu\/wp-json\/wp\/v2\/product"}],"about":[{"href":"https:\/\/legitgrams.com\/hu\/wp-json\/wp\/v2\/types\/product"}],"replies":[{"embeddable":true,"href":"https:\/\/legitgrams.com\/hu\/wp-json\/wp\/v2\/comments?post=3305"}],"wp:featuredmedia":[{"embeddable":true,"href":"https:\/\/legitgrams.com\/hu\/wp-json\/wp\/v2\/media\/3319"}],"wp:attachment":[{"href":"https:\/\/legitgrams.com\/hu\/wp-json\/wp\/v2\/media?parent=3305"}],"wp:term":[{"taxonomy":"product_brand","embeddable":true,"href":"https:\/\/legitgrams.com\/hu\/wp-json\/wp\/v2\/product_brand?post=3305"},{"taxonomy":"product_cat","embeddable":true,"href":"https:\/\/legitgrams.com\/hu\/wp-json\/wp\/v2\/product_cat?post=3305"},{"taxonomy":"product_tag","embeddable":true,"href":"https:\/\/legitgrams.com\/hu\/wp-json\/wp\/v2\/product_tag?post=3305"}],"curies":[{"name":"wp","href":"https:\/\/api.w.org\/{rel}","templated":true}]}}