{"id":3310,"date":"2024-08-03T05:49:56","date_gmt":"2024-08-03T05:49:56","guid":{"rendered":"https:\/\/cokebricks.com\/?post_type=product&#038;p=3310"},"modified":"2025-03-08T05:52:58","modified_gmt":"2025-03-08T05:52:58","slug":"adbb","status":"publish","type":"product","link":"https:\/\/legitgrams.com\/hu\/termek\/adbb\/","title":{"rendered":"ADBB online megv\u00e1s\u00e1rl\u00e1sa"},"content":{"rendered":"<h2>ADBB por elad\u00f3<\/h2>\n<p><a href=\"https:\/\/en.wikipedia.org\/wiki\/ADB\">ADBB online megv\u00e1s\u00e1rl\u00e1sa<\/a> Bizonyos szintetikus kannabiszterm\u00e9kek egy \u00fajonnan kifejlesztett szintetikus k\u00e1b\u00edt\u00f3szer, az \u00fan. <a href=\"https:\/\/www.bing.com\/search?q=Buy%20ADBB%20Online&amp;qs=n&amp;form=QBRE&amp;sp=-1&amp;lq=0&amp;pq=buy%20adbb%20online&amp;sc=10-15&amp;sk=&amp;cvid=E242E5DB1CF647E7817D78DD43004610&amp;ghsh=0&amp;ghacc=0&amp;ghpl=\">ADBB<\/a>Ezek az er\u0151s agonist\u00e1k, EC50-\u00e9rt\u00e9keik 0,52 nM, illetve 0,88 nM.<\/p>\n<p>CB1 \u00e9s CB2 receptorok. Mindazon\u00e1ltal semmit sem tudunk e vegy\u00fclet fiziol\u00f3giai vagy toxikol\u00f3giai jellemz\u0151ir\u0151l.<\/p>\n<p>Mire haszn\u00e1lj\u00e1k az ADBB-t?<\/p>\n<p>It is not appropriate for humans to consume the <a href=\"https:\/\/www.bing.com\/search?q=Buy%20ADBB%20Online&amp;qs=n&amp;form=QBRE&amp;sp=-1&amp;lq=0&amp;pq=buy%20adbb%20online&amp;sc=10-15&amp;sk=&amp;cvid=E242E5DB1CF647E7817D78DD43004610&amp;ghsh=0&amp;ghacc=0&amp;ghpl=\">ADBB<\/a> medication. Researchers at forensic labs utilize this substance as a study chemical.<\/p>\n<h3>Milyen k\u00e1ros k\u00f6vetkezm\u00e9nyei vannak az ADBB-nek?<\/h3>\n<p>The following adverse consequences could result from using <a href=\"https:\/\/www.google.com\/search?q=Buy+ADBB+Online&amp;num=10&amp;sca_esv=1a2a07081c7891bb&amp;rlz=1C1RXQR_enIN1098IN1098&amp;sxsrf=AHTn8zr-KHxTTLzGR5g6z-5wgoi7gWgkjA%3A1741412995864&amp;ei=g9rLZ7u2NMTg1e8P4ve-qQE&amp;ved=0ahUKEwj7g5r45PmLAxVEcPUHHeK7LxUQ4dUDCBI&amp;uact=5&amp;oq=Buy+ADBB+Online&amp;gs_lp=Egxnd3Mtd2l6LXNlcnAiD0J1eSBBREJCIE9ubGluZTIHEAAYgAQYDTILEAAYFhjHAxgKGB4yCBAAGAgYDRgeMggQABgIGA0YHjIIEAAYCBgNGB4yCBAAGAgYDRgeMggQABgIGA0YHjIIEAAYCBgNGB4yCBAAGAgYDRgeMggQABgIGA0YHkiICFCCBFiCBHACeACQAQCYAZ4BoAGeAaoBAzAuMbgBA8gBAPgBAvgBAZgCAaACrgGYAwCIBgGSBwMwLjGgB-gG&amp;sclient=gws-wiz-serp\">ADBB powder<\/a> over time:<\/p>\n<p>o Hallucin\u00e1ci\u00f3k<\/p>\n<p>o Kardiotoxicit\u00e1s<\/p>\n<p>o G\u00f6rcs\u00f6k<\/p>\n<p>o Alacsony testh\u0151m\u00e9rs\u00e9klet<\/p>\n<h4>Hogyan szerzett tudom\u00e1st a Butinaca ADB-r\u0151l?<\/h4>\n<p>Without rational testing, <a href=\"https:\/\/www.google.com\/search?q=Buy+ADBB+Online&amp;num=10&amp;sca_esv=1a2a07081c7891bb&amp;rlz=1C1RXQR_enIN1098IN1098&amp;sxsrf=AHTn8zr-KHxTTLzGR5g6z-5wgoi7gWgkjA%3A1741412995864&amp;ei=g9rLZ7u2NMTg1e8P4ve-qQE&amp;ved=0ahUKEwj7g5r45PmLAxVEcPUHHeK7LxUQ4dUDCBI&amp;uact=5&amp;oq=Buy+ADBB+Online&amp;gs_lp=Egxnd3Mtd2l6LXNlcnAiD0J1eSBBREJCIE9ubGluZTIHEAAYgAQYDTILEAAYFhjHAxgKGB4yCBAAGAgYDRgeMggQABgIGA0YHjIIEAAYCBgNGB4yCBAAGAgYDRgeMggQABgIGA0YHjIIEAAYCBgNGB4yCBAAGAgYDRgeMggQABgIGA0YHkiICFCCBFiCBHACeACQAQCYAZ4BoAGeAaoBAzAuMbgBA8gBAPgBAvgBAZgCAaACrgGYAwCIBgGSBwMwLjGgB-gG&amp;sclient=gws-wiz-serp\">ADB Butinaca<\/a> Racion\u00e1lis tesztel\u00e9s n\u00e9lk\u00fcl az ADB Butinaca nehezen felismerhet\u0151. Szeret keveredni m\u00e1s, \u00e9rt\u00e9kes\u00edt\u00e9sre sz\u00e1nt ADB Butinaca term\u00e9kekkel, \u00e9s a term\u00e9szetben vil\u00e1gosbarna vagy s\u00e1rg\u00e1s sz\u00edn\u0171 r\u00e9szecsk\u00e9k form\u00e1j\u00e1ban fordul el\u0151. Az azonos\u00edt\u00e1s akkor v\u00e1lik kih\u00edv\u00e1ss\u00e1, ha egy k\u00f3stol\u00f3ban kis mennyis\u00e9g\u0171 ADB Butinaca van jelen, mivel a k\u00fcl\u00f6nb\u00f6z\u0151 eszk\u00f6z\u00f6k homlokzati azonos\u00edt\u00f3kat haszn\u00e1lhatnak, bele\u00e9rtve a sz\u00ednt, az illatot \u00e9s az \u00edzt. Ezen t\u00falmen\u0151en besz\u00e9lhetnek vagy vampedezhetnek. Az emberek behelyezik a tartalmazott mint\u00e1kat, amelyeket az ADB Butinaca utcai k\u00e1b\u00edt\u00f3szerk\u00e9nt \u00e9rt\u00e9kes\u00edtenek. Az \u00fcgyfelek v\u00e9lem\u00e9nye az ADB Butinaca-r\u00f3l nagyr\u00e9szt csak azut\u00e1n volt pozit\u00edv, hogy haszn\u00e1lt\u00e1k a v\u00e1llalatot. A kutat\u00f3knak \u00e9s a k\u00e9mia szerelmeseinek fantasztikus lehet\u0151s\u00e9g\u00fck van arra, hogy leny\u0171g\u00f6z\u0151 k\u00eds\u00e9rleteket v\u00e9gezzenek, \u00e9s utat nyissanak ennek az anyagnak a k\u00e9miai jellemz\u0151inek felfedez\u00e9s\u00e9ben, mivel olyan keveset tudnak r\u00f3la. <a href=\"https:\/\/www.google.com\/search?q=Buy+ADBB+Online&amp;num=10&amp;sca_esv=1a2a07081c7891bb&amp;rlz=1C1RXQR_enIN1098IN1098&amp;sxsrf=AHTn8zr-KHxTTLzGR5g6z-5wgoi7gWgkjA%3A1741412995864&amp;ei=g9rLZ7u2NMTg1e8P4ve-qQE&amp;ved=0ahUKEwj7g5r45PmLAxVEcPUHHeK7LxUQ4dUDCBI&amp;uact=5&amp;oq=Buy+ADBB+Online&amp;gs_lp=Egxnd3Mtd2l6LXNlcnAiD0J1eSBBREJCIE9ubGluZTIHEAAYgAQYDTILEAAYFhjHAxgKGB4yCBAAGAgYDRgeMggQABgIGA0YHjIIEAAYCBgNGB4yCBAAGAgYDRgeMggQABgIGA0YHjIIEAAYCBgNGB4yCBAAGAgYDRgeMggQABgIGA0YHkiICFCCBFiCBHACeACQAQCYAZ4BoAGeAaoBAzAuMbgBA8gBAPgBAvgBAZgCAaACrgGYAwCIBgGSBwMwLjGgB-gG&amp;sclient=gws-wiz-serp\">ADB Butinaca<\/a>. Customers&#8217; reviews of ADB Butinaca were largely positive only after they had used the company. Researchers and chemistry lovers have a fantastic opportunity to conduct fascinating experiments and pave the way in discovering the chemical characteristics of this material because so little is known about it.<\/p>\n<h4>Mi k\u00e9szteti az embereket az ADB Butinaca v\u00e1s\u00e1rl\u00e1s\u00e1ra?<\/h4>\n<p>Megtal\u00e1lhat\u00f3 n\u00e9h\u00e1ny mesters\u00e9ges kannabiszterm\u00e9kben. A j\u00f3l ismert amerikai gy\u00f3gyszeripari v\u00e1llalat, a Pfizer azzal a sz\u00e1nd\u00e9kkal hozta l\u00e9tre ezt a diz\u00e1jner gy\u00f3gyszert, hogy potenci\u00e1lis f\u00e1jdalomcsillap\u00edt\u00f3k\u00e9nt haszn\u00e1lja. Ha \u00d6n kutat\u00f3, \u00e9s kutat\u00e1sra szeretn\u00e9 haszn\u00e1lni, tiszt\u00e1ban kell lennie a lehets\u00e9ges vesz\u00e9lyekkel \u00e9s mell\u00e9khat\u00e1sokkal. A t\u00f6bbi szintetikus kannabinoidhoz hasonl\u00f3an pszichotr\u00f3p tulajdons\u00e1gokkal rendelkezik. Ezenk\u00edv\u00fcl sz\u00e1mos k\u00e1ros k\u00f6vetkezm\u00e9nyt hoztak \u00f6sszef\u00fcgg\u00e9sbe ezzel a k\u00e1b\u00edt\u00f3szerrel. Megv\u00e1s\u00e1rolhatja ezt a gy\u00f3gyszert, hogy az ADB Butinaca-t online az Orange Hems, egy megb\u00edzhat\u00f3 online kiskeresked\u0151t\u0151l szerezze be. <a href=\"https:\/\/duckduckgo.com\/?q=Buy+ADBB+Online&amp;t=h_&amp;ia=web\">ADB Butinaca online<\/a> from Orange Hems, a reliable online retailer.<\/p>\n<h4>Milyen k\u00f6vetkezm\u00e9nyei vannak az ADB Butinac\u00e1nak?<\/h4>\n<p><a href=\"https:\/\/legitgrams.com\/hu\/termek\/adbb\/\">ADB-BUTINACA<\/a> egy \u00fajszer\u0171, hat\u00e1sos anyag, amelyet jellemz\u0151en a kutat\u00e1sban haszn\u00e1lnak fel. Ezek az \u00fajszer\u0171 szintetikus kannabinoidok a szervezet CB1 \u00e9s CB2 receptoraihoz kapcsol\u00f3dnak. Ezek egy mesters\u00e9ges vegyi anyagot jelentenek.<\/p>\n<p>A CB1 \u00e9s CB2 kannabinoid receptorok sz\u00e1mos \u00e9lettani funkci\u00f3ban vesznek r\u00e9szt.<\/p>\n<p>Az agy \u00e9s a gerincvel\u0151 CB1-et tartalmaz, amely a k\u00f6zponti idegrendszer\u00fcnk egyik \u00f6sszetev\u0151je, amely seg\u00edti a kannabisz b\u00f3d\u00edt\u00f3 hat\u00e1sainak k\u00f6zvet\u00edt\u00e9s\u00e9t.<a href=\"https:\/\/legitgrams.com\/hu\/\">Legitgrams<\/a><\/p>\n<p>A feh\u00e9rv\u00e9rsejteken tal\u00e1lhat\u00f3 CB2-receptorok szab\u00e1lyozz\u00e1k az immunsejtek m\u0171k\u00f6d\u00e9s\u00e9t.<\/p>\n<p>R\u00e1ad\u00e1sul alacsonyabb kognit\u00edv szinten hangzik el. Az ADB Butinaca v\u00e1s\u00e1rl\u00e1sa illeg\u00e1lis, \u00e9s az ADB-BIANCA term\u00e9kek rosszul dokument\u00e1ltak. Mivel az agyban ugyanarra az elsz\u00e1mol\u00f3 akceptorra hatnak, szintetikusan dopaminergek.<\/p>\n<p>mint a TCH, a kannabisz pszichoakt\u00edv \u00f6sszetev\u0151je, \u00e9s a v\u00e1s\u00e1rl\u00e1s <a href=\"https:\/\/legitgrams.com\/hu\/termek\/adbb\/\">ADB Butinaca<\/a>. \u00d6n nem v\u00e1llal felel\u0151ss\u00e9get az ADB Butinaca online megrendel\u00e9s\u00e9b\u0151l ered\u0151 k\u00f6lts\u00e9gek\u00e9rt vagy int\u00e9zked\u00e9sek\u00e9rt. <a href=\"https:\/\/duckduckgo.com\/?q=Buy+ADBB+Online&amp;t=h_&amp;ia=web\">order for ADB Butinaca<\/a>.<\/p>\n<p>Butinaca adb szab\u00e1lyozott? v\u00e1s\u00e1rl\u00e1s adb butinaca dea, v\u00e1s\u00e1rl\u00e1s adb butinaca cayman, v\u00e1s\u00e1rl\u00e1s adb butinaca elad\u00e1sra<\/p>\n<p>Hol lehet v\u00e1s\u00e1rolni adb butinaca, hogyan lehet v\u00e1s\u00e1rolni min\u0151s\u00e9gi adb butinaca, hol lehet v\u00e1s\u00e1rolni adb butinaca, \u00e9s hol lehet kapni 5f-adb?<\/p>\n<p>7-adb, trrcshop, 5f-adb-33n, adb-butinaca psychonaut, felhaszn\u00e1l\u00e1sok, mell\u00e9khat\u00e1sok, \u00e9s jogi forr\u00e1sok adb butinaca v\u00e1s\u00e1rl\u00e1sa<\/p>\n<p>&nbsp;<\/p>\n<p>&nbsp;<\/p>","protected":false},"excerpt":{"rendered":"<p>ADBB Powder for Sale Buy ADBB Online Certain synthetic cannabis products contain components of a newly developed synthetic narcotic called ADBB. They are the strong agonists with EC50 values of 0.52 nM and 0.88 nM, respectively. of receptors for CB1 and CB2. Nevertheless, nothing is known about this compound&#8217;s physiological or toxicological characteristics. What is &hellip;<\/p>\n<p class=\"read-more\"> <a class=\"\" href=\"https:\/\/legitgrams.com\/hu\/termek\/adbb\/\"> <span class=\"screen-reader-text\">ADBB online megv\u00e1s\u00e1rl\u00e1sa<\/span> Olvass tov\u00e1bb \"<\/a><\/p>","protected":false},"featured_media":3326,"comment_status":"open","ping_status":"closed","template":"","meta":{"_uag_custom_page_level_css":"","site-sidebar-layout":"default","site-content-layout":"default","ast-global-header-display":"","ast-main-header-display":"","ast-hfb-above-header-display":"","ast-hfb-below-header-display":"","ast-hfb-mobile-header-display":"","site-post-title":"","ast-breadcrumbs-content":"","ast-featured-img":"","footer-sml-layout":"","theme-transparent-header-meta":"default","adv-header-id-meta":"","stick-header-meta":"default","header-above-stick-meta":"","header-main-stick-meta":"","header-below-stick-meta":"","_joinchat":[]},"product_brand":[],"product_cat":[190],"product_tag":[191,192,193,194],"class_list":{"0":"post-3310","1":"product","2":"type-product","3":"status-publish","4":"has-post-thumbnail","6":"product_cat-cannabinoids","7":"product_tag-adb-powder-for-sale","8":"product_tag-buy-adbb","9":"product_tag-buy-adbb-powder-online","10":"product_tag-pure-adbb-powder-online-for-sale","11":"desktop-align-left","12":"tablet-align-left","13":"mobile-align-left","14":"ast-product-gallery-layout-horizontal","15":"ast-product-gallery-with-no-image","16":"ast-product-single-variable","17":"ast-product-tabs-layout-horizontal","18":"ast-qv-on-image","20":"first","21":"instock","22":"shipping-taxable","23":"purchasable","24":"product-type-variable"},"yoast_head":"<!-- This site is optimized with the Yoast SEO plugin v25.9 - https:\/\/yoast.com\/wordpress\/plugins\/seo\/ -->\n<title>ADBB for Sale - Order ADBB Online - Buy ADBB Powder Online<\/title>\n<meta name=\"description\" content=\"Where to buy adbb online at the best price? Find high-quality adbb for sale at our secure online store, catering to your research requirements. Order Now\" \/>\n<meta name=\"robots\" content=\"index, follow, max-snippet:-1, max-image-preview:large, max-video-preview:-1\" \/>\n<link rel=\"canonical\" href=\"https:\/\/legitgrams.com\/hu\/termek\/adbb\/\" \/>\n<meta property=\"og:locale\" content=\"hu_HU\" \/>\n<meta property=\"og:type\" content=\"article\" \/>\n<meta property=\"og:title\" content=\"ADBB for Sale - Order ADBB Online - Buy ADBB Powder Online\" \/>\n<meta property=\"og:description\" content=\"Where to buy adbb online at the best price? Find high-quality adbb for sale at our secure online store, catering to your research requirements. Order Now\" \/>\n<meta property=\"og:url\" content=\"https:\/\/legitgrams.com\/hu\/termek\/adbb\/\" \/>\n<meta property=\"og:site_name\" content=\"Legit Grams\" \/>\n<meta property=\"article:modified_time\" content=\"2025-03-08T05:52:58+00:00\" \/>\n<meta property=\"og:image\" content=\"https:\/\/legitgrams.com\/wp-content\/uploads\/2024\/08\/ADBB.gif\" \/>\n\t<meta property=\"og:image:width\" content=\"600\" \/>\n\t<meta property=\"og:image:height\" content=\"600\" \/>\n\t<meta property=\"og:image:type\" content=\"image\/gif\" \/>\n<meta name=\"twitter:card\" content=\"summary_large_image\" \/>\n<meta name=\"twitter:label1\" content=\"Becs\u00fclt olvas\u00e1si id\u0151\" \/>\n\t<meta name=\"twitter:data1\" content=\"3 perc\" \/>\n<script type=\"application\/ld+json\" class=\"yoast-schema-graph\">{\"@context\":\"https:\/\/schema.org\",\"@graph\":[{\"@type\":\"WebPage\",\"@id\":\"https:\/\/legitgrams.com\/product\/adbb\/\",\"url\":\"https:\/\/legitgrams.com\/product\/adbb\/\",\"name\":\"ADBB for Sale - Order ADBB Online - Buy ADBB Powder Online\",\"isPartOf\":{\"@id\":\"https:\/\/legitgrams.com\/#website\"},\"primaryImageOfPage\":{\"@id\":\"https:\/\/legitgrams.com\/product\/adbb\/#primaryimage\"},\"image\":{\"@id\":\"https:\/\/legitgrams.com\/product\/adbb\/#primaryimage\"},\"thumbnailUrl\":\"https:\/\/legitgrams.com\/wp-content\/uploads\/2024\/08\/ADBB.gif\",\"datePublished\":\"2024-08-03T05:49:56+00:00\",\"dateModified\":\"2025-03-08T05:52:58+00:00\",\"description\":\"Where to buy adbb online at the best price? Find high-quality adbb for sale at our secure online store, catering to your research requirements. Order Now\",\"breadcrumb\":{\"@id\":\"https:\/\/legitgrams.com\/product\/adbb\/#breadcrumb\"},\"inLanguage\":\"hu\",\"potentialAction\":[{\"@type\":\"ReadAction\",\"target\":[\"https:\/\/legitgrams.com\/product\/adbb\/\"]}]},{\"@type\":\"ImageObject\",\"inLanguage\":\"hu\",\"@id\":\"https:\/\/legitgrams.com\/product\/adbb\/#primaryimage\",\"url\":\"https:\/\/legitgrams.com\/wp-content\/uploads\/2024\/08\/ADBB.gif\",\"contentUrl\":\"https:\/\/legitgrams.com\/wp-content\/uploads\/2024\/08\/ADBB.gif\",\"width\":600,\"height\":600,\"caption\":\"ADBB Powder for Sale\"},{\"@type\":\"BreadcrumbList\",\"@id\":\"https:\/\/legitgrams.com\/product\/adbb\/#breadcrumb\",\"itemListElement\":[{\"@type\":\"ListItem\",\"position\":1,\"name\":\"Home\",\"item\":\"https:\/\/legitgrams.com\/\"},{\"@type\":\"ListItem\",\"position\":2,\"name\":\"Shop\",\"item\":\"https:\/\/legitgrams.com\/shop\/\"},{\"@type\":\"ListItem\",\"position\":3,\"name\":\"Buy ADBB Online\"}]},{\"@type\":\"WebSite\",\"@id\":\"https:\/\/legitgrams.com\/#website\",\"url\":\"https:\/\/legitgrams.com\/\",\"name\":\"Legit Grams\",\"description\":\"My WordPress Blog\",\"publisher\":{\"@id\":\"https:\/\/legitgrams.com\/#organization\"},\"potentialAction\":[{\"@type\":\"SearchAction\",\"target\":{\"@type\":\"EntryPoint\",\"urlTemplate\":\"https:\/\/legitgrams.com\/?s={search_term_string}\"},\"query-input\":{\"@type\":\"PropertyValueSpecification\",\"valueRequired\":true,\"valueName\":\"search_term_string\"}}],\"inLanguage\":\"hu\"},{\"@type\":\"Organization\",\"@id\":\"https:\/\/legitgrams.com\/#organization\",\"name\":\"Legit Grams\",\"url\":\"https:\/\/legitgrams.com\/\",\"logo\":{\"@type\":\"ImageObject\",\"inLanguage\":\"hu\",\"@id\":\"https:\/\/legitgrams.com\/#\/schema\/logo\/image\/\",\"url\":\"https:\/\/legitgrams.com\/wp-content\/uploads\/2024\/09\/main-logo.png\",\"contentUrl\":\"https:\/\/legitgrams.com\/wp-content\/uploads\/2024\/09\/main-logo.png\",\"width\":270,\"height\":75,\"caption\":\"Legit Grams\"},\"image\":{\"@id\":\"https:\/\/legitgrams.com\/#\/schema\/logo\/image\/\"}}]}<\/script>\n<!-- \/ Yoast SEO plugin. -->","yoast_head_json":{"title":"ADBB elad\u00f3 - ADBB rendel\u00e9s online - ADBB por online v\u00e1s\u00e1rl\u00e1sa","description":"Hol lehet megv\u00e1s\u00e1rolni az adbb online a legjobb \u00e1ron? Tal\u00e1ljon kiv\u00e1l\u00f3 min\u0151s\u00e9g\u0171 adbb elad\u00f3 biztons\u00e1gos online \u00e1ruh\u00e1zunkban, amely kiel\u00e9g\u00edti az \u00d6n kutat\u00e1si ig\u00e9nyeit. Rendelje meg most","robots":{"index":"index","follow":"follow","max-snippet":"max-snippet:-1","max-image-preview":"max-image-preview:large","max-video-preview":"max-video-preview:-1"},"canonical":"https:\/\/legitgrams.com\/hu\/termek\/adbb\/","og_locale":"hu_HU","og_type":"article","og_title":"ADBB for Sale - Order ADBB Online - Buy ADBB Powder Online","og_description":"Where to buy adbb online at the best price? Find high-quality adbb for sale at our secure online store, catering to your research requirements. Order Now","og_url":"https:\/\/legitgrams.com\/hu\/termek\/adbb\/","og_site_name":"Legit Grams","article_modified_time":"2025-03-08T05:52:58+00:00","og_image":[{"width":600,"height":600,"url":"https:\/\/legitgrams.com\/wp-content\/uploads\/2024\/08\/ADBB.gif","type":"image\/gif"}],"twitter_card":"summary_large_image","twitter_misc":{"Becs\u00fclt olvas\u00e1si id\u0151":"3 perc"},"schema":{"@context":"https:\/\/schema.org","@graph":[{"@type":"WebPage","@id":"https:\/\/legitgrams.com\/product\/adbb\/","url":"https:\/\/legitgrams.com\/product\/adbb\/","name":"ADBB elad\u00f3 - ADBB rendel\u00e9s online - ADBB por online v\u00e1s\u00e1rl\u00e1sa","isPartOf":{"@id":"https:\/\/legitgrams.com\/#website"},"primaryImageOfPage":{"@id":"https:\/\/legitgrams.com\/product\/adbb\/#primaryimage"},"image":{"@id":"https:\/\/legitgrams.com\/product\/adbb\/#primaryimage"},"thumbnailUrl":"https:\/\/legitgrams.com\/wp-content\/uploads\/2024\/08\/ADBB.gif","datePublished":"2024-08-03T05:49:56+00:00","dateModified":"2025-03-08T05:52:58+00:00","description":"Hol lehet megv\u00e1s\u00e1rolni az adbb online a legjobb \u00e1ron? Tal\u00e1ljon kiv\u00e1l\u00f3 min\u0151s\u00e9g\u0171 adbb elad\u00f3 biztons\u00e1gos online \u00e1ruh\u00e1zunkban, amely kiel\u00e9g\u00edti az \u00d6n kutat\u00e1si ig\u00e9nyeit. Rendelje meg most","breadcrumb":{"@id":"https:\/\/legitgrams.com\/product\/adbb\/#breadcrumb"},"inLanguage":"hu","potentialAction":[{"@type":"ReadAction","target":["https:\/\/legitgrams.com\/product\/adbb\/"]}]},{"@type":"ImageObject","inLanguage":"hu","@id":"https:\/\/legitgrams.com\/product\/adbb\/#primaryimage","url":"https:\/\/legitgrams.com\/wp-content\/uploads\/2024\/08\/ADBB.gif","contentUrl":"https:\/\/legitgrams.com\/wp-content\/uploads\/2024\/08\/ADBB.gif","width":600,"height":600,"caption":"ADBB Powder for Sale"},{"@type":"BreadcrumbList","@id":"https:\/\/legitgrams.com\/product\/adbb\/#breadcrumb","itemListElement":[{"@type":"ListItem","position":1,"name":"Home","item":"https:\/\/legitgrams.com\/"},{"@type":"ListItem","position":2,"name":"Shop","item":"https:\/\/legitgrams.com\/shop\/"},{"@type":"ListItem","position":3,"name":"Buy ADBB Online"}]},{"@type":"WebSite","@id":"https:\/\/legitgrams.com\/#website","url":"https:\/\/legitgrams.com\/","name":"Legit Grams","description":"Az \u00e9n WordPress blogom","publisher":{"@id":"https:\/\/legitgrams.com\/#organization"},"potentialAction":[{"@type":"SearchAction","target":{"@type":"EntryPoint","urlTemplate":"https:\/\/legitgrams.com\/?s={search_term_string}"},"query-input":{"@type":"PropertyValueSpecification","valueRequired":true,"valueName":"search_term_string"}}],"inLanguage":"hu"},{"@type":"Organization","@id":"https:\/\/legitgrams.com\/#organization","name":"Legit Grams","url":"https:\/\/legitgrams.com\/","logo":{"@type":"ImageObject","inLanguage":"hu","@id":"https:\/\/legitgrams.com\/#\/schema\/logo\/image\/","url":"https:\/\/legitgrams.com\/wp-content\/uploads\/2024\/09\/main-logo.png","contentUrl":"https:\/\/legitgrams.com\/wp-content\/uploads\/2024\/09\/main-logo.png","width":270,"height":75,"caption":"Legit Grams"},"image":{"@id":"https:\/\/legitgrams.com\/#\/schema\/logo\/image\/"}}]}},"uagb_featured_image_src":{"full":["https:\/\/legitgrams.com\/wp-content\/uploads\/2024\/08\/ADBB.gif",600,600,false],"thumbnail":["https:\/\/legitgrams.com\/wp-content\/uploads\/2024\/08\/ADBB-150x150.gif",150,150,true],"medium":["https:\/\/legitgrams.com\/wp-content\/uploads\/2024\/08\/ADBB-300x300.gif",300,300,true],"medium_large":["https:\/\/legitgrams.com\/wp-content\/uploads\/2024\/08\/ADBB.gif",600,600,false],"large":["https:\/\/legitgrams.com\/wp-content\/uploads\/2024\/08\/ADBB.gif",600,600,false],"1536x1536":["https:\/\/legitgrams.com\/wp-content\/uploads\/2024\/08\/ADBB.gif",600,600,false],"2048x2048":["https:\/\/legitgrams.com\/wp-content\/uploads\/2024\/08\/ADBB.gif",600,600,false],"trp-custom-language-flag":["https:\/\/legitgrams.com\/wp-content\/uploads\/2024\/08\/ADBB-12x12.gif",12,12,true],"woocommerce_thumbnail":["https:\/\/legitgrams.com\/wp-content\/uploads\/2024\/08\/ADBB-300x300.gif",300,300,true],"woocommerce_single":["https:\/\/legitgrams.com\/wp-content\/uploads\/2024\/08\/ADBB.gif",600,600,false],"woocommerce_gallery_thumbnail":["https:\/\/legitgrams.com\/wp-content\/uploads\/2024\/08\/ADBB-100x100.gif",100,100,true]},"uagb_author_info":{"display_name":"cokeblog18","author_link":"https:\/\/legitgrams.com\/hu\/author\/"},"uagb_comment_info":0,"uagb_excerpt":"ADBB Powder for Sale Buy ADBB Online Certain synthetic cannabis products contain components of a newly developed synthetic narcotic called ADBB. They are the strong agonists with EC50 values of 0.52 nM and 0.88 nM, respectively. of receptors for CB1 and CB2. Nevertheless, nothing is known about this compound&#8217;s physiological or toxicological characteristics. What is&hellip;","_links":{"self":[{"href":"https:\/\/legitgrams.com\/hu\/wp-json\/wp\/v2\/product\/3310","targetHints":{"allow":["GET"]}}],"collection":[{"href":"https:\/\/legitgrams.com\/hu\/wp-json\/wp\/v2\/product"}],"about":[{"href":"https:\/\/legitgrams.com\/hu\/wp-json\/wp\/v2\/types\/product"}],"replies":[{"embeddable":true,"href":"https:\/\/legitgrams.com\/hu\/wp-json\/wp\/v2\/comments?post=3310"}],"wp:featuredmedia":[{"embeddable":true,"href":"https:\/\/legitgrams.com\/hu\/wp-json\/wp\/v2\/media\/3326"}],"wp:attachment":[{"href":"https:\/\/legitgrams.com\/hu\/wp-json\/wp\/v2\/media?parent=3310"}],"wp:term":[{"taxonomy":"product_brand","embeddable":true,"href":"https:\/\/legitgrams.com\/hu\/wp-json\/wp\/v2\/product_brand?post=3310"},{"taxonomy":"product_cat","embeddable":true,"href":"https:\/\/legitgrams.com\/hu\/wp-json\/wp\/v2\/product_cat?post=3310"},{"taxonomy":"product_tag","embeddable":true,"href":"https:\/\/legitgrams.com\/hu\/wp-json\/wp\/v2\/product_tag?post=3310"}],"curies":[{"name":"wp","href":"https:\/\/api.w.org\/{rel}","templated":true}]}}