{"id":3668,"date":"2024-09-19T10:02:28","date_gmt":"2024-09-19T10:02:28","guid":{"rendered":"https:\/\/legitgrams.com\/?post_type=product&#038;p=3668"},"modified":"2025-01-13T09:45:44","modified_gmt":"2025-01-13T09:45:44","slug":"fekete-cseresznye-szoda-marihuana-torzs","status":"publish","type":"product","link":"https:\/\/legitgrams.com\/hu\/termek\/fekete-cseresznye-szoda-marihuana-torzs\/","title":{"rendered":"Black Cherry Soda marihu\u00e1na t\u00f6rzs"},"content":{"rendered":"<h2>V\u00e1s\u00e1roljon Black Cherry Soda Cannabis Strain term\u00e9ket online<\/h2>\n<p>Fedezze fel a finom \u00e9des \u00e9s gy\u00fcm\u00f6lcs\u00f6s \u00edz\u00e9t <a href=\"https:\/\/legitgrams.com\/hu\/termek\/fekete-cseresznye-szoda-marihuana-torzs\/\">Fekete cseresznye sz\u00f3da<\/a> vari\u00e1ci\u00f3. Minden alkalommal, amikor doh\u00e1nyzik, \u00e9lvezze a citrusf\u00e9l\u00e9k, az \u0151r\u00f6lt feny\u0151 \u00e9s a t\u00fczes gy\u00f3gyn\u00f6v\u00e9ny-terp\u00e9nek csod\u00e1latos illat\u00e1t. 30%-os THC-tartalma, leny\u0171g\u00f6z\u0151 megjelen\u00e9se \u00e9s kiv\u00e1l\u00f3 genetik\u00e1ja miatt tisztelik. Az Airborne G13, Cherry AK-47, Ortega \u00e9s Blackberry legjobb tulajdons\u00e1gai megmaradtak. A Black Cherry Soda \u00e9l\u00e9nkz\u00f6ld hajt\u00e1sai lila al\u00e1fest\u00e9ssel \u00e9s v\u00e9kony mandula hajjal rendelkeznek. Pihentet\u0151 tulajdons\u00e1gai miatt fantasztikus v\u00e1laszt\u00e1s a napk\u00f6zbeni marihu\u00e1nasz\u00edv\u00e1shoz vagy a bar\u00e1tokkal val\u00f3 kir\u00e1ndul\u00e1shoz. <a href=\"https:\/\/legitgrams.com\/hu\/\">LegitGrams<\/a><\/p>\n<p>V\u00e1s\u00e1rolja meg a Cannabis-f\u00e9le Black Cherry Soda-t online: V\u00e1s\u00e1roljon cseresznye-sz\u00f3d\u00e1t, v\u00e1s\u00e1roljon fekete cseresznye-sz\u00f3d\u00e1t, v\u00e1s\u00e1roljon fekete cseresznye-sz\u00f3d\u00e1t online. Hol tal\u00e1lhat\u00f3 a fekete cseresznye-marihu\u00e1na-sz\u00f3da?<\/p>\n<p>Fekete cseresznye sz\u00f3da <a href=\"https:\/\/en.wikipedia.org\/wiki\/Cannabis_strain\">Cannabis t\u00f6rzs<\/a> megv\u00e1s\u00e1rolhat\u00f3, hol \u00e9s hol v\u00e1s\u00e1rolhat\u00f3 meg az Egyes\u00fclt \u00c1llamokban, Kanad\u00e1ban \u00e9s az Egyes\u00fclt Kir\u00e1lys\u00e1gban. Megv\u00e1s\u00e1rolhat\u00f3 online, szolg\u00e1ltat\u00f3kt\u00f3l, \u00e9s biztons\u00e1gosan sz\u00e1ll\u00edtjuk. A Black Cherry Soda marihu\u00e1na t\u00f6rzs tov\u00e1bbra is el\u00e9rhet\u0151. Ezenk\u00edv\u00fcl megtudhatja, hogyan rendelheti meg online, leg\u00e1lis-e Kanad\u00e1ban, \u00e9s hogy leg\u00e1lis-e az Egyes\u00fclt \u00c1llamokban.<\/p>","protected":false},"excerpt":{"rendered":"<p>Purchase Black Cherry Soda Cannabis Strain Online Discover the deliciously sweet and fruity flavor of the Black Cherry Soda variation. Enjoy the wonderful scents of citrus fruits, ground pine, and fiery herbal terpenes each time you smoke. Respected for its 30% THC content, stunning look, and superior genetics. The best aspects of the Airborne G13, &hellip;<\/p>\n<p class=\"read-more\"> <a class=\"\" href=\"https:\/\/legitgrams.com\/hu\/termek\/fekete-cseresznye-szoda-marihuana-torzs\/\"> <span class=\"screen-reader-text\">Black Cherry Soda marihu\u00e1na t\u00f6rzs<\/span> Olvass tov\u00e1bb \"<\/a><\/p>","protected":false},"featured_media":5397,"comment_status":"open","ping_status":"closed","template":"","meta":{"_uag_custom_page_level_css":"","site-sidebar-layout":"default","site-content-layout":"default","ast-global-header-display":"","ast-main-header-display":"","ast-hfb-above-header-display":"","ast-hfb-below-header-display":"","ast-hfb-mobile-header-display":"","site-post-title":"","ast-breadcrumbs-content":"","ast-featured-img":"","footer-sml-layout":"","theme-transparent-header-meta":"default","adv-header-id-meta":"","stick-header-meta":"default","header-above-stick-meta":"","header-main-stick-meta":"","header-below-stick-meta":"","_joinchat":[]},"product_brand":[],"product_cat":[607],"product_tag":[5591,5581,5572,5576,5575,5583,5574,5584,5586,5593,5594,5592,5589,617,5573,5588,5585,5580,5578,5590,5587,625,5579,5582,5577],"class_list":{"0":"post-3668","1":"product","2":"type-product","3":"status-publish","4":"has-post-thumbnail","6":"product_cat-marijuana-cannabis","7":"product_tag-best-cheap-price-black-cherry-soda-marijuana-strain","8":"product_tag-best-place-to-buy-black-cherry-soda-marijuana-strain","9":"product_tag-black-cherry-soda-marijuana-strain","10":"product_tag-black-cherry-soda-marijuana-strain-black-cherry-soda-marijuana-strain-supplier","11":"product_tag-black-cherry-soda-marijuana-strain-for-sale","12":"product_tag-black-cherry-soda-marijuana-strain-legally","13":"product_tag-black-cherry-soda-marijuana-strain-online","14":"product_tag-black-cherry-soda-marijuana-strain-price","15":"product_tag-black-cherry-soda-marijuana-strain-store","16":"product_tag-black-cherry-soda-marijuana-strain-use","17":"product_tag-black-cherry-soda-marijuana-strain-wiki","18":"product_tag-black-cherry-soda-marijuana-strain-worldwide","19":"product_tag-black-cherry-soda-marijuana-strains","20":"product_tag-bulk-online","21":"product_tag-buy-black-cherry-soda-marijuana-strain","22":"product_tag-cheap-black-cherry-soda-marijuana-strain","23":"product_tag-high-quality-black-cherry-soda-marijuana-strain","24":"product_tag-how-to-buy-black-cherry-soda-marijuana-strain","25":"product_tag-order-black-cherry-soda-marijuana-strain","26":"product_tag-purcharse-black-cherry-soda-marijuana-strain","27":"product_tag-shop-black-cherry-soda-marijuana-strain","28":"product_tag-top-quality","29":"product_tag-where-to-buy-black-cherry-soda-marijuana-strain","30":"product_tag-where-to-order-black-cherry-soda-marijuana-strain","31":"product_tag-wholesale-black-cherry-soda-marijuana-strain","32":"desktop-align-left","33":"tablet-align-left","34":"mobile-align-left","35":"ast-product-gallery-layout-horizontal","36":"ast-product-gallery-with-no-image","37":"ast-product-single-variable","38":"ast-product-tabs-layout-horizontal","39":"ast-qv-on-image","41":"first","42":"instock","43":"shipping-taxable","44":"purchasable","45":"product-type-variable"},"yoast_head":"<!-- This site is optimized with the Yoast SEO plugin v25.9 - https:\/\/yoast.com\/wordpress\/plugins\/seo\/ -->\n<title>Get Black Cherry Soda Marijuana Strain for Sale Online<\/title>\n<meta name=\"description\" content=\"If you wish to buy black cherry soda marijuana online, our online Legitgrams store can help. We have black cherry soda marijuana strain for sale at the best price here. Order Now!\" \/>\n<meta name=\"robots\" content=\"index, follow, max-snippet:-1, max-image-preview:large, max-video-preview:-1\" \/>\n<link rel=\"canonical\" href=\"https:\/\/legitgrams.com\/hu\/termek\/fekete-cseresznye-szoda-marihuana-torzs\/\" \/>\n<meta property=\"og:locale\" content=\"hu_HU\" \/>\n<meta property=\"og:type\" content=\"article\" \/>\n<meta property=\"og:title\" content=\"Get Black Cherry Soda Marijuana Strain for Sale Online\" \/>\n<meta property=\"og:description\" content=\"If you wish to buy black cherry soda marijuana online, our online Legitgrams store can help. We have black cherry soda marijuana strain for sale at the best price here. Order Now!\" \/>\n<meta property=\"og:url\" content=\"https:\/\/legitgrams.com\/hu\/termek\/fekete-cseresznye-szoda-marihuana-torzs\/\" \/>\n<meta property=\"og:site_name\" content=\"Legit Grams\" \/>\n<meta property=\"article:modified_time\" content=\"2025-01-13T09:45:44+00:00\" \/>\n<meta property=\"og:image\" content=\"https:\/\/legitgrams.com\/wp-content\/uploads\/2024\/09\/Buy-Black-Cherry-Soda-Marijuana-Strain-Online.jpg\" \/>\n\t<meta property=\"og:image:width\" content=\"600\" \/>\n\t<meta property=\"og:image:height\" content=\"600\" \/>\n\t<meta property=\"og:image:type\" content=\"image\/jpeg\" \/>\n<meta name=\"twitter:card\" content=\"summary_large_image\" \/>\n<meta name=\"twitter:label1\" content=\"Becs\u00fclt olvas\u00e1si id\u0151\" \/>\n\t<meta name=\"twitter:data1\" content=\"2 perc\" \/>\n<script type=\"application\/ld+json\" class=\"yoast-schema-graph\">{\"@context\":\"https:\/\/schema.org\",\"@graph\":[{\"@type\":\"WebPage\",\"@id\":\"https:\/\/legitgrams.com\/product\/black-cherry-soda-marijuana-strain\/\",\"url\":\"https:\/\/legitgrams.com\/product\/black-cherry-soda-marijuana-strain\/\",\"name\":\"Get Black Cherry Soda Marijuana Strain for Sale Online\",\"isPartOf\":{\"@id\":\"https:\/\/legitgrams.com\/#website\"},\"primaryImageOfPage\":{\"@id\":\"https:\/\/legitgrams.com\/product\/black-cherry-soda-marijuana-strain\/#primaryimage\"},\"image\":{\"@id\":\"https:\/\/legitgrams.com\/product\/black-cherry-soda-marijuana-strain\/#primaryimage\"},\"thumbnailUrl\":\"https:\/\/legitgrams.com\/wp-content\/uploads\/2024\/09\/Buy-Black-Cherry-Soda-Marijuana-Strain-Online.jpg\",\"datePublished\":\"2024-09-19T10:02:28+00:00\",\"dateModified\":\"2025-01-13T09:45:44+00:00\",\"description\":\"If you wish to buy black cherry soda marijuana online, our online Legitgrams store can help. We have black cherry soda marijuana strain for sale at the best price here. Order Now!\",\"breadcrumb\":{\"@id\":\"https:\/\/legitgrams.com\/product\/black-cherry-soda-marijuana-strain\/#breadcrumb\"},\"inLanguage\":\"hu\",\"potentialAction\":[{\"@type\":\"ReadAction\",\"target\":[\"https:\/\/legitgrams.com\/product\/black-cherry-soda-marijuana-strain\/\"]}]},{\"@type\":\"ImageObject\",\"inLanguage\":\"hu\",\"@id\":\"https:\/\/legitgrams.com\/product\/black-cherry-soda-marijuana-strain\/#primaryimage\",\"url\":\"https:\/\/legitgrams.com\/wp-content\/uploads\/2024\/09\/Buy-Black-Cherry-Soda-Marijuana-Strain-Online.jpg\",\"contentUrl\":\"https:\/\/legitgrams.com\/wp-content\/uploads\/2024\/09\/Buy-Black-Cherry-Soda-Marijuana-Strain-Online.jpg\",\"width\":600,\"height\":600,\"caption\":\"Buy-Black-Cherry-Soda-Marijuana-Strain-Online\"},{\"@type\":\"BreadcrumbList\",\"@id\":\"https:\/\/legitgrams.com\/product\/black-cherry-soda-marijuana-strain\/#breadcrumb\",\"itemListElement\":[{\"@type\":\"ListItem\",\"position\":1,\"name\":\"Home\",\"item\":\"https:\/\/legitgrams.com\/\"},{\"@type\":\"ListItem\",\"position\":2,\"name\":\"Shop\",\"item\":\"https:\/\/legitgrams.com\/shop\/\"},{\"@type\":\"ListItem\",\"position\":3,\"name\":\"Black Cherry Soda Marijuana Strain\"}]},{\"@type\":\"WebSite\",\"@id\":\"https:\/\/legitgrams.com\/#website\",\"url\":\"https:\/\/legitgrams.com\/\",\"name\":\"Legit Grams\",\"description\":\"My WordPress Blog\",\"publisher\":{\"@id\":\"https:\/\/legitgrams.com\/#organization\"},\"potentialAction\":[{\"@type\":\"SearchAction\",\"target\":{\"@type\":\"EntryPoint\",\"urlTemplate\":\"https:\/\/legitgrams.com\/?s={search_term_string}\"},\"query-input\":{\"@type\":\"PropertyValueSpecification\",\"valueRequired\":true,\"valueName\":\"search_term_string\"}}],\"inLanguage\":\"hu\"},{\"@type\":\"Organization\",\"@id\":\"https:\/\/legitgrams.com\/#organization\",\"name\":\"Legit Grams\",\"url\":\"https:\/\/legitgrams.com\/\",\"logo\":{\"@type\":\"ImageObject\",\"inLanguage\":\"hu\",\"@id\":\"https:\/\/legitgrams.com\/#\/schema\/logo\/image\/\",\"url\":\"https:\/\/legitgrams.com\/wp-content\/uploads\/2024\/09\/main-logo.png\",\"contentUrl\":\"https:\/\/legitgrams.com\/wp-content\/uploads\/2024\/09\/main-logo.png\",\"width\":270,\"height\":75,\"caption\":\"Legit Grams\"},\"image\":{\"@id\":\"https:\/\/legitgrams.com\/#\/schema\/logo\/image\/\"}}]}<\/script>\n<!-- \/ Yoast SEO plugin. -->","yoast_head_json":{"title":"Szerezd meg a Black Cherry Soda marihu\u00e1na t\u00f6rzs online elad\u00f3","description":"Ha szeretne v\u00e1s\u00e1rolni fekete cseresznye sz\u00f3da marihu\u00e1na online, online Legitgrams \u00e1ruh\u00e1zunk seg\u00edthet. N\u00e1lunk a black cherry soda marihu\u00e1na t\u00f6rzs elad\u00f3 a legjobb \u00e1ron itt. Rendeljen most!","robots":{"index":"index","follow":"follow","max-snippet":"max-snippet:-1","max-image-preview":"max-image-preview:large","max-video-preview":"max-video-preview:-1"},"canonical":"https:\/\/legitgrams.com\/hu\/termek\/fekete-cseresznye-szoda-marihuana-torzs\/","og_locale":"hu_HU","og_type":"article","og_title":"Get Black Cherry Soda Marijuana Strain for Sale Online","og_description":"If you wish to buy black cherry soda marijuana online, our online Legitgrams store can help. We have black cherry soda marijuana strain for sale at the best price here. Order Now!","og_url":"https:\/\/legitgrams.com\/hu\/termek\/fekete-cseresznye-szoda-marihuana-torzs\/","og_site_name":"Legit Grams","article_modified_time":"2025-01-13T09:45:44+00:00","og_image":[{"width":600,"height":600,"url":"https:\/\/legitgrams.com\/wp-content\/uploads\/2024\/09\/Buy-Black-Cherry-Soda-Marijuana-Strain-Online.jpg","type":"image\/jpeg"}],"twitter_card":"summary_large_image","twitter_misc":{"Becs\u00fclt olvas\u00e1si id\u0151":"2 perc"},"schema":{"@context":"https:\/\/schema.org","@graph":[{"@type":"WebPage","@id":"https:\/\/legitgrams.com\/product\/black-cherry-soda-marijuana-strain\/","url":"https:\/\/legitgrams.com\/product\/black-cherry-soda-marijuana-strain\/","name":"Szerezd meg a Black Cherry Soda marihu\u00e1na t\u00f6rzs online elad\u00f3","isPartOf":{"@id":"https:\/\/legitgrams.com\/#website"},"primaryImageOfPage":{"@id":"https:\/\/legitgrams.com\/product\/black-cherry-soda-marijuana-strain\/#primaryimage"},"image":{"@id":"https:\/\/legitgrams.com\/product\/black-cherry-soda-marijuana-strain\/#primaryimage"},"thumbnailUrl":"https:\/\/legitgrams.com\/wp-content\/uploads\/2024\/09\/Buy-Black-Cherry-Soda-Marijuana-Strain-Online.jpg","datePublished":"2024-09-19T10:02:28+00:00","dateModified":"2025-01-13T09:45:44+00:00","description":"Ha szeretne v\u00e1s\u00e1rolni fekete cseresznye sz\u00f3da marihu\u00e1na online, online Legitgrams \u00e1ruh\u00e1zunk seg\u00edthet. N\u00e1lunk a black cherry soda marihu\u00e1na t\u00f6rzs elad\u00f3 a legjobb \u00e1ron itt. Rendeljen most!","breadcrumb":{"@id":"https:\/\/legitgrams.com\/product\/black-cherry-soda-marijuana-strain\/#breadcrumb"},"inLanguage":"hu","potentialAction":[{"@type":"ReadAction","target":["https:\/\/legitgrams.com\/product\/black-cherry-soda-marijuana-strain\/"]}]},{"@type":"ImageObject","inLanguage":"hu","@id":"https:\/\/legitgrams.com\/product\/black-cherry-soda-marijuana-strain\/#primaryimage","url":"https:\/\/legitgrams.com\/wp-content\/uploads\/2024\/09\/Buy-Black-Cherry-Soda-Marijuana-Strain-Online.jpg","contentUrl":"https:\/\/legitgrams.com\/wp-content\/uploads\/2024\/09\/Buy-Black-Cherry-Soda-Marijuana-Strain-Online.jpg","width":600,"height":600,"caption":"Buy-Black-Cherry-Soda-Marijuana-Strain-Online"},{"@type":"BreadcrumbList","@id":"https:\/\/legitgrams.com\/product\/black-cherry-soda-marijuana-strain\/#breadcrumb","itemListElement":[{"@type":"ListItem","position":1,"name":"Home","item":"https:\/\/legitgrams.com\/"},{"@type":"ListItem","position":2,"name":"Shop","item":"https:\/\/legitgrams.com\/shop\/"},{"@type":"ListItem","position":3,"name":"Black Cherry Soda Marijuana Strain"}]},{"@type":"WebSite","@id":"https:\/\/legitgrams.com\/#website","url":"https:\/\/legitgrams.com\/","name":"Legit Grams","description":"Az \u00e9n WordPress blogom","publisher":{"@id":"https:\/\/legitgrams.com\/#organization"},"potentialAction":[{"@type":"SearchAction","target":{"@type":"EntryPoint","urlTemplate":"https:\/\/legitgrams.com\/?s={search_term_string}"},"query-input":{"@type":"PropertyValueSpecification","valueRequired":true,"valueName":"search_term_string"}}],"inLanguage":"hu"},{"@type":"Organization","@id":"https:\/\/legitgrams.com\/#organization","name":"Legit Grams","url":"https:\/\/legitgrams.com\/","logo":{"@type":"ImageObject","inLanguage":"hu","@id":"https:\/\/legitgrams.com\/#\/schema\/logo\/image\/","url":"https:\/\/legitgrams.com\/wp-content\/uploads\/2024\/09\/main-logo.png","contentUrl":"https:\/\/legitgrams.com\/wp-content\/uploads\/2024\/09\/main-logo.png","width":270,"height":75,"caption":"Legit Grams"},"image":{"@id":"https:\/\/legitgrams.com\/#\/schema\/logo\/image\/"}}]}},"uagb_featured_image_src":{"full":["https:\/\/legitgrams.com\/wp-content\/uploads\/2024\/09\/Buy-Black-Cherry-Soda-Marijuana-Strain-Online.jpg",600,600,false],"thumbnail":["https:\/\/legitgrams.com\/wp-content\/uploads\/2024\/09\/Buy-Black-Cherry-Soda-Marijuana-Strain-Online-150x150.jpg",150,150,true],"medium":["https:\/\/legitgrams.com\/wp-content\/uploads\/2024\/09\/Buy-Black-Cherry-Soda-Marijuana-Strain-Online-300x300.jpg",300,300,true],"medium_large":["https:\/\/legitgrams.com\/wp-content\/uploads\/2024\/09\/Buy-Black-Cherry-Soda-Marijuana-Strain-Online.jpg",600,600,false],"large":["https:\/\/legitgrams.com\/wp-content\/uploads\/2024\/09\/Buy-Black-Cherry-Soda-Marijuana-Strain-Online.jpg",600,600,false],"1536x1536":["https:\/\/legitgrams.com\/wp-content\/uploads\/2024\/09\/Buy-Black-Cherry-Soda-Marijuana-Strain-Online.jpg",600,600,false],"2048x2048":["https:\/\/legitgrams.com\/wp-content\/uploads\/2024\/09\/Buy-Black-Cherry-Soda-Marijuana-Strain-Online.jpg",600,600,false],"trp-custom-language-flag":["https:\/\/legitgrams.com\/wp-content\/uploads\/2024\/09\/Buy-Black-Cherry-Soda-Marijuana-Strain-Online-12x12.jpg",12,12,true],"woocommerce_thumbnail":["https:\/\/legitgrams.com\/wp-content\/uploads\/2024\/09\/Buy-Black-Cherry-Soda-Marijuana-Strain-Online-300x300.jpg",300,300,true],"woocommerce_single":["https:\/\/legitgrams.com\/wp-content\/uploads\/2024\/09\/Buy-Black-Cherry-Soda-Marijuana-Strain-Online.jpg",600,600,false],"woocommerce_gallery_thumbnail":["https:\/\/legitgrams.com\/wp-content\/uploads\/2024\/09\/Buy-Black-Cherry-Soda-Marijuana-Strain-Online-100x100.jpg",100,100,true]},"uagb_author_info":{"display_name":"cokeblog18","author_link":"https:\/\/legitgrams.com\/hu\/author\/"},"uagb_comment_info":0,"uagb_excerpt":"Purchase Black Cherry Soda Cannabis Strain Online Discover the deliciously sweet and fruity flavor of the Black Cherry Soda variation. Enjoy the wonderful scents of citrus fruits, ground pine, and fiery herbal terpenes each time you smoke. Respected for its 30% THC content, stunning look, and superior genetics. The best aspects of the Airborne G13,&hellip;","_links":{"self":[{"href":"https:\/\/legitgrams.com\/hu\/wp-json\/wp\/v2\/product\/3668","targetHints":{"allow":["GET"]}}],"collection":[{"href":"https:\/\/legitgrams.com\/hu\/wp-json\/wp\/v2\/product"}],"about":[{"href":"https:\/\/legitgrams.com\/hu\/wp-json\/wp\/v2\/types\/product"}],"replies":[{"embeddable":true,"href":"https:\/\/legitgrams.com\/hu\/wp-json\/wp\/v2\/comments?post=3668"}],"wp:featuredmedia":[{"embeddable":true,"href":"https:\/\/legitgrams.com\/hu\/wp-json\/wp\/v2\/media\/5397"}],"wp:attachment":[{"href":"https:\/\/legitgrams.com\/hu\/wp-json\/wp\/v2\/media?parent=3668"}],"wp:term":[{"taxonomy":"product_brand","embeddable":true,"href":"https:\/\/legitgrams.com\/hu\/wp-json\/wp\/v2\/product_brand?post=3668"},{"taxonomy":"product_cat","embeddable":true,"href":"https:\/\/legitgrams.com\/hu\/wp-json\/wp\/v2\/product_cat?post=3668"},{"taxonomy":"product_tag","embeddable":true,"href":"https:\/\/legitgrams.com\/hu\/wp-json\/wp\/v2\/product_tag?post=3668"}],"curies":[{"name":"wp","href":"https:\/\/api.w.org\/{rel}","templated":true}]}}