{"id":3774,"date":"2024-09-19T12:41:50","date_gmt":"2024-09-19T12:41:50","guid":{"rendered":"https:\/\/legitgrams.com\/?post_type=product&#038;p=3774"},"modified":"2025-01-14T10:38:06","modified_gmt":"2025-01-14T10:38:06","slug":"ananasz-expressz-marihuana-torzs","status":"publish","type":"product","link":"https:\/\/legitgrams.com\/hu\/termek\/ananasz-expressz-marihuana-torzs\/","title":{"rendered":"Pineapple Express marihu\u00e1na t\u00f6rzs"},"content":{"rendered":"<h2>V\u00e1s\u00e1roljon Pineapple Express marihu\u00e1na t\u00f6rzset online<\/h2>\n<p>Hat\u00e1sai: energiz\u00e1l\u00f3, euf\u00f3rikus \u00e9s koncentr\u00e1lt; enyh\u00edtheti a depresszi\u00f3t, f\u00e1radts\u00e1got, \u00e9tv\u00e1gytalans\u00e1got, fejf\u00e1j\u00e1st, h\u00e1nyingert \u00e9s r\u00e9m\u00e1lmokat; enyh\u00edtheti a kr\u00f3nikus f\u00e1jdalmat.<br \/>\n\u00cdzek<br \/>\nIllatok: citrus, feny\u0151, anan\u00e1sz, \u00e9des \u00e9s tr\u00f3pusi arom\u00e1k.<br \/>\nFeny\u0151, anan\u00e1sz, f\u00f6ldes, \u00e9des<\/p>\n<p>Nem szabad azonban elfelejteni, hogy a fesz\u00fclts\u00e9g nem olyan nagy, mint amilyennek a film mutatja. Mindazon\u00e1ltal, <a href=\"https:\/\/en.wikipedia.org\/wiki\/Pineapple_Express_(film)\">Anan\u00e1sz expressz<\/a> m\u00e9g mindig k\u00e9pes kellemes \u00e9s enyhe zsibbaszt\u00f3 hat\u00e1s\u00fa k\u00e1b\u00edt\u00f3szert biztos\u00edtani, \u00edgy ez is valami, amire v\u00e1rni kell.<\/p>\n<p>A t\u00f6rzset pontosan s\u00falyozott, hungarocellb\u0151l k\u00e9sz\u00fclt pattogatott kukoric\u00e1ra eml\u00e9keztet\u0151 r\u00f6g\u00f6k form\u00e1j\u00e1ban \u00e1rulj\u00e1k. Az illata kellemetlen, citrusos be\u00fct\u00e9ssel, de az \u00edze nem \u00e9des. Ahogy bel\u00e9legzed, csod\u00e1latos \u00edzt veszel \u00e9szre, anan\u00e1szos be\u00fct\u00e9ssel. Az anan\u00e1sz expresszt betegs\u00e9gek sz\u00e9les sk\u00e1l\u00e1j\u00e1nak kezel\u00e9s\u00e9re haszn\u00e1lj\u00e1k, bele\u00e9rtve a szorong\u00e1st is. M\u00e1sr\u00e9szt viszont l\u00e9nyegesen sikeresebb a tart\u00f3s depresszi\u00f3 jeleinek \u00e9s t\u00fcneteinek egyidej\u0171 kezel\u00e9s\u00e9ben. Nem kell t\u00f6bbet keresnie, ha f\u00e1jdalmai m\u00e9rs\u00e9keltek. Az anan\u00e1sz expressz egyszerre b\u00e9k\u00e9s \u00e9s \u00e9l\u00e9nk\u00edt\u0151, ahogyan azt a doh\u00e1nyz\u00e1s ut\u00e1n felfedezheti. <a href=\"https:\/\/legitgrams.com\/hu\/\">LegitGrams<\/a><\/p>\n<p>V\u00e1s\u00e1rl\u00e1s <a href=\"https:\/\/legitgrams.com\/hu\/termek\/ananasz-expressz-marihuana-torzs\/\">Pineapple Express Cannabis<\/a> Strain Online: Hol lehet v\u00e1s\u00e1rolni Pineapple Express Marijuana Strain Online, Hol lehet v\u00e1s\u00e1rolni Pineapple Express Marijuana Strain Online, Pineapple Express Marijuana Strain Online, Pineapple Express Marijuana Strain elad\u00f3 az USA-ban, Kanad\u00e1ban, az Egyes\u00fclt Kir\u00e1lys\u00e1gban, v\u00e1s\u00e1rl\u00e1s, online, besz\u00e1ll\u00edt\u00f3k, biztons\u00e1gos sz\u00e1ll\u00edt\u00e1s, Pineapple Marijuana Strain elad\u00f3, v\u00e1s\u00e1rolni Marijuana Strain online, Pineapple Express Marijuana Strain m\u00e9g mindig el\u00e9rhet\u0151. Tudja meg, hogy el\u00e9rhet\u0151-e az USA-ban \u00e9s hol v\u00e1s\u00e1rolhatja meg online. Mi a Pineapple Express Marijuana Strain jogi st\u00e1tusza Kanad\u00e1ban \u00e9s hogyan juthatok hozz\u00e1?<\/p>","protected":false},"excerpt":{"rendered":"<p>Purchase Pineapple Express Marijuana Strain Online Effects: energizing, euphoric, and focused; may alleviate depression, fatigue, loss of appetite, headaches, nausea, and nightmares; may relieve chronic pain Tastes Aromas of citrus, pine, pineapple, sweet, and tropical Pine, Pineapple, Earthy, Sweet You must remember, though, that the tension is not as great as the film portrays it &hellip;<\/p>\n<p class=\"read-more\"> <a class=\"\" href=\"https:\/\/legitgrams.com\/hu\/termek\/ananasz-expressz-marihuana-torzs\/\"> <span class=\"screen-reader-text\">Pineapple Express marihu\u00e1na t\u00f6rzs<\/span> Olvass tov\u00e1bb \"<\/a><\/p>","protected":false},"featured_media":5416,"comment_status":"open","ping_status":"closed","template":"","meta":{"_uag_custom_page_level_css":"","site-sidebar-layout":"default","site-content-layout":"default","ast-global-header-display":"","ast-main-header-display":"","ast-hfb-above-header-display":"","ast-hfb-below-header-display":"","ast-hfb-mobile-header-display":"","site-post-title":"","ast-breadcrumbs-content":"","ast-featured-img":"","footer-sml-layout":"","theme-transparent-header-meta":"default","adv-header-id-meta":"","stick-header-meta":"default","header-above-stick-meta":"","header-main-stick-meta":"","header-below-stick-meta":"","_joinchat":[]},"product_brand":[],"product_cat":[607],"product_tag":[5292,5282,617,5274,5289,5286,5281,5279,5273,5276,5284,5275,5277,5285,5287,5294,5295,5293,5290,5291,5288,625,5280,5283,5278],"class_list":{"0":"post-3774","1":"product","2":"type-product","3":"status-publish","4":"has-post-thumbnail","6":"product_cat-marijuana-cannabis","7":"product_tag-best-cheap-price-pineapple-express-marijuana-strain","8":"product_tag-best-place-to-buy-pineapple-express-marijuana-strain","9":"product_tag-bulk-online","10":"product_tag-buy-pineapple-express-marijuana-strain","11":"product_tag-cheap-pineapple-express-marijuana-strain","12":"product_tag-high-quality-pineapple-express-marijuana-strain","13":"product_tag-how-to-buy-pineapple-express-marijuana-strain","14":"product_tag-order-pineapple-express-marijuana-strain","15":"product_tag-pineapple-express-marijuana-strain","16":"product_tag-pineapple-express-marijuana-strain-for-sale","17":"product_tag-pineapple-express-marijuana-strain-legally","18":"product_tag-pineapple-express-marijuana-strain-online","19":"product_tag-pineapple-express-marijuana-strain-pineapple-express-marijuana-strain-supplier","20":"product_tag-pineapple-express-marijuana-strain-price","21":"product_tag-pineapple-express-marijuana-strain-store","22":"product_tag-pineapple-express-marijuana-strain-use","23":"product_tag-pineapple-express-marijuana-strain-wiki","24":"product_tag-pineapple-express-marijuana-strain-worldwide","25":"product_tag-pineapple-express-marijuana-strains","26":"product_tag-purcharse-pineapple-express-marijuana-strain","27":"product_tag-shop-pineapple-express-marijuana-strain","28":"product_tag-top-quality","29":"product_tag-where-to-buy-pineapple-express-marijuana-strain","30":"product_tag-where-to-order-pineapple-express-marijuana-strain","31":"product_tag-wholesale-pineapple-express-marijuana-strain","32":"desktop-align-left","33":"tablet-align-left","34":"mobile-align-left","35":"ast-product-gallery-layout-horizontal","36":"ast-product-gallery-with-no-image","37":"ast-product-single-variable","38":"ast-product-tabs-layout-horizontal","39":"ast-qv-on-image","41":"first","42":"instock","43":"shipping-taxable","44":"purchasable","45":"product-type-variable"},"yoast_head":"<!-- This site is optimized with the Yoast SEO plugin v25.9 - https:\/\/yoast.com\/wordpress\/plugins\/seo\/ -->\n<title>Pineapple Express Marijuana Strain for Sale at LegitGrams<\/title>\n<meta name=\"description\" content=\"Find premium Pineapple Express for sale at our online store, providing a secure platform to buy Pineapple Express online with ease, catering to your research needs.\" \/>\n<meta name=\"robots\" content=\"index, follow, max-snippet:-1, max-image-preview:large, max-video-preview:-1\" \/>\n<link rel=\"canonical\" href=\"https:\/\/legitgrams.com\/hu\/termek\/ananasz-expressz-marihuana-torzs\/\" \/>\n<meta property=\"og:locale\" content=\"hu_HU\" \/>\n<meta property=\"og:type\" content=\"article\" \/>\n<meta property=\"og:title\" content=\"Pineapple Express Marijuana Strain for Sale at LegitGrams\" \/>\n<meta property=\"og:description\" content=\"Find premium Pineapple Express for sale at our online store, providing a secure platform to buy Pineapple Express online with ease, catering to your research needs.\" \/>\n<meta property=\"og:url\" content=\"https:\/\/legitgrams.com\/hu\/termek\/ananasz-expressz-marihuana-torzs\/\" \/>\n<meta property=\"og:site_name\" content=\"Legit Grams\" \/>\n<meta property=\"article:modified_time\" content=\"2025-01-14T10:38:06+00:00\" \/>\n<meta property=\"og:image\" content=\"https:\/\/legitgrams.com\/wp-content\/uploads\/2024\/09\/Buy-Pineapple-Express-Marijuana-Strain-Online.jpg\" \/>\n\t<meta property=\"og:image:width\" content=\"600\" \/>\n\t<meta property=\"og:image:height\" content=\"600\" \/>\n\t<meta property=\"og:image:type\" content=\"image\/jpeg\" \/>\n<meta name=\"twitter:card\" content=\"summary_large_image\" \/>\n<meta name=\"twitter:label1\" content=\"Becs\u00fclt olvas\u00e1si id\u0151\" \/>\n\t<meta name=\"twitter:data1\" content=\"2 perc\" \/>\n<script type=\"application\/ld+json\" class=\"yoast-schema-graph\">{\"@context\":\"https:\/\/schema.org\",\"@graph\":[{\"@type\":\"WebPage\",\"@id\":\"https:\/\/legitgrams.com\/product\/pineapple-express-marijuana-strain\/\",\"url\":\"https:\/\/legitgrams.com\/product\/pineapple-express-marijuana-strain\/\",\"name\":\"Pineapple Express Marijuana Strain for Sale at LegitGrams\",\"isPartOf\":{\"@id\":\"https:\/\/legitgrams.com\/#website\"},\"primaryImageOfPage\":{\"@id\":\"https:\/\/legitgrams.com\/product\/pineapple-express-marijuana-strain\/#primaryimage\"},\"image\":{\"@id\":\"https:\/\/legitgrams.com\/product\/pineapple-express-marijuana-strain\/#primaryimage\"},\"thumbnailUrl\":\"https:\/\/legitgrams.com\/wp-content\/uploads\/2024\/09\/Buy-Pineapple-Express-Marijuana-Strain-Online.jpg\",\"datePublished\":\"2024-09-19T12:41:50+00:00\",\"dateModified\":\"2025-01-14T10:38:06+00:00\",\"description\":\"Find premium Pineapple Express for sale at our online store, providing a secure platform to buy Pineapple Express online with ease, catering to your research needs.\",\"breadcrumb\":{\"@id\":\"https:\/\/legitgrams.com\/product\/pineapple-express-marijuana-strain\/#breadcrumb\"},\"inLanguage\":\"hu\",\"potentialAction\":[{\"@type\":\"ReadAction\",\"target\":[\"https:\/\/legitgrams.com\/product\/pineapple-express-marijuana-strain\/\"]}]},{\"@type\":\"ImageObject\",\"inLanguage\":\"hu\",\"@id\":\"https:\/\/legitgrams.com\/product\/pineapple-express-marijuana-strain\/#primaryimage\",\"url\":\"https:\/\/legitgrams.com\/wp-content\/uploads\/2024\/09\/Buy-Pineapple-Express-Marijuana-Strain-Online.jpg\",\"contentUrl\":\"https:\/\/legitgrams.com\/wp-content\/uploads\/2024\/09\/Buy-Pineapple-Express-Marijuana-Strain-Online.jpg\",\"width\":600,\"height\":600,\"caption\":\"Pineapple Express Marijuana Strain for Sale\"},{\"@type\":\"BreadcrumbList\",\"@id\":\"https:\/\/legitgrams.com\/product\/pineapple-express-marijuana-strain\/#breadcrumb\",\"itemListElement\":[{\"@type\":\"ListItem\",\"position\":1,\"name\":\"Home\",\"item\":\"https:\/\/legitgrams.com\/\"},{\"@type\":\"ListItem\",\"position\":2,\"name\":\"Shop\",\"item\":\"https:\/\/legitgrams.com\/shop\/\"},{\"@type\":\"ListItem\",\"position\":3,\"name\":\"Pineapple Express Marijuana Strain\"}]},{\"@type\":\"WebSite\",\"@id\":\"https:\/\/legitgrams.com\/#website\",\"url\":\"https:\/\/legitgrams.com\/\",\"name\":\"Legit Grams\",\"description\":\"My WordPress Blog\",\"publisher\":{\"@id\":\"https:\/\/legitgrams.com\/#organization\"},\"potentialAction\":[{\"@type\":\"SearchAction\",\"target\":{\"@type\":\"EntryPoint\",\"urlTemplate\":\"https:\/\/legitgrams.com\/?s={search_term_string}\"},\"query-input\":{\"@type\":\"PropertyValueSpecification\",\"valueRequired\":true,\"valueName\":\"search_term_string\"}}],\"inLanguage\":\"hu\"},{\"@type\":\"Organization\",\"@id\":\"https:\/\/legitgrams.com\/#organization\",\"name\":\"Legit Grams\",\"url\":\"https:\/\/legitgrams.com\/\",\"logo\":{\"@type\":\"ImageObject\",\"inLanguage\":\"hu\",\"@id\":\"https:\/\/legitgrams.com\/#\/schema\/logo\/image\/\",\"url\":\"https:\/\/legitgrams.com\/wp-content\/uploads\/2024\/09\/main-logo.png\",\"contentUrl\":\"https:\/\/legitgrams.com\/wp-content\/uploads\/2024\/09\/main-logo.png\",\"width\":270,\"height\":75,\"caption\":\"Legit Grams\"},\"image\":{\"@id\":\"https:\/\/legitgrams.com\/#\/schema\/logo\/image\/\"}}]}<\/script>\n<!-- \/ Yoast SEO plugin. -->","yoast_head_json":{"title":"Pineapple Express marihu\u00e1na t\u00f6rzs elad\u00f3 a LegitGrams-n\u00e1l","description":"Tal\u00e1lja meg a pr\u00e9mium Anan\u00e1sz Express elad\u00f3 online \u00e1ruh\u00e1zunkban, amely biztons\u00e1gos platformot biztos\u00edt a Pineapple Express online v\u00e1s\u00e1rl\u00e1s\u00e1hoz, \u00e9s kiel\u00e9g\u00edti az \u00d6n kutat\u00e1si ig\u00e9nyeit.","robots":{"index":"index","follow":"follow","max-snippet":"max-snippet:-1","max-image-preview":"max-image-preview:large","max-video-preview":"max-video-preview:-1"},"canonical":"https:\/\/legitgrams.com\/hu\/termek\/ananasz-expressz-marihuana-torzs\/","og_locale":"hu_HU","og_type":"article","og_title":"Pineapple Express Marijuana Strain for Sale at LegitGrams","og_description":"Find premium Pineapple Express for sale at our online store, providing a secure platform to buy Pineapple Express online with ease, catering to your research needs.","og_url":"https:\/\/legitgrams.com\/hu\/termek\/ananasz-expressz-marihuana-torzs\/","og_site_name":"Legit Grams","article_modified_time":"2025-01-14T10:38:06+00:00","og_image":[{"width":600,"height":600,"url":"https:\/\/legitgrams.com\/wp-content\/uploads\/2024\/09\/Buy-Pineapple-Express-Marijuana-Strain-Online.jpg","type":"image\/jpeg"}],"twitter_card":"summary_large_image","twitter_misc":{"Becs\u00fclt olvas\u00e1si id\u0151":"2 perc"},"schema":{"@context":"https:\/\/schema.org","@graph":[{"@type":"WebPage","@id":"https:\/\/legitgrams.com\/product\/pineapple-express-marijuana-strain\/","url":"https:\/\/legitgrams.com\/product\/pineapple-express-marijuana-strain\/","name":"Pineapple Express marihu\u00e1na t\u00f6rzs elad\u00f3 a LegitGrams-n\u00e1l","isPartOf":{"@id":"https:\/\/legitgrams.com\/#website"},"primaryImageOfPage":{"@id":"https:\/\/legitgrams.com\/product\/pineapple-express-marijuana-strain\/#primaryimage"},"image":{"@id":"https:\/\/legitgrams.com\/product\/pineapple-express-marijuana-strain\/#primaryimage"},"thumbnailUrl":"https:\/\/legitgrams.com\/wp-content\/uploads\/2024\/09\/Buy-Pineapple-Express-Marijuana-Strain-Online.jpg","datePublished":"2024-09-19T12:41:50+00:00","dateModified":"2025-01-14T10:38:06+00:00","description":"Tal\u00e1lja meg a pr\u00e9mium Anan\u00e1sz Express elad\u00f3 online \u00e1ruh\u00e1zunkban, amely biztons\u00e1gos platformot biztos\u00edt a Pineapple Express online v\u00e1s\u00e1rl\u00e1s\u00e1hoz, \u00e9s kiel\u00e9g\u00edti az \u00d6n kutat\u00e1si ig\u00e9nyeit.","breadcrumb":{"@id":"https:\/\/legitgrams.com\/product\/pineapple-express-marijuana-strain\/#breadcrumb"},"inLanguage":"hu","potentialAction":[{"@type":"ReadAction","target":["https:\/\/legitgrams.com\/product\/pineapple-express-marijuana-strain\/"]}]},{"@type":"ImageObject","inLanguage":"hu","@id":"https:\/\/legitgrams.com\/product\/pineapple-express-marijuana-strain\/#primaryimage","url":"https:\/\/legitgrams.com\/wp-content\/uploads\/2024\/09\/Buy-Pineapple-Express-Marijuana-Strain-Online.jpg","contentUrl":"https:\/\/legitgrams.com\/wp-content\/uploads\/2024\/09\/Buy-Pineapple-Express-Marijuana-Strain-Online.jpg","width":600,"height":600,"caption":"Pineapple Express Marijuana Strain for Sale"},{"@type":"BreadcrumbList","@id":"https:\/\/legitgrams.com\/product\/pineapple-express-marijuana-strain\/#breadcrumb","itemListElement":[{"@type":"ListItem","position":1,"name":"Home","item":"https:\/\/legitgrams.com\/"},{"@type":"ListItem","position":2,"name":"Shop","item":"https:\/\/legitgrams.com\/shop\/"},{"@type":"ListItem","position":3,"name":"Pineapple Express Marijuana Strain"}]},{"@type":"WebSite","@id":"https:\/\/legitgrams.com\/#website","url":"https:\/\/legitgrams.com\/","name":"Legit Grams","description":"Az \u00e9n WordPress blogom","publisher":{"@id":"https:\/\/legitgrams.com\/#organization"},"potentialAction":[{"@type":"SearchAction","target":{"@type":"EntryPoint","urlTemplate":"https:\/\/legitgrams.com\/?s={search_term_string}"},"query-input":{"@type":"PropertyValueSpecification","valueRequired":true,"valueName":"search_term_string"}}],"inLanguage":"hu"},{"@type":"Organization","@id":"https:\/\/legitgrams.com\/#organization","name":"Legit Grams","url":"https:\/\/legitgrams.com\/","logo":{"@type":"ImageObject","inLanguage":"hu","@id":"https:\/\/legitgrams.com\/#\/schema\/logo\/image\/","url":"https:\/\/legitgrams.com\/wp-content\/uploads\/2024\/09\/main-logo.png","contentUrl":"https:\/\/legitgrams.com\/wp-content\/uploads\/2024\/09\/main-logo.png","width":270,"height":75,"caption":"Legit Grams"},"image":{"@id":"https:\/\/legitgrams.com\/#\/schema\/logo\/image\/"}}]}},"uagb_featured_image_src":{"full":["https:\/\/legitgrams.com\/wp-content\/uploads\/2024\/09\/Buy-Pineapple-Express-Marijuana-Strain-Online.jpg",600,600,false],"thumbnail":["https:\/\/legitgrams.com\/wp-content\/uploads\/2024\/09\/Buy-Pineapple-Express-Marijuana-Strain-Online-150x150.jpg",150,150,true],"medium":["https:\/\/legitgrams.com\/wp-content\/uploads\/2024\/09\/Buy-Pineapple-Express-Marijuana-Strain-Online-300x300.jpg",300,300,true],"medium_large":["https:\/\/legitgrams.com\/wp-content\/uploads\/2024\/09\/Buy-Pineapple-Express-Marijuana-Strain-Online.jpg",600,600,false],"large":["https:\/\/legitgrams.com\/wp-content\/uploads\/2024\/09\/Buy-Pineapple-Express-Marijuana-Strain-Online.jpg",600,600,false],"1536x1536":["https:\/\/legitgrams.com\/wp-content\/uploads\/2024\/09\/Buy-Pineapple-Express-Marijuana-Strain-Online.jpg",600,600,false],"2048x2048":["https:\/\/legitgrams.com\/wp-content\/uploads\/2024\/09\/Buy-Pineapple-Express-Marijuana-Strain-Online.jpg",600,600,false],"trp-custom-language-flag":["https:\/\/legitgrams.com\/wp-content\/uploads\/2024\/09\/Buy-Pineapple-Express-Marijuana-Strain-Online-12x12.jpg",12,12,true],"woocommerce_thumbnail":["https:\/\/legitgrams.com\/wp-content\/uploads\/2024\/09\/Buy-Pineapple-Express-Marijuana-Strain-Online-300x300.jpg",300,300,true],"woocommerce_single":["https:\/\/legitgrams.com\/wp-content\/uploads\/2024\/09\/Buy-Pineapple-Express-Marijuana-Strain-Online.jpg",600,600,false],"woocommerce_gallery_thumbnail":["https:\/\/legitgrams.com\/wp-content\/uploads\/2024\/09\/Buy-Pineapple-Express-Marijuana-Strain-Online-100x100.jpg",100,100,true]},"uagb_author_info":{"display_name":"cokeblog18","author_link":"https:\/\/legitgrams.com\/hu\/author\/"},"uagb_comment_info":0,"uagb_excerpt":"Purchase Pineapple Express Marijuana Strain Online Effects: energizing, euphoric, and focused; may alleviate depression, fatigue, loss of appetite, headaches, nausea, and nightmares; may relieve chronic pain Tastes Aromas of citrus, pine, pineapple, sweet, and tropical Pine, Pineapple, Earthy, Sweet You must remember, though, that the tension is not as great as the film portrays it&hellip;","_links":{"self":[{"href":"https:\/\/legitgrams.com\/hu\/wp-json\/wp\/v2\/product\/3774","targetHints":{"allow":["GET"]}}],"collection":[{"href":"https:\/\/legitgrams.com\/hu\/wp-json\/wp\/v2\/product"}],"about":[{"href":"https:\/\/legitgrams.com\/hu\/wp-json\/wp\/v2\/types\/product"}],"replies":[{"embeddable":true,"href":"https:\/\/legitgrams.com\/hu\/wp-json\/wp\/v2\/comments?post=3774"}],"wp:featuredmedia":[{"embeddable":true,"href":"https:\/\/legitgrams.com\/hu\/wp-json\/wp\/v2\/media\/5416"}],"wp:attachment":[{"href":"https:\/\/legitgrams.com\/hu\/wp-json\/wp\/v2\/media?parent=3774"}],"wp:term":[{"taxonomy":"product_brand","embeddable":true,"href":"https:\/\/legitgrams.com\/hu\/wp-json\/wp\/v2\/product_brand?post=3774"},{"taxonomy":"product_cat","embeddable":true,"href":"https:\/\/legitgrams.com\/hu\/wp-json\/wp\/v2\/product_cat?post=3774"},{"taxonomy":"product_tag","embeddable":true,"href":"https:\/\/legitgrams.com\/hu\/wp-json\/wp\/v2\/product_tag?post=3774"}],"curies":[{"name":"wp","href":"https:\/\/api.w.org\/{rel}","templated":true}]}}