{"id":3782,"date":"2024-09-20T05:04:07","date_gmt":"2024-09-20T05:04:07","guid":{"rendered":"https:\/\/legitgrams.com\/?post_type=product&#038;p=3782"},"modified":"2025-01-14T10:52:52","modified_gmt":"2025-01-14T10:52:52","slug":"lila-sarkany-kannabisz-aaaaaaa","status":"publish","type":"product","link":"https:\/\/legitgrams.com\/hu\/termek\/lila-sarkany-kannabisz-aaaaaaa\/","title":{"rendered":"Lila S\u00e1rk\u00e1ny kannabisz (AAAAA)"},"content":{"rendered":"<h2>Purple Dragon Cannabis online v\u00e1s\u00e1rl\u00e1sa (AAAA)<\/h2>\n<p>A Blue Dragon \u00e9s a Purple Urkle kever\u00e9ke, a Purple Dragon egy er\u0151s indica-domin\u00e1ns hibrid. A Purple Dragon \u00e1ltal k\u00edn\u00e1lt kiegyens\u00falyozott cs\u00facs megnyugtatja \u00e9s ellaz\u00edtja a testet \u00e9s az elm\u00e9t. Ez a t\u00f6rzs nagyon kellemes arom\u00e1j\u00fa, amely \u00f6tv\u00f6zi a p\u00e9zsm\u00e1t \u00e9s a zs\u00e1ly\u00e1t egy tart\u00f3s vir\u00e1gos \u00edzzel. Az elme stimul\u00e1lt \u00e9s boldog, miut\u00e1n \u00e9lvezte ezt a fesz\u00fclts\u00e9get, amely gyorsan enyh\u00edti a szorong\u00e1st \u00e9s a szomor\u00fas\u00e1got. A Purple Dragon el\u0151nyei kezdetben pozit\u00edv \u00e9s energiz\u00e1l\u00f3 ment\u00e1lis tisztas\u00e1got biztos\u00edtanak a felhaszn\u00e1l\u00f3nak, majd fokozatosan t\u00f6bb \u00f3r\u00e1n \u00e1t tart\u00f3 f\u00e1jdalom- \u00e9s nyugtat\u00f3 hat\u00e1st biztos\u00edtanak. Ahogy a kliens v\u00e9g\u00fcl el\u00e9ri az elm\u00e9j\u00e9ben \u00e9s test\u00e9ben egyar\u00e1nt \u00e9rezhet\u0151 ellazult \u00e1llapotot, a fizikai f\u00e1jdalmak \u00e1ltal\u00e1ban elm\u00falnak. Sz\u00e1mos betegs\u00e9g, mint p\u00e9ld\u00e1ul a Purple Dragon kiv\u00e1l\u00f3 gy\u00f3gym\u00f3d olyan probl\u00e9m\u00e1k eset\u00e9n, mint a szorong\u00e1s, a depresszi\u00f3, a hangulati zavarok, a fizikai f\u00e1radts\u00e1g, a fejf\u00e1j\u00e1s, a migr\u00e9n, a kr\u00f3nikus f\u00e1jdalom \u00e9s az \u00e9tv\u00e1gytalans\u00e1g.<\/p>\n<p>A <a href=\"https:\/\/legitgrams.com\/hu\/termek\/lila-sarkany-kannabisz-aaaaaaa\/\">B\u00edbor S\u00e1rk\u00e1ny<\/a> egy er\u0151s hibrid, amely els\u0151sorban indica, \u00e9s a Blue Dragon \u00e9s a Purple Urkle keresztez\u00e9se. A Purple Dragon kiegyens\u00falyozott magass\u00e1got biztos\u00edt, amely megnyugtatja \u00e9s ellaz\u00edtja mind a testet, mind az elm\u00e9t. Ennek a t\u00f6rzsnek rendk\u00edv\u00fcl kellemes illata van, amely a zs\u00e1ly\u00e1t \u00e9s a p\u00e9zsm\u00e1t keveri egy tart\u00f3san vir\u00e1gos \u00edzzel. A szorong\u00e1s \u00e9s a k\u00e9ts\u00e9gbees\u00e9s gyorsan enyh\u00fcl a fesz\u00fclts\u00e9g \u00e9lvezete ut\u00e1n, ami az elm\u00e9t energikusan \u00e9s extatikusan hagyja. A Purple Dragon hat\u00e1sa fokozatosan biztos\u00edtja a felhaszn\u00e1l\u00f3 sz\u00e1m\u00e1ra a f\u00e1jdalomcsillap\u00edt\u00e1st, de el\u0151bb felemel\u0151 \u00e9s \u00e9l\u00e9nk\u00edt\u0151 szellemi tisztas\u00e1got ad. \u00e9s \u00f3r\u00e1kig tart\u00f3 nyugalmat. Ahogy a fogyaszt\u00f3 fokozatosan a testre \u00e9s a pszich\u00e9re egyar\u00e1nt hat\u00f3 relax\u00e1ci\u00f3s \u00e1llapotba ker\u00fcl, az \u00e1ltal\u00e1nos testi f\u00e1jdalmak elt\u0171nnek. Sz\u00e1mos betegs\u00e9g, t\u00f6bbek k\u00f6z\u00f6tt mint a szorong\u00e1s, szomor\u00fas\u00e1g, hangulatzavarok, fizikai kimer\u00fclts\u00e9g, migr\u00e9n, fejf\u00e1j\u00e1s, kr\u00f3nikus f\u00e1jdalom \u00e9s \u00e9tv\u00e1gytalans\u00e1g hat\u00e9konyan kezelhet\u0151 a lila s\u00e1rk\u00e1nnyal. <a href=\"https:\/\/legitgrams.com\/hu\/\">LegitGrams<\/a><\/p>\n<p>V\u00e1s\u00e1rl\u00e1s S\u00e1rk\u00e1ny <a href=\"https:\/\/en.wikipedia.org\/wiki\/Cannabis_(drug)\">kannabisz<\/a>, Purple Dragon cannabis (AAAAA) v\u00e1s\u00e1rl\u00e1s, Purple Dragon cannabis online v\u00e1s\u00e1rl\u00e1s, Hol lehet Purple Dragon cannabis (AAAAA) online v\u00e1s\u00e1rolni? Hol v\u00e1s\u00e1rolhatok Purple Dragon kannabiszt (AAAAA) online? Hol v\u00e1s\u00e1rolhatok Purple Dragon kannabiszt (AAAAA) online? Purple Dragon cannabis (AAAAA) elad\u00f3 az Egyes\u00fclt \u00c1llamokban, Kanad\u00e1ban \u00e9s az Egyes\u00fclt Kir\u00e1lys\u00e1gban? v\u00e1s\u00e1rl\u00e1s, online, besz\u00e1ll\u00edt\u00f3k, biztons\u00e1gos sz\u00e1ll\u00edt\u00e1s, Purple Dragon cannabis (AAAAA) m\u00e9g mindig el\u00e9rhet\u0151. A Purple Dragon kannabisz (AAAAA) leg\u00e1lis Kanad\u00e1ban? Hol v\u00e1s\u00e1rolhatok Purple Dragon Cannabis (AAAAAA) online? Hogyan rendelhetek Purple Dragon Cannabis (AAAAAA) term\u00e9ket?<\/p>","protected":false},"excerpt":{"rendered":"<p>Purchase Purple Dragon Cannabis Online (AAAAA) A mix between the Blue Dragon and the Purple Urkle, the Purple Dragon is a strong indica-dominant hybrid. The well-balanced high that Purple Dragon offers calms and relaxes the body and mind. This strain has a very pleasant aroma that combines musk and sage with a lingering flowery taste. &hellip;<\/p>\n<p class=\"read-more\"> <a class=\"\" href=\"https:\/\/legitgrams.com\/hu\/termek\/lila-sarkany-kannabisz-aaaaaaa\/\"> <span class=\"screen-reader-text\">Lila S\u00e1rk\u00e1ny kannabisz (AAAAA)<\/span> Olvass tov\u00e1bb \"<\/a><\/p>","protected":false},"featured_media":5417,"comment_status":"open","ping_status":"closed","template":"","meta":{"_uag_custom_page_level_css":"","site-sidebar-layout":"default","site-content-layout":"default","ast-global-header-display":"","ast-main-header-display":"","ast-hfb-above-header-display":"","ast-hfb-below-header-display":"","ast-hfb-mobile-header-display":"","site-post-title":"","ast-breadcrumbs-content":"","ast-featured-img":"","footer-sml-layout":"","theme-transparent-header-meta":"default","adv-header-id-meta":"","stick-header-meta":"default","header-above-stick-meta":"","header-main-stick-meta":"","header-below-stick-meta":"","_joinchat":[]},"product_brand":[],"product_cat":[607],"product_tag":[5269,5259,617,5251,5266,5263,5258,5256,5268,5250,5253,5261,5252,5262,5254,5264,5271,5272,5270,5267,5265,625,5257,5260,5255],"class_list":{"0":"post-3782","1":"product","2":"type-product","3":"status-publish","4":"has-post-thumbnail","6":"product_cat-marijuana-cannabis","7":"product_tag-best-cheap-price-purple-dragon-cannabis-aaaaa","8":"product_tag-best-place-to-buy-purple-dragon-cannabis-aaaaa","9":"product_tag-bulk-online","10":"product_tag-buy-purple-dragon-cannabis-aaaaa","11":"product_tag-cheap-purple-dragon-cannabis-aaaaa","12":"product_tag-high-quality-purple-dragon-cannabis-aaaaa","13":"product_tag-how-to-buy-purple-dragon-cannabis-aaaaa","14":"product_tag-order-purple-dragon-cannabis-aaaaa","15":"product_tag-purcharse-purple-dragon-cannabis-aaaaa","16":"product_tag-purple-dragon-cannabis-aaaaa","17":"product_tag-purple-dragon-cannabis-aaaaa-for-sale","18":"product_tag-purple-dragon-cannabis-aaaaa-legally","19":"product_tag-purple-dragon-cannabis-aaaaa-online","20":"product_tag-purple-dragon-cannabis-aaaaa-price","21":"product_tag-purple-dragon-cannabis-aaaaa-purple-dragon-cannabis-aaaaa-supplier","22":"product_tag-purple-dragon-cannabis-aaaaa-store","23":"product_tag-purple-dragon-cannabis-aaaaa-use","24":"product_tag-purple-dragon-cannabis-aaaaa-wiki","25":"product_tag-purple-dragon-cannabis-aaaaa-worldwide","26":"product_tag-purple-dragon-cannabis-aaaaas","27":"product_tag-shop-purple-dragon-cannabis-aaaaa","28":"product_tag-top-quality","29":"product_tag-where-to-buy-purple-dragon-cannabis-aaaaa","30":"product_tag-where-to-order-purple-dragon-cannabis-aaaaa","31":"product_tag-wholesale-purple-dragon-cannabis-aaaaa","32":"desktop-align-left","33":"tablet-align-left","34":"mobile-align-left","35":"ast-product-gallery-layout-horizontal","36":"ast-product-gallery-with-no-image","37":"ast-product-single-variable","38":"ast-product-tabs-layout-horizontal","39":"ast-qv-on-image","41":"first","42":"instock","43":"shipping-taxable","44":"purchasable","45":"product-type-variable"},"yoast_head":"<!-- This site is optimized with the Yoast SEO plugin v25.9 - https:\/\/yoast.com\/wordpress\/plugins\/seo\/ -->\n<title>Purple Dragon cannabis (AAAAA) for Sale at LegitGrams<\/title>\n<meta name=\"description\" content=\"Find premium purple dragon cannabis (AAAAA) for sale at our online store, providing a secure platform to buy purple dragon cannabis (AAAAA) online with ease, catering to your research needs. Hit your order now!\" \/>\n<meta name=\"robots\" content=\"index, follow, max-snippet:-1, max-image-preview:large, max-video-preview:-1\" \/>\n<link rel=\"canonical\" href=\"https:\/\/legitgrams.com\/hu\/termek\/lila-sarkany-kannabisz-aaaaaaa\/\" \/>\n<meta property=\"og:locale\" content=\"hu_HU\" \/>\n<meta property=\"og:type\" content=\"article\" \/>\n<meta property=\"og:title\" content=\"Purple Dragon cannabis (AAAAA) for Sale at LegitGrams\" \/>\n<meta property=\"og:description\" content=\"Find premium purple dragon cannabis (AAAAA) for sale at our online store, providing a secure platform to buy purple dragon cannabis (AAAAA) online with ease, catering to your research needs. Hit your order now!\" \/>\n<meta property=\"og:url\" content=\"https:\/\/legitgrams.com\/hu\/termek\/lila-sarkany-kannabisz-aaaaaaa\/\" \/>\n<meta property=\"og:site_name\" content=\"Legit Grams\" \/>\n<meta property=\"article:modified_time\" content=\"2025-01-14T10:52:52+00:00\" \/>\n<meta property=\"og:image\" content=\"https:\/\/legitgrams.com\/wp-content\/uploads\/2024\/09\/Buy-Purple-Dragon-cannabis-AAAAA.jpg\" \/>\n\t<meta property=\"og:image:width\" content=\"600\" \/>\n\t<meta property=\"og:image:height\" content=\"600\" \/>\n\t<meta property=\"og:image:type\" content=\"image\/jpeg\" \/>\n<meta name=\"twitter:card\" content=\"summary_large_image\" \/>\n<meta name=\"twitter:label1\" content=\"Becs\u00fclt olvas\u00e1si id\u0151\" \/>\n\t<meta name=\"twitter:data1\" content=\"2 perc\" \/>\n<script type=\"application\/ld+json\" class=\"yoast-schema-graph\">{\"@context\":\"https:\/\/schema.org\",\"@graph\":[{\"@type\":\"WebPage\",\"@id\":\"https:\/\/legitgrams.com\/product\/purple-dragon-cannabis-aaaaa\/\",\"url\":\"https:\/\/legitgrams.com\/product\/purple-dragon-cannabis-aaaaa\/\",\"name\":\"Purple Dragon cannabis (AAAAA) for Sale at LegitGrams\",\"isPartOf\":{\"@id\":\"https:\/\/legitgrams.com\/#website\"},\"primaryImageOfPage\":{\"@id\":\"https:\/\/legitgrams.com\/product\/purple-dragon-cannabis-aaaaa\/#primaryimage\"},\"image\":{\"@id\":\"https:\/\/legitgrams.com\/product\/purple-dragon-cannabis-aaaaa\/#primaryimage\"},\"thumbnailUrl\":\"https:\/\/legitgrams.com\/wp-content\/uploads\/2024\/09\/Buy-Purple-Dragon-cannabis-AAAAA.jpg\",\"datePublished\":\"2024-09-20T05:04:07+00:00\",\"dateModified\":\"2025-01-14T10:52:52+00:00\",\"description\":\"Find premium purple dragon cannabis (AAAAA) for sale at our online store, providing a secure platform to buy purple dragon cannabis (AAAAA) online with ease, catering to your research needs. Hit your order now!\",\"breadcrumb\":{\"@id\":\"https:\/\/legitgrams.com\/product\/purple-dragon-cannabis-aaaaa\/#breadcrumb\"},\"inLanguage\":\"hu\",\"potentialAction\":[{\"@type\":\"ReadAction\",\"target\":[\"https:\/\/legitgrams.com\/product\/purple-dragon-cannabis-aaaaa\/\"]}]},{\"@type\":\"ImageObject\",\"inLanguage\":\"hu\",\"@id\":\"https:\/\/legitgrams.com\/product\/purple-dragon-cannabis-aaaaa\/#primaryimage\",\"url\":\"https:\/\/legitgrams.com\/wp-content\/uploads\/2024\/09\/Buy-Purple-Dragon-cannabis-AAAAA.jpg\",\"contentUrl\":\"https:\/\/legitgrams.com\/wp-content\/uploads\/2024\/09\/Buy-Purple-Dragon-cannabis-AAAAA.jpg\",\"width\":600,\"height\":600,\"caption\":\"Purple Dragon cannabis (AAAAA) for sale\"},{\"@type\":\"BreadcrumbList\",\"@id\":\"https:\/\/legitgrams.com\/product\/purple-dragon-cannabis-aaaaa\/#breadcrumb\",\"itemListElement\":[{\"@type\":\"ListItem\",\"position\":1,\"name\":\"Home\",\"item\":\"https:\/\/legitgrams.com\/\"},{\"@type\":\"ListItem\",\"position\":2,\"name\":\"Shop\",\"item\":\"https:\/\/legitgrams.com\/shop\/\"},{\"@type\":\"ListItem\",\"position\":3,\"name\":\"Purple Dragon cannabis (AAAAA)\"}]},{\"@type\":\"WebSite\",\"@id\":\"https:\/\/legitgrams.com\/#website\",\"url\":\"https:\/\/legitgrams.com\/\",\"name\":\"Legit Grams\",\"description\":\"My WordPress Blog\",\"publisher\":{\"@id\":\"https:\/\/legitgrams.com\/#organization\"},\"potentialAction\":[{\"@type\":\"SearchAction\",\"target\":{\"@type\":\"EntryPoint\",\"urlTemplate\":\"https:\/\/legitgrams.com\/?s={search_term_string}\"},\"query-input\":{\"@type\":\"PropertyValueSpecification\",\"valueRequired\":true,\"valueName\":\"search_term_string\"}}],\"inLanguage\":\"hu\"},{\"@type\":\"Organization\",\"@id\":\"https:\/\/legitgrams.com\/#organization\",\"name\":\"Legit Grams\",\"url\":\"https:\/\/legitgrams.com\/\",\"logo\":{\"@type\":\"ImageObject\",\"inLanguage\":\"hu\",\"@id\":\"https:\/\/legitgrams.com\/#\/schema\/logo\/image\/\",\"url\":\"https:\/\/legitgrams.com\/wp-content\/uploads\/2024\/09\/main-logo.png\",\"contentUrl\":\"https:\/\/legitgrams.com\/wp-content\/uploads\/2024\/09\/main-logo.png\",\"width\":270,\"height\":75,\"caption\":\"Legit Grams\"},\"image\":{\"@id\":\"https:\/\/legitgrams.com\/#\/schema\/logo\/image\/\"}}]}<\/script>\n<!-- \/ Yoast SEO plugin. -->","yoast_head_json":{"title":"Purple Dragon kannabisz (AAAAA) elad\u00f3 a LegitGrams-n\u00e9l","description":"Keresse meg a pr\u00e9mium lila s\u00e1rk\u00e1ny kannabisz (AAAAA) elad\u00f3 online \u00e1ruh\u00e1zunkban, amely biztons\u00e1gos platformot biztos\u00edt a lila s\u00e1rk\u00e1ny kannabisz (AAAAA) online v\u00e1s\u00e1rl\u00e1s\u00e1hoz, k\u00f6nnyed\u00e9n, az \u00d6n kutat\u00e1si ig\u00e9nyeinek kiel\u00e9g\u00edt\u00e9s\u00e9re. \u00dcsse le a rendel\u00e9s\u00e9t most!","robots":{"index":"index","follow":"follow","max-snippet":"max-snippet:-1","max-image-preview":"max-image-preview:large","max-video-preview":"max-video-preview:-1"},"canonical":"https:\/\/legitgrams.com\/hu\/termek\/lila-sarkany-kannabisz-aaaaaaa\/","og_locale":"hu_HU","og_type":"article","og_title":"Purple Dragon cannabis (AAAAA) for Sale at LegitGrams","og_description":"Find premium purple dragon cannabis (AAAAA) for sale at our online store, providing a secure platform to buy purple dragon cannabis (AAAAA) online with ease, catering to your research needs. Hit your order now!","og_url":"https:\/\/legitgrams.com\/hu\/termek\/lila-sarkany-kannabisz-aaaaaaa\/","og_site_name":"Legit Grams","article_modified_time":"2025-01-14T10:52:52+00:00","og_image":[{"width":600,"height":600,"url":"https:\/\/legitgrams.com\/wp-content\/uploads\/2024\/09\/Buy-Purple-Dragon-cannabis-AAAAA.jpg","type":"image\/jpeg"}],"twitter_card":"summary_large_image","twitter_misc":{"Becs\u00fclt olvas\u00e1si id\u0151":"2 perc"},"schema":{"@context":"https:\/\/schema.org","@graph":[{"@type":"WebPage","@id":"https:\/\/legitgrams.com\/product\/purple-dragon-cannabis-aaaaa\/","url":"https:\/\/legitgrams.com\/product\/purple-dragon-cannabis-aaaaa\/","name":"Purple Dragon kannabisz (AAAAA) elad\u00f3 a LegitGrams-n\u00e9l","isPartOf":{"@id":"https:\/\/legitgrams.com\/#website"},"primaryImageOfPage":{"@id":"https:\/\/legitgrams.com\/product\/purple-dragon-cannabis-aaaaa\/#primaryimage"},"image":{"@id":"https:\/\/legitgrams.com\/product\/purple-dragon-cannabis-aaaaa\/#primaryimage"},"thumbnailUrl":"https:\/\/legitgrams.com\/wp-content\/uploads\/2024\/09\/Buy-Purple-Dragon-cannabis-AAAAA.jpg","datePublished":"2024-09-20T05:04:07+00:00","dateModified":"2025-01-14T10:52:52+00:00","description":"Keresse meg a pr\u00e9mium lila s\u00e1rk\u00e1ny kannabisz (AAAAA) elad\u00f3 online \u00e1ruh\u00e1zunkban, amely biztons\u00e1gos platformot biztos\u00edt a lila s\u00e1rk\u00e1ny kannabisz (AAAAA) online v\u00e1s\u00e1rl\u00e1s\u00e1hoz, k\u00f6nnyed\u00e9n, az \u00d6n kutat\u00e1si ig\u00e9nyeinek kiel\u00e9g\u00edt\u00e9s\u00e9re. \u00dcsse le a rendel\u00e9s\u00e9t most!","breadcrumb":{"@id":"https:\/\/legitgrams.com\/product\/purple-dragon-cannabis-aaaaa\/#breadcrumb"},"inLanguage":"hu","potentialAction":[{"@type":"ReadAction","target":["https:\/\/legitgrams.com\/product\/purple-dragon-cannabis-aaaaa\/"]}]},{"@type":"ImageObject","inLanguage":"hu","@id":"https:\/\/legitgrams.com\/product\/purple-dragon-cannabis-aaaaa\/#primaryimage","url":"https:\/\/legitgrams.com\/wp-content\/uploads\/2024\/09\/Buy-Purple-Dragon-cannabis-AAAAA.jpg","contentUrl":"https:\/\/legitgrams.com\/wp-content\/uploads\/2024\/09\/Buy-Purple-Dragon-cannabis-AAAAA.jpg","width":600,"height":600,"caption":"Purple Dragon cannabis (AAAAA) for sale"},{"@type":"BreadcrumbList","@id":"https:\/\/legitgrams.com\/product\/purple-dragon-cannabis-aaaaa\/#breadcrumb","itemListElement":[{"@type":"ListItem","position":1,"name":"Home","item":"https:\/\/legitgrams.com\/"},{"@type":"ListItem","position":2,"name":"Shop","item":"https:\/\/legitgrams.com\/shop\/"},{"@type":"ListItem","position":3,"name":"Purple Dragon cannabis (AAAAA)"}]},{"@type":"WebSite","@id":"https:\/\/legitgrams.com\/#website","url":"https:\/\/legitgrams.com\/","name":"Legit Grams","description":"Az \u00e9n WordPress blogom","publisher":{"@id":"https:\/\/legitgrams.com\/#organization"},"potentialAction":[{"@type":"SearchAction","target":{"@type":"EntryPoint","urlTemplate":"https:\/\/legitgrams.com\/?s={search_term_string}"},"query-input":{"@type":"PropertyValueSpecification","valueRequired":true,"valueName":"search_term_string"}}],"inLanguage":"hu"},{"@type":"Organization","@id":"https:\/\/legitgrams.com\/#organization","name":"Legit Grams","url":"https:\/\/legitgrams.com\/","logo":{"@type":"ImageObject","inLanguage":"hu","@id":"https:\/\/legitgrams.com\/#\/schema\/logo\/image\/","url":"https:\/\/legitgrams.com\/wp-content\/uploads\/2024\/09\/main-logo.png","contentUrl":"https:\/\/legitgrams.com\/wp-content\/uploads\/2024\/09\/main-logo.png","width":270,"height":75,"caption":"Legit Grams"},"image":{"@id":"https:\/\/legitgrams.com\/#\/schema\/logo\/image\/"}}]}},"uagb_featured_image_src":{"full":["https:\/\/legitgrams.com\/wp-content\/uploads\/2024\/09\/Buy-Purple-Dragon-cannabis-AAAAA.jpg",600,600,false],"thumbnail":["https:\/\/legitgrams.com\/wp-content\/uploads\/2024\/09\/Buy-Purple-Dragon-cannabis-AAAAA-150x150.jpg",150,150,true],"medium":["https:\/\/legitgrams.com\/wp-content\/uploads\/2024\/09\/Buy-Purple-Dragon-cannabis-AAAAA-300x300.jpg",300,300,true],"medium_large":["https:\/\/legitgrams.com\/wp-content\/uploads\/2024\/09\/Buy-Purple-Dragon-cannabis-AAAAA.jpg",600,600,false],"large":["https:\/\/legitgrams.com\/wp-content\/uploads\/2024\/09\/Buy-Purple-Dragon-cannabis-AAAAA.jpg",600,600,false],"1536x1536":["https:\/\/legitgrams.com\/wp-content\/uploads\/2024\/09\/Buy-Purple-Dragon-cannabis-AAAAA.jpg",600,600,false],"2048x2048":["https:\/\/legitgrams.com\/wp-content\/uploads\/2024\/09\/Buy-Purple-Dragon-cannabis-AAAAA.jpg",600,600,false],"trp-custom-language-flag":["https:\/\/legitgrams.com\/wp-content\/uploads\/2024\/09\/Buy-Purple-Dragon-cannabis-AAAAA-12x12.jpg",12,12,true],"woocommerce_thumbnail":["https:\/\/legitgrams.com\/wp-content\/uploads\/2024\/09\/Buy-Purple-Dragon-cannabis-AAAAA-300x300.jpg",300,300,true],"woocommerce_single":["https:\/\/legitgrams.com\/wp-content\/uploads\/2024\/09\/Buy-Purple-Dragon-cannabis-AAAAA.jpg",600,600,false],"woocommerce_gallery_thumbnail":["https:\/\/legitgrams.com\/wp-content\/uploads\/2024\/09\/Buy-Purple-Dragon-cannabis-AAAAA-100x100.jpg",100,100,true]},"uagb_author_info":{"display_name":"cokeblog18","author_link":"https:\/\/legitgrams.com\/hu\/author\/"},"uagb_comment_info":0,"uagb_excerpt":"Purchase Purple Dragon Cannabis Online (AAAAA) A mix between the Blue Dragon and the Purple Urkle, the Purple Dragon is a strong indica-dominant hybrid. The well-balanced high that Purple Dragon offers calms and relaxes the body and mind. This strain has a very pleasant aroma that combines musk and sage with a lingering flowery taste.&hellip;","_links":{"self":[{"href":"https:\/\/legitgrams.com\/hu\/wp-json\/wp\/v2\/product\/3782","targetHints":{"allow":["GET"]}}],"collection":[{"href":"https:\/\/legitgrams.com\/hu\/wp-json\/wp\/v2\/product"}],"about":[{"href":"https:\/\/legitgrams.com\/hu\/wp-json\/wp\/v2\/types\/product"}],"replies":[{"embeddable":true,"href":"https:\/\/legitgrams.com\/hu\/wp-json\/wp\/v2\/comments?post=3782"}],"wp:featuredmedia":[{"embeddable":true,"href":"https:\/\/legitgrams.com\/hu\/wp-json\/wp\/v2\/media\/5417"}],"wp:attachment":[{"href":"https:\/\/legitgrams.com\/hu\/wp-json\/wp\/v2\/media?parent=3782"}],"wp:term":[{"taxonomy":"product_brand","embeddable":true,"href":"https:\/\/legitgrams.com\/hu\/wp-json\/wp\/v2\/product_brand?post=3782"},{"taxonomy":"product_cat","embeddable":true,"href":"https:\/\/legitgrams.com\/hu\/wp-json\/wp\/v2\/product_cat?post=3782"},{"taxonomy":"product_tag","embeddable":true,"href":"https:\/\/legitgrams.com\/hu\/wp-json\/wp\/v2\/product_tag?post=3782"}],"curies":[{"name":"wp","href":"https:\/\/api.w.org\/{rel}","templated":true}]}}