{"id":3799,"date":"2024-09-20T05:13:17","date_gmt":"2024-09-20T05:13:17","guid":{"rendered":"https:\/\/legitgrams.com\/?post_type=product&#038;p=3799"},"modified":"2025-12-18T23:15:34","modified_gmt":"2025-12-18T23:15:34","slug":"purple-wreck-marihuana-torzs","status":"publish","type":"product","link":"https:\/\/legitgrams.com\/hu\/termek\/purple-wreck-marihuana-torzs\/","title":{"rendered":"Purple Wreck marihu\u00e1na t\u00f6rzs"},"content":{"rendered":"<h2>V\u00e1s\u00e1roljon Purple Wreck Strain of Cannabis online term\u00e9ket<\/h2>\n<p>A Purple Trainwreck-et, vagy m\u00e1s n\u00e9ven Purple Wreck-et, a Humboldt Seed Organisation \u00e1ll\u00edtotta el\u0151 \u00c9szak-Kaliforni\u00e1ban, a Trainwreck-et, a Mendocino Purps fajt\u00e1t a Mendocino Purps-szel keresztezve. <a style=\"font-size: 16px; background-color: #ffffff;\" href=\"https:\/\/legitgrams.com\/hu\/\">LegitGrams<\/a><\/p>\n<p>Az agy nagyon pihentet\u0151 pszichedelikus hat\u00e1st tapasztal, amikor ki van t\u00e9ve a Purple Trainwrecknek. Ennek a n\u00e9pszer\u0171 lila fajt\u00e1nak az \u00edz\u00e9t levendula, citrom \u00e9s feny\u0151 kever\u00e9kek\u00e9nt \u00edrj\u00e1k le. Az illata is fanyar citrusos.<\/p>\n<p><a href=\"http:\/\/www.cannapedia.cz\/en\/variety\/purple-wreck\">V\u00e1s\u00e1rl\u00e1s Purple Wreck Cannabis t\u00f6rzs<\/a> Online - V\u00e1s\u00e1rl\u00e1s Marijuana Strain, V\u00e1s\u00e1rl\u00e1s Purple Wreck Cannabis Strain, V\u00e1s\u00e1rl\u00e1s Wreck Marijuana Strain online, Hol lehet megv\u00e1s\u00e1rolni Purple Wreck Cannabis Strain, Purple Wreck Marijuana Strain elad\u00f3, Wreck Marijuana Strain elad\u00f3, V\u00e1s\u00e1rl\u00e1s Wreck Marijuana Strain online, Hol lehet megv\u00e1s\u00e1rolni Purple Wreck Cannabis Strain online, Purple Wreck Marijuana Strain elad\u00f3 az Egyes\u00fclt \u00c1llamokban, Kanad\u00e1ban, az Egyes\u00fclt Kir\u00e1lys\u00e1gban, v\u00e1s\u00e1rl\u00e1s, online, besz\u00e1ll\u00edt\u00f3k, biztons\u00e1gos sz\u00e1ll\u00edt\u00e1s M\u00e9g mindig lehets\u00e9ges a Purple Wreck Marijuana Strain beszerz\u00e9se, valamint a megrendel\u00e9ssel kapcsolatos inform\u00e1ci\u00f3k. <a href=\"https:\/\/legitgrams.com\/hu\/termek\/purple-wreck-marihuana-torzs\/\">B\u00edbor roncs Marihu\u00e1na Strai<\/a>n, leg\u00e1lis-e Kanad\u00e1ban, \u00e9s hol lehet online v\u00e1s\u00e1rolni.<\/p>","protected":false},"excerpt":{"rendered":"<p>Purchase Purple Wreck Strain of Cannabis Online The Purple Trainwreck, also called Purple Wreck, was produced by the Humboldt Seed Organization in Northern California by crossing Trainwreck, a Mendocino Purps variety, with Mendocino Purps. LegitGrams The brain tends to experience a very relaxing psychedelic effect when exposed to Purple Trainwreck. The flavor characteristic of this &hellip;<\/p>\n<p class=\"read-more\"> <a class=\"\" href=\"https:\/\/legitgrams.com\/hu\/termek\/purple-wreck-marihuana-torzs\/\"> <span class=\"screen-reader-text\">Purple Wreck marihu\u00e1na t\u00f6rzs<\/span> Olvass tov\u00e1bb \"<\/a><\/p>","protected":false},"featured_media":5418,"comment_status":"open","ping_status":"closed","template":"","meta":{"_uag_custom_page_level_css":"","site-sidebar-layout":"default","site-content-layout":"default","ast-global-header-display":"","ast-main-header-display":"","ast-hfb-above-header-display":"","ast-hfb-below-header-display":"","ast-hfb-mobile-header-display":"","site-post-title":"","ast-breadcrumbs-content":"","ast-featured-img":"","footer-sml-layout":"","theme-transparent-header-meta":"default","adv-header-id-meta":"","stick-header-meta":"default","header-above-stick-meta":"","header-main-stick-meta":"","header-below-stick-meta":"","_joinchat":[]},"product_brand":[],"product_cat":[607],"product_tag":[5246,5236,617,5228,5243,5240,5235,5233,5245,5227,5230,5238,5229,5239,5231,5241,5248,5249,5247,5244,5242,625,5234,5237,5232],"class_list":{"0":"post-3799","1":"product","2":"type-product","3":"status-publish","4":"has-post-thumbnail","6":"product_cat-marijuana-cannabis","7":"product_tag-best-cheap-price-purple-wreck-marijuana-strain","8":"product_tag-best-place-to-buy-purple-wreck-marijuana-strain","9":"product_tag-bulk-online","10":"product_tag-buy-purple-wreck-marijuana-strain","11":"product_tag-cheap-purple-wreck-marijuana-strain","12":"product_tag-high-quality-purple-wreck-marijuana-strain","13":"product_tag-how-to-buy-purple-wreck-marijuana-strain","14":"product_tag-order-purple-wreck-marijuana-strain","15":"product_tag-purcharse-purple-wreck-marijuana-strain","16":"product_tag-purple-wreck-marijuana-strain","17":"product_tag-purple-wreck-marijuana-strain-for-sale","18":"product_tag-purple-wreck-marijuana-strain-legally","19":"product_tag-purple-wreck-marijuana-strain-online","20":"product_tag-purple-wreck-marijuana-strain-price","21":"product_tag-purple-wreck-marijuana-strain-purple-wreck-marijuana-strain-supplier","22":"product_tag-purple-wreck-marijuana-strain-store","23":"product_tag-purple-wreck-marijuana-strain-use","24":"product_tag-purple-wreck-marijuana-strain-wiki","25":"product_tag-purple-wreck-marijuana-strain-worldwide","26":"product_tag-purple-wreck-marijuana-strains","27":"product_tag-shop-purple-wreck-marijuana-strain","28":"product_tag-top-quality","29":"product_tag-where-to-buy-purple-wreck-marijuana-strain","30":"product_tag-where-to-order-purple-wreck-marijuana-strain","31":"product_tag-wholesale-purple-wreck-marijuana-strain","32":"desktop-align-left","33":"tablet-align-left","34":"mobile-align-left","35":"ast-product-gallery-layout-horizontal","36":"ast-product-gallery-with-no-image","37":"ast-product-single-variable","38":"ast-product-tabs-layout-horizontal","39":"ast-qv-on-image","41":"first","42":"instock","43":"shipping-taxable","44":"purchasable","45":"product-type-variable"},"yoast_head":"<!-- This site is optimized with the Yoast SEO plugin v25.9 - https:\/\/yoast.com\/wordpress\/plugins\/seo\/ -->\n<title>Purple Wreck Marijuana Strain for Sale - Buy Purple Wreck Online<\/title>\n<meta name=\"description\" content=\"If you want to buy purple wreck marijuana strain online and looking for a reliable online store, then buy here. We offer only high-quality wreck marijuana strain for sale at an affordable price. Order Now!\" \/>\n<meta name=\"robots\" content=\"index, follow, max-snippet:-1, max-image-preview:large, max-video-preview:-1\" \/>\n<link rel=\"canonical\" href=\"https:\/\/legitgrams.com\/hu\/termek\/purple-wreck-marihuana-torzs\/\" \/>\n<meta property=\"og:locale\" content=\"hu_HU\" \/>\n<meta property=\"og:type\" content=\"article\" \/>\n<meta property=\"og:title\" content=\"Purple Wreck Marijuana Strain for Sale - Buy Purple Wreck Online\" \/>\n<meta property=\"og:description\" content=\"If you want to buy purple wreck marijuana strain online and looking for a reliable online store, then buy here. We offer only high-quality wreck marijuana strain for sale at an affordable price. Order Now!\" \/>\n<meta property=\"og:url\" content=\"https:\/\/legitgrams.com\/hu\/termek\/purple-wreck-marihuana-torzs\/\" \/>\n<meta property=\"og:site_name\" content=\"Legit Grams\" \/>\n<meta property=\"article:modified_time\" content=\"2025-12-18T23:15:34+00:00\" \/>\n<meta property=\"og:image\" content=\"https:\/\/legitgrams.com\/wp-content\/uploads\/2024\/09\/Buy-Purple-Wreck-Marijuana-Strain-Online.jpg\" \/>\n\t<meta property=\"og:image:width\" content=\"600\" \/>\n\t<meta property=\"og:image:height\" content=\"600\" \/>\n\t<meta property=\"og:image:type\" content=\"image\/jpeg\" \/>\n<meta name=\"twitter:card\" content=\"summary_large_image\" \/>\n<meta name=\"twitter:label1\" content=\"Becs\u00fclt olvas\u00e1si id\u0151\" \/>\n\t<meta name=\"twitter:data1\" content=\"1 perc\" \/>\n<script type=\"application\/ld+json\" class=\"yoast-schema-graph\">{\"@context\":\"https:\/\/schema.org\",\"@graph\":[{\"@type\":\"WebPage\",\"@id\":\"https:\/\/legitgrams.com\/product\/purple-wreck-marijuana-strain\/\",\"url\":\"https:\/\/legitgrams.com\/product\/purple-wreck-marijuana-strain\/\",\"name\":\"Purple Wreck Marijuana Strain for Sale - Buy Purple Wreck Online\",\"isPartOf\":{\"@id\":\"https:\/\/legitgrams.com\/#website\"},\"primaryImageOfPage\":{\"@id\":\"https:\/\/legitgrams.com\/product\/purple-wreck-marijuana-strain\/#primaryimage\"},\"image\":{\"@id\":\"https:\/\/legitgrams.com\/product\/purple-wreck-marijuana-strain\/#primaryimage\"},\"thumbnailUrl\":\"https:\/\/legitgrams.com\/wp-content\/uploads\/2024\/09\/Buy-Purple-Wreck-Marijuana-Strain-Online.jpg\",\"datePublished\":\"2024-09-20T05:13:17+00:00\",\"dateModified\":\"2025-12-18T23:15:34+00:00\",\"description\":\"If you want to buy purple wreck marijuana strain online and looking for a reliable online store, then buy here. We offer only high-quality wreck marijuana strain for sale at an affordable price. Order Now!\",\"breadcrumb\":{\"@id\":\"https:\/\/legitgrams.com\/product\/purple-wreck-marijuana-strain\/#breadcrumb\"},\"inLanguage\":\"hu\",\"potentialAction\":[{\"@type\":\"ReadAction\",\"target\":[\"https:\/\/legitgrams.com\/product\/purple-wreck-marijuana-strain\/\"]}]},{\"@type\":\"ImageObject\",\"inLanguage\":\"hu\",\"@id\":\"https:\/\/legitgrams.com\/product\/purple-wreck-marijuana-strain\/#primaryimage\",\"url\":\"https:\/\/legitgrams.com\/wp-content\/uploads\/2024\/09\/Buy-Purple-Wreck-Marijuana-Strain-Online.jpg\",\"contentUrl\":\"https:\/\/legitgrams.com\/wp-content\/uploads\/2024\/09\/Buy-Purple-Wreck-Marijuana-Strain-Online.jpg\",\"width\":600,\"height\":600,\"caption\":\"Purple Wreck Marijuana Strain for Sale\"},{\"@type\":\"BreadcrumbList\",\"@id\":\"https:\/\/legitgrams.com\/product\/purple-wreck-marijuana-strain\/#breadcrumb\",\"itemListElement\":[{\"@type\":\"ListItem\",\"position\":1,\"name\":\"Home\",\"item\":\"https:\/\/legitgrams.com\/\"},{\"@type\":\"ListItem\",\"position\":2,\"name\":\"Shop\",\"item\":\"https:\/\/legitgrams.com\/shop\/\"},{\"@type\":\"ListItem\",\"position\":3,\"name\":\"Purple Wreck Marijuana Strain\"}]},{\"@type\":\"WebSite\",\"@id\":\"https:\/\/legitgrams.com\/#website\",\"url\":\"https:\/\/legitgrams.com\/\",\"name\":\"Legit Grams\",\"description\":\"My WordPress Blog\",\"publisher\":{\"@id\":\"https:\/\/legitgrams.com\/#organization\"},\"potentialAction\":[{\"@type\":\"SearchAction\",\"target\":{\"@type\":\"EntryPoint\",\"urlTemplate\":\"https:\/\/legitgrams.com\/?s={search_term_string}\"},\"query-input\":{\"@type\":\"PropertyValueSpecification\",\"valueRequired\":true,\"valueName\":\"search_term_string\"}}],\"inLanguage\":\"hu\"},{\"@type\":\"Organization\",\"@id\":\"https:\/\/legitgrams.com\/#organization\",\"name\":\"Legit Grams\",\"url\":\"https:\/\/legitgrams.com\/\",\"logo\":{\"@type\":\"ImageObject\",\"inLanguage\":\"hu\",\"@id\":\"https:\/\/legitgrams.com\/#\/schema\/logo\/image\/\",\"url\":\"https:\/\/legitgrams.com\/wp-content\/uploads\/2024\/09\/main-logo.png\",\"contentUrl\":\"https:\/\/legitgrams.com\/wp-content\/uploads\/2024\/09\/main-logo.png\",\"width\":270,\"height\":75,\"caption\":\"Legit Grams\"},\"image\":{\"@id\":\"https:\/\/legitgrams.com\/#\/schema\/logo\/image\/\"}}]}<\/script>\n<!-- \/ Yoast SEO plugin. -->","yoast_head_json":{"title":"Purple Wreck marihu\u00e1na t\u00f6rzs elad\u00f3 - V\u00e1s\u00e1roljon Purple Wreck Online","description":"Ha lila roncs marihu\u00e1na t\u00f6rzset szeretne v\u00e1s\u00e1rolni online \u00e9s megb\u00edzhat\u00f3 online \u00e1ruh\u00e1zat keres, akkor v\u00e1s\u00e1roljon itt. Csak kiv\u00e1l\u00f3 min\u0151s\u00e9g\u0171 roncs marihu\u00e1na t\u00f6rzset k\u00edn\u00e1lunk elad\u00e1sra megfizethet\u0151 \u00e1ron. Rendeljen most!","robots":{"index":"index","follow":"follow","max-snippet":"max-snippet:-1","max-image-preview":"max-image-preview:large","max-video-preview":"max-video-preview:-1"},"canonical":"https:\/\/legitgrams.com\/hu\/termek\/purple-wreck-marihuana-torzs\/","og_locale":"hu_HU","og_type":"article","og_title":"Purple Wreck Marijuana Strain for Sale - Buy Purple Wreck Online","og_description":"If you want to buy purple wreck marijuana strain online and looking for a reliable online store, then buy here. We offer only high-quality wreck marijuana strain for sale at an affordable price. Order Now!","og_url":"https:\/\/legitgrams.com\/hu\/termek\/purple-wreck-marihuana-torzs\/","og_site_name":"Legit Grams","article_modified_time":"2025-12-18T23:15:34+00:00","og_image":[{"width":600,"height":600,"url":"https:\/\/legitgrams.com\/wp-content\/uploads\/2024\/09\/Buy-Purple-Wreck-Marijuana-Strain-Online.jpg","type":"image\/jpeg"}],"twitter_card":"summary_large_image","twitter_misc":{"Becs\u00fclt olvas\u00e1si id\u0151":"1 perc"},"schema":{"@context":"https:\/\/schema.org","@graph":[{"@type":"WebPage","@id":"https:\/\/legitgrams.com\/product\/purple-wreck-marijuana-strain\/","url":"https:\/\/legitgrams.com\/product\/purple-wreck-marijuana-strain\/","name":"Purple Wreck marihu\u00e1na t\u00f6rzs elad\u00f3 - V\u00e1s\u00e1roljon Purple Wreck Online","isPartOf":{"@id":"https:\/\/legitgrams.com\/#website"},"primaryImageOfPage":{"@id":"https:\/\/legitgrams.com\/product\/purple-wreck-marijuana-strain\/#primaryimage"},"image":{"@id":"https:\/\/legitgrams.com\/product\/purple-wreck-marijuana-strain\/#primaryimage"},"thumbnailUrl":"https:\/\/legitgrams.com\/wp-content\/uploads\/2024\/09\/Buy-Purple-Wreck-Marijuana-Strain-Online.jpg","datePublished":"2024-09-20T05:13:17+00:00","dateModified":"2025-12-18T23:15:34+00:00","description":"Ha lila roncs marihu\u00e1na t\u00f6rzset szeretne v\u00e1s\u00e1rolni online \u00e9s megb\u00edzhat\u00f3 online \u00e1ruh\u00e1zat keres, akkor v\u00e1s\u00e1roljon itt. Csak kiv\u00e1l\u00f3 min\u0151s\u00e9g\u0171 roncs marihu\u00e1na t\u00f6rzset k\u00edn\u00e1lunk elad\u00e1sra megfizethet\u0151 \u00e1ron. Rendeljen most!","breadcrumb":{"@id":"https:\/\/legitgrams.com\/product\/purple-wreck-marijuana-strain\/#breadcrumb"},"inLanguage":"hu","potentialAction":[{"@type":"ReadAction","target":["https:\/\/legitgrams.com\/product\/purple-wreck-marijuana-strain\/"]}]},{"@type":"ImageObject","inLanguage":"hu","@id":"https:\/\/legitgrams.com\/product\/purple-wreck-marijuana-strain\/#primaryimage","url":"https:\/\/legitgrams.com\/wp-content\/uploads\/2024\/09\/Buy-Purple-Wreck-Marijuana-Strain-Online.jpg","contentUrl":"https:\/\/legitgrams.com\/wp-content\/uploads\/2024\/09\/Buy-Purple-Wreck-Marijuana-Strain-Online.jpg","width":600,"height":600,"caption":"Purple Wreck Marijuana Strain for Sale"},{"@type":"BreadcrumbList","@id":"https:\/\/legitgrams.com\/product\/purple-wreck-marijuana-strain\/#breadcrumb","itemListElement":[{"@type":"ListItem","position":1,"name":"Home","item":"https:\/\/legitgrams.com\/"},{"@type":"ListItem","position":2,"name":"Shop","item":"https:\/\/legitgrams.com\/shop\/"},{"@type":"ListItem","position":3,"name":"Purple Wreck Marijuana Strain"}]},{"@type":"WebSite","@id":"https:\/\/legitgrams.com\/#website","url":"https:\/\/legitgrams.com\/","name":"Legit Grams","description":"Az \u00e9n WordPress blogom","publisher":{"@id":"https:\/\/legitgrams.com\/#organization"},"potentialAction":[{"@type":"SearchAction","target":{"@type":"EntryPoint","urlTemplate":"https:\/\/legitgrams.com\/?s={search_term_string}"},"query-input":{"@type":"PropertyValueSpecification","valueRequired":true,"valueName":"search_term_string"}}],"inLanguage":"hu"},{"@type":"Organization","@id":"https:\/\/legitgrams.com\/#organization","name":"Legit Grams","url":"https:\/\/legitgrams.com\/","logo":{"@type":"ImageObject","inLanguage":"hu","@id":"https:\/\/legitgrams.com\/#\/schema\/logo\/image\/","url":"https:\/\/legitgrams.com\/wp-content\/uploads\/2024\/09\/main-logo.png","contentUrl":"https:\/\/legitgrams.com\/wp-content\/uploads\/2024\/09\/main-logo.png","width":270,"height":75,"caption":"Legit Grams"},"image":{"@id":"https:\/\/legitgrams.com\/#\/schema\/logo\/image\/"}}]}},"uagb_featured_image_src":{"full":["https:\/\/legitgrams.com\/wp-content\/uploads\/2024\/09\/Buy-Purple-Wreck-Marijuana-Strain-Online.jpg",600,600,false],"thumbnail":["https:\/\/legitgrams.com\/wp-content\/uploads\/2024\/09\/Buy-Purple-Wreck-Marijuana-Strain-Online-150x150.jpg",150,150,true],"medium":["https:\/\/legitgrams.com\/wp-content\/uploads\/2024\/09\/Buy-Purple-Wreck-Marijuana-Strain-Online-300x300.jpg",300,300,true],"medium_large":["https:\/\/legitgrams.com\/wp-content\/uploads\/2024\/09\/Buy-Purple-Wreck-Marijuana-Strain-Online.jpg",600,600,false],"large":["https:\/\/legitgrams.com\/wp-content\/uploads\/2024\/09\/Buy-Purple-Wreck-Marijuana-Strain-Online.jpg",600,600,false],"1536x1536":["https:\/\/legitgrams.com\/wp-content\/uploads\/2024\/09\/Buy-Purple-Wreck-Marijuana-Strain-Online.jpg",600,600,false],"2048x2048":["https:\/\/legitgrams.com\/wp-content\/uploads\/2024\/09\/Buy-Purple-Wreck-Marijuana-Strain-Online.jpg",600,600,false],"trp-custom-language-flag":["https:\/\/legitgrams.com\/wp-content\/uploads\/2024\/09\/Buy-Purple-Wreck-Marijuana-Strain-Online-12x12.jpg",12,12,true],"woocommerce_thumbnail":["https:\/\/legitgrams.com\/wp-content\/uploads\/2024\/09\/Buy-Purple-Wreck-Marijuana-Strain-Online-300x300.jpg",300,300,true],"woocommerce_single":["https:\/\/legitgrams.com\/wp-content\/uploads\/2024\/09\/Buy-Purple-Wreck-Marijuana-Strain-Online.jpg",600,600,false],"woocommerce_gallery_thumbnail":["https:\/\/legitgrams.com\/wp-content\/uploads\/2024\/09\/Buy-Purple-Wreck-Marijuana-Strain-Online-100x100.jpg",100,100,true]},"uagb_author_info":{"display_name":"cokeblog18","author_link":"https:\/\/legitgrams.com\/hu\/author\/"},"uagb_comment_info":1,"uagb_excerpt":"Purchase Purple Wreck Strain of Cannabis Online The Purple Trainwreck, also called Purple Wreck, was produced by the Humboldt Seed Organization in Northern California by crossing Trainwreck, a Mendocino Purps variety, with Mendocino Purps. LegitGrams The brain tends to experience a very relaxing psychedelic effect when exposed to Purple Trainwreck. The flavor characteristic of this&hellip;","_links":{"self":[{"href":"https:\/\/legitgrams.com\/hu\/wp-json\/wp\/v2\/product\/3799","targetHints":{"allow":["GET"]}}],"collection":[{"href":"https:\/\/legitgrams.com\/hu\/wp-json\/wp\/v2\/product"}],"about":[{"href":"https:\/\/legitgrams.com\/hu\/wp-json\/wp\/v2\/types\/product"}],"replies":[{"embeddable":true,"href":"https:\/\/legitgrams.com\/hu\/wp-json\/wp\/v2\/comments?post=3799"}],"wp:featuredmedia":[{"embeddable":true,"href":"https:\/\/legitgrams.com\/hu\/wp-json\/wp\/v2\/media\/5418"}],"wp:attachment":[{"href":"https:\/\/legitgrams.com\/hu\/wp-json\/wp\/v2\/media?parent=3799"}],"wp:term":[{"taxonomy":"product_brand","embeddable":true,"href":"https:\/\/legitgrams.com\/hu\/wp-json\/wp\/v2\/product_brand?post=3799"},{"taxonomy":"product_cat","embeddable":true,"href":"https:\/\/legitgrams.com\/hu\/wp-json\/wp\/v2\/product_cat?post=3799"},{"taxonomy":"product_tag","embeddable":true,"href":"https:\/\/legitgrams.com\/hu\/wp-json\/wp\/v2\/product_tag?post=3799"}],"curies":[{"name":"wp","href":"https:\/\/api.w.org\/{rel}","templated":true}]}}