{"id":3812,"date":"2024-09-20T05:45:22","date_gmt":"2024-09-20T05:45:22","guid":{"rendered":"https:\/\/legitgrams.com\/?post_type=product&#038;p=3812"},"modified":"2025-01-15T05:43:47","modified_gmt":"2025-01-15T05:43:47","slug":"szuper-savanyu-skunk-marihuana","status":"publish","type":"product","link":"https:\/\/legitgrams.com\/hu\/termek\/szuper-savanyu-skunk-marihuana\/","title":{"rendered":"Super Sour Skunk Marijuana"},"content":{"rendered":"<h2 class=\"product_title entry-title wd-entities-title\"><strong>V\u00e1s\u00e1roljon Super Sour Skunk marihu\u00e1n\u00e1t online<\/strong><\/h2>\n<p><a href=\"https:\/\/legitgrams.com\/hu\/termek\/szuper-savanyu-skunk-marihuana\/\">Super Sour Skunk kannabisz<\/a> a j\u00f3l ismert keleti parti Sour Diesel \u00e9s Super Skunk fajt\u00e1k hibridje. Sok vita folyt az indica \u00e9s a sativa pontos ar\u00e1ny\u00e1r\u00f3l. K\u00f6ztudott, hogy a Super Sour Skunks gyakran a spektrum 10% \u00e9s 15% k\u00f6z\u00f6tti THC-koncentr\u00e1ci\u00f3val rendelkezik.<\/p>\n<p>N\u00e9ha ezeket a gyomokat nagyobbnak nevezik. A zit legismertebb jellemz\u0151je az arom\u00e1ja, amelyet a k\u00e9t sz\u00fcl\u0151illat ide\u00e1lis kever\u00e9k\u00e9nek tartanak: egy f\u00f6ldes skunk-illat kombin\u00e1lva egy er\u0151s Diesel citrom illattal, amely a zit elsz\u00edv\u00e1sakor sz\u00e1ll. Az \u00edze kiss\u00e9 furcsa, szinte sz\u00far\u00f3s f\u00f6ldes citromarom\u00e1val \u00e9s egy skunk d\u00edzelre eml\u00e9keztet\u0151 ut\u00f3\u00edzzel, ami seg\u00edt enyh\u00edteni a citromos csom\u00f3t az elej\u00e9n. S\u0171r\u0171 csom\u00f3k \u00e9s darabok, mint az olajz\u00f6ld popcorn, sz\u0151r\u00f6kkel \u00e9s m\u00e9lylila felhangokkal bor\u00edtj\u00e1k ezeket a r\u00fcgyeket, egy v\u00e9kony r\u00e9teg krist\u00e1lyos feh\u00e9r trichom\u00e1val \u00e9s ragacsos, finom gyant\u00e1val egy\u00fctt. A sz\u00fcl\u0151i t\u00f6rzs ide\u00e1lis kombin\u00e1ci\u00f3ja, a Super Sour Skunk High r\u00f6vid ideig tart\u00f3 euf\u00f3rikus hat\u00e1st eredm\u00e9nyez, amelyet j\u00f3l m\u00e9rs\u00e9kel a teljes testi \u00e9s szellemi ellazul\u00e1s. <a href=\"https:\/\/legitgrams.com\/hu\/\">LegitGrams<\/a><\/p>\n<p>V\u00e1s\u00e1rl\u00e1s <a href=\"https:\/\/en.wikipedia.org\/wiki\/Skunk_weed\">Super Sour Skunk Marijuana<\/a> online - v\u00e1s\u00e1rl\u00e1s Skunk Marijuana, v\u00e1s\u00e1rl\u00e1s Super Sour Skunk Marijuana, v\u00e1s\u00e1rl\u00e1s Super Sour Skunk Marijuana online, Hol lehet v\u00e1s\u00e1rolni Super Sour Skunk Marijuana, Super Sour Skunk Marijuana elad\u00f3, Sour Skunk Marijuana elad\u00f3, v\u00e1s\u00e1rl\u00e1s Super Sour Skunk Marijuana online, besz\u00e1ll\u00edt\u00f3k, biztons\u00e1gos sz\u00e1ll\u00edt\u00e1s, Super Sour Skunk Marijuana m\u00e9g mindig el\u00e9rhet\u0151. Megtudhatja, hogy leg\u00e1lis-e Kanad\u00e1ban, hol szerezheti be, hogyan rendelheti meg, \u00e9s hogy leg\u00e1lis-e az Egyes\u00fclt \u00c1llamokban.<\/p>","protected":false},"excerpt":{"rendered":"<p>Purchase Super Sour Skunk Marijuana online Super Sour Skunk cannabis is a hybrid of the well-known East Coast Sour Diesel and Super Skunk strains. There has been much discussion on the precise ratio of indica to sativa. It is well known that Super Sour Skunks often have THC concentrations between 10% and 15% of the &hellip;<\/p>\n<p class=\"read-more\"> <a class=\"\" href=\"https:\/\/legitgrams.com\/hu\/termek\/szuper-savanyu-skunk-marihuana\/\"> <span class=\"screen-reader-text\">Super Sour Skunk Marijuana<\/span> Olvass tov\u00e1bb \"<\/a><\/p>","protected":false},"featured_media":5427,"comment_status":"open","ping_status":"closed","template":"","meta":{"_uag_custom_page_level_css":"","site-sidebar-layout":"default","site-content-layout":"default","ast-global-header-display":"","ast-main-header-display":"","ast-hfb-above-header-display":"","ast-hfb-below-header-display":"","ast-hfb-mobile-header-display":"","site-post-title":"","ast-breadcrumbs-content":"","ast-featured-img":"","footer-sml-layout":"","theme-transparent-header-meta":"default","adv-header-id-meta":"","stick-header-meta":"default","header-above-stick-meta":"","header-main-stick-meta":"","header-below-stick-meta":"","_joinchat":[]},"product_brand":[],"product_cat":[607],"product_tag":[5131,5121,617,5113,5128,5125,5120,5118,5130,5127,5112,5115,5123,5114,5124,5126,5116,5133,5134,5132,5129,625,5119,5122,5117],"class_list":{"0":"post-3812","1":"product","2":"type-product","3":"status-publish","4":"has-post-thumbnail","6":"product_cat-marijuana-cannabis","7":"product_tag-best-cheap-price-super-sour-skunk-marijuana","8":"product_tag-best-place-to-buy-super-sour-skunk-marijuana","9":"product_tag-bulk-online","10":"product_tag-buy-super-sour-skunk-marijuana","11":"product_tag-cheap-super-sour-skunk-marijuana","12":"product_tag-high-quality-super-sour-skunk-marijuana","13":"product_tag-how-to-buy-super-sour-skunk-marijuana","14":"product_tag-order-super-sour-skunk-marijuana","15":"product_tag-purcharse-super-sour-skunk-marijuana","16":"product_tag-shop-super-sour-skunk-marijuana","17":"product_tag-super-sour-skunk-marijuana","18":"product_tag-super-sour-skunk-marijuana-for-sale","19":"product_tag-super-sour-skunk-marijuana-legally","20":"product_tag-super-sour-skunk-marijuana-online","21":"product_tag-super-sour-skunk-marijuana-price","22":"product_tag-super-sour-skunk-marijuana-store","23":"product_tag-super-sour-skunk-marijuana-super-sour-skunk-marijuana-supplier","24":"product_tag-super-sour-skunk-marijuana-use","25":"product_tag-super-sour-skunk-marijuana-wiki","26":"product_tag-super-sour-skunk-marijuana-worldwide","27":"product_tag-super-sour-skunk-marijuanas","28":"product_tag-top-quality","29":"product_tag-where-to-buy-super-sour-skunk-marijuana","30":"product_tag-where-to-order-super-sour-skunk-marijuana","31":"product_tag-wholesale-super-sour-skunk-marijuana","32":"desktop-align-left","33":"tablet-align-left","34":"mobile-align-left","35":"ast-product-gallery-layout-horizontal","36":"ast-product-gallery-with-no-image","37":"ast-product-single-variable","38":"ast-product-tabs-layout-horizontal","39":"ast-qv-on-image","41":"first","42":"instock","43":"shipping-taxable","44":"purchasable","45":"product-type-variable"},"yoast_head":"<!-- This site is optimized with the Yoast SEO plugin v25.9 - https:\/\/yoast.com\/wordpress\/plugins\/seo\/ -->\n<title>Super Sour Skunk Marijuana for Sale at affordable price | LG<\/title>\n<meta name=\"description\" content=\"If you want to buy super sour skunk marijuana online and looking for a reliable online shop, then buy here. We offer only high-quality super sour skunk marijuana for sale at an affordable price. Order super sour skunk marijuana Now!\" \/>\n<meta name=\"robots\" content=\"index, follow, max-snippet:-1, max-image-preview:large, max-video-preview:-1\" \/>\n<link rel=\"canonical\" href=\"https:\/\/legitgrams.com\/hu\/termek\/szuper-savanyu-skunk-marihuana\/\" \/>\n<meta property=\"og:locale\" content=\"hu_HU\" \/>\n<meta property=\"og:type\" content=\"article\" \/>\n<meta property=\"og:title\" content=\"Super Sour Skunk Marijuana for Sale at affordable price | LG\" \/>\n<meta property=\"og:description\" content=\"If you want to buy super sour skunk marijuana online and looking for a reliable online shop, then buy here. We offer only high-quality super sour skunk marijuana for sale at an affordable price. Order super sour skunk marijuana Now!\" \/>\n<meta property=\"og:url\" content=\"https:\/\/legitgrams.com\/hu\/termek\/szuper-savanyu-skunk-marihuana\/\" \/>\n<meta property=\"og:site_name\" content=\"Legit Grams\" \/>\n<meta property=\"article:modified_time\" content=\"2025-01-15T05:43:47+00:00\" \/>\n<meta property=\"og:image\" content=\"https:\/\/legitgrams.com\/wp-content\/uploads\/2024\/09\/Buy-Super-Sour-Skunk-Marijuana-online.jpg\" \/>\n\t<meta property=\"og:image:width\" content=\"600\" \/>\n\t<meta property=\"og:image:height\" content=\"600\" \/>\n\t<meta property=\"og:image:type\" content=\"image\/jpeg\" \/>\n<meta name=\"twitter:card\" content=\"summary_large_image\" \/>\n<meta name=\"twitter:label1\" content=\"Becs\u00fclt olvas\u00e1si id\u0151\" \/>\n\t<meta name=\"twitter:data1\" content=\"2 perc\" \/>\n<script type=\"application\/ld+json\" class=\"yoast-schema-graph\">{\"@context\":\"https:\/\/schema.org\",\"@graph\":[{\"@type\":\"WebPage\",\"@id\":\"https:\/\/legitgrams.com\/product\/super-sour-skunk-marijuana\/\",\"url\":\"https:\/\/legitgrams.com\/product\/super-sour-skunk-marijuana\/\",\"name\":\"Super Sour Skunk Marijuana for Sale at affordable price | LG\",\"isPartOf\":{\"@id\":\"https:\/\/legitgrams.com\/#website\"},\"primaryImageOfPage\":{\"@id\":\"https:\/\/legitgrams.com\/product\/super-sour-skunk-marijuana\/#primaryimage\"},\"image\":{\"@id\":\"https:\/\/legitgrams.com\/product\/super-sour-skunk-marijuana\/#primaryimage\"},\"thumbnailUrl\":\"https:\/\/legitgrams.com\/wp-content\/uploads\/2024\/09\/Buy-Super-Sour-Skunk-Marijuana-online.jpg\",\"datePublished\":\"2024-09-20T05:45:22+00:00\",\"dateModified\":\"2025-01-15T05:43:47+00:00\",\"description\":\"If you want to buy super sour skunk marijuana online and looking for a reliable online shop, then buy here. We offer only high-quality super sour skunk marijuana for sale at an affordable price. Order super sour skunk marijuana Now!\",\"breadcrumb\":{\"@id\":\"https:\/\/legitgrams.com\/product\/super-sour-skunk-marijuana\/#breadcrumb\"},\"inLanguage\":\"hu\",\"potentialAction\":[{\"@type\":\"ReadAction\",\"target\":[\"https:\/\/legitgrams.com\/product\/super-sour-skunk-marijuana\/\"]}]},{\"@type\":\"ImageObject\",\"inLanguage\":\"hu\",\"@id\":\"https:\/\/legitgrams.com\/product\/super-sour-skunk-marijuana\/#primaryimage\",\"url\":\"https:\/\/legitgrams.com\/wp-content\/uploads\/2024\/09\/Buy-Super-Sour-Skunk-Marijuana-online.jpg\",\"contentUrl\":\"https:\/\/legitgrams.com\/wp-content\/uploads\/2024\/09\/Buy-Super-Sour-Skunk-Marijuana-online.jpg\",\"width\":600,\"height\":600,\"caption\":\"Super Sour Skunk Marijuana for Sale\"},{\"@type\":\"BreadcrumbList\",\"@id\":\"https:\/\/legitgrams.com\/product\/super-sour-skunk-marijuana\/#breadcrumb\",\"itemListElement\":[{\"@type\":\"ListItem\",\"position\":1,\"name\":\"Home\",\"item\":\"https:\/\/legitgrams.com\/\"},{\"@type\":\"ListItem\",\"position\":2,\"name\":\"Shop\",\"item\":\"https:\/\/legitgrams.com\/shop\/\"},{\"@type\":\"ListItem\",\"position\":3,\"name\":\"Super Sour Skunk Marijuana\"}]},{\"@type\":\"WebSite\",\"@id\":\"https:\/\/legitgrams.com\/#website\",\"url\":\"https:\/\/legitgrams.com\/\",\"name\":\"Legit Grams\",\"description\":\"My WordPress Blog\",\"publisher\":{\"@id\":\"https:\/\/legitgrams.com\/#organization\"},\"potentialAction\":[{\"@type\":\"SearchAction\",\"target\":{\"@type\":\"EntryPoint\",\"urlTemplate\":\"https:\/\/legitgrams.com\/?s={search_term_string}\"},\"query-input\":{\"@type\":\"PropertyValueSpecification\",\"valueRequired\":true,\"valueName\":\"search_term_string\"}}],\"inLanguage\":\"hu\"},{\"@type\":\"Organization\",\"@id\":\"https:\/\/legitgrams.com\/#organization\",\"name\":\"Legit Grams\",\"url\":\"https:\/\/legitgrams.com\/\",\"logo\":{\"@type\":\"ImageObject\",\"inLanguage\":\"hu\",\"@id\":\"https:\/\/legitgrams.com\/#\/schema\/logo\/image\/\",\"url\":\"https:\/\/legitgrams.com\/wp-content\/uploads\/2024\/09\/main-logo.png\",\"contentUrl\":\"https:\/\/legitgrams.com\/wp-content\/uploads\/2024\/09\/main-logo.png\",\"width\":270,\"height\":75,\"caption\":\"Legit Grams\"},\"image\":{\"@id\":\"https:\/\/legitgrams.com\/#\/schema\/logo\/image\/\"}}]}<\/script>\n<!-- \/ Yoast SEO plugin. -->","yoast_head_json":{"title":"Super Sour Skunk Marijuana elad\u00f3 megfizethet\u0151 \u00e1ron | LG","description":"Ha szuper savany\u00fa skunk marihu\u00e1n\u00e1t szeretne v\u00e1s\u00e1rolni online \u00e9s megb\u00edzhat\u00f3 online boltot keres, akkor v\u00e1s\u00e1roljon itt. Kiz\u00e1r\u00f3lag kiv\u00e1l\u00f3 min\u0151s\u00e9g\u0171 szuper savany\u00fa skunk marihu\u00e1n\u00e1t k\u00edn\u00e1lunk elad\u00e1sra megfizethet\u0151 \u00e1ron. Rendeljen szuper savany\u00fa skunk marihu\u00e1n\u00e1t most!","robots":{"index":"index","follow":"follow","max-snippet":"max-snippet:-1","max-image-preview":"max-image-preview:large","max-video-preview":"max-video-preview:-1"},"canonical":"https:\/\/legitgrams.com\/hu\/termek\/szuper-savanyu-skunk-marihuana\/","og_locale":"hu_HU","og_type":"article","og_title":"Super Sour Skunk Marijuana for Sale at affordable price | LG","og_description":"If you want to buy super sour skunk marijuana online and looking for a reliable online shop, then buy here. We offer only high-quality super sour skunk marijuana for sale at an affordable price. Order super sour skunk marijuana Now!","og_url":"https:\/\/legitgrams.com\/hu\/termek\/szuper-savanyu-skunk-marihuana\/","og_site_name":"Legit Grams","article_modified_time":"2025-01-15T05:43:47+00:00","og_image":[{"width":600,"height":600,"url":"https:\/\/legitgrams.com\/wp-content\/uploads\/2024\/09\/Buy-Super-Sour-Skunk-Marijuana-online.jpg","type":"image\/jpeg"}],"twitter_card":"summary_large_image","twitter_misc":{"Becs\u00fclt olvas\u00e1si id\u0151":"2 perc"},"schema":{"@context":"https:\/\/schema.org","@graph":[{"@type":"WebPage","@id":"https:\/\/legitgrams.com\/product\/super-sour-skunk-marijuana\/","url":"https:\/\/legitgrams.com\/product\/super-sour-skunk-marijuana\/","name":"Super Sour Skunk Marijuana elad\u00f3 megfizethet\u0151 \u00e1ron | LG","isPartOf":{"@id":"https:\/\/legitgrams.com\/#website"},"primaryImageOfPage":{"@id":"https:\/\/legitgrams.com\/product\/super-sour-skunk-marijuana\/#primaryimage"},"image":{"@id":"https:\/\/legitgrams.com\/product\/super-sour-skunk-marijuana\/#primaryimage"},"thumbnailUrl":"https:\/\/legitgrams.com\/wp-content\/uploads\/2024\/09\/Buy-Super-Sour-Skunk-Marijuana-online.jpg","datePublished":"2024-09-20T05:45:22+00:00","dateModified":"2025-01-15T05:43:47+00:00","description":"Ha szuper savany\u00fa skunk marihu\u00e1n\u00e1t szeretne v\u00e1s\u00e1rolni online \u00e9s megb\u00edzhat\u00f3 online boltot keres, akkor v\u00e1s\u00e1roljon itt. Kiz\u00e1r\u00f3lag kiv\u00e1l\u00f3 min\u0151s\u00e9g\u0171 szuper savany\u00fa skunk marihu\u00e1n\u00e1t k\u00edn\u00e1lunk elad\u00e1sra megfizethet\u0151 \u00e1ron. Rendeljen szuper savany\u00fa skunk marihu\u00e1n\u00e1t most!","breadcrumb":{"@id":"https:\/\/legitgrams.com\/product\/super-sour-skunk-marijuana\/#breadcrumb"},"inLanguage":"hu","potentialAction":[{"@type":"ReadAction","target":["https:\/\/legitgrams.com\/product\/super-sour-skunk-marijuana\/"]}]},{"@type":"ImageObject","inLanguage":"hu","@id":"https:\/\/legitgrams.com\/product\/super-sour-skunk-marijuana\/#primaryimage","url":"https:\/\/legitgrams.com\/wp-content\/uploads\/2024\/09\/Buy-Super-Sour-Skunk-Marijuana-online.jpg","contentUrl":"https:\/\/legitgrams.com\/wp-content\/uploads\/2024\/09\/Buy-Super-Sour-Skunk-Marijuana-online.jpg","width":600,"height":600,"caption":"Super Sour Skunk Marijuana for Sale"},{"@type":"BreadcrumbList","@id":"https:\/\/legitgrams.com\/product\/super-sour-skunk-marijuana\/#breadcrumb","itemListElement":[{"@type":"ListItem","position":1,"name":"Home","item":"https:\/\/legitgrams.com\/"},{"@type":"ListItem","position":2,"name":"Shop","item":"https:\/\/legitgrams.com\/shop\/"},{"@type":"ListItem","position":3,"name":"Super Sour Skunk Marijuana"}]},{"@type":"WebSite","@id":"https:\/\/legitgrams.com\/#website","url":"https:\/\/legitgrams.com\/","name":"Legit Grams","description":"Az \u00e9n WordPress blogom","publisher":{"@id":"https:\/\/legitgrams.com\/#organization"},"potentialAction":[{"@type":"SearchAction","target":{"@type":"EntryPoint","urlTemplate":"https:\/\/legitgrams.com\/?s={search_term_string}"},"query-input":{"@type":"PropertyValueSpecification","valueRequired":true,"valueName":"search_term_string"}}],"inLanguage":"hu"},{"@type":"Organization","@id":"https:\/\/legitgrams.com\/#organization","name":"Legit Grams","url":"https:\/\/legitgrams.com\/","logo":{"@type":"ImageObject","inLanguage":"hu","@id":"https:\/\/legitgrams.com\/#\/schema\/logo\/image\/","url":"https:\/\/legitgrams.com\/wp-content\/uploads\/2024\/09\/main-logo.png","contentUrl":"https:\/\/legitgrams.com\/wp-content\/uploads\/2024\/09\/main-logo.png","width":270,"height":75,"caption":"Legit Grams"},"image":{"@id":"https:\/\/legitgrams.com\/#\/schema\/logo\/image\/"}}]}},"uagb_featured_image_src":{"full":["https:\/\/legitgrams.com\/wp-content\/uploads\/2024\/09\/Buy-Super-Sour-Skunk-Marijuana-online.jpg",600,600,false],"thumbnail":["https:\/\/legitgrams.com\/wp-content\/uploads\/2024\/09\/Buy-Super-Sour-Skunk-Marijuana-online-150x150.jpg",150,150,true],"medium":["https:\/\/legitgrams.com\/wp-content\/uploads\/2024\/09\/Buy-Super-Sour-Skunk-Marijuana-online-300x300.jpg",300,300,true],"medium_large":["https:\/\/legitgrams.com\/wp-content\/uploads\/2024\/09\/Buy-Super-Sour-Skunk-Marijuana-online.jpg",600,600,false],"large":["https:\/\/legitgrams.com\/wp-content\/uploads\/2024\/09\/Buy-Super-Sour-Skunk-Marijuana-online.jpg",600,600,false],"1536x1536":["https:\/\/legitgrams.com\/wp-content\/uploads\/2024\/09\/Buy-Super-Sour-Skunk-Marijuana-online.jpg",600,600,false],"2048x2048":["https:\/\/legitgrams.com\/wp-content\/uploads\/2024\/09\/Buy-Super-Sour-Skunk-Marijuana-online.jpg",600,600,false],"trp-custom-language-flag":["https:\/\/legitgrams.com\/wp-content\/uploads\/2024\/09\/Buy-Super-Sour-Skunk-Marijuana-online-12x12.jpg",12,12,true],"woocommerce_thumbnail":["https:\/\/legitgrams.com\/wp-content\/uploads\/2024\/09\/Buy-Super-Sour-Skunk-Marijuana-online-300x300.jpg",300,300,true],"woocommerce_single":["https:\/\/legitgrams.com\/wp-content\/uploads\/2024\/09\/Buy-Super-Sour-Skunk-Marijuana-online.jpg",600,600,false],"woocommerce_gallery_thumbnail":["https:\/\/legitgrams.com\/wp-content\/uploads\/2024\/09\/Buy-Super-Sour-Skunk-Marijuana-online-100x100.jpg",100,100,true]},"uagb_author_info":{"display_name":"cokeblog18","author_link":"https:\/\/legitgrams.com\/hu\/author\/"},"uagb_comment_info":0,"uagb_excerpt":"Purchase Super Sour Skunk Marijuana online Super Sour Skunk cannabis is a hybrid of the well-known East Coast Sour Diesel and Super Skunk strains. There has been much discussion on the precise ratio of indica to sativa. It is well known that Super Sour Skunks often have THC concentrations between 10% and 15% of the&hellip;","_links":{"self":[{"href":"https:\/\/legitgrams.com\/hu\/wp-json\/wp\/v2\/product\/3812","targetHints":{"allow":["GET"]}}],"collection":[{"href":"https:\/\/legitgrams.com\/hu\/wp-json\/wp\/v2\/product"}],"about":[{"href":"https:\/\/legitgrams.com\/hu\/wp-json\/wp\/v2\/types\/product"}],"replies":[{"embeddable":true,"href":"https:\/\/legitgrams.com\/hu\/wp-json\/wp\/v2\/comments?post=3812"}],"wp:featuredmedia":[{"embeddable":true,"href":"https:\/\/legitgrams.com\/hu\/wp-json\/wp\/v2\/media\/5427"}],"wp:attachment":[{"href":"https:\/\/legitgrams.com\/hu\/wp-json\/wp\/v2\/media?parent=3812"}],"wp:term":[{"taxonomy":"product_brand","embeddable":true,"href":"https:\/\/legitgrams.com\/hu\/wp-json\/wp\/v2\/product_brand?post=3812"},{"taxonomy":"product_cat","embeddable":true,"href":"https:\/\/legitgrams.com\/hu\/wp-json\/wp\/v2\/product_cat?post=3812"},{"taxonomy":"product_tag","embeddable":true,"href":"https:\/\/legitgrams.com\/hu\/wp-json\/wp\/v2\/product_tag?post=3812"}],"curies":[{"name":"wp","href":"https:\/\/api.w.org\/{rel}","templated":true}]}}