{"id":3813,"date":"2024-09-20T05:49:34","date_gmt":"2024-09-20T05:49:34","guid":{"rendered":"https:\/\/legitgrams.com\/?post_type=product&#038;p=3813"},"modified":"2025-04-05T06:44:51","modified_gmt":"2025-04-05T06:44:51","slug":"cseresznye-gorilla-marihuana","status":"publish","type":"product","link":"https:\/\/legitgrams.com\/hu\/termek\/cseresznye-gorilla-marihuana\/","title":{"rendered":"V\u00e1s\u00e1roljon Cherry Gorilla marihu\u00e1n\u00e1t online"},"content":{"rendered":"<h2>Elad\u00f3: Cherry Gorilla Cannabis<\/h2>\n<p>Lehet kapni <a href=\"https:\/\/legitgrams.com\/hu\/termek\/cseresznye-gorilla-marihuana\/\">Cherry Gorilla kannabisz online.<\/a> Invest in the <a href=\"https:\/\/www.bing.com\/search?q=Buy%20Cherry%20Gorilla%20Marijuana%20Online&amp;qs=n&amp;form=QBRE&amp;sp=-1&amp;lq=0&amp;pq=buy%20cherry%20gorilla%20marijuana%20online&amp;sc=0-35&amp;sk=&amp;cvid=6EA7B198E8CB4B59ADA474B423E4343B&amp;ghsh=0&amp;ghacc=0&amp;ghpl=\">Cannabis t\u00f6rzs Cherry Gorilla<\/a>Fektessen be a Cherry Gorilla kannabisz t\u00f6rzsbe. THC: 17-18% 50% Indica \u00e9s 50% Sativa kombin\u00e1ci\u00f3ban<\/p>\n<p>Hat\u00e1sok:<\/p>\n<p>felemel\u0151, \u00f6r\u00f6mteli, der\u0171s, intellektu\u00e1lis \u00e9s fizikai<\/p>\n<p>Potenci\u00e1lisan cs\u00f6kkenti a depresszi\u00f3t, az \u00e9melyg\u00e9st, a f\u00e1radts\u00e1got, az \u00e1lmatlans\u00e1got \u00e9s a stressz \u00edz\u00e9t<br \/>\nK\u00e1v\u00e9, cseresznye, \u00e9des \u00e9s d\u00edzel<\/p>\n<p>a Cherry online v\u00e1s\u00e1rl\u00e1sa <a href=\"https:\/\/en.wikipedia.org\/wiki\/Gorilla_Glue\">Gorilla Cannabis<\/a> &#8211; online purchase of Cherry Gorilla Cannabis, online purchase of <a href=\"https:\/\/www.google.com\/search?q=Buy+Cherry+Gorilla+Marijuana+Online&amp;num=10&amp;sca_esv=1a2a07081c7891bb&amp;rlz=1C1RXQR_enIN1098IN1098&amp;sxsrf=AHTn8zpILRnPpCoDZd9h62Sb6kNT58DWPw%3A1742186947068&amp;ei=w6nXZ7fsA_zD4-EPtqDAwQ4&amp;ved=0ahUKEwj32fKQqJCMAxX84TgGHTYQMOgQ4dUDCBA&amp;uact=5&amp;oq=Buy+Cherry+Gorilla+Marijuana+Online&amp;gs_lp=Egxnd3Mtd2l6LXNlcnAiI0J1eSBDaGVycnkgR29yaWxsYSBNYXJpanVhbmEgT25saW5lMgUQIRigATIFECEYkgMyBRAhGJIDMgUQIRiSAzIFECEYkgMyBRAhGJIDMgUQIRiSA0jdCFDIBFjIBHADeACQAQCYAcQBoAHEAaoBAzAuMbgBA8gBAPgBAvgBAZgCBKAC3wHCAggQABiwAxjvBcICCxAAGIAEGLADGKIEmAMAiAYBkAYEkgcFMy4wLjGgB6YG&amp;sclient=gws-wiz-serp\">Cherry Gorilla Cannabis<\/a>, Hol lehet kapni cseresznye gorilla kannabiszt? Hol v\u00e1s\u00e1rolhatok gorilla kannabiszt online? Az elad\u00f3 Gorilla kannabisz megtal\u00e1lhat\u00f3 az interneten. V\u00e1s\u00e1roljon Cherry Gorilla Cannabis online besz\u00e1ll\u00edt\u00f3kt\u00f3l, biztons\u00e1gos sz\u00e1ll\u00edt\u00e1ssal az Egyes\u00fclt \u00c1llamokban, Kanad\u00e1ban \u00e9s az Egyes\u00fclt Kir\u00e1lys\u00e1gban. Cannabis M\u00e9g mindig kaphat Cherry Gorill\u00e1t. Kanada enged\u00e9lyezi a cseresznye gorilla marihu\u00e1na haszn\u00e1lat\u00e1t? Honnan tudok kannabiszt v\u00e1s\u00e1rolni? <a href=\"https:\/\/duckduckgo.com\/?q=Buy+Cherry+Gorilla+Marijuana+Online&amp;t=h_&amp;ia=web\">Cherry Gorilla<\/a>? in the United States? How can I order Cherry Gorilla Marijuana? <a href=\"https:\/\/legitgrams.com\/hu\/\">LegitGrams<\/a><\/p>","protected":false},"excerpt":{"rendered":"<p>For Sale: Cherry Gorilla Cannabis You may get Cherry Gorilla cannabis online. Invest in the cannabis strain Cherry Gorilla. THC: 17%\u201318% in a 50% Indica and 50% Sativa combination Impacts: uplifting, joyful, serene, intellectual, and physical Potentially Reduce Depression, Nausea, Fatigue, Insomnia, and Stress Tastes Coffee, Cherry, Sweet, and Diesel online purchase of Cherry Gorilla &hellip;<\/p>\n<p class=\"read-more\"> <a class=\"\" href=\"https:\/\/legitgrams.com\/hu\/termek\/cseresznye-gorilla-marihuana\/\"> <span class=\"screen-reader-text\">V\u00e1s\u00e1roljon Cherry Gorilla marihu\u00e1n\u00e1t online<\/span> Olvass tov\u00e1bb \"<\/a><\/p>","protected":false},"featured_media":5402,"comment_status":"open","ping_status":"closed","template":"","meta":{"_uag_custom_page_level_css":"","site-sidebar-layout":"default","site-content-layout":"default","ast-global-header-display":"","ast-main-header-display":"","ast-hfb-above-header-display":"","ast-hfb-below-header-display":"","ast-hfb-mobile-header-display":"","site-post-title":"","ast-breadcrumbs-content":"","ast-featured-img":"","footer-sml-layout":"","theme-transparent-header-meta":"default","adv-header-id-meta":"","stick-header-meta":"default","header-above-stick-meta":"","header-main-stick-meta":"","header-below-stick-meta":"","_joinchat":[]},"product_brand":[],"product_cat":[607],"product_tag":[5108,5098,617,5090,5105,5089,5093,5092,5100,5091,5101,5103,5110,5111,5109,5106,5102,5097,5095,5107,5104,625,5096,5099,5094],"class_list":{"0":"post-3813","1":"product","2":"type-product","3":"status-publish","4":"has-post-thumbnail","6":"product_cat-marijuana-cannabis","7":"product_tag-best-cheap-price-cherry-gorilla-marijuana","8":"product_tag-best-place-to-buy-cherry-gorilla-marijuana","9":"product_tag-bulk-online","10":"product_tag-buy-cherry-gorilla-marijuana","11":"product_tag-cheap-cherry-gorilla-marijuana","12":"product_tag-cherry-gorilla-marijuana","13":"product_tag-cherry-gorilla-marijuana-cherry-gorilla-marijuana-supplier","14":"product_tag-cherry-gorilla-marijuana-for-sale","15":"product_tag-cherry-gorilla-marijuana-legally","16":"product_tag-cherry-gorilla-marijuana-online","17":"product_tag-cherry-gorilla-marijuana-price","18":"product_tag-cherry-gorilla-marijuana-store","19":"product_tag-cherry-gorilla-marijuana-use","20":"product_tag-cherry-gorilla-marijuana-wiki","21":"product_tag-cherry-gorilla-marijuana-worldwide","22":"product_tag-cherry-gorilla-marijuanas","23":"product_tag-high-quality-cherry-gorilla-marijuana","24":"product_tag-how-to-buy-cherry-gorilla-marijuana","25":"product_tag-order-cherry-gorilla-marijuana","26":"product_tag-purcharse-cherry-gorilla-marijuana","27":"product_tag-shop-cherry-gorilla-marijuana","28":"product_tag-top-quality","29":"product_tag-where-to-buy-cherry-gorilla-marijuana","30":"product_tag-where-to-order-cherry-gorilla-marijuana","31":"product_tag-wholesale-cherry-gorilla-marijuana","32":"desktop-align-left","33":"tablet-align-left","34":"mobile-align-left","35":"ast-product-gallery-layout-horizontal","36":"ast-product-gallery-with-no-image","37":"ast-product-single-variable","38":"ast-product-tabs-layout-horizontal","39":"ast-qv-on-image","41":"first","42":"instock","43":"shipping-taxable","44":"purchasable","45":"product-type-variable"},"yoast_head":"<!-- This site is optimized with the Yoast SEO plugin v25.9 - https:\/\/yoast.com\/wordpress\/plugins\/seo\/ -->\n<title>Cherry Gorilla for Sale - Buy Cherry Gorilla Marijuana Online<\/title>\n<meta name=\"description\" content=\"Where to buy Cherry Gorilla Marijuana online at the best price? Find high-quality Cherry Gorilla Marijuana for sale at our secure online store, catering to your research requirements. Order Now!\" \/>\n<meta name=\"robots\" content=\"index, follow, max-snippet:-1, max-image-preview:large, max-video-preview:-1\" \/>\n<link rel=\"canonical\" href=\"https:\/\/legitgrams.com\/hu\/termek\/cseresznye-gorilla-marihuana\/\" \/>\n<meta property=\"og:locale\" content=\"hu_HU\" \/>\n<meta property=\"og:type\" content=\"article\" \/>\n<meta property=\"og:title\" content=\"Cherry Gorilla for Sale - Buy Cherry Gorilla Marijuana Online\" \/>\n<meta property=\"og:description\" content=\"Where to buy Cherry Gorilla Marijuana online at the best price? Find high-quality Cherry Gorilla Marijuana for sale at our secure online store, catering to your research requirements. Order Now!\" \/>\n<meta property=\"og:url\" content=\"https:\/\/legitgrams.com\/hu\/termek\/cseresznye-gorilla-marihuana\/\" \/>\n<meta property=\"og:site_name\" content=\"Legit Grams\" \/>\n<meta property=\"article:modified_time\" content=\"2025-04-05T06:44:51+00:00\" \/>\n<meta property=\"og:image\" content=\"https:\/\/legitgrams.com\/wp-content\/uploads\/2024\/09\/Order-Buy-Cherry-Gorilla-Marijuana-online.jpg\" \/>\n\t<meta property=\"og:image:width\" content=\"600\" \/>\n\t<meta property=\"og:image:height\" content=\"600\" \/>\n\t<meta property=\"og:image:type\" content=\"image\/jpeg\" \/>\n<meta name=\"twitter:card\" content=\"summary_large_image\" \/>\n<meta name=\"twitter:label1\" content=\"Becs\u00fclt olvas\u00e1si id\u0151\" \/>\n\t<meta name=\"twitter:data1\" content=\"1 perc\" \/>\n<script type=\"application\/ld+json\" class=\"yoast-schema-graph\">{\"@context\":\"https:\/\/schema.org\",\"@graph\":[{\"@type\":\"WebPage\",\"@id\":\"https:\/\/legitgrams.com\/product\/cherry-gorilla-marijuana\/\",\"url\":\"https:\/\/legitgrams.com\/product\/cherry-gorilla-marijuana\/\",\"name\":\"Cherry Gorilla for Sale - Buy Cherry Gorilla Marijuana Online\",\"isPartOf\":{\"@id\":\"https:\/\/legitgrams.com\/#website\"},\"primaryImageOfPage\":{\"@id\":\"https:\/\/legitgrams.com\/product\/cherry-gorilla-marijuana\/#primaryimage\"},\"image\":{\"@id\":\"https:\/\/legitgrams.com\/product\/cherry-gorilla-marijuana\/#primaryimage\"},\"thumbnailUrl\":\"https:\/\/legitgrams.com\/wp-content\/uploads\/2024\/09\/Order-Buy-Cherry-Gorilla-Marijuana-online.jpg\",\"datePublished\":\"2024-09-20T05:49:34+00:00\",\"dateModified\":\"2025-04-05T06:44:51+00:00\",\"description\":\"Where to buy Cherry Gorilla Marijuana online at the best price? Find high-quality Cherry Gorilla Marijuana for sale at our secure online store, catering to your research requirements. Order Now!\",\"breadcrumb\":{\"@id\":\"https:\/\/legitgrams.com\/product\/cherry-gorilla-marijuana\/#breadcrumb\"},\"inLanguage\":\"hu\",\"potentialAction\":[{\"@type\":\"ReadAction\",\"target\":[\"https:\/\/legitgrams.com\/product\/cherry-gorilla-marijuana\/\"]}]},{\"@type\":\"ImageObject\",\"inLanguage\":\"hu\",\"@id\":\"https:\/\/legitgrams.com\/product\/cherry-gorilla-marijuana\/#primaryimage\",\"url\":\"https:\/\/legitgrams.com\/wp-content\/uploads\/2024\/09\/Order-Buy-Cherry-Gorilla-Marijuana-online.jpg\",\"contentUrl\":\"https:\/\/legitgrams.com\/wp-content\/uploads\/2024\/09\/Order-Buy-Cherry-Gorilla-Marijuana-online.jpg\",\"width\":600,\"height\":600,\"caption\":\"Cherry Gorilla Marijuana for Sale\"},{\"@type\":\"BreadcrumbList\",\"@id\":\"https:\/\/legitgrams.com\/product\/cherry-gorilla-marijuana\/#breadcrumb\",\"itemListElement\":[{\"@type\":\"ListItem\",\"position\":1,\"name\":\"Home\",\"item\":\"https:\/\/legitgrams.com\/\"},{\"@type\":\"ListItem\",\"position\":2,\"name\":\"Shop\",\"item\":\"https:\/\/legitgrams.com\/shop\/\"},{\"@type\":\"ListItem\",\"position\":3,\"name\":\"Buy Cherry Gorilla Marijuana Online\"}]},{\"@type\":\"WebSite\",\"@id\":\"https:\/\/legitgrams.com\/#website\",\"url\":\"https:\/\/legitgrams.com\/\",\"name\":\"Legit Grams\",\"description\":\"My WordPress Blog\",\"publisher\":{\"@id\":\"https:\/\/legitgrams.com\/#organization\"},\"potentialAction\":[{\"@type\":\"SearchAction\",\"target\":{\"@type\":\"EntryPoint\",\"urlTemplate\":\"https:\/\/legitgrams.com\/?s={search_term_string}\"},\"query-input\":{\"@type\":\"PropertyValueSpecification\",\"valueRequired\":true,\"valueName\":\"search_term_string\"}}],\"inLanguage\":\"hu\"},{\"@type\":\"Organization\",\"@id\":\"https:\/\/legitgrams.com\/#organization\",\"name\":\"Legit Grams\",\"url\":\"https:\/\/legitgrams.com\/\",\"logo\":{\"@type\":\"ImageObject\",\"inLanguage\":\"hu\",\"@id\":\"https:\/\/legitgrams.com\/#\/schema\/logo\/image\/\",\"url\":\"https:\/\/legitgrams.com\/wp-content\/uploads\/2024\/09\/main-logo.png\",\"contentUrl\":\"https:\/\/legitgrams.com\/wp-content\/uploads\/2024\/09\/main-logo.png\",\"width\":270,\"height\":75,\"caption\":\"Legit Grams\"},\"image\":{\"@id\":\"https:\/\/legitgrams.com\/#\/schema\/logo\/image\/\"}}]}<\/script>\n<!-- \/ Yoast SEO plugin. -->","yoast_head_json":{"title":"Cherry Gorilla elad\u00f3 - Cherry Gorilla Marihu\u00e1na online v\u00e1s\u00e1rl\u00e1sa","description":"Hol v\u00e1s\u00e1rolhatok Cherry Gorilla Marijuana online a legjobb \u00e1ron? Tal\u00e1ljon kiv\u00e1l\u00f3 min\u0151s\u00e9g\u0171 Cherry Gorilla Marijuana elad\u00f3 biztons\u00e1gos online \u00e1ruh\u00e1zunkban, amely kiel\u00e9g\u00edti az \u00d6n kutat\u00e1si ig\u00e9nyeit. Rendeljen most!","robots":{"index":"index","follow":"follow","max-snippet":"max-snippet:-1","max-image-preview":"max-image-preview:large","max-video-preview":"max-video-preview:-1"},"canonical":"https:\/\/legitgrams.com\/hu\/termek\/cseresznye-gorilla-marihuana\/","og_locale":"hu_HU","og_type":"article","og_title":"Cherry Gorilla for Sale - Buy Cherry Gorilla Marijuana Online","og_description":"Where to buy Cherry Gorilla Marijuana online at the best price? Find high-quality Cherry Gorilla Marijuana for sale at our secure online store, catering to your research requirements. Order Now!","og_url":"https:\/\/legitgrams.com\/hu\/termek\/cseresznye-gorilla-marihuana\/","og_site_name":"Legit Grams","article_modified_time":"2025-04-05T06:44:51+00:00","og_image":[{"width":600,"height":600,"url":"https:\/\/legitgrams.com\/wp-content\/uploads\/2024\/09\/Order-Buy-Cherry-Gorilla-Marijuana-online.jpg","type":"image\/jpeg"}],"twitter_card":"summary_large_image","twitter_misc":{"Becs\u00fclt olvas\u00e1si id\u0151":"1 perc"},"schema":{"@context":"https:\/\/schema.org","@graph":[{"@type":"WebPage","@id":"https:\/\/legitgrams.com\/product\/cherry-gorilla-marijuana\/","url":"https:\/\/legitgrams.com\/product\/cherry-gorilla-marijuana\/","name":"Cherry Gorilla elad\u00f3 - Cherry Gorilla Marihu\u00e1na online v\u00e1s\u00e1rl\u00e1sa","isPartOf":{"@id":"https:\/\/legitgrams.com\/#website"},"primaryImageOfPage":{"@id":"https:\/\/legitgrams.com\/product\/cherry-gorilla-marijuana\/#primaryimage"},"image":{"@id":"https:\/\/legitgrams.com\/product\/cherry-gorilla-marijuana\/#primaryimage"},"thumbnailUrl":"https:\/\/legitgrams.com\/wp-content\/uploads\/2024\/09\/Order-Buy-Cherry-Gorilla-Marijuana-online.jpg","datePublished":"2024-09-20T05:49:34+00:00","dateModified":"2025-04-05T06:44:51+00:00","description":"Hol v\u00e1s\u00e1rolhatok Cherry Gorilla Marijuana online a legjobb \u00e1ron? Tal\u00e1ljon kiv\u00e1l\u00f3 min\u0151s\u00e9g\u0171 Cherry Gorilla Marijuana elad\u00f3 biztons\u00e1gos online \u00e1ruh\u00e1zunkban, amely kiel\u00e9g\u00edti az \u00d6n kutat\u00e1si ig\u00e9nyeit. Rendeljen most!","breadcrumb":{"@id":"https:\/\/legitgrams.com\/product\/cherry-gorilla-marijuana\/#breadcrumb"},"inLanguage":"hu","potentialAction":[{"@type":"ReadAction","target":["https:\/\/legitgrams.com\/product\/cherry-gorilla-marijuana\/"]}]},{"@type":"ImageObject","inLanguage":"hu","@id":"https:\/\/legitgrams.com\/product\/cherry-gorilla-marijuana\/#primaryimage","url":"https:\/\/legitgrams.com\/wp-content\/uploads\/2024\/09\/Order-Buy-Cherry-Gorilla-Marijuana-online.jpg","contentUrl":"https:\/\/legitgrams.com\/wp-content\/uploads\/2024\/09\/Order-Buy-Cherry-Gorilla-Marijuana-online.jpg","width":600,"height":600,"caption":"Cherry Gorilla Marijuana for Sale"},{"@type":"BreadcrumbList","@id":"https:\/\/legitgrams.com\/product\/cherry-gorilla-marijuana\/#breadcrumb","itemListElement":[{"@type":"ListItem","position":1,"name":"Home","item":"https:\/\/legitgrams.com\/"},{"@type":"ListItem","position":2,"name":"Shop","item":"https:\/\/legitgrams.com\/shop\/"},{"@type":"ListItem","position":3,"name":"Buy Cherry Gorilla Marijuana Online"}]},{"@type":"WebSite","@id":"https:\/\/legitgrams.com\/#website","url":"https:\/\/legitgrams.com\/","name":"Legit Grams","description":"Az \u00e9n WordPress blogom","publisher":{"@id":"https:\/\/legitgrams.com\/#organization"},"potentialAction":[{"@type":"SearchAction","target":{"@type":"EntryPoint","urlTemplate":"https:\/\/legitgrams.com\/?s={search_term_string}"},"query-input":{"@type":"PropertyValueSpecification","valueRequired":true,"valueName":"search_term_string"}}],"inLanguage":"hu"},{"@type":"Organization","@id":"https:\/\/legitgrams.com\/#organization","name":"Legit Grams","url":"https:\/\/legitgrams.com\/","logo":{"@type":"ImageObject","inLanguage":"hu","@id":"https:\/\/legitgrams.com\/#\/schema\/logo\/image\/","url":"https:\/\/legitgrams.com\/wp-content\/uploads\/2024\/09\/main-logo.png","contentUrl":"https:\/\/legitgrams.com\/wp-content\/uploads\/2024\/09\/main-logo.png","width":270,"height":75,"caption":"Legit Grams"},"image":{"@id":"https:\/\/legitgrams.com\/#\/schema\/logo\/image\/"}}]}},"uagb_featured_image_src":{"full":["https:\/\/legitgrams.com\/wp-content\/uploads\/2024\/09\/Order-Buy-Cherry-Gorilla-Marijuana-online.jpg",600,600,false],"thumbnail":["https:\/\/legitgrams.com\/wp-content\/uploads\/2024\/09\/Order-Buy-Cherry-Gorilla-Marijuana-online-150x150.jpg",150,150,true],"medium":["https:\/\/legitgrams.com\/wp-content\/uploads\/2024\/09\/Order-Buy-Cherry-Gorilla-Marijuana-online-300x300.jpg",300,300,true],"medium_large":["https:\/\/legitgrams.com\/wp-content\/uploads\/2024\/09\/Order-Buy-Cherry-Gorilla-Marijuana-online.jpg",600,600,false],"large":["https:\/\/legitgrams.com\/wp-content\/uploads\/2024\/09\/Order-Buy-Cherry-Gorilla-Marijuana-online.jpg",600,600,false],"1536x1536":["https:\/\/legitgrams.com\/wp-content\/uploads\/2024\/09\/Order-Buy-Cherry-Gorilla-Marijuana-online.jpg",600,600,false],"2048x2048":["https:\/\/legitgrams.com\/wp-content\/uploads\/2024\/09\/Order-Buy-Cherry-Gorilla-Marijuana-online.jpg",600,600,false],"trp-custom-language-flag":["https:\/\/legitgrams.com\/wp-content\/uploads\/2024\/09\/Order-Buy-Cherry-Gorilla-Marijuana-online-12x12.jpg",12,12,true],"woocommerce_thumbnail":["https:\/\/legitgrams.com\/wp-content\/uploads\/2024\/09\/Order-Buy-Cherry-Gorilla-Marijuana-online-300x300.jpg",300,300,true],"woocommerce_single":["https:\/\/legitgrams.com\/wp-content\/uploads\/2024\/09\/Order-Buy-Cherry-Gorilla-Marijuana-online.jpg",600,600,false],"woocommerce_gallery_thumbnail":["https:\/\/legitgrams.com\/wp-content\/uploads\/2024\/09\/Order-Buy-Cherry-Gorilla-Marijuana-online-100x100.jpg",100,100,true]},"uagb_author_info":{"display_name":"cokeblog18","author_link":"https:\/\/legitgrams.com\/hu\/author\/"},"uagb_comment_info":0,"uagb_excerpt":"For Sale: Cherry Gorilla Cannabis You may get Cherry Gorilla cannabis online. Invest in the cannabis strain Cherry Gorilla. THC: 17%\u201318% in a 50% Indica and 50% Sativa combination Impacts: uplifting, joyful, serene, intellectual, and physical Potentially Reduce Depression, Nausea, Fatigue, Insomnia, and Stress Tastes Coffee, Cherry, Sweet, and Diesel online purchase of Cherry Gorilla&hellip;","_links":{"self":[{"href":"https:\/\/legitgrams.com\/hu\/wp-json\/wp\/v2\/product\/3813","targetHints":{"allow":["GET"]}}],"collection":[{"href":"https:\/\/legitgrams.com\/hu\/wp-json\/wp\/v2\/product"}],"about":[{"href":"https:\/\/legitgrams.com\/hu\/wp-json\/wp\/v2\/types\/product"}],"replies":[{"embeddable":true,"href":"https:\/\/legitgrams.com\/hu\/wp-json\/wp\/v2\/comments?post=3813"}],"wp:featuredmedia":[{"embeddable":true,"href":"https:\/\/legitgrams.com\/hu\/wp-json\/wp\/v2\/media\/5402"}],"wp:attachment":[{"href":"https:\/\/legitgrams.com\/hu\/wp-json\/wp\/v2\/media?parent=3813"}],"wp:term":[{"taxonomy":"product_brand","embeddable":true,"href":"https:\/\/legitgrams.com\/hu\/wp-json\/wp\/v2\/product_brand?post=3813"},{"taxonomy":"product_cat","embeddable":true,"href":"https:\/\/legitgrams.com\/hu\/wp-json\/wp\/v2\/product_cat?post=3813"},{"taxonomy":"product_tag","embeddable":true,"href":"https:\/\/legitgrams.com\/hu\/wp-json\/wp\/v2\/product_tag?post=3813"}],"curies":[{"name":"wp","href":"https:\/\/api.w.org\/{rel}","templated":true}]}}